{"id":14810,"date":"2024-10-20T21:42:30","date_gmt":"2024-10-20T21:42:30","guid":{"rendered":"https:\/\/anivet.lt\/elparduotuve\/?post_type=product&#038;p=14810"},"modified":"2026-05-14T09:06:34","modified_gmt":"2026-05-14T09:06:34","slug":"platinum-meatcrisp-visavertis-sausas-maistas-sterilizuotoms-katems-su-vistiena","status":"publish","type":"product","link":"https:\/\/anivet.lt\/elparduotuve\/produktas\/platinum-meatcrisp-visavertis-sausas-maistas-sterilizuotoms-katems-su-vistiena\/","title":{"rendered":"Platinum MeatCrisp visavertis sausas maistas sterilizuotoms kat\u0117ms su vi\u0161tiena"},"content":{"rendered":"<ul>\n<li style=\"font-weight: 400;\" aria-level=\"1\"><span style=\"font-weight: 400;\">Auk\u0161tos kokyb\u0117s sud\u0117tis: 83% \u0161vie\u017eios vi\u0161tienos, be gyvulin\u0117s kilm\u0117s milt\u0173.<\/span><\/li>\n<li style=\"font-weight: 400;\" aria-level=\"1\"><span style=\"font-weight: 400;\">Nat\u016bralumas: Be gr\u016bd\u0173, glitimo, dirbtini\u0173 skonio stiprikli\u0173 ar konservant\u0173.<\/span><\/li>\n<li style=\"font-weight: 400;\" aria-level=\"1\"><span style=\"font-weight: 400;\">Optimalus taurino kiekis: U\u017etikrina sveik\u0105 \u0161ird\u012f ir ger\u0105 reg\u0117jim\u0105.<\/span><\/li>\n<li style=\"font-weight: 400;\" aria-level=\"1\"><span style=\"font-weight: 400;\">Lengvas vir\u0161kinimas: Puikiai tinka net jautri\u0105 vir\u0161kinimo sistem\u0105 turin\u010dioms kat\u0117ms.<\/span><\/li>\n<li style=\"font-weight: 400;\" aria-level=\"1\"><span style=\"font-weight: 400;\">Moderni gamybos technologija: L\u0117tas d\u017eiovinimo procesas i\u0161saugo nat\u016bralias maistines med\u017eiagas ir skon\u012f.<\/span><\/li>\n<\/ul>\n<p><span style=\"font-weight: 400;\">\u0160is pa\u0161aras yra tobulas pasirinkimas tiems, kurie r\u016bpinasi savo kat\u0117s sveikata ir ilgaam\u017ei\u0161kumu. Naudojant \u0161vie\u017ei\u0105 m\u0117s\u0105 kaip pagrindin\u012f ingredient\u0105, u\u017etikrinama auk\u0161\u010diausia biologin\u0117 vert\u0117 ir lengvas \u012fsisavinimas.<\/span><\/p>\n","protected":false},"excerpt":{"rendered":"<p><span style=\"font-weight: 400;\">Auk\u0161\u010diausios kokyb\u0117s sausas pa\u0161aras sterilizuotoms suaugusioms kat\u0117ms, gaminamas naudojant unikali\u0105 \u201eFreshmeatdryer\u201c technologij\u0105. \u0160is metodas leid\u017eia i\u0161saugoti nat\u016bralias m\u0117sos maistines med\u017eiagas ir skon\u012f. Sud\u0117tyje n\u0117ra gr\u016bd\u0173 ir glitimo, tod\u0117l jis lengvai vir\u0161kinamas ir tinka jautresn\u0117ms kat\u0117ms.<\/span><\/p>\n","protected":false},"featured_media":14811,"template":"","meta":[],"product_brand":[],"product_cat":[114,115,102,444],"product_tag":[],"class_list":{"0":"post-14810","1":"product","2":"type-product","3":"status-publish","4":"has-post-thumbnail","6":"product_cat-kaciu-maistas","7":"product_cat-sausas-maistas-ir-skanestai-katems","8":"product_cat-katems","9":"product_cat-platinum-kaciu-maistas","10":"pa_prekinis-zenklas-platinum","12":"first","13":"instock","14":"taxable","15":"shipping-taxable","16":"purchasable","17":"product-type-variable"},"yoast_head":"<!-- This site is optimized with the Yoast SEO Premium plugin v27.1 (Yoast SEO v27.5) - https:\/\/yoast.com\/product\/yoast-seo-premium-wordpress\/ -->\n<title>Platinum MeatCrisp visavertis sausas maistas sterilizuotoms kat\u0117ms su vi\u0161tiena - anivet.lt<\/title>\n<meta name=\"description\" content=\"Auk\u0161\u010diausios kokyb\u0117s sausas pa\u0161aras sterilizuotoms suaugusioms kat\u0117ms, gaminamas naudojant unikali\u0105 \u201eFreshmeatdryer\u201c technologij\u0105. \u0160is metodas leid\u017eia i\u0161saugoti nat\u016bralias m\u0117sos maistines med\u017eiagas ir skon\u012f. Sud\u0117tyje n\u0117ra gr\u016bd\u0173 ir glitimo, tod\u0117l jis lengvai vir\u0161kinamas ir tinka jautresn\u0117ms kat\u0117ms.\" \/>\n<meta name=\"robots\" content=\"index, follow, max-snippet:-1, max-image-preview:large, max-video-preview:-1\" \/>\n<link rel=\"canonical\" href=\"https:\/\/anivet.lt\/elparduotuve\/produktas\/platinum-meatcrisp-visavertis-sausas-maistas-sterilizuotoms-katems-su-vistiena\/\" \/>\n<meta property=\"og:locale\" content=\"lt_LT\" \/>\n<meta property=\"og:type\" content=\"article\" \/>\n<meta property=\"og:title\" content=\"Platinum MeatCrisp visavertis sausas maistas sterilizuotoms kat\u0117ms su vi\u0161tiena\" \/>\n<meta property=\"og:description\" content=\"Auk\u0161\u010diausios kokyb\u0117s sausas pa\u0161aras sterilizuotoms suaugusioms kat\u0117ms, gaminamas naudojant unikali\u0105 \u201eFreshmeatdryer\u201c technologij\u0105. \u0160is metodas leid\u017eia i\u0161saugoti nat\u016bralias m\u0117sos maistines med\u017eiagas ir skon\u012f. Sud\u0117tyje n\u0117ra gr\u016bd\u0173 ir glitimo, tod\u0117l jis lengvai vir\u0161kinamas ir tinka jautresn\u0117ms kat\u0117ms.\" \/>\n<meta property=\"og:url\" content=\"https:\/\/anivet.lt\/elparduotuve\/produktas\/platinum-meatcrisp-visavertis-sausas-maistas-sterilizuotoms-katems-su-vistiena\/\" \/>\n<meta property=\"og:site_name\" content=\"anivet.lt\" \/>\n<meta property=\"article:modified_time\" content=\"2026-05-14T09:06:34+00:00\" \/>\n<meta property=\"og:image\" content=\"https:\/\/anivet.lt\/elparduotuve\/wp-content\/uploads\/2024\/10\/Platinum-MeatCrisp-visavertis-sausas-pasaras-sterilizuotoms-katems-su-vistiena.jpg\" \/>\n\t<meta property=\"og:image:width\" content=\"1100\" \/>\n\t<meta property=\"og:image:height\" content=\"1100\" \/>\n\t<meta property=\"og:image:type\" content=\"image\/jpeg\" \/>\n<meta name=\"twitter:card\" content=\"summary_large_image\" \/>\n<meta name=\"twitter:label1\" content=\"Est. reading time\" \/>\n\t<meta name=\"twitter:data1\" content=\"1 minut\u0117\" \/>\n<script type=\"application\/ld+json\" class=\"yoast-schema-graph\">{\"@context\":\"https:\\\/\\\/schema.org\",\"@graph\":[{\"@type\":\"WebPage\",\"@id\":\"https:\\\/\\\/anivet.lt\\\/elparduotuve\\\/produktas\\\/platinum-meatcrisp-visavertis-sausas-maistas-sterilizuotoms-katems-su-vistiena\\\/\",\"url\":\"https:\\\/\\\/anivet.lt\\\/elparduotuve\\\/produktas\\\/platinum-meatcrisp-visavertis-sausas-maistas-sterilizuotoms-katems-su-vistiena\\\/\",\"name\":\"Platinum MeatCrisp visavertis sausas maistas sterilizuotoms kat\u0117ms su vi\u0161tiena - anivet.lt\",\"isPartOf\":{\"@id\":\"https:\\\/\\\/anivet.lt\\\/elparduotuve\\\/#website\"},\"primaryImageOfPage\":{\"@id\":\"https:\\\/\\\/anivet.lt\\\/elparduotuve\\\/produktas\\\/platinum-meatcrisp-visavertis-sausas-maistas-sterilizuotoms-katems-su-vistiena\\\/#primaryimage\"},\"image\":{\"@id\":\"https:\\\/\\\/anivet.lt\\\/elparduotuve\\\/produktas\\\/platinum-meatcrisp-visavertis-sausas-maistas-sterilizuotoms-katems-su-vistiena\\\/#primaryimage\"},\"thumbnailUrl\":\"https:\\\/\\\/anivet.lt\\\/elparduotuve\\\/wp-content\\\/uploads\\\/2024\\\/10\\\/Platinum-MeatCrisp-visavertis-sausas-pasaras-sterilizuotoms-katems-su-vistiena.jpg\",\"datePublished\":\"2024-10-20T21:42:30+00:00\",\"dateModified\":\"2026-05-14T09:06:34+00:00\",\"description\":\"Auk\u0161\u010diausios kokyb\u0117s sausas pa\u0161aras sterilizuotoms suaugusioms kat\u0117ms, gaminamas naudojant unikali\u0105 \u201eFreshmeatdryer\u201c technologij\u0105. \u0160is metodas leid\u017eia i\u0161saugoti nat\u016bralias m\u0117sos maistines med\u017eiagas ir skon\u012f. Sud\u0117tyje n\u0117ra gr\u016bd\u0173 ir glitimo, tod\u0117l jis lengvai vir\u0161kinamas ir tinka jautresn\u0117ms kat\u0117ms.\",\"breadcrumb\":{\"@id\":\"https:\\\/\\\/anivet.lt\\\/elparduotuve\\\/produktas\\\/platinum-meatcrisp-visavertis-sausas-maistas-sterilizuotoms-katems-su-vistiena\\\/#breadcrumb\"},\"inLanguage\":\"lt-LT\",\"potentialAction\":[{\"@type\":\"ReadAction\",\"target\":[\"https:\\\/\\\/anivet.lt\\\/elparduotuve\\\/produktas\\\/platinum-meatcrisp-visavertis-sausas-maistas-sterilizuotoms-katems-su-vistiena\\\/\"]}]},{\"@type\":\"ImageObject\",\"inLanguage\":\"lt-LT\",\"@id\":\"https:\\\/\\\/anivet.lt\\\/elparduotuve\\\/produktas\\\/platinum-meatcrisp-visavertis-sausas-maistas-sterilizuotoms-katems-su-vistiena\\\/#primaryimage\",\"url\":\"https:\\\/\\\/anivet.lt\\\/elparduotuve\\\/wp-content\\\/uploads\\\/2024\\\/10\\\/Platinum-MeatCrisp-visavertis-sausas-pasaras-sterilizuotoms-katems-su-vistiena.jpg\",\"contentUrl\":\"https:\\\/\\\/anivet.lt\\\/elparduotuve\\\/wp-content\\\/uploads\\\/2024\\\/10\\\/Platinum-MeatCrisp-visavertis-sausas-pasaras-sterilizuotoms-katems-su-vistiena.jpg\",\"width\":1100,\"height\":1100,\"caption\":\"Platinum MeatCrisp visavertis sausas maistas sterilizuotoms kat\u0117ms su vi\u0161tiena\"},{\"@type\":\"BreadcrumbList\",\"@id\":\"https:\\\/\\\/anivet.lt\\\/elparduotuve\\\/produktas\\\/platinum-meatcrisp-visavertis-sausas-maistas-sterilizuotoms-katems-su-vistiena\\\/#breadcrumb\",\"itemListElement\":[{\"@type\":\"ListItem\",\"position\":1,\"name\":\"Home\",\"item\":\"https:\\\/\\\/anivet.lt\\\/elparduotuve\\\/\"},{\"@type\":\"ListItem\",\"position\":2,\"name\":\"Produktai\",\"item\":\"https:\\\/\\\/anivet.lt\\\/elparduotuve\\\/produktai\\\/\"},{\"@type\":\"ListItem\",\"position\":3,\"name\":\"Platinum MeatCrisp visavertis sausas maistas sterilizuotoms kat\u0117ms su vi\u0161tiena\"}]},{\"@type\":\"WebSite\",\"@id\":\"https:\\\/\\\/anivet.lt\\\/elparduotuve\\\/#website\",\"url\":\"https:\\\/\\\/anivet.lt\\\/elparduotuve\\\/\",\"name\":\"anivet.lt\",\"description\":\"Viskas J\u016bs\u0173 \u0161uns, kat\u0117s prie\u017ei\u016brai\",\"publisher\":{\"@id\":\"https:\\\/\\\/anivet.lt\\\/elparduotuve\\\/#organization\"},\"alternateName\":\"Viskas J\u016bs\u0173 \u0161uns, kat\u0117s prie\u017ei\u016brai\",\"potentialAction\":[{\"@type\":\"SearchAction\",\"target\":{\"@type\":\"EntryPoint\",\"urlTemplate\":\"https:\\\/\\\/anivet.lt\\\/elparduotuve\\\/?s={search_term_string}\"},\"query-input\":{\"@type\":\"PropertyValueSpecification\",\"valueRequired\":true,\"valueName\":\"search_term_string\"}}],\"inLanguage\":\"lt-LT\"},{\"@type\":\"Organization\",\"@id\":\"https:\\\/\\\/anivet.lt\\\/elparduotuve\\\/#organization\",\"name\":\"Viskas J\u016bs\u0173 \u0161uns, kat\u0117s prie\u017ei\u016brai\",\"url\":\"https:\\\/\\\/anivet.lt\\\/elparduotuve\\\/\",\"logo\":{\"@type\":\"ImageObject\",\"inLanguage\":\"lt-LT\",\"@id\":\"https:\\\/\\\/anivet.lt\\\/elparduotuve\\\/#\\\/schema\\\/logo\\\/image\\\/\",\"url\":\"https:\\\/\\\/anivet.lt\\\/elparduotuve\\\/wp-content\\\/uploads\\\/2023\\\/06\\\/logo2.jpg\",\"contentUrl\":\"https:\\\/\\\/anivet.lt\\\/elparduotuve\\\/wp-content\\\/uploads\\\/2023\\\/06\\\/logo2.jpg\",\"width\":655,\"height\":194,\"caption\":\"Viskas J\u016bs\u0173 \u0161uns, kat\u0117s prie\u017ei\u016brai\"},\"image\":{\"@id\":\"https:\\\/\\\/anivet.lt\\\/elparduotuve\\\/#\\\/schema\\\/logo\\\/image\\\/\"}}]}<\/script>\n<!-- \/ Yoast SEO Premium plugin. -->","yoast_head_json":{"title":"Platinum MeatCrisp visavertis sausas maistas sterilizuotoms kat\u0117ms su vi\u0161tiena - anivet.lt","description":"Auk\u0161\u010diausios kokyb\u0117s sausas pa\u0161aras sterilizuotoms suaugusioms kat\u0117ms, gaminamas naudojant unikali\u0105 \u201eFreshmeatdryer\u201c technologij\u0105. \u0160is metodas leid\u017eia i\u0161saugoti nat\u016bralias m\u0117sos maistines med\u017eiagas ir skon\u012f. Sud\u0117tyje n\u0117ra gr\u016bd\u0173 ir glitimo, tod\u0117l jis lengvai vir\u0161kinamas ir tinka jautresn\u0117ms kat\u0117ms.","robots":{"index":"index","follow":"follow","max-snippet":"max-snippet:-1","max-image-preview":"max-image-preview:large","max-video-preview":"max-video-preview:-1"},"canonical":"https:\/\/anivet.lt\/elparduotuve\/produktas\/platinum-meatcrisp-visavertis-sausas-maistas-sterilizuotoms-katems-su-vistiena\/","og_locale":"lt_LT","og_type":"article","og_title":"Platinum MeatCrisp visavertis sausas maistas sterilizuotoms kat\u0117ms su vi\u0161tiena","og_description":"Auk\u0161\u010diausios kokyb\u0117s sausas pa\u0161aras sterilizuotoms suaugusioms kat\u0117ms, gaminamas naudojant unikali\u0105 \u201eFreshmeatdryer\u201c technologij\u0105. \u0160is metodas leid\u017eia i\u0161saugoti nat\u016bralias m\u0117sos maistines med\u017eiagas ir skon\u012f. Sud\u0117tyje n\u0117ra gr\u016bd\u0173 ir glitimo, tod\u0117l jis lengvai vir\u0161kinamas ir tinka jautresn\u0117ms kat\u0117ms.","og_url":"https:\/\/anivet.lt\/elparduotuve\/produktas\/platinum-meatcrisp-visavertis-sausas-maistas-sterilizuotoms-katems-su-vistiena\/","og_site_name":"anivet.lt","article_modified_time":"2026-05-14T09:06:34+00:00","og_image":[{"width":1100,"height":1100,"url":"https:\/\/anivet.lt\/elparduotuve\/wp-content\/uploads\/2024\/10\/Platinum-MeatCrisp-visavertis-sausas-pasaras-sterilizuotoms-katems-su-vistiena.jpg","type":"image\/jpeg"}],"twitter_card":"summary_large_image","twitter_misc":{"Est. reading time":"1 minut\u0117"},"schema":{"@context":"https:\/\/schema.org","@graph":[{"@type":"WebPage","@id":"https:\/\/anivet.lt\/elparduotuve\/produktas\/platinum-meatcrisp-visavertis-sausas-maistas-sterilizuotoms-katems-su-vistiena\/","url":"https:\/\/anivet.lt\/elparduotuve\/produktas\/platinum-meatcrisp-visavertis-sausas-maistas-sterilizuotoms-katems-su-vistiena\/","name":"Platinum MeatCrisp visavertis sausas maistas sterilizuotoms kat\u0117ms su vi\u0161tiena - anivet.lt","isPartOf":{"@id":"https:\/\/anivet.lt\/elparduotuve\/#website"},"primaryImageOfPage":{"@id":"https:\/\/anivet.lt\/elparduotuve\/produktas\/platinum-meatcrisp-visavertis-sausas-maistas-sterilizuotoms-katems-su-vistiena\/#primaryimage"},"image":{"@id":"https:\/\/anivet.lt\/elparduotuve\/produktas\/platinum-meatcrisp-visavertis-sausas-maistas-sterilizuotoms-katems-su-vistiena\/#primaryimage"},"thumbnailUrl":"https:\/\/anivet.lt\/elparduotuve\/wp-content\/uploads\/2024\/10\/Platinum-MeatCrisp-visavertis-sausas-pasaras-sterilizuotoms-katems-su-vistiena.jpg","datePublished":"2024-10-20T21:42:30+00:00","dateModified":"2026-05-14T09:06:34+00:00","description":"Auk\u0161\u010diausios kokyb\u0117s sausas pa\u0161aras sterilizuotoms suaugusioms kat\u0117ms, gaminamas naudojant unikali\u0105 \u201eFreshmeatdryer\u201c technologij\u0105. \u0160is metodas leid\u017eia i\u0161saugoti nat\u016bralias m\u0117sos maistines med\u017eiagas ir skon\u012f. Sud\u0117tyje n\u0117ra gr\u016bd\u0173 ir glitimo, tod\u0117l jis lengvai vir\u0161kinamas ir tinka jautresn\u0117ms kat\u0117ms.","breadcrumb":{"@id":"https:\/\/anivet.lt\/elparduotuve\/produktas\/platinum-meatcrisp-visavertis-sausas-maistas-sterilizuotoms-katems-su-vistiena\/#breadcrumb"},"inLanguage":"lt-LT","potentialAction":[{"@type":"ReadAction","target":["https:\/\/anivet.lt\/elparduotuve\/produktas\/platinum-meatcrisp-visavertis-sausas-maistas-sterilizuotoms-katems-su-vistiena\/"]}]},{"@type":"ImageObject","inLanguage":"lt-LT","@id":"https:\/\/anivet.lt\/elparduotuve\/produktas\/platinum-meatcrisp-visavertis-sausas-maistas-sterilizuotoms-katems-su-vistiena\/#primaryimage","url":"https:\/\/anivet.lt\/elparduotuve\/wp-content\/uploads\/2024\/10\/Platinum-MeatCrisp-visavertis-sausas-pasaras-sterilizuotoms-katems-su-vistiena.jpg","contentUrl":"https:\/\/anivet.lt\/elparduotuve\/wp-content\/uploads\/2024\/10\/Platinum-MeatCrisp-visavertis-sausas-pasaras-sterilizuotoms-katems-su-vistiena.jpg","width":1100,"height":1100,"caption":"Platinum MeatCrisp visavertis sausas maistas sterilizuotoms kat\u0117ms su vi\u0161tiena"},{"@type":"BreadcrumbList","@id":"https:\/\/anivet.lt\/elparduotuve\/produktas\/platinum-meatcrisp-visavertis-sausas-maistas-sterilizuotoms-katems-su-vistiena\/#breadcrumb","itemListElement":[{"@type":"ListItem","position":1,"name":"Home","item":"https:\/\/anivet.lt\/elparduotuve\/"},{"@type":"ListItem","position":2,"name":"Produktai","item":"https:\/\/anivet.lt\/elparduotuve\/produktai\/"},{"@type":"ListItem","position":3,"name":"Platinum MeatCrisp visavertis sausas maistas sterilizuotoms kat\u0117ms su vi\u0161tiena"}]},{"@type":"WebSite","@id":"https:\/\/anivet.lt\/elparduotuve\/#website","url":"https:\/\/anivet.lt\/elparduotuve\/","name":"anivet.lt","description":"Viskas J\u016bs\u0173 \u0161uns, kat\u0117s prie\u017ei\u016brai","publisher":{"@id":"https:\/\/anivet.lt\/elparduotuve\/#organization"},"alternateName":"Viskas J\u016bs\u0173 \u0161uns, kat\u0117s prie\u017ei\u016brai","potentialAction":[{"@type":"SearchAction","target":{"@type":"EntryPoint","urlTemplate":"https:\/\/anivet.lt\/elparduotuve\/?s={search_term_string}"},"query-input":{"@type":"PropertyValueSpecification","valueRequired":true,"valueName":"search_term_string"}}],"inLanguage":"lt-LT"},{"@type":"Organization","@id":"https:\/\/anivet.lt\/elparduotuve\/#organization","name":"Viskas J\u016bs\u0173 \u0161uns, kat\u0117s prie\u017ei\u016brai","url":"https:\/\/anivet.lt\/elparduotuve\/","logo":{"@type":"ImageObject","inLanguage":"lt-LT","@id":"https:\/\/anivet.lt\/elparduotuve\/#\/schema\/logo\/image\/","url":"https:\/\/anivet.lt\/elparduotuve\/wp-content\/uploads\/2023\/06\/logo2.jpg","contentUrl":"https:\/\/anivet.lt\/elparduotuve\/wp-content\/uploads\/2023\/06\/logo2.jpg","width":655,"height":194,"caption":"Viskas J\u016bs\u0173 \u0161uns, kat\u0117s prie\u017ei\u016brai"},"image":{"@id":"https:\/\/anivet.lt\/elparduotuve\/#\/schema\/logo\/image\/"}}]}},"_links":{"self":[{"href":"https:\/\/anivet.lt\/elparduotuve\/wp-json\/wp\/v2\/product\/14810","targetHints":{"allow":["GET"]}}],"collection":[{"href":"https:\/\/anivet.lt\/elparduotuve\/wp-json\/wp\/v2\/product"}],"about":[{"href":"https:\/\/anivet.lt\/elparduotuve\/wp-json\/wp\/v2\/types\/product"}],"wp:featuredmedia":[{"embeddable":true,"href":"https:\/\/anivet.lt\/elparduotuve\/wp-json\/wp\/v2\/media\/14811"}],"wp:attachment":[{"href":"https:\/\/anivet.lt\/elparduotuve\/wp-json\/wp\/v2\/media?parent=14810"}],"wp:term":[{"taxonomy":"product_brand","embeddable":true,"href":"https:\/\/anivet.lt\/elparduotuve\/wp-json\/wp\/v2\/product_brand?post=14810"},{"taxonomy":"product_cat","embeddable":true,"href":"https:\/\/anivet.lt\/elparduotuve\/wp-json\/wp\/v2\/product_cat?post=14810"},{"taxonomy":"product_tag","embeddable":true,"href":"https:\/\/anivet.lt\/elparduotuve\/wp-json\/wp\/v2\/product_tag?post=14810"}],"curies":[{"name":"wp","href":"https:\/\/api.w.org\/{rel}","templated":true}]}}