{"id":14905,"date":"2024-11-01T21:38:01","date_gmt":"2024-11-01T21:38:01","guid":{"rendered":"https:\/\/anivet.lt\/elparduotuve\/?post_type=product&#038;p=14905"},"modified":"2025-06-26T12:19:37","modified_gmt":"2025-06-26T12:19:37","slug":"solo-cervo-konservai-elniena","status":"publish","type":"product","link":"https:\/\/anivet.lt\/elparduotuve\/produktas\/solo-cervo-konservai-elniena\/","title":{"rendered":"Solo Cervo konservai (Elniena)"},"content":{"rendered":"<ul>\n<li style=\"font-weight: 400;\" aria-level=\"1\"><span style=\"font-weight: 400;\">Vienas baltym\u0173 \u0161altinis: 100% elniena, puikiai tinkanti jautriems augintiniams.<\/span><\/li>\n<li style=\"font-weight: 400;\" aria-level=\"1\"><span style=\"font-weight: 400;\">Lengvai vir\u0161kinamas: Skirtas gyv\u016bnams su maisto netoleravimo problemomis ar alergijomis.<\/span><\/li>\n<li style=\"font-weight: 400;\" aria-level=\"1\"><span style=\"font-weight: 400;\">Nat\u016brali sud\u0117tis: Be dirbtini\u0173 pried\u0173, da\u017eikli\u0173 ir konservant\u0173.<\/span><\/li>\n<li style=\"font-weight: 400;\" aria-level=\"1\"><span style=\"font-weight: 400;\">Auk\u0161tas dr\u0117gm\u0117s kiekis: 83.2% dr\u0117gm\u0117s padeda palaikyti tinkam\u0105 skys\u010di\u0173 balans\u0105.<\/span><\/li>\n<li style=\"font-weight: 400;\" aria-level=\"1\"><span style=\"font-weight: 400;\">Ma\u017eai riebal\u0173: Tinka augintiniams, kuriems reikalinga ma\u017eesnio riebumo dieta.<\/span><\/li>\n<\/ul>\n<p><span style=\"font-weight: 400;\">Tinkamas pasirinkimas tiek kat\u0117ms, tiek \u0161unims, kuriems b\u016btina speciali dieta. Paprasta, kokybi\u0161ka ir nat\u016brali mityba j\u016bs\u0173 augintinio gerovei.<\/span><\/p>\n","protected":false},"excerpt":{"rendered":"<p><span style=\"font-weight: 400;\">Dietinis konservuotas pa\u0161aras kat\u0117ms ir \u0161unims, pagamintas i\u0161 vienos r\u016b\u0161ies baltym\u0173 \u2013 100% elnienos. Sukurtas siekiant suma\u017einti maisto ir maisto med\u017eiag\u0173 netoleravim\u0105, u\u017etikrinant lengv\u0105 vir\u0161kinim\u0105 ir optimal\u0173 maistini\u0173 med\u017eiag\u0173 \u012fsisavinim\u0105.<\/span><\/p>\n","protected":false},"featured_media":14906,"template":"","meta":[],"product_brand":[],"product_cat":[101,103,114,102,105,116],"product_tag":[],"class_list":{"0":"post-14905","1":"product","2":"type-product","3":"status-publish","4":"has-post-thumbnail","6":"product_cat-sunims","7":"product_cat-sunu-maistas","8":"product_cat-kaciu-maistas","9":"product_cat-katems","10":"product_cat-konservai","11":"product_cat-konservai-katems","12":"pa_prekinis-zenklas-solo","14":"first","15":"instock","16":"taxable","17":"shipping-taxable","18":"purchasable","19":"product-type-variable"},"yoast_head":"<!-- This site is optimized with the Yoast SEO Premium plugin v27.1 (Yoast SEO v27.5) - https:\/\/yoast.com\/product\/yoast-seo-premium-wordpress\/ -->\n<title>Solo Cervo konservai (Elniena) - anivet.lt<\/title>\n<meta name=\"description\" content=\"Dietinis konservuotas pa\u0161aras kat\u0117ms ir \u0161unims, pagamintas i\u0161 vienos r\u016b\u0161ies baltym\u0173 \u2013 100% elnienos. Sukurtas siekiant suma\u017einti maisto ir maisto med\u017eiag\u0173 netoleravim\u0105, u\u017etikrinant lengv\u0105 vir\u0161kinim\u0105 ir optimal\u0173 maistini\u0173 med\u017eiag\u0173 \u012fsisavinim\u0105.\" \/>\n<meta name=\"robots\" content=\"index, follow, max-snippet:-1, max-image-preview:large, max-video-preview:-1\" \/>\n<link rel=\"canonical\" href=\"https:\/\/anivet.lt\/elparduotuve\/produktas\/solo-cervo-konservai-elniena\/\" \/>\n<meta property=\"og:locale\" content=\"lt_LT\" \/>\n<meta property=\"og:type\" content=\"article\" \/>\n<meta property=\"og:title\" content=\"Solo Cervo konservai (Elniena)\" \/>\n<meta property=\"og:description\" content=\"Dietinis konservuotas pa\u0161aras kat\u0117ms ir \u0161unims, pagamintas i\u0161 vienos r\u016b\u0161ies baltym\u0173 \u2013 100% elnienos. Sukurtas siekiant suma\u017einti maisto ir maisto med\u017eiag\u0173 netoleravim\u0105, u\u017etikrinant lengv\u0105 vir\u0161kinim\u0105 ir optimal\u0173 maistini\u0173 med\u017eiag\u0173 \u012fsisavinim\u0105.\" \/>\n<meta property=\"og:url\" content=\"https:\/\/anivet.lt\/elparduotuve\/produktas\/solo-cervo-konservai-elniena\/\" \/>\n<meta property=\"og:site_name\" content=\"anivet.lt\" \/>\n<meta property=\"article:modified_time\" content=\"2025-06-26T12:19:37+00:00\" \/>\n<meta property=\"og:image\" content=\"https:\/\/anivet.lt\/elparduotuve\/wp-content\/uploads\/2024\/11\/solo-cervo-elniena-100g-konservai.png\" \/>\n\t<meta property=\"og:image:width\" content=\"450\" \/>\n\t<meta property=\"og:image:height\" content=\"450\" \/>\n\t<meta property=\"og:image:type\" content=\"image\/png\" \/>\n<meta name=\"twitter:card\" content=\"summary_large_image\" \/>\n<meta name=\"twitter:label1\" content=\"Est. reading time\" \/>\n\t<meta name=\"twitter:data1\" content=\"1 minut\u0117\" \/>\n<script type=\"application\/ld+json\" class=\"yoast-schema-graph\">{\"@context\":\"https:\\\/\\\/schema.org\",\"@graph\":[{\"@type\":\"WebPage\",\"@id\":\"https:\\\/\\\/anivet.lt\\\/elparduotuve\\\/produktas\\\/solo-cervo-konservai-elniena\\\/\",\"url\":\"https:\\\/\\\/anivet.lt\\\/elparduotuve\\\/produktas\\\/solo-cervo-konservai-elniena\\\/\",\"name\":\"Solo Cervo konservai (Elniena) - anivet.lt\",\"isPartOf\":{\"@id\":\"https:\\\/\\\/anivet.lt\\\/elparduotuve\\\/#website\"},\"primaryImageOfPage\":{\"@id\":\"https:\\\/\\\/anivet.lt\\\/elparduotuve\\\/produktas\\\/solo-cervo-konservai-elniena\\\/#primaryimage\"},\"image\":{\"@id\":\"https:\\\/\\\/anivet.lt\\\/elparduotuve\\\/produktas\\\/solo-cervo-konservai-elniena\\\/#primaryimage\"},\"thumbnailUrl\":\"https:\\\/\\\/anivet.lt\\\/elparduotuve\\\/wp-content\\\/uploads\\\/2024\\\/11\\\/solo-cervo-elniena-100g-konservai.png\",\"datePublished\":\"2024-11-01T21:38:01+00:00\",\"dateModified\":\"2025-06-26T12:19:37+00:00\",\"description\":\"Dietinis konservuotas pa\u0161aras kat\u0117ms ir \u0161unims, pagamintas i\u0161 vienos r\u016b\u0161ies baltym\u0173 \u2013 100% elnienos. Sukurtas siekiant suma\u017einti maisto ir maisto med\u017eiag\u0173 netoleravim\u0105, u\u017etikrinant lengv\u0105 vir\u0161kinim\u0105 ir optimal\u0173 maistini\u0173 med\u017eiag\u0173 \u012fsisavinim\u0105.\",\"breadcrumb\":{\"@id\":\"https:\\\/\\\/anivet.lt\\\/elparduotuve\\\/produktas\\\/solo-cervo-konservai-elniena\\\/#breadcrumb\"},\"inLanguage\":\"lt-LT\",\"potentialAction\":[{\"@type\":\"ReadAction\",\"target\":[\"https:\\\/\\\/anivet.lt\\\/elparduotuve\\\/produktas\\\/solo-cervo-konservai-elniena\\\/\"]}]},{\"@type\":\"ImageObject\",\"inLanguage\":\"lt-LT\",\"@id\":\"https:\\\/\\\/anivet.lt\\\/elparduotuve\\\/produktas\\\/solo-cervo-konservai-elniena\\\/#primaryimage\",\"url\":\"https:\\\/\\\/anivet.lt\\\/elparduotuve\\\/wp-content\\\/uploads\\\/2024\\\/11\\\/solo-cervo-elniena-100g-konservai.png\",\"contentUrl\":\"https:\\\/\\\/anivet.lt\\\/elparduotuve\\\/wp-content\\\/uploads\\\/2024\\\/11\\\/solo-cervo-elniena-100g-konservai.png\",\"width\":450,\"height\":450,\"caption\":\"Solo Cervo konservai (Elniena)\"},{\"@type\":\"BreadcrumbList\",\"@id\":\"https:\\\/\\\/anivet.lt\\\/elparduotuve\\\/produktas\\\/solo-cervo-konservai-elniena\\\/#breadcrumb\",\"itemListElement\":[{\"@type\":\"ListItem\",\"position\":1,\"name\":\"Home\",\"item\":\"https:\\\/\\\/anivet.lt\\\/elparduotuve\\\/\"},{\"@type\":\"ListItem\",\"position\":2,\"name\":\"Produktai\",\"item\":\"https:\\\/\\\/anivet.lt\\\/elparduotuve\\\/produktai\\\/\"},{\"@type\":\"ListItem\",\"position\":3,\"name\":\"Solo Cervo konservai (Elniena)\"}]},{\"@type\":\"WebSite\",\"@id\":\"https:\\\/\\\/anivet.lt\\\/elparduotuve\\\/#website\",\"url\":\"https:\\\/\\\/anivet.lt\\\/elparduotuve\\\/\",\"name\":\"anivet.lt\",\"description\":\"Viskas J\u016bs\u0173 \u0161uns, kat\u0117s prie\u017ei\u016brai\",\"publisher\":{\"@id\":\"https:\\\/\\\/anivet.lt\\\/elparduotuve\\\/#organization\"},\"alternateName\":\"Viskas J\u016bs\u0173 \u0161uns, kat\u0117s prie\u017ei\u016brai\",\"potentialAction\":[{\"@type\":\"SearchAction\",\"target\":{\"@type\":\"EntryPoint\",\"urlTemplate\":\"https:\\\/\\\/anivet.lt\\\/elparduotuve\\\/?s={search_term_string}\"},\"query-input\":{\"@type\":\"PropertyValueSpecification\",\"valueRequired\":true,\"valueName\":\"search_term_string\"}}],\"inLanguage\":\"lt-LT\"},{\"@type\":\"Organization\",\"@id\":\"https:\\\/\\\/anivet.lt\\\/elparduotuve\\\/#organization\",\"name\":\"Viskas J\u016bs\u0173 \u0161uns, kat\u0117s prie\u017ei\u016brai\",\"url\":\"https:\\\/\\\/anivet.lt\\\/elparduotuve\\\/\",\"logo\":{\"@type\":\"ImageObject\",\"inLanguage\":\"lt-LT\",\"@id\":\"https:\\\/\\\/anivet.lt\\\/elparduotuve\\\/#\\\/schema\\\/logo\\\/image\\\/\",\"url\":\"https:\\\/\\\/anivet.lt\\\/elparduotuve\\\/wp-content\\\/uploads\\\/2023\\\/06\\\/logo2.jpg\",\"contentUrl\":\"https:\\\/\\\/anivet.lt\\\/elparduotuve\\\/wp-content\\\/uploads\\\/2023\\\/06\\\/logo2.jpg\",\"width\":655,\"height\":194,\"caption\":\"Viskas J\u016bs\u0173 \u0161uns, kat\u0117s prie\u017ei\u016brai\"},\"image\":{\"@id\":\"https:\\\/\\\/anivet.lt\\\/elparduotuve\\\/#\\\/schema\\\/logo\\\/image\\\/\"}}]}<\/script>\n<!-- \/ Yoast SEO Premium plugin. -->","yoast_head_json":{"title":"Solo Cervo konservai (Elniena) - anivet.lt","description":"Dietinis konservuotas pa\u0161aras kat\u0117ms ir \u0161unims, pagamintas i\u0161 vienos r\u016b\u0161ies baltym\u0173 \u2013 100% elnienos. Sukurtas siekiant suma\u017einti maisto ir maisto med\u017eiag\u0173 netoleravim\u0105, u\u017etikrinant lengv\u0105 vir\u0161kinim\u0105 ir optimal\u0173 maistini\u0173 med\u017eiag\u0173 \u012fsisavinim\u0105.","robots":{"index":"index","follow":"follow","max-snippet":"max-snippet:-1","max-image-preview":"max-image-preview:large","max-video-preview":"max-video-preview:-1"},"canonical":"https:\/\/anivet.lt\/elparduotuve\/produktas\/solo-cervo-konservai-elniena\/","og_locale":"lt_LT","og_type":"article","og_title":"Solo Cervo konservai (Elniena)","og_description":"Dietinis konservuotas pa\u0161aras kat\u0117ms ir \u0161unims, pagamintas i\u0161 vienos r\u016b\u0161ies baltym\u0173 \u2013 100% elnienos. Sukurtas siekiant suma\u017einti maisto ir maisto med\u017eiag\u0173 netoleravim\u0105, u\u017etikrinant lengv\u0105 vir\u0161kinim\u0105 ir optimal\u0173 maistini\u0173 med\u017eiag\u0173 \u012fsisavinim\u0105.","og_url":"https:\/\/anivet.lt\/elparduotuve\/produktas\/solo-cervo-konservai-elniena\/","og_site_name":"anivet.lt","article_modified_time":"2025-06-26T12:19:37+00:00","og_image":[{"width":450,"height":450,"url":"https:\/\/anivet.lt\/elparduotuve\/wp-content\/uploads\/2024\/11\/solo-cervo-elniena-100g-konservai.png","type":"image\/png"}],"twitter_card":"summary_large_image","twitter_misc":{"Est. reading time":"1 minut\u0117"},"schema":{"@context":"https:\/\/schema.org","@graph":[{"@type":"WebPage","@id":"https:\/\/anivet.lt\/elparduotuve\/produktas\/solo-cervo-konservai-elniena\/","url":"https:\/\/anivet.lt\/elparduotuve\/produktas\/solo-cervo-konservai-elniena\/","name":"Solo Cervo konservai (Elniena) - anivet.lt","isPartOf":{"@id":"https:\/\/anivet.lt\/elparduotuve\/#website"},"primaryImageOfPage":{"@id":"https:\/\/anivet.lt\/elparduotuve\/produktas\/solo-cervo-konservai-elniena\/#primaryimage"},"image":{"@id":"https:\/\/anivet.lt\/elparduotuve\/produktas\/solo-cervo-konservai-elniena\/#primaryimage"},"thumbnailUrl":"https:\/\/anivet.lt\/elparduotuve\/wp-content\/uploads\/2024\/11\/solo-cervo-elniena-100g-konservai.png","datePublished":"2024-11-01T21:38:01+00:00","dateModified":"2025-06-26T12:19:37+00:00","description":"Dietinis konservuotas pa\u0161aras kat\u0117ms ir \u0161unims, pagamintas i\u0161 vienos r\u016b\u0161ies baltym\u0173 \u2013 100% elnienos. Sukurtas siekiant suma\u017einti maisto ir maisto med\u017eiag\u0173 netoleravim\u0105, u\u017etikrinant lengv\u0105 vir\u0161kinim\u0105 ir optimal\u0173 maistini\u0173 med\u017eiag\u0173 \u012fsisavinim\u0105.","breadcrumb":{"@id":"https:\/\/anivet.lt\/elparduotuve\/produktas\/solo-cervo-konservai-elniena\/#breadcrumb"},"inLanguage":"lt-LT","potentialAction":[{"@type":"ReadAction","target":["https:\/\/anivet.lt\/elparduotuve\/produktas\/solo-cervo-konservai-elniena\/"]}]},{"@type":"ImageObject","inLanguage":"lt-LT","@id":"https:\/\/anivet.lt\/elparduotuve\/produktas\/solo-cervo-konservai-elniena\/#primaryimage","url":"https:\/\/anivet.lt\/elparduotuve\/wp-content\/uploads\/2024\/11\/solo-cervo-elniena-100g-konservai.png","contentUrl":"https:\/\/anivet.lt\/elparduotuve\/wp-content\/uploads\/2024\/11\/solo-cervo-elniena-100g-konservai.png","width":450,"height":450,"caption":"Solo Cervo konservai (Elniena)"},{"@type":"BreadcrumbList","@id":"https:\/\/anivet.lt\/elparduotuve\/produktas\/solo-cervo-konservai-elniena\/#breadcrumb","itemListElement":[{"@type":"ListItem","position":1,"name":"Home","item":"https:\/\/anivet.lt\/elparduotuve\/"},{"@type":"ListItem","position":2,"name":"Produktai","item":"https:\/\/anivet.lt\/elparduotuve\/produktai\/"},{"@type":"ListItem","position":3,"name":"Solo Cervo konservai (Elniena)"}]},{"@type":"WebSite","@id":"https:\/\/anivet.lt\/elparduotuve\/#website","url":"https:\/\/anivet.lt\/elparduotuve\/","name":"anivet.lt","description":"Viskas J\u016bs\u0173 \u0161uns, kat\u0117s prie\u017ei\u016brai","publisher":{"@id":"https:\/\/anivet.lt\/elparduotuve\/#organization"},"alternateName":"Viskas J\u016bs\u0173 \u0161uns, kat\u0117s prie\u017ei\u016brai","potentialAction":[{"@type":"SearchAction","target":{"@type":"EntryPoint","urlTemplate":"https:\/\/anivet.lt\/elparduotuve\/?s={search_term_string}"},"query-input":{"@type":"PropertyValueSpecification","valueRequired":true,"valueName":"search_term_string"}}],"inLanguage":"lt-LT"},{"@type":"Organization","@id":"https:\/\/anivet.lt\/elparduotuve\/#organization","name":"Viskas J\u016bs\u0173 \u0161uns, kat\u0117s prie\u017ei\u016brai","url":"https:\/\/anivet.lt\/elparduotuve\/","logo":{"@type":"ImageObject","inLanguage":"lt-LT","@id":"https:\/\/anivet.lt\/elparduotuve\/#\/schema\/logo\/image\/","url":"https:\/\/anivet.lt\/elparduotuve\/wp-content\/uploads\/2023\/06\/logo2.jpg","contentUrl":"https:\/\/anivet.lt\/elparduotuve\/wp-content\/uploads\/2023\/06\/logo2.jpg","width":655,"height":194,"caption":"Viskas J\u016bs\u0173 \u0161uns, kat\u0117s prie\u017ei\u016brai"},"image":{"@id":"https:\/\/anivet.lt\/elparduotuve\/#\/schema\/logo\/image\/"}}]}},"_links":{"self":[{"href":"https:\/\/anivet.lt\/elparduotuve\/wp-json\/wp\/v2\/product\/14905","targetHints":{"allow":["GET"]}}],"collection":[{"href":"https:\/\/anivet.lt\/elparduotuve\/wp-json\/wp\/v2\/product"}],"about":[{"href":"https:\/\/anivet.lt\/elparduotuve\/wp-json\/wp\/v2\/types\/product"}],"wp:featuredmedia":[{"embeddable":true,"href":"https:\/\/anivet.lt\/elparduotuve\/wp-json\/wp\/v2\/media\/14906"}],"wp:attachment":[{"href":"https:\/\/anivet.lt\/elparduotuve\/wp-json\/wp\/v2\/media?parent=14905"}],"wp:term":[{"taxonomy":"product_brand","embeddable":true,"href":"https:\/\/anivet.lt\/elparduotuve\/wp-json\/wp\/v2\/product_brand?post=14905"},{"taxonomy":"product_cat","embeddable":true,"href":"https:\/\/anivet.lt\/elparduotuve\/wp-json\/wp\/v2\/product_cat?post=14905"},{"taxonomy":"product_tag","embeddable":true,"href":"https:\/\/anivet.lt\/elparduotuve\/wp-json\/wp\/v2\/product_tag?post=14905"}],"curies":[{"name":"wp","href":"https:\/\/api.w.org\/{rel}","templated":true}]}}