{"id":14925,"date":"2024-11-01T22:21:35","date_gmt":"2024-11-01T22:21:35","guid":{"rendered":"https:\/\/anivet.lt\/elparduotuve\/?post_type=product&#038;p=14925"},"modified":"2026-02-09T14:47:06","modified_gmt":"2026-02-09T14:47:06","slug":"solo-bufalo-konservai-bizoniena","status":"publish","type":"product","link":"https:\/\/anivet.lt\/elparduotuve\/produktas\/solo-bufalo-konservai-bizoniena\/","title":{"rendered":"Solo Bufalo konservai (Bizoniena)"},"content":{"rendered":"<ul>\n<li style=\"font-weight: 400;\" aria-level=\"1\"><span style=\"font-weight: 400;\">Vienos r\u016b\u0161ies baltymai: 100% bizoniena ma\u017eina maisto netoleravimo rizik\u0105.<\/span><\/li>\n<li style=\"font-weight: 400;\" aria-level=\"1\"><span style=\"font-weight: 400;\">Nat\u016brali sud\u0117tis: Be papildom\u0173 pried\u0173, konservant\u0173 ar dirbtini\u0173 med\u017eiag\u0173.<\/span><\/li>\n<li style=\"font-weight: 400;\" aria-level=\"1\"><span style=\"font-weight: 400;\">Lengvai vir\u0161kinamas: Tinka jautri\u0105 vir\u0161kinimo sistem\u0105 turintiems augintiniams.<\/span><\/li>\n<li style=\"font-weight: 400;\" aria-level=\"1\"><span style=\"font-weight: 400;\">Hipoalerginis: Idealiai tinka alergi\u0161kiems augintiniams.<\/span><\/li>\n<li style=\"font-weight: 400;\" aria-level=\"1\"><span style=\"font-weight: 400;\">Universalumas: Tinkamas tiek kat\u0117ms, tiek \u0161unims.<\/span><\/li>\n<\/ul>\n<p><span style=\"font-weight: 400;\">\u0160is produktas yra puikus pasirinkimas augintiniams, kuriems reikia ypatingos prie\u017ei\u016bros, u\u017etikrinant subalansuot\u0105 ir nat\u016brali\u0105 mityb\u0105. \u201eSolo Bufalo\u201d konservai pad\u0117s palaikyti j\u016bs\u0173 augintinio sveikat\u0105 ir suma\u017eins diskomfort\u0105, susijus\u012f su maisto netoleravimu ar alergijomis.<\/span><\/p>\n","protected":false},"excerpt":{"rendered":"<p><span style=\"font-weight: 400;\">Dietinis pa\u0161aras kat\u0117ms ir \u0161unims, kuriems reikia ribotos baltym\u0173 dietos. \u0160is pa\u0161aras puikiai tinka gyv\u016bnams, turintiems maisto netoleravimo ar alergijos problem\u0173, nes sud\u0117tyje yra tik vienas gyv\u016bnini\u0173 baltym\u0173 \u0161altinis \u2013 100% bizoniena.<\/span><\/p>\n","protected":false},"featured_media":14926,"template":"","meta":[],"product_brand":[],"product_cat":[101,103,114,102,105,116],"product_tag":[],"class_list":{"0":"post-14925","1":"product","2":"type-product","3":"status-publish","4":"has-post-thumbnail","6":"product_cat-sunims","7":"product_cat-sunu-maistas","8":"product_cat-kaciu-maistas","9":"product_cat-katems","10":"product_cat-konservai","11":"product_cat-konservai-katems","12":"pa_prekinis-zenklas-solo","14":"first","15":"instock","16":"taxable","17":"shipping-taxable","18":"purchasable","19":"product-type-variable"},"yoast_head":"<!-- This site is optimized with the Yoast SEO Premium plugin v27.1 (Yoast SEO v27.3) - https:\/\/yoast.com\/product\/yoast-seo-premium-wordpress\/ -->\n<title>Solo Bufalo konservai (Bizoniena) - anivet.lt<\/title>\n<meta name=\"description\" content=\"Dietinis pa\u0161aras kat\u0117ms ir \u0161unims, kuriems reikia ribotos baltym\u0173 dietos. \u0160is pa\u0161aras puikiai tinka gyv\u016bnams, turintiems maisto netoleravimo ar alergijos problem\u0173, nes sud\u0117tyje yra tik vienas gyv\u016bnini\u0173 baltym\u0173 \u0161altinis \u2013 100% bizoniena.\" \/>\n<meta name=\"robots\" content=\"index, follow, max-snippet:-1, max-image-preview:large, max-video-preview:-1\" \/>\n<link rel=\"canonical\" href=\"https:\/\/anivet.lt\/elparduotuve\/produktas\/solo-bufalo-konservai-bizoniena\/\" \/>\n<meta property=\"og:locale\" content=\"lt_LT\" \/>\n<meta property=\"og:type\" content=\"article\" \/>\n<meta property=\"og:title\" content=\"Solo Bufalo konservai (Bizoniena)\" \/>\n<meta property=\"og:description\" content=\"Dietinis pa\u0161aras kat\u0117ms ir \u0161unims, kuriems reikia ribotos baltym\u0173 dietos. \u0160is pa\u0161aras puikiai tinka gyv\u016bnams, turintiems maisto netoleravimo ar alergijos problem\u0173, nes sud\u0117tyje yra tik vienas gyv\u016bnini\u0173 baltym\u0173 \u0161altinis \u2013 100% bizoniena.\" \/>\n<meta property=\"og:url\" content=\"https:\/\/anivet.lt\/elparduotuve\/produktas\/solo-bufalo-konservai-bizoniena\/\" \/>\n<meta property=\"og:site_name\" content=\"anivet.lt\" \/>\n<meta property=\"article:modified_time\" content=\"2026-02-09T14:47:06+00:00\" \/>\n<meta property=\"og:image\" content=\"https:\/\/anivet.lt\/elparduotuve\/wp-content\/uploads\/2024\/11\/solo-bufalo-bizoniena-100g-konservai.png\" \/>\n\t<meta property=\"og:image:width\" content=\"450\" \/>\n\t<meta property=\"og:image:height\" content=\"450\" \/>\n\t<meta property=\"og:image:type\" content=\"image\/png\" \/>\n<meta name=\"twitter:card\" content=\"summary_large_image\" \/>\n<meta name=\"twitter:label1\" content=\"Est. reading time\" \/>\n\t<meta name=\"twitter:data1\" content=\"1 minut\u0117\" \/>\n<script type=\"application\/ld+json\" class=\"yoast-schema-graph\">{\"@context\":\"https:\\\/\\\/schema.org\",\"@graph\":[{\"@type\":\"WebPage\",\"@id\":\"https:\\\/\\\/anivet.lt\\\/elparduotuve\\\/produktas\\\/solo-bufalo-konservai-bizoniena\\\/\",\"url\":\"https:\\\/\\\/anivet.lt\\\/elparduotuve\\\/produktas\\\/solo-bufalo-konservai-bizoniena\\\/\",\"name\":\"Solo Bufalo konservai (Bizoniena) - anivet.lt\",\"isPartOf\":{\"@id\":\"https:\\\/\\\/anivet.lt\\\/elparduotuve\\\/#website\"},\"primaryImageOfPage\":{\"@id\":\"https:\\\/\\\/anivet.lt\\\/elparduotuve\\\/produktas\\\/solo-bufalo-konservai-bizoniena\\\/#primaryimage\"},\"image\":{\"@id\":\"https:\\\/\\\/anivet.lt\\\/elparduotuve\\\/produktas\\\/solo-bufalo-konservai-bizoniena\\\/#primaryimage\"},\"thumbnailUrl\":\"https:\\\/\\\/anivet.lt\\\/elparduotuve\\\/wp-content\\\/uploads\\\/2024\\\/11\\\/solo-bufalo-bizoniena-100g-konservai.png\",\"datePublished\":\"2024-11-01T22:21:35+00:00\",\"dateModified\":\"2026-02-09T14:47:06+00:00\",\"description\":\"Dietinis pa\u0161aras kat\u0117ms ir \u0161unims, kuriems reikia ribotos baltym\u0173 dietos. \u0160is pa\u0161aras puikiai tinka gyv\u016bnams, turintiems maisto netoleravimo ar alergijos problem\u0173, nes sud\u0117tyje yra tik vienas gyv\u016bnini\u0173 baltym\u0173 \u0161altinis \u2013 100% bizoniena.\",\"breadcrumb\":{\"@id\":\"https:\\\/\\\/anivet.lt\\\/elparduotuve\\\/produktas\\\/solo-bufalo-konservai-bizoniena\\\/#breadcrumb\"},\"inLanguage\":\"lt-LT\",\"potentialAction\":[{\"@type\":\"ReadAction\",\"target\":[\"https:\\\/\\\/anivet.lt\\\/elparduotuve\\\/produktas\\\/solo-bufalo-konservai-bizoniena\\\/\"]}]},{\"@type\":\"ImageObject\",\"inLanguage\":\"lt-LT\",\"@id\":\"https:\\\/\\\/anivet.lt\\\/elparduotuve\\\/produktas\\\/solo-bufalo-konservai-bizoniena\\\/#primaryimage\",\"url\":\"https:\\\/\\\/anivet.lt\\\/elparduotuve\\\/wp-content\\\/uploads\\\/2024\\\/11\\\/solo-bufalo-bizoniena-100g-konservai.png\",\"contentUrl\":\"https:\\\/\\\/anivet.lt\\\/elparduotuve\\\/wp-content\\\/uploads\\\/2024\\\/11\\\/solo-bufalo-bizoniena-100g-konservai.png\",\"width\":450,\"height\":450,\"caption\":\"Solo Bufalo konservai (Bizoniena)\"},{\"@type\":\"BreadcrumbList\",\"@id\":\"https:\\\/\\\/anivet.lt\\\/elparduotuve\\\/produktas\\\/solo-bufalo-konservai-bizoniena\\\/#breadcrumb\",\"itemListElement\":[{\"@type\":\"ListItem\",\"position\":1,\"name\":\"Home\",\"item\":\"https:\\\/\\\/anivet.lt\\\/elparduotuve\\\/\"},{\"@type\":\"ListItem\",\"position\":2,\"name\":\"Produktai\",\"item\":\"https:\\\/\\\/anivet.lt\\\/elparduotuve\\\/produktai\\\/\"},{\"@type\":\"ListItem\",\"position\":3,\"name\":\"Solo Bufalo konservai (Bizoniena)\"}]},{\"@type\":\"WebSite\",\"@id\":\"https:\\\/\\\/anivet.lt\\\/elparduotuve\\\/#website\",\"url\":\"https:\\\/\\\/anivet.lt\\\/elparduotuve\\\/\",\"name\":\"anivet.lt\",\"description\":\"Viskas J\u016bs\u0173 \u0161uns, kat\u0117s prie\u017ei\u016brai\",\"publisher\":{\"@id\":\"https:\\\/\\\/anivet.lt\\\/elparduotuve\\\/#organization\"},\"alternateName\":\"Viskas J\u016bs\u0173 \u0161uns, kat\u0117s prie\u017ei\u016brai\",\"potentialAction\":[{\"@type\":\"SearchAction\",\"target\":{\"@type\":\"EntryPoint\",\"urlTemplate\":\"https:\\\/\\\/anivet.lt\\\/elparduotuve\\\/?s={search_term_string}\"},\"query-input\":{\"@type\":\"PropertyValueSpecification\",\"valueRequired\":true,\"valueName\":\"search_term_string\"}}],\"inLanguage\":\"lt-LT\"},{\"@type\":\"Organization\",\"@id\":\"https:\\\/\\\/anivet.lt\\\/elparduotuve\\\/#organization\",\"name\":\"Viskas J\u016bs\u0173 \u0161uns, kat\u0117s prie\u017ei\u016brai\",\"url\":\"https:\\\/\\\/anivet.lt\\\/elparduotuve\\\/\",\"logo\":{\"@type\":\"ImageObject\",\"inLanguage\":\"lt-LT\",\"@id\":\"https:\\\/\\\/anivet.lt\\\/elparduotuve\\\/#\\\/schema\\\/logo\\\/image\\\/\",\"url\":\"https:\\\/\\\/anivet.lt\\\/elparduotuve\\\/wp-content\\\/uploads\\\/2023\\\/06\\\/logo2.jpg\",\"contentUrl\":\"https:\\\/\\\/anivet.lt\\\/elparduotuve\\\/wp-content\\\/uploads\\\/2023\\\/06\\\/logo2.jpg\",\"width\":655,\"height\":194,\"caption\":\"Viskas J\u016bs\u0173 \u0161uns, kat\u0117s prie\u017ei\u016brai\"},\"image\":{\"@id\":\"https:\\\/\\\/anivet.lt\\\/elparduotuve\\\/#\\\/schema\\\/logo\\\/image\\\/\"}}]}<\/script>\n<!-- \/ Yoast SEO Premium plugin. -->","yoast_head_json":{"title":"Solo Bufalo konservai (Bizoniena) - anivet.lt","description":"Dietinis pa\u0161aras kat\u0117ms ir \u0161unims, kuriems reikia ribotos baltym\u0173 dietos. \u0160is pa\u0161aras puikiai tinka gyv\u016bnams, turintiems maisto netoleravimo ar alergijos problem\u0173, nes sud\u0117tyje yra tik vienas gyv\u016bnini\u0173 baltym\u0173 \u0161altinis \u2013 100% bizoniena.","robots":{"index":"index","follow":"follow","max-snippet":"max-snippet:-1","max-image-preview":"max-image-preview:large","max-video-preview":"max-video-preview:-1"},"canonical":"https:\/\/anivet.lt\/elparduotuve\/produktas\/solo-bufalo-konservai-bizoniena\/","og_locale":"lt_LT","og_type":"article","og_title":"Solo Bufalo konservai (Bizoniena)","og_description":"Dietinis pa\u0161aras kat\u0117ms ir \u0161unims, kuriems reikia ribotos baltym\u0173 dietos. \u0160is pa\u0161aras puikiai tinka gyv\u016bnams, turintiems maisto netoleravimo ar alergijos problem\u0173, nes sud\u0117tyje yra tik vienas gyv\u016bnini\u0173 baltym\u0173 \u0161altinis \u2013 100% bizoniena.","og_url":"https:\/\/anivet.lt\/elparduotuve\/produktas\/solo-bufalo-konservai-bizoniena\/","og_site_name":"anivet.lt","article_modified_time":"2026-02-09T14:47:06+00:00","og_image":[{"width":450,"height":450,"url":"https:\/\/anivet.lt\/elparduotuve\/wp-content\/uploads\/2024\/11\/solo-bufalo-bizoniena-100g-konservai.png","type":"image\/png"}],"twitter_card":"summary_large_image","twitter_misc":{"Est. reading time":"1 minut\u0117"},"schema":{"@context":"https:\/\/schema.org","@graph":[{"@type":"WebPage","@id":"https:\/\/anivet.lt\/elparduotuve\/produktas\/solo-bufalo-konservai-bizoniena\/","url":"https:\/\/anivet.lt\/elparduotuve\/produktas\/solo-bufalo-konservai-bizoniena\/","name":"Solo Bufalo konservai (Bizoniena) - anivet.lt","isPartOf":{"@id":"https:\/\/anivet.lt\/elparduotuve\/#website"},"primaryImageOfPage":{"@id":"https:\/\/anivet.lt\/elparduotuve\/produktas\/solo-bufalo-konservai-bizoniena\/#primaryimage"},"image":{"@id":"https:\/\/anivet.lt\/elparduotuve\/produktas\/solo-bufalo-konservai-bizoniena\/#primaryimage"},"thumbnailUrl":"https:\/\/anivet.lt\/elparduotuve\/wp-content\/uploads\/2024\/11\/solo-bufalo-bizoniena-100g-konservai.png","datePublished":"2024-11-01T22:21:35+00:00","dateModified":"2026-02-09T14:47:06+00:00","description":"Dietinis pa\u0161aras kat\u0117ms ir \u0161unims, kuriems reikia ribotos baltym\u0173 dietos. \u0160is pa\u0161aras puikiai tinka gyv\u016bnams, turintiems maisto netoleravimo ar alergijos problem\u0173, nes sud\u0117tyje yra tik vienas gyv\u016bnini\u0173 baltym\u0173 \u0161altinis \u2013 100% bizoniena.","breadcrumb":{"@id":"https:\/\/anivet.lt\/elparduotuve\/produktas\/solo-bufalo-konservai-bizoniena\/#breadcrumb"},"inLanguage":"lt-LT","potentialAction":[{"@type":"ReadAction","target":["https:\/\/anivet.lt\/elparduotuve\/produktas\/solo-bufalo-konservai-bizoniena\/"]}]},{"@type":"ImageObject","inLanguage":"lt-LT","@id":"https:\/\/anivet.lt\/elparduotuve\/produktas\/solo-bufalo-konservai-bizoniena\/#primaryimage","url":"https:\/\/anivet.lt\/elparduotuve\/wp-content\/uploads\/2024\/11\/solo-bufalo-bizoniena-100g-konservai.png","contentUrl":"https:\/\/anivet.lt\/elparduotuve\/wp-content\/uploads\/2024\/11\/solo-bufalo-bizoniena-100g-konservai.png","width":450,"height":450,"caption":"Solo Bufalo konservai (Bizoniena)"},{"@type":"BreadcrumbList","@id":"https:\/\/anivet.lt\/elparduotuve\/produktas\/solo-bufalo-konservai-bizoniena\/#breadcrumb","itemListElement":[{"@type":"ListItem","position":1,"name":"Home","item":"https:\/\/anivet.lt\/elparduotuve\/"},{"@type":"ListItem","position":2,"name":"Produktai","item":"https:\/\/anivet.lt\/elparduotuve\/produktai\/"},{"@type":"ListItem","position":3,"name":"Solo Bufalo konservai (Bizoniena)"}]},{"@type":"WebSite","@id":"https:\/\/anivet.lt\/elparduotuve\/#website","url":"https:\/\/anivet.lt\/elparduotuve\/","name":"anivet.lt","description":"Viskas J\u016bs\u0173 \u0161uns, kat\u0117s prie\u017ei\u016brai","publisher":{"@id":"https:\/\/anivet.lt\/elparduotuve\/#organization"},"alternateName":"Viskas J\u016bs\u0173 \u0161uns, kat\u0117s prie\u017ei\u016brai","potentialAction":[{"@type":"SearchAction","target":{"@type":"EntryPoint","urlTemplate":"https:\/\/anivet.lt\/elparduotuve\/?s={search_term_string}"},"query-input":{"@type":"PropertyValueSpecification","valueRequired":true,"valueName":"search_term_string"}}],"inLanguage":"lt-LT"},{"@type":"Organization","@id":"https:\/\/anivet.lt\/elparduotuve\/#organization","name":"Viskas J\u016bs\u0173 \u0161uns, kat\u0117s prie\u017ei\u016brai","url":"https:\/\/anivet.lt\/elparduotuve\/","logo":{"@type":"ImageObject","inLanguage":"lt-LT","@id":"https:\/\/anivet.lt\/elparduotuve\/#\/schema\/logo\/image\/","url":"https:\/\/anivet.lt\/elparduotuve\/wp-content\/uploads\/2023\/06\/logo2.jpg","contentUrl":"https:\/\/anivet.lt\/elparduotuve\/wp-content\/uploads\/2023\/06\/logo2.jpg","width":655,"height":194,"caption":"Viskas J\u016bs\u0173 \u0161uns, kat\u0117s prie\u017ei\u016brai"},"image":{"@id":"https:\/\/anivet.lt\/elparduotuve\/#\/schema\/logo\/image\/"}}]}},"_links":{"self":[{"href":"https:\/\/anivet.lt\/elparduotuve\/wp-json\/wp\/v2\/product\/14925","targetHints":{"allow":["GET"]}}],"collection":[{"href":"https:\/\/anivet.lt\/elparduotuve\/wp-json\/wp\/v2\/product"}],"about":[{"href":"https:\/\/anivet.lt\/elparduotuve\/wp-json\/wp\/v2\/types\/product"}],"wp:featuredmedia":[{"embeddable":true,"href":"https:\/\/anivet.lt\/elparduotuve\/wp-json\/wp\/v2\/media\/14926"}],"wp:attachment":[{"href":"https:\/\/anivet.lt\/elparduotuve\/wp-json\/wp\/v2\/media?parent=14925"}],"wp:term":[{"taxonomy":"product_brand","embeddable":true,"href":"https:\/\/anivet.lt\/elparduotuve\/wp-json\/wp\/v2\/product_brand?post=14925"},{"taxonomy":"product_cat","embeddable":true,"href":"https:\/\/anivet.lt\/elparduotuve\/wp-json\/wp\/v2\/product_cat?post=14925"},{"taxonomy":"product_tag","embeddable":true,"href":"https:\/\/anivet.lt\/elparduotuve\/wp-json\/wp\/v2\/product_tag?post=14925"}],"curies":[{"name":"wp","href":"https:\/\/api.w.org\/{rel}","templated":true}]}}