{"id":14929,"date":"2024-11-01T22:28:55","date_gmt":"2024-11-01T22:28:55","guid":{"rendered":"https:\/\/anivet.lt\/elparduotuve\/?post_type=product&#038;p=14929"},"modified":"2026-02-27T15:50:00","modified_gmt":"2026-02-27T15:50:00","slug":"solo-cinghiale-konservai-serniena","status":"publish","type":"product","link":"https:\/\/anivet.lt\/elparduotuve\/produktas\/solo-cinghiale-konservai-serniena\/","title":{"rendered":"Solo Cinghiale konservai (\u0160erniena)"},"content":{"rendered":"<ul>\n<li style=\"font-weight: 400;\" aria-level=\"1\"><span style=\"font-weight: 400;\">Vienas baltym\u0173 \u0161altinis: 100% \u0161erniena, tinkanti jautriems augintiniams, kuriems reikia specialios dietos.<\/span><\/li>\n<li style=\"font-weight: 400;\" aria-level=\"1\"><span style=\"font-weight: 400;\">Lengvai vir\u0161kinamas: Padeda suma\u017einti maisto netoleravimo ir alergini\u0173 reakcij\u0173 rizik\u0105.<\/span><\/li>\n<li style=\"font-weight: 400;\" aria-level=\"1\"><span style=\"font-weight: 400;\">Nat\u016brali sud\u0117tis: Be dirbtini\u0173 pried\u0173, kvapikli\u0173 ir konservant\u0173.<\/span><\/li>\n<li style=\"font-weight: 400;\" aria-level=\"1\"><span style=\"font-weight: 400;\">Auk\u0161tas dr\u0117gm\u0117s kiekis: 81% dr\u0117gnis palaiko tinkam\u0105 organizmo skys\u010di\u0173 balans\u0105.<\/span><\/li>\n<li style=\"font-weight: 400;\" aria-level=\"1\"><span style=\"font-weight: 400;\">Maistingas ir subalansuotas: U\u017etikrina reikalingas maistines med\u017eiagas sveikai ir kokybi\u0161kai augintinio mitybai.<\/span><\/li>\n<\/ul>\n<p><span style=\"font-weight: 400;\">Puikus pasirinkimas jautriems augintiniams, siekiant u\u017etikrinti j\u0173 ger\u0105 savijaut\u0105 ir mitybos balans\u0105. Nat\u016brali ir kokybi\u0161ka mityba, kuri\u0105 j\u016bs\u0173 augintinis \u012fvertins.<\/span><\/p>\n","protected":false},"excerpt":{"rendered":"<p><span style=\"font-weight: 400;\">Dietinis konservuotas pa\u0161aras kat\u0117ms ir \u0161unims, pagamintas i\u0161 vienos r\u016b\u0161ies baltym\u0173 \u2013 100% \u0161ernienos. \u0160is pa\u0161aras skirtas gyv\u016bnams, turintiems maisto netoleravimo problem\u0173, u\u017etikrinant lengv\u0105 vir\u0161kinim\u0105 ir subalansuot\u0105 mityb\u0105.<\/span><\/p>\n","protected":false},"featured_media":14930,"template":"","meta":[],"product_brand":[],"product_cat":[101,103,114,102,105,116],"product_tag":[],"class_list":{"0":"post-14929","1":"product","2":"type-product","3":"status-publish","4":"has-post-thumbnail","6":"product_cat-sunims","7":"product_cat-sunu-maistas","8":"product_cat-kaciu-maistas","9":"product_cat-katems","10":"product_cat-konservai","11":"product_cat-konservai-katems","12":"pa_prekinis-zenklas-solo","14":"first","15":"instock","16":"taxable","17":"shipping-taxable","18":"purchasable","19":"product-type-variable"},"yoast_head":"<!-- This site is optimized with the Yoast SEO Premium plugin v27.1 (Yoast SEO v27.3) - https:\/\/yoast.com\/product\/yoast-seo-premium-wordpress\/ -->\n<title>Solo Cinghiale konservai (\u0160erniena) - anivet.lt<\/title>\n<meta name=\"description\" content=\"Dietinis konservuotas pa\u0161aras kat\u0117ms ir \u0161unims, pagamintas i\u0161 vienos r\u016b\u0161ies baltym\u0173 \u2013 100% \u0161ernienos. \u0160is pa\u0161aras skirtas gyv\u016bnams, turintiems maisto netoleravimo problem\u0173, u\u017etikrinant lengv\u0105 vir\u0161kinim\u0105 ir subalansuot\u0105 mityb\u0105.\" \/>\n<meta name=\"robots\" content=\"index, follow, max-snippet:-1, max-image-preview:large, max-video-preview:-1\" \/>\n<link rel=\"canonical\" href=\"https:\/\/anivet.lt\/elparduotuve\/produktas\/solo-cinghiale-konservai-serniena\/\" \/>\n<meta property=\"og:locale\" content=\"lt_LT\" \/>\n<meta property=\"og:type\" content=\"article\" \/>\n<meta property=\"og:title\" content=\"Solo Cinghiale konservai (\u0160erniena)\" \/>\n<meta property=\"og:description\" content=\"Dietinis konservuotas pa\u0161aras kat\u0117ms ir \u0161unims, pagamintas i\u0161 vienos r\u016b\u0161ies baltym\u0173 \u2013 100% \u0161ernienos. \u0160is pa\u0161aras skirtas gyv\u016bnams, turintiems maisto netoleravimo problem\u0173, u\u017etikrinant lengv\u0105 vir\u0161kinim\u0105 ir subalansuot\u0105 mityb\u0105.\" \/>\n<meta property=\"og:url\" content=\"https:\/\/anivet.lt\/elparduotuve\/produktas\/solo-cinghiale-konservai-serniena\/\" \/>\n<meta property=\"og:site_name\" content=\"anivet.lt\" \/>\n<meta property=\"article:modified_time\" content=\"2026-02-27T15:50:00+00:00\" \/>\n<meta property=\"og:image\" content=\"https:\/\/anivet.lt\/elparduotuve\/wp-content\/uploads\/2024\/11\/solo-cinghiale-serniena-100g-konservai.png\" \/>\n\t<meta property=\"og:image:width\" content=\"450\" \/>\n\t<meta property=\"og:image:height\" content=\"450\" \/>\n\t<meta property=\"og:image:type\" content=\"image\/png\" \/>\n<meta name=\"twitter:card\" content=\"summary_large_image\" \/>\n<meta name=\"twitter:label1\" content=\"Est. reading time\" \/>\n\t<meta name=\"twitter:data1\" content=\"1 minut\u0117\" \/>\n<script type=\"application\/ld+json\" class=\"yoast-schema-graph\">{\"@context\":\"https:\\\/\\\/schema.org\",\"@graph\":[{\"@type\":\"WebPage\",\"@id\":\"https:\\\/\\\/anivet.lt\\\/elparduotuve\\\/produktas\\\/solo-cinghiale-konservai-serniena\\\/\",\"url\":\"https:\\\/\\\/anivet.lt\\\/elparduotuve\\\/produktas\\\/solo-cinghiale-konservai-serniena\\\/\",\"name\":\"Solo Cinghiale konservai (\u0160erniena) - anivet.lt\",\"isPartOf\":{\"@id\":\"https:\\\/\\\/anivet.lt\\\/elparduotuve\\\/#website\"},\"primaryImageOfPage\":{\"@id\":\"https:\\\/\\\/anivet.lt\\\/elparduotuve\\\/produktas\\\/solo-cinghiale-konservai-serniena\\\/#primaryimage\"},\"image\":{\"@id\":\"https:\\\/\\\/anivet.lt\\\/elparduotuve\\\/produktas\\\/solo-cinghiale-konservai-serniena\\\/#primaryimage\"},\"thumbnailUrl\":\"https:\\\/\\\/anivet.lt\\\/elparduotuve\\\/wp-content\\\/uploads\\\/2024\\\/11\\\/solo-cinghiale-serniena-100g-konservai.png\",\"datePublished\":\"2024-11-01T22:28:55+00:00\",\"dateModified\":\"2026-02-27T15:50:00+00:00\",\"description\":\"Dietinis konservuotas pa\u0161aras kat\u0117ms ir \u0161unims, pagamintas i\u0161 vienos r\u016b\u0161ies baltym\u0173 \u2013 100% \u0161ernienos. \u0160is pa\u0161aras skirtas gyv\u016bnams, turintiems maisto netoleravimo problem\u0173, u\u017etikrinant lengv\u0105 vir\u0161kinim\u0105 ir subalansuot\u0105 mityb\u0105.\",\"breadcrumb\":{\"@id\":\"https:\\\/\\\/anivet.lt\\\/elparduotuve\\\/produktas\\\/solo-cinghiale-konservai-serniena\\\/#breadcrumb\"},\"inLanguage\":\"lt-LT\",\"potentialAction\":[{\"@type\":\"ReadAction\",\"target\":[\"https:\\\/\\\/anivet.lt\\\/elparduotuve\\\/produktas\\\/solo-cinghiale-konservai-serniena\\\/\"]}]},{\"@type\":\"ImageObject\",\"inLanguage\":\"lt-LT\",\"@id\":\"https:\\\/\\\/anivet.lt\\\/elparduotuve\\\/produktas\\\/solo-cinghiale-konservai-serniena\\\/#primaryimage\",\"url\":\"https:\\\/\\\/anivet.lt\\\/elparduotuve\\\/wp-content\\\/uploads\\\/2024\\\/11\\\/solo-cinghiale-serniena-100g-konservai.png\",\"contentUrl\":\"https:\\\/\\\/anivet.lt\\\/elparduotuve\\\/wp-content\\\/uploads\\\/2024\\\/11\\\/solo-cinghiale-serniena-100g-konservai.png\",\"width\":450,\"height\":450,\"caption\":\"Solo Cinghiale konservai (\u0160erniena)\"},{\"@type\":\"BreadcrumbList\",\"@id\":\"https:\\\/\\\/anivet.lt\\\/elparduotuve\\\/produktas\\\/solo-cinghiale-konservai-serniena\\\/#breadcrumb\",\"itemListElement\":[{\"@type\":\"ListItem\",\"position\":1,\"name\":\"Home\",\"item\":\"https:\\\/\\\/anivet.lt\\\/elparduotuve\\\/\"},{\"@type\":\"ListItem\",\"position\":2,\"name\":\"Produktai\",\"item\":\"https:\\\/\\\/anivet.lt\\\/elparduotuve\\\/produktai\\\/\"},{\"@type\":\"ListItem\",\"position\":3,\"name\":\"Solo Cinghiale konservai (\u0160erniena)\"}]},{\"@type\":\"WebSite\",\"@id\":\"https:\\\/\\\/anivet.lt\\\/elparduotuve\\\/#website\",\"url\":\"https:\\\/\\\/anivet.lt\\\/elparduotuve\\\/\",\"name\":\"anivet.lt\",\"description\":\"Viskas J\u016bs\u0173 \u0161uns, kat\u0117s prie\u017ei\u016brai\",\"publisher\":{\"@id\":\"https:\\\/\\\/anivet.lt\\\/elparduotuve\\\/#organization\"},\"alternateName\":\"Viskas J\u016bs\u0173 \u0161uns, kat\u0117s prie\u017ei\u016brai\",\"potentialAction\":[{\"@type\":\"SearchAction\",\"target\":{\"@type\":\"EntryPoint\",\"urlTemplate\":\"https:\\\/\\\/anivet.lt\\\/elparduotuve\\\/?s={search_term_string}\"},\"query-input\":{\"@type\":\"PropertyValueSpecification\",\"valueRequired\":true,\"valueName\":\"search_term_string\"}}],\"inLanguage\":\"lt-LT\"},{\"@type\":\"Organization\",\"@id\":\"https:\\\/\\\/anivet.lt\\\/elparduotuve\\\/#organization\",\"name\":\"Viskas J\u016bs\u0173 \u0161uns, kat\u0117s prie\u017ei\u016brai\",\"url\":\"https:\\\/\\\/anivet.lt\\\/elparduotuve\\\/\",\"logo\":{\"@type\":\"ImageObject\",\"inLanguage\":\"lt-LT\",\"@id\":\"https:\\\/\\\/anivet.lt\\\/elparduotuve\\\/#\\\/schema\\\/logo\\\/image\\\/\",\"url\":\"https:\\\/\\\/anivet.lt\\\/elparduotuve\\\/wp-content\\\/uploads\\\/2023\\\/06\\\/logo2.jpg\",\"contentUrl\":\"https:\\\/\\\/anivet.lt\\\/elparduotuve\\\/wp-content\\\/uploads\\\/2023\\\/06\\\/logo2.jpg\",\"width\":655,\"height\":194,\"caption\":\"Viskas J\u016bs\u0173 \u0161uns, kat\u0117s prie\u017ei\u016brai\"},\"image\":{\"@id\":\"https:\\\/\\\/anivet.lt\\\/elparduotuve\\\/#\\\/schema\\\/logo\\\/image\\\/\"}}]}<\/script>\n<!-- \/ Yoast SEO Premium plugin. -->","yoast_head_json":{"title":"Solo Cinghiale konservai (\u0160erniena) - anivet.lt","description":"Dietinis konservuotas pa\u0161aras kat\u0117ms ir \u0161unims, pagamintas i\u0161 vienos r\u016b\u0161ies baltym\u0173 \u2013 100% \u0161ernienos. \u0160is pa\u0161aras skirtas gyv\u016bnams, turintiems maisto netoleravimo problem\u0173, u\u017etikrinant lengv\u0105 vir\u0161kinim\u0105 ir subalansuot\u0105 mityb\u0105.","robots":{"index":"index","follow":"follow","max-snippet":"max-snippet:-1","max-image-preview":"max-image-preview:large","max-video-preview":"max-video-preview:-1"},"canonical":"https:\/\/anivet.lt\/elparduotuve\/produktas\/solo-cinghiale-konservai-serniena\/","og_locale":"lt_LT","og_type":"article","og_title":"Solo Cinghiale konservai (\u0160erniena)","og_description":"Dietinis konservuotas pa\u0161aras kat\u0117ms ir \u0161unims, pagamintas i\u0161 vienos r\u016b\u0161ies baltym\u0173 \u2013 100% \u0161ernienos. \u0160is pa\u0161aras skirtas gyv\u016bnams, turintiems maisto netoleravimo problem\u0173, u\u017etikrinant lengv\u0105 vir\u0161kinim\u0105 ir subalansuot\u0105 mityb\u0105.","og_url":"https:\/\/anivet.lt\/elparduotuve\/produktas\/solo-cinghiale-konservai-serniena\/","og_site_name":"anivet.lt","article_modified_time":"2026-02-27T15:50:00+00:00","og_image":[{"width":450,"height":450,"url":"https:\/\/anivet.lt\/elparduotuve\/wp-content\/uploads\/2024\/11\/solo-cinghiale-serniena-100g-konservai.png","type":"image\/png"}],"twitter_card":"summary_large_image","twitter_misc":{"Est. reading time":"1 minut\u0117"},"schema":{"@context":"https:\/\/schema.org","@graph":[{"@type":"WebPage","@id":"https:\/\/anivet.lt\/elparduotuve\/produktas\/solo-cinghiale-konservai-serniena\/","url":"https:\/\/anivet.lt\/elparduotuve\/produktas\/solo-cinghiale-konservai-serniena\/","name":"Solo Cinghiale konservai (\u0160erniena) - anivet.lt","isPartOf":{"@id":"https:\/\/anivet.lt\/elparduotuve\/#website"},"primaryImageOfPage":{"@id":"https:\/\/anivet.lt\/elparduotuve\/produktas\/solo-cinghiale-konservai-serniena\/#primaryimage"},"image":{"@id":"https:\/\/anivet.lt\/elparduotuve\/produktas\/solo-cinghiale-konservai-serniena\/#primaryimage"},"thumbnailUrl":"https:\/\/anivet.lt\/elparduotuve\/wp-content\/uploads\/2024\/11\/solo-cinghiale-serniena-100g-konservai.png","datePublished":"2024-11-01T22:28:55+00:00","dateModified":"2026-02-27T15:50:00+00:00","description":"Dietinis konservuotas pa\u0161aras kat\u0117ms ir \u0161unims, pagamintas i\u0161 vienos r\u016b\u0161ies baltym\u0173 \u2013 100% \u0161ernienos. \u0160is pa\u0161aras skirtas gyv\u016bnams, turintiems maisto netoleravimo problem\u0173, u\u017etikrinant lengv\u0105 vir\u0161kinim\u0105 ir subalansuot\u0105 mityb\u0105.","breadcrumb":{"@id":"https:\/\/anivet.lt\/elparduotuve\/produktas\/solo-cinghiale-konservai-serniena\/#breadcrumb"},"inLanguage":"lt-LT","potentialAction":[{"@type":"ReadAction","target":["https:\/\/anivet.lt\/elparduotuve\/produktas\/solo-cinghiale-konservai-serniena\/"]}]},{"@type":"ImageObject","inLanguage":"lt-LT","@id":"https:\/\/anivet.lt\/elparduotuve\/produktas\/solo-cinghiale-konservai-serniena\/#primaryimage","url":"https:\/\/anivet.lt\/elparduotuve\/wp-content\/uploads\/2024\/11\/solo-cinghiale-serniena-100g-konservai.png","contentUrl":"https:\/\/anivet.lt\/elparduotuve\/wp-content\/uploads\/2024\/11\/solo-cinghiale-serniena-100g-konservai.png","width":450,"height":450,"caption":"Solo Cinghiale konservai (\u0160erniena)"},{"@type":"BreadcrumbList","@id":"https:\/\/anivet.lt\/elparduotuve\/produktas\/solo-cinghiale-konservai-serniena\/#breadcrumb","itemListElement":[{"@type":"ListItem","position":1,"name":"Home","item":"https:\/\/anivet.lt\/elparduotuve\/"},{"@type":"ListItem","position":2,"name":"Produktai","item":"https:\/\/anivet.lt\/elparduotuve\/produktai\/"},{"@type":"ListItem","position":3,"name":"Solo Cinghiale konservai (\u0160erniena)"}]},{"@type":"WebSite","@id":"https:\/\/anivet.lt\/elparduotuve\/#website","url":"https:\/\/anivet.lt\/elparduotuve\/","name":"anivet.lt","description":"Viskas J\u016bs\u0173 \u0161uns, kat\u0117s prie\u017ei\u016brai","publisher":{"@id":"https:\/\/anivet.lt\/elparduotuve\/#organization"},"alternateName":"Viskas J\u016bs\u0173 \u0161uns, kat\u0117s prie\u017ei\u016brai","potentialAction":[{"@type":"SearchAction","target":{"@type":"EntryPoint","urlTemplate":"https:\/\/anivet.lt\/elparduotuve\/?s={search_term_string}"},"query-input":{"@type":"PropertyValueSpecification","valueRequired":true,"valueName":"search_term_string"}}],"inLanguage":"lt-LT"},{"@type":"Organization","@id":"https:\/\/anivet.lt\/elparduotuve\/#organization","name":"Viskas J\u016bs\u0173 \u0161uns, kat\u0117s prie\u017ei\u016brai","url":"https:\/\/anivet.lt\/elparduotuve\/","logo":{"@type":"ImageObject","inLanguage":"lt-LT","@id":"https:\/\/anivet.lt\/elparduotuve\/#\/schema\/logo\/image\/","url":"https:\/\/anivet.lt\/elparduotuve\/wp-content\/uploads\/2023\/06\/logo2.jpg","contentUrl":"https:\/\/anivet.lt\/elparduotuve\/wp-content\/uploads\/2023\/06\/logo2.jpg","width":655,"height":194,"caption":"Viskas J\u016bs\u0173 \u0161uns, kat\u0117s prie\u017ei\u016brai"},"image":{"@id":"https:\/\/anivet.lt\/elparduotuve\/#\/schema\/logo\/image\/"}}]}},"_links":{"self":[{"href":"https:\/\/anivet.lt\/elparduotuve\/wp-json\/wp\/v2\/product\/14929","targetHints":{"allow":["GET"]}}],"collection":[{"href":"https:\/\/anivet.lt\/elparduotuve\/wp-json\/wp\/v2\/product"}],"about":[{"href":"https:\/\/anivet.lt\/elparduotuve\/wp-json\/wp\/v2\/types\/product"}],"wp:featuredmedia":[{"embeddable":true,"href":"https:\/\/anivet.lt\/elparduotuve\/wp-json\/wp\/v2\/media\/14930"}],"wp:attachment":[{"href":"https:\/\/anivet.lt\/elparduotuve\/wp-json\/wp\/v2\/media?parent=14929"}],"wp:term":[{"taxonomy":"product_brand","embeddable":true,"href":"https:\/\/anivet.lt\/elparduotuve\/wp-json\/wp\/v2\/product_brand?post=14929"},{"taxonomy":"product_cat","embeddable":true,"href":"https:\/\/anivet.lt\/elparduotuve\/wp-json\/wp\/v2\/product_cat?post=14929"},{"taxonomy":"product_tag","embeddable":true,"href":"https:\/\/anivet.lt\/elparduotuve\/wp-json\/wp\/v2\/product_tag?post=14929"}],"curies":[{"name":"wp","href":"https:\/\/api.w.org\/{rel}","templated":true}]}}