{"id":14975,"date":"2024-11-05T09:18:05","date_gmt":"2024-11-05T09:18:05","guid":{"rendered":"https:\/\/anivet.lt\/elparduotuve\/?post_type=product&#038;p=14975"},"modified":"2026-03-09T16:15:24","modified_gmt":"2026-03-09T16:15:24","slug":"mr-bandit-crunchy-pockets-skanestai-katems-su-tunu-40g","status":"publish","type":"product","link":"https:\/\/anivet.lt\/elparduotuve\/produktas\/mr-bandit-crunchy-pockets-skanestai-katems-su-tunu-40g\/","title":{"rendered":"Mr Bandit Crunchy Pockets skan\u0117stai kat\u0117ms su tunu 40g"},"content":{"rendered":"<ul>\n<li style=\"font-weight: 400;\" aria-level=\"1\"><span style=\"font-weight: 400;\">Auk\u0161tos kokyb\u0117s ingredientai: Sud\u0117tyje 17% tuno, 15% vi\u0161tienos ir 15% kreve\u010di\u0173 \u2013 m\u0117singi ir gard\u016bs skoniai.<\/span><\/li>\n<li style=\"font-weight: 400;\" aria-level=\"1\"><span style=\"font-weight: 400;\">Praturtinta taurinu: Taurinas b\u016btinas sveikai \u0161ird\u017eiai ir reg\u0117jimui.<\/span><\/li>\n<li style=\"font-weight: 400;\" aria-level=\"1\"><span style=\"font-weight: 400;\">Naudingi vitaminai: Papildyta vitaminu A, D3 ir E, kurie prisideda prie bendros sveikatos ir kailio spindesio.<\/span><\/li>\n<li style=\"font-weight: 400;\" aria-level=\"1\"><span style=\"font-weight: 400;\">Tra\u0161ki tekst\u016bra: Padeda palaikyti burnos higien\u0105 ir yra maloni j\u016bs\u0173 katei.<\/span><\/li>\n<li style=\"font-weight: 400;\" aria-level=\"1\"><span style=\"font-weight: 400;\">Subalansuota sud\u0117tis: Tinka kaip papildas kasdienei mitybai.<\/span><\/li>\n<\/ul>\n<p><span style=\"font-weight: 400;\">\u0160ie skan\u0117stai su tunu yra puikus b\u016bdas palepinti j\u016bs\u0173 kat\u0119, u\u017etikrinant, kad ji gaut\u0173 nauding\u0173 maistini\u0173 med\u017eiag\u0173. \u0160ie skan\u0117stai ne tik suteiks malonumo valgant, bet ir pad\u0117s palaikyti ger\u0105 sveikat\u0105 bei energij\u0105.<\/span><\/p>\n","protected":false},"excerpt":{"rendered":"<p><span style=\"font-weight: 400;\">Tra\u0161k\u016bs ir gard\u016bs skan\u0117stai \u201eMr. Bandit Crunchy Pockets\u201c yra skirti smali\u017e\u0117ms kat\u0117ms. Tai ne tik puikus b\u016bdas palepinti j\u016bs\u0173 augintin\u0119, bet ir vertinga pagalba dres\u016bros metu.<\/span><\/p>\n","protected":false},"featured_media":14976,"template":"","meta":[],"product_brand":[],"product_cat":[114,102,117],"product_tag":[],"class_list":{"0":"post-14975","1":"product","2":"type-product","3":"status-publish","4":"has-post-thumbnail","6":"product_cat-kaciu-maistas","7":"product_cat-katems","8":"product_cat-skanestai-katems","9":"pa_prekinis-zenklas-mr-bandit","11":"first","12":"instock","13":"taxable","14":"shipping-taxable","15":"purchasable","16":"product-type-simple"},"yoast_head":"<!-- This site is optimized with the Yoast SEO Premium plugin v27.1 (Yoast SEO v27.3) - https:\/\/yoast.com\/product\/yoast-seo-premium-wordpress\/ -->\n<title>Mr Bandit Crunchy Pockets skan\u0117stai kat\u0117ms su tunu 40g - anivet.lt<\/title>\n<meta name=\"description\" content=\"Tra\u0161k\u016bs ir gard\u016bs skan\u0117stai \u201eMr. Bandit Crunchy Pockets\u201c yra skirti smali\u017e\u0117ms kat\u0117ms. Tai ne tik puikus b\u016bdas palepinti j\u016bs\u0173 augintin\u0119, bet ir vertinga pagalba dres\u016bros metu.\" \/>\n<meta name=\"robots\" content=\"index, follow, max-snippet:-1, max-image-preview:large, max-video-preview:-1\" \/>\n<link rel=\"canonical\" href=\"https:\/\/anivet.lt\/elparduotuve\/produktas\/mr-bandit-crunchy-pockets-skanestai-katems-su-tunu-40g\/\" \/>\n<meta property=\"og:locale\" content=\"lt_LT\" \/>\n<meta property=\"og:type\" content=\"article\" \/>\n<meta property=\"og:title\" content=\"Mr Bandit Crunchy Pockets skan\u0117stai kat\u0117ms su tunu 40g\" \/>\n<meta property=\"og:description\" content=\"Tra\u0161k\u016bs ir gard\u016bs skan\u0117stai \u201eMr. Bandit Crunchy Pockets\u201c yra skirti smali\u017e\u0117ms kat\u0117ms. Tai ne tik puikus b\u016bdas palepinti j\u016bs\u0173 augintin\u0119, bet ir vertinga pagalba dres\u016bros metu.\" \/>\n<meta property=\"og:url\" content=\"https:\/\/anivet.lt\/elparduotuve\/produktas\/mr-bandit-crunchy-pockets-skanestai-katems-su-tunu-40g\/\" \/>\n<meta property=\"og:site_name\" content=\"anivet.lt\" \/>\n<meta property=\"article:modified_time\" content=\"2026-03-09T16:15:24+00:00\" \/>\n<meta property=\"og:image\" content=\"https:\/\/anivet.lt\/elparduotuve\/wp-content\/uploads\/2024\/11\/Mr-Bandit-tunas.png\" \/>\n\t<meta property=\"og:image:width\" content=\"400\" \/>\n\t<meta property=\"og:image:height\" content=\"261\" \/>\n\t<meta property=\"og:image:type\" content=\"image\/png\" \/>\n<meta name=\"twitter:card\" content=\"summary_large_image\" \/>\n<meta name=\"twitter:label1\" content=\"Est. reading time\" \/>\n\t<meta name=\"twitter:data1\" content=\"1 minut\u0117\" \/>\n<script type=\"application\/ld+json\" class=\"yoast-schema-graph\">{\"@context\":\"https:\\\/\\\/schema.org\",\"@graph\":[{\"@type\":\"WebPage\",\"@id\":\"https:\\\/\\\/anivet.lt\\\/elparduotuve\\\/produktas\\\/mr-bandit-crunchy-pockets-skanestai-katems-su-tunu-40g\\\/\",\"url\":\"https:\\\/\\\/anivet.lt\\\/elparduotuve\\\/produktas\\\/mr-bandit-crunchy-pockets-skanestai-katems-su-tunu-40g\\\/\",\"name\":\"Mr Bandit Crunchy Pockets skan\u0117stai kat\u0117ms su tunu 40g - anivet.lt\",\"isPartOf\":{\"@id\":\"https:\\\/\\\/anivet.lt\\\/elparduotuve\\\/#website\"},\"primaryImageOfPage\":{\"@id\":\"https:\\\/\\\/anivet.lt\\\/elparduotuve\\\/produktas\\\/mr-bandit-crunchy-pockets-skanestai-katems-su-tunu-40g\\\/#primaryimage\"},\"image\":{\"@id\":\"https:\\\/\\\/anivet.lt\\\/elparduotuve\\\/produktas\\\/mr-bandit-crunchy-pockets-skanestai-katems-su-tunu-40g\\\/#primaryimage\"},\"thumbnailUrl\":\"https:\\\/\\\/anivet.lt\\\/elparduotuve\\\/wp-content\\\/uploads\\\/2024\\\/11\\\/Mr-Bandit-tunas.png\",\"datePublished\":\"2024-11-05T09:18:05+00:00\",\"dateModified\":\"2026-03-09T16:15:24+00:00\",\"description\":\"Tra\u0161k\u016bs ir gard\u016bs skan\u0117stai \u201eMr. Bandit Crunchy Pockets\u201c yra skirti smali\u017e\u0117ms kat\u0117ms. Tai ne tik puikus b\u016bdas palepinti j\u016bs\u0173 augintin\u0119, bet ir vertinga pagalba dres\u016bros metu.\",\"breadcrumb\":{\"@id\":\"https:\\\/\\\/anivet.lt\\\/elparduotuve\\\/produktas\\\/mr-bandit-crunchy-pockets-skanestai-katems-su-tunu-40g\\\/#breadcrumb\"},\"inLanguage\":\"lt-LT\",\"potentialAction\":[{\"@type\":\"ReadAction\",\"target\":[\"https:\\\/\\\/anivet.lt\\\/elparduotuve\\\/produktas\\\/mr-bandit-crunchy-pockets-skanestai-katems-su-tunu-40g\\\/\"]}]},{\"@type\":\"ImageObject\",\"inLanguage\":\"lt-LT\",\"@id\":\"https:\\\/\\\/anivet.lt\\\/elparduotuve\\\/produktas\\\/mr-bandit-crunchy-pockets-skanestai-katems-su-tunu-40g\\\/#primaryimage\",\"url\":\"https:\\\/\\\/anivet.lt\\\/elparduotuve\\\/wp-content\\\/uploads\\\/2024\\\/11\\\/Mr-Bandit-tunas.png\",\"contentUrl\":\"https:\\\/\\\/anivet.lt\\\/elparduotuve\\\/wp-content\\\/uploads\\\/2024\\\/11\\\/Mr-Bandit-tunas.png\",\"width\":400,\"height\":261,\"caption\":\"Mr Bandit Crunchy Pockets skan\u0117stai kat\u0117ms su tunu 40g\"},{\"@type\":\"BreadcrumbList\",\"@id\":\"https:\\\/\\\/anivet.lt\\\/elparduotuve\\\/produktas\\\/mr-bandit-crunchy-pockets-skanestai-katems-su-tunu-40g\\\/#breadcrumb\",\"itemListElement\":[{\"@type\":\"ListItem\",\"position\":1,\"name\":\"Home\",\"item\":\"https:\\\/\\\/anivet.lt\\\/elparduotuve\\\/\"},{\"@type\":\"ListItem\",\"position\":2,\"name\":\"Produktai\",\"item\":\"https:\\\/\\\/anivet.lt\\\/elparduotuve\\\/produktai\\\/\"},{\"@type\":\"ListItem\",\"position\":3,\"name\":\"Mr Bandit Crunchy Pockets skan\u0117stai kat\u0117ms su tunu 40g\"}]},{\"@type\":\"WebSite\",\"@id\":\"https:\\\/\\\/anivet.lt\\\/elparduotuve\\\/#website\",\"url\":\"https:\\\/\\\/anivet.lt\\\/elparduotuve\\\/\",\"name\":\"anivet.lt\",\"description\":\"Viskas J\u016bs\u0173 \u0161uns, kat\u0117s prie\u017ei\u016brai\",\"publisher\":{\"@id\":\"https:\\\/\\\/anivet.lt\\\/elparduotuve\\\/#organization\"},\"alternateName\":\"Viskas J\u016bs\u0173 \u0161uns, kat\u0117s prie\u017ei\u016brai\",\"potentialAction\":[{\"@type\":\"SearchAction\",\"target\":{\"@type\":\"EntryPoint\",\"urlTemplate\":\"https:\\\/\\\/anivet.lt\\\/elparduotuve\\\/?s={search_term_string}\"},\"query-input\":{\"@type\":\"PropertyValueSpecification\",\"valueRequired\":true,\"valueName\":\"search_term_string\"}}],\"inLanguage\":\"lt-LT\"},{\"@type\":\"Organization\",\"@id\":\"https:\\\/\\\/anivet.lt\\\/elparduotuve\\\/#organization\",\"name\":\"Viskas J\u016bs\u0173 \u0161uns, kat\u0117s prie\u017ei\u016brai\",\"url\":\"https:\\\/\\\/anivet.lt\\\/elparduotuve\\\/\",\"logo\":{\"@type\":\"ImageObject\",\"inLanguage\":\"lt-LT\",\"@id\":\"https:\\\/\\\/anivet.lt\\\/elparduotuve\\\/#\\\/schema\\\/logo\\\/image\\\/\",\"url\":\"https:\\\/\\\/anivet.lt\\\/elparduotuve\\\/wp-content\\\/uploads\\\/2023\\\/06\\\/logo2.jpg\",\"contentUrl\":\"https:\\\/\\\/anivet.lt\\\/elparduotuve\\\/wp-content\\\/uploads\\\/2023\\\/06\\\/logo2.jpg\",\"width\":655,\"height\":194,\"caption\":\"Viskas J\u016bs\u0173 \u0161uns, kat\u0117s prie\u017ei\u016brai\"},\"image\":{\"@id\":\"https:\\\/\\\/anivet.lt\\\/elparduotuve\\\/#\\\/schema\\\/logo\\\/image\\\/\"}}]}<\/script>\n<!-- \/ Yoast SEO Premium plugin. -->","yoast_head_json":{"title":"Mr Bandit Crunchy Pockets skan\u0117stai kat\u0117ms su tunu 40g - anivet.lt","description":"Tra\u0161k\u016bs ir gard\u016bs skan\u0117stai \u201eMr. Bandit Crunchy Pockets\u201c yra skirti smali\u017e\u0117ms kat\u0117ms. Tai ne tik puikus b\u016bdas palepinti j\u016bs\u0173 augintin\u0119, bet ir vertinga pagalba dres\u016bros metu.","robots":{"index":"index","follow":"follow","max-snippet":"max-snippet:-1","max-image-preview":"max-image-preview:large","max-video-preview":"max-video-preview:-1"},"canonical":"https:\/\/anivet.lt\/elparduotuve\/produktas\/mr-bandit-crunchy-pockets-skanestai-katems-su-tunu-40g\/","og_locale":"lt_LT","og_type":"article","og_title":"Mr Bandit Crunchy Pockets skan\u0117stai kat\u0117ms su tunu 40g","og_description":"Tra\u0161k\u016bs ir gard\u016bs skan\u0117stai \u201eMr. Bandit Crunchy Pockets\u201c yra skirti smali\u017e\u0117ms kat\u0117ms. Tai ne tik puikus b\u016bdas palepinti j\u016bs\u0173 augintin\u0119, bet ir vertinga pagalba dres\u016bros metu.","og_url":"https:\/\/anivet.lt\/elparduotuve\/produktas\/mr-bandit-crunchy-pockets-skanestai-katems-su-tunu-40g\/","og_site_name":"anivet.lt","article_modified_time":"2026-03-09T16:15:24+00:00","og_image":[{"width":400,"height":261,"url":"https:\/\/anivet.lt\/elparduotuve\/wp-content\/uploads\/2024\/11\/Mr-Bandit-tunas.png","type":"image\/png"}],"twitter_card":"summary_large_image","twitter_misc":{"Est. reading time":"1 minut\u0117"},"schema":{"@context":"https:\/\/schema.org","@graph":[{"@type":"WebPage","@id":"https:\/\/anivet.lt\/elparduotuve\/produktas\/mr-bandit-crunchy-pockets-skanestai-katems-su-tunu-40g\/","url":"https:\/\/anivet.lt\/elparduotuve\/produktas\/mr-bandit-crunchy-pockets-skanestai-katems-su-tunu-40g\/","name":"Mr Bandit Crunchy Pockets skan\u0117stai kat\u0117ms su tunu 40g - anivet.lt","isPartOf":{"@id":"https:\/\/anivet.lt\/elparduotuve\/#website"},"primaryImageOfPage":{"@id":"https:\/\/anivet.lt\/elparduotuve\/produktas\/mr-bandit-crunchy-pockets-skanestai-katems-su-tunu-40g\/#primaryimage"},"image":{"@id":"https:\/\/anivet.lt\/elparduotuve\/produktas\/mr-bandit-crunchy-pockets-skanestai-katems-su-tunu-40g\/#primaryimage"},"thumbnailUrl":"https:\/\/anivet.lt\/elparduotuve\/wp-content\/uploads\/2024\/11\/Mr-Bandit-tunas.png","datePublished":"2024-11-05T09:18:05+00:00","dateModified":"2026-03-09T16:15:24+00:00","description":"Tra\u0161k\u016bs ir gard\u016bs skan\u0117stai \u201eMr. Bandit Crunchy Pockets\u201c yra skirti smali\u017e\u0117ms kat\u0117ms. Tai ne tik puikus b\u016bdas palepinti j\u016bs\u0173 augintin\u0119, bet ir vertinga pagalba dres\u016bros metu.","breadcrumb":{"@id":"https:\/\/anivet.lt\/elparduotuve\/produktas\/mr-bandit-crunchy-pockets-skanestai-katems-su-tunu-40g\/#breadcrumb"},"inLanguage":"lt-LT","potentialAction":[{"@type":"ReadAction","target":["https:\/\/anivet.lt\/elparduotuve\/produktas\/mr-bandit-crunchy-pockets-skanestai-katems-su-tunu-40g\/"]}]},{"@type":"ImageObject","inLanguage":"lt-LT","@id":"https:\/\/anivet.lt\/elparduotuve\/produktas\/mr-bandit-crunchy-pockets-skanestai-katems-su-tunu-40g\/#primaryimage","url":"https:\/\/anivet.lt\/elparduotuve\/wp-content\/uploads\/2024\/11\/Mr-Bandit-tunas.png","contentUrl":"https:\/\/anivet.lt\/elparduotuve\/wp-content\/uploads\/2024\/11\/Mr-Bandit-tunas.png","width":400,"height":261,"caption":"Mr Bandit Crunchy Pockets skan\u0117stai kat\u0117ms su tunu 40g"},{"@type":"BreadcrumbList","@id":"https:\/\/anivet.lt\/elparduotuve\/produktas\/mr-bandit-crunchy-pockets-skanestai-katems-su-tunu-40g\/#breadcrumb","itemListElement":[{"@type":"ListItem","position":1,"name":"Home","item":"https:\/\/anivet.lt\/elparduotuve\/"},{"@type":"ListItem","position":2,"name":"Produktai","item":"https:\/\/anivet.lt\/elparduotuve\/produktai\/"},{"@type":"ListItem","position":3,"name":"Mr Bandit Crunchy Pockets skan\u0117stai kat\u0117ms su tunu 40g"}]},{"@type":"WebSite","@id":"https:\/\/anivet.lt\/elparduotuve\/#website","url":"https:\/\/anivet.lt\/elparduotuve\/","name":"anivet.lt","description":"Viskas J\u016bs\u0173 \u0161uns, kat\u0117s prie\u017ei\u016brai","publisher":{"@id":"https:\/\/anivet.lt\/elparduotuve\/#organization"},"alternateName":"Viskas J\u016bs\u0173 \u0161uns, kat\u0117s prie\u017ei\u016brai","potentialAction":[{"@type":"SearchAction","target":{"@type":"EntryPoint","urlTemplate":"https:\/\/anivet.lt\/elparduotuve\/?s={search_term_string}"},"query-input":{"@type":"PropertyValueSpecification","valueRequired":true,"valueName":"search_term_string"}}],"inLanguage":"lt-LT"},{"@type":"Organization","@id":"https:\/\/anivet.lt\/elparduotuve\/#organization","name":"Viskas J\u016bs\u0173 \u0161uns, kat\u0117s prie\u017ei\u016brai","url":"https:\/\/anivet.lt\/elparduotuve\/","logo":{"@type":"ImageObject","inLanguage":"lt-LT","@id":"https:\/\/anivet.lt\/elparduotuve\/#\/schema\/logo\/image\/","url":"https:\/\/anivet.lt\/elparduotuve\/wp-content\/uploads\/2023\/06\/logo2.jpg","contentUrl":"https:\/\/anivet.lt\/elparduotuve\/wp-content\/uploads\/2023\/06\/logo2.jpg","width":655,"height":194,"caption":"Viskas J\u016bs\u0173 \u0161uns, kat\u0117s prie\u017ei\u016brai"},"image":{"@id":"https:\/\/anivet.lt\/elparduotuve\/#\/schema\/logo\/image\/"}}]}},"_links":{"self":[{"href":"https:\/\/anivet.lt\/elparduotuve\/wp-json\/wp\/v2\/product\/14975","targetHints":{"allow":["GET"]}}],"collection":[{"href":"https:\/\/anivet.lt\/elparduotuve\/wp-json\/wp\/v2\/product"}],"about":[{"href":"https:\/\/anivet.lt\/elparduotuve\/wp-json\/wp\/v2\/types\/product"}],"wp:featuredmedia":[{"embeddable":true,"href":"https:\/\/anivet.lt\/elparduotuve\/wp-json\/wp\/v2\/media\/14976"}],"wp:attachment":[{"href":"https:\/\/anivet.lt\/elparduotuve\/wp-json\/wp\/v2\/media?parent=14975"}],"wp:term":[{"taxonomy":"product_brand","embeddable":true,"href":"https:\/\/anivet.lt\/elparduotuve\/wp-json\/wp\/v2\/product_brand?post=14975"},{"taxonomy":"product_cat","embeddable":true,"href":"https:\/\/anivet.lt\/elparduotuve\/wp-json\/wp\/v2\/product_cat?post=14975"},{"taxonomy":"product_tag","embeddable":true,"href":"https:\/\/anivet.lt\/elparduotuve\/wp-json\/wp\/v2\/product_tag?post=14975"}],"curies":[{"name":"wp","href":"https:\/\/api.w.org\/{rel}","templated":true}]}}