{"id":14977,"date":"2024-11-05T09:24:33","date_gmt":"2024-11-05T09:24:33","guid":{"rendered":"https:\/\/anivet.lt\/elparduotuve\/?post_type=product&#038;p=14977"},"modified":"2026-03-09T16:15:35","modified_gmt":"2026-03-09T16:15:35","slug":"mr-bandit-crunchy-pockets-skanestai-katems-su-tunu-ir-krevetemis-40g","status":"publish","type":"product","link":"https:\/\/anivet.lt\/elparduotuve\/produktas\/mr-bandit-crunchy-pockets-skanestai-katems-su-tunu-ir-krevetemis-40g\/","title":{"rendered":"Mr Bandit Crunchy Pockets skan\u0117stai kat\u0117ms su tunu ir krevet\u0117mis 40g"},"content":{"rendered":"<ul>\n<li style=\"font-weight: 400;\" aria-level=\"1\"><span style=\"font-weight: 400;\">Auk\u0161tos kokyb\u0117s ingredientai: Sud\u0117tyje 17% tuno, 17% kreve\u010di\u0173 ir 13% vi\u0161tienos, u\u017etikrinantys baltym\u0173 gaus\u0105.<\/span><\/li>\n<li style=\"font-weight: 400;\" aria-level=\"1\"><span style=\"font-weight: 400;\">Praturtinti taurinu: Taurinas b\u016btinas sveikai \u0161ird\u017eiai, reg\u0117jimui ir nerv\u0173 sistemai palaikyti.<\/span><\/li>\n<li style=\"font-weight: 400;\" aria-level=\"1\"><span style=\"font-weight: 400;\">Vitaminais papildyta sud\u0117tis: Sud\u0117tyje yra A, D3 ir E vitamin\u0173, kurie padeda stiprinti imunin\u0119 sistem\u0105 ir palaiko kailio sveikat\u0105.<\/span><\/li>\n<li style=\"font-weight: 400;\" aria-level=\"1\"><span style=\"font-weight: 400;\">Tra\u0161k\u016bs k\u0105sneliai: Puikiai tinka kaip atlygis dres\u016bros metu arba tiesiog palepinimui.<\/span><\/li>\n<li style=\"font-weight: 400;\" aria-level=\"1\"><span style=\"font-weight: 400;\">Subalansuota sud\u0117tis: Idealiai tinka papildyti kasdien\u0119 kat\u0117s mityb\u0105.<\/span><\/li>\n<\/ul>\n<p>&nbsp;<\/p>\n<p><span style=\"font-weight: 400;\">Skan\u0117stai su tunu ir krevet\u0117mis &#8211; tai gardi ir sveika alternatyva, skirta pamaloninti j\u016bs\u0173 augintin\u0119. Skan\u0117stai yra ne tik skan\u016bs, bet ir naudingi jos bendros sveikatos palaikymui.<\/span><\/p>\n","protected":false},"excerpt":{"rendered":"<p><span style=\"font-weight: 400;\">\u0160ie skan\u0117stai yra gardus ir maistingas pasirinkimas j\u016bs\u0173 katei. Tra\u0161k\u016bs k\u0105sneliai ne tik prad\u017eiugins augintin\u0119 savo skoniu, bet ir suteiks jai nauding\u0173 med\u017eiag\u0173. Tai puikus b\u016bdas palepinti savo kat\u0119 arba j\u0105 motyvuoti dres\u016bros metu.<\/span><\/p>\n","protected":false},"featured_media":14978,"template":"","meta":[],"product_brand":[],"product_cat":[114,102,117],"product_tag":[],"class_list":{"0":"post-14977","1":"product","2":"type-product","3":"status-publish","4":"has-post-thumbnail","6":"product_cat-kaciu-maistas","7":"product_cat-katems","8":"product_cat-skanestai-katems","9":"pa_prekinis-zenklas-mr-bandit","11":"first","12":"instock","13":"taxable","14":"shipping-taxable","15":"purchasable","16":"product-type-simple"},"yoast_head":"<!-- This site is optimized with the Yoast SEO Premium plugin v27.1 (Yoast SEO v27.3) - https:\/\/yoast.com\/product\/yoast-seo-premium-wordpress\/ -->\n<title>Mr Bandit Crunchy Pockets skan\u0117stai kat\u0117ms su tunu ir krevet\u0117mis 40g - anivet.lt<\/title>\n<meta name=\"description\" content=\"\u0160ie skan\u0117stai yra gardus ir maistingas pasirinkimas j\u016bs\u0173 katei. Tra\u0161k\u016bs k\u0105sneliai ne tik prad\u017eiugins augintin\u0119 savo skoniu, bet ir suteiks jai nauding\u0173 med\u017eiag\u0173. Tai puikus b\u016bdas palepinti savo kat\u0119 arba j\u0105 motyvuoti dres\u016bros metu.\" \/>\n<meta name=\"robots\" content=\"index, follow, max-snippet:-1, max-image-preview:large, max-video-preview:-1\" \/>\n<link rel=\"canonical\" href=\"https:\/\/anivet.lt\/elparduotuve\/produktas\/mr-bandit-crunchy-pockets-skanestai-katems-su-tunu-ir-krevetemis-40g\/\" \/>\n<meta property=\"og:locale\" content=\"lt_LT\" \/>\n<meta property=\"og:type\" content=\"article\" \/>\n<meta property=\"og:title\" content=\"Mr Bandit Crunchy Pockets skan\u0117stai kat\u0117ms su tunu ir krevet\u0117mis 40g\" \/>\n<meta property=\"og:description\" content=\"\u0160ie skan\u0117stai yra gardus ir maistingas pasirinkimas j\u016bs\u0173 katei. Tra\u0161k\u016bs k\u0105sneliai ne tik prad\u017eiugins augintin\u0119 savo skoniu, bet ir suteiks jai nauding\u0173 med\u017eiag\u0173. Tai puikus b\u016bdas palepinti savo kat\u0119 arba j\u0105 motyvuoti dres\u016bros metu.\" \/>\n<meta property=\"og:url\" content=\"https:\/\/anivet.lt\/elparduotuve\/produktas\/mr-bandit-crunchy-pockets-skanestai-katems-su-tunu-ir-krevetemis-40g\/\" \/>\n<meta property=\"og:site_name\" content=\"anivet.lt\" \/>\n<meta property=\"article:modified_time\" content=\"2026-03-09T16:15:35+00:00\" \/>\n<meta property=\"og:image\" content=\"https:\/\/anivet.lt\/elparduotuve\/wp-content\/uploads\/2024\/11\/Mr-Bandit-tunas-krevete.png\" \/>\n\t<meta property=\"og:image:width\" content=\"400\" \/>\n\t<meta property=\"og:image:height\" content=\"230\" \/>\n\t<meta property=\"og:image:type\" content=\"image\/png\" \/>\n<meta name=\"twitter:card\" content=\"summary_large_image\" \/>\n<meta name=\"twitter:label1\" content=\"Est. reading time\" \/>\n\t<meta name=\"twitter:data1\" content=\"1 minut\u0117\" \/>\n<script type=\"application\/ld+json\" class=\"yoast-schema-graph\">{\"@context\":\"https:\\\/\\\/schema.org\",\"@graph\":[{\"@type\":\"WebPage\",\"@id\":\"https:\\\/\\\/anivet.lt\\\/elparduotuve\\\/produktas\\\/mr-bandit-crunchy-pockets-skanestai-katems-su-tunu-ir-krevetemis-40g\\\/\",\"url\":\"https:\\\/\\\/anivet.lt\\\/elparduotuve\\\/produktas\\\/mr-bandit-crunchy-pockets-skanestai-katems-su-tunu-ir-krevetemis-40g\\\/\",\"name\":\"Mr Bandit Crunchy Pockets skan\u0117stai kat\u0117ms su tunu ir krevet\u0117mis 40g - anivet.lt\",\"isPartOf\":{\"@id\":\"https:\\\/\\\/anivet.lt\\\/elparduotuve\\\/#website\"},\"primaryImageOfPage\":{\"@id\":\"https:\\\/\\\/anivet.lt\\\/elparduotuve\\\/produktas\\\/mr-bandit-crunchy-pockets-skanestai-katems-su-tunu-ir-krevetemis-40g\\\/#primaryimage\"},\"image\":{\"@id\":\"https:\\\/\\\/anivet.lt\\\/elparduotuve\\\/produktas\\\/mr-bandit-crunchy-pockets-skanestai-katems-su-tunu-ir-krevetemis-40g\\\/#primaryimage\"},\"thumbnailUrl\":\"https:\\\/\\\/anivet.lt\\\/elparduotuve\\\/wp-content\\\/uploads\\\/2024\\\/11\\\/Mr-Bandit-tunas-krevete.png\",\"datePublished\":\"2024-11-05T09:24:33+00:00\",\"dateModified\":\"2026-03-09T16:15:35+00:00\",\"description\":\"\u0160ie skan\u0117stai yra gardus ir maistingas pasirinkimas j\u016bs\u0173 katei. Tra\u0161k\u016bs k\u0105sneliai ne tik prad\u017eiugins augintin\u0119 savo skoniu, bet ir suteiks jai nauding\u0173 med\u017eiag\u0173. Tai puikus b\u016bdas palepinti savo kat\u0119 arba j\u0105 motyvuoti dres\u016bros metu.\",\"breadcrumb\":{\"@id\":\"https:\\\/\\\/anivet.lt\\\/elparduotuve\\\/produktas\\\/mr-bandit-crunchy-pockets-skanestai-katems-su-tunu-ir-krevetemis-40g\\\/#breadcrumb\"},\"inLanguage\":\"lt-LT\",\"potentialAction\":[{\"@type\":\"ReadAction\",\"target\":[\"https:\\\/\\\/anivet.lt\\\/elparduotuve\\\/produktas\\\/mr-bandit-crunchy-pockets-skanestai-katems-su-tunu-ir-krevetemis-40g\\\/\"]}]},{\"@type\":\"ImageObject\",\"inLanguage\":\"lt-LT\",\"@id\":\"https:\\\/\\\/anivet.lt\\\/elparduotuve\\\/produktas\\\/mr-bandit-crunchy-pockets-skanestai-katems-su-tunu-ir-krevetemis-40g\\\/#primaryimage\",\"url\":\"https:\\\/\\\/anivet.lt\\\/elparduotuve\\\/wp-content\\\/uploads\\\/2024\\\/11\\\/Mr-Bandit-tunas-krevete.png\",\"contentUrl\":\"https:\\\/\\\/anivet.lt\\\/elparduotuve\\\/wp-content\\\/uploads\\\/2024\\\/11\\\/Mr-Bandit-tunas-krevete.png\",\"width\":400,\"height\":230,\"caption\":\"Mr Bandit Crunchy Pockets skan\u0117stai kat\u0117ms su tunu ir krevet\u0117mis 40g\"},{\"@type\":\"BreadcrumbList\",\"@id\":\"https:\\\/\\\/anivet.lt\\\/elparduotuve\\\/produktas\\\/mr-bandit-crunchy-pockets-skanestai-katems-su-tunu-ir-krevetemis-40g\\\/#breadcrumb\",\"itemListElement\":[{\"@type\":\"ListItem\",\"position\":1,\"name\":\"Home\",\"item\":\"https:\\\/\\\/anivet.lt\\\/elparduotuve\\\/\"},{\"@type\":\"ListItem\",\"position\":2,\"name\":\"Produktai\",\"item\":\"https:\\\/\\\/anivet.lt\\\/elparduotuve\\\/produktai\\\/\"},{\"@type\":\"ListItem\",\"position\":3,\"name\":\"Mr Bandit Crunchy Pockets skan\u0117stai kat\u0117ms su tunu ir krevet\u0117mis 40g\"}]},{\"@type\":\"WebSite\",\"@id\":\"https:\\\/\\\/anivet.lt\\\/elparduotuve\\\/#website\",\"url\":\"https:\\\/\\\/anivet.lt\\\/elparduotuve\\\/\",\"name\":\"anivet.lt\",\"description\":\"Viskas J\u016bs\u0173 \u0161uns, kat\u0117s prie\u017ei\u016brai\",\"publisher\":{\"@id\":\"https:\\\/\\\/anivet.lt\\\/elparduotuve\\\/#organization\"},\"alternateName\":\"Viskas J\u016bs\u0173 \u0161uns, kat\u0117s prie\u017ei\u016brai\",\"potentialAction\":[{\"@type\":\"SearchAction\",\"target\":{\"@type\":\"EntryPoint\",\"urlTemplate\":\"https:\\\/\\\/anivet.lt\\\/elparduotuve\\\/?s={search_term_string}\"},\"query-input\":{\"@type\":\"PropertyValueSpecification\",\"valueRequired\":true,\"valueName\":\"search_term_string\"}}],\"inLanguage\":\"lt-LT\"},{\"@type\":\"Organization\",\"@id\":\"https:\\\/\\\/anivet.lt\\\/elparduotuve\\\/#organization\",\"name\":\"Viskas J\u016bs\u0173 \u0161uns, kat\u0117s prie\u017ei\u016brai\",\"url\":\"https:\\\/\\\/anivet.lt\\\/elparduotuve\\\/\",\"logo\":{\"@type\":\"ImageObject\",\"inLanguage\":\"lt-LT\",\"@id\":\"https:\\\/\\\/anivet.lt\\\/elparduotuve\\\/#\\\/schema\\\/logo\\\/image\\\/\",\"url\":\"https:\\\/\\\/anivet.lt\\\/elparduotuve\\\/wp-content\\\/uploads\\\/2023\\\/06\\\/logo2.jpg\",\"contentUrl\":\"https:\\\/\\\/anivet.lt\\\/elparduotuve\\\/wp-content\\\/uploads\\\/2023\\\/06\\\/logo2.jpg\",\"width\":655,\"height\":194,\"caption\":\"Viskas J\u016bs\u0173 \u0161uns, kat\u0117s prie\u017ei\u016brai\"},\"image\":{\"@id\":\"https:\\\/\\\/anivet.lt\\\/elparduotuve\\\/#\\\/schema\\\/logo\\\/image\\\/\"}}]}<\/script>\n<!-- \/ Yoast SEO Premium plugin. -->","yoast_head_json":{"title":"Mr Bandit Crunchy Pockets skan\u0117stai kat\u0117ms su tunu ir krevet\u0117mis 40g - anivet.lt","description":"\u0160ie skan\u0117stai yra gardus ir maistingas pasirinkimas j\u016bs\u0173 katei. Tra\u0161k\u016bs k\u0105sneliai ne tik prad\u017eiugins augintin\u0119 savo skoniu, bet ir suteiks jai nauding\u0173 med\u017eiag\u0173. Tai puikus b\u016bdas palepinti savo kat\u0119 arba j\u0105 motyvuoti dres\u016bros metu.","robots":{"index":"index","follow":"follow","max-snippet":"max-snippet:-1","max-image-preview":"max-image-preview:large","max-video-preview":"max-video-preview:-1"},"canonical":"https:\/\/anivet.lt\/elparduotuve\/produktas\/mr-bandit-crunchy-pockets-skanestai-katems-su-tunu-ir-krevetemis-40g\/","og_locale":"lt_LT","og_type":"article","og_title":"Mr Bandit Crunchy Pockets skan\u0117stai kat\u0117ms su tunu ir krevet\u0117mis 40g","og_description":"\u0160ie skan\u0117stai yra gardus ir maistingas pasirinkimas j\u016bs\u0173 katei. Tra\u0161k\u016bs k\u0105sneliai ne tik prad\u017eiugins augintin\u0119 savo skoniu, bet ir suteiks jai nauding\u0173 med\u017eiag\u0173. Tai puikus b\u016bdas palepinti savo kat\u0119 arba j\u0105 motyvuoti dres\u016bros metu.","og_url":"https:\/\/anivet.lt\/elparduotuve\/produktas\/mr-bandit-crunchy-pockets-skanestai-katems-su-tunu-ir-krevetemis-40g\/","og_site_name":"anivet.lt","article_modified_time":"2026-03-09T16:15:35+00:00","og_image":[{"width":400,"height":230,"url":"https:\/\/anivet.lt\/elparduotuve\/wp-content\/uploads\/2024\/11\/Mr-Bandit-tunas-krevete.png","type":"image\/png"}],"twitter_card":"summary_large_image","twitter_misc":{"Est. reading time":"1 minut\u0117"},"schema":{"@context":"https:\/\/schema.org","@graph":[{"@type":"WebPage","@id":"https:\/\/anivet.lt\/elparduotuve\/produktas\/mr-bandit-crunchy-pockets-skanestai-katems-su-tunu-ir-krevetemis-40g\/","url":"https:\/\/anivet.lt\/elparduotuve\/produktas\/mr-bandit-crunchy-pockets-skanestai-katems-su-tunu-ir-krevetemis-40g\/","name":"Mr Bandit Crunchy Pockets skan\u0117stai kat\u0117ms su tunu ir krevet\u0117mis 40g - anivet.lt","isPartOf":{"@id":"https:\/\/anivet.lt\/elparduotuve\/#website"},"primaryImageOfPage":{"@id":"https:\/\/anivet.lt\/elparduotuve\/produktas\/mr-bandit-crunchy-pockets-skanestai-katems-su-tunu-ir-krevetemis-40g\/#primaryimage"},"image":{"@id":"https:\/\/anivet.lt\/elparduotuve\/produktas\/mr-bandit-crunchy-pockets-skanestai-katems-su-tunu-ir-krevetemis-40g\/#primaryimage"},"thumbnailUrl":"https:\/\/anivet.lt\/elparduotuve\/wp-content\/uploads\/2024\/11\/Mr-Bandit-tunas-krevete.png","datePublished":"2024-11-05T09:24:33+00:00","dateModified":"2026-03-09T16:15:35+00:00","description":"\u0160ie skan\u0117stai yra gardus ir maistingas pasirinkimas j\u016bs\u0173 katei. Tra\u0161k\u016bs k\u0105sneliai ne tik prad\u017eiugins augintin\u0119 savo skoniu, bet ir suteiks jai nauding\u0173 med\u017eiag\u0173. Tai puikus b\u016bdas palepinti savo kat\u0119 arba j\u0105 motyvuoti dres\u016bros metu.","breadcrumb":{"@id":"https:\/\/anivet.lt\/elparduotuve\/produktas\/mr-bandit-crunchy-pockets-skanestai-katems-su-tunu-ir-krevetemis-40g\/#breadcrumb"},"inLanguage":"lt-LT","potentialAction":[{"@type":"ReadAction","target":["https:\/\/anivet.lt\/elparduotuve\/produktas\/mr-bandit-crunchy-pockets-skanestai-katems-su-tunu-ir-krevetemis-40g\/"]}]},{"@type":"ImageObject","inLanguage":"lt-LT","@id":"https:\/\/anivet.lt\/elparduotuve\/produktas\/mr-bandit-crunchy-pockets-skanestai-katems-su-tunu-ir-krevetemis-40g\/#primaryimage","url":"https:\/\/anivet.lt\/elparduotuve\/wp-content\/uploads\/2024\/11\/Mr-Bandit-tunas-krevete.png","contentUrl":"https:\/\/anivet.lt\/elparduotuve\/wp-content\/uploads\/2024\/11\/Mr-Bandit-tunas-krevete.png","width":400,"height":230,"caption":"Mr Bandit Crunchy Pockets skan\u0117stai kat\u0117ms su tunu ir krevet\u0117mis 40g"},{"@type":"BreadcrumbList","@id":"https:\/\/anivet.lt\/elparduotuve\/produktas\/mr-bandit-crunchy-pockets-skanestai-katems-su-tunu-ir-krevetemis-40g\/#breadcrumb","itemListElement":[{"@type":"ListItem","position":1,"name":"Home","item":"https:\/\/anivet.lt\/elparduotuve\/"},{"@type":"ListItem","position":2,"name":"Produktai","item":"https:\/\/anivet.lt\/elparduotuve\/produktai\/"},{"@type":"ListItem","position":3,"name":"Mr Bandit Crunchy Pockets skan\u0117stai kat\u0117ms su tunu ir krevet\u0117mis 40g"}]},{"@type":"WebSite","@id":"https:\/\/anivet.lt\/elparduotuve\/#website","url":"https:\/\/anivet.lt\/elparduotuve\/","name":"anivet.lt","description":"Viskas J\u016bs\u0173 \u0161uns, kat\u0117s prie\u017ei\u016brai","publisher":{"@id":"https:\/\/anivet.lt\/elparduotuve\/#organization"},"alternateName":"Viskas J\u016bs\u0173 \u0161uns, kat\u0117s prie\u017ei\u016brai","potentialAction":[{"@type":"SearchAction","target":{"@type":"EntryPoint","urlTemplate":"https:\/\/anivet.lt\/elparduotuve\/?s={search_term_string}"},"query-input":{"@type":"PropertyValueSpecification","valueRequired":true,"valueName":"search_term_string"}}],"inLanguage":"lt-LT"},{"@type":"Organization","@id":"https:\/\/anivet.lt\/elparduotuve\/#organization","name":"Viskas J\u016bs\u0173 \u0161uns, kat\u0117s prie\u017ei\u016brai","url":"https:\/\/anivet.lt\/elparduotuve\/","logo":{"@type":"ImageObject","inLanguage":"lt-LT","@id":"https:\/\/anivet.lt\/elparduotuve\/#\/schema\/logo\/image\/","url":"https:\/\/anivet.lt\/elparduotuve\/wp-content\/uploads\/2023\/06\/logo2.jpg","contentUrl":"https:\/\/anivet.lt\/elparduotuve\/wp-content\/uploads\/2023\/06\/logo2.jpg","width":655,"height":194,"caption":"Viskas J\u016bs\u0173 \u0161uns, kat\u0117s prie\u017ei\u016brai"},"image":{"@id":"https:\/\/anivet.lt\/elparduotuve\/#\/schema\/logo\/image\/"}}]}},"_links":{"self":[{"href":"https:\/\/anivet.lt\/elparduotuve\/wp-json\/wp\/v2\/product\/14977","targetHints":{"allow":["GET"]}}],"collection":[{"href":"https:\/\/anivet.lt\/elparduotuve\/wp-json\/wp\/v2\/product"}],"about":[{"href":"https:\/\/anivet.lt\/elparduotuve\/wp-json\/wp\/v2\/types\/product"}],"wp:featuredmedia":[{"embeddable":true,"href":"https:\/\/anivet.lt\/elparduotuve\/wp-json\/wp\/v2\/media\/14978"}],"wp:attachment":[{"href":"https:\/\/anivet.lt\/elparduotuve\/wp-json\/wp\/v2\/media?parent=14977"}],"wp:term":[{"taxonomy":"product_brand","embeddable":true,"href":"https:\/\/anivet.lt\/elparduotuve\/wp-json\/wp\/v2\/product_brand?post=14977"},{"taxonomy":"product_cat","embeddable":true,"href":"https:\/\/anivet.lt\/elparduotuve\/wp-json\/wp\/v2\/product_cat?post=14977"},{"taxonomy":"product_tag","embeddable":true,"href":"https:\/\/anivet.lt\/elparduotuve\/wp-json\/wp\/v2\/product_tag?post=14977"}],"curies":[{"name":"wp","href":"https:\/\/api.w.org\/{rel}","templated":true}]}}