{"id":14987,"date":"2024-11-05T10:53:06","date_gmt":"2024-11-05T10:53:06","guid":{"rendered":"https:\/\/anivet.lt\/elparduotuve\/?post_type=product&#038;p=14987"},"modified":"2026-01-07T18:04:41","modified_gmt":"2026-01-07T18:04:41","slug":"mr-bandit-donut-sunims-su-antiena-500g","status":"publish","type":"product","link":"https:\/\/anivet.lt\/elparduotuve\/produktas\/mr-bandit-donut-sunims-su-antiena-500g\/","title":{"rendered":"Mr. Bandit Donut \u0161unims su antiena 500g"},"content":{"rendered":"<ul>\n<li style=\"font-weight: 400;\" aria-level=\"1\"><span style=\"font-weight: 400;\">Puikus baltym\u0173 \u0161altinis: Sud\u0117tyje esan\u010dios jautienos, antienos ir vi\u0161tienos kr\u016btin\u0117l\u0117s m\u0117sa apr\u016bpina \u0161un\u012f b\u016btinais baltymais.<\/span><\/li>\n<li style=\"font-weight: 400;\" aria-level=\"1\"><span style=\"font-weight: 400;\">Tra\u0161ki tekst\u016bra: Padeda palaikyti dant\u0173 \u0161var\u0105 ir danten\u0173 stiprum\u0105.<\/span><\/li>\n<li style=\"font-weight: 400;\" aria-level=\"1\"><span style=\"font-weight: 400;\">Tinka kaip atlygis: Idealus pasirinkimas treniruot\u0117ms ar kaip u\u017ekandis geram elgesiui paskatinti.<\/span><\/li>\n<li style=\"font-weight: 400;\" aria-level=\"1\"><span style=\"font-weight: 400;\">Ma\u017eai ingredient\u0173: Paprasta sud\u0117tis, be nereikaling\u0173 pried\u0173.<\/span><\/li>\n<li style=\"font-weight: 400;\" aria-level=\"1\"><span style=\"font-weight: 400;\">Gardus skonis: Skan\u0117stai, kuriuos \u0161unys m\u0117gsta!<\/span><\/li>\n<\/ul>\n<p><span style=\"font-weight: 400;\">\u0160ie \u201eMr. Bandit Donut\u201c skanukai ne tik gard\u016bs, bet ir naudingi j\u016bs\u0173 augintiniui. Jie suteiks d\u017eiaugsmo kiekvien\u0105 kramtymo akimirk\u0105, pad\u0117s augintiniui i\u0161laikyti ger\u0105 dant\u0173 b\u016bkl\u0119 ir sustiprins ry\u0161\u012f su \u0161eimininku. Puikus sprendimas kiekvienai dienai!<\/span><\/p>\n","protected":false},"excerpt":{"rendered":"<p><span style=\"font-weight: 400;\">Gard\u016bs skan\u0117stai, kuriuose derinama jautiena, antiena ir vi\u0161tienos kr\u016btin\u0117l\u0117, yra puikus pasirinkimas j\u016bs\u0173 augintinio d\u017eiaugsmui ir sveikatai. Tra\u0161ki tekst\u016bra ne tik teikia malonum\u0105 kramtyti, bet ir padeda i\u0161laikyti dant\u0173 \u0161var\u0105. Tai idealus u\u017ekandis, padedantis sutelkti d\u0117mes\u012f treniruo\u010di\u0173 metu ar tiesiog nud\u017eiuginti savo keturkoj\u012f draug\u0105.<\/span><\/p>\n","protected":false},"featured_media":14988,"template":"","meta":[],"product_brand":[],"product_cat":[101,103,106],"product_tag":[],"class_list":{"0":"post-14987","1":"product","2":"type-product","3":"status-publish","4":"has-post-thumbnail","6":"product_cat-sunims","7":"product_cat-sunu-maistas","8":"product_cat-skanestai","9":"pa_prekinis-zenklas-mr-bandit","11":"first","12":"instock","13":"taxable","14":"shipping-taxable","15":"purchasable","16":"product-type-simple"},"yoast_head":"<!-- This site is optimized with the Yoast SEO Premium plugin v27.1 (Yoast SEO v27.3) - https:\/\/yoast.com\/product\/yoast-seo-premium-wordpress\/ -->\n<title>Mr. Bandit Donut \u0161unims su antiena 500g - anivet.lt<\/title>\n<meta name=\"description\" content=\"Gard\u016bs skan\u0117stai, kuriuose derinama jautiena, antiena ir vi\u0161tienos kr\u016btin\u0117l\u0117, yra puikus pasirinkimas j\u016bs\u0173 augintinio d\u017eiaugsmui ir sveikatai. Tra\u0161ki tekst\u016bra ne tik teikia malonum\u0105 kramtyti, bet ir padeda i\u0161laikyti dant\u0173 \u0161var\u0105. Tai idealus u\u017ekandis, padedantis sutelkti d\u0117mes\u012f treniruo\u010di\u0173 metu ar tiesiog nud\u017eiuginti savo keturkoj\u012f draug\u0105.\" \/>\n<meta name=\"robots\" content=\"index, follow, max-snippet:-1, max-image-preview:large, max-video-preview:-1\" \/>\n<link rel=\"canonical\" href=\"https:\/\/anivet.lt\/elparduotuve\/produktas\/mr-bandit-donut-sunims-su-antiena-500g\/\" \/>\n<meta property=\"og:locale\" content=\"lt_LT\" \/>\n<meta property=\"og:type\" content=\"article\" \/>\n<meta property=\"og:title\" content=\"Mr. Bandit Donut \u0161unims su antiena 500g\" \/>\n<meta property=\"og:description\" content=\"Gard\u016bs skan\u0117stai, kuriuose derinama jautiena, antiena ir vi\u0161tienos kr\u016btin\u0117l\u0117, yra puikus pasirinkimas j\u016bs\u0173 augintinio d\u017eiaugsmui ir sveikatai. Tra\u0161ki tekst\u016bra ne tik teikia malonum\u0105 kramtyti, bet ir padeda i\u0161laikyti dant\u0173 \u0161var\u0105. Tai idealus u\u017ekandis, padedantis sutelkti d\u0117mes\u012f treniruo\u010di\u0173 metu ar tiesiog nud\u017eiuginti savo keturkoj\u012f draug\u0105.\" \/>\n<meta property=\"og:url\" content=\"https:\/\/anivet.lt\/elparduotuve\/produktas\/mr-bandit-donut-sunims-su-antiena-500g\/\" \/>\n<meta property=\"og:site_name\" content=\"anivet.lt\" \/>\n<meta property=\"article:modified_time\" content=\"2026-01-07T18:04:41+00:00\" \/>\n<meta property=\"og:image\" content=\"https:\/\/anivet.lt\/elparduotuve\/wp-content\/uploads\/2024\/11\/8103-naujas.jpg\" \/>\n\t<meta property=\"og:image:width\" content=\"400\" \/>\n\t<meta property=\"og:image:height\" content=\"400\" \/>\n\t<meta property=\"og:image:type\" content=\"image\/jpeg\" \/>\n<meta name=\"twitter:card\" content=\"summary_large_image\" \/>\n<meta name=\"twitter:label1\" content=\"Est. reading time\" \/>\n\t<meta name=\"twitter:data1\" content=\"1 minut\u0117\" \/>\n<script type=\"application\/ld+json\" class=\"yoast-schema-graph\">{\"@context\":\"https:\\\/\\\/schema.org\",\"@graph\":[{\"@type\":\"WebPage\",\"@id\":\"https:\\\/\\\/anivet.lt\\\/elparduotuve\\\/produktas\\\/mr-bandit-donut-sunims-su-antiena-500g\\\/\",\"url\":\"https:\\\/\\\/anivet.lt\\\/elparduotuve\\\/produktas\\\/mr-bandit-donut-sunims-su-antiena-500g\\\/\",\"name\":\"Mr. Bandit Donut \u0161unims su antiena 500g - anivet.lt\",\"isPartOf\":{\"@id\":\"https:\\\/\\\/anivet.lt\\\/elparduotuve\\\/#website\"},\"primaryImageOfPage\":{\"@id\":\"https:\\\/\\\/anivet.lt\\\/elparduotuve\\\/produktas\\\/mr-bandit-donut-sunims-su-antiena-500g\\\/#primaryimage\"},\"image\":{\"@id\":\"https:\\\/\\\/anivet.lt\\\/elparduotuve\\\/produktas\\\/mr-bandit-donut-sunims-su-antiena-500g\\\/#primaryimage\"},\"thumbnailUrl\":\"https:\\\/\\\/anivet.lt\\\/elparduotuve\\\/wp-content\\\/uploads\\\/2024\\\/11\\\/8103-naujas.jpg\",\"datePublished\":\"2024-11-05T10:53:06+00:00\",\"dateModified\":\"2026-01-07T18:04:41+00:00\",\"description\":\"Gard\u016bs skan\u0117stai, kuriuose derinama jautiena, antiena ir vi\u0161tienos kr\u016btin\u0117l\u0117, yra puikus pasirinkimas j\u016bs\u0173 augintinio d\u017eiaugsmui ir sveikatai. Tra\u0161ki tekst\u016bra ne tik teikia malonum\u0105 kramtyti, bet ir padeda i\u0161laikyti dant\u0173 \u0161var\u0105. Tai idealus u\u017ekandis, padedantis sutelkti d\u0117mes\u012f treniruo\u010di\u0173 metu ar tiesiog nud\u017eiuginti savo keturkoj\u012f draug\u0105.\",\"breadcrumb\":{\"@id\":\"https:\\\/\\\/anivet.lt\\\/elparduotuve\\\/produktas\\\/mr-bandit-donut-sunims-su-antiena-500g\\\/#breadcrumb\"},\"inLanguage\":\"lt-LT\",\"potentialAction\":[{\"@type\":\"ReadAction\",\"target\":[\"https:\\\/\\\/anivet.lt\\\/elparduotuve\\\/produktas\\\/mr-bandit-donut-sunims-su-antiena-500g\\\/\"]}]},{\"@type\":\"ImageObject\",\"inLanguage\":\"lt-LT\",\"@id\":\"https:\\\/\\\/anivet.lt\\\/elparduotuve\\\/produktas\\\/mr-bandit-donut-sunims-su-antiena-500g\\\/#primaryimage\",\"url\":\"https:\\\/\\\/anivet.lt\\\/elparduotuve\\\/wp-content\\\/uploads\\\/2024\\\/11\\\/8103-naujas.jpg\",\"contentUrl\":\"https:\\\/\\\/anivet.lt\\\/elparduotuve\\\/wp-content\\\/uploads\\\/2024\\\/11\\\/8103-naujas.jpg\",\"width\":400,\"height\":400,\"caption\":\"Mr. Bandit Donut \u0161unims su antiena 500g\"},{\"@type\":\"BreadcrumbList\",\"@id\":\"https:\\\/\\\/anivet.lt\\\/elparduotuve\\\/produktas\\\/mr-bandit-donut-sunims-su-antiena-500g\\\/#breadcrumb\",\"itemListElement\":[{\"@type\":\"ListItem\",\"position\":1,\"name\":\"Home\",\"item\":\"https:\\\/\\\/anivet.lt\\\/elparduotuve\\\/\"},{\"@type\":\"ListItem\",\"position\":2,\"name\":\"Produktai\",\"item\":\"https:\\\/\\\/anivet.lt\\\/elparduotuve\\\/produktai\\\/\"},{\"@type\":\"ListItem\",\"position\":3,\"name\":\"Mr. Bandit Donut \u0161unims su antiena 500g\"}]},{\"@type\":\"WebSite\",\"@id\":\"https:\\\/\\\/anivet.lt\\\/elparduotuve\\\/#website\",\"url\":\"https:\\\/\\\/anivet.lt\\\/elparduotuve\\\/\",\"name\":\"anivet.lt\",\"description\":\"Viskas J\u016bs\u0173 \u0161uns, kat\u0117s prie\u017ei\u016brai\",\"publisher\":{\"@id\":\"https:\\\/\\\/anivet.lt\\\/elparduotuve\\\/#organization\"},\"alternateName\":\"Viskas J\u016bs\u0173 \u0161uns, kat\u0117s prie\u017ei\u016brai\",\"potentialAction\":[{\"@type\":\"SearchAction\",\"target\":{\"@type\":\"EntryPoint\",\"urlTemplate\":\"https:\\\/\\\/anivet.lt\\\/elparduotuve\\\/?s={search_term_string}\"},\"query-input\":{\"@type\":\"PropertyValueSpecification\",\"valueRequired\":true,\"valueName\":\"search_term_string\"}}],\"inLanguage\":\"lt-LT\"},{\"@type\":\"Organization\",\"@id\":\"https:\\\/\\\/anivet.lt\\\/elparduotuve\\\/#organization\",\"name\":\"Viskas J\u016bs\u0173 \u0161uns, kat\u0117s prie\u017ei\u016brai\",\"url\":\"https:\\\/\\\/anivet.lt\\\/elparduotuve\\\/\",\"logo\":{\"@type\":\"ImageObject\",\"inLanguage\":\"lt-LT\",\"@id\":\"https:\\\/\\\/anivet.lt\\\/elparduotuve\\\/#\\\/schema\\\/logo\\\/image\\\/\",\"url\":\"https:\\\/\\\/anivet.lt\\\/elparduotuve\\\/wp-content\\\/uploads\\\/2023\\\/06\\\/logo2.jpg\",\"contentUrl\":\"https:\\\/\\\/anivet.lt\\\/elparduotuve\\\/wp-content\\\/uploads\\\/2023\\\/06\\\/logo2.jpg\",\"width\":655,\"height\":194,\"caption\":\"Viskas J\u016bs\u0173 \u0161uns, kat\u0117s prie\u017ei\u016brai\"},\"image\":{\"@id\":\"https:\\\/\\\/anivet.lt\\\/elparduotuve\\\/#\\\/schema\\\/logo\\\/image\\\/\"}}]}<\/script>\n<!-- \/ Yoast SEO Premium plugin. -->","yoast_head_json":{"title":"Mr. Bandit Donut \u0161unims su antiena 500g - anivet.lt","description":"Gard\u016bs skan\u0117stai, kuriuose derinama jautiena, antiena ir vi\u0161tienos kr\u016btin\u0117l\u0117, yra puikus pasirinkimas j\u016bs\u0173 augintinio d\u017eiaugsmui ir sveikatai. Tra\u0161ki tekst\u016bra ne tik teikia malonum\u0105 kramtyti, bet ir padeda i\u0161laikyti dant\u0173 \u0161var\u0105. Tai idealus u\u017ekandis, padedantis sutelkti d\u0117mes\u012f treniruo\u010di\u0173 metu ar tiesiog nud\u017eiuginti savo keturkoj\u012f draug\u0105.","robots":{"index":"index","follow":"follow","max-snippet":"max-snippet:-1","max-image-preview":"max-image-preview:large","max-video-preview":"max-video-preview:-1"},"canonical":"https:\/\/anivet.lt\/elparduotuve\/produktas\/mr-bandit-donut-sunims-su-antiena-500g\/","og_locale":"lt_LT","og_type":"article","og_title":"Mr. Bandit Donut \u0161unims su antiena 500g","og_description":"Gard\u016bs skan\u0117stai, kuriuose derinama jautiena, antiena ir vi\u0161tienos kr\u016btin\u0117l\u0117, yra puikus pasirinkimas j\u016bs\u0173 augintinio d\u017eiaugsmui ir sveikatai. Tra\u0161ki tekst\u016bra ne tik teikia malonum\u0105 kramtyti, bet ir padeda i\u0161laikyti dant\u0173 \u0161var\u0105. Tai idealus u\u017ekandis, padedantis sutelkti d\u0117mes\u012f treniruo\u010di\u0173 metu ar tiesiog nud\u017eiuginti savo keturkoj\u012f draug\u0105.","og_url":"https:\/\/anivet.lt\/elparduotuve\/produktas\/mr-bandit-donut-sunims-su-antiena-500g\/","og_site_name":"anivet.lt","article_modified_time":"2026-01-07T18:04:41+00:00","og_image":[{"width":400,"height":400,"url":"https:\/\/anivet.lt\/elparduotuve\/wp-content\/uploads\/2024\/11\/8103-naujas.jpg","type":"image\/jpeg"}],"twitter_card":"summary_large_image","twitter_misc":{"Est. reading time":"1 minut\u0117"},"schema":{"@context":"https:\/\/schema.org","@graph":[{"@type":"WebPage","@id":"https:\/\/anivet.lt\/elparduotuve\/produktas\/mr-bandit-donut-sunims-su-antiena-500g\/","url":"https:\/\/anivet.lt\/elparduotuve\/produktas\/mr-bandit-donut-sunims-su-antiena-500g\/","name":"Mr. Bandit Donut \u0161unims su antiena 500g - anivet.lt","isPartOf":{"@id":"https:\/\/anivet.lt\/elparduotuve\/#website"},"primaryImageOfPage":{"@id":"https:\/\/anivet.lt\/elparduotuve\/produktas\/mr-bandit-donut-sunims-su-antiena-500g\/#primaryimage"},"image":{"@id":"https:\/\/anivet.lt\/elparduotuve\/produktas\/mr-bandit-donut-sunims-su-antiena-500g\/#primaryimage"},"thumbnailUrl":"https:\/\/anivet.lt\/elparduotuve\/wp-content\/uploads\/2024\/11\/8103-naujas.jpg","datePublished":"2024-11-05T10:53:06+00:00","dateModified":"2026-01-07T18:04:41+00:00","description":"Gard\u016bs skan\u0117stai, kuriuose derinama jautiena, antiena ir vi\u0161tienos kr\u016btin\u0117l\u0117, yra puikus pasirinkimas j\u016bs\u0173 augintinio d\u017eiaugsmui ir sveikatai. Tra\u0161ki tekst\u016bra ne tik teikia malonum\u0105 kramtyti, bet ir padeda i\u0161laikyti dant\u0173 \u0161var\u0105. Tai idealus u\u017ekandis, padedantis sutelkti d\u0117mes\u012f treniruo\u010di\u0173 metu ar tiesiog nud\u017eiuginti savo keturkoj\u012f draug\u0105.","breadcrumb":{"@id":"https:\/\/anivet.lt\/elparduotuve\/produktas\/mr-bandit-donut-sunims-su-antiena-500g\/#breadcrumb"},"inLanguage":"lt-LT","potentialAction":[{"@type":"ReadAction","target":["https:\/\/anivet.lt\/elparduotuve\/produktas\/mr-bandit-donut-sunims-su-antiena-500g\/"]}]},{"@type":"ImageObject","inLanguage":"lt-LT","@id":"https:\/\/anivet.lt\/elparduotuve\/produktas\/mr-bandit-donut-sunims-su-antiena-500g\/#primaryimage","url":"https:\/\/anivet.lt\/elparduotuve\/wp-content\/uploads\/2024\/11\/8103-naujas.jpg","contentUrl":"https:\/\/anivet.lt\/elparduotuve\/wp-content\/uploads\/2024\/11\/8103-naujas.jpg","width":400,"height":400,"caption":"Mr. Bandit Donut \u0161unims su antiena 500g"},{"@type":"BreadcrumbList","@id":"https:\/\/anivet.lt\/elparduotuve\/produktas\/mr-bandit-donut-sunims-su-antiena-500g\/#breadcrumb","itemListElement":[{"@type":"ListItem","position":1,"name":"Home","item":"https:\/\/anivet.lt\/elparduotuve\/"},{"@type":"ListItem","position":2,"name":"Produktai","item":"https:\/\/anivet.lt\/elparduotuve\/produktai\/"},{"@type":"ListItem","position":3,"name":"Mr. Bandit Donut \u0161unims su antiena 500g"}]},{"@type":"WebSite","@id":"https:\/\/anivet.lt\/elparduotuve\/#website","url":"https:\/\/anivet.lt\/elparduotuve\/","name":"anivet.lt","description":"Viskas J\u016bs\u0173 \u0161uns, kat\u0117s prie\u017ei\u016brai","publisher":{"@id":"https:\/\/anivet.lt\/elparduotuve\/#organization"},"alternateName":"Viskas J\u016bs\u0173 \u0161uns, kat\u0117s prie\u017ei\u016brai","potentialAction":[{"@type":"SearchAction","target":{"@type":"EntryPoint","urlTemplate":"https:\/\/anivet.lt\/elparduotuve\/?s={search_term_string}"},"query-input":{"@type":"PropertyValueSpecification","valueRequired":true,"valueName":"search_term_string"}}],"inLanguage":"lt-LT"},{"@type":"Organization","@id":"https:\/\/anivet.lt\/elparduotuve\/#organization","name":"Viskas J\u016bs\u0173 \u0161uns, kat\u0117s prie\u017ei\u016brai","url":"https:\/\/anivet.lt\/elparduotuve\/","logo":{"@type":"ImageObject","inLanguage":"lt-LT","@id":"https:\/\/anivet.lt\/elparduotuve\/#\/schema\/logo\/image\/","url":"https:\/\/anivet.lt\/elparduotuve\/wp-content\/uploads\/2023\/06\/logo2.jpg","contentUrl":"https:\/\/anivet.lt\/elparduotuve\/wp-content\/uploads\/2023\/06\/logo2.jpg","width":655,"height":194,"caption":"Viskas J\u016bs\u0173 \u0161uns, kat\u0117s prie\u017ei\u016brai"},"image":{"@id":"https:\/\/anivet.lt\/elparduotuve\/#\/schema\/logo\/image\/"}}]}},"_links":{"self":[{"href":"https:\/\/anivet.lt\/elparduotuve\/wp-json\/wp\/v2\/product\/14987","targetHints":{"allow":["GET"]}}],"collection":[{"href":"https:\/\/anivet.lt\/elparduotuve\/wp-json\/wp\/v2\/product"}],"about":[{"href":"https:\/\/anivet.lt\/elparduotuve\/wp-json\/wp\/v2\/types\/product"}],"wp:featuredmedia":[{"embeddable":true,"href":"https:\/\/anivet.lt\/elparduotuve\/wp-json\/wp\/v2\/media\/14988"}],"wp:attachment":[{"href":"https:\/\/anivet.lt\/elparduotuve\/wp-json\/wp\/v2\/media?parent=14987"}],"wp:term":[{"taxonomy":"product_brand","embeddable":true,"href":"https:\/\/anivet.lt\/elparduotuve\/wp-json\/wp\/v2\/product_brand?post=14987"},{"taxonomy":"product_cat","embeddable":true,"href":"https:\/\/anivet.lt\/elparduotuve\/wp-json\/wp\/v2\/product_cat?post=14987"},{"taxonomy":"product_tag","embeddable":true,"href":"https:\/\/anivet.lt\/elparduotuve\/wp-json\/wp\/v2\/product_tag?post=14987"}],"curies":[{"name":"wp","href":"https:\/\/api.w.org\/{rel}","templated":true}]}}