{"id":14989,"date":"2024-11-05T11:11:36","date_gmt":"2024-11-05T11:11:36","guid":{"rendered":"https:\/\/anivet.lt\/elparduotuve\/?post_type=product&#038;p=14989"},"modified":"2026-01-30T15:28:22","modified_gmt":"2026-01-30T15:28:22","slug":"mr-bandit-donut-sunims-su-eriena-ir-antiena-500g","status":"publish","type":"product","link":"https:\/\/anivet.lt\/elparduotuve\/produktas\/mr-bandit-donut-sunims-su-eriena-ir-antiena-500g\/","title":{"rendered":"Mr. Bandit Donut \u0161unims su \u0117riena ir antiena 500g"},"content":{"rendered":"<ul>\n<li style=\"font-weight: 400;\" aria-level=\"1\"><span style=\"font-weight: 400;\">Daug jautienos: 61% jautienos \u017ealiavin\u0117s odos suteikia ilgo kramtymo galimyb\u0119 ir stiprina dantis.<\/span><\/li>\n<li style=\"font-weight: 400;\" aria-level=\"1\"><span style=\"font-weight: 400;\">\u0160velnus m\u0117sos derinys: Sud\u0117tyje esanti 20% \u0117riena ir 10% anties kr\u016btin\u0117l\u0117 praturtina u\u017ekand\u012f unikaliu skoniu.<\/span><\/li>\n<li style=\"font-weight: 400;\" aria-level=\"1\"><span style=\"font-weight: 400;\">Nat\u016bral\u016bs baltymai: Papildyti \u017eem\u0117s rie\u0161ut\u0173 baltymais, u\u017etikrinan\u010diais energijos \u0161altin\u012f.<\/span><\/li>\n<li style=\"font-weight: 400;\" aria-level=\"1\"><span style=\"font-weight: 400;\">Tra\u0161kumas: Ideali tekst\u016bra, kuri ne tik teikia malonum\u0105 kramtymui, bet ir padeda pri\u017ei\u016br\u0117ti \u0161uns dantis.<\/span><\/li>\n<li style=\"font-weight: 400;\" aria-level=\"1\"><span style=\"font-weight: 400;\">Maistin\u0117 sud\u0117tis: Be dirbtini\u0173 pried\u0173, papildytas glicerinu, u\u017etikrinan\u010diu tinkam\u0105 dr\u0117gm\u0117s balans\u0105.<\/span><\/li>\n<\/ul>\n<p><span style=\"font-weight: 400;\">\u201eMr. Bandit Donut\u201c \u2013 puikus pasirinkimas aktyviems \u0161unims, ie\u0161kantiems ne tik skanaus u\u017ekand\u017eio, bet ir u\u017esi\u0117mimo. \u0160is skan\u0117stas sujungia skon\u012f, naud\u0105 ir pramog\u0105 \u012f vien\u0105 gard\u0173 k\u0105sn\u012f.<\/span><\/p>\n","protected":false},"excerpt":{"rendered":"<p><span style=\"font-weight: 400;\">Gardus ir tra\u0161kus u\u017ekandis, kuris derina jautienos, \u0117rienos ir anties skonius. Sukurtas ilgam kramtymo malonumui, \u0161is skan\u0117stas pad\u0117s numal\u0161inti j\u016bs\u0173 \u0161uns emocijas ir u\u017etikrins d\u017eiaugsm\u0105 kiekvien\u0105 kart\u0105.<\/span><\/p>\n","protected":false},"featured_media":14990,"template":"","meta":[],"product_brand":[],"product_cat":[101,103,106],"product_tag":[],"class_list":{"0":"post-14989","1":"product","2":"type-product","3":"status-publish","4":"has-post-thumbnail","6":"product_cat-sunims","7":"product_cat-sunu-maistas","8":"product_cat-skanestai","9":"pa_prekinis-zenklas-mr-bandit","11":"first","12":"instock","13":"taxable","14":"shipping-taxable","15":"purchasable","16":"product-type-simple"},"yoast_head":"<!-- This site is optimized with the Yoast SEO Premium plugin v27.1 (Yoast SEO v27.3) - https:\/\/yoast.com\/product\/yoast-seo-premium-wordpress\/ -->\n<title>Mr. Bandit Donut \u0161unims su \u0117riena ir antiena 500g - anivet.lt<\/title>\n<meta name=\"description\" content=\"Gardus ir tra\u0161kus u\u017ekandis, kuris derina jautienos, \u0117rienos ir anties skonius. Sukurtas ilgam kramtymo malonumui, \u0161is skan\u0117stas pad\u0117s numal\u0161inti j\u016bs\u0173 \u0161uns emocijas ir u\u017etikrins d\u017eiaugsm\u0105 kiekvien\u0105 kart\u0105.\" \/>\n<meta name=\"robots\" content=\"index, follow, max-snippet:-1, max-image-preview:large, max-video-preview:-1\" \/>\n<link rel=\"canonical\" href=\"https:\/\/anivet.lt\/elparduotuve\/produktas\/mr-bandit-donut-sunims-su-eriena-ir-antiena-500g\/\" \/>\n<meta property=\"og:locale\" content=\"lt_LT\" \/>\n<meta property=\"og:type\" content=\"article\" \/>\n<meta property=\"og:title\" content=\"Mr. Bandit Donut \u0161unims su \u0117riena ir antiena 500g\" \/>\n<meta property=\"og:description\" content=\"Gardus ir tra\u0161kus u\u017ekandis, kuris derina jautienos, \u0117rienos ir anties skonius. Sukurtas ilgam kramtymo malonumui, \u0161is skan\u0117stas pad\u0117s numal\u0161inti j\u016bs\u0173 \u0161uns emocijas ir u\u017etikrins d\u017eiaugsm\u0105 kiekvien\u0105 kart\u0105.\" \/>\n<meta property=\"og:url\" content=\"https:\/\/anivet.lt\/elparduotuve\/produktas\/mr-bandit-donut-sunims-su-eriena-ir-antiena-500g\/\" \/>\n<meta property=\"og:site_name\" content=\"anivet.lt\" \/>\n<meta property=\"article:modified_time\" content=\"2026-01-30T15:28:22+00:00\" \/>\n<meta property=\"og:image\" content=\"https:\/\/anivet.lt\/elparduotuve\/wp-content\/uploads\/2024\/11\/8104-nauja.jpg\" \/>\n\t<meta property=\"og:image:width\" content=\"400\" \/>\n\t<meta property=\"og:image:height\" content=\"400\" \/>\n\t<meta property=\"og:image:type\" content=\"image\/jpeg\" \/>\n<meta name=\"twitter:card\" content=\"summary_large_image\" \/>\n<meta name=\"twitter:label1\" content=\"Est. reading time\" \/>\n\t<meta name=\"twitter:data1\" content=\"1 minut\u0117\" \/>\n<script type=\"application\/ld+json\" class=\"yoast-schema-graph\">{\"@context\":\"https:\\\/\\\/schema.org\",\"@graph\":[{\"@type\":\"WebPage\",\"@id\":\"https:\\\/\\\/anivet.lt\\\/elparduotuve\\\/produktas\\\/mr-bandit-donut-sunims-su-eriena-ir-antiena-500g\\\/\",\"url\":\"https:\\\/\\\/anivet.lt\\\/elparduotuve\\\/produktas\\\/mr-bandit-donut-sunims-su-eriena-ir-antiena-500g\\\/\",\"name\":\"Mr. Bandit Donut \u0161unims su \u0117riena ir antiena 500g - anivet.lt\",\"isPartOf\":{\"@id\":\"https:\\\/\\\/anivet.lt\\\/elparduotuve\\\/#website\"},\"primaryImageOfPage\":{\"@id\":\"https:\\\/\\\/anivet.lt\\\/elparduotuve\\\/produktas\\\/mr-bandit-donut-sunims-su-eriena-ir-antiena-500g\\\/#primaryimage\"},\"image\":{\"@id\":\"https:\\\/\\\/anivet.lt\\\/elparduotuve\\\/produktas\\\/mr-bandit-donut-sunims-su-eriena-ir-antiena-500g\\\/#primaryimage\"},\"thumbnailUrl\":\"https:\\\/\\\/anivet.lt\\\/elparduotuve\\\/wp-content\\\/uploads\\\/2024\\\/11\\\/8104-nauja.jpg\",\"datePublished\":\"2024-11-05T11:11:36+00:00\",\"dateModified\":\"2026-01-30T15:28:22+00:00\",\"description\":\"Gardus ir tra\u0161kus u\u017ekandis, kuris derina jautienos, \u0117rienos ir anties skonius. Sukurtas ilgam kramtymo malonumui, \u0161is skan\u0117stas pad\u0117s numal\u0161inti j\u016bs\u0173 \u0161uns emocijas ir u\u017etikrins d\u017eiaugsm\u0105 kiekvien\u0105 kart\u0105.\",\"breadcrumb\":{\"@id\":\"https:\\\/\\\/anivet.lt\\\/elparduotuve\\\/produktas\\\/mr-bandit-donut-sunims-su-eriena-ir-antiena-500g\\\/#breadcrumb\"},\"inLanguage\":\"lt-LT\",\"potentialAction\":[{\"@type\":\"ReadAction\",\"target\":[\"https:\\\/\\\/anivet.lt\\\/elparduotuve\\\/produktas\\\/mr-bandit-donut-sunims-su-eriena-ir-antiena-500g\\\/\"]}]},{\"@type\":\"ImageObject\",\"inLanguage\":\"lt-LT\",\"@id\":\"https:\\\/\\\/anivet.lt\\\/elparduotuve\\\/produktas\\\/mr-bandit-donut-sunims-su-eriena-ir-antiena-500g\\\/#primaryimage\",\"url\":\"https:\\\/\\\/anivet.lt\\\/elparduotuve\\\/wp-content\\\/uploads\\\/2024\\\/11\\\/8104-nauja.jpg\",\"contentUrl\":\"https:\\\/\\\/anivet.lt\\\/elparduotuve\\\/wp-content\\\/uploads\\\/2024\\\/11\\\/8104-nauja.jpg\",\"width\":400,\"height\":400,\"caption\":\"Mr. Bandit Donut \u0161unims su \u0117riena ir antiena 500g\"},{\"@type\":\"BreadcrumbList\",\"@id\":\"https:\\\/\\\/anivet.lt\\\/elparduotuve\\\/produktas\\\/mr-bandit-donut-sunims-su-eriena-ir-antiena-500g\\\/#breadcrumb\",\"itemListElement\":[{\"@type\":\"ListItem\",\"position\":1,\"name\":\"Home\",\"item\":\"https:\\\/\\\/anivet.lt\\\/elparduotuve\\\/\"},{\"@type\":\"ListItem\",\"position\":2,\"name\":\"Produktai\",\"item\":\"https:\\\/\\\/anivet.lt\\\/elparduotuve\\\/produktai\\\/\"},{\"@type\":\"ListItem\",\"position\":3,\"name\":\"Mr. Bandit Donut \u0161unims su \u0117riena ir antiena 500g\"}]},{\"@type\":\"WebSite\",\"@id\":\"https:\\\/\\\/anivet.lt\\\/elparduotuve\\\/#website\",\"url\":\"https:\\\/\\\/anivet.lt\\\/elparduotuve\\\/\",\"name\":\"anivet.lt\",\"description\":\"Viskas J\u016bs\u0173 \u0161uns, kat\u0117s prie\u017ei\u016brai\",\"publisher\":{\"@id\":\"https:\\\/\\\/anivet.lt\\\/elparduotuve\\\/#organization\"},\"alternateName\":\"Viskas J\u016bs\u0173 \u0161uns, kat\u0117s prie\u017ei\u016brai\",\"potentialAction\":[{\"@type\":\"SearchAction\",\"target\":{\"@type\":\"EntryPoint\",\"urlTemplate\":\"https:\\\/\\\/anivet.lt\\\/elparduotuve\\\/?s={search_term_string}\"},\"query-input\":{\"@type\":\"PropertyValueSpecification\",\"valueRequired\":true,\"valueName\":\"search_term_string\"}}],\"inLanguage\":\"lt-LT\"},{\"@type\":\"Organization\",\"@id\":\"https:\\\/\\\/anivet.lt\\\/elparduotuve\\\/#organization\",\"name\":\"Viskas J\u016bs\u0173 \u0161uns, kat\u0117s prie\u017ei\u016brai\",\"url\":\"https:\\\/\\\/anivet.lt\\\/elparduotuve\\\/\",\"logo\":{\"@type\":\"ImageObject\",\"inLanguage\":\"lt-LT\",\"@id\":\"https:\\\/\\\/anivet.lt\\\/elparduotuve\\\/#\\\/schema\\\/logo\\\/image\\\/\",\"url\":\"https:\\\/\\\/anivet.lt\\\/elparduotuve\\\/wp-content\\\/uploads\\\/2023\\\/06\\\/logo2.jpg\",\"contentUrl\":\"https:\\\/\\\/anivet.lt\\\/elparduotuve\\\/wp-content\\\/uploads\\\/2023\\\/06\\\/logo2.jpg\",\"width\":655,\"height\":194,\"caption\":\"Viskas J\u016bs\u0173 \u0161uns, kat\u0117s prie\u017ei\u016brai\"},\"image\":{\"@id\":\"https:\\\/\\\/anivet.lt\\\/elparduotuve\\\/#\\\/schema\\\/logo\\\/image\\\/\"}}]}<\/script>\n<!-- \/ Yoast SEO Premium plugin. -->","yoast_head_json":{"title":"Mr. Bandit Donut \u0161unims su \u0117riena ir antiena 500g - anivet.lt","description":"Gardus ir tra\u0161kus u\u017ekandis, kuris derina jautienos, \u0117rienos ir anties skonius. Sukurtas ilgam kramtymo malonumui, \u0161is skan\u0117stas pad\u0117s numal\u0161inti j\u016bs\u0173 \u0161uns emocijas ir u\u017etikrins d\u017eiaugsm\u0105 kiekvien\u0105 kart\u0105.","robots":{"index":"index","follow":"follow","max-snippet":"max-snippet:-1","max-image-preview":"max-image-preview:large","max-video-preview":"max-video-preview:-1"},"canonical":"https:\/\/anivet.lt\/elparduotuve\/produktas\/mr-bandit-donut-sunims-su-eriena-ir-antiena-500g\/","og_locale":"lt_LT","og_type":"article","og_title":"Mr. Bandit Donut \u0161unims su \u0117riena ir antiena 500g","og_description":"Gardus ir tra\u0161kus u\u017ekandis, kuris derina jautienos, \u0117rienos ir anties skonius. Sukurtas ilgam kramtymo malonumui, \u0161is skan\u0117stas pad\u0117s numal\u0161inti j\u016bs\u0173 \u0161uns emocijas ir u\u017etikrins d\u017eiaugsm\u0105 kiekvien\u0105 kart\u0105.","og_url":"https:\/\/anivet.lt\/elparduotuve\/produktas\/mr-bandit-donut-sunims-su-eriena-ir-antiena-500g\/","og_site_name":"anivet.lt","article_modified_time":"2026-01-30T15:28:22+00:00","og_image":[{"width":400,"height":400,"url":"https:\/\/anivet.lt\/elparduotuve\/wp-content\/uploads\/2024\/11\/8104-nauja.jpg","type":"image\/jpeg"}],"twitter_card":"summary_large_image","twitter_misc":{"Est. reading time":"1 minut\u0117"},"schema":{"@context":"https:\/\/schema.org","@graph":[{"@type":"WebPage","@id":"https:\/\/anivet.lt\/elparduotuve\/produktas\/mr-bandit-donut-sunims-su-eriena-ir-antiena-500g\/","url":"https:\/\/anivet.lt\/elparduotuve\/produktas\/mr-bandit-donut-sunims-su-eriena-ir-antiena-500g\/","name":"Mr. Bandit Donut \u0161unims su \u0117riena ir antiena 500g - anivet.lt","isPartOf":{"@id":"https:\/\/anivet.lt\/elparduotuve\/#website"},"primaryImageOfPage":{"@id":"https:\/\/anivet.lt\/elparduotuve\/produktas\/mr-bandit-donut-sunims-su-eriena-ir-antiena-500g\/#primaryimage"},"image":{"@id":"https:\/\/anivet.lt\/elparduotuve\/produktas\/mr-bandit-donut-sunims-su-eriena-ir-antiena-500g\/#primaryimage"},"thumbnailUrl":"https:\/\/anivet.lt\/elparduotuve\/wp-content\/uploads\/2024\/11\/8104-nauja.jpg","datePublished":"2024-11-05T11:11:36+00:00","dateModified":"2026-01-30T15:28:22+00:00","description":"Gardus ir tra\u0161kus u\u017ekandis, kuris derina jautienos, \u0117rienos ir anties skonius. Sukurtas ilgam kramtymo malonumui, \u0161is skan\u0117stas pad\u0117s numal\u0161inti j\u016bs\u0173 \u0161uns emocijas ir u\u017etikrins d\u017eiaugsm\u0105 kiekvien\u0105 kart\u0105.","breadcrumb":{"@id":"https:\/\/anivet.lt\/elparduotuve\/produktas\/mr-bandit-donut-sunims-su-eriena-ir-antiena-500g\/#breadcrumb"},"inLanguage":"lt-LT","potentialAction":[{"@type":"ReadAction","target":["https:\/\/anivet.lt\/elparduotuve\/produktas\/mr-bandit-donut-sunims-su-eriena-ir-antiena-500g\/"]}]},{"@type":"ImageObject","inLanguage":"lt-LT","@id":"https:\/\/anivet.lt\/elparduotuve\/produktas\/mr-bandit-donut-sunims-su-eriena-ir-antiena-500g\/#primaryimage","url":"https:\/\/anivet.lt\/elparduotuve\/wp-content\/uploads\/2024\/11\/8104-nauja.jpg","contentUrl":"https:\/\/anivet.lt\/elparduotuve\/wp-content\/uploads\/2024\/11\/8104-nauja.jpg","width":400,"height":400,"caption":"Mr. Bandit Donut \u0161unims su \u0117riena ir antiena 500g"},{"@type":"BreadcrumbList","@id":"https:\/\/anivet.lt\/elparduotuve\/produktas\/mr-bandit-donut-sunims-su-eriena-ir-antiena-500g\/#breadcrumb","itemListElement":[{"@type":"ListItem","position":1,"name":"Home","item":"https:\/\/anivet.lt\/elparduotuve\/"},{"@type":"ListItem","position":2,"name":"Produktai","item":"https:\/\/anivet.lt\/elparduotuve\/produktai\/"},{"@type":"ListItem","position":3,"name":"Mr. Bandit Donut \u0161unims su \u0117riena ir antiena 500g"}]},{"@type":"WebSite","@id":"https:\/\/anivet.lt\/elparduotuve\/#website","url":"https:\/\/anivet.lt\/elparduotuve\/","name":"anivet.lt","description":"Viskas J\u016bs\u0173 \u0161uns, kat\u0117s prie\u017ei\u016brai","publisher":{"@id":"https:\/\/anivet.lt\/elparduotuve\/#organization"},"alternateName":"Viskas J\u016bs\u0173 \u0161uns, kat\u0117s prie\u017ei\u016brai","potentialAction":[{"@type":"SearchAction","target":{"@type":"EntryPoint","urlTemplate":"https:\/\/anivet.lt\/elparduotuve\/?s={search_term_string}"},"query-input":{"@type":"PropertyValueSpecification","valueRequired":true,"valueName":"search_term_string"}}],"inLanguage":"lt-LT"},{"@type":"Organization","@id":"https:\/\/anivet.lt\/elparduotuve\/#organization","name":"Viskas J\u016bs\u0173 \u0161uns, kat\u0117s prie\u017ei\u016brai","url":"https:\/\/anivet.lt\/elparduotuve\/","logo":{"@type":"ImageObject","inLanguage":"lt-LT","@id":"https:\/\/anivet.lt\/elparduotuve\/#\/schema\/logo\/image\/","url":"https:\/\/anivet.lt\/elparduotuve\/wp-content\/uploads\/2023\/06\/logo2.jpg","contentUrl":"https:\/\/anivet.lt\/elparduotuve\/wp-content\/uploads\/2023\/06\/logo2.jpg","width":655,"height":194,"caption":"Viskas J\u016bs\u0173 \u0161uns, kat\u0117s prie\u017ei\u016brai"},"image":{"@id":"https:\/\/anivet.lt\/elparduotuve\/#\/schema\/logo\/image\/"}}]}},"_links":{"self":[{"href":"https:\/\/anivet.lt\/elparduotuve\/wp-json\/wp\/v2\/product\/14989","targetHints":{"allow":["GET"]}}],"collection":[{"href":"https:\/\/anivet.lt\/elparduotuve\/wp-json\/wp\/v2\/product"}],"about":[{"href":"https:\/\/anivet.lt\/elparduotuve\/wp-json\/wp\/v2\/types\/product"}],"wp:featuredmedia":[{"embeddable":true,"href":"https:\/\/anivet.lt\/elparduotuve\/wp-json\/wp\/v2\/media\/14990"}],"wp:attachment":[{"href":"https:\/\/anivet.lt\/elparduotuve\/wp-json\/wp\/v2\/media?parent=14989"}],"wp:term":[{"taxonomy":"product_brand","embeddable":true,"href":"https:\/\/anivet.lt\/elparduotuve\/wp-json\/wp\/v2\/product_brand?post=14989"},{"taxonomy":"product_cat","embeddable":true,"href":"https:\/\/anivet.lt\/elparduotuve\/wp-json\/wp\/v2\/product_cat?post=14989"},{"taxonomy":"product_tag","embeddable":true,"href":"https:\/\/anivet.lt\/elparduotuve\/wp-json\/wp\/v2\/product_tag?post=14989"}],"curies":[{"name":"wp","href":"https:\/\/api.w.org\/{rel}","templated":true}]}}