{"id":14991,"date":"2024-11-05T11:23:38","date_gmt":"2024-11-05T11:23:38","guid":{"rendered":"https:\/\/anivet.lt\/elparduotuve\/?post_type=product&#038;p=14991"},"modified":"2026-01-30T15:28:09","modified_gmt":"2026-01-30T15:28:09","slug":"mr-bandit-donut-sunims-su-jautiena-ir-antiena-500g","status":"publish","type":"product","link":"https:\/\/anivet.lt\/elparduotuve\/produktas\/mr-bandit-donut-sunims-su-jautiena-ir-antiena-500g\/","title":{"rendered":"Mr. Bandit Donut \u0161unims su jautiena ir antiena 500g"},"content":{"rendered":"<ul>\n<li style=\"font-weight: 400;\" aria-level=\"1\"><span style=\"font-weight: 400;\">Daug jautienos: Sud\u0117tyje yra net 61% jautienos \u017ealiavin\u0117s odos ir papildomai 20% jautienos, u\u017etikrinan\u010dios baltym\u0173 gaus\u0105.<\/span><\/li>\n<li style=\"font-weight: 400;\" aria-level=\"1\"><span style=\"font-weight: 400;\">Anties skonis: 10% anties kr\u016btin\u0117l\u0117s m\u0117sa praturtina skan\u0117st\u0105 subtiliu ir skaniu priedu.<\/span><\/li>\n<li style=\"font-weight: 400;\" aria-level=\"1\"><span style=\"font-weight: 400;\">Nat\u016bral\u016bs ingredientai: Papildyti \u017eem\u0117s rie\u0161ut\u0173 baltymais, kurie suteikia papildomos energijos.<\/span><\/li>\n<li style=\"font-weight: 400;\" aria-level=\"1\"><span style=\"font-weight: 400;\">Tra\u0161kus malonumas: Ilgam u\u017esi\u0117mimui skirtas u\u017ekandis padeda stiprinti dantis ir masa\u017euoti dantenas.<\/span><\/li>\n<li style=\"font-weight: 400;\" aria-level=\"1\"><span style=\"font-weight: 400;\">Subalansuotas dr\u0117gm\u0117s lygis: Glicerinas u\u017etikrina tinkam\u0105 tekst\u016br\u0105 ir skan\u0117sto \u0161vie\u017eum\u0105.<\/span><\/li>\n<\/ul>\n<p><span style=\"font-weight: 400;\">\u201eMr. Bandit Donut\u201c su jautiena ir antiena \u2013 puikus pasirinkimas \u0161uniui, kuris m\u0117gsta tiek gard\u017eiai u\u017ek\u0105sti, tiek u\u017esiimti kramtymu. \u0160is skan\u0117stas puikiai tiks kasdieniam palepinimui ar kaip atlygis u\u017e ger\u0105 elges\u012f.<\/span><\/p>\n","protected":false},"excerpt":{"rendered":"<p><span style=\"font-weight: 400;\">Tra\u0161kus ir gardus u\u017ekandis, sukurtas tam, kad j\u016bs\u0173 \u0161uo gal\u0117t\u0173 m\u0117gautis nat\u016braliu skoniu ir ilgai kramtyti. \u0160is skan\u0117stas yra puikus jautienos ir anties derinys, kuris ne tik d\u017eiugins, bet ir pad\u0117s suma\u017einti stres\u0105 bei u\u017etikrins d\u017eiaugsmo akimirkas.<\/span><\/p>\n","protected":false},"featured_media":14992,"template":"","meta":[],"product_brand":[],"product_cat":[101,103,106],"product_tag":[],"class_list":{"0":"post-14991","1":"product","2":"type-product","3":"status-publish","4":"has-post-thumbnail","6":"product_cat-sunims","7":"product_cat-sunu-maistas","8":"product_cat-skanestai","9":"pa_prekinis-zenklas-mr-bandit","11":"first","12":"instock","13":"taxable","14":"shipping-taxable","15":"purchasable","16":"product-type-simple"},"yoast_head":"<!-- This site is optimized with the Yoast SEO Premium plugin v27.1 (Yoast SEO v27.3) - https:\/\/yoast.com\/product\/yoast-seo-premium-wordpress\/ -->\n<title>Mr. Bandit Donut \u0161unims su jautiena ir antiena 500g - anivet.lt<\/title>\n<meta name=\"description\" content=\"Tra\u0161kus ir gardus u\u017ekandis, sukurtas tam, kad j\u016bs\u0173 \u0161uo gal\u0117t\u0173 m\u0117gautis nat\u016braliu skoniu ir ilgai kramtyti. \u0160is skan\u0117stas yra puikus jautienos ir anties derinys, kuris ne tik d\u017eiugins, bet ir pad\u0117s suma\u017einti stres\u0105 bei u\u017etikrins d\u017eiaugsmo akimirkas.\" \/>\n<meta name=\"robots\" content=\"index, follow, max-snippet:-1, max-image-preview:large, max-video-preview:-1\" \/>\n<link rel=\"canonical\" href=\"https:\/\/anivet.lt\/elparduotuve\/produktas\/mr-bandit-donut-sunims-su-jautiena-ir-antiena-500g\/\" \/>\n<meta property=\"og:locale\" content=\"lt_LT\" \/>\n<meta property=\"og:type\" content=\"article\" \/>\n<meta property=\"og:title\" content=\"Mr. Bandit Donut \u0161unims su jautiena ir antiena 500g\" \/>\n<meta property=\"og:description\" content=\"Tra\u0161kus ir gardus u\u017ekandis, sukurtas tam, kad j\u016bs\u0173 \u0161uo gal\u0117t\u0173 m\u0117gautis nat\u016braliu skoniu ir ilgai kramtyti. \u0160is skan\u0117stas yra puikus jautienos ir anties derinys, kuris ne tik d\u017eiugins, bet ir pad\u0117s suma\u017einti stres\u0105 bei u\u017etikrins d\u017eiaugsmo akimirkas.\" \/>\n<meta property=\"og:url\" content=\"https:\/\/anivet.lt\/elparduotuve\/produktas\/mr-bandit-donut-sunims-su-jautiena-ir-antiena-500g\/\" \/>\n<meta property=\"og:site_name\" content=\"anivet.lt\" \/>\n<meta property=\"article:modified_time\" content=\"2026-01-30T15:28:09+00:00\" \/>\n<meta property=\"og:image\" content=\"https:\/\/anivet.lt\/elparduotuve\/wp-content\/uploads\/2024\/11\/8105-nauj.jpg\" \/>\n\t<meta property=\"og:image:width\" content=\"400\" \/>\n\t<meta property=\"og:image:height\" content=\"400\" \/>\n\t<meta property=\"og:image:type\" content=\"image\/jpeg\" \/>\n<meta name=\"twitter:card\" content=\"summary_large_image\" \/>\n<meta name=\"twitter:label1\" content=\"Est. reading time\" \/>\n\t<meta name=\"twitter:data1\" content=\"1 minut\u0117\" \/>\n<script type=\"application\/ld+json\" class=\"yoast-schema-graph\">{\"@context\":\"https:\\\/\\\/schema.org\",\"@graph\":[{\"@type\":\"WebPage\",\"@id\":\"https:\\\/\\\/anivet.lt\\\/elparduotuve\\\/produktas\\\/mr-bandit-donut-sunims-su-jautiena-ir-antiena-500g\\\/\",\"url\":\"https:\\\/\\\/anivet.lt\\\/elparduotuve\\\/produktas\\\/mr-bandit-donut-sunims-su-jautiena-ir-antiena-500g\\\/\",\"name\":\"Mr. Bandit Donut \u0161unims su jautiena ir antiena 500g - anivet.lt\",\"isPartOf\":{\"@id\":\"https:\\\/\\\/anivet.lt\\\/elparduotuve\\\/#website\"},\"primaryImageOfPage\":{\"@id\":\"https:\\\/\\\/anivet.lt\\\/elparduotuve\\\/produktas\\\/mr-bandit-donut-sunims-su-jautiena-ir-antiena-500g\\\/#primaryimage\"},\"image\":{\"@id\":\"https:\\\/\\\/anivet.lt\\\/elparduotuve\\\/produktas\\\/mr-bandit-donut-sunims-su-jautiena-ir-antiena-500g\\\/#primaryimage\"},\"thumbnailUrl\":\"https:\\\/\\\/anivet.lt\\\/elparduotuve\\\/wp-content\\\/uploads\\\/2024\\\/11\\\/8105-nauj.jpg\",\"datePublished\":\"2024-11-05T11:23:38+00:00\",\"dateModified\":\"2026-01-30T15:28:09+00:00\",\"description\":\"Tra\u0161kus ir gardus u\u017ekandis, sukurtas tam, kad j\u016bs\u0173 \u0161uo gal\u0117t\u0173 m\u0117gautis nat\u016braliu skoniu ir ilgai kramtyti. \u0160is skan\u0117stas yra puikus jautienos ir anties derinys, kuris ne tik d\u017eiugins, bet ir pad\u0117s suma\u017einti stres\u0105 bei u\u017etikrins d\u017eiaugsmo akimirkas.\",\"breadcrumb\":{\"@id\":\"https:\\\/\\\/anivet.lt\\\/elparduotuve\\\/produktas\\\/mr-bandit-donut-sunims-su-jautiena-ir-antiena-500g\\\/#breadcrumb\"},\"inLanguage\":\"lt-LT\",\"potentialAction\":[{\"@type\":\"ReadAction\",\"target\":[\"https:\\\/\\\/anivet.lt\\\/elparduotuve\\\/produktas\\\/mr-bandit-donut-sunims-su-jautiena-ir-antiena-500g\\\/\"]}]},{\"@type\":\"ImageObject\",\"inLanguage\":\"lt-LT\",\"@id\":\"https:\\\/\\\/anivet.lt\\\/elparduotuve\\\/produktas\\\/mr-bandit-donut-sunims-su-jautiena-ir-antiena-500g\\\/#primaryimage\",\"url\":\"https:\\\/\\\/anivet.lt\\\/elparduotuve\\\/wp-content\\\/uploads\\\/2024\\\/11\\\/8105-nauj.jpg\",\"contentUrl\":\"https:\\\/\\\/anivet.lt\\\/elparduotuve\\\/wp-content\\\/uploads\\\/2024\\\/11\\\/8105-nauj.jpg\",\"width\":400,\"height\":400,\"caption\":\"Mr. Bandit Donut \u0161unims su jautiena ir antiena 500g\"},{\"@type\":\"BreadcrumbList\",\"@id\":\"https:\\\/\\\/anivet.lt\\\/elparduotuve\\\/produktas\\\/mr-bandit-donut-sunims-su-jautiena-ir-antiena-500g\\\/#breadcrumb\",\"itemListElement\":[{\"@type\":\"ListItem\",\"position\":1,\"name\":\"Home\",\"item\":\"https:\\\/\\\/anivet.lt\\\/elparduotuve\\\/\"},{\"@type\":\"ListItem\",\"position\":2,\"name\":\"Produktai\",\"item\":\"https:\\\/\\\/anivet.lt\\\/elparduotuve\\\/produktai\\\/\"},{\"@type\":\"ListItem\",\"position\":3,\"name\":\"Mr. Bandit Donut \u0161unims su jautiena ir antiena 500g\"}]},{\"@type\":\"WebSite\",\"@id\":\"https:\\\/\\\/anivet.lt\\\/elparduotuve\\\/#website\",\"url\":\"https:\\\/\\\/anivet.lt\\\/elparduotuve\\\/\",\"name\":\"anivet.lt\",\"description\":\"Viskas J\u016bs\u0173 \u0161uns, kat\u0117s prie\u017ei\u016brai\",\"publisher\":{\"@id\":\"https:\\\/\\\/anivet.lt\\\/elparduotuve\\\/#organization\"},\"alternateName\":\"Viskas J\u016bs\u0173 \u0161uns, kat\u0117s prie\u017ei\u016brai\",\"potentialAction\":[{\"@type\":\"SearchAction\",\"target\":{\"@type\":\"EntryPoint\",\"urlTemplate\":\"https:\\\/\\\/anivet.lt\\\/elparduotuve\\\/?s={search_term_string}\"},\"query-input\":{\"@type\":\"PropertyValueSpecification\",\"valueRequired\":true,\"valueName\":\"search_term_string\"}}],\"inLanguage\":\"lt-LT\"},{\"@type\":\"Organization\",\"@id\":\"https:\\\/\\\/anivet.lt\\\/elparduotuve\\\/#organization\",\"name\":\"Viskas J\u016bs\u0173 \u0161uns, kat\u0117s prie\u017ei\u016brai\",\"url\":\"https:\\\/\\\/anivet.lt\\\/elparduotuve\\\/\",\"logo\":{\"@type\":\"ImageObject\",\"inLanguage\":\"lt-LT\",\"@id\":\"https:\\\/\\\/anivet.lt\\\/elparduotuve\\\/#\\\/schema\\\/logo\\\/image\\\/\",\"url\":\"https:\\\/\\\/anivet.lt\\\/elparduotuve\\\/wp-content\\\/uploads\\\/2023\\\/06\\\/logo2.jpg\",\"contentUrl\":\"https:\\\/\\\/anivet.lt\\\/elparduotuve\\\/wp-content\\\/uploads\\\/2023\\\/06\\\/logo2.jpg\",\"width\":655,\"height\":194,\"caption\":\"Viskas J\u016bs\u0173 \u0161uns, kat\u0117s prie\u017ei\u016brai\"},\"image\":{\"@id\":\"https:\\\/\\\/anivet.lt\\\/elparduotuve\\\/#\\\/schema\\\/logo\\\/image\\\/\"}}]}<\/script>\n<!-- \/ Yoast SEO Premium plugin. -->","yoast_head_json":{"title":"Mr. Bandit Donut \u0161unims su jautiena ir antiena 500g - anivet.lt","description":"Tra\u0161kus ir gardus u\u017ekandis, sukurtas tam, kad j\u016bs\u0173 \u0161uo gal\u0117t\u0173 m\u0117gautis nat\u016braliu skoniu ir ilgai kramtyti. \u0160is skan\u0117stas yra puikus jautienos ir anties derinys, kuris ne tik d\u017eiugins, bet ir pad\u0117s suma\u017einti stres\u0105 bei u\u017etikrins d\u017eiaugsmo akimirkas.","robots":{"index":"index","follow":"follow","max-snippet":"max-snippet:-1","max-image-preview":"max-image-preview:large","max-video-preview":"max-video-preview:-1"},"canonical":"https:\/\/anivet.lt\/elparduotuve\/produktas\/mr-bandit-donut-sunims-su-jautiena-ir-antiena-500g\/","og_locale":"lt_LT","og_type":"article","og_title":"Mr. Bandit Donut \u0161unims su jautiena ir antiena 500g","og_description":"Tra\u0161kus ir gardus u\u017ekandis, sukurtas tam, kad j\u016bs\u0173 \u0161uo gal\u0117t\u0173 m\u0117gautis nat\u016braliu skoniu ir ilgai kramtyti. \u0160is skan\u0117stas yra puikus jautienos ir anties derinys, kuris ne tik d\u017eiugins, bet ir pad\u0117s suma\u017einti stres\u0105 bei u\u017etikrins d\u017eiaugsmo akimirkas.","og_url":"https:\/\/anivet.lt\/elparduotuve\/produktas\/mr-bandit-donut-sunims-su-jautiena-ir-antiena-500g\/","og_site_name":"anivet.lt","article_modified_time":"2026-01-30T15:28:09+00:00","og_image":[{"width":400,"height":400,"url":"https:\/\/anivet.lt\/elparduotuve\/wp-content\/uploads\/2024\/11\/8105-nauj.jpg","type":"image\/jpeg"}],"twitter_card":"summary_large_image","twitter_misc":{"Est. reading time":"1 minut\u0117"},"schema":{"@context":"https:\/\/schema.org","@graph":[{"@type":"WebPage","@id":"https:\/\/anivet.lt\/elparduotuve\/produktas\/mr-bandit-donut-sunims-su-jautiena-ir-antiena-500g\/","url":"https:\/\/anivet.lt\/elparduotuve\/produktas\/mr-bandit-donut-sunims-su-jautiena-ir-antiena-500g\/","name":"Mr. Bandit Donut \u0161unims su jautiena ir antiena 500g - anivet.lt","isPartOf":{"@id":"https:\/\/anivet.lt\/elparduotuve\/#website"},"primaryImageOfPage":{"@id":"https:\/\/anivet.lt\/elparduotuve\/produktas\/mr-bandit-donut-sunims-su-jautiena-ir-antiena-500g\/#primaryimage"},"image":{"@id":"https:\/\/anivet.lt\/elparduotuve\/produktas\/mr-bandit-donut-sunims-su-jautiena-ir-antiena-500g\/#primaryimage"},"thumbnailUrl":"https:\/\/anivet.lt\/elparduotuve\/wp-content\/uploads\/2024\/11\/8105-nauj.jpg","datePublished":"2024-11-05T11:23:38+00:00","dateModified":"2026-01-30T15:28:09+00:00","description":"Tra\u0161kus ir gardus u\u017ekandis, sukurtas tam, kad j\u016bs\u0173 \u0161uo gal\u0117t\u0173 m\u0117gautis nat\u016braliu skoniu ir ilgai kramtyti. \u0160is skan\u0117stas yra puikus jautienos ir anties derinys, kuris ne tik d\u017eiugins, bet ir pad\u0117s suma\u017einti stres\u0105 bei u\u017etikrins d\u017eiaugsmo akimirkas.","breadcrumb":{"@id":"https:\/\/anivet.lt\/elparduotuve\/produktas\/mr-bandit-donut-sunims-su-jautiena-ir-antiena-500g\/#breadcrumb"},"inLanguage":"lt-LT","potentialAction":[{"@type":"ReadAction","target":["https:\/\/anivet.lt\/elparduotuve\/produktas\/mr-bandit-donut-sunims-su-jautiena-ir-antiena-500g\/"]}]},{"@type":"ImageObject","inLanguage":"lt-LT","@id":"https:\/\/anivet.lt\/elparduotuve\/produktas\/mr-bandit-donut-sunims-su-jautiena-ir-antiena-500g\/#primaryimage","url":"https:\/\/anivet.lt\/elparduotuve\/wp-content\/uploads\/2024\/11\/8105-nauj.jpg","contentUrl":"https:\/\/anivet.lt\/elparduotuve\/wp-content\/uploads\/2024\/11\/8105-nauj.jpg","width":400,"height":400,"caption":"Mr. Bandit Donut \u0161unims su jautiena ir antiena 500g"},{"@type":"BreadcrumbList","@id":"https:\/\/anivet.lt\/elparduotuve\/produktas\/mr-bandit-donut-sunims-su-jautiena-ir-antiena-500g\/#breadcrumb","itemListElement":[{"@type":"ListItem","position":1,"name":"Home","item":"https:\/\/anivet.lt\/elparduotuve\/"},{"@type":"ListItem","position":2,"name":"Produktai","item":"https:\/\/anivet.lt\/elparduotuve\/produktai\/"},{"@type":"ListItem","position":3,"name":"Mr. Bandit Donut \u0161unims su jautiena ir antiena 500g"}]},{"@type":"WebSite","@id":"https:\/\/anivet.lt\/elparduotuve\/#website","url":"https:\/\/anivet.lt\/elparduotuve\/","name":"anivet.lt","description":"Viskas J\u016bs\u0173 \u0161uns, kat\u0117s prie\u017ei\u016brai","publisher":{"@id":"https:\/\/anivet.lt\/elparduotuve\/#organization"},"alternateName":"Viskas J\u016bs\u0173 \u0161uns, kat\u0117s prie\u017ei\u016brai","potentialAction":[{"@type":"SearchAction","target":{"@type":"EntryPoint","urlTemplate":"https:\/\/anivet.lt\/elparduotuve\/?s={search_term_string}"},"query-input":{"@type":"PropertyValueSpecification","valueRequired":true,"valueName":"search_term_string"}}],"inLanguage":"lt-LT"},{"@type":"Organization","@id":"https:\/\/anivet.lt\/elparduotuve\/#organization","name":"Viskas J\u016bs\u0173 \u0161uns, kat\u0117s prie\u017ei\u016brai","url":"https:\/\/anivet.lt\/elparduotuve\/","logo":{"@type":"ImageObject","inLanguage":"lt-LT","@id":"https:\/\/anivet.lt\/elparduotuve\/#\/schema\/logo\/image\/","url":"https:\/\/anivet.lt\/elparduotuve\/wp-content\/uploads\/2023\/06\/logo2.jpg","contentUrl":"https:\/\/anivet.lt\/elparduotuve\/wp-content\/uploads\/2023\/06\/logo2.jpg","width":655,"height":194,"caption":"Viskas J\u016bs\u0173 \u0161uns, kat\u0117s prie\u017ei\u016brai"},"image":{"@id":"https:\/\/anivet.lt\/elparduotuve\/#\/schema\/logo\/image\/"}}]}},"_links":{"self":[{"href":"https:\/\/anivet.lt\/elparduotuve\/wp-json\/wp\/v2\/product\/14991","targetHints":{"allow":["GET"]}}],"collection":[{"href":"https:\/\/anivet.lt\/elparduotuve\/wp-json\/wp\/v2\/product"}],"about":[{"href":"https:\/\/anivet.lt\/elparduotuve\/wp-json\/wp\/v2\/types\/product"}],"wp:featuredmedia":[{"embeddable":true,"href":"https:\/\/anivet.lt\/elparduotuve\/wp-json\/wp\/v2\/media\/14992"}],"wp:attachment":[{"href":"https:\/\/anivet.lt\/elparduotuve\/wp-json\/wp\/v2\/media?parent=14991"}],"wp:term":[{"taxonomy":"product_brand","embeddable":true,"href":"https:\/\/anivet.lt\/elparduotuve\/wp-json\/wp\/v2\/product_brand?post=14991"},{"taxonomy":"product_cat","embeddable":true,"href":"https:\/\/anivet.lt\/elparduotuve\/wp-json\/wp\/v2\/product_cat?post=14991"},{"taxonomy":"product_tag","embeddable":true,"href":"https:\/\/anivet.lt\/elparduotuve\/wp-json\/wp\/v2\/product_tag?post=14991"}],"curies":[{"name":"wp","href":"https:\/\/api.w.org\/{rel}","templated":true}]}}