{"id":14993,"date":"2024-11-05T12:13:58","date_gmt":"2024-11-05T12:13:58","guid":{"rendered":"https:\/\/anivet.lt\/elparduotuve\/?post_type=product&#038;p=14993"},"modified":"2025-11-08T10:04:24","modified_gmt":"2025-11-08T10:04:24","slug":"mr-bandit-juicy-rolls-skanestai-katems-su-tunu-40g","status":"publish","type":"product","link":"https:\/\/anivet.lt\/elparduotuve\/produktas\/mr-bandit-juicy-rolls-skanestai-katems-su-tunu-40g\/","title":{"rendered":"Mr Bandit Juicy Rolls skan\u0117stai kat\u0117ms su tunu 40g"},"content":{"rendered":"<ul>\n<li style=\"font-weight: 400;\" aria-level=\"1\"><span style=\"font-weight: 400;\">Auk\u0161tos kokyb\u0117s sud\u0117tis: Sud\u0117tyje 73% vi\u0161tienos, 15% tuno ir 5% dry\u017euoto tuno \u2013 puikus baltym\u0173 \u0161altinis.<\/span><\/li>\n<li style=\"font-weight: 400;\" aria-level=\"1\"><span style=\"font-weight: 400;\">Dr\u0117gna tekst\u016bra: Mink\u0161ti ir aromatingi k\u0105sneliai, tinkami net jautrioms kat\u0117ms.<\/span><\/li>\n<li style=\"font-weight: 400;\" aria-level=\"1\"><span style=\"font-weight: 400;\">Papildytas taurinu: Esminis ingredientas kat\u0117s \u0161irdies ir reg\u0117jimo funkcijoms palaikyti.<\/span><\/li>\n<li style=\"font-weight: 400;\" aria-level=\"1\"><span style=\"font-weight: 400;\">Patrauklus skonis: Puikiai tinka kaip skan\u0117stas ar atlygis u\u017e ger\u0105 elges\u012f.<\/span><\/li>\n<li style=\"font-weight: 400;\" aria-level=\"1\"><span style=\"font-weight: 400;\">Subalansuota sud\u0117tis: Ma\u017eai riebal\u0173 (1,5%) ir didelis dr\u0117gm\u0117s kiekis (70%) u\u017etikrina lengv\u0105 vir\u0161kinim\u0105.<\/span><\/li>\n<\/ul>\n<p><span style=\"font-weight: 400;\">\u201eMr. Bandit Juicy Rolls\u201c su tunu yra ne tik skan\u016bs, bet ir naudingi skan\u0117stai, kurie j\u016bs\u0173 katei suteiks d\u017eiaugsmo kiekvieno k\u0105snelio metu. Puikus sprendimas norint palepinti savo p\u016bkuot\u0105 draug\u0105 sveiku ir gard\u017eiu u\u017ekand\u017eiu.<\/span><\/p>\n","protected":false},"excerpt":{"rendered":"<p><span style=\"font-weight: 400;\">Mink\u0161ti ir dr\u0117gni k\u0105sneliai su skaniu tuno \u012fdaru yra puikus pasirinkimas j\u016bs\u0173 kat\u0117s palepinimui ar motyvacijai dres\u016bros metu. Pagaminti i\u0161 auk\u0161tos kokyb\u0117s vi\u0161tienos ir tuno, \u0161ie skan\u0117stai pasi\u017eymi ne tik puikiu skoniu, bet ir naudinga sud\u0117timi.<\/span><\/p>\n","protected":false},"featured_media":14994,"template":"","meta":[],"product_brand":[],"product_cat":[114,102,117],"product_tag":[],"class_list":{"0":"post-14993","1":"product","2":"type-product","3":"status-publish","4":"has-post-thumbnail","6":"product_cat-kaciu-maistas","7":"product_cat-katems","8":"product_cat-skanestai-katems","9":"pa_prekinis-zenklas-mr-bandit","11":"first","12":"outofstock","13":"taxable","14":"shipping-taxable","15":"purchasable","16":"product-type-simple"},"yoast_head":"<!-- This site is optimized with the Yoast SEO Premium plugin v27.1 (Yoast SEO v27.3) - https:\/\/yoast.com\/product\/yoast-seo-premium-wordpress\/ -->\n<title>Mr Bandit Juicy Rolls skan\u0117stai kat\u0117ms su tunu 40g - anivet.lt<\/title>\n<meta name=\"description\" content=\"Mink\u0161ti ir dr\u0117gni k\u0105sneliai su skaniu tuno \u012fdaru yra puikus pasirinkimas j\u016bs\u0173 kat\u0117s palepinimui ar motyvacijai dres\u016bros metu. Pagaminti i\u0161 auk\u0161tos kokyb\u0117s vi\u0161tienos ir tuno, \u0161ie skan\u0117stai pasi\u017eymi ne tik puikiu skoniu, bet ir naudinga sud\u0117timi.\" \/>\n<meta name=\"robots\" content=\"index, follow, max-snippet:-1, max-image-preview:large, max-video-preview:-1\" \/>\n<link rel=\"canonical\" href=\"https:\/\/anivet.lt\/elparduotuve\/produktas\/mr-bandit-juicy-rolls-skanestai-katems-su-tunu-40g\/\" \/>\n<meta property=\"og:locale\" content=\"lt_LT\" \/>\n<meta property=\"og:type\" content=\"article\" \/>\n<meta property=\"og:title\" content=\"Mr Bandit Juicy Rolls skan\u0117stai kat\u0117ms su tunu 40g\" \/>\n<meta property=\"og:description\" content=\"Mink\u0161ti ir dr\u0117gni k\u0105sneliai su skaniu tuno \u012fdaru yra puikus pasirinkimas j\u016bs\u0173 kat\u0117s palepinimui ar motyvacijai dres\u016bros metu. Pagaminti i\u0161 auk\u0161tos kokyb\u0117s vi\u0161tienos ir tuno, \u0161ie skan\u0117stai pasi\u017eymi ne tik puikiu skoniu, bet ir naudinga sud\u0117timi.\" \/>\n<meta property=\"og:url\" content=\"https:\/\/anivet.lt\/elparduotuve\/produktas\/mr-bandit-juicy-rolls-skanestai-katems-su-tunu-40g\/\" \/>\n<meta property=\"og:site_name\" content=\"anivet.lt\" \/>\n<meta property=\"article:modified_time\" content=\"2025-11-08T10:04:24+00:00\" \/>\n<meta property=\"og:image\" content=\"https:\/\/anivet.lt\/elparduotuve\/wp-content\/uploads\/2024\/11\/Mr-Bandit-Juicy-Rolls-tunas.png\" \/>\n\t<meta property=\"og:image:width\" content=\"400\" \/>\n\t<meta property=\"og:image:height\" content=\"250\" \/>\n\t<meta property=\"og:image:type\" content=\"image\/png\" \/>\n<meta name=\"twitter:card\" content=\"summary_large_image\" \/>\n<meta name=\"twitter:label1\" content=\"Est. reading time\" \/>\n\t<meta name=\"twitter:data1\" content=\"1 minut\u0117\" \/>\n<script type=\"application\/ld+json\" class=\"yoast-schema-graph\">{\"@context\":\"https:\\\/\\\/schema.org\",\"@graph\":[{\"@type\":\"WebPage\",\"@id\":\"https:\\\/\\\/anivet.lt\\\/elparduotuve\\\/produktas\\\/mr-bandit-juicy-rolls-skanestai-katems-su-tunu-40g\\\/\",\"url\":\"https:\\\/\\\/anivet.lt\\\/elparduotuve\\\/produktas\\\/mr-bandit-juicy-rolls-skanestai-katems-su-tunu-40g\\\/\",\"name\":\"Mr Bandit Juicy Rolls skan\u0117stai kat\u0117ms su tunu 40g - anivet.lt\",\"isPartOf\":{\"@id\":\"https:\\\/\\\/anivet.lt\\\/elparduotuve\\\/#website\"},\"primaryImageOfPage\":{\"@id\":\"https:\\\/\\\/anivet.lt\\\/elparduotuve\\\/produktas\\\/mr-bandit-juicy-rolls-skanestai-katems-su-tunu-40g\\\/#primaryimage\"},\"image\":{\"@id\":\"https:\\\/\\\/anivet.lt\\\/elparduotuve\\\/produktas\\\/mr-bandit-juicy-rolls-skanestai-katems-su-tunu-40g\\\/#primaryimage\"},\"thumbnailUrl\":\"https:\\\/\\\/anivet.lt\\\/elparduotuve\\\/wp-content\\\/uploads\\\/2024\\\/11\\\/Mr-Bandit-Juicy-Rolls-tunas.png\",\"datePublished\":\"2024-11-05T12:13:58+00:00\",\"dateModified\":\"2025-11-08T10:04:24+00:00\",\"description\":\"Mink\u0161ti ir dr\u0117gni k\u0105sneliai su skaniu tuno \u012fdaru yra puikus pasirinkimas j\u016bs\u0173 kat\u0117s palepinimui ar motyvacijai dres\u016bros metu. Pagaminti i\u0161 auk\u0161tos kokyb\u0117s vi\u0161tienos ir tuno, \u0161ie skan\u0117stai pasi\u017eymi ne tik puikiu skoniu, bet ir naudinga sud\u0117timi.\",\"breadcrumb\":{\"@id\":\"https:\\\/\\\/anivet.lt\\\/elparduotuve\\\/produktas\\\/mr-bandit-juicy-rolls-skanestai-katems-su-tunu-40g\\\/#breadcrumb\"},\"inLanguage\":\"lt-LT\",\"potentialAction\":[{\"@type\":\"ReadAction\",\"target\":[\"https:\\\/\\\/anivet.lt\\\/elparduotuve\\\/produktas\\\/mr-bandit-juicy-rolls-skanestai-katems-su-tunu-40g\\\/\"]}]},{\"@type\":\"ImageObject\",\"inLanguage\":\"lt-LT\",\"@id\":\"https:\\\/\\\/anivet.lt\\\/elparduotuve\\\/produktas\\\/mr-bandit-juicy-rolls-skanestai-katems-su-tunu-40g\\\/#primaryimage\",\"url\":\"https:\\\/\\\/anivet.lt\\\/elparduotuve\\\/wp-content\\\/uploads\\\/2024\\\/11\\\/Mr-Bandit-Juicy-Rolls-tunas.png\",\"contentUrl\":\"https:\\\/\\\/anivet.lt\\\/elparduotuve\\\/wp-content\\\/uploads\\\/2024\\\/11\\\/Mr-Bandit-Juicy-Rolls-tunas.png\",\"width\":400,\"height\":250,\"caption\":\"Mr Bandit Juicy Rolls skan\u0117stai kat\u0117ms su tunu 40g\"},{\"@type\":\"BreadcrumbList\",\"@id\":\"https:\\\/\\\/anivet.lt\\\/elparduotuve\\\/produktas\\\/mr-bandit-juicy-rolls-skanestai-katems-su-tunu-40g\\\/#breadcrumb\",\"itemListElement\":[{\"@type\":\"ListItem\",\"position\":1,\"name\":\"Home\",\"item\":\"https:\\\/\\\/anivet.lt\\\/elparduotuve\\\/\"},{\"@type\":\"ListItem\",\"position\":2,\"name\":\"Produktai\",\"item\":\"https:\\\/\\\/anivet.lt\\\/elparduotuve\\\/produktai\\\/\"},{\"@type\":\"ListItem\",\"position\":3,\"name\":\"Mr Bandit Juicy Rolls skan\u0117stai kat\u0117ms su tunu 40g\"}]},{\"@type\":\"WebSite\",\"@id\":\"https:\\\/\\\/anivet.lt\\\/elparduotuve\\\/#website\",\"url\":\"https:\\\/\\\/anivet.lt\\\/elparduotuve\\\/\",\"name\":\"anivet.lt\",\"description\":\"Viskas J\u016bs\u0173 \u0161uns, kat\u0117s prie\u017ei\u016brai\",\"publisher\":{\"@id\":\"https:\\\/\\\/anivet.lt\\\/elparduotuve\\\/#organization\"},\"alternateName\":\"Viskas J\u016bs\u0173 \u0161uns, kat\u0117s prie\u017ei\u016brai\",\"potentialAction\":[{\"@type\":\"SearchAction\",\"target\":{\"@type\":\"EntryPoint\",\"urlTemplate\":\"https:\\\/\\\/anivet.lt\\\/elparduotuve\\\/?s={search_term_string}\"},\"query-input\":{\"@type\":\"PropertyValueSpecification\",\"valueRequired\":true,\"valueName\":\"search_term_string\"}}],\"inLanguage\":\"lt-LT\"},{\"@type\":\"Organization\",\"@id\":\"https:\\\/\\\/anivet.lt\\\/elparduotuve\\\/#organization\",\"name\":\"Viskas J\u016bs\u0173 \u0161uns, kat\u0117s prie\u017ei\u016brai\",\"url\":\"https:\\\/\\\/anivet.lt\\\/elparduotuve\\\/\",\"logo\":{\"@type\":\"ImageObject\",\"inLanguage\":\"lt-LT\",\"@id\":\"https:\\\/\\\/anivet.lt\\\/elparduotuve\\\/#\\\/schema\\\/logo\\\/image\\\/\",\"url\":\"https:\\\/\\\/anivet.lt\\\/elparduotuve\\\/wp-content\\\/uploads\\\/2023\\\/06\\\/logo2.jpg\",\"contentUrl\":\"https:\\\/\\\/anivet.lt\\\/elparduotuve\\\/wp-content\\\/uploads\\\/2023\\\/06\\\/logo2.jpg\",\"width\":655,\"height\":194,\"caption\":\"Viskas J\u016bs\u0173 \u0161uns, kat\u0117s prie\u017ei\u016brai\"},\"image\":{\"@id\":\"https:\\\/\\\/anivet.lt\\\/elparduotuve\\\/#\\\/schema\\\/logo\\\/image\\\/\"}}]}<\/script>\n<!-- \/ Yoast SEO Premium plugin. -->","yoast_head_json":{"title":"Mr Bandit Juicy Rolls skan\u0117stai kat\u0117ms su tunu 40g - anivet.lt","description":"Mink\u0161ti ir dr\u0117gni k\u0105sneliai su skaniu tuno \u012fdaru yra puikus pasirinkimas j\u016bs\u0173 kat\u0117s palepinimui ar motyvacijai dres\u016bros metu. Pagaminti i\u0161 auk\u0161tos kokyb\u0117s vi\u0161tienos ir tuno, \u0161ie skan\u0117stai pasi\u017eymi ne tik puikiu skoniu, bet ir naudinga sud\u0117timi.","robots":{"index":"index","follow":"follow","max-snippet":"max-snippet:-1","max-image-preview":"max-image-preview:large","max-video-preview":"max-video-preview:-1"},"canonical":"https:\/\/anivet.lt\/elparduotuve\/produktas\/mr-bandit-juicy-rolls-skanestai-katems-su-tunu-40g\/","og_locale":"lt_LT","og_type":"article","og_title":"Mr Bandit Juicy Rolls skan\u0117stai kat\u0117ms su tunu 40g","og_description":"Mink\u0161ti ir dr\u0117gni k\u0105sneliai su skaniu tuno \u012fdaru yra puikus pasirinkimas j\u016bs\u0173 kat\u0117s palepinimui ar motyvacijai dres\u016bros metu. Pagaminti i\u0161 auk\u0161tos kokyb\u0117s vi\u0161tienos ir tuno, \u0161ie skan\u0117stai pasi\u017eymi ne tik puikiu skoniu, bet ir naudinga sud\u0117timi.","og_url":"https:\/\/anivet.lt\/elparduotuve\/produktas\/mr-bandit-juicy-rolls-skanestai-katems-su-tunu-40g\/","og_site_name":"anivet.lt","article_modified_time":"2025-11-08T10:04:24+00:00","og_image":[{"width":400,"height":250,"url":"https:\/\/anivet.lt\/elparduotuve\/wp-content\/uploads\/2024\/11\/Mr-Bandit-Juicy-Rolls-tunas.png","type":"image\/png"}],"twitter_card":"summary_large_image","twitter_misc":{"Est. reading time":"1 minut\u0117"},"schema":{"@context":"https:\/\/schema.org","@graph":[{"@type":"WebPage","@id":"https:\/\/anivet.lt\/elparduotuve\/produktas\/mr-bandit-juicy-rolls-skanestai-katems-su-tunu-40g\/","url":"https:\/\/anivet.lt\/elparduotuve\/produktas\/mr-bandit-juicy-rolls-skanestai-katems-su-tunu-40g\/","name":"Mr Bandit Juicy Rolls skan\u0117stai kat\u0117ms su tunu 40g - anivet.lt","isPartOf":{"@id":"https:\/\/anivet.lt\/elparduotuve\/#website"},"primaryImageOfPage":{"@id":"https:\/\/anivet.lt\/elparduotuve\/produktas\/mr-bandit-juicy-rolls-skanestai-katems-su-tunu-40g\/#primaryimage"},"image":{"@id":"https:\/\/anivet.lt\/elparduotuve\/produktas\/mr-bandit-juicy-rolls-skanestai-katems-su-tunu-40g\/#primaryimage"},"thumbnailUrl":"https:\/\/anivet.lt\/elparduotuve\/wp-content\/uploads\/2024\/11\/Mr-Bandit-Juicy-Rolls-tunas.png","datePublished":"2024-11-05T12:13:58+00:00","dateModified":"2025-11-08T10:04:24+00:00","description":"Mink\u0161ti ir dr\u0117gni k\u0105sneliai su skaniu tuno \u012fdaru yra puikus pasirinkimas j\u016bs\u0173 kat\u0117s palepinimui ar motyvacijai dres\u016bros metu. Pagaminti i\u0161 auk\u0161tos kokyb\u0117s vi\u0161tienos ir tuno, \u0161ie skan\u0117stai pasi\u017eymi ne tik puikiu skoniu, bet ir naudinga sud\u0117timi.","breadcrumb":{"@id":"https:\/\/anivet.lt\/elparduotuve\/produktas\/mr-bandit-juicy-rolls-skanestai-katems-su-tunu-40g\/#breadcrumb"},"inLanguage":"lt-LT","potentialAction":[{"@type":"ReadAction","target":["https:\/\/anivet.lt\/elparduotuve\/produktas\/mr-bandit-juicy-rolls-skanestai-katems-su-tunu-40g\/"]}]},{"@type":"ImageObject","inLanguage":"lt-LT","@id":"https:\/\/anivet.lt\/elparduotuve\/produktas\/mr-bandit-juicy-rolls-skanestai-katems-su-tunu-40g\/#primaryimage","url":"https:\/\/anivet.lt\/elparduotuve\/wp-content\/uploads\/2024\/11\/Mr-Bandit-Juicy-Rolls-tunas.png","contentUrl":"https:\/\/anivet.lt\/elparduotuve\/wp-content\/uploads\/2024\/11\/Mr-Bandit-Juicy-Rolls-tunas.png","width":400,"height":250,"caption":"Mr Bandit Juicy Rolls skan\u0117stai kat\u0117ms su tunu 40g"},{"@type":"BreadcrumbList","@id":"https:\/\/anivet.lt\/elparduotuve\/produktas\/mr-bandit-juicy-rolls-skanestai-katems-su-tunu-40g\/#breadcrumb","itemListElement":[{"@type":"ListItem","position":1,"name":"Home","item":"https:\/\/anivet.lt\/elparduotuve\/"},{"@type":"ListItem","position":2,"name":"Produktai","item":"https:\/\/anivet.lt\/elparduotuve\/produktai\/"},{"@type":"ListItem","position":3,"name":"Mr Bandit Juicy Rolls skan\u0117stai kat\u0117ms su tunu 40g"}]},{"@type":"WebSite","@id":"https:\/\/anivet.lt\/elparduotuve\/#website","url":"https:\/\/anivet.lt\/elparduotuve\/","name":"anivet.lt","description":"Viskas J\u016bs\u0173 \u0161uns, kat\u0117s prie\u017ei\u016brai","publisher":{"@id":"https:\/\/anivet.lt\/elparduotuve\/#organization"},"alternateName":"Viskas J\u016bs\u0173 \u0161uns, kat\u0117s prie\u017ei\u016brai","potentialAction":[{"@type":"SearchAction","target":{"@type":"EntryPoint","urlTemplate":"https:\/\/anivet.lt\/elparduotuve\/?s={search_term_string}"},"query-input":{"@type":"PropertyValueSpecification","valueRequired":true,"valueName":"search_term_string"}}],"inLanguage":"lt-LT"},{"@type":"Organization","@id":"https:\/\/anivet.lt\/elparduotuve\/#organization","name":"Viskas J\u016bs\u0173 \u0161uns, kat\u0117s prie\u017ei\u016brai","url":"https:\/\/anivet.lt\/elparduotuve\/","logo":{"@type":"ImageObject","inLanguage":"lt-LT","@id":"https:\/\/anivet.lt\/elparduotuve\/#\/schema\/logo\/image\/","url":"https:\/\/anivet.lt\/elparduotuve\/wp-content\/uploads\/2023\/06\/logo2.jpg","contentUrl":"https:\/\/anivet.lt\/elparduotuve\/wp-content\/uploads\/2023\/06\/logo2.jpg","width":655,"height":194,"caption":"Viskas J\u016bs\u0173 \u0161uns, kat\u0117s prie\u017ei\u016brai"},"image":{"@id":"https:\/\/anivet.lt\/elparduotuve\/#\/schema\/logo\/image\/"}}]}},"_links":{"self":[{"href":"https:\/\/anivet.lt\/elparduotuve\/wp-json\/wp\/v2\/product\/14993","targetHints":{"allow":["GET"]}}],"collection":[{"href":"https:\/\/anivet.lt\/elparduotuve\/wp-json\/wp\/v2\/product"}],"about":[{"href":"https:\/\/anivet.lt\/elparduotuve\/wp-json\/wp\/v2\/types\/product"}],"wp:featuredmedia":[{"embeddable":true,"href":"https:\/\/anivet.lt\/elparduotuve\/wp-json\/wp\/v2\/media\/14994"}],"wp:attachment":[{"href":"https:\/\/anivet.lt\/elparduotuve\/wp-json\/wp\/v2\/media?parent=14993"}],"wp:term":[{"taxonomy":"product_brand","embeddable":true,"href":"https:\/\/anivet.lt\/elparduotuve\/wp-json\/wp\/v2\/product_brand?post=14993"},{"taxonomy":"product_cat","embeddable":true,"href":"https:\/\/anivet.lt\/elparduotuve\/wp-json\/wp\/v2\/product_cat?post=14993"},{"taxonomy":"product_tag","embeddable":true,"href":"https:\/\/anivet.lt\/elparduotuve\/wp-json\/wp\/v2\/product_tag?post=14993"}],"curies":[{"name":"wp","href":"https:\/\/api.w.org\/{rel}","templated":true}]}}