{"id":14998,"date":"2024-11-05T12:57:42","date_gmt":"2024-11-05T12:57:42","guid":{"rendered":"https:\/\/anivet.lt\/elparduotuve\/?post_type=product&#038;p=14998"},"modified":"2026-01-30T15:31:25","modified_gmt":"2026-01-30T15:31:25","slug":"mr-bandit-soft-sticks-sunims-lazdeles-su-eriena-80g","status":"publish","type":"product","link":"https:\/\/anivet.lt\/elparduotuve\/produktas\/mr-bandit-soft-sticks-sunims-lazdeles-su-eriena-80g\/","title":{"rendered":"Mr. Bandit Soft Sticks \u0161unims lazdel\u0117s su \u0117riena 80g"},"content":{"rendered":"<ul>\n<li style=\"font-weight: 400;\" aria-level=\"1\"><span style=\"font-weight: 400;\">Auk\u0161tos kokyb\u0117s \u0117riena: 55% \u0117rienos u\u017etikrina puik\u0173 skon\u012f ir maistin\u0119 vert\u0119.<\/span><\/li>\n<li style=\"font-weight: 400;\" aria-level=\"1\"><span style=\"font-weight: 400;\">Vi\u0161tienos priedas: 30,3% vi\u0161tienos praturtina u\u017ekand\u012f baltymais ir skoniu.<\/span><\/li>\n<li style=\"font-weight: 400;\" aria-level=\"1\"><span style=\"font-weight: 400;\">Mink\u0161ta tekst\u016bra: Lengvai l\u016b\u017eta \u012f ma\u017eesnius gabal\u0117lius, tod\u0117l skan\u0117stai patog\u016bs naudoti.<\/span><\/li>\n<li style=\"font-weight: 400;\" aria-level=\"1\"><span style=\"font-weight: 400;\">Dr\u0117gnumas: 21% dr\u0117gm\u0117s suteikia \u0161velnumo, tod\u0117l \u0161iuos k\u0105snelius lengva kramtyti.<\/span><\/li>\n<li style=\"font-weight: 400;\" aria-level=\"1\"><span style=\"font-weight: 400;\">Nat\u016brali sud\u0117tis: Be dirbtini\u0173 pried\u0173, tik auk\u0161tos kokyb\u0117s nat\u016bral\u016bs ingredientai.<\/span><\/li>\n<\/ul>\n<p><span style=\"font-weight: 400;\">\u201eMr. Bandit Soft Sticks\u201c su \u0117riena \u2013 puikus pasirinkimas j\u016bs\u0173 \u0161uniui, ie\u0161kan\u010diam skanaus ir maistingo u\u017ekand\u017eio. Tai u\u017etikrins j\u016bs\u0173 augintinio d\u017eiaugsm\u0105 ir malonum\u0105 kiekviename k\u0105snyje!<\/span><\/p>\n","protected":false},"excerpt":{"rendered":"<p><span style=\"font-weight: 400;\">Mink\u0161ti, lengvai l\u016b\u017etantys skan\u0117stai, idealiai tinkantys vis\u0173 veisli\u0173 \u0161unims. \u0116rienos ir vi\u0161tienos derinys sukuria subtil\u0173 skon\u012f, kuris patiks net reikliausiems augintiniams. \u0160is u\u017ekandis puikiai tiks dres\u016bros metu ar kasdieniam palepinimui.<\/span><\/p>\n","protected":false},"featured_media":14999,"template":"","meta":[],"product_brand":[],"product_cat":[101,103,106],"product_tag":[],"class_list":{"0":"post-14998","1":"product","2":"type-product","3":"status-publish","4":"has-post-thumbnail","6":"product_cat-sunims","7":"product_cat-sunu-maistas","8":"product_cat-skanestai","9":"pa_prekinis-zenklas-mr-bandit","11":"first","12":"instock","13":"taxable","14":"shipping-taxable","15":"purchasable","16":"product-type-simple"},"yoast_head":"<!-- This site is optimized with the Yoast SEO Premium plugin v27.1 (Yoast SEO v27.3) - https:\/\/yoast.com\/product\/yoast-seo-premium-wordpress\/ -->\n<title>Mr. Bandit Soft Sticks \u0161unims lazdel\u0117s su \u0117riena 80g - anivet.lt<\/title>\n<meta name=\"description\" content=\"Mink\u0161ti, lengvai l\u016b\u017etantys skan\u0117stai, idealiai tinkantys vis\u0173 veisli\u0173 \u0161unims. \u0116rienos ir vi\u0161tienos derinys sukuria subtil\u0173 skon\u012f, kuris patiks net reikliausiems augintiniams. \u0160is u\u017ekandis puikiai tiks dres\u016bros metu ar kasdieniam palepinimui.\" \/>\n<meta name=\"robots\" content=\"index, follow, max-snippet:-1, max-image-preview:large, max-video-preview:-1\" \/>\n<link rel=\"canonical\" href=\"https:\/\/anivet.lt\/elparduotuve\/produktas\/mr-bandit-soft-sticks-sunims-lazdeles-su-eriena-80g\/\" \/>\n<meta property=\"og:locale\" content=\"lt_LT\" \/>\n<meta property=\"og:type\" content=\"article\" \/>\n<meta property=\"og:title\" content=\"Mr. Bandit Soft Sticks \u0161unims lazdel\u0117s su \u0117riena 80g\" \/>\n<meta property=\"og:description\" content=\"Mink\u0161ti, lengvai l\u016b\u017etantys skan\u0117stai, idealiai tinkantys vis\u0173 veisli\u0173 \u0161unims. \u0116rienos ir vi\u0161tienos derinys sukuria subtil\u0173 skon\u012f, kuris patiks net reikliausiems augintiniams. \u0160is u\u017ekandis puikiai tiks dres\u016bros metu ar kasdieniam palepinimui.\" \/>\n<meta property=\"og:url\" content=\"https:\/\/anivet.lt\/elparduotuve\/produktas\/mr-bandit-soft-sticks-sunims-lazdeles-su-eriena-80g\/\" \/>\n<meta property=\"og:site_name\" content=\"anivet.lt\" \/>\n<meta property=\"article:modified_time\" content=\"2026-01-30T15:31:25+00:00\" \/>\n<meta property=\"og:image\" content=\"https:\/\/anivet.lt\/elparduotuve\/wp-content\/uploads\/2024\/11\/mr-bandit-soft-sticksnauja.jpg\" \/>\n\t<meta property=\"og:image:width\" content=\"400\" \/>\n\t<meta property=\"og:image:height\" content=\"400\" \/>\n\t<meta property=\"og:image:type\" content=\"image\/jpeg\" \/>\n<meta name=\"twitter:card\" content=\"summary_large_image\" \/>\n<meta name=\"twitter:label1\" content=\"Est. reading time\" \/>\n\t<meta name=\"twitter:data1\" content=\"1 minut\u0117\" \/>\n<script type=\"application\/ld+json\" class=\"yoast-schema-graph\">{\"@context\":\"https:\\\/\\\/schema.org\",\"@graph\":[{\"@type\":\"WebPage\",\"@id\":\"https:\\\/\\\/anivet.lt\\\/elparduotuve\\\/produktas\\\/mr-bandit-soft-sticks-sunims-lazdeles-su-eriena-80g\\\/\",\"url\":\"https:\\\/\\\/anivet.lt\\\/elparduotuve\\\/produktas\\\/mr-bandit-soft-sticks-sunims-lazdeles-su-eriena-80g\\\/\",\"name\":\"Mr. Bandit Soft Sticks \u0161unims lazdel\u0117s su \u0117riena 80g - anivet.lt\",\"isPartOf\":{\"@id\":\"https:\\\/\\\/anivet.lt\\\/elparduotuve\\\/#website\"},\"primaryImageOfPage\":{\"@id\":\"https:\\\/\\\/anivet.lt\\\/elparduotuve\\\/produktas\\\/mr-bandit-soft-sticks-sunims-lazdeles-su-eriena-80g\\\/#primaryimage\"},\"image\":{\"@id\":\"https:\\\/\\\/anivet.lt\\\/elparduotuve\\\/produktas\\\/mr-bandit-soft-sticks-sunims-lazdeles-su-eriena-80g\\\/#primaryimage\"},\"thumbnailUrl\":\"https:\\\/\\\/anivet.lt\\\/elparduotuve\\\/wp-content\\\/uploads\\\/2024\\\/11\\\/mr-bandit-soft-sticksnauja.jpg\",\"datePublished\":\"2024-11-05T12:57:42+00:00\",\"dateModified\":\"2026-01-30T15:31:25+00:00\",\"description\":\"Mink\u0161ti, lengvai l\u016b\u017etantys skan\u0117stai, idealiai tinkantys vis\u0173 veisli\u0173 \u0161unims. \u0116rienos ir vi\u0161tienos derinys sukuria subtil\u0173 skon\u012f, kuris patiks net reikliausiems augintiniams. \u0160is u\u017ekandis puikiai tiks dres\u016bros metu ar kasdieniam palepinimui.\",\"breadcrumb\":{\"@id\":\"https:\\\/\\\/anivet.lt\\\/elparduotuve\\\/produktas\\\/mr-bandit-soft-sticks-sunims-lazdeles-su-eriena-80g\\\/#breadcrumb\"},\"inLanguage\":\"lt-LT\",\"potentialAction\":[{\"@type\":\"ReadAction\",\"target\":[\"https:\\\/\\\/anivet.lt\\\/elparduotuve\\\/produktas\\\/mr-bandit-soft-sticks-sunims-lazdeles-su-eriena-80g\\\/\"]}]},{\"@type\":\"ImageObject\",\"inLanguage\":\"lt-LT\",\"@id\":\"https:\\\/\\\/anivet.lt\\\/elparduotuve\\\/produktas\\\/mr-bandit-soft-sticks-sunims-lazdeles-su-eriena-80g\\\/#primaryimage\",\"url\":\"https:\\\/\\\/anivet.lt\\\/elparduotuve\\\/wp-content\\\/uploads\\\/2024\\\/11\\\/mr-bandit-soft-sticksnauja.jpg\",\"contentUrl\":\"https:\\\/\\\/anivet.lt\\\/elparduotuve\\\/wp-content\\\/uploads\\\/2024\\\/11\\\/mr-bandit-soft-sticksnauja.jpg\",\"width\":400,\"height\":400,\"caption\":\"Mr. Bandit Soft Sticks \u0161unims lazdel\u0117s su \u0117riena 80g\"},{\"@type\":\"BreadcrumbList\",\"@id\":\"https:\\\/\\\/anivet.lt\\\/elparduotuve\\\/produktas\\\/mr-bandit-soft-sticks-sunims-lazdeles-su-eriena-80g\\\/#breadcrumb\",\"itemListElement\":[{\"@type\":\"ListItem\",\"position\":1,\"name\":\"Home\",\"item\":\"https:\\\/\\\/anivet.lt\\\/elparduotuve\\\/\"},{\"@type\":\"ListItem\",\"position\":2,\"name\":\"Produktai\",\"item\":\"https:\\\/\\\/anivet.lt\\\/elparduotuve\\\/produktai\\\/\"},{\"@type\":\"ListItem\",\"position\":3,\"name\":\"Mr. Bandit Soft Sticks \u0161unims lazdel\u0117s su \u0117riena 80g\"}]},{\"@type\":\"WebSite\",\"@id\":\"https:\\\/\\\/anivet.lt\\\/elparduotuve\\\/#website\",\"url\":\"https:\\\/\\\/anivet.lt\\\/elparduotuve\\\/\",\"name\":\"anivet.lt\",\"description\":\"Viskas J\u016bs\u0173 \u0161uns, kat\u0117s prie\u017ei\u016brai\",\"publisher\":{\"@id\":\"https:\\\/\\\/anivet.lt\\\/elparduotuve\\\/#organization\"},\"alternateName\":\"Viskas J\u016bs\u0173 \u0161uns, kat\u0117s prie\u017ei\u016brai\",\"potentialAction\":[{\"@type\":\"SearchAction\",\"target\":{\"@type\":\"EntryPoint\",\"urlTemplate\":\"https:\\\/\\\/anivet.lt\\\/elparduotuve\\\/?s={search_term_string}\"},\"query-input\":{\"@type\":\"PropertyValueSpecification\",\"valueRequired\":true,\"valueName\":\"search_term_string\"}}],\"inLanguage\":\"lt-LT\"},{\"@type\":\"Organization\",\"@id\":\"https:\\\/\\\/anivet.lt\\\/elparduotuve\\\/#organization\",\"name\":\"Viskas J\u016bs\u0173 \u0161uns, kat\u0117s prie\u017ei\u016brai\",\"url\":\"https:\\\/\\\/anivet.lt\\\/elparduotuve\\\/\",\"logo\":{\"@type\":\"ImageObject\",\"inLanguage\":\"lt-LT\",\"@id\":\"https:\\\/\\\/anivet.lt\\\/elparduotuve\\\/#\\\/schema\\\/logo\\\/image\\\/\",\"url\":\"https:\\\/\\\/anivet.lt\\\/elparduotuve\\\/wp-content\\\/uploads\\\/2023\\\/06\\\/logo2.jpg\",\"contentUrl\":\"https:\\\/\\\/anivet.lt\\\/elparduotuve\\\/wp-content\\\/uploads\\\/2023\\\/06\\\/logo2.jpg\",\"width\":655,\"height\":194,\"caption\":\"Viskas J\u016bs\u0173 \u0161uns, kat\u0117s prie\u017ei\u016brai\"},\"image\":{\"@id\":\"https:\\\/\\\/anivet.lt\\\/elparduotuve\\\/#\\\/schema\\\/logo\\\/image\\\/\"}}]}<\/script>\n<!-- \/ Yoast SEO Premium plugin. -->","yoast_head_json":{"title":"Mr. Bandit Soft Sticks \u0161unims lazdel\u0117s su \u0117riena 80g - anivet.lt","description":"Mink\u0161ti, lengvai l\u016b\u017etantys skan\u0117stai, idealiai tinkantys vis\u0173 veisli\u0173 \u0161unims. \u0116rienos ir vi\u0161tienos derinys sukuria subtil\u0173 skon\u012f, kuris patiks net reikliausiems augintiniams. \u0160is u\u017ekandis puikiai tiks dres\u016bros metu ar kasdieniam palepinimui.","robots":{"index":"index","follow":"follow","max-snippet":"max-snippet:-1","max-image-preview":"max-image-preview:large","max-video-preview":"max-video-preview:-1"},"canonical":"https:\/\/anivet.lt\/elparduotuve\/produktas\/mr-bandit-soft-sticks-sunims-lazdeles-su-eriena-80g\/","og_locale":"lt_LT","og_type":"article","og_title":"Mr. Bandit Soft Sticks \u0161unims lazdel\u0117s su \u0117riena 80g","og_description":"Mink\u0161ti, lengvai l\u016b\u017etantys skan\u0117stai, idealiai tinkantys vis\u0173 veisli\u0173 \u0161unims. \u0116rienos ir vi\u0161tienos derinys sukuria subtil\u0173 skon\u012f, kuris patiks net reikliausiems augintiniams. \u0160is u\u017ekandis puikiai tiks dres\u016bros metu ar kasdieniam palepinimui.","og_url":"https:\/\/anivet.lt\/elparduotuve\/produktas\/mr-bandit-soft-sticks-sunims-lazdeles-su-eriena-80g\/","og_site_name":"anivet.lt","article_modified_time":"2026-01-30T15:31:25+00:00","og_image":[{"width":400,"height":400,"url":"https:\/\/anivet.lt\/elparduotuve\/wp-content\/uploads\/2024\/11\/mr-bandit-soft-sticksnauja.jpg","type":"image\/jpeg"}],"twitter_card":"summary_large_image","twitter_misc":{"Est. reading time":"1 minut\u0117"},"schema":{"@context":"https:\/\/schema.org","@graph":[{"@type":"WebPage","@id":"https:\/\/anivet.lt\/elparduotuve\/produktas\/mr-bandit-soft-sticks-sunims-lazdeles-su-eriena-80g\/","url":"https:\/\/anivet.lt\/elparduotuve\/produktas\/mr-bandit-soft-sticks-sunims-lazdeles-su-eriena-80g\/","name":"Mr. Bandit Soft Sticks \u0161unims lazdel\u0117s su \u0117riena 80g - anivet.lt","isPartOf":{"@id":"https:\/\/anivet.lt\/elparduotuve\/#website"},"primaryImageOfPage":{"@id":"https:\/\/anivet.lt\/elparduotuve\/produktas\/mr-bandit-soft-sticks-sunims-lazdeles-su-eriena-80g\/#primaryimage"},"image":{"@id":"https:\/\/anivet.lt\/elparduotuve\/produktas\/mr-bandit-soft-sticks-sunims-lazdeles-su-eriena-80g\/#primaryimage"},"thumbnailUrl":"https:\/\/anivet.lt\/elparduotuve\/wp-content\/uploads\/2024\/11\/mr-bandit-soft-sticksnauja.jpg","datePublished":"2024-11-05T12:57:42+00:00","dateModified":"2026-01-30T15:31:25+00:00","description":"Mink\u0161ti, lengvai l\u016b\u017etantys skan\u0117stai, idealiai tinkantys vis\u0173 veisli\u0173 \u0161unims. \u0116rienos ir vi\u0161tienos derinys sukuria subtil\u0173 skon\u012f, kuris patiks net reikliausiems augintiniams. \u0160is u\u017ekandis puikiai tiks dres\u016bros metu ar kasdieniam palepinimui.","breadcrumb":{"@id":"https:\/\/anivet.lt\/elparduotuve\/produktas\/mr-bandit-soft-sticks-sunims-lazdeles-su-eriena-80g\/#breadcrumb"},"inLanguage":"lt-LT","potentialAction":[{"@type":"ReadAction","target":["https:\/\/anivet.lt\/elparduotuve\/produktas\/mr-bandit-soft-sticks-sunims-lazdeles-su-eriena-80g\/"]}]},{"@type":"ImageObject","inLanguage":"lt-LT","@id":"https:\/\/anivet.lt\/elparduotuve\/produktas\/mr-bandit-soft-sticks-sunims-lazdeles-su-eriena-80g\/#primaryimage","url":"https:\/\/anivet.lt\/elparduotuve\/wp-content\/uploads\/2024\/11\/mr-bandit-soft-sticksnauja.jpg","contentUrl":"https:\/\/anivet.lt\/elparduotuve\/wp-content\/uploads\/2024\/11\/mr-bandit-soft-sticksnauja.jpg","width":400,"height":400,"caption":"Mr. Bandit Soft Sticks \u0161unims lazdel\u0117s su \u0117riena 80g"},{"@type":"BreadcrumbList","@id":"https:\/\/anivet.lt\/elparduotuve\/produktas\/mr-bandit-soft-sticks-sunims-lazdeles-su-eriena-80g\/#breadcrumb","itemListElement":[{"@type":"ListItem","position":1,"name":"Home","item":"https:\/\/anivet.lt\/elparduotuve\/"},{"@type":"ListItem","position":2,"name":"Produktai","item":"https:\/\/anivet.lt\/elparduotuve\/produktai\/"},{"@type":"ListItem","position":3,"name":"Mr. Bandit Soft Sticks \u0161unims lazdel\u0117s su \u0117riena 80g"}]},{"@type":"WebSite","@id":"https:\/\/anivet.lt\/elparduotuve\/#website","url":"https:\/\/anivet.lt\/elparduotuve\/","name":"anivet.lt","description":"Viskas J\u016bs\u0173 \u0161uns, kat\u0117s prie\u017ei\u016brai","publisher":{"@id":"https:\/\/anivet.lt\/elparduotuve\/#organization"},"alternateName":"Viskas J\u016bs\u0173 \u0161uns, kat\u0117s prie\u017ei\u016brai","potentialAction":[{"@type":"SearchAction","target":{"@type":"EntryPoint","urlTemplate":"https:\/\/anivet.lt\/elparduotuve\/?s={search_term_string}"},"query-input":{"@type":"PropertyValueSpecification","valueRequired":true,"valueName":"search_term_string"}}],"inLanguage":"lt-LT"},{"@type":"Organization","@id":"https:\/\/anivet.lt\/elparduotuve\/#organization","name":"Viskas J\u016bs\u0173 \u0161uns, kat\u0117s prie\u017ei\u016brai","url":"https:\/\/anivet.lt\/elparduotuve\/","logo":{"@type":"ImageObject","inLanguage":"lt-LT","@id":"https:\/\/anivet.lt\/elparduotuve\/#\/schema\/logo\/image\/","url":"https:\/\/anivet.lt\/elparduotuve\/wp-content\/uploads\/2023\/06\/logo2.jpg","contentUrl":"https:\/\/anivet.lt\/elparduotuve\/wp-content\/uploads\/2023\/06\/logo2.jpg","width":655,"height":194,"caption":"Viskas J\u016bs\u0173 \u0161uns, kat\u0117s prie\u017ei\u016brai"},"image":{"@id":"https:\/\/anivet.lt\/elparduotuve\/#\/schema\/logo\/image\/"}}]}},"_links":{"self":[{"href":"https:\/\/anivet.lt\/elparduotuve\/wp-json\/wp\/v2\/product\/14998","targetHints":{"allow":["GET"]}}],"collection":[{"href":"https:\/\/anivet.lt\/elparduotuve\/wp-json\/wp\/v2\/product"}],"about":[{"href":"https:\/\/anivet.lt\/elparduotuve\/wp-json\/wp\/v2\/types\/product"}],"wp:featuredmedia":[{"embeddable":true,"href":"https:\/\/anivet.lt\/elparduotuve\/wp-json\/wp\/v2\/media\/14999"}],"wp:attachment":[{"href":"https:\/\/anivet.lt\/elparduotuve\/wp-json\/wp\/v2\/media?parent=14998"}],"wp:term":[{"taxonomy":"product_brand","embeddable":true,"href":"https:\/\/anivet.lt\/elparduotuve\/wp-json\/wp\/v2\/product_brand?post=14998"},{"taxonomy":"product_cat","embeddable":true,"href":"https:\/\/anivet.lt\/elparduotuve\/wp-json\/wp\/v2\/product_cat?post=14998"},{"taxonomy":"product_tag","embeddable":true,"href":"https:\/\/anivet.lt\/elparduotuve\/wp-json\/wp\/v2\/product_tag?post=14998"}],"curies":[{"name":"wp","href":"https:\/\/api.w.org\/{rel}","templated":true}]}}