{"id":15005,"date":"2024-11-05T13:40:10","date_gmt":"2024-11-05T13:40:10","guid":{"rendered":"https:\/\/anivet.lt\/elparduotuve\/?post_type=product&#038;p=15005"},"modified":"2026-03-25T16:17:25","modified_gmt":"2026-03-25T16:17:25","slug":"mr-bandit-sport-extra-skanestai-sunims-su-eriena-150g","status":"publish","type":"product","link":"https:\/\/anivet.lt\/elparduotuve\/produktas\/mr-bandit-sport-extra-skanestai-sunims-su-eriena-150g\/","title":{"rendered":"Mr. Bandit SPORT EXTRA skan\u0117stai \u0161unims su \u0117riena 150g"},"content":{"rendered":"<ul>\n<li style=\"font-weight: 400;\" aria-level=\"1\"><span style=\"font-weight: 400;\">Didelis m\u0117sos kiekis: Net 85 % m\u0117sos sud\u0117tyje, i\u0161 j\u0173 9,5 % \u2013 avienos miltai.<\/span><\/li>\n<li style=\"font-weight: 400;\" aria-level=\"1\"><span style=\"font-weight: 400;\">Puikus skonis ir kvapas: Viliojantis aromatas u\u017etikrina \u0161uns susidom\u0117jim\u0105.<\/span><\/li>\n<li style=\"font-weight: 400;\" aria-level=\"1\"><span style=\"font-weight: 400;\">Patogus dydis: Lengva naudoti treniruo\u010di\u0173 metu ar kaip greit\u0105 atlyg\u012f.<\/span><\/li>\n<li style=\"font-weight: 400;\" aria-level=\"1\"><span style=\"font-weight: 400;\">Subalansuota sud\u0117tis: Dr\u0117gnis, baltymai ir riebalai u\u017etikrina skan\u0117st\u0173 maistin\u0119 vert\u0119.<\/span><\/li>\n<li style=\"font-weight: 400;\" aria-level=\"1\"><span style=\"font-weight: 400;\">Motyvacija treniruo\u010di\u0173 metu: Skatina \u0161un\u012f stengtis ir daryti visk\u0105 d\u0117l apdovanojimo.<\/span><\/li>\n<\/ul>\n<p><span style=\"font-weight: 400;\">\u0160ie skan\u0117stai \u2013 tai ne tik gardus atlygis j\u016bs\u0173 \u0161uniui, bet ir prakti\u0161kas pagalbininkas treniruo\u010di\u0173 metu. D\u0117l auk\u0161tos kokyb\u0117s sudedam\u0173j\u0173 dali\u0173, puikaus skonio ir dyd\u017eio jie idealiai tinka \u0161un\u0173 motyvacijai didinti. Tai skan\u0117stai, kurie ne tik patenkins j\u016bs\u0173 augintinio poreikius, bet ir suteiks smag\u0173 apdovanojim\u0105 u\u017e ger\u0105 elges\u012f ar pasiekimus.<\/span><\/p>\n","protected":false},"excerpt":{"rendered":"<p><span style=\"font-weight: 400;\">Kokybi\u0161ki ir gard\u016bs skan\u0117stai, specialiai sukurti \u0161unims kaip atlygis treniruo\u010di\u0173 metu ar kasdieniam palepinimui. D\u0117l didelio m\u0117sos kiekio \u0161ie skan\u0117stai yra itin m\u0117gstami \u0161un\u0173 ir puikiai tinka j\u0173 motyvacijai stiprinti.<\/span><\/p>\n","protected":false},"featured_media":15006,"template":"","meta":[],"product_brand":[],"product_cat":[101,103,106],"product_tag":[],"class_list":{"0":"post-15005","1":"product","2":"type-product","3":"status-publish","4":"has-post-thumbnail","6":"product_cat-sunims","7":"product_cat-sunu-maistas","8":"product_cat-skanestai","10":"first","11":"instock","12":"taxable","13":"shipping-taxable","14":"purchasable","15":"product-type-simple"},"yoast_head":"<!-- This site is optimized with the Yoast SEO Premium plugin v27.1 (Yoast SEO v27.5) - https:\/\/yoast.com\/product\/yoast-seo-premium-wordpress\/ -->\n<title>Mr. Bandit SPORT EXTRA skan\u0117stai \u0161unims su \u0117riena 150g - anivet.lt<\/title>\n<meta name=\"description\" content=\"Kokybi\u0161ki ir gard\u016bs skan\u0117stai, specialiai sukurti \u0161unims kaip atlygis treniruo\u010di\u0173 metu ar kasdieniam palepinimui. D\u0117l didelio m\u0117sos kiekio \u0161ie skan\u0117stai yra itin m\u0117gstami \u0161un\u0173 ir puikiai tinka j\u0173 motyvacijai stiprinti.\" \/>\n<meta name=\"robots\" content=\"index, follow, max-snippet:-1, max-image-preview:large, max-video-preview:-1\" \/>\n<link rel=\"canonical\" href=\"https:\/\/anivet.lt\/elparduotuve\/produktas\/mr-bandit-sport-extra-skanestai-sunims-su-eriena-150g\/\" \/>\n<meta property=\"og:locale\" content=\"lt_LT\" \/>\n<meta property=\"og:type\" content=\"article\" \/>\n<meta property=\"og:title\" content=\"Mr. Bandit SPORT EXTRA skan\u0117stai \u0161unims su \u0117riena 150g\" \/>\n<meta property=\"og:description\" content=\"Kokybi\u0161ki ir gard\u016bs skan\u0117stai, specialiai sukurti \u0161unims kaip atlygis treniruo\u010di\u0173 metu ar kasdieniam palepinimui. D\u0117l didelio m\u0117sos kiekio \u0161ie skan\u0117stai yra itin m\u0117gstami \u0161un\u0173 ir puikiai tinka j\u0173 motyvacijai stiprinti.\" \/>\n<meta property=\"og:url\" content=\"https:\/\/anivet.lt\/elparduotuve\/produktas\/mr-bandit-sport-extra-skanestai-sunims-su-eriena-150g\/\" \/>\n<meta property=\"og:site_name\" content=\"anivet.lt\" \/>\n<meta property=\"article:modified_time\" content=\"2026-03-25T16:17:25+00:00\" \/>\n<meta property=\"og:image\" content=\"https:\/\/anivet.lt\/elparduotuve\/wp-content\/uploads\/2024\/11\/nauja.jpg\" \/>\n\t<meta property=\"og:image:width\" content=\"400\" \/>\n\t<meta property=\"og:image:height\" content=\"400\" \/>\n\t<meta property=\"og:image:type\" content=\"image\/jpeg\" \/>\n<meta name=\"twitter:card\" content=\"summary_large_image\" \/>\n<meta name=\"twitter:label1\" content=\"Est. reading time\" \/>\n\t<meta name=\"twitter:data1\" content=\"1 minut\u0117\" \/>\n<script type=\"application\/ld+json\" class=\"yoast-schema-graph\">{\"@context\":\"https:\\\/\\\/schema.org\",\"@graph\":[{\"@type\":\"WebPage\",\"@id\":\"https:\\\/\\\/anivet.lt\\\/elparduotuve\\\/produktas\\\/mr-bandit-sport-extra-skanestai-sunims-su-eriena-150g\\\/\",\"url\":\"https:\\\/\\\/anivet.lt\\\/elparduotuve\\\/produktas\\\/mr-bandit-sport-extra-skanestai-sunims-su-eriena-150g\\\/\",\"name\":\"Mr. Bandit SPORT EXTRA skan\u0117stai \u0161unims su \u0117riena 150g - anivet.lt\",\"isPartOf\":{\"@id\":\"https:\\\/\\\/anivet.lt\\\/elparduotuve\\\/#website\"},\"primaryImageOfPage\":{\"@id\":\"https:\\\/\\\/anivet.lt\\\/elparduotuve\\\/produktas\\\/mr-bandit-sport-extra-skanestai-sunims-su-eriena-150g\\\/#primaryimage\"},\"image\":{\"@id\":\"https:\\\/\\\/anivet.lt\\\/elparduotuve\\\/produktas\\\/mr-bandit-sport-extra-skanestai-sunims-su-eriena-150g\\\/#primaryimage\"},\"thumbnailUrl\":\"https:\\\/\\\/anivet.lt\\\/elparduotuve\\\/wp-content\\\/uploads\\\/2024\\\/11\\\/nauja.jpg\",\"datePublished\":\"2024-11-05T13:40:10+00:00\",\"dateModified\":\"2026-03-25T16:17:25+00:00\",\"description\":\"Kokybi\u0161ki ir gard\u016bs skan\u0117stai, specialiai sukurti \u0161unims kaip atlygis treniruo\u010di\u0173 metu ar kasdieniam palepinimui. D\u0117l didelio m\u0117sos kiekio \u0161ie skan\u0117stai yra itin m\u0117gstami \u0161un\u0173 ir puikiai tinka j\u0173 motyvacijai stiprinti.\",\"breadcrumb\":{\"@id\":\"https:\\\/\\\/anivet.lt\\\/elparduotuve\\\/produktas\\\/mr-bandit-sport-extra-skanestai-sunims-su-eriena-150g\\\/#breadcrumb\"},\"inLanguage\":\"lt-LT\",\"potentialAction\":[{\"@type\":\"ReadAction\",\"target\":[\"https:\\\/\\\/anivet.lt\\\/elparduotuve\\\/produktas\\\/mr-bandit-sport-extra-skanestai-sunims-su-eriena-150g\\\/\"]}]},{\"@type\":\"ImageObject\",\"inLanguage\":\"lt-LT\",\"@id\":\"https:\\\/\\\/anivet.lt\\\/elparduotuve\\\/produktas\\\/mr-bandit-sport-extra-skanestai-sunims-su-eriena-150g\\\/#primaryimage\",\"url\":\"https:\\\/\\\/anivet.lt\\\/elparduotuve\\\/wp-content\\\/uploads\\\/2024\\\/11\\\/nauja.jpg\",\"contentUrl\":\"https:\\\/\\\/anivet.lt\\\/elparduotuve\\\/wp-content\\\/uploads\\\/2024\\\/11\\\/nauja.jpg\",\"width\":400,\"height\":400,\"caption\":\"Mr. Bandit SPORT EXTRA skan\u0117stai \u0161unims su \u0117riena 150g\"},{\"@type\":\"BreadcrumbList\",\"@id\":\"https:\\\/\\\/anivet.lt\\\/elparduotuve\\\/produktas\\\/mr-bandit-sport-extra-skanestai-sunims-su-eriena-150g\\\/#breadcrumb\",\"itemListElement\":[{\"@type\":\"ListItem\",\"position\":1,\"name\":\"Home\",\"item\":\"https:\\\/\\\/anivet.lt\\\/elparduotuve\\\/\"},{\"@type\":\"ListItem\",\"position\":2,\"name\":\"Produktai\",\"item\":\"https:\\\/\\\/anivet.lt\\\/elparduotuve\\\/produktai\\\/\"},{\"@type\":\"ListItem\",\"position\":3,\"name\":\"Mr. Bandit SPORT EXTRA skan\u0117stai \u0161unims su \u0117riena 150g\"}]},{\"@type\":\"WebSite\",\"@id\":\"https:\\\/\\\/anivet.lt\\\/elparduotuve\\\/#website\",\"url\":\"https:\\\/\\\/anivet.lt\\\/elparduotuve\\\/\",\"name\":\"anivet.lt\",\"description\":\"Viskas J\u016bs\u0173 \u0161uns, kat\u0117s prie\u017ei\u016brai\",\"publisher\":{\"@id\":\"https:\\\/\\\/anivet.lt\\\/elparduotuve\\\/#organization\"},\"alternateName\":\"Viskas J\u016bs\u0173 \u0161uns, kat\u0117s prie\u017ei\u016brai\",\"potentialAction\":[{\"@type\":\"SearchAction\",\"target\":{\"@type\":\"EntryPoint\",\"urlTemplate\":\"https:\\\/\\\/anivet.lt\\\/elparduotuve\\\/?s={search_term_string}\"},\"query-input\":{\"@type\":\"PropertyValueSpecification\",\"valueRequired\":true,\"valueName\":\"search_term_string\"}}],\"inLanguage\":\"lt-LT\"},{\"@type\":\"Organization\",\"@id\":\"https:\\\/\\\/anivet.lt\\\/elparduotuve\\\/#organization\",\"name\":\"Viskas J\u016bs\u0173 \u0161uns, kat\u0117s prie\u017ei\u016brai\",\"url\":\"https:\\\/\\\/anivet.lt\\\/elparduotuve\\\/\",\"logo\":{\"@type\":\"ImageObject\",\"inLanguage\":\"lt-LT\",\"@id\":\"https:\\\/\\\/anivet.lt\\\/elparduotuve\\\/#\\\/schema\\\/logo\\\/image\\\/\",\"url\":\"https:\\\/\\\/anivet.lt\\\/elparduotuve\\\/wp-content\\\/uploads\\\/2023\\\/06\\\/logo2.jpg\",\"contentUrl\":\"https:\\\/\\\/anivet.lt\\\/elparduotuve\\\/wp-content\\\/uploads\\\/2023\\\/06\\\/logo2.jpg\",\"width\":655,\"height\":194,\"caption\":\"Viskas J\u016bs\u0173 \u0161uns, kat\u0117s prie\u017ei\u016brai\"},\"image\":{\"@id\":\"https:\\\/\\\/anivet.lt\\\/elparduotuve\\\/#\\\/schema\\\/logo\\\/image\\\/\"}}]}<\/script>\n<!-- \/ Yoast SEO Premium plugin. -->","yoast_head_json":{"title":"Mr. Bandit SPORT EXTRA skan\u0117stai \u0161unims su \u0117riena 150g - anivet.lt","description":"Kokybi\u0161ki ir gard\u016bs skan\u0117stai, specialiai sukurti \u0161unims kaip atlygis treniruo\u010di\u0173 metu ar kasdieniam palepinimui. D\u0117l didelio m\u0117sos kiekio \u0161ie skan\u0117stai yra itin m\u0117gstami \u0161un\u0173 ir puikiai tinka j\u0173 motyvacijai stiprinti.","robots":{"index":"index","follow":"follow","max-snippet":"max-snippet:-1","max-image-preview":"max-image-preview:large","max-video-preview":"max-video-preview:-1"},"canonical":"https:\/\/anivet.lt\/elparduotuve\/produktas\/mr-bandit-sport-extra-skanestai-sunims-su-eriena-150g\/","og_locale":"lt_LT","og_type":"article","og_title":"Mr. Bandit SPORT EXTRA skan\u0117stai \u0161unims su \u0117riena 150g","og_description":"Kokybi\u0161ki ir gard\u016bs skan\u0117stai, specialiai sukurti \u0161unims kaip atlygis treniruo\u010di\u0173 metu ar kasdieniam palepinimui. D\u0117l didelio m\u0117sos kiekio \u0161ie skan\u0117stai yra itin m\u0117gstami \u0161un\u0173 ir puikiai tinka j\u0173 motyvacijai stiprinti.","og_url":"https:\/\/anivet.lt\/elparduotuve\/produktas\/mr-bandit-sport-extra-skanestai-sunims-su-eriena-150g\/","og_site_name":"anivet.lt","article_modified_time":"2026-03-25T16:17:25+00:00","og_image":[{"width":400,"height":400,"url":"https:\/\/anivet.lt\/elparduotuve\/wp-content\/uploads\/2024\/11\/nauja.jpg","type":"image\/jpeg"}],"twitter_card":"summary_large_image","twitter_misc":{"Est. reading time":"1 minut\u0117"},"schema":{"@context":"https:\/\/schema.org","@graph":[{"@type":"WebPage","@id":"https:\/\/anivet.lt\/elparduotuve\/produktas\/mr-bandit-sport-extra-skanestai-sunims-su-eriena-150g\/","url":"https:\/\/anivet.lt\/elparduotuve\/produktas\/mr-bandit-sport-extra-skanestai-sunims-su-eriena-150g\/","name":"Mr. Bandit SPORT EXTRA skan\u0117stai \u0161unims su \u0117riena 150g - anivet.lt","isPartOf":{"@id":"https:\/\/anivet.lt\/elparduotuve\/#website"},"primaryImageOfPage":{"@id":"https:\/\/anivet.lt\/elparduotuve\/produktas\/mr-bandit-sport-extra-skanestai-sunims-su-eriena-150g\/#primaryimage"},"image":{"@id":"https:\/\/anivet.lt\/elparduotuve\/produktas\/mr-bandit-sport-extra-skanestai-sunims-su-eriena-150g\/#primaryimage"},"thumbnailUrl":"https:\/\/anivet.lt\/elparduotuve\/wp-content\/uploads\/2024\/11\/nauja.jpg","datePublished":"2024-11-05T13:40:10+00:00","dateModified":"2026-03-25T16:17:25+00:00","description":"Kokybi\u0161ki ir gard\u016bs skan\u0117stai, specialiai sukurti \u0161unims kaip atlygis treniruo\u010di\u0173 metu ar kasdieniam palepinimui. D\u0117l didelio m\u0117sos kiekio \u0161ie skan\u0117stai yra itin m\u0117gstami \u0161un\u0173 ir puikiai tinka j\u0173 motyvacijai stiprinti.","breadcrumb":{"@id":"https:\/\/anivet.lt\/elparduotuve\/produktas\/mr-bandit-sport-extra-skanestai-sunims-su-eriena-150g\/#breadcrumb"},"inLanguage":"lt-LT","potentialAction":[{"@type":"ReadAction","target":["https:\/\/anivet.lt\/elparduotuve\/produktas\/mr-bandit-sport-extra-skanestai-sunims-su-eriena-150g\/"]}]},{"@type":"ImageObject","inLanguage":"lt-LT","@id":"https:\/\/anivet.lt\/elparduotuve\/produktas\/mr-bandit-sport-extra-skanestai-sunims-su-eriena-150g\/#primaryimage","url":"https:\/\/anivet.lt\/elparduotuve\/wp-content\/uploads\/2024\/11\/nauja.jpg","contentUrl":"https:\/\/anivet.lt\/elparduotuve\/wp-content\/uploads\/2024\/11\/nauja.jpg","width":400,"height":400,"caption":"Mr. Bandit SPORT EXTRA skan\u0117stai \u0161unims su \u0117riena 150g"},{"@type":"BreadcrumbList","@id":"https:\/\/anivet.lt\/elparduotuve\/produktas\/mr-bandit-sport-extra-skanestai-sunims-su-eriena-150g\/#breadcrumb","itemListElement":[{"@type":"ListItem","position":1,"name":"Home","item":"https:\/\/anivet.lt\/elparduotuve\/"},{"@type":"ListItem","position":2,"name":"Produktai","item":"https:\/\/anivet.lt\/elparduotuve\/produktai\/"},{"@type":"ListItem","position":3,"name":"Mr. Bandit SPORT EXTRA skan\u0117stai \u0161unims su \u0117riena 150g"}]},{"@type":"WebSite","@id":"https:\/\/anivet.lt\/elparduotuve\/#website","url":"https:\/\/anivet.lt\/elparduotuve\/","name":"anivet.lt","description":"Viskas J\u016bs\u0173 \u0161uns, kat\u0117s prie\u017ei\u016brai","publisher":{"@id":"https:\/\/anivet.lt\/elparduotuve\/#organization"},"alternateName":"Viskas J\u016bs\u0173 \u0161uns, kat\u0117s prie\u017ei\u016brai","potentialAction":[{"@type":"SearchAction","target":{"@type":"EntryPoint","urlTemplate":"https:\/\/anivet.lt\/elparduotuve\/?s={search_term_string}"},"query-input":{"@type":"PropertyValueSpecification","valueRequired":true,"valueName":"search_term_string"}}],"inLanguage":"lt-LT"},{"@type":"Organization","@id":"https:\/\/anivet.lt\/elparduotuve\/#organization","name":"Viskas J\u016bs\u0173 \u0161uns, kat\u0117s prie\u017ei\u016brai","url":"https:\/\/anivet.lt\/elparduotuve\/","logo":{"@type":"ImageObject","inLanguage":"lt-LT","@id":"https:\/\/anivet.lt\/elparduotuve\/#\/schema\/logo\/image\/","url":"https:\/\/anivet.lt\/elparduotuve\/wp-content\/uploads\/2023\/06\/logo2.jpg","contentUrl":"https:\/\/anivet.lt\/elparduotuve\/wp-content\/uploads\/2023\/06\/logo2.jpg","width":655,"height":194,"caption":"Viskas J\u016bs\u0173 \u0161uns, kat\u0117s prie\u017ei\u016brai"},"image":{"@id":"https:\/\/anivet.lt\/elparduotuve\/#\/schema\/logo\/image\/"}}]}},"_links":{"self":[{"href":"https:\/\/anivet.lt\/elparduotuve\/wp-json\/wp\/v2\/product\/15005","targetHints":{"allow":["GET"]}}],"collection":[{"href":"https:\/\/anivet.lt\/elparduotuve\/wp-json\/wp\/v2\/product"}],"about":[{"href":"https:\/\/anivet.lt\/elparduotuve\/wp-json\/wp\/v2\/types\/product"}],"wp:featuredmedia":[{"embeddable":true,"href":"https:\/\/anivet.lt\/elparduotuve\/wp-json\/wp\/v2\/media\/15006"}],"wp:attachment":[{"href":"https:\/\/anivet.lt\/elparduotuve\/wp-json\/wp\/v2\/media?parent=15005"}],"wp:term":[{"taxonomy":"product_brand","embeddable":true,"href":"https:\/\/anivet.lt\/elparduotuve\/wp-json\/wp\/v2\/product_brand?post=15005"},{"taxonomy":"product_cat","embeddable":true,"href":"https:\/\/anivet.lt\/elparduotuve\/wp-json\/wp\/v2\/product_cat?post=15005"},{"taxonomy":"product_tag","embeddable":true,"href":"https:\/\/anivet.lt\/elparduotuve\/wp-json\/wp\/v2\/product_tag?post=15005"}],"curies":[{"name":"wp","href":"https:\/\/api.w.org\/{rel}","templated":true}]}}