{"id":15007,"date":"2024-11-05T13:49:37","date_gmt":"2024-11-05T13:49:37","guid":{"rendered":"https:\/\/anivet.lt\/elparduotuve\/?post_type=product&#038;p=15007"},"modified":"2026-01-29T16:09:38","modified_gmt":"2026-01-29T16:09:38","slug":"mr-bandit-sport-extra-skanestai-sunims-su-triusiena-150g","status":"publish","type":"product","link":"https:\/\/anivet.lt\/elparduotuve\/produktas\/mr-bandit-sport-extra-skanestai-sunims-su-triusiena-150g\/","title":{"rendered":"Mr. Bandit SPORT EXTRA skan\u0117stai \u0161unims su triu\u0161iena 150g"},"content":{"rendered":"<ul>\n<li style=\"font-weight: 400;\" aria-level=\"1\"><span style=\"font-weight: 400;\">Auk\u0161tas m\u0117sos kiekis: 85% m\u0117sos, i\u0161 kuri\u0173 9,5% sudaro triu\u0161i\u0173 miltai \u2013 puikus kokybi\u0161k\u0173 baltym\u0173 \u0161altinis j\u016bs\u0173 augintinio sveikatai.<\/span><\/li>\n<li style=\"font-weight: 400;\" aria-level=\"1\"><span style=\"font-weight: 400;\">Patogus dydis: Skirtas lengvam ir patogiam naudojimui treniruo\u010di\u0173 metu.<\/span><\/li>\n<li style=\"font-weight: 400;\" aria-level=\"1\"><span style=\"font-weight: 400;\">Subalansuota sud\u0117tis: \u017dali baltymai 48,8%, \u017eali riebalai 9,6% \u2013 padeda palaikyti \u0161uns energij\u0105 ir bendr\u0105 gerov\u0119.<\/span><\/li>\n<li style=\"font-weight: 400;\" aria-level=\"1\"><span style=\"font-weight: 400;\">Nepriekai\u0161tingas skonis: Viliojantis aromatas ir \u0161velni tekst\u016bra \u2013 puikus pasirinkimas net i\u0161rankiausiems \u0161unims.<\/span><\/li>\n<li style=\"font-weight: 400;\" aria-level=\"1\"><span style=\"font-weight: 400;\">Universalus naudojimas: Tinka tiek treniruot\u0117ms, tiek maloniems pasilepinimo momentams.<\/span><\/li>\n<\/ul>\n<p><span style=\"font-weight: 400;\">\u201eMr. Bandit SPORT EXTRA\u201c su triu\u0161iena yra kokybi\u0161kas skan\u0117stas, kuris ne tik pamalonins j\u016bs\u0173 \u0161un\u012f, bet ir pad\u0117s stiprinti jo motyvacij\u0105 bei entuziazm\u0105 treniruo\u010di\u0173 metu. Skan\u0117stai sukurti taip, kad atitikt\u0173 \u0161uns poreikius ir u\u017etikrint\u0173 ger\u0105 savijaut\u0105.<\/span><\/p>\n","protected":false},"excerpt":{"rendered":"<p><span style=\"font-weight: 400;\">\u0160ie skan\u0117stai yra skirti ne tik kasdieniniam palepinimui, bet ir efektyvioms treniruot\u0117ms. J\u0173 sud\u0117tyje yra daug m\u0117sos, \u012fskaitant triu\u0161ien\u0105, tod\u0117l jie yra ne tik gard\u016bs, bet ir maistingi. \u0160unys negal\u0117s atsispirti \u0161iam gard\u017eiam paskatinimui, kuris skatins dar didesn\u012f entuziazm\u0105 ir pastangas.<\/span><\/p>\n","protected":false},"featured_media":15008,"template":"","meta":[],"product_brand":[],"product_cat":[101,103,106],"product_tag":[],"class_list":{"0":"post-15007","1":"product","2":"type-product","3":"status-publish","4":"has-post-thumbnail","6":"product_cat-sunims","7":"product_cat-sunu-maistas","8":"product_cat-skanestai","9":"pa_prekinis-zenklas-mr-bandit","11":"first","12":"instock","13":"taxable","14":"shipping-taxable","15":"purchasable","16":"product-type-simple"},"yoast_head":"<!-- This site is optimized with the Yoast SEO Premium plugin v27.1 (Yoast SEO v27.5) - https:\/\/yoast.com\/product\/yoast-seo-premium-wordpress\/ -->\n<title>Mr. Bandit SPORT EXTRA skan\u0117stai \u0161unims su triu\u0161iena 150g - anivet.lt<\/title>\n<meta name=\"description\" content=\"\u0160ie skan\u0117stai yra skirti ne tik kasdieniniam palepinimui, bet ir efektyvioms treniruot\u0117ms. J\u0173 sud\u0117tyje yra daug m\u0117sos, \u012fskaitant triu\u0161ien\u0105, tod\u0117l jie yra ne tik gard\u016bs, bet ir maistingi. \u0160unys negal\u0117s atsispirti \u0161iam gard\u017eiam paskatinimui, kuris skatins dar didesn\u012f entuziazm\u0105 ir pastangas.\" \/>\n<meta name=\"robots\" content=\"index, follow, max-snippet:-1, max-image-preview:large, max-video-preview:-1\" \/>\n<link rel=\"canonical\" href=\"https:\/\/anivet.lt\/elparduotuve\/produktas\/mr-bandit-sport-extra-skanestai-sunims-su-triusiena-150g\/\" \/>\n<meta property=\"og:locale\" content=\"lt_LT\" \/>\n<meta property=\"og:type\" content=\"article\" \/>\n<meta property=\"og:title\" content=\"Mr. Bandit SPORT EXTRA skan\u0117stai \u0161unims su triu\u0161iena 150g\" \/>\n<meta property=\"og:description\" content=\"\u0160ie skan\u0117stai yra skirti ne tik kasdieniniam palepinimui, bet ir efektyvioms treniruot\u0117ms. J\u0173 sud\u0117tyje yra daug m\u0117sos, \u012fskaitant triu\u0161ien\u0105, tod\u0117l jie yra ne tik gard\u016bs, bet ir maistingi. \u0160unys negal\u0117s atsispirti \u0161iam gard\u017eiam paskatinimui, kuris skatins dar didesn\u012f entuziazm\u0105 ir pastangas.\" \/>\n<meta property=\"og:url\" content=\"https:\/\/anivet.lt\/elparduotuve\/produktas\/mr-bandit-sport-extra-skanestai-sunims-su-triusiena-150g\/\" \/>\n<meta property=\"og:site_name\" content=\"anivet.lt\" \/>\n<meta property=\"article:modified_time\" content=\"2026-01-29T16:09:38+00:00\" \/>\n<meta property=\"og:image\" content=\"https:\/\/anivet.lt\/elparduotuve\/wp-content\/uploads\/2024\/11\/Mr.-Bandit-Sport-Extra-nauja.jpg\" \/>\n\t<meta property=\"og:image:width\" content=\"400\" \/>\n\t<meta property=\"og:image:height\" content=\"400\" \/>\n\t<meta property=\"og:image:type\" content=\"image\/jpeg\" \/>\n<meta name=\"twitter:card\" content=\"summary_large_image\" \/>\n<meta name=\"twitter:label1\" content=\"Est. reading time\" \/>\n\t<meta name=\"twitter:data1\" content=\"1 minut\u0117\" \/>\n<script type=\"application\/ld+json\" class=\"yoast-schema-graph\">{\"@context\":\"https:\\\/\\\/schema.org\",\"@graph\":[{\"@type\":\"WebPage\",\"@id\":\"https:\\\/\\\/anivet.lt\\\/elparduotuve\\\/produktas\\\/mr-bandit-sport-extra-skanestai-sunims-su-triusiena-150g\\\/\",\"url\":\"https:\\\/\\\/anivet.lt\\\/elparduotuve\\\/produktas\\\/mr-bandit-sport-extra-skanestai-sunims-su-triusiena-150g\\\/\",\"name\":\"Mr. Bandit SPORT EXTRA skan\u0117stai \u0161unims su triu\u0161iena 150g - anivet.lt\",\"isPartOf\":{\"@id\":\"https:\\\/\\\/anivet.lt\\\/elparduotuve\\\/#website\"},\"primaryImageOfPage\":{\"@id\":\"https:\\\/\\\/anivet.lt\\\/elparduotuve\\\/produktas\\\/mr-bandit-sport-extra-skanestai-sunims-su-triusiena-150g\\\/#primaryimage\"},\"image\":{\"@id\":\"https:\\\/\\\/anivet.lt\\\/elparduotuve\\\/produktas\\\/mr-bandit-sport-extra-skanestai-sunims-su-triusiena-150g\\\/#primaryimage\"},\"thumbnailUrl\":\"https:\\\/\\\/anivet.lt\\\/elparduotuve\\\/wp-content\\\/uploads\\\/2024\\\/11\\\/Mr.-Bandit-Sport-Extra-nauja.jpg\",\"datePublished\":\"2024-11-05T13:49:37+00:00\",\"dateModified\":\"2026-01-29T16:09:38+00:00\",\"description\":\"\u0160ie skan\u0117stai yra skirti ne tik kasdieniniam palepinimui, bet ir efektyvioms treniruot\u0117ms. J\u0173 sud\u0117tyje yra daug m\u0117sos, \u012fskaitant triu\u0161ien\u0105, tod\u0117l jie yra ne tik gard\u016bs, bet ir maistingi. \u0160unys negal\u0117s atsispirti \u0161iam gard\u017eiam paskatinimui, kuris skatins dar didesn\u012f entuziazm\u0105 ir pastangas.\",\"breadcrumb\":{\"@id\":\"https:\\\/\\\/anivet.lt\\\/elparduotuve\\\/produktas\\\/mr-bandit-sport-extra-skanestai-sunims-su-triusiena-150g\\\/#breadcrumb\"},\"inLanguage\":\"lt-LT\",\"potentialAction\":[{\"@type\":\"ReadAction\",\"target\":[\"https:\\\/\\\/anivet.lt\\\/elparduotuve\\\/produktas\\\/mr-bandit-sport-extra-skanestai-sunims-su-triusiena-150g\\\/\"]}]},{\"@type\":\"ImageObject\",\"inLanguage\":\"lt-LT\",\"@id\":\"https:\\\/\\\/anivet.lt\\\/elparduotuve\\\/produktas\\\/mr-bandit-sport-extra-skanestai-sunims-su-triusiena-150g\\\/#primaryimage\",\"url\":\"https:\\\/\\\/anivet.lt\\\/elparduotuve\\\/wp-content\\\/uploads\\\/2024\\\/11\\\/Mr.-Bandit-Sport-Extra-nauja.jpg\",\"contentUrl\":\"https:\\\/\\\/anivet.lt\\\/elparduotuve\\\/wp-content\\\/uploads\\\/2024\\\/11\\\/Mr.-Bandit-Sport-Extra-nauja.jpg\",\"width\":400,\"height\":400,\"caption\":\"Mr. Bandit SPORT EXTRA skan\u0117stai \u0161unims su triu\u0161iena 150g\"},{\"@type\":\"BreadcrumbList\",\"@id\":\"https:\\\/\\\/anivet.lt\\\/elparduotuve\\\/produktas\\\/mr-bandit-sport-extra-skanestai-sunims-su-triusiena-150g\\\/#breadcrumb\",\"itemListElement\":[{\"@type\":\"ListItem\",\"position\":1,\"name\":\"Home\",\"item\":\"https:\\\/\\\/anivet.lt\\\/elparduotuve\\\/\"},{\"@type\":\"ListItem\",\"position\":2,\"name\":\"Produktai\",\"item\":\"https:\\\/\\\/anivet.lt\\\/elparduotuve\\\/produktai\\\/\"},{\"@type\":\"ListItem\",\"position\":3,\"name\":\"Mr. Bandit SPORT EXTRA skan\u0117stai \u0161unims su triu\u0161iena 150g\"}]},{\"@type\":\"WebSite\",\"@id\":\"https:\\\/\\\/anivet.lt\\\/elparduotuve\\\/#website\",\"url\":\"https:\\\/\\\/anivet.lt\\\/elparduotuve\\\/\",\"name\":\"anivet.lt\",\"description\":\"Viskas J\u016bs\u0173 \u0161uns, kat\u0117s prie\u017ei\u016brai\",\"publisher\":{\"@id\":\"https:\\\/\\\/anivet.lt\\\/elparduotuve\\\/#organization\"},\"alternateName\":\"Viskas J\u016bs\u0173 \u0161uns, kat\u0117s prie\u017ei\u016brai\",\"potentialAction\":[{\"@type\":\"SearchAction\",\"target\":{\"@type\":\"EntryPoint\",\"urlTemplate\":\"https:\\\/\\\/anivet.lt\\\/elparduotuve\\\/?s={search_term_string}\"},\"query-input\":{\"@type\":\"PropertyValueSpecification\",\"valueRequired\":true,\"valueName\":\"search_term_string\"}}],\"inLanguage\":\"lt-LT\"},{\"@type\":\"Organization\",\"@id\":\"https:\\\/\\\/anivet.lt\\\/elparduotuve\\\/#organization\",\"name\":\"Viskas J\u016bs\u0173 \u0161uns, kat\u0117s prie\u017ei\u016brai\",\"url\":\"https:\\\/\\\/anivet.lt\\\/elparduotuve\\\/\",\"logo\":{\"@type\":\"ImageObject\",\"inLanguage\":\"lt-LT\",\"@id\":\"https:\\\/\\\/anivet.lt\\\/elparduotuve\\\/#\\\/schema\\\/logo\\\/image\\\/\",\"url\":\"https:\\\/\\\/anivet.lt\\\/elparduotuve\\\/wp-content\\\/uploads\\\/2023\\\/06\\\/logo2.jpg\",\"contentUrl\":\"https:\\\/\\\/anivet.lt\\\/elparduotuve\\\/wp-content\\\/uploads\\\/2023\\\/06\\\/logo2.jpg\",\"width\":655,\"height\":194,\"caption\":\"Viskas J\u016bs\u0173 \u0161uns, kat\u0117s prie\u017ei\u016brai\"},\"image\":{\"@id\":\"https:\\\/\\\/anivet.lt\\\/elparduotuve\\\/#\\\/schema\\\/logo\\\/image\\\/\"}}]}<\/script>\n<!-- \/ Yoast SEO Premium plugin. -->","yoast_head_json":{"title":"Mr. Bandit SPORT EXTRA skan\u0117stai \u0161unims su triu\u0161iena 150g - anivet.lt","description":"\u0160ie skan\u0117stai yra skirti ne tik kasdieniniam palepinimui, bet ir efektyvioms treniruot\u0117ms. J\u0173 sud\u0117tyje yra daug m\u0117sos, \u012fskaitant triu\u0161ien\u0105, tod\u0117l jie yra ne tik gard\u016bs, bet ir maistingi. \u0160unys negal\u0117s atsispirti \u0161iam gard\u017eiam paskatinimui, kuris skatins dar didesn\u012f entuziazm\u0105 ir pastangas.","robots":{"index":"index","follow":"follow","max-snippet":"max-snippet:-1","max-image-preview":"max-image-preview:large","max-video-preview":"max-video-preview:-1"},"canonical":"https:\/\/anivet.lt\/elparduotuve\/produktas\/mr-bandit-sport-extra-skanestai-sunims-su-triusiena-150g\/","og_locale":"lt_LT","og_type":"article","og_title":"Mr. Bandit SPORT EXTRA skan\u0117stai \u0161unims su triu\u0161iena 150g","og_description":"\u0160ie skan\u0117stai yra skirti ne tik kasdieniniam palepinimui, bet ir efektyvioms treniruot\u0117ms. J\u0173 sud\u0117tyje yra daug m\u0117sos, \u012fskaitant triu\u0161ien\u0105, tod\u0117l jie yra ne tik gard\u016bs, bet ir maistingi. \u0160unys negal\u0117s atsispirti \u0161iam gard\u017eiam paskatinimui, kuris skatins dar didesn\u012f entuziazm\u0105 ir pastangas.","og_url":"https:\/\/anivet.lt\/elparduotuve\/produktas\/mr-bandit-sport-extra-skanestai-sunims-su-triusiena-150g\/","og_site_name":"anivet.lt","article_modified_time":"2026-01-29T16:09:38+00:00","og_image":[{"width":400,"height":400,"url":"https:\/\/anivet.lt\/elparduotuve\/wp-content\/uploads\/2024\/11\/Mr.-Bandit-Sport-Extra-nauja.jpg","type":"image\/jpeg"}],"twitter_card":"summary_large_image","twitter_misc":{"Est. reading time":"1 minut\u0117"},"schema":{"@context":"https:\/\/schema.org","@graph":[{"@type":"WebPage","@id":"https:\/\/anivet.lt\/elparduotuve\/produktas\/mr-bandit-sport-extra-skanestai-sunims-su-triusiena-150g\/","url":"https:\/\/anivet.lt\/elparduotuve\/produktas\/mr-bandit-sport-extra-skanestai-sunims-su-triusiena-150g\/","name":"Mr. Bandit SPORT EXTRA skan\u0117stai \u0161unims su triu\u0161iena 150g - anivet.lt","isPartOf":{"@id":"https:\/\/anivet.lt\/elparduotuve\/#website"},"primaryImageOfPage":{"@id":"https:\/\/anivet.lt\/elparduotuve\/produktas\/mr-bandit-sport-extra-skanestai-sunims-su-triusiena-150g\/#primaryimage"},"image":{"@id":"https:\/\/anivet.lt\/elparduotuve\/produktas\/mr-bandit-sport-extra-skanestai-sunims-su-triusiena-150g\/#primaryimage"},"thumbnailUrl":"https:\/\/anivet.lt\/elparduotuve\/wp-content\/uploads\/2024\/11\/Mr.-Bandit-Sport-Extra-nauja.jpg","datePublished":"2024-11-05T13:49:37+00:00","dateModified":"2026-01-29T16:09:38+00:00","description":"\u0160ie skan\u0117stai yra skirti ne tik kasdieniniam palepinimui, bet ir efektyvioms treniruot\u0117ms. J\u0173 sud\u0117tyje yra daug m\u0117sos, \u012fskaitant triu\u0161ien\u0105, tod\u0117l jie yra ne tik gard\u016bs, bet ir maistingi. \u0160unys negal\u0117s atsispirti \u0161iam gard\u017eiam paskatinimui, kuris skatins dar didesn\u012f entuziazm\u0105 ir pastangas.","breadcrumb":{"@id":"https:\/\/anivet.lt\/elparduotuve\/produktas\/mr-bandit-sport-extra-skanestai-sunims-su-triusiena-150g\/#breadcrumb"},"inLanguage":"lt-LT","potentialAction":[{"@type":"ReadAction","target":["https:\/\/anivet.lt\/elparduotuve\/produktas\/mr-bandit-sport-extra-skanestai-sunims-su-triusiena-150g\/"]}]},{"@type":"ImageObject","inLanguage":"lt-LT","@id":"https:\/\/anivet.lt\/elparduotuve\/produktas\/mr-bandit-sport-extra-skanestai-sunims-su-triusiena-150g\/#primaryimage","url":"https:\/\/anivet.lt\/elparduotuve\/wp-content\/uploads\/2024\/11\/Mr.-Bandit-Sport-Extra-nauja.jpg","contentUrl":"https:\/\/anivet.lt\/elparduotuve\/wp-content\/uploads\/2024\/11\/Mr.-Bandit-Sport-Extra-nauja.jpg","width":400,"height":400,"caption":"Mr. Bandit SPORT EXTRA skan\u0117stai \u0161unims su triu\u0161iena 150g"},{"@type":"BreadcrumbList","@id":"https:\/\/anivet.lt\/elparduotuve\/produktas\/mr-bandit-sport-extra-skanestai-sunims-su-triusiena-150g\/#breadcrumb","itemListElement":[{"@type":"ListItem","position":1,"name":"Home","item":"https:\/\/anivet.lt\/elparduotuve\/"},{"@type":"ListItem","position":2,"name":"Produktai","item":"https:\/\/anivet.lt\/elparduotuve\/produktai\/"},{"@type":"ListItem","position":3,"name":"Mr. Bandit SPORT EXTRA skan\u0117stai \u0161unims su triu\u0161iena 150g"}]},{"@type":"WebSite","@id":"https:\/\/anivet.lt\/elparduotuve\/#website","url":"https:\/\/anivet.lt\/elparduotuve\/","name":"anivet.lt","description":"Viskas J\u016bs\u0173 \u0161uns, kat\u0117s prie\u017ei\u016brai","publisher":{"@id":"https:\/\/anivet.lt\/elparduotuve\/#organization"},"alternateName":"Viskas J\u016bs\u0173 \u0161uns, kat\u0117s prie\u017ei\u016brai","potentialAction":[{"@type":"SearchAction","target":{"@type":"EntryPoint","urlTemplate":"https:\/\/anivet.lt\/elparduotuve\/?s={search_term_string}"},"query-input":{"@type":"PropertyValueSpecification","valueRequired":true,"valueName":"search_term_string"}}],"inLanguage":"lt-LT"},{"@type":"Organization","@id":"https:\/\/anivet.lt\/elparduotuve\/#organization","name":"Viskas J\u016bs\u0173 \u0161uns, kat\u0117s prie\u017ei\u016brai","url":"https:\/\/anivet.lt\/elparduotuve\/","logo":{"@type":"ImageObject","inLanguage":"lt-LT","@id":"https:\/\/anivet.lt\/elparduotuve\/#\/schema\/logo\/image\/","url":"https:\/\/anivet.lt\/elparduotuve\/wp-content\/uploads\/2023\/06\/logo2.jpg","contentUrl":"https:\/\/anivet.lt\/elparduotuve\/wp-content\/uploads\/2023\/06\/logo2.jpg","width":655,"height":194,"caption":"Viskas J\u016bs\u0173 \u0161uns, kat\u0117s prie\u017ei\u016brai"},"image":{"@id":"https:\/\/anivet.lt\/elparduotuve\/#\/schema\/logo\/image\/"}}]}},"_links":{"self":[{"href":"https:\/\/anivet.lt\/elparduotuve\/wp-json\/wp\/v2\/product\/15007","targetHints":{"allow":["GET"]}}],"collection":[{"href":"https:\/\/anivet.lt\/elparduotuve\/wp-json\/wp\/v2\/product"}],"about":[{"href":"https:\/\/anivet.lt\/elparduotuve\/wp-json\/wp\/v2\/types\/product"}],"wp:featuredmedia":[{"embeddable":true,"href":"https:\/\/anivet.lt\/elparduotuve\/wp-json\/wp\/v2\/media\/15008"}],"wp:attachment":[{"href":"https:\/\/anivet.lt\/elparduotuve\/wp-json\/wp\/v2\/media?parent=15007"}],"wp:term":[{"taxonomy":"product_brand","embeddable":true,"href":"https:\/\/anivet.lt\/elparduotuve\/wp-json\/wp\/v2\/product_brand?post=15007"},{"taxonomy":"product_cat","embeddable":true,"href":"https:\/\/anivet.lt\/elparduotuve\/wp-json\/wp\/v2\/product_cat?post=15007"},{"taxonomy":"product_tag","embeddable":true,"href":"https:\/\/anivet.lt\/elparduotuve\/wp-json\/wp\/v2\/product_tag?post=15007"}],"curies":[{"name":"wp","href":"https:\/\/api.w.org\/{rel}","templated":true}]}}