{"id":15018,"date":"2024-11-05T14:34:23","date_gmt":"2024-11-05T14:34:23","guid":{"rendered":"https:\/\/anivet.lt\/elparduotuve\/?post_type=product&#038;p=15018"},"modified":"2026-01-30T15:31:59","modified_gmt":"2026-01-30T15:31:59","slug":"mr-bandit-sushi-skanestai-sunims-su-triusiena-ir-zuvimi-80g","status":"publish","type":"product","link":"https:\/\/anivet.lt\/elparduotuve\/produktas\/mr-bandit-sushi-skanestai-sunims-su-triusiena-ir-zuvimi-80g\/","title":{"rendered":"Mr. Bandit Sushi skan\u0117stai \u0161unims su triu\u0161iena ir \u017euvimi, 80g"},"content":{"rendered":"<ul>\n<li style=\"font-weight: 400;\" aria-level=\"1\"><span style=\"font-weight: 400;\">Auk\u0161tas m\u0117sos kiekis: Net 65% m\u0117sos (triu\u0161is, antiena ir menk\u0117) suteikia nat\u016bral\u0173 skon\u012f ir maistin\u0119 vert\u0119.<\/span><\/li>\n<li style=\"font-weight: 400;\" aria-level=\"1\"><span style=\"font-weight: 400;\">\u017duvis: 21,5% menk\u0117s praturtina skan\u0117stus maistingomis med\u017eiagomis ir skoniu.<\/span><\/li>\n<li style=\"font-weight: 400;\" aria-level=\"1\"><span style=\"font-weight: 400;\">Mink\u0161ta tekst\u016bra: Idealiai tinka net ma\u017eiems ar jautriems \u0161unims.<\/span><\/li>\n<li style=\"font-weight: 400;\" aria-level=\"1\"><span style=\"font-weight: 400;\">Baltym\u0173 gausa: 30% \u017eali\u0173 baltym\u0173 padeda palaikyti raumen\u0173 stiprum\u0105 ir energij\u0105.<\/span><\/li>\n<li style=\"font-weight: 400;\" aria-level=\"1\"><span style=\"font-weight: 400;\">Ma\u017eai riebal\u0173: Tik 2% riebal\u0173, tod\u0117l skan\u0117stai tinka ir \u0161unims, kuriems reikalinga svorio kontrol\u0117.<\/span><\/li>\n<\/ul>\n<p><span style=\"font-weight: 400;\">\u201eMr. Bandit Sushi\u201d su triu\u0161iena ir \u017euvimi yra puikus sveikas u\u017ekandis ar atlygis j\u016bs\u0173 augintiniui. Be sud\u0117ting\u0173 pried\u0173, \u0161ie skan\u0117stai yra lengvai vir\u0161kinami ir skan\u016bs, tod\u0117l idealiai tinka tiek kasdieniam naudojimui, tiek kaip specialus apdovanojimas.<\/span><\/p>\n","protected":false},"excerpt":{"rendered":"<p><span style=\"font-weight: 400;\">Skan\u0117stai sujungia subtil\u0173 triu\u0161ienos skon\u012f ir aromating\u0105 menk\u0119, sukurdami nepakartojam\u0105 skan\u0117st\u0105 j\u016bs\u0173 \u0161uniui. \u0160ie mink\u0161ti k\u0105sneliai yra idealus pasirinkimas kaip motyvacija ir apdovanojimas u\u017e puik\u0173 elges\u012f ar s\u0117kmingas treniruotes.<\/span><\/p>\n","protected":false},"featured_media":15019,"template":"","meta":[],"product_brand":[],"product_cat":[101,103,106],"product_tag":[],"class_list":{"0":"post-15018","1":"product","2":"type-product","3":"status-publish","4":"has-post-thumbnail","6":"product_cat-sunims","7":"product_cat-sunu-maistas","8":"product_cat-skanestai","10":"first","11":"instock","12":"taxable","13":"shipping-taxable","14":"purchasable","15":"product-type-simple"},"yoast_head":"<!-- This site is optimized with the Yoast SEO Premium plugin v27.1 (Yoast SEO v27.5) - https:\/\/yoast.com\/product\/yoast-seo-premium-wordpress\/ -->\n<title>Mr. Bandit Sushi skan\u0117stai \u0161unims su triu\u0161iena ir \u017euvimi, 80g - anivet.lt<\/title>\n<meta name=\"description\" content=\"Skan\u0117stai sujungia subtil\u0173 triu\u0161ienos skon\u012f ir aromating\u0105 menk\u0119, sukurdami nepakartojam\u0105 skan\u0117st\u0105 j\u016bs\u0173 \u0161uniui. \u0160ie mink\u0161ti k\u0105sneliai yra idealus pasirinkimas kaip motyvacija ir apdovanojimas u\u017e puik\u0173 elges\u012f ar s\u0117kmingas treniruotes.\" \/>\n<meta name=\"robots\" content=\"index, follow, max-snippet:-1, max-image-preview:large, max-video-preview:-1\" \/>\n<link rel=\"canonical\" href=\"https:\/\/anivet.lt\/elparduotuve\/produktas\/mr-bandit-sushi-skanestai-sunims-su-triusiena-ir-zuvimi-80g\/\" \/>\n<meta property=\"og:locale\" content=\"lt_LT\" \/>\n<meta property=\"og:type\" content=\"article\" \/>\n<meta property=\"og:title\" content=\"Mr. Bandit Sushi skan\u0117stai \u0161unims su triu\u0161iena ir \u017euvimi, 80g\" \/>\n<meta property=\"og:description\" content=\"Skan\u0117stai sujungia subtil\u0173 triu\u0161ienos skon\u012f ir aromating\u0105 menk\u0119, sukurdami nepakartojam\u0105 skan\u0117st\u0105 j\u016bs\u0173 \u0161uniui. \u0160ie mink\u0161ti k\u0105sneliai yra idealus pasirinkimas kaip motyvacija ir apdovanojimas u\u017e puik\u0173 elges\u012f ar s\u0117kmingas treniruotes.\" \/>\n<meta property=\"og:url\" content=\"https:\/\/anivet.lt\/elparduotuve\/produktas\/mr-bandit-sushi-skanestai-sunims-su-triusiena-ir-zuvimi-80g\/\" \/>\n<meta property=\"og:site_name\" content=\"anivet.lt\" \/>\n<meta property=\"article:modified_time\" content=\"2026-01-30T15:31:59+00:00\" \/>\n<meta property=\"og:image\" content=\"https:\/\/anivet.lt\/elparduotuve\/wp-content\/uploads\/2024\/11\/mr-bandit-snauja.jpg\" \/>\n\t<meta property=\"og:image:width\" content=\"400\" \/>\n\t<meta property=\"og:image:height\" content=\"300\" \/>\n\t<meta property=\"og:image:type\" content=\"image\/jpeg\" \/>\n<meta name=\"twitter:card\" content=\"summary_large_image\" \/>\n<meta name=\"twitter:label1\" content=\"Est. reading time\" \/>\n\t<meta name=\"twitter:data1\" content=\"1 minut\u0117\" \/>\n<script type=\"application\/ld+json\" class=\"yoast-schema-graph\">{\"@context\":\"https:\\\/\\\/schema.org\",\"@graph\":[{\"@type\":\"WebPage\",\"@id\":\"https:\\\/\\\/anivet.lt\\\/elparduotuve\\\/produktas\\\/mr-bandit-sushi-skanestai-sunims-su-triusiena-ir-zuvimi-80g\\\/\",\"url\":\"https:\\\/\\\/anivet.lt\\\/elparduotuve\\\/produktas\\\/mr-bandit-sushi-skanestai-sunims-su-triusiena-ir-zuvimi-80g\\\/\",\"name\":\"Mr. Bandit Sushi skan\u0117stai \u0161unims su triu\u0161iena ir \u017euvimi, 80g - anivet.lt\",\"isPartOf\":{\"@id\":\"https:\\\/\\\/anivet.lt\\\/elparduotuve\\\/#website\"},\"primaryImageOfPage\":{\"@id\":\"https:\\\/\\\/anivet.lt\\\/elparduotuve\\\/produktas\\\/mr-bandit-sushi-skanestai-sunims-su-triusiena-ir-zuvimi-80g\\\/#primaryimage\"},\"image\":{\"@id\":\"https:\\\/\\\/anivet.lt\\\/elparduotuve\\\/produktas\\\/mr-bandit-sushi-skanestai-sunims-su-triusiena-ir-zuvimi-80g\\\/#primaryimage\"},\"thumbnailUrl\":\"https:\\\/\\\/anivet.lt\\\/elparduotuve\\\/wp-content\\\/uploads\\\/2024\\\/11\\\/mr-bandit-snauja.jpg\",\"datePublished\":\"2024-11-05T14:34:23+00:00\",\"dateModified\":\"2026-01-30T15:31:59+00:00\",\"description\":\"Skan\u0117stai sujungia subtil\u0173 triu\u0161ienos skon\u012f ir aromating\u0105 menk\u0119, sukurdami nepakartojam\u0105 skan\u0117st\u0105 j\u016bs\u0173 \u0161uniui. \u0160ie mink\u0161ti k\u0105sneliai yra idealus pasirinkimas kaip motyvacija ir apdovanojimas u\u017e puik\u0173 elges\u012f ar s\u0117kmingas treniruotes.\",\"breadcrumb\":{\"@id\":\"https:\\\/\\\/anivet.lt\\\/elparduotuve\\\/produktas\\\/mr-bandit-sushi-skanestai-sunims-su-triusiena-ir-zuvimi-80g\\\/#breadcrumb\"},\"inLanguage\":\"lt-LT\",\"potentialAction\":[{\"@type\":\"ReadAction\",\"target\":[\"https:\\\/\\\/anivet.lt\\\/elparduotuve\\\/produktas\\\/mr-bandit-sushi-skanestai-sunims-su-triusiena-ir-zuvimi-80g\\\/\"]}]},{\"@type\":\"ImageObject\",\"inLanguage\":\"lt-LT\",\"@id\":\"https:\\\/\\\/anivet.lt\\\/elparduotuve\\\/produktas\\\/mr-bandit-sushi-skanestai-sunims-su-triusiena-ir-zuvimi-80g\\\/#primaryimage\",\"url\":\"https:\\\/\\\/anivet.lt\\\/elparduotuve\\\/wp-content\\\/uploads\\\/2024\\\/11\\\/mr-bandit-snauja.jpg\",\"contentUrl\":\"https:\\\/\\\/anivet.lt\\\/elparduotuve\\\/wp-content\\\/uploads\\\/2024\\\/11\\\/mr-bandit-snauja.jpg\",\"width\":400,\"height\":300,\"caption\":\"Mr. Bandit Sushi skan\u0117stai \u0161unims su triu\u0161iena ir \u017euvimi, 80g\"},{\"@type\":\"BreadcrumbList\",\"@id\":\"https:\\\/\\\/anivet.lt\\\/elparduotuve\\\/produktas\\\/mr-bandit-sushi-skanestai-sunims-su-triusiena-ir-zuvimi-80g\\\/#breadcrumb\",\"itemListElement\":[{\"@type\":\"ListItem\",\"position\":1,\"name\":\"Home\",\"item\":\"https:\\\/\\\/anivet.lt\\\/elparduotuve\\\/\"},{\"@type\":\"ListItem\",\"position\":2,\"name\":\"Produktai\",\"item\":\"https:\\\/\\\/anivet.lt\\\/elparduotuve\\\/produktai\\\/\"},{\"@type\":\"ListItem\",\"position\":3,\"name\":\"Mr. Bandit Sushi skan\u0117stai \u0161unims su triu\u0161iena ir \u017euvimi, 80g\"}]},{\"@type\":\"WebSite\",\"@id\":\"https:\\\/\\\/anivet.lt\\\/elparduotuve\\\/#website\",\"url\":\"https:\\\/\\\/anivet.lt\\\/elparduotuve\\\/\",\"name\":\"anivet.lt\",\"description\":\"Viskas J\u016bs\u0173 \u0161uns, kat\u0117s prie\u017ei\u016brai\",\"publisher\":{\"@id\":\"https:\\\/\\\/anivet.lt\\\/elparduotuve\\\/#organization\"},\"alternateName\":\"Viskas J\u016bs\u0173 \u0161uns, kat\u0117s prie\u017ei\u016brai\",\"potentialAction\":[{\"@type\":\"SearchAction\",\"target\":{\"@type\":\"EntryPoint\",\"urlTemplate\":\"https:\\\/\\\/anivet.lt\\\/elparduotuve\\\/?s={search_term_string}\"},\"query-input\":{\"@type\":\"PropertyValueSpecification\",\"valueRequired\":true,\"valueName\":\"search_term_string\"}}],\"inLanguage\":\"lt-LT\"},{\"@type\":\"Organization\",\"@id\":\"https:\\\/\\\/anivet.lt\\\/elparduotuve\\\/#organization\",\"name\":\"Viskas J\u016bs\u0173 \u0161uns, kat\u0117s prie\u017ei\u016brai\",\"url\":\"https:\\\/\\\/anivet.lt\\\/elparduotuve\\\/\",\"logo\":{\"@type\":\"ImageObject\",\"inLanguage\":\"lt-LT\",\"@id\":\"https:\\\/\\\/anivet.lt\\\/elparduotuve\\\/#\\\/schema\\\/logo\\\/image\\\/\",\"url\":\"https:\\\/\\\/anivet.lt\\\/elparduotuve\\\/wp-content\\\/uploads\\\/2023\\\/06\\\/logo2.jpg\",\"contentUrl\":\"https:\\\/\\\/anivet.lt\\\/elparduotuve\\\/wp-content\\\/uploads\\\/2023\\\/06\\\/logo2.jpg\",\"width\":655,\"height\":194,\"caption\":\"Viskas J\u016bs\u0173 \u0161uns, kat\u0117s prie\u017ei\u016brai\"},\"image\":{\"@id\":\"https:\\\/\\\/anivet.lt\\\/elparduotuve\\\/#\\\/schema\\\/logo\\\/image\\\/\"}}]}<\/script>\n<!-- \/ Yoast SEO Premium plugin. -->","yoast_head_json":{"title":"Mr. Bandit Sushi skan\u0117stai \u0161unims su triu\u0161iena ir \u017euvimi, 80g - anivet.lt","description":"Skan\u0117stai sujungia subtil\u0173 triu\u0161ienos skon\u012f ir aromating\u0105 menk\u0119, sukurdami nepakartojam\u0105 skan\u0117st\u0105 j\u016bs\u0173 \u0161uniui. \u0160ie mink\u0161ti k\u0105sneliai yra idealus pasirinkimas kaip motyvacija ir apdovanojimas u\u017e puik\u0173 elges\u012f ar s\u0117kmingas treniruotes.","robots":{"index":"index","follow":"follow","max-snippet":"max-snippet:-1","max-image-preview":"max-image-preview:large","max-video-preview":"max-video-preview:-1"},"canonical":"https:\/\/anivet.lt\/elparduotuve\/produktas\/mr-bandit-sushi-skanestai-sunims-su-triusiena-ir-zuvimi-80g\/","og_locale":"lt_LT","og_type":"article","og_title":"Mr. Bandit Sushi skan\u0117stai \u0161unims su triu\u0161iena ir \u017euvimi, 80g","og_description":"Skan\u0117stai sujungia subtil\u0173 triu\u0161ienos skon\u012f ir aromating\u0105 menk\u0119, sukurdami nepakartojam\u0105 skan\u0117st\u0105 j\u016bs\u0173 \u0161uniui. \u0160ie mink\u0161ti k\u0105sneliai yra idealus pasirinkimas kaip motyvacija ir apdovanojimas u\u017e puik\u0173 elges\u012f ar s\u0117kmingas treniruotes.","og_url":"https:\/\/anivet.lt\/elparduotuve\/produktas\/mr-bandit-sushi-skanestai-sunims-su-triusiena-ir-zuvimi-80g\/","og_site_name":"anivet.lt","article_modified_time":"2026-01-30T15:31:59+00:00","og_image":[{"width":400,"height":300,"url":"https:\/\/anivet.lt\/elparduotuve\/wp-content\/uploads\/2024\/11\/mr-bandit-snauja.jpg","type":"image\/jpeg"}],"twitter_card":"summary_large_image","twitter_misc":{"Est. reading time":"1 minut\u0117"},"schema":{"@context":"https:\/\/schema.org","@graph":[{"@type":"WebPage","@id":"https:\/\/anivet.lt\/elparduotuve\/produktas\/mr-bandit-sushi-skanestai-sunims-su-triusiena-ir-zuvimi-80g\/","url":"https:\/\/anivet.lt\/elparduotuve\/produktas\/mr-bandit-sushi-skanestai-sunims-su-triusiena-ir-zuvimi-80g\/","name":"Mr. Bandit Sushi skan\u0117stai \u0161unims su triu\u0161iena ir \u017euvimi, 80g - anivet.lt","isPartOf":{"@id":"https:\/\/anivet.lt\/elparduotuve\/#website"},"primaryImageOfPage":{"@id":"https:\/\/anivet.lt\/elparduotuve\/produktas\/mr-bandit-sushi-skanestai-sunims-su-triusiena-ir-zuvimi-80g\/#primaryimage"},"image":{"@id":"https:\/\/anivet.lt\/elparduotuve\/produktas\/mr-bandit-sushi-skanestai-sunims-su-triusiena-ir-zuvimi-80g\/#primaryimage"},"thumbnailUrl":"https:\/\/anivet.lt\/elparduotuve\/wp-content\/uploads\/2024\/11\/mr-bandit-snauja.jpg","datePublished":"2024-11-05T14:34:23+00:00","dateModified":"2026-01-30T15:31:59+00:00","description":"Skan\u0117stai sujungia subtil\u0173 triu\u0161ienos skon\u012f ir aromating\u0105 menk\u0119, sukurdami nepakartojam\u0105 skan\u0117st\u0105 j\u016bs\u0173 \u0161uniui. \u0160ie mink\u0161ti k\u0105sneliai yra idealus pasirinkimas kaip motyvacija ir apdovanojimas u\u017e puik\u0173 elges\u012f ar s\u0117kmingas treniruotes.","breadcrumb":{"@id":"https:\/\/anivet.lt\/elparduotuve\/produktas\/mr-bandit-sushi-skanestai-sunims-su-triusiena-ir-zuvimi-80g\/#breadcrumb"},"inLanguage":"lt-LT","potentialAction":[{"@type":"ReadAction","target":["https:\/\/anivet.lt\/elparduotuve\/produktas\/mr-bandit-sushi-skanestai-sunims-su-triusiena-ir-zuvimi-80g\/"]}]},{"@type":"ImageObject","inLanguage":"lt-LT","@id":"https:\/\/anivet.lt\/elparduotuve\/produktas\/mr-bandit-sushi-skanestai-sunims-su-triusiena-ir-zuvimi-80g\/#primaryimage","url":"https:\/\/anivet.lt\/elparduotuve\/wp-content\/uploads\/2024\/11\/mr-bandit-snauja.jpg","contentUrl":"https:\/\/anivet.lt\/elparduotuve\/wp-content\/uploads\/2024\/11\/mr-bandit-snauja.jpg","width":400,"height":300,"caption":"Mr. Bandit Sushi skan\u0117stai \u0161unims su triu\u0161iena ir \u017euvimi, 80g"},{"@type":"BreadcrumbList","@id":"https:\/\/anivet.lt\/elparduotuve\/produktas\/mr-bandit-sushi-skanestai-sunims-su-triusiena-ir-zuvimi-80g\/#breadcrumb","itemListElement":[{"@type":"ListItem","position":1,"name":"Home","item":"https:\/\/anivet.lt\/elparduotuve\/"},{"@type":"ListItem","position":2,"name":"Produktai","item":"https:\/\/anivet.lt\/elparduotuve\/produktai\/"},{"@type":"ListItem","position":3,"name":"Mr. Bandit Sushi skan\u0117stai \u0161unims su triu\u0161iena ir \u017euvimi, 80g"}]},{"@type":"WebSite","@id":"https:\/\/anivet.lt\/elparduotuve\/#website","url":"https:\/\/anivet.lt\/elparduotuve\/","name":"anivet.lt","description":"Viskas J\u016bs\u0173 \u0161uns, kat\u0117s prie\u017ei\u016brai","publisher":{"@id":"https:\/\/anivet.lt\/elparduotuve\/#organization"},"alternateName":"Viskas J\u016bs\u0173 \u0161uns, kat\u0117s prie\u017ei\u016brai","potentialAction":[{"@type":"SearchAction","target":{"@type":"EntryPoint","urlTemplate":"https:\/\/anivet.lt\/elparduotuve\/?s={search_term_string}"},"query-input":{"@type":"PropertyValueSpecification","valueRequired":true,"valueName":"search_term_string"}}],"inLanguage":"lt-LT"},{"@type":"Organization","@id":"https:\/\/anivet.lt\/elparduotuve\/#organization","name":"Viskas J\u016bs\u0173 \u0161uns, kat\u0117s prie\u017ei\u016brai","url":"https:\/\/anivet.lt\/elparduotuve\/","logo":{"@type":"ImageObject","inLanguage":"lt-LT","@id":"https:\/\/anivet.lt\/elparduotuve\/#\/schema\/logo\/image\/","url":"https:\/\/anivet.lt\/elparduotuve\/wp-content\/uploads\/2023\/06\/logo2.jpg","contentUrl":"https:\/\/anivet.lt\/elparduotuve\/wp-content\/uploads\/2023\/06\/logo2.jpg","width":655,"height":194,"caption":"Viskas J\u016bs\u0173 \u0161uns, kat\u0117s prie\u017ei\u016brai"},"image":{"@id":"https:\/\/anivet.lt\/elparduotuve\/#\/schema\/logo\/image\/"}}]}},"_links":{"self":[{"href":"https:\/\/anivet.lt\/elparduotuve\/wp-json\/wp\/v2\/product\/15018","targetHints":{"allow":["GET"]}}],"collection":[{"href":"https:\/\/anivet.lt\/elparduotuve\/wp-json\/wp\/v2\/product"}],"about":[{"href":"https:\/\/anivet.lt\/elparduotuve\/wp-json\/wp\/v2\/types\/product"}],"wp:featuredmedia":[{"embeddable":true,"href":"https:\/\/anivet.lt\/elparduotuve\/wp-json\/wp\/v2\/media\/15019"}],"wp:attachment":[{"href":"https:\/\/anivet.lt\/elparduotuve\/wp-json\/wp\/v2\/media?parent=15018"}],"wp:term":[{"taxonomy":"product_brand","embeddable":true,"href":"https:\/\/anivet.lt\/elparduotuve\/wp-json\/wp\/v2\/product_brand?post=15018"},{"taxonomy":"product_cat","embeddable":true,"href":"https:\/\/anivet.lt\/elparduotuve\/wp-json\/wp\/v2\/product_cat?post=15018"},{"taxonomy":"product_tag","embeddable":true,"href":"https:\/\/anivet.lt\/elparduotuve\/wp-json\/wp\/v2\/product_tag?post=15018"}],"curies":[{"name":"wp","href":"https:\/\/api.w.org\/{rel}","templated":true}]}}