{"id":15022,"date":"2024-11-06T08:36:40","date_gmt":"2024-11-06T08:36:40","guid":{"rendered":"https:\/\/anivet.lt\/elparduotuve\/?post_type=product&#038;p=15022"},"modified":"2026-04-25T07:29:48","modified_gmt":"2026-04-25T07:29:48","slug":"dermoscent-essential-6-lasai-sunu-odos-ir-kailio-buklei-gerinti-0-10kg-06ml-n4","status":"publish","type":"product","link":"https:\/\/anivet.lt\/elparduotuve\/produktas\/dermoscent-essential-6-lasai-sunu-odos-ir-kailio-buklei-gerinti-0-10kg-06ml-n4\/","title":{"rendered":"Dermoscent Essential 6 \u2013 la\u0161ai \u0161un\u0173 odos ir kailio b\u016bklei gerinti 0-10kg 0,6ml N4"},"content":{"rendered":"<ul>\n<li style=\"font-weight: 400;\" aria-level=\"1\"><span style=\"font-weight: 400;\">Dr\u0117kinimo atk\u016brimas: Atstato nat\u016bral\u0173 odos hidrolipidin\u012f barjer\u0105, pad\u0117damas i\u0161laikyti tinkam\u0105 dr\u0117gm\u0117s lyg\u012f.<\/span><\/li>\n<li style=\"font-weight: 400;\" aria-level=\"1\"><span style=\"font-weight: 400;\">Apsaugin\u0117s funkcijos stiprinimas: Gerina odos barjerin\u0119 funkcij\u0105, saugo nuo aplinkos dirgikli\u0173 ir palaiko nat\u016bral\u0173 ekosistemos balans\u0105.<\/span><\/li>\n<li style=\"font-weight: 400;\" aria-level=\"1\"><span style=\"font-weight: 400;\">Nemaloni\u0173 kvap\u0173 neutralizavimas: Pa\u0161alina nemalon\u0173 kvap\u0105, nepanaikindamas unikali\u0173 gyv\u016bno kvap\u0173.<\/span><\/li>\n<li style=\"font-weight: 400;\" aria-level=\"1\"><span style=\"font-weight: 400;\">Kailio augimo skatinimas: Skatina plauk\u0173 atsinaujinim\u0105 ir ma\u017eina kailio slinkim\u0105.<\/span><\/li>\n<li style=\"font-weight: 400;\" aria-level=\"1\"><span style=\"font-weight: 400;\">Antioksidacin\u0117 apsauga: Sud\u0117tyje esantys nat\u016bral\u016bs antioksidantai padeda kovoti su oksidacinio streso poveikiu odai.<\/span><\/li>\n<\/ul>\n<p><span style=\"font-weight: 400;\">Sukurtas remiantis pa\u017eangia odos prie\u017ei\u016bros filosofija, naudojant tik nat\u016bralias veikli\u0105sias med\u017eiagas, tokias kaip rozmarin\u0173, levand\u0173 ir arbatmed\u017eio aliejai. \u0160is produktas u\u017etikrina visapusi\u0161k\u0105 odos ir kailio prie\u017ei\u016br\u0105, skatindamas ilgalaik\u012f sveikum\u0105 ir spindes\u012f.<\/span><\/p>\n","protected":false},"excerpt":{"rendered":"<p><span style=\"font-weight: 400;\">Unikalus odos prie\u017ei\u016bros produktas, skirtas \u0161un\u0173 odos ir kailio problemoms spr\u0119sti. Tinka \u012fvairaus tipo odai ir kailiui, net jei gyv\u016bnas turi itin jautri\u0105 od\u0105 ar l\u016b\u017ein\u0117jant\u012f kail\u012f. Preparatas gaminamas tik i\u0161 nat\u016brali\u0173, klinikini\u0173 tyrim\u0173 pagr\u012fst\u0173 sudedam\u0173j\u0173 dali\u0173.<\/span><\/p>\n","protected":false},"featured_media":15023,"template":"","meta":[],"product_brand":[],"product_cat":[101,113],"product_tag":[],"class_list":{"0":"post-15022","1":"product","2":"type-product","3":"status-publish","4":"has-post-thumbnail","6":"product_cat-sunims","7":"product_cat-vitaminai-ir-papildai","8":"pa_prekinis-zenklas-essential","10":"first","11":"instock","12":"taxable","13":"shipping-taxable","14":"purchasable","15":"product-type-simple"},"yoast_head":"<!-- This site is optimized with the Yoast SEO Premium plugin v27.1 (Yoast SEO v27.5) - https:\/\/yoast.com\/product\/yoast-seo-premium-wordpress\/ -->\n<title>Dermoscent Essential 6 \u2013 la\u0161ai \u0161un\u0173 odos ir kailio b\u016bklei gerinti 0-10kg 0,6ml N4 - anivet.lt<\/title>\n<meta name=\"description\" content=\"Unikalus odos prie\u017ei\u016bros produktas, skirtas \u0161un\u0173 odos ir kailio problemoms spr\u0119sti. Tinka \u012fvairaus tipo odai ir kailiui, net jei gyv\u016bnas turi itin jautri\u0105 od\u0105 ar l\u016b\u017ein\u0117jant\u012f kail\u012f. Preparatas gaminamas tik i\u0161 nat\u016brali\u0173, klinikini\u0173 tyrim\u0173 pagr\u012fst\u0173 sudedam\u0173j\u0173 dali\u0173.\" \/>\n<meta name=\"robots\" content=\"index, follow, max-snippet:-1, max-image-preview:large, max-video-preview:-1\" \/>\n<link rel=\"canonical\" href=\"https:\/\/anivet.lt\/elparduotuve\/produktas\/dermoscent-essential-6-lasai-sunu-odos-ir-kailio-buklei-gerinti-0-10kg-06ml-n4\/\" \/>\n<meta property=\"og:locale\" content=\"lt_LT\" \/>\n<meta property=\"og:type\" content=\"article\" \/>\n<meta property=\"og:title\" content=\"Dermoscent Essential 6 \u2013 la\u0161ai \u0161un\u0173 odos ir kailio b\u016bklei gerinti 0-10kg 0,6ml N4\" \/>\n<meta property=\"og:description\" content=\"Unikalus odos prie\u017ei\u016bros produktas, skirtas \u0161un\u0173 odos ir kailio problemoms spr\u0119sti. Tinka \u012fvairaus tipo odai ir kailiui, net jei gyv\u016bnas turi itin jautri\u0105 od\u0105 ar l\u016b\u017ein\u0117jant\u012f kail\u012f. Preparatas gaminamas tik i\u0161 nat\u016brali\u0173, klinikini\u0173 tyrim\u0173 pagr\u012fst\u0173 sudedam\u0173j\u0173 dali\u0173.\" \/>\n<meta property=\"og:url\" content=\"https:\/\/anivet.lt\/elparduotuve\/produktas\/dermoscent-essential-6-lasai-sunu-odos-ir-kailio-buklei-gerinti-0-10kg-06ml-n4\/\" \/>\n<meta property=\"og:site_name\" content=\"anivet.lt\" \/>\n<meta property=\"article:modified_time\" content=\"2026-04-25T07:29:48+00:00\" \/>\n<meta property=\"og:image\" content=\"https:\/\/anivet.lt\/elparduotuve\/wp-content\/uploads\/2024\/11\/dermoscent-iki-10kg-naujas.png\" \/>\n\t<meta property=\"og:image:width\" content=\"400\" \/>\n\t<meta property=\"og:image:height\" content=\"309\" \/>\n\t<meta property=\"og:image:type\" content=\"image\/png\" \/>\n<meta name=\"twitter:card\" content=\"summary_large_image\" \/>\n<meta name=\"twitter:label1\" content=\"Est. reading time\" \/>\n\t<meta name=\"twitter:data1\" content=\"1 minut\u0117\" \/>\n<script type=\"application\/ld+json\" class=\"yoast-schema-graph\">{\"@context\":\"https:\\\/\\\/schema.org\",\"@graph\":[{\"@type\":\"WebPage\",\"@id\":\"https:\\\/\\\/anivet.lt\\\/elparduotuve\\\/produktas\\\/dermoscent-essential-6-lasai-sunu-odos-ir-kailio-buklei-gerinti-0-10kg-06ml-n4\\\/\",\"url\":\"https:\\\/\\\/anivet.lt\\\/elparduotuve\\\/produktas\\\/dermoscent-essential-6-lasai-sunu-odos-ir-kailio-buklei-gerinti-0-10kg-06ml-n4\\\/\",\"name\":\"Dermoscent Essential 6 \u2013 la\u0161ai \u0161un\u0173 odos ir kailio b\u016bklei gerinti 0-10kg 0,6ml N4 - anivet.lt\",\"isPartOf\":{\"@id\":\"https:\\\/\\\/anivet.lt\\\/elparduotuve\\\/#website\"},\"primaryImageOfPage\":{\"@id\":\"https:\\\/\\\/anivet.lt\\\/elparduotuve\\\/produktas\\\/dermoscent-essential-6-lasai-sunu-odos-ir-kailio-buklei-gerinti-0-10kg-06ml-n4\\\/#primaryimage\"},\"image\":{\"@id\":\"https:\\\/\\\/anivet.lt\\\/elparduotuve\\\/produktas\\\/dermoscent-essential-6-lasai-sunu-odos-ir-kailio-buklei-gerinti-0-10kg-06ml-n4\\\/#primaryimage\"},\"thumbnailUrl\":\"https:\\\/\\\/anivet.lt\\\/elparduotuve\\\/wp-content\\\/uploads\\\/2024\\\/11\\\/dermoscent-iki-10kg-naujas.png\",\"datePublished\":\"2024-11-06T08:36:40+00:00\",\"dateModified\":\"2026-04-25T07:29:48+00:00\",\"description\":\"Unikalus odos prie\u017ei\u016bros produktas, skirtas \u0161un\u0173 odos ir kailio problemoms spr\u0119sti. Tinka \u012fvairaus tipo odai ir kailiui, net jei gyv\u016bnas turi itin jautri\u0105 od\u0105 ar l\u016b\u017ein\u0117jant\u012f kail\u012f. Preparatas gaminamas tik i\u0161 nat\u016brali\u0173, klinikini\u0173 tyrim\u0173 pagr\u012fst\u0173 sudedam\u0173j\u0173 dali\u0173.\",\"breadcrumb\":{\"@id\":\"https:\\\/\\\/anivet.lt\\\/elparduotuve\\\/produktas\\\/dermoscent-essential-6-lasai-sunu-odos-ir-kailio-buklei-gerinti-0-10kg-06ml-n4\\\/#breadcrumb\"},\"inLanguage\":\"lt-LT\",\"potentialAction\":[{\"@type\":\"ReadAction\",\"target\":[\"https:\\\/\\\/anivet.lt\\\/elparduotuve\\\/produktas\\\/dermoscent-essential-6-lasai-sunu-odos-ir-kailio-buklei-gerinti-0-10kg-06ml-n4\\\/\"]}]},{\"@type\":\"ImageObject\",\"inLanguage\":\"lt-LT\",\"@id\":\"https:\\\/\\\/anivet.lt\\\/elparduotuve\\\/produktas\\\/dermoscent-essential-6-lasai-sunu-odos-ir-kailio-buklei-gerinti-0-10kg-06ml-n4\\\/#primaryimage\",\"url\":\"https:\\\/\\\/anivet.lt\\\/elparduotuve\\\/wp-content\\\/uploads\\\/2024\\\/11\\\/dermoscent-iki-10kg-naujas.png\",\"contentUrl\":\"https:\\\/\\\/anivet.lt\\\/elparduotuve\\\/wp-content\\\/uploads\\\/2024\\\/11\\\/dermoscent-iki-10kg-naujas.png\",\"width\":400,\"height\":309,\"caption\":\"Dermoscent Essential 6 \u2013 la\u0161ai \u0161un\u0173 odos ir kailio b\u016bklei gerinti 0-10kg 0,6ml N4\"},{\"@type\":\"BreadcrumbList\",\"@id\":\"https:\\\/\\\/anivet.lt\\\/elparduotuve\\\/produktas\\\/dermoscent-essential-6-lasai-sunu-odos-ir-kailio-buklei-gerinti-0-10kg-06ml-n4\\\/#breadcrumb\",\"itemListElement\":[{\"@type\":\"ListItem\",\"position\":1,\"name\":\"Home\",\"item\":\"https:\\\/\\\/anivet.lt\\\/elparduotuve\\\/\"},{\"@type\":\"ListItem\",\"position\":2,\"name\":\"Produktai\",\"item\":\"https:\\\/\\\/anivet.lt\\\/elparduotuve\\\/produktai\\\/\"},{\"@type\":\"ListItem\",\"position\":3,\"name\":\"Dermoscent Essential 6 \u2013 la\u0161ai \u0161un\u0173 odos ir kailio b\u016bklei gerinti 0-10kg 0,6ml N4\"}]},{\"@type\":\"WebSite\",\"@id\":\"https:\\\/\\\/anivet.lt\\\/elparduotuve\\\/#website\",\"url\":\"https:\\\/\\\/anivet.lt\\\/elparduotuve\\\/\",\"name\":\"anivet.lt\",\"description\":\"Viskas J\u016bs\u0173 \u0161uns, kat\u0117s prie\u017ei\u016brai\",\"publisher\":{\"@id\":\"https:\\\/\\\/anivet.lt\\\/elparduotuve\\\/#organization\"},\"alternateName\":\"Viskas J\u016bs\u0173 \u0161uns, kat\u0117s prie\u017ei\u016brai\",\"potentialAction\":[{\"@type\":\"SearchAction\",\"target\":{\"@type\":\"EntryPoint\",\"urlTemplate\":\"https:\\\/\\\/anivet.lt\\\/elparduotuve\\\/?s={search_term_string}\"},\"query-input\":{\"@type\":\"PropertyValueSpecification\",\"valueRequired\":true,\"valueName\":\"search_term_string\"}}],\"inLanguage\":\"lt-LT\"},{\"@type\":\"Organization\",\"@id\":\"https:\\\/\\\/anivet.lt\\\/elparduotuve\\\/#organization\",\"name\":\"Viskas J\u016bs\u0173 \u0161uns, kat\u0117s prie\u017ei\u016brai\",\"url\":\"https:\\\/\\\/anivet.lt\\\/elparduotuve\\\/\",\"logo\":{\"@type\":\"ImageObject\",\"inLanguage\":\"lt-LT\",\"@id\":\"https:\\\/\\\/anivet.lt\\\/elparduotuve\\\/#\\\/schema\\\/logo\\\/image\\\/\",\"url\":\"https:\\\/\\\/anivet.lt\\\/elparduotuve\\\/wp-content\\\/uploads\\\/2023\\\/06\\\/logo2.jpg\",\"contentUrl\":\"https:\\\/\\\/anivet.lt\\\/elparduotuve\\\/wp-content\\\/uploads\\\/2023\\\/06\\\/logo2.jpg\",\"width\":655,\"height\":194,\"caption\":\"Viskas J\u016bs\u0173 \u0161uns, kat\u0117s prie\u017ei\u016brai\"},\"image\":{\"@id\":\"https:\\\/\\\/anivet.lt\\\/elparduotuve\\\/#\\\/schema\\\/logo\\\/image\\\/\"}}]}<\/script>\n<!-- \/ Yoast SEO Premium plugin. -->","yoast_head_json":{"title":"Dermoscent Essential 6 \u2013 la\u0161ai \u0161un\u0173 odos ir kailio b\u016bklei gerinti 0-10kg 0,6ml N4 - anivet.lt","description":"Unikalus odos prie\u017ei\u016bros produktas, skirtas \u0161un\u0173 odos ir kailio problemoms spr\u0119sti. Tinka \u012fvairaus tipo odai ir kailiui, net jei gyv\u016bnas turi itin jautri\u0105 od\u0105 ar l\u016b\u017ein\u0117jant\u012f kail\u012f. Preparatas gaminamas tik i\u0161 nat\u016brali\u0173, klinikini\u0173 tyrim\u0173 pagr\u012fst\u0173 sudedam\u0173j\u0173 dali\u0173.","robots":{"index":"index","follow":"follow","max-snippet":"max-snippet:-1","max-image-preview":"max-image-preview:large","max-video-preview":"max-video-preview:-1"},"canonical":"https:\/\/anivet.lt\/elparduotuve\/produktas\/dermoscent-essential-6-lasai-sunu-odos-ir-kailio-buklei-gerinti-0-10kg-06ml-n4\/","og_locale":"lt_LT","og_type":"article","og_title":"Dermoscent Essential 6 \u2013 la\u0161ai \u0161un\u0173 odos ir kailio b\u016bklei gerinti 0-10kg 0,6ml N4","og_description":"Unikalus odos prie\u017ei\u016bros produktas, skirtas \u0161un\u0173 odos ir kailio problemoms spr\u0119sti. Tinka \u012fvairaus tipo odai ir kailiui, net jei gyv\u016bnas turi itin jautri\u0105 od\u0105 ar l\u016b\u017ein\u0117jant\u012f kail\u012f. Preparatas gaminamas tik i\u0161 nat\u016brali\u0173, klinikini\u0173 tyrim\u0173 pagr\u012fst\u0173 sudedam\u0173j\u0173 dali\u0173.","og_url":"https:\/\/anivet.lt\/elparduotuve\/produktas\/dermoscent-essential-6-lasai-sunu-odos-ir-kailio-buklei-gerinti-0-10kg-06ml-n4\/","og_site_name":"anivet.lt","article_modified_time":"2026-04-25T07:29:48+00:00","og_image":[{"width":400,"height":309,"url":"https:\/\/anivet.lt\/elparduotuve\/wp-content\/uploads\/2024\/11\/dermoscent-iki-10kg-naujas.png","type":"image\/png"}],"twitter_card":"summary_large_image","twitter_misc":{"Est. reading time":"1 minut\u0117"},"schema":{"@context":"https:\/\/schema.org","@graph":[{"@type":"WebPage","@id":"https:\/\/anivet.lt\/elparduotuve\/produktas\/dermoscent-essential-6-lasai-sunu-odos-ir-kailio-buklei-gerinti-0-10kg-06ml-n4\/","url":"https:\/\/anivet.lt\/elparduotuve\/produktas\/dermoscent-essential-6-lasai-sunu-odos-ir-kailio-buklei-gerinti-0-10kg-06ml-n4\/","name":"Dermoscent Essential 6 \u2013 la\u0161ai \u0161un\u0173 odos ir kailio b\u016bklei gerinti 0-10kg 0,6ml N4 - anivet.lt","isPartOf":{"@id":"https:\/\/anivet.lt\/elparduotuve\/#website"},"primaryImageOfPage":{"@id":"https:\/\/anivet.lt\/elparduotuve\/produktas\/dermoscent-essential-6-lasai-sunu-odos-ir-kailio-buklei-gerinti-0-10kg-06ml-n4\/#primaryimage"},"image":{"@id":"https:\/\/anivet.lt\/elparduotuve\/produktas\/dermoscent-essential-6-lasai-sunu-odos-ir-kailio-buklei-gerinti-0-10kg-06ml-n4\/#primaryimage"},"thumbnailUrl":"https:\/\/anivet.lt\/elparduotuve\/wp-content\/uploads\/2024\/11\/dermoscent-iki-10kg-naujas.png","datePublished":"2024-11-06T08:36:40+00:00","dateModified":"2026-04-25T07:29:48+00:00","description":"Unikalus odos prie\u017ei\u016bros produktas, skirtas \u0161un\u0173 odos ir kailio problemoms spr\u0119sti. Tinka \u012fvairaus tipo odai ir kailiui, net jei gyv\u016bnas turi itin jautri\u0105 od\u0105 ar l\u016b\u017ein\u0117jant\u012f kail\u012f. Preparatas gaminamas tik i\u0161 nat\u016brali\u0173, klinikini\u0173 tyrim\u0173 pagr\u012fst\u0173 sudedam\u0173j\u0173 dali\u0173.","breadcrumb":{"@id":"https:\/\/anivet.lt\/elparduotuve\/produktas\/dermoscent-essential-6-lasai-sunu-odos-ir-kailio-buklei-gerinti-0-10kg-06ml-n4\/#breadcrumb"},"inLanguage":"lt-LT","potentialAction":[{"@type":"ReadAction","target":["https:\/\/anivet.lt\/elparduotuve\/produktas\/dermoscent-essential-6-lasai-sunu-odos-ir-kailio-buklei-gerinti-0-10kg-06ml-n4\/"]}]},{"@type":"ImageObject","inLanguage":"lt-LT","@id":"https:\/\/anivet.lt\/elparduotuve\/produktas\/dermoscent-essential-6-lasai-sunu-odos-ir-kailio-buklei-gerinti-0-10kg-06ml-n4\/#primaryimage","url":"https:\/\/anivet.lt\/elparduotuve\/wp-content\/uploads\/2024\/11\/dermoscent-iki-10kg-naujas.png","contentUrl":"https:\/\/anivet.lt\/elparduotuve\/wp-content\/uploads\/2024\/11\/dermoscent-iki-10kg-naujas.png","width":400,"height":309,"caption":"Dermoscent Essential 6 \u2013 la\u0161ai \u0161un\u0173 odos ir kailio b\u016bklei gerinti 0-10kg 0,6ml N4"},{"@type":"BreadcrumbList","@id":"https:\/\/anivet.lt\/elparduotuve\/produktas\/dermoscent-essential-6-lasai-sunu-odos-ir-kailio-buklei-gerinti-0-10kg-06ml-n4\/#breadcrumb","itemListElement":[{"@type":"ListItem","position":1,"name":"Home","item":"https:\/\/anivet.lt\/elparduotuve\/"},{"@type":"ListItem","position":2,"name":"Produktai","item":"https:\/\/anivet.lt\/elparduotuve\/produktai\/"},{"@type":"ListItem","position":3,"name":"Dermoscent Essential 6 \u2013 la\u0161ai \u0161un\u0173 odos ir kailio b\u016bklei gerinti 0-10kg 0,6ml N4"}]},{"@type":"WebSite","@id":"https:\/\/anivet.lt\/elparduotuve\/#website","url":"https:\/\/anivet.lt\/elparduotuve\/","name":"anivet.lt","description":"Viskas J\u016bs\u0173 \u0161uns, kat\u0117s prie\u017ei\u016brai","publisher":{"@id":"https:\/\/anivet.lt\/elparduotuve\/#organization"},"alternateName":"Viskas J\u016bs\u0173 \u0161uns, kat\u0117s prie\u017ei\u016brai","potentialAction":[{"@type":"SearchAction","target":{"@type":"EntryPoint","urlTemplate":"https:\/\/anivet.lt\/elparduotuve\/?s={search_term_string}"},"query-input":{"@type":"PropertyValueSpecification","valueRequired":true,"valueName":"search_term_string"}}],"inLanguage":"lt-LT"},{"@type":"Organization","@id":"https:\/\/anivet.lt\/elparduotuve\/#organization","name":"Viskas J\u016bs\u0173 \u0161uns, kat\u0117s prie\u017ei\u016brai","url":"https:\/\/anivet.lt\/elparduotuve\/","logo":{"@type":"ImageObject","inLanguage":"lt-LT","@id":"https:\/\/anivet.lt\/elparduotuve\/#\/schema\/logo\/image\/","url":"https:\/\/anivet.lt\/elparduotuve\/wp-content\/uploads\/2023\/06\/logo2.jpg","contentUrl":"https:\/\/anivet.lt\/elparduotuve\/wp-content\/uploads\/2023\/06\/logo2.jpg","width":655,"height":194,"caption":"Viskas J\u016bs\u0173 \u0161uns, kat\u0117s prie\u017ei\u016brai"},"image":{"@id":"https:\/\/anivet.lt\/elparduotuve\/#\/schema\/logo\/image\/"}}]}},"_links":{"self":[{"href":"https:\/\/anivet.lt\/elparduotuve\/wp-json\/wp\/v2\/product\/15022","targetHints":{"allow":["GET"]}}],"collection":[{"href":"https:\/\/anivet.lt\/elparduotuve\/wp-json\/wp\/v2\/product"}],"about":[{"href":"https:\/\/anivet.lt\/elparduotuve\/wp-json\/wp\/v2\/types\/product"}],"wp:featuredmedia":[{"embeddable":true,"href":"https:\/\/anivet.lt\/elparduotuve\/wp-json\/wp\/v2\/media\/15023"}],"wp:attachment":[{"href":"https:\/\/anivet.lt\/elparduotuve\/wp-json\/wp\/v2\/media?parent=15022"}],"wp:term":[{"taxonomy":"product_brand","embeddable":true,"href":"https:\/\/anivet.lt\/elparduotuve\/wp-json\/wp\/v2\/product_brand?post=15022"},{"taxonomy":"product_cat","embeddable":true,"href":"https:\/\/anivet.lt\/elparduotuve\/wp-json\/wp\/v2\/product_cat?post=15022"},{"taxonomy":"product_tag","embeddable":true,"href":"https:\/\/anivet.lt\/elparduotuve\/wp-json\/wp\/v2\/product_tag?post=15022"}],"curies":[{"name":"wp","href":"https:\/\/api.w.org\/{rel}","templated":true}]}}