{"id":15024,"date":"2024-11-06T08:52:08","date_gmt":"2024-11-06T08:52:08","guid":{"rendered":"https:\/\/anivet.lt\/elparduotuve\/?post_type=product&#038;p=15024"},"modified":"2026-04-25T07:29:42","modified_gmt":"2026-04-25T07:29:42","slug":"dermoscent-essential-6-lasai-sunu-odos-ir-kailio-buklei-gerinti-10-20kg-12ml-n4","status":"publish","type":"product","link":"https:\/\/anivet.lt\/elparduotuve\/produktas\/dermoscent-essential-6-lasai-sunu-odos-ir-kailio-buklei-gerinti-10-20kg-12ml-n4\/","title":{"rendered":"Dermoscent Essential 6 \u2013 la\u0161ai \u0161un\u0173 odos ir kailio b\u016bklei gerinti 10-20kg 1,2ml N4"},"content":{"rendered":"<p><span style=\"font-weight: 400;\">Unikalus odos prie\u017ei\u016bros produktas, skirtas \u0161un\u0173 odos sveikatai palaikyti ir kailio i\u0161vaizdai pagerinti. Tinka vis\u0173 tip\u0173 odai ir kailiui, ypa\u010d sausai, pleiskanojan\u010diai ar riebiai odai.<\/span><\/p>\n<ul>\n<li style=\"font-weight: 400;\" aria-level=\"1\"><span style=\"font-weight: 400;\">Gerina kailio b\u016bkl\u0119: Ma\u017eina plauk\u0173 slinkim\u0105, skatina plauk\u0173 augim\u0105, suteikia \u017evilgesio.<\/span><\/li>\n<li style=\"font-weight: 400;\" aria-level=\"1\"><span style=\"font-weight: 400;\">Odos dr\u0117kinimas: Atstato odos hidrolipidin\u0119 pl\u0117vel\u0119, palaiko optimal\u0173 dr\u0117kinim\u0105.<\/span><\/li>\n<li style=\"font-weight: 400;\" aria-level=\"1\"><span style=\"font-weight: 400;\">Pleiskan\u0173 kontrol\u0117: Reguliuoja riebal\u0173 gamyb\u0105, padeda esant sausai arba riebiai sebor\u0117jai.<\/span><\/li>\n<li style=\"font-weight: 400;\" aria-level=\"1\"><span style=\"font-weight: 400;\">Odos apsauga: Sustiprina epidermio barjerin\u0119 funkcij\u0105, palaiko odos nat\u016bral\u0173 balans\u0105.<\/span><\/li>\n<li style=\"font-weight: 400;\" aria-level=\"1\"><span style=\"font-weight: 400;\">Neutralizuoja nemalonius kvapus: Valo od\u0105, pa\u0161alina blog\u0105 kvap\u0105.<\/span><\/li>\n<li style=\"font-weight: 400;\" aria-level=\"1\"><span style=\"font-weight: 400;\">Nat\u016brali sud\u0117tis: Sud\u0117tyje \u2013 rozmarino, levandos, arbatmed\u017eio, kedro, raudon\u0117lio eteriniai aliejai, kanapi\u0173 ir nimbamed\u017eio s\u0117kl\u0173 aliejai.<\/span><\/li>\n<li style=\"font-weight: 400;\" aria-level=\"1\"><span style=\"font-weight: 400;\">Hipoalerginis: Saugus ir neturi prid\u0117tini\u0173 aromat\u0173.<\/span><\/li>\n<\/ul>\n<p><span style=\"font-weight: 400;\">\u201eDermoscent Essential 6\u201d yra klini\u0161kai patvirtintas produktas, praturtintas Omega-3 ir Omega-6 riebal\u0173 r\u016bg\u0161timis, vitaminu E bei nat\u016braliais eteriniais aliejais. \u0160is priemon\u0117 ne tik pagerina kailio i\u0161vaizd\u0105, bet ir sustiprina odos apsaugines funkcijas.<\/span><\/p>\n","protected":false},"excerpt":{"rendered":"<p>Unikalus odos prie\u017ei\u016bros produktas, skirtas \u0161un\u0173 odos sveikatai palaikyti ir kailio i\u0161vaizdai pagerinti. Tinka vis\u0173 tip\u0173 odai ir kailiui, ypa\u010d<\/p>\n","protected":false},"featured_media":15025,"template":"","meta":[],"product_brand":[],"product_cat":[101,113],"product_tag":[],"class_list":{"0":"post-15024","1":"product","2":"type-product","3":"status-publish","4":"has-post-thumbnail","6":"product_cat-sunims","7":"product_cat-vitaminai-ir-papildai","8":"pa_prekinis-zenklas-essential","10":"first","11":"instock","12":"taxable","13":"shipping-taxable","14":"purchasable","15":"product-type-simple"},"yoast_head":"<!-- This site is optimized with the Yoast SEO Premium plugin v27.1 (Yoast SEO v27.5) - https:\/\/yoast.com\/product\/yoast-seo-premium-wordpress\/ -->\n<title>Dermoscent Essential 6 \u2013 la\u0161ai \u0161un\u0173 odos ir kailio b\u016bklei gerinti 10-20kg 1,2ml N4 - anivet.lt<\/title>\n<meta name=\"description\" content=\"Unikalus odos prie\u017ei\u016bros produktas, skirtas \u0161un\u0173 odos sveikatai palaikyti ir kailio i\u0161vaizdai pagerinti. Tinka vis\u0173 tip\u0173 odai ir kailiui, ypa\u010d sausai,\" \/>\n<meta name=\"robots\" content=\"index, follow, max-snippet:-1, max-image-preview:large, max-video-preview:-1\" \/>\n<link rel=\"canonical\" href=\"https:\/\/anivet.lt\/elparduotuve\/produktas\/dermoscent-essential-6-lasai-sunu-odos-ir-kailio-buklei-gerinti-10-20kg-12ml-n4\/\" \/>\n<meta property=\"og:locale\" content=\"lt_LT\" \/>\n<meta property=\"og:type\" content=\"article\" \/>\n<meta property=\"og:title\" content=\"Dermoscent Essential 6 \u2013 la\u0161ai \u0161un\u0173 odos ir kailio b\u016bklei gerinti 10-20kg 1,2ml N4\" \/>\n<meta property=\"og:description\" content=\"Unikalus odos prie\u017ei\u016bros produktas, skirtas \u0161un\u0173 odos sveikatai palaikyti ir kailio i\u0161vaizdai pagerinti. Tinka vis\u0173 tip\u0173 odai ir kailiui, ypa\u010d sausai,\" \/>\n<meta property=\"og:url\" content=\"https:\/\/anivet.lt\/elparduotuve\/produktas\/dermoscent-essential-6-lasai-sunu-odos-ir-kailio-buklei-gerinti-10-20kg-12ml-n4\/\" \/>\n<meta property=\"og:site_name\" content=\"anivet.lt\" \/>\n<meta property=\"article:modified_time\" content=\"2026-04-25T07:29:42+00:00\" \/>\n<meta property=\"og:image\" content=\"https:\/\/anivet.lt\/elparduotuve\/wp-content\/uploads\/2024\/11\/10-20-nauja.png\" \/>\n\t<meta property=\"og:image:width\" content=\"400\" \/>\n\t<meta property=\"og:image:height\" content=\"309\" \/>\n\t<meta property=\"og:image:type\" content=\"image\/png\" \/>\n<meta name=\"twitter:card\" content=\"summary_large_image\" \/>\n<meta name=\"twitter:label1\" content=\"Est. reading time\" \/>\n\t<meta name=\"twitter:data1\" content=\"1 minut\u0117\" \/>\n<script type=\"application\/ld+json\" class=\"yoast-schema-graph\">{\"@context\":\"https:\\\/\\\/schema.org\",\"@graph\":[{\"@type\":\"WebPage\",\"@id\":\"https:\\\/\\\/anivet.lt\\\/elparduotuve\\\/produktas\\\/dermoscent-essential-6-lasai-sunu-odos-ir-kailio-buklei-gerinti-10-20kg-12ml-n4\\\/\",\"url\":\"https:\\\/\\\/anivet.lt\\\/elparduotuve\\\/produktas\\\/dermoscent-essential-6-lasai-sunu-odos-ir-kailio-buklei-gerinti-10-20kg-12ml-n4\\\/\",\"name\":\"Dermoscent Essential 6 \u2013 la\u0161ai \u0161un\u0173 odos ir kailio b\u016bklei gerinti 10-20kg 1,2ml N4 - anivet.lt\",\"isPartOf\":{\"@id\":\"https:\\\/\\\/anivet.lt\\\/elparduotuve\\\/#website\"},\"primaryImageOfPage\":{\"@id\":\"https:\\\/\\\/anivet.lt\\\/elparduotuve\\\/produktas\\\/dermoscent-essential-6-lasai-sunu-odos-ir-kailio-buklei-gerinti-10-20kg-12ml-n4\\\/#primaryimage\"},\"image\":{\"@id\":\"https:\\\/\\\/anivet.lt\\\/elparduotuve\\\/produktas\\\/dermoscent-essential-6-lasai-sunu-odos-ir-kailio-buklei-gerinti-10-20kg-12ml-n4\\\/#primaryimage\"},\"thumbnailUrl\":\"https:\\\/\\\/anivet.lt\\\/elparduotuve\\\/wp-content\\\/uploads\\\/2024\\\/11\\\/10-20-nauja.png\",\"datePublished\":\"2024-11-06T08:52:08+00:00\",\"dateModified\":\"2026-04-25T07:29:42+00:00\",\"description\":\"Unikalus odos prie\u017ei\u016bros produktas, skirtas \u0161un\u0173 odos sveikatai palaikyti ir kailio i\u0161vaizdai pagerinti. Tinka vis\u0173 tip\u0173 odai ir kailiui, ypa\u010d sausai,\",\"breadcrumb\":{\"@id\":\"https:\\\/\\\/anivet.lt\\\/elparduotuve\\\/produktas\\\/dermoscent-essential-6-lasai-sunu-odos-ir-kailio-buklei-gerinti-10-20kg-12ml-n4\\\/#breadcrumb\"},\"inLanguage\":\"lt-LT\",\"potentialAction\":[{\"@type\":\"ReadAction\",\"target\":[\"https:\\\/\\\/anivet.lt\\\/elparduotuve\\\/produktas\\\/dermoscent-essential-6-lasai-sunu-odos-ir-kailio-buklei-gerinti-10-20kg-12ml-n4\\\/\"]}]},{\"@type\":\"ImageObject\",\"inLanguage\":\"lt-LT\",\"@id\":\"https:\\\/\\\/anivet.lt\\\/elparduotuve\\\/produktas\\\/dermoscent-essential-6-lasai-sunu-odos-ir-kailio-buklei-gerinti-10-20kg-12ml-n4\\\/#primaryimage\",\"url\":\"https:\\\/\\\/anivet.lt\\\/elparduotuve\\\/wp-content\\\/uploads\\\/2024\\\/11\\\/10-20-nauja.png\",\"contentUrl\":\"https:\\\/\\\/anivet.lt\\\/elparduotuve\\\/wp-content\\\/uploads\\\/2024\\\/11\\\/10-20-nauja.png\",\"width\":400,\"height\":309,\"caption\":\"Dermoscent Essential 6 \u2013 la\u0161ai \u0161un\u0173 odos ir kailio b\u016bklei gerinti 10-20kg 1,2ml N4\"},{\"@type\":\"BreadcrumbList\",\"@id\":\"https:\\\/\\\/anivet.lt\\\/elparduotuve\\\/produktas\\\/dermoscent-essential-6-lasai-sunu-odos-ir-kailio-buklei-gerinti-10-20kg-12ml-n4\\\/#breadcrumb\",\"itemListElement\":[{\"@type\":\"ListItem\",\"position\":1,\"name\":\"Home\",\"item\":\"https:\\\/\\\/anivet.lt\\\/elparduotuve\\\/\"},{\"@type\":\"ListItem\",\"position\":2,\"name\":\"Produktai\",\"item\":\"https:\\\/\\\/anivet.lt\\\/elparduotuve\\\/produktai\\\/\"},{\"@type\":\"ListItem\",\"position\":3,\"name\":\"Dermoscent Essential 6 \u2013 la\u0161ai \u0161un\u0173 odos ir kailio b\u016bklei gerinti 10-20kg 1,2ml N4\"}]},{\"@type\":\"WebSite\",\"@id\":\"https:\\\/\\\/anivet.lt\\\/elparduotuve\\\/#website\",\"url\":\"https:\\\/\\\/anivet.lt\\\/elparduotuve\\\/\",\"name\":\"anivet.lt\",\"description\":\"Viskas J\u016bs\u0173 \u0161uns, kat\u0117s prie\u017ei\u016brai\",\"publisher\":{\"@id\":\"https:\\\/\\\/anivet.lt\\\/elparduotuve\\\/#organization\"},\"alternateName\":\"Viskas J\u016bs\u0173 \u0161uns, kat\u0117s prie\u017ei\u016brai\",\"potentialAction\":[{\"@type\":\"SearchAction\",\"target\":{\"@type\":\"EntryPoint\",\"urlTemplate\":\"https:\\\/\\\/anivet.lt\\\/elparduotuve\\\/?s={search_term_string}\"},\"query-input\":{\"@type\":\"PropertyValueSpecification\",\"valueRequired\":true,\"valueName\":\"search_term_string\"}}],\"inLanguage\":\"lt-LT\"},{\"@type\":\"Organization\",\"@id\":\"https:\\\/\\\/anivet.lt\\\/elparduotuve\\\/#organization\",\"name\":\"Viskas J\u016bs\u0173 \u0161uns, kat\u0117s prie\u017ei\u016brai\",\"url\":\"https:\\\/\\\/anivet.lt\\\/elparduotuve\\\/\",\"logo\":{\"@type\":\"ImageObject\",\"inLanguage\":\"lt-LT\",\"@id\":\"https:\\\/\\\/anivet.lt\\\/elparduotuve\\\/#\\\/schema\\\/logo\\\/image\\\/\",\"url\":\"https:\\\/\\\/anivet.lt\\\/elparduotuve\\\/wp-content\\\/uploads\\\/2023\\\/06\\\/logo2.jpg\",\"contentUrl\":\"https:\\\/\\\/anivet.lt\\\/elparduotuve\\\/wp-content\\\/uploads\\\/2023\\\/06\\\/logo2.jpg\",\"width\":655,\"height\":194,\"caption\":\"Viskas J\u016bs\u0173 \u0161uns, kat\u0117s prie\u017ei\u016brai\"},\"image\":{\"@id\":\"https:\\\/\\\/anivet.lt\\\/elparduotuve\\\/#\\\/schema\\\/logo\\\/image\\\/\"}}]}<\/script>\n<!-- \/ Yoast SEO Premium plugin. -->","yoast_head_json":{"title":"Dermoscent Essential 6 \u2013 la\u0161ai \u0161un\u0173 odos ir kailio b\u016bklei gerinti 10-20kg 1,2ml N4 - anivet.lt","description":"Unikalus odos prie\u017ei\u016bros produktas, skirtas \u0161un\u0173 odos sveikatai palaikyti ir kailio i\u0161vaizdai pagerinti. Tinka vis\u0173 tip\u0173 odai ir kailiui, ypa\u010d sausai,","robots":{"index":"index","follow":"follow","max-snippet":"max-snippet:-1","max-image-preview":"max-image-preview:large","max-video-preview":"max-video-preview:-1"},"canonical":"https:\/\/anivet.lt\/elparduotuve\/produktas\/dermoscent-essential-6-lasai-sunu-odos-ir-kailio-buklei-gerinti-10-20kg-12ml-n4\/","og_locale":"lt_LT","og_type":"article","og_title":"Dermoscent Essential 6 \u2013 la\u0161ai \u0161un\u0173 odos ir kailio b\u016bklei gerinti 10-20kg 1,2ml N4","og_description":"Unikalus odos prie\u017ei\u016bros produktas, skirtas \u0161un\u0173 odos sveikatai palaikyti ir kailio i\u0161vaizdai pagerinti. Tinka vis\u0173 tip\u0173 odai ir kailiui, ypa\u010d sausai,","og_url":"https:\/\/anivet.lt\/elparduotuve\/produktas\/dermoscent-essential-6-lasai-sunu-odos-ir-kailio-buklei-gerinti-10-20kg-12ml-n4\/","og_site_name":"anivet.lt","article_modified_time":"2026-04-25T07:29:42+00:00","og_image":[{"width":400,"height":309,"url":"https:\/\/anivet.lt\/elparduotuve\/wp-content\/uploads\/2024\/11\/10-20-nauja.png","type":"image\/png"}],"twitter_card":"summary_large_image","twitter_misc":{"Est. reading time":"1 minut\u0117"},"schema":{"@context":"https:\/\/schema.org","@graph":[{"@type":"WebPage","@id":"https:\/\/anivet.lt\/elparduotuve\/produktas\/dermoscent-essential-6-lasai-sunu-odos-ir-kailio-buklei-gerinti-10-20kg-12ml-n4\/","url":"https:\/\/anivet.lt\/elparduotuve\/produktas\/dermoscent-essential-6-lasai-sunu-odos-ir-kailio-buklei-gerinti-10-20kg-12ml-n4\/","name":"Dermoscent Essential 6 \u2013 la\u0161ai \u0161un\u0173 odos ir kailio b\u016bklei gerinti 10-20kg 1,2ml N4 - anivet.lt","isPartOf":{"@id":"https:\/\/anivet.lt\/elparduotuve\/#website"},"primaryImageOfPage":{"@id":"https:\/\/anivet.lt\/elparduotuve\/produktas\/dermoscent-essential-6-lasai-sunu-odos-ir-kailio-buklei-gerinti-10-20kg-12ml-n4\/#primaryimage"},"image":{"@id":"https:\/\/anivet.lt\/elparduotuve\/produktas\/dermoscent-essential-6-lasai-sunu-odos-ir-kailio-buklei-gerinti-10-20kg-12ml-n4\/#primaryimage"},"thumbnailUrl":"https:\/\/anivet.lt\/elparduotuve\/wp-content\/uploads\/2024\/11\/10-20-nauja.png","datePublished":"2024-11-06T08:52:08+00:00","dateModified":"2026-04-25T07:29:42+00:00","description":"Unikalus odos prie\u017ei\u016bros produktas, skirtas \u0161un\u0173 odos sveikatai palaikyti ir kailio i\u0161vaizdai pagerinti. Tinka vis\u0173 tip\u0173 odai ir kailiui, ypa\u010d sausai,","breadcrumb":{"@id":"https:\/\/anivet.lt\/elparduotuve\/produktas\/dermoscent-essential-6-lasai-sunu-odos-ir-kailio-buklei-gerinti-10-20kg-12ml-n4\/#breadcrumb"},"inLanguage":"lt-LT","potentialAction":[{"@type":"ReadAction","target":["https:\/\/anivet.lt\/elparduotuve\/produktas\/dermoscent-essential-6-lasai-sunu-odos-ir-kailio-buklei-gerinti-10-20kg-12ml-n4\/"]}]},{"@type":"ImageObject","inLanguage":"lt-LT","@id":"https:\/\/anivet.lt\/elparduotuve\/produktas\/dermoscent-essential-6-lasai-sunu-odos-ir-kailio-buklei-gerinti-10-20kg-12ml-n4\/#primaryimage","url":"https:\/\/anivet.lt\/elparduotuve\/wp-content\/uploads\/2024\/11\/10-20-nauja.png","contentUrl":"https:\/\/anivet.lt\/elparduotuve\/wp-content\/uploads\/2024\/11\/10-20-nauja.png","width":400,"height":309,"caption":"Dermoscent Essential 6 \u2013 la\u0161ai \u0161un\u0173 odos ir kailio b\u016bklei gerinti 10-20kg 1,2ml N4"},{"@type":"BreadcrumbList","@id":"https:\/\/anivet.lt\/elparduotuve\/produktas\/dermoscent-essential-6-lasai-sunu-odos-ir-kailio-buklei-gerinti-10-20kg-12ml-n4\/#breadcrumb","itemListElement":[{"@type":"ListItem","position":1,"name":"Home","item":"https:\/\/anivet.lt\/elparduotuve\/"},{"@type":"ListItem","position":2,"name":"Produktai","item":"https:\/\/anivet.lt\/elparduotuve\/produktai\/"},{"@type":"ListItem","position":3,"name":"Dermoscent Essential 6 \u2013 la\u0161ai \u0161un\u0173 odos ir kailio b\u016bklei gerinti 10-20kg 1,2ml N4"}]},{"@type":"WebSite","@id":"https:\/\/anivet.lt\/elparduotuve\/#website","url":"https:\/\/anivet.lt\/elparduotuve\/","name":"anivet.lt","description":"Viskas J\u016bs\u0173 \u0161uns, kat\u0117s prie\u017ei\u016brai","publisher":{"@id":"https:\/\/anivet.lt\/elparduotuve\/#organization"},"alternateName":"Viskas J\u016bs\u0173 \u0161uns, kat\u0117s prie\u017ei\u016brai","potentialAction":[{"@type":"SearchAction","target":{"@type":"EntryPoint","urlTemplate":"https:\/\/anivet.lt\/elparduotuve\/?s={search_term_string}"},"query-input":{"@type":"PropertyValueSpecification","valueRequired":true,"valueName":"search_term_string"}}],"inLanguage":"lt-LT"},{"@type":"Organization","@id":"https:\/\/anivet.lt\/elparduotuve\/#organization","name":"Viskas J\u016bs\u0173 \u0161uns, kat\u0117s prie\u017ei\u016brai","url":"https:\/\/anivet.lt\/elparduotuve\/","logo":{"@type":"ImageObject","inLanguage":"lt-LT","@id":"https:\/\/anivet.lt\/elparduotuve\/#\/schema\/logo\/image\/","url":"https:\/\/anivet.lt\/elparduotuve\/wp-content\/uploads\/2023\/06\/logo2.jpg","contentUrl":"https:\/\/anivet.lt\/elparduotuve\/wp-content\/uploads\/2023\/06\/logo2.jpg","width":655,"height":194,"caption":"Viskas J\u016bs\u0173 \u0161uns, kat\u0117s prie\u017ei\u016brai"},"image":{"@id":"https:\/\/anivet.lt\/elparduotuve\/#\/schema\/logo\/image\/"}}]}},"_links":{"self":[{"href":"https:\/\/anivet.lt\/elparduotuve\/wp-json\/wp\/v2\/product\/15024","targetHints":{"allow":["GET"]}}],"collection":[{"href":"https:\/\/anivet.lt\/elparduotuve\/wp-json\/wp\/v2\/product"}],"about":[{"href":"https:\/\/anivet.lt\/elparduotuve\/wp-json\/wp\/v2\/types\/product"}],"wp:featuredmedia":[{"embeddable":true,"href":"https:\/\/anivet.lt\/elparduotuve\/wp-json\/wp\/v2\/media\/15025"}],"wp:attachment":[{"href":"https:\/\/anivet.lt\/elparduotuve\/wp-json\/wp\/v2\/media?parent=15024"}],"wp:term":[{"taxonomy":"product_brand","embeddable":true,"href":"https:\/\/anivet.lt\/elparduotuve\/wp-json\/wp\/v2\/product_brand?post=15024"},{"taxonomy":"product_cat","embeddable":true,"href":"https:\/\/anivet.lt\/elparduotuve\/wp-json\/wp\/v2\/product_cat?post=15024"},{"taxonomy":"product_tag","embeddable":true,"href":"https:\/\/anivet.lt\/elparduotuve\/wp-json\/wp\/v2\/product_tag?post=15024"}],"curies":[{"name":"wp","href":"https:\/\/api.w.org\/{rel}","templated":true}]}}