{"id":15026,"date":"2024-11-06T09:12:28","date_gmt":"2024-11-06T09:12:28","guid":{"rendered":"https:\/\/anivet.lt\/elparduotuve\/?post_type=product&#038;p=15026"},"modified":"2026-04-25T07:29:35","modified_gmt":"2026-04-25T07:29:35","slug":"dermoscent-essential-6-lasai-sunu-odos-ir-kailio-buklei-gerinti-20-40kg-24ml-n4","status":"publish","type":"product","link":"https:\/\/anivet.lt\/elparduotuve\/produktas\/dermoscent-essential-6-lasai-sunu-odos-ir-kailio-buklei-gerinti-20-40kg-24ml-n4\/","title":{"rendered":"Dermoscent Essential 6 \u2013 la\u0161ai \u0161un\u0173 odos ir kailio b\u016bklei gerinti 20-40kg 2,4ml N4"},"content":{"rendered":"<ul>\n<li style=\"font-weight: 400;\" aria-level=\"1\"><span style=\"font-weight: 400;\">Dr\u0117kina od\u0105: Atstato odos hidrolipidin\u0119 pl\u0117vel\u0119 ir palaiko optimal\u0173 dr\u0117gm\u0117s lyg\u012f.<\/span><\/li>\n<li style=\"font-weight: 400;\" aria-level=\"1\"><span style=\"font-weight: 400;\">Palaiko odos ekosistem\u0105: Subalansuoja nat\u016brali\u0105 odos apsaug\u0105 ir epidermio barjerin\u0119 funkcij\u0105.<\/span><\/li>\n<li style=\"font-weight: 400;\" aria-level=\"1\"><span style=\"font-weight: 400;\">Valo ir ramina: Pa\u0161alina odos dirginim\u0105 ir nemalon\u0173 kvap\u0105.<\/span><\/li>\n<li style=\"font-weight: 400;\" aria-level=\"1\"><span style=\"font-weight: 400;\">Ma\u017eina plauk\u0173 slinkim\u0105: Skatina kailio augim\u0105 ir stiprina plauk\u0173 strukt\u016br\u0105.<\/span><\/li>\n<li style=\"font-weight: 400;\" aria-level=\"1\"><span style=\"font-weight: 400;\">Nat\u016bral\u016bs ingredientai: Sud\u0117tyje yra eterini\u0173 aliej\u0173, kanapi\u0173 ir nimbamed\u017eio aliej\u0173 bei vitamino E.<\/span><\/li>\n<\/ul>\n<p><span style=\"font-weight: 400;\">Idealus sprendimas \u0161unims su \u012fvairiomis odos ir kailio problemomis, \u012fskaitant jautri\u0105 od\u0105 ar trap\u0173 kail\u012f. D\u0117l savo nat\u016bralios sud\u0117ties ir klini\u0161kai patvirtinto veiksmingumo, \u0161is produktas suteikia visapusi\u0161k\u0105 odos prie\u017ei\u016br\u0105, ma\u017eina plauk\u0173 slinkim\u0105 ir u\u017etikrina sveik\u0105 bei blizgant\u012f kail\u012f.<\/span><\/p>\n","protected":false},"excerpt":{"rendered":"<p><span style=\"font-weight: 400;\">Pirmasis patentuotas produktas, skirtas \u0161un\u0173 odos ir kailio prie\u017ei\u016brai. Puikiai tinka \u012fvairioms odos ir kailio problemoms, tokioms kaip pleiskanojimas, per didelis slinkimas, sausumas ar nemalonus kvapas. Reguliarus naudojimas atkuria odos sveikat\u0105, stiprina kail\u012f, ma\u017eina plauk\u0173 slinkim\u0105 ir suteikia malon\u0173 kvap\u0105.<\/span><\/p>\n","protected":false},"featured_media":15032,"template":"","meta":[],"product_brand":[],"product_cat":[101,113],"product_tag":[],"class_list":{"0":"post-15026","1":"product","2":"type-product","3":"status-publish","4":"has-post-thumbnail","6":"product_cat-sunims","7":"product_cat-vitaminai-ir-papildai","8":"pa_prekinis-zenklas-essential","10":"first","11":"instock","12":"taxable","13":"shipping-taxable","14":"purchasable","15":"product-type-simple"},"yoast_head":"<!-- This site is optimized with the Yoast SEO Premium plugin v27.1 (Yoast SEO v27.5) - https:\/\/yoast.com\/product\/yoast-seo-premium-wordpress\/ -->\n<title>Dermoscent Essential 6 \u2013 la\u0161ai \u0161un\u0173 odos ir kailio b\u016bklei gerinti 20-40kg 2,4ml N4 - anivet.lt<\/title>\n<meta name=\"description\" content=\"Pirmasis patentuotas produktas, skirtas \u0161un\u0173 odos ir kailio prie\u017ei\u016brai. Puikiai tinka \u012fvairioms odos ir kailio problemoms, tokioms kaip pleiskanojimas, per didelis slinkimas, sausumas ar nemalonus kvapas. Reguliarus naudojimas atkuria odos sveikat\u0105, stiprina kail\u012f, ma\u017eina plauk\u0173 slinkim\u0105 ir suteikia malon\u0173 kvap\u0105.\" \/>\n<meta name=\"robots\" content=\"index, follow, max-snippet:-1, max-image-preview:large, max-video-preview:-1\" \/>\n<link rel=\"canonical\" href=\"https:\/\/anivet.lt\/elparduotuve\/produktas\/dermoscent-essential-6-lasai-sunu-odos-ir-kailio-buklei-gerinti-20-40kg-24ml-n4\/\" \/>\n<meta property=\"og:locale\" content=\"lt_LT\" \/>\n<meta property=\"og:type\" content=\"article\" \/>\n<meta property=\"og:title\" content=\"Dermoscent Essential 6 \u2013 la\u0161ai \u0161un\u0173 odos ir kailio b\u016bklei gerinti 20-40kg 2,4ml N4\" \/>\n<meta property=\"og:description\" content=\"Pirmasis patentuotas produktas, skirtas \u0161un\u0173 odos ir kailio prie\u017ei\u016brai. Puikiai tinka \u012fvairioms odos ir kailio problemoms, tokioms kaip pleiskanojimas, per didelis slinkimas, sausumas ar nemalonus kvapas. Reguliarus naudojimas atkuria odos sveikat\u0105, stiprina kail\u012f, ma\u017eina plauk\u0173 slinkim\u0105 ir suteikia malon\u0173 kvap\u0105.\" \/>\n<meta property=\"og:url\" content=\"https:\/\/anivet.lt\/elparduotuve\/produktas\/dermoscent-essential-6-lasai-sunu-odos-ir-kailio-buklei-gerinti-20-40kg-24ml-n4\/\" \/>\n<meta property=\"og:site_name\" content=\"anivet.lt\" \/>\n<meta property=\"article:modified_time\" content=\"2026-04-25T07:29:35+00:00\" \/>\n<meta property=\"og:image\" content=\"https:\/\/anivet.lt\/elparduotuve\/wp-content\/uploads\/2024\/11\/Dermoscent-Essential-6.png\" \/>\n\t<meta property=\"og:image:width\" content=\"450\" \/>\n\t<meta property=\"og:image:height\" content=\"347\" \/>\n\t<meta property=\"og:image:type\" content=\"image\/png\" \/>\n<meta name=\"twitter:card\" content=\"summary_large_image\" \/>\n<meta name=\"twitter:label1\" content=\"Est. reading time\" \/>\n\t<meta name=\"twitter:data1\" content=\"1 minut\u0117\" \/>\n<script type=\"application\/ld+json\" class=\"yoast-schema-graph\">{\"@context\":\"https:\\\/\\\/schema.org\",\"@graph\":[{\"@type\":\"WebPage\",\"@id\":\"https:\\\/\\\/anivet.lt\\\/elparduotuve\\\/produktas\\\/dermoscent-essential-6-lasai-sunu-odos-ir-kailio-buklei-gerinti-20-40kg-24ml-n4\\\/\",\"url\":\"https:\\\/\\\/anivet.lt\\\/elparduotuve\\\/produktas\\\/dermoscent-essential-6-lasai-sunu-odos-ir-kailio-buklei-gerinti-20-40kg-24ml-n4\\\/\",\"name\":\"Dermoscent Essential 6 \u2013 la\u0161ai \u0161un\u0173 odos ir kailio b\u016bklei gerinti 20-40kg 2,4ml N4 - anivet.lt\",\"isPartOf\":{\"@id\":\"https:\\\/\\\/anivet.lt\\\/elparduotuve\\\/#website\"},\"primaryImageOfPage\":{\"@id\":\"https:\\\/\\\/anivet.lt\\\/elparduotuve\\\/produktas\\\/dermoscent-essential-6-lasai-sunu-odos-ir-kailio-buklei-gerinti-20-40kg-24ml-n4\\\/#primaryimage\"},\"image\":{\"@id\":\"https:\\\/\\\/anivet.lt\\\/elparduotuve\\\/produktas\\\/dermoscent-essential-6-lasai-sunu-odos-ir-kailio-buklei-gerinti-20-40kg-24ml-n4\\\/#primaryimage\"},\"thumbnailUrl\":\"https:\\\/\\\/anivet.lt\\\/elparduotuve\\\/wp-content\\\/uploads\\\/2024\\\/11\\\/Dermoscent-Essential-6.png\",\"datePublished\":\"2024-11-06T09:12:28+00:00\",\"dateModified\":\"2026-04-25T07:29:35+00:00\",\"description\":\"Pirmasis patentuotas produktas, skirtas \u0161un\u0173 odos ir kailio prie\u017ei\u016brai. Puikiai tinka \u012fvairioms odos ir kailio problemoms, tokioms kaip pleiskanojimas, per didelis slinkimas, sausumas ar nemalonus kvapas. Reguliarus naudojimas atkuria odos sveikat\u0105, stiprina kail\u012f, ma\u017eina plauk\u0173 slinkim\u0105 ir suteikia malon\u0173 kvap\u0105.\",\"breadcrumb\":{\"@id\":\"https:\\\/\\\/anivet.lt\\\/elparduotuve\\\/produktas\\\/dermoscent-essential-6-lasai-sunu-odos-ir-kailio-buklei-gerinti-20-40kg-24ml-n4\\\/#breadcrumb\"},\"inLanguage\":\"lt-LT\",\"potentialAction\":[{\"@type\":\"ReadAction\",\"target\":[\"https:\\\/\\\/anivet.lt\\\/elparduotuve\\\/produktas\\\/dermoscent-essential-6-lasai-sunu-odos-ir-kailio-buklei-gerinti-20-40kg-24ml-n4\\\/\"]}]},{\"@type\":\"ImageObject\",\"inLanguage\":\"lt-LT\",\"@id\":\"https:\\\/\\\/anivet.lt\\\/elparduotuve\\\/produktas\\\/dermoscent-essential-6-lasai-sunu-odos-ir-kailio-buklei-gerinti-20-40kg-24ml-n4\\\/#primaryimage\",\"url\":\"https:\\\/\\\/anivet.lt\\\/elparduotuve\\\/wp-content\\\/uploads\\\/2024\\\/11\\\/Dermoscent-Essential-6.png\",\"contentUrl\":\"https:\\\/\\\/anivet.lt\\\/elparduotuve\\\/wp-content\\\/uploads\\\/2024\\\/11\\\/Dermoscent-Essential-6.png\",\"width\":450,\"height\":347,\"caption\":\"Dermoscent Essential 6 \u2013 la\u0161ai \u0161un\u0173 odos ir kailio b\u016bklei gerinti 20-40kg 2,4ml N4\"},{\"@type\":\"BreadcrumbList\",\"@id\":\"https:\\\/\\\/anivet.lt\\\/elparduotuve\\\/produktas\\\/dermoscent-essential-6-lasai-sunu-odos-ir-kailio-buklei-gerinti-20-40kg-24ml-n4\\\/#breadcrumb\",\"itemListElement\":[{\"@type\":\"ListItem\",\"position\":1,\"name\":\"Home\",\"item\":\"https:\\\/\\\/anivet.lt\\\/elparduotuve\\\/\"},{\"@type\":\"ListItem\",\"position\":2,\"name\":\"Produktai\",\"item\":\"https:\\\/\\\/anivet.lt\\\/elparduotuve\\\/produktai\\\/\"},{\"@type\":\"ListItem\",\"position\":3,\"name\":\"Dermoscent Essential 6 \u2013 la\u0161ai \u0161un\u0173 odos ir kailio b\u016bklei gerinti 20-40kg 2,4ml N4\"}]},{\"@type\":\"WebSite\",\"@id\":\"https:\\\/\\\/anivet.lt\\\/elparduotuve\\\/#website\",\"url\":\"https:\\\/\\\/anivet.lt\\\/elparduotuve\\\/\",\"name\":\"anivet.lt\",\"description\":\"Viskas J\u016bs\u0173 \u0161uns, kat\u0117s prie\u017ei\u016brai\",\"publisher\":{\"@id\":\"https:\\\/\\\/anivet.lt\\\/elparduotuve\\\/#organization\"},\"alternateName\":\"Viskas J\u016bs\u0173 \u0161uns, kat\u0117s prie\u017ei\u016brai\",\"potentialAction\":[{\"@type\":\"SearchAction\",\"target\":{\"@type\":\"EntryPoint\",\"urlTemplate\":\"https:\\\/\\\/anivet.lt\\\/elparduotuve\\\/?s={search_term_string}\"},\"query-input\":{\"@type\":\"PropertyValueSpecification\",\"valueRequired\":true,\"valueName\":\"search_term_string\"}}],\"inLanguage\":\"lt-LT\"},{\"@type\":\"Organization\",\"@id\":\"https:\\\/\\\/anivet.lt\\\/elparduotuve\\\/#organization\",\"name\":\"Viskas J\u016bs\u0173 \u0161uns, kat\u0117s prie\u017ei\u016brai\",\"url\":\"https:\\\/\\\/anivet.lt\\\/elparduotuve\\\/\",\"logo\":{\"@type\":\"ImageObject\",\"inLanguage\":\"lt-LT\",\"@id\":\"https:\\\/\\\/anivet.lt\\\/elparduotuve\\\/#\\\/schema\\\/logo\\\/image\\\/\",\"url\":\"https:\\\/\\\/anivet.lt\\\/elparduotuve\\\/wp-content\\\/uploads\\\/2023\\\/06\\\/logo2.jpg\",\"contentUrl\":\"https:\\\/\\\/anivet.lt\\\/elparduotuve\\\/wp-content\\\/uploads\\\/2023\\\/06\\\/logo2.jpg\",\"width\":655,\"height\":194,\"caption\":\"Viskas J\u016bs\u0173 \u0161uns, kat\u0117s prie\u017ei\u016brai\"},\"image\":{\"@id\":\"https:\\\/\\\/anivet.lt\\\/elparduotuve\\\/#\\\/schema\\\/logo\\\/image\\\/\"}}]}<\/script>\n<!-- \/ Yoast SEO Premium plugin. -->","yoast_head_json":{"title":"Dermoscent Essential 6 \u2013 la\u0161ai \u0161un\u0173 odos ir kailio b\u016bklei gerinti 20-40kg 2,4ml N4 - anivet.lt","description":"Pirmasis patentuotas produktas, skirtas \u0161un\u0173 odos ir kailio prie\u017ei\u016brai. Puikiai tinka \u012fvairioms odos ir kailio problemoms, tokioms kaip pleiskanojimas, per didelis slinkimas, sausumas ar nemalonus kvapas. Reguliarus naudojimas atkuria odos sveikat\u0105, stiprina kail\u012f, ma\u017eina plauk\u0173 slinkim\u0105 ir suteikia malon\u0173 kvap\u0105.","robots":{"index":"index","follow":"follow","max-snippet":"max-snippet:-1","max-image-preview":"max-image-preview:large","max-video-preview":"max-video-preview:-1"},"canonical":"https:\/\/anivet.lt\/elparduotuve\/produktas\/dermoscent-essential-6-lasai-sunu-odos-ir-kailio-buklei-gerinti-20-40kg-24ml-n4\/","og_locale":"lt_LT","og_type":"article","og_title":"Dermoscent Essential 6 \u2013 la\u0161ai \u0161un\u0173 odos ir kailio b\u016bklei gerinti 20-40kg 2,4ml N4","og_description":"Pirmasis patentuotas produktas, skirtas \u0161un\u0173 odos ir kailio prie\u017ei\u016brai. Puikiai tinka \u012fvairioms odos ir kailio problemoms, tokioms kaip pleiskanojimas, per didelis slinkimas, sausumas ar nemalonus kvapas. Reguliarus naudojimas atkuria odos sveikat\u0105, stiprina kail\u012f, ma\u017eina plauk\u0173 slinkim\u0105 ir suteikia malon\u0173 kvap\u0105.","og_url":"https:\/\/anivet.lt\/elparduotuve\/produktas\/dermoscent-essential-6-lasai-sunu-odos-ir-kailio-buklei-gerinti-20-40kg-24ml-n4\/","og_site_name":"anivet.lt","article_modified_time":"2026-04-25T07:29:35+00:00","og_image":[{"width":450,"height":347,"url":"https:\/\/anivet.lt\/elparduotuve\/wp-content\/uploads\/2024\/11\/Dermoscent-Essential-6.png","type":"image\/png"}],"twitter_card":"summary_large_image","twitter_misc":{"Est. reading time":"1 minut\u0117"},"schema":{"@context":"https:\/\/schema.org","@graph":[{"@type":"WebPage","@id":"https:\/\/anivet.lt\/elparduotuve\/produktas\/dermoscent-essential-6-lasai-sunu-odos-ir-kailio-buklei-gerinti-20-40kg-24ml-n4\/","url":"https:\/\/anivet.lt\/elparduotuve\/produktas\/dermoscent-essential-6-lasai-sunu-odos-ir-kailio-buklei-gerinti-20-40kg-24ml-n4\/","name":"Dermoscent Essential 6 \u2013 la\u0161ai \u0161un\u0173 odos ir kailio b\u016bklei gerinti 20-40kg 2,4ml N4 - anivet.lt","isPartOf":{"@id":"https:\/\/anivet.lt\/elparduotuve\/#website"},"primaryImageOfPage":{"@id":"https:\/\/anivet.lt\/elparduotuve\/produktas\/dermoscent-essential-6-lasai-sunu-odos-ir-kailio-buklei-gerinti-20-40kg-24ml-n4\/#primaryimage"},"image":{"@id":"https:\/\/anivet.lt\/elparduotuve\/produktas\/dermoscent-essential-6-lasai-sunu-odos-ir-kailio-buklei-gerinti-20-40kg-24ml-n4\/#primaryimage"},"thumbnailUrl":"https:\/\/anivet.lt\/elparduotuve\/wp-content\/uploads\/2024\/11\/Dermoscent-Essential-6.png","datePublished":"2024-11-06T09:12:28+00:00","dateModified":"2026-04-25T07:29:35+00:00","description":"Pirmasis patentuotas produktas, skirtas \u0161un\u0173 odos ir kailio prie\u017ei\u016brai. Puikiai tinka \u012fvairioms odos ir kailio problemoms, tokioms kaip pleiskanojimas, per didelis slinkimas, sausumas ar nemalonus kvapas. Reguliarus naudojimas atkuria odos sveikat\u0105, stiprina kail\u012f, ma\u017eina plauk\u0173 slinkim\u0105 ir suteikia malon\u0173 kvap\u0105.","breadcrumb":{"@id":"https:\/\/anivet.lt\/elparduotuve\/produktas\/dermoscent-essential-6-lasai-sunu-odos-ir-kailio-buklei-gerinti-20-40kg-24ml-n4\/#breadcrumb"},"inLanguage":"lt-LT","potentialAction":[{"@type":"ReadAction","target":["https:\/\/anivet.lt\/elparduotuve\/produktas\/dermoscent-essential-6-lasai-sunu-odos-ir-kailio-buklei-gerinti-20-40kg-24ml-n4\/"]}]},{"@type":"ImageObject","inLanguage":"lt-LT","@id":"https:\/\/anivet.lt\/elparduotuve\/produktas\/dermoscent-essential-6-lasai-sunu-odos-ir-kailio-buklei-gerinti-20-40kg-24ml-n4\/#primaryimage","url":"https:\/\/anivet.lt\/elparduotuve\/wp-content\/uploads\/2024\/11\/Dermoscent-Essential-6.png","contentUrl":"https:\/\/anivet.lt\/elparduotuve\/wp-content\/uploads\/2024\/11\/Dermoscent-Essential-6.png","width":450,"height":347,"caption":"Dermoscent Essential 6 \u2013 la\u0161ai \u0161un\u0173 odos ir kailio b\u016bklei gerinti 20-40kg 2,4ml N4"},{"@type":"BreadcrumbList","@id":"https:\/\/anivet.lt\/elparduotuve\/produktas\/dermoscent-essential-6-lasai-sunu-odos-ir-kailio-buklei-gerinti-20-40kg-24ml-n4\/#breadcrumb","itemListElement":[{"@type":"ListItem","position":1,"name":"Home","item":"https:\/\/anivet.lt\/elparduotuve\/"},{"@type":"ListItem","position":2,"name":"Produktai","item":"https:\/\/anivet.lt\/elparduotuve\/produktai\/"},{"@type":"ListItem","position":3,"name":"Dermoscent Essential 6 \u2013 la\u0161ai \u0161un\u0173 odos ir kailio b\u016bklei gerinti 20-40kg 2,4ml N4"}]},{"@type":"WebSite","@id":"https:\/\/anivet.lt\/elparduotuve\/#website","url":"https:\/\/anivet.lt\/elparduotuve\/","name":"anivet.lt","description":"Viskas J\u016bs\u0173 \u0161uns, kat\u0117s prie\u017ei\u016brai","publisher":{"@id":"https:\/\/anivet.lt\/elparduotuve\/#organization"},"alternateName":"Viskas J\u016bs\u0173 \u0161uns, kat\u0117s prie\u017ei\u016brai","potentialAction":[{"@type":"SearchAction","target":{"@type":"EntryPoint","urlTemplate":"https:\/\/anivet.lt\/elparduotuve\/?s={search_term_string}"},"query-input":{"@type":"PropertyValueSpecification","valueRequired":true,"valueName":"search_term_string"}}],"inLanguage":"lt-LT"},{"@type":"Organization","@id":"https:\/\/anivet.lt\/elparduotuve\/#organization","name":"Viskas J\u016bs\u0173 \u0161uns, kat\u0117s prie\u017ei\u016brai","url":"https:\/\/anivet.lt\/elparduotuve\/","logo":{"@type":"ImageObject","inLanguage":"lt-LT","@id":"https:\/\/anivet.lt\/elparduotuve\/#\/schema\/logo\/image\/","url":"https:\/\/anivet.lt\/elparduotuve\/wp-content\/uploads\/2023\/06\/logo2.jpg","contentUrl":"https:\/\/anivet.lt\/elparduotuve\/wp-content\/uploads\/2023\/06\/logo2.jpg","width":655,"height":194,"caption":"Viskas J\u016bs\u0173 \u0161uns, kat\u0117s prie\u017ei\u016brai"},"image":{"@id":"https:\/\/anivet.lt\/elparduotuve\/#\/schema\/logo\/image\/"}}]}},"_links":{"self":[{"href":"https:\/\/anivet.lt\/elparduotuve\/wp-json\/wp\/v2\/product\/15026","targetHints":{"allow":["GET"]}}],"collection":[{"href":"https:\/\/anivet.lt\/elparduotuve\/wp-json\/wp\/v2\/product"}],"about":[{"href":"https:\/\/anivet.lt\/elparduotuve\/wp-json\/wp\/v2\/types\/product"}],"wp:featuredmedia":[{"embeddable":true,"href":"https:\/\/anivet.lt\/elparduotuve\/wp-json\/wp\/v2\/media\/15032"}],"wp:attachment":[{"href":"https:\/\/anivet.lt\/elparduotuve\/wp-json\/wp\/v2\/media?parent=15026"}],"wp:term":[{"taxonomy":"product_brand","embeddable":true,"href":"https:\/\/anivet.lt\/elparduotuve\/wp-json\/wp\/v2\/product_brand?post=15026"},{"taxonomy":"product_cat","embeddable":true,"href":"https:\/\/anivet.lt\/elparduotuve\/wp-json\/wp\/v2\/product_cat?post=15026"},{"taxonomy":"product_tag","embeddable":true,"href":"https:\/\/anivet.lt\/elparduotuve\/wp-json\/wp\/v2\/product_tag?post=15026"}],"curies":[{"name":"wp","href":"https:\/\/api.w.org\/{rel}","templated":true}]}}