{"id":15029,"date":"2024-11-06T09:43:57","date_gmt":"2024-11-06T09:43:57","guid":{"rendered":"https:\/\/anivet.lt\/elparduotuve\/?post_type=product&#038;p=15029"},"modified":"2026-04-25T07:29:29","modified_gmt":"2026-04-25T07:29:29","slug":"15029","status":"publish","type":"product","link":"https:\/\/anivet.lt\/elparduotuve\/produktas\/15029\/","title":{"rendered":"Dermoscent Essential 6 \u2013 la\u0161ai ka\u010di\u0173 odos ir kailio b\u016bklei gerinti 0,6ml N4"},"content":{"rendered":"<ul>\n<li style=\"font-weight: 400;\" aria-level=\"1\"><span style=\"font-weight: 400;\">Odos dr\u0117kinimas ir atstatymas: Atkuria odos hidrolipidin\u0119 pl\u0117vel\u0119 ir palaiko optimal\u0173 dr\u0117gm\u0117s balans\u0105.<\/span><\/li>\n<li style=\"font-weight: 400;\" aria-level=\"1\"><span style=\"font-weight: 400;\">Odos apsaugos stiprinimas: Padeda subalansuoti nat\u016brali\u0105 odos ekosistem\u0105 ir pagerina epidermio barjerin\u0119 funkcij\u0105.<\/span><\/li>\n<li style=\"font-weight: 400;\" aria-level=\"1\"><span style=\"font-weight: 400;\">Valymo ir kvapo kontrol\u0117: Valo od\u0105, pa\u0161alina nemalonius kvapus, i\u0161laikydamas nat\u016bral\u0173 gyv\u016bno kvap\u0105.<\/span><\/li>\n<li style=\"font-weight: 400;\" aria-level=\"1\"><span style=\"font-weight: 400;\">Plauk\u0173 slinkimo ma\u017einimas: Skatina sveik\u0105 plauk\u0173 augim\u0105 ir ma\u017eina slinkim\u0105, suteikdamas kailiui glotnumo ir \u017evilgesio.<\/span><\/li>\n<li style=\"font-weight: 400;\" aria-level=\"1\"><span style=\"font-weight: 400;\">Antioksidacinis poveikis: Nat\u016bralios sudedamosios dalys, tokios kaip vitaminas E ir omega-3 bei omega-6 riebal\u0173 r\u016bg\u0161tys, apsaugo nuo \u017ealing\u0173 aplinkos veiksni\u0173.<\/span><\/li>\n<\/ul>\n<p><span style=\"font-weight: 400;\">\u0160ie la\u0161ai, pagr\u012fsti klinikiniais tyrimais, yra hipoalerginiai ir nat\u016bral\u016bs, tod\u0117l saug\u016bs reguliariam naudojimui. \u201eDermoscent Essential 6\u201d pad\u0117s u\u017etikrinti, kad j\u016bs\u0173 kat\u0117s oda b\u016bt\u0173 sveika, o kailis \u017evilg\u0117t\u0173, sukurdamas nat\u016bral\u0173 ir malon\u0173 \u012fsp\u016bd\u012f.<\/span><\/p>\n","protected":false},"excerpt":{"rendered":"<p><span style=\"font-weight: 400;\">Inovatyvus sprendimas pad\u0117ti j\u016bs\u0173 katei i\u0161laikyti sveik\u0105 od\u0105 ir \u017evilgant\u012f kail\u012f. \u0160ie la\u0161ai yra skirti \u012fvairioms odos problemoms, tokioms kaip sausumas, pleiskanojimas, riebaluotumas ar plauk\u0173 slinkimas. Tinka vis\u0173 tip\u0173 kailiui, net jautriausiai odai ir l\u016b\u017ein\u0117jantiems plaukams.<\/span><\/p>\n","protected":false},"featured_media":15031,"template":"","meta":[],"product_brand":[],"product_cat":[102,124],"product_tag":[],"class_list":{"0":"post-15029","1":"product","2":"type-product","3":"status-publish","4":"has-post-thumbnail","6":"product_cat-katems","7":"product_cat-vitaminai-ir-papildai-katems","8":"pa_prekinis-zenklas-essential","10":"first","11":"instock","12":"taxable","13":"shipping-taxable","14":"purchasable","15":"product-type-simple"},"yoast_head":"<!-- This site is optimized with the Yoast SEO Premium plugin v27.1 (Yoast SEO v27.5) - https:\/\/yoast.com\/product\/yoast-seo-premium-wordpress\/ -->\n<title>Dermoscent Essential 6 \u2013 la\u0161ai ka\u010di\u0173 odos ir kailio b\u016bklei gerinti 0,6ml N4 - anivet.lt<\/title>\n<meta name=\"description\" content=\"Inovatyvus sprendimas pad\u0117ti j\u016bs\u0173 katei i\u0161laikyti sveik\u0105 od\u0105 ir \u017evilgant\u012f kail\u012f. \u0160ie la\u0161ai yra skirti \u012fvairioms odos problemoms, tokioms kaip sausumas, pleiskanojimas, riebaluotumas ar plauk\u0173 slinkimas. Tinka vis\u0173 tip\u0173 kailiui, net jautriausiai odai ir l\u016b\u017ein\u0117jantiems plaukams.\" \/>\n<meta name=\"robots\" content=\"index, follow, max-snippet:-1, max-image-preview:large, max-video-preview:-1\" \/>\n<link rel=\"canonical\" href=\"https:\/\/anivet.lt\/elparduotuve\/produktas\/15029\/\" \/>\n<meta property=\"og:locale\" content=\"lt_LT\" \/>\n<meta property=\"og:type\" content=\"article\" \/>\n<meta property=\"og:title\" content=\"Dermoscent Essential 6 \u2013 la\u0161ai ka\u010di\u0173 odos ir kailio b\u016bklei gerinti 0,6ml N4\" \/>\n<meta property=\"og:description\" content=\"Inovatyvus sprendimas pad\u0117ti j\u016bs\u0173 katei i\u0161laikyti sveik\u0105 od\u0105 ir \u017evilgant\u012f kail\u012f. \u0160ie la\u0161ai yra skirti \u012fvairioms odos problemoms, tokioms kaip sausumas, pleiskanojimas, riebaluotumas ar plauk\u0173 slinkimas. Tinka vis\u0173 tip\u0173 kailiui, net jautriausiai odai ir l\u016b\u017ein\u0117jantiems plaukams.\" \/>\n<meta property=\"og:url\" content=\"https:\/\/anivet.lt\/elparduotuve\/produktas\/15029\/\" \/>\n<meta property=\"og:site_name\" content=\"anivet.lt\" \/>\n<meta property=\"article:modified_time\" content=\"2026-04-25T07:29:29+00:00\" \/>\n<meta property=\"og:image\" content=\"https:\/\/anivet.lt\/elparduotuve\/wp-content\/uploads\/2024\/11\/kates-nauja.png\" \/>\n\t<meta property=\"og:image:width\" content=\"400\" \/>\n\t<meta property=\"og:image:height\" content=\"306\" \/>\n\t<meta property=\"og:image:type\" content=\"image\/png\" \/>\n<meta name=\"twitter:card\" content=\"summary_large_image\" \/>\n<meta name=\"twitter:label1\" content=\"Est. reading time\" \/>\n\t<meta name=\"twitter:data1\" content=\"1 minut\u0117\" \/>\n<script type=\"application\/ld+json\" class=\"yoast-schema-graph\">{\"@context\":\"https:\\\/\\\/schema.org\",\"@graph\":[{\"@type\":\"WebPage\",\"@id\":\"https:\\\/\\\/anivet.lt\\\/elparduotuve\\\/produktas\\\/15029\\\/\",\"url\":\"https:\\\/\\\/anivet.lt\\\/elparduotuve\\\/produktas\\\/15029\\\/\",\"name\":\"Dermoscent Essential 6 \u2013 la\u0161ai ka\u010di\u0173 odos ir kailio b\u016bklei gerinti 0,6ml N4 - anivet.lt\",\"isPartOf\":{\"@id\":\"https:\\\/\\\/anivet.lt\\\/elparduotuve\\\/#website\"},\"primaryImageOfPage\":{\"@id\":\"https:\\\/\\\/anivet.lt\\\/elparduotuve\\\/produktas\\\/15029\\\/#primaryimage\"},\"image\":{\"@id\":\"https:\\\/\\\/anivet.lt\\\/elparduotuve\\\/produktas\\\/15029\\\/#primaryimage\"},\"thumbnailUrl\":\"https:\\\/\\\/anivet.lt\\\/elparduotuve\\\/wp-content\\\/uploads\\\/2024\\\/11\\\/kates-nauja.png\",\"datePublished\":\"2024-11-06T09:43:57+00:00\",\"dateModified\":\"2026-04-25T07:29:29+00:00\",\"description\":\"Inovatyvus sprendimas pad\u0117ti j\u016bs\u0173 katei i\u0161laikyti sveik\u0105 od\u0105 ir \u017evilgant\u012f kail\u012f. \u0160ie la\u0161ai yra skirti \u012fvairioms odos problemoms, tokioms kaip sausumas, pleiskanojimas, riebaluotumas ar plauk\u0173 slinkimas. Tinka vis\u0173 tip\u0173 kailiui, net jautriausiai odai ir l\u016b\u017ein\u0117jantiems plaukams.\",\"breadcrumb\":{\"@id\":\"https:\\\/\\\/anivet.lt\\\/elparduotuve\\\/produktas\\\/15029\\\/#breadcrumb\"},\"inLanguage\":\"lt-LT\",\"potentialAction\":[{\"@type\":\"ReadAction\",\"target\":[\"https:\\\/\\\/anivet.lt\\\/elparduotuve\\\/produktas\\\/15029\\\/\"]}]},{\"@type\":\"ImageObject\",\"inLanguage\":\"lt-LT\",\"@id\":\"https:\\\/\\\/anivet.lt\\\/elparduotuve\\\/produktas\\\/15029\\\/#primaryimage\",\"url\":\"https:\\\/\\\/anivet.lt\\\/elparduotuve\\\/wp-content\\\/uploads\\\/2024\\\/11\\\/kates-nauja.png\",\"contentUrl\":\"https:\\\/\\\/anivet.lt\\\/elparduotuve\\\/wp-content\\\/uploads\\\/2024\\\/11\\\/kates-nauja.png\",\"width\":400,\"height\":306,\"caption\":\"Dermoscent Essential 6 \u2013 la\u0161ai ka\u010di\u0173 odos ir kailio b\u016bklei gerinti 0,6ml N4\"},{\"@type\":\"BreadcrumbList\",\"@id\":\"https:\\\/\\\/anivet.lt\\\/elparduotuve\\\/produktas\\\/15029\\\/#breadcrumb\",\"itemListElement\":[{\"@type\":\"ListItem\",\"position\":1,\"name\":\"Home\",\"item\":\"https:\\\/\\\/anivet.lt\\\/elparduotuve\\\/\"},{\"@type\":\"ListItem\",\"position\":2,\"name\":\"Produktai\",\"item\":\"https:\\\/\\\/anivet.lt\\\/elparduotuve\\\/produktai\\\/\"},{\"@type\":\"ListItem\",\"position\":3,\"name\":\"Dermoscent Essential 6 \u2013 la\u0161ai ka\u010di\u0173 odos ir kailio b\u016bklei gerinti 0,6ml N4\"}]},{\"@type\":\"WebSite\",\"@id\":\"https:\\\/\\\/anivet.lt\\\/elparduotuve\\\/#website\",\"url\":\"https:\\\/\\\/anivet.lt\\\/elparduotuve\\\/\",\"name\":\"anivet.lt\",\"description\":\"Viskas J\u016bs\u0173 \u0161uns, kat\u0117s prie\u017ei\u016brai\",\"publisher\":{\"@id\":\"https:\\\/\\\/anivet.lt\\\/elparduotuve\\\/#organization\"},\"alternateName\":\"Viskas J\u016bs\u0173 \u0161uns, kat\u0117s prie\u017ei\u016brai\",\"potentialAction\":[{\"@type\":\"SearchAction\",\"target\":{\"@type\":\"EntryPoint\",\"urlTemplate\":\"https:\\\/\\\/anivet.lt\\\/elparduotuve\\\/?s={search_term_string}\"},\"query-input\":{\"@type\":\"PropertyValueSpecification\",\"valueRequired\":true,\"valueName\":\"search_term_string\"}}],\"inLanguage\":\"lt-LT\"},{\"@type\":\"Organization\",\"@id\":\"https:\\\/\\\/anivet.lt\\\/elparduotuve\\\/#organization\",\"name\":\"Viskas J\u016bs\u0173 \u0161uns, kat\u0117s prie\u017ei\u016brai\",\"url\":\"https:\\\/\\\/anivet.lt\\\/elparduotuve\\\/\",\"logo\":{\"@type\":\"ImageObject\",\"inLanguage\":\"lt-LT\",\"@id\":\"https:\\\/\\\/anivet.lt\\\/elparduotuve\\\/#\\\/schema\\\/logo\\\/image\\\/\",\"url\":\"https:\\\/\\\/anivet.lt\\\/elparduotuve\\\/wp-content\\\/uploads\\\/2023\\\/06\\\/logo2.jpg\",\"contentUrl\":\"https:\\\/\\\/anivet.lt\\\/elparduotuve\\\/wp-content\\\/uploads\\\/2023\\\/06\\\/logo2.jpg\",\"width\":655,\"height\":194,\"caption\":\"Viskas J\u016bs\u0173 \u0161uns, kat\u0117s prie\u017ei\u016brai\"},\"image\":{\"@id\":\"https:\\\/\\\/anivet.lt\\\/elparduotuve\\\/#\\\/schema\\\/logo\\\/image\\\/\"}}]}<\/script>\n<!-- \/ Yoast SEO Premium plugin. -->","yoast_head_json":{"title":"Dermoscent Essential 6 \u2013 la\u0161ai ka\u010di\u0173 odos ir kailio b\u016bklei gerinti 0,6ml N4 - anivet.lt","description":"Inovatyvus sprendimas pad\u0117ti j\u016bs\u0173 katei i\u0161laikyti sveik\u0105 od\u0105 ir \u017evilgant\u012f kail\u012f. \u0160ie la\u0161ai yra skirti \u012fvairioms odos problemoms, tokioms kaip sausumas, pleiskanojimas, riebaluotumas ar plauk\u0173 slinkimas. Tinka vis\u0173 tip\u0173 kailiui, net jautriausiai odai ir l\u016b\u017ein\u0117jantiems plaukams.","robots":{"index":"index","follow":"follow","max-snippet":"max-snippet:-1","max-image-preview":"max-image-preview:large","max-video-preview":"max-video-preview:-1"},"canonical":"https:\/\/anivet.lt\/elparduotuve\/produktas\/15029\/","og_locale":"lt_LT","og_type":"article","og_title":"Dermoscent Essential 6 \u2013 la\u0161ai ka\u010di\u0173 odos ir kailio b\u016bklei gerinti 0,6ml N4","og_description":"Inovatyvus sprendimas pad\u0117ti j\u016bs\u0173 katei i\u0161laikyti sveik\u0105 od\u0105 ir \u017evilgant\u012f kail\u012f. \u0160ie la\u0161ai yra skirti \u012fvairioms odos problemoms, tokioms kaip sausumas, pleiskanojimas, riebaluotumas ar plauk\u0173 slinkimas. Tinka vis\u0173 tip\u0173 kailiui, net jautriausiai odai ir l\u016b\u017ein\u0117jantiems plaukams.","og_url":"https:\/\/anivet.lt\/elparduotuve\/produktas\/15029\/","og_site_name":"anivet.lt","article_modified_time":"2026-04-25T07:29:29+00:00","og_image":[{"width":400,"height":306,"url":"https:\/\/anivet.lt\/elparduotuve\/wp-content\/uploads\/2024\/11\/kates-nauja.png","type":"image\/png"}],"twitter_card":"summary_large_image","twitter_misc":{"Est. reading time":"1 minut\u0117"},"schema":{"@context":"https:\/\/schema.org","@graph":[{"@type":"WebPage","@id":"https:\/\/anivet.lt\/elparduotuve\/produktas\/15029\/","url":"https:\/\/anivet.lt\/elparduotuve\/produktas\/15029\/","name":"Dermoscent Essential 6 \u2013 la\u0161ai ka\u010di\u0173 odos ir kailio b\u016bklei gerinti 0,6ml N4 - anivet.lt","isPartOf":{"@id":"https:\/\/anivet.lt\/elparduotuve\/#website"},"primaryImageOfPage":{"@id":"https:\/\/anivet.lt\/elparduotuve\/produktas\/15029\/#primaryimage"},"image":{"@id":"https:\/\/anivet.lt\/elparduotuve\/produktas\/15029\/#primaryimage"},"thumbnailUrl":"https:\/\/anivet.lt\/elparduotuve\/wp-content\/uploads\/2024\/11\/kates-nauja.png","datePublished":"2024-11-06T09:43:57+00:00","dateModified":"2026-04-25T07:29:29+00:00","description":"Inovatyvus sprendimas pad\u0117ti j\u016bs\u0173 katei i\u0161laikyti sveik\u0105 od\u0105 ir \u017evilgant\u012f kail\u012f. \u0160ie la\u0161ai yra skirti \u012fvairioms odos problemoms, tokioms kaip sausumas, pleiskanojimas, riebaluotumas ar plauk\u0173 slinkimas. Tinka vis\u0173 tip\u0173 kailiui, net jautriausiai odai ir l\u016b\u017ein\u0117jantiems plaukams.","breadcrumb":{"@id":"https:\/\/anivet.lt\/elparduotuve\/produktas\/15029\/#breadcrumb"},"inLanguage":"lt-LT","potentialAction":[{"@type":"ReadAction","target":["https:\/\/anivet.lt\/elparduotuve\/produktas\/15029\/"]}]},{"@type":"ImageObject","inLanguage":"lt-LT","@id":"https:\/\/anivet.lt\/elparduotuve\/produktas\/15029\/#primaryimage","url":"https:\/\/anivet.lt\/elparduotuve\/wp-content\/uploads\/2024\/11\/kates-nauja.png","contentUrl":"https:\/\/anivet.lt\/elparduotuve\/wp-content\/uploads\/2024\/11\/kates-nauja.png","width":400,"height":306,"caption":"Dermoscent Essential 6 \u2013 la\u0161ai ka\u010di\u0173 odos ir kailio b\u016bklei gerinti 0,6ml N4"},{"@type":"BreadcrumbList","@id":"https:\/\/anivet.lt\/elparduotuve\/produktas\/15029\/#breadcrumb","itemListElement":[{"@type":"ListItem","position":1,"name":"Home","item":"https:\/\/anivet.lt\/elparduotuve\/"},{"@type":"ListItem","position":2,"name":"Produktai","item":"https:\/\/anivet.lt\/elparduotuve\/produktai\/"},{"@type":"ListItem","position":3,"name":"Dermoscent Essential 6 \u2013 la\u0161ai ka\u010di\u0173 odos ir kailio b\u016bklei gerinti 0,6ml N4"}]},{"@type":"WebSite","@id":"https:\/\/anivet.lt\/elparduotuve\/#website","url":"https:\/\/anivet.lt\/elparduotuve\/","name":"anivet.lt","description":"Viskas J\u016bs\u0173 \u0161uns, kat\u0117s prie\u017ei\u016brai","publisher":{"@id":"https:\/\/anivet.lt\/elparduotuve\/#organization"},"alternateName":"Viskas J\u016bs\u0173 \u0161uns, kat\u0117s prie\u017ei\u016brai","potentialAction":[{"@type":"SearchAction","target":{"@type":"EntryPoint","urlTemplate":"https:\/\/anivet.lt\/elparduotuve\/?s={search_term_string}"},"query-input":{"@type":"PropertyValueSpecification","valueRequired":true,"valueName":"search_term_string"}}],"inLanguage":"lt-LT"},{"@type":"Organization","@id":"https:\/\/anivet.lt\/elparduotuve\/#organization","name":"Viskas J\u016bs\u0173 \u0161uns, kat\u0117s prie\u017ei\u016brai","url":"https:\/\/anivet.lt\/elparduotuve\/","logo":{"@type":"ImageObject","inLanguage":"lt-LT","@id":"https:\/\/anivet.lt\/elparduotuve\/#\/schema\/logo\/image\/","url":"https:\/\/anivet.lt\/elparduotuve\/wp-content\/uploads\/2023\/06\/logo2.jpg","contentUrl":"https:\/\/anivet.lt\/elparduotuve\/wp-content\/uploads\/2023\/06\/logo2.jpg","width":655,"height":194,"caption":"Viskas J\u016bs\u0173 \u0161uns, kat\u0117s prie\u017ei\u016brai"},"image":{"@id":"https:\/\/anivet.lt\/elparduotuve\/#\/schema\/logo\/image\/"}}]}},"_links":{"self":[{"href":"https:\/\/anivet.lt\/elparduotuve\/wp-json\/wp\/v2\/product\/15029","targetHints":{"allow":["GET"]}}],"collection":[{"href":"https:\/\/anivet.lt\/elparduotuve\/wp-json\/wp\/v2\/product"}],"about":[{"href":"https:\/\/anivet.lt\/elparduotuve\/wp-json\/wp\/v2\/types\/product"}],"wp:featuredmedia":[{"embeddable":true,"href":"https:\/\/anivet.lt\/elparduotuve\/wp-json\/wp\/v2\/media\/15031"}],"wp:attachment":[{"href":"https:\/\/anivet.lt\/elparduotuve\/wp-json\/wp\/v2\/media?parent=15029"}],"wp:term":[{"taxonomy":"product_brand","embeddable":true,"href":"https:\/\/anivet.lt\/elparduotuve\/wp-json\/wp\/v2\/product_brand?post=15029"},{"taxonomy":"product_cat","embeddable":true,"href":"https:\/\/anivet.lt\/elparduotuve\/wp-json\/wp\/v2\/product_cat?post=15029"},{"taxonomy":"product_tag","embeddable":true,"href":"https:\/\/anivet.lt\/elparduotuve\/wp-json\/wp\/v2\/product_tag?post=15029"}],"curies":[{"name":"wp","href":"https:\/\/api.w.org\/{rel}","templated":true}]}}