{"id":15062,"date":"2024-11-08T12:03:53","date_gmt":"2024-11-08T12:03:53","guid":{"rendered":"https:\/\/anivet.lt\/elparduotuve\/?post_type=product&#038;p=15062"},"modified":"2025-08-06T19:29:57","modified_gmt":"2025-08-06T19:29:57","slug":"diafarm-urolsyn-pasta-gelis-nuo-akmenu-formavimosi-sunims-100g","status":"publish","type":"product","link":"https:\/\/anivet.lt\/elparduotuve\/produktas\/diafarm-urolsyn-pasta-gelis-nuo-akmenu-formavimosi-sunims-100g\/","title":{"rendered":"Diafarm Urolsyn pasta-gelis nuo akmen\u0173 formavimosi \u0161unims 100g"},"content":{"rendered":"<ul>\n<li style=\"font-weight: 400;\" aria-level=\"1\"><span style=\"font-weight: 400;\">Padeda tirpdyti struvitinius akmenis: Sud\u0117tyje esantis DL-metioninas ir kalio citratas padeda subalansuoti \u0161lapimo pH, ma\u017eindami akmen\u0173 formavimosi rizik\u0105.<\/span><\/li>\n<li style=\"font-weight: 400;\" aria-level=\"1\"><span style=\"font-weight: 400;\">Profilaktin\u0117 priemon\u0117: Apsaugo nuo nauj\u0173 akmen\u0173 susidarymo.<\/span><\/li>\n<li style=\"font-weight: 400;\" aria-level=\"1\"><span style=\"font-weight: 400;\">Inkst\u0173 funkcijos palaikymas: Ilgalaikio naudojimo metu skatina sveik\u0105 inkst\u0173 veikl\u0105.<\/span><\/li>\n<li style=\"font-weight: 400;\" aria-level=\"1\"><span style=\"font-weight: 400;\">Paprasta naudoti: Galima duoti tiesiai per burn\u0105 arba sumai\u0161ius su pa\u0161aru.<\/span><\/li>\n<\/ul>\n<p><span style=\"font-weight: 400;\">\u201eDiafarm Urolsyn\u201c pasta \u2013 tai patikimas ir lengvai naudojamas sprendimas augintinio \u0161lapimo sistemos sveikatai u\u017etikrinti. Produktas ne tik padeda esant struvitiniams akmenims, bet ir veikia kaip prevencin\u0117 priemon\u0117, skatinanti ger\u0105 inkst\u0173 b\u016bkl\u0119.<\/span><\/p>\n","protected":false},"excerpt":{"rendered":"<p><span style=\"font-weight: 400;\">Maisto papildas, specialiai sukurtas \u0161unims, siekiant pad\u0117ti tirpdyti struvitinius akmenis ir u\u017ekirsti keli\u0105 j\u0173 formavimuisi. Produktas taip pat naudingas ilgalaikiam inkst\u0173 funkcijos palaikymui.<\/span><\/p>\n","protected":false},"featured_media":15063,"template":"","meta":[],"product_brand":[],"product_cat":[101,113],"product_tag":[],"class_list":{"0":"post-15062","1":"product","2":"type-product","3":"status-publish","4":"has-post-thumbnail","6":"product_cat-sunims","7":"product_cat-vitaminai-ir-papildai","8":"pa_prekinis-zenklas-diafarm","10":"first","11":"instock","12":"taxable","13":"shipping-taxable","14":"purchasable","15":"product-type-simple"},"yoast_head":"<!-- This site is optimized with the Yoast SEO Premium plugin v27.1 (Yoast SEO v27.5) - https:\/\/yoast.com\/product\/yoast-seo-premium-wordpress\/ -->\n<title>Diafarm Urolsyn pasta-gelis nuo akmen\u0173 formavimosi \u0161unims 100g - anivet.lt<\/title>\n<meta name=\"description\" content=\"Maisto papildas, specialiai sukurtas \u0161unims, siekiant pad\u0117ti tirpdyti struvitinius akmenis ir u\u017ekirsti keli\u0105 j\u0173 formavimuisi. Produktas taip pat naudingas ilgalaikiam inkst\u0173 funkcijos palaikymui.\" \/>\n<meta name=\"robots\" content=\"index, follow, max-snippet:-1, max-image-preview:large, max-video-preview:-1\" \/>\n<link rel=\"canonical\" href=\"https:\/\/anivet.lt\/elparduotuve\/produktas\/diafarm-urolsyn-pasta-gelis-nuo-akmenu-formavimosi-sunims-100g\/\" \/>\n<meta property=\"og:locale\" content=\"lt_LT\" \/>\n<meta property=\"og:type\" content=\"article\" \/>\n<meta property=\"og:title\" content=\"Diafarm Urolsyn pasta-gelis nuo akmen\u0173 formavimosi \u0161unims 100g\" \/>\n<meta property=\"og:description\" content=\"Maisto papildas, specialiai sukurtas \u0161unims, siekiant pad\u0117ti tirpdyti struvitinius akmenis ir u\u017ekirsti keli\u0105 j\u0173 formavimuisi. Produktas taip pat naudingas ilgalaikiam inkst\u0173 funkcijos palaikymui.\" \/>\n<meta property=\"og:url\" content=\"https:\/\/anivet.lt\/elparduotuve\/produktas\/diafarm-urolsyn-pasta-gelis-nuo-akmenu-formavimosi-sunims-100g\/\" \/>\n<meta property=\"og:site_name\" content=\"anivet.lt\" \/>\n<meta property=\"article:modified_time\" content=\"2025-08-06T19:29:57+00:00\" \/>\n<meta property=\"og:image\" content=\"https:\/\/anivet.lt\/elparduotuve\/wp-content\/uploads\/2024\/11\/dog.jpg\" \/>\n\t<meta property=\"og:image:width\" content=\"400\" \/>\n\t<meta property=\"og:image:height\" content=\"400\" \/>\n\t<meta property=\"og:image:type\" content=\"image\/jpeg\" \/>\n<meta name=\"twitter:card\" content=\"summary_large_image\" \/>\n<meta name=\"twitter:label1\" content=\"Est. reading time\" \/>\n\t<meta name=\"twitter:data1\" content=\"1 minut\u0117\" \/>\n<script type=\"application\/ld+json\" class=\"yoast-schema-graph\">{\"@context\":\"https:\\\/\\\/schema.org\",\"@graph\":[{\"@type\":\"WebPage\",\"@id\":\"https:\\\/\\\/anivet.lt\\\/elparduotuve\\\/produktas\\\/diafarm-urolsyn-pasta-gelis-nuo-akmenu-formavimosi-sunims-100g\\\/\",\"url\":\"https:\\\/\\\/anivet.lt\\\/elparduotuve\\\/produktas\\\/diafarm-urolsyn-pasta-gelis-nuo-akmenu-formavimosi-sunims-100g\\\/\",\"name\":\"Diafarm Urolsyn pasta-gelis nuo akmen\u0173 formavimosi \u0161unims 100g - anivet.lt\",\"isPartOf\":{\"@id\":\"https:\\\/\\\/anivet.lt\\\/elparduotuve\\\/#website\"},\"primaryImageOfPage\":{\"@id\":\"https:\\\/\\\/anivet.lt\\\/elparduotuve\\\/produktas\\\/diafarm-urolsyn-pasta-gelis-nuo-akmenu-formavimosi-sunims-100g\\\/#primaryimage\"},\"image\":{\"@id\":\"https:\\\/\\\/anivet.lt\\\/elparduotuve\\\/produktas\\\/diafarm-urolsyn-pasta-gelis-nuo-akmenu-formavimosi-sunims-100g\\\/#primaryimage\"},\"thumbnailUrl\":\"https:\\\/\\\/anivet.lt\\\/elparduotuve\\\/wp-content\\\/uploads\\\/2024\\\/11\\\/dog.jpg\",\"datePublished\":\"2024-11-08T12:03:53+00:00\",\"dateModified\":\"2025-08-06T19:29:57+00:00\",\"description\":\"Maisto papildas, specialiai sukurtas \u0161unims, siekiant pad\u0117ti tirpdyti struvitinius akmenis ir u\u017ekirsti keli\u0105 j\u0173 formavimuisi. Produktas taip pat naudingas ilgalaikiam inkst\u0173 funkcijos palaikymui.\",\"breadcrumb\":{\"@id\":\"https:\\\/\\\/anivet.lt\\\/elparduotuve\\\/produktas\\\/diafarm-urolsyn-pasta-gelis-nuo-akmenu-formavimosi-sunims-100g\\\/#breadcrumb\"},\"inLanguage\":\"lt-LT\",\"potentialAction\":[{\"@type\":\"ReadAction\",\"target\":[\"https:\\\/\\\/anivet.lt\\\/elparduotuve\\\/produktas\\\/diafarm-urolsyn-pasta-gelis-nuo-akmenu-formavimosi-sunims-100g\\\/\"]}]},{\"@type\":\"ImageObject\",\"inLanguage\":\"lt-LT\",\"@id\":\"https:\\\/\\\/anivet.lt\\\/elparduotuve\\\/produktas\\\/diafarm-urolsyn-pasta-gelis-nuo-akmenu-formavimosi-sunims-100g\\\/#primaryimage\",\"url\":\"https:\\\/\\\/anivet.lt\\\/elparduotuve\\\/wp-content\\\/uploads\\\/2024\\\/11\\\/dog.jpg\",\"contentUrl\":\"https:\\\/\\\/anivet.lt\\\/elparduotuve\\\/wp-content\\\/uploads\\\/2024\\\/11\\\/dog.jpg\",\"width\":400,\"height\":400,\"caption\":\"Diafarm Urolsyn pasta-gelis nuo akmen\u0173 formavimosi \u0161unims 100g\"},{\"@type\":\"BreadcrumbList\",\"@id\":\"https:\\\/\\\/anivet.lt\\\/elparduotuve\\\/produktas\\\/diafarm-urolsyn-pasta-gelis-nuo-akmenu-formavimosi-sunims-100g\\\/#breadcrumb\",\"itemListElement\":[{\"@type\":\"ListItem\",\"position\":1,\"name\":\"Home\",\"item\":\"https:\\\/\\\/anivet.lt\\\/elparduotuve\\\/\"},{\"@type\":\"ListItem\",\"position\":2,\"name\":\"Produktai\",\"item\":\"https:\\\/\\\/anivet.lt\\\/elparduotuve\\\/produktai\\\/\"},{\"@type\":\"ListItem\",\"position\":3,\"name\":\"Diafarm Urolsyn pasta-gelis nuo akmen\u0173 formavimosi \u0161unims 100g\"}]},{\"@type\":\"WebSite\",\"@id\":\"https:\\\/\\\/anivet.lt\\\/elparduotuve\\\/#website\",\"url\":\"https:\\\/\\\/anivet.lt\\\/elparduotuve\\\/\",\"name\":\"anivet.lt\",\"description\":\"Viskas J\u016bs\u0173 \u0161uns, kat\u0117s prie\u017ei\u016brai\",\"publisher\":{\"@id\":\"https:\\\/\\\/anivet.lt\\\/elparduotuve\\\/#organization\"},\"alternateName\":\"Viskas J\u016bs\u0173 \u0161uns, kat\u0117s prie\u017ei\u016brai\",\"potentialAction\":[{\"@type\":\"SearchAction\",\"target\":{\"@type\":\"EntryPoint\",\"urlTemplate\":\"https:\\\/\\\/anivet.lt\\\/elparduotuve\\\/?s={search_term_string}\"},\"query-input\":{\"@type\":\"PropertyValueSpecification\",\"valueRequired\":true,\"valueName\":\"search_term_string\"}}],\"inLanguage\":\"lt-LT\"},{\"@type\":\"Organization\",\"@id\":\"https:\\\/\\\/anivet.lt\\\/elparduotuve\\\/#organization\",\"name\":\"Viskas J\u016bs\u0173 \u0161uns, kat\u0117s prie\u017ei\u016brai\",\"url\":\"https:\\\/\\\/anivet.lt\\\/elparduotuve\\\/\",\"logo\":{\"@type\":\"ImageObject\",\"inLanguage\":\"lt-LT\",\"@id\":\"https:\\\/\\\/anivet.lt\\\/elparduotuve\\\/#\\\/schema\\\/logo\\\/image\\\/\",\"url\":\"https:\\\/\\\/anivet.lt\\\/elparduotuve\\\/wp-content\\\/uploads\\\/2023\\\/06\\\/logo2.jpg\",\"contentUrl\":\"https:\\\/\\\/anivet.lt\\\/elparduotuve\\\/wp-content\\\/uploads\\\/2023\\\/06\\\/logo2.jpg\",\"width\":655,\"height\":194,\"caption\":\"Viskas J\u016bs\u0173 \u0161uns, kat\u0117s prie\u017ei\u016brai\"},\"image\":{\"@id\":\"https:\\\/\\\/anivet.lt\\\/elparduotuve\\\/#\\\/schema\\\/logo\\\/image\\\/\"}}]}<\/script>\n<!-- \/ Yoast SEO Premium plugin. -->","yoast_head_json":{"title":"Diafarm Urolsyn pasta-gelis nuo akmen\u0173 formavimosi \u0161unims 100g - anivet.lt","description":"Maisto papildas, specialiai sukurtas \u0161unims, siekiant pad\u0117ti tirpdyti struvitinius akmenis ir u\u017ekirsti keli\u0105 j\u0173 formavimuisi. Produktas taip pat naudingas ilgalaikiam inkst\u0173 funkcijos palaikymui.","robots":{"index":"index","follow":"follow","max-snippet":"max-snippet:-1","max-image-preview":"max-image-preview:large","max-video-preview":"max-video-preview:-1"},"canonical":"https:\/\/anivet.lt\/elparduotuve\/produktas\/diafarm-urolsyn-pasta-gelis-nuo-akmenu-formavimosi-sunims-100g\/","og_locale":"lt_LT","og_type":"article","og_title":"Diafarm Urolsyn pasta-gelis nuo akmen\u0173 formavimosi \u0161unims 100g","og_description":"Maisto papildas, specialiai sukurtas \u0161unims, siekiant pad\u0117ti tirpdyti struvitinius akmenis ir u\u017ekirsti keli\u0105 j\u0173 formavimuisi. Produktas taip pat naudingas ilgalaikiam inkst\u0173 funkcijos palaikymui.","og_url":"https:\/\/anivet.lt\/elparduotuve\/produktas\/diafarm-urolsyn-pasta-gelis-nuo-akmenu-formavimosi-sunims-100g\/","og_site_name":"anivet.lt","article_modified_time":"2025-08-06T19:29:57+00:00","og_image":[{"width":400,"height":400,"url":"https:\/\/anivet.lt\/elparduotuve\/wp-content\/uploads\/2024\/11\/dog.jpg","type":"image\/jpeg"}],"twitter_card":"summary_large_image","twitter_misc":{"Est. reading time":"1 minut\u0117"},"schema":{"@context":"https:\/\/schema.org","@graph":[{"@type":"WebPage","@id":"https:\/\/anivet.lt\/elparduotuve\/produktas\/diafarm-urolsyn-pasta-gelis-nuo-akmenu-formavimosi-sunims-100g\/","url":"https:\/\/anivet.lt\/elparduotuve\/produktas\/diafarm-urolsyn-pasta-gelis-nuo-akmenu-formavimosi-sunims-100g\/","name":"Diafarm Urolsyn pasta-gelis nuo akmen\u0173 formavimosi \u0161unims 100g - anivet.lt","isPartOf":{"@id":"https:\/\/anivet.lt\/elparduotuve\/#website"},"primaryImageOfPage":{"@id":"https:\/\/anivet.lt\/elparduotuve\/produktas\/diafarm-urolsyn-pasta-gelis-nuo-akmenu-formavimosi-sunims-100g\/#primaryimage"},"image":{"@id":"https:\/\/anivet.lt\/elparduotuve\/produktas\/diafarm-urolsyn-pasta-gelis-nuo-akmenu-formavimosi-sunims-100g\/#primaryimage"},"thumbnailUrl":"https:\/\/anivet.lt\/elparduotuve\/wp-content\/uploads\/2024\/11\/dog.jpg","datePublished":"2024-11-08T12:03:53+00:00","dateModified":"2025-08-06T19:29:57+00:00","description":"Maisto papildas, specialiai sukurtas \u0161unims, siekiant pad\u0117ti tirpdyti struvitinius akmenis ir u\u017ekirsti keli\u0105 j\u0173 formavimuisi. Produktas taip pat naudingas ilgalaikiam inkst\u0173 funkcijos palaikymui.","breadcrumb":{"@id":"https:\/\/anivet.lt\/elparduotuve\/produktas\/diafarm-urolsyn-pasta-gelis-nuo-akmenu-formavimosi-sunims-100g\/#breadcrumb"},"inLanguage":"lt-LT","potentialAction":[{"@type":"ReadAction","target":["https:\/\/anivet.lt\/elparduotuve\/produktas\/diafarm-urolsyn-pasta-gelis-nuo-akmenu-formavimosi-sunims-100g\/"]}]},{"@type":"ImageObject","inLanguage":"lt-LT","@id":"https:\/\/anivet.lt\/elparduotuve\/produktas\/diafarm-urolsyn-pasta-gelis-nuo-akmenu-formavimosi-sunims-100g\/#primaryimage","url":"https:\/\/anivet.lt\/elparduotuve\/wp-content\/uploads\/2024\/11\/dog.jpg","contentUrl":"https:\/\/anivet.lt\/elparduotuve\/wp-content\/uploads\/2024\/11\/dog.jpg","width":400,"height":400,"caption":"Diafarm Urolsyn pasta-gelis nuo akmen\u0173 formavimosi \u0161unims 100g"},{"@type":"BreadcrumbList","@id":"https:\/\/anivet.lt\/elparduotuve\/produktas\/diafarm-urolsyn-pasta-gelis-nuo-akmenu-formavimosi-sunims-100g\/#breadcrumb","itemListElement":[{"@type":"ListItem","position":1,"name":"Home","item":"https:\/\/anivet.lt\/elparduotuve\/"},{"@type":"ListItem","position":2,"name":"Produktai","item":"https:\/\/anivet.lt\/elparduotuve\/produktai\/"},{"@type":"ListItem","position":3,"name":"Diafarm Urolsyn pasta-gelis nuo akmen\u0173 formavimosi \u0161unims 100g"}]},{"@type":"WebSite","@id":"https:\/\/anivet.lt\/elparduotuve\/#website","url":"https:\/\/anivet.lt\/elparduotuve\/","name":"anivet.lt","description":"Viskas J\u016bs\u0173 \u0161uns, kat\u0117s prie\u017ei\u016brai","publisher":{"@id":"https:\/\/anivet.lt\/elparduotuve\/#organization"},"alternateName":"Viskas J\u016bs\u0173 \u0161uns, kat\u0117s prie\u017ei\u016brai","potentialAction":[{"@type":"SearchAction","target":{"@type":"EntryPoint","urlTemplate":"https:\/\/anivet.lt\/elparduotuve\/?s={search_term_string}"},"query-input":{"@type":"PropertyValueSpecification","valueRequired":true,"valueName":"search_term_string"}}],"inLanguage":"lt-LT"},{"@type":"Organization","@id":"https:\/\/anivet.lt\/elparduotuve\/#organization","name":"Viskas J\u016bs\u0173 \u0161uns, kat\u0117s prie\u017ei\u016brai","url":"https:\/\/anivet.lt\/elparduotuve\/","logo":{"@type":"ImageObject","inLanguage":"lt-LT","@id":"https:\/\/anivet.lt\/elparduotuve\/#\/schema\/logo\/image\/","url":"https:\/\/anivet.lt\/elparduotuve\/wp-content\/uploads\/2023\/06\/logo2.jpg","contentUrl":"https:\/\/anivet.lt\/elparduotuve\/wp-content\/uploads\/2023\/06\/logo2.jpg","width":655,"height":194,"caption":"Viskas J\u016bs\u0173 \u0161uns, kat\u0117s prie\u017ei\u016brai"},"image":{"@id":"https:\/\/anivet.lt\/elparduotuve\/#\/schema\/logo\/image\/"}}]}},"_links":{"self":[{"href":"https:\/\/anivet.lt\/elparduotuve\/wp-json\/wp\/v2\/product\/15062","targetHints":{"allow":["GET"]}}],"collection":[{"href":"https:\/\/anivet.lt\/elparduotuve\/wp-json\/wp\/v2\/product"}],"about":[{"href":"https:\/\/anivet.lt\/elparduotuve\/wp-json\/wp\/v2\/types\/product"}],"wp:featuredmedia":[{"embeddable":true,"href":"https:\/\/anivet.lt\/elparduotuve\/wp-json\/wp\/v2\/media\/15063"}],"wp:attachment":[{"href":"https:\/\/anivet.lt\/elparduotuve\/wp-json\/wp\/v2\/media?parent=15062"}],"wp:term":[{"taxonomy":"product_brand","embeddable":true,"href":"https:\/\/anivet.lt\/elparduotuve\/wp-json\/wp\/v2\/product_brand?post=15062"},{"taxonomy":"product_cat","embeddable":true,"href":"https:\/\/anivet.lt\/elparduotuve\/wp-json\/wp\/v2\/product_cat?post=15062"},{"taxonomy":"product_tag","embeddable":true,"href":"https:\/\/anivet.lt\/elparduotuve\/wp-json\/wp\/v2\/product_tag?post=15062"}],"curies":[{"name":"wp","href":"https:\/\/api.w.org\/{rel}","templated":true}]}}