{"id":15075,"date":"2024-11-09T09:11:39","date_gmt":"2024-11-09T09:11:39","guid":{"rendered":"https:\/\/anivet.lt\/elparduotuve\/?post_type=product&#038;p=15075"},"modified":"2026-02-27T11:02:52","modified_gmt":"2026-02-27T11:02:52","slug":"pet-remedy-purskalas-200-ml","status":"publish","type":"product","link":"https:\/\/anivet.lt\/elparduotuve\/produktas\/pet-remedy-purskalas-200-ml\/","title":{"rendered":"Pet Remedy raminantis pur\u0161kalas 200 ml"},"content":{"rendered":"<ul>\n<li style=\"font-weight: 400;\" aria-level=\"1\"><span style=\"font-weight: 400;\">Nat\u016brali sud\u0117tis: Valerijono, vetiverijos, sald\u017ei\u0173j\u0173 bazilik\u0173 ir \u0161alavijo eteriniai aliejai u\u017etikrina \u0161veln\u0173 raminam\u0105j\u012f poveik\u012f.<\/span><\/li>\n<li style=\"font-weight: 400;\" aria-level=\"1\"><span style=\"font-weight: 400;\">Platus pritaikymas: Tinka kat\u0117ms, \u0161unims, triu\u0161iams, grau\u017eikams, pauk\u0161\u010diams ir net arkliams.<\/span><\/li>\n<li style=\"font-weight: 400;\" aria-level=\"1\"><span style=\"font-weight: 400;\">Greitas veikimas: Pur\u0161kalas pradeda veikti vos per kelias minutes.<\/span><\/li>\n<li style=\"font-weight: 400;\" aria-level=\"1\"><span style=\"font-weight: 400;\">Saugus naudojimas: Neutralus pH, tinkamas naudoti ant tekstil\u0117s, drabu\u017ei\u0173, gyv\u016bno kailio ar odos.<\/span><\/li>\n<li style=\"font-weight: 400;\" aria-level=\"1\"><span style=\"font-weight: 400;\">Patogus naudojimas: Galima naudoti automobilyje, tvarte, namuose ar keliaujant; pur\u0161kiama ant pavir\u0161i\u0173 arba \u0161velniai \u012ftrinama.<\/span><\/li>\n<\/ul>\n<p><span style=\"font-weight: 400;\">Puikus pasirinkimas stres\u0105 ar nerim\u0105 patiriantiems augintiniams. Tai nat\u016brali ir veiksminga pagalba \u012fvairiose situacijose \u2013 nuo triuk\u0161mo ir kelioni\u0173 iki poky\u010di\u0173 nam\u0173 aplinkoje.<\/span><\/p>\n","protected":false},"excerpt":{"rendered":"<p><span style=\"font-weight: 400;\">Raminantis pur\u0161kalas \u2013 efektyvi priemon\u0117, padedanti suma\u017einti stres\u0105 ir nerim\u0105 gyv\u016bnams. Sud\u0117tyje yra augalini\u0173 eterini\u0173 aliej\u0173, kurie veikia nat\u016bralius nerv\u0173 sistemos procesus, pad\u0117dami augintiniams nurimti ir jaustis ramiau.<\/span><\/p>\n","protected":false},"featured_media":15076,"template":"","meta":[],"product_brand":[],"product_cat":[101,102,113,124],"product_tag":[],"class_list":{"0":"post-15075","1":"product","2":"type-product","3":"status-publish","4":"has-post-thumbnail","6":"product_cat-sunims","7":"product_cat-katems","8":"product_cat-vitaminai-ir-papildai","9":"product_cat-vitaminai-ir-papildai-katems","10":"pa_prekinis-zenklas-biofarm","12":"first","13":"instock","14":"taxable","15":"shipping-taxable","16":"purchasable","17":"product-type-simple"},"yoast_head":"<!-- This site is optimized with the Yoast SEO Premium plugin v27.1 (Yoast SEO v27.5) - https:\/\/yoast.com\/product\/yoast-seo-premium-wordpress\/ -->\n<title>Pet Remedy raminantis pur\u0161kalas 200 ml - anivet.lt<\/title>\n<meta name=\"description\" content=\"Raminantis pur\u0161kalas \u2013 efektyvi priemon\u0117, padedanti suma\u017einti stres\u0105 ir nerim\u0105 gyv\u016bnams. Sud\u0117tyje yra augalini\u0173 eterini\u0173 aliej\u0173, kurie veikia nat\u016bralius nerv\u0173 sistemos procesus, pad\u0117dami augintiniams nurimti ir jaustis ramiau.\" \/>\n<meta name=\"robots\" content=\"index, follow, max-snippet:-1, max-image-preview:large, max-video-preview:-1\" \/>\n<link rel=\"canonical\" href=\"https:\/\/anivet.lt\/elparduotuve\/produktas\/pet-remedy-purskalas-200-ml\/\" \/>\n<meta property=\"og:locale\" content=\"lt_LT\" \/>\n<meta property=\"og:type\" content=\"article\" \/>\n<meta property=\"og:title\" content=\"Pet Remedy raminantis pur\u0161kalas 200 ml\" \/>\n<meta property=\"og:description\" content=\"Raminantis pur\u0161kalas \u2013 efektyvi priemon\u0117, padedanti suma\u017einti stres\u0105 ir nerim\u0105 gyv\u016bnams. Sud\u0117tyje yra augalini\u0173 eterini\u0173 aliej\u0173, kurie veikia nat\u016bralius nerv\u0173 sistemos procesus, pad\u0117dami augintiniams nurimti ir jaustis ramiau.\" \/>\n<meta property=\"og:url\" content=\"https:\/\/anivet.lt\/elparduotuve\/produktas\/pet-remedy-purskalas-200-ml\/\" \/>\n<meta property=\"og:site_name\" content=\"anivet.lt\" \/>\n<meta property=\"article:modified_time\" content=\"2026-02-27T11:02:52+00:00\" \/>\n<meta property=\"og:image\" content=\"https:\/\/anivet.lt\/elparduotuve\/wp-content\/uploads\/2024\/11\/pet-remedy.jpg\" \/>\n\t<meta property=\"og:image:width\" content=\"400\" \/>\n\t<meta property=\"og:image:height\" content=\"400\" \/>\n\t<meta property=\"og:image:type\" content=\"image\/jpeg\" \/>\n<meta name=\"twitter:card\" content=\"summary_large_image\" \/>\n<meta name=\"twitter:label1\" content=\"Est. reading time\" \/>\n\t<meta name=\"twitter:data1\" content=\"1 minut\u0117\" \/>\n<script type=\"application\/ld+json\" class=\"yoast-schema-graph\">{\"@context\":\"https:\\\/\\\/schema.org\",\"@graph\":[{\"@type\":\"WebPage\",\"@id\":\"https:\\\/\\\/anivet.lt\\\/elparduotuve\\\/produktas\\\/pet-remedy-purskalas-200-ml\\\/\",\"url\":\"https:\\\/\\\/anivet.lt\\\/elparduotuve\\\/produktas\\\/pet-remedy-purskalas-200-ml\\\/\",\"name\":\"Pet Remedy raminantis pur\u0161kalas 200 ml - anivet.lt\",\"isPartOf\":{\"@id\":\"https:\\\/\\\/anivet.lt\\\/elparduotuve\\\/#website\"},\"primaryImageOfPage\":{\"@id\":\"https:\\\/\\\/anivet.lt\\\/elparduotuve\\\/produktas\\\/pet-remedy-purskalas-200-ml\\\/#primaryimage\"},\"image\":{\"@id\":\"https:\\\/\\\/anivet.lt\\\/elparduotuve\\\/produktas\\\/pet-remedy-purskalas-200-ml\\\/#primaryimage\"},\"thumbnailUrl\":\"https:\\\/\\\/anivet.lt\\\/elparduotuve\\\/wp-content\\\/uploads\\\/2024\\\/11\\\/pet-remedy.jpg\",\"datePublished\":\"2024-11-09T09:11:39+00:00\",\"dateModified\":\"2026-02-27T11:02:52+00:00\",\"description\":\"Raminantis pur\u0161kalas \u2013 efektyvi priemon\u0117, padedanti suma\u017einti stres\u0105 ir nerim\u0105 gyv\u016bnams. Sud\u0117tyje yra augalini\u0173 eterini\u0173 aliej\u0173, kurie veikia nat\u016bralius nerv\u0173 sistemos procesus, pad\u0117dami augintiniams nurimti ir jaustis ramiau.\",\"breadcrumb\":{\"@id\":\"https:\\\/\\\/anivet.lt\\\/elparduotuve\\\/produktas\\\/pet-remedy-purskalas-200-ml\\\/#breadcrumb\"},\"inLanguage\":\"lt-LT\",\"potentialAction\":[{\"@type\":\"ReadAction\",\"target\":[\"https:\\\/\\\/anivet.lt\\\/elparduotuve\\\/produktas\\\/pet-remedy-purskalas-200-ml\\\/\"]}]},{\"@type\":\"ImageObject\",\"inLanguage\":\"lt-LT\",\"@id\":\"https:\\\/\\\/anivet.lt\\\/elparduotuve\\\/produktas\\\/pet-remedy-purskalas-200-ml\\\/#primaryimage\",\"url\":\"https:\\\/\\\/anivet.lt\\\/elparduotuve\\\/wp-content\\\/uploads\\\/2024\\\/11\\\/pet-remedy.jpg\",\"contentUrl\":\"https:\\\/\\\/anivet.lt\\\/elparduotuve\\\/wp-content\\\/uploads\\\/2024\\\/11\\\/pet-remedy.jpg\",\"width\":400,\"height\":400,\"caption\":\"Pet Remedy raminantis pur\u0161kalas 200 ml\"},{\"@type\":\"BreadcrumbList\",\"@id\":\"https:\\\/\\\/anivet.lt\\\/elparduotuve\\\/produktas\\\/pet-remedy-purskalas-200-ml\\\/#breadcrumb\",\"itemListElement\":[{\"@type\":\"ListItem\",\"position\":1,\"name\":\"Home\",\"item\":\"https:\\\/\\\/anivet.lt\\\/elparduotuve\\\/\"},{\"@type\":\"ListItem\",\"position\":2,\"name\":\"Produktai\",\"item\":\"https:\\\/\\\/anivet.lt\\\/elparduotuve\\\/produktai\\\/\"},{\"@type\":\"ListItem\",\"position\":3,\"name\":\"Pet Remedy raminantis pur\u0161kalas 200 ml\"}]},{\"@type\":\"WebSite\",\"@id\":\"https:\\\/\\\/anivet.lt\\\/elparduotuve\\\/#website\",\"url\":\"https:\\\/\\\/anivet.lt\\\/elparduotuve\\\/\",\"name\":\"anivet.lt\",\"description\":\"Viskas J\u016bs\u0173 \u0161uns, kat\u0117s prie\u017ei\u016brai\",\"publisher\":{\"@id\":\"https:\\\/\\\/anivet.lt\\\/elparduotuve\\\/#organization\"},\"alternateName\":\"Viskas J\u016bs\u0173 \u0161uns, kat\u0117s prie\u017ei\u016brai\",\"potentialAction\":[{\"@type\":\"SearchAction\",\"target\":{\"@type\":\"EntryPoint\",\"urlTemplate\":\"https:\\\/\\\/anivet.lt\\\/elparduotuve\\\/?s={search_term_string}\"},\"query-input\":{\"@type\":\"PropertyValueSpecification\",\"valueRequired\":true,\"valueName\":\"search_term_string\"}}],\"inLanguage\":\"lt-LT\"},{\"@type\":\"Organization\",\"@id\":\"https:\\\/\\\/anivet.lt\\\/elparduotuve\\\/#organization\",\"name\":\"Viskas J\u016bs\u0173 \u0161uns, kat\u0117s prie\u017ei\u016brai\",\"url\":\"https:\\\/\\\/anivet.lt\\\/elparduotuve\\\/\",\"logo\":{\"@type\":\"ImageObject\",\"inLanguage\":\"lt-LT\",\"@id\":\"https:\\\/\\\/anivet.lt\\\/elparduotuve\\\/#\\\/schema\\\/logo\\\/image\\\/\",\"url\":\"https:\\\/\\\/anivet.lt\\\/elparduotuve\\\/wp-content\\\/uploads\\\/2023\\\/06\\\/logo2.jpg\",\"contentUrl\":\"https:\\\/\\\/anivet.lt\\\/elparduotuve\\\/wp-content\\\/uploads\\\/2023\\\/06\\\/logo2.jpg\",\"width\":655,\"height\":194,\"caption\":\"Viskas J\u016bs\u0173 \u0161uns, kat\u0117s prie\u017ei\u016brai\"},\"image\":{\"@id\":\"https:\\\/\\\/anivet.lt\\\/elparduotuve\\\/#\\\/schema\\\/logo\\\/image\\\/\"}}]}<\/script>\n<!-- \/ Yoast SEO Premium plugin. -->","yoast_head_json":{"title":"Pet Remedy raminantis pur\u0161kalas 200 ml - anivet.lt","description":"Raminantis pur\u0161kalas \u2013 efektyvi priemon\u0117, padedanti suma\u017einti stres\u0105 ir nerim\u0105 gyv\u016bnams. Sud\u0117tyje yra augalini\u0173 eterini\u0173 aliej\u0173, kurie veikia nat\u016bralius nerv\u0173 sistemos procesus, pad\u0117dami augintiniams nurimti ir jaustis ramiau.","robots":{"index":"index","follow":"follow","max-snippet":"max-snippet:-1","max-image-preview":"max-image-preview:large","max-video-preview":"max-video-preview:-1"},"canonical":"https:\/\/anivet.lt\/elparduotuve\/produktas\/pet-remedy-purskalas-200-ml\/","og_locale":"lt_LT","og_type":"article","og_title":"Pet Remedy raminantis pur\u0161kalas 200 ml","og_description":"Raminantis pur\u0161kalas \u2013 efektyvi priemon\u0117, padedanti suma\u017einti stres\u0105 ir nerim\u0105 gyv\u016bnams. Sud\u0117tyje yra augalini\u0173 eterini\u0173 aliej\u0173, kurie veikia nat\u016bralius nerv\u0173 sistemos procesus, pad\u0117dami augintiniams nurimti ir jaustis ramiau.","og_url":"https:\/\/anivet.lt\/elparduotuve\/produktas\/pet-remedy-purskalas-200-ml\/","og_site_name":"anivet.lt","article_modified_time":"2026-02-27T11:02:52+00:00","og_image":[{"width":400,"height":400,"url":"https:\/\/anivet.lt\/elparduotuve\/wp-content\/uploads\/2024\/11\/pet-remedy.jpg","type":"image\/jpeg"}],"twitter_card":"summary_large_image","twitter_misc":{"Est. reading time":"1 minut\u0117"},"schema":{"@context":"https:\/\/schema.org","@graph":[{"@type":"WebPage","@id":"https:\/\/anivet.lt\/elparduotuve\/produktas\/pet-remedy-purskalas-200-ml\/","url":"https:\/\/anivet.lt\/elparduotuve\/produktas\/pet-remedy-purskalas-200-ml\/","name":"Pet Remedy raminantis pur\u0161kalas 200 ml - anivet.lt","isPartOf":{"@id":"https:\/\/anivet.lt\/elparduotuve\/#website"},"primaryImageOfPage":{"@id":"https:\/\/anivet.lt\/elparduotuve\/produktas\/pet-remedy-purskalas-200-ml\/#primaryimage"},"image":{"@id":"https:\/\/anivet.lt\/elparduotuve\/produktas\/pet-remedy-purskalas-200-ml\/#primaryimage"},"thumbnailUrl":"https:\/\/anivet.lt\/elparduotuve\/wp-content\/uploads\/2024\/11\/pet-remedy.jpg","datePublished":"2024-11-09T09:11:39+00:00","dateModified":"2026-02-27T11:02:52+00:00","description":"Raminantis pur\u0161kalas \u2013 efektyvi priemon\u0117, padedanti suma\u017einti stres\u0105 ir nerim\u0105 gyv\u016bnams. Sud\u0117tyje yra augalini\u0173 eterini\u0173 aliej\u0173, kurie veikia nat\u016bralius nerv\u0173 sistemos procesus, pad\u0117dami augintiniams nurimti ir jaustis ramiau.","breadcrumb":{"@id":"https:\/\/anivet.lt\/elparduotuve\/produktas\/pet-remedy-purskalas-200-ml\/#breadcrumb"},"inLanguage":"lt-LT","potentialAction":[{"@type":"ReadAction","target":["https:\/\/anivet.lt\/elparduotuve\/produktas\/pet-remedy-purskalas-200-ml\/"]}]},{"@type":"ImageObject","inLanguage":"lt-LT","@id":"https:\/\/anivet.lt\/elparduotuve\/produktas\/pet-remedy-purskalas-200-ml\/#primaryimage","url":"https:\/\/anivet.lt\/elparduotuve\/wp-content\/uploads\/2024\/11\/pet-remedy.jpg","contentUrl":"https:\/\/anivet.lt\/elparduotuve\/wp-content\/uploads\/2024\/11\/pet-remedy.jpg","width":400,"height":400,"caption":"Pet Remedy raminantis pur\u0161kalas 200 ml"},{"@type":"BreadcrumbList","@id":"https:\/\/anivet.lt\/elparduotuve\/produktas\/pet-remedy-purskalas-200-ml\/#breadcrumb","itemListElement":[{"@type":"ListItem","position":1,"name":"Home","item":"https:\/\/anivet.lt\/elparduotuve\/"},{"@type":"ListItem","position":2,"name":"Produktai","item":"https:\/\/anivet.lt\/elparduotuve\/produktai\/"},{"@type":"ListItem","position":3,"name":"Pet Remedy raminantis pur\u0161kalas 200 ml"}]},{"@type":"WebSite","@id":"https:\/\/anivet.lt\/elparduotuve\/#website","url":"https:\/\/anivet.lt\/elparduotuve\/","name":"anivet.lt","description":"Viskas J\u016bs\u0173 \u0161uns, kat\u0117s prie\u017ei\u016brai","publisher":{"@id":"https:\/\/anivet.lt\/elparduotuve\/#organization"},"alternateName":"Viskas J\u016bs\u0173 \u0161uns, kat\u0117s prie\u017ei\u016brai","potentialAction":[{"@type":"SearchAction","target":{"@type":"EntryPoint","urlTemplate":"https:\/\/anivet.lt\/elparduotuve\/?s={search_term_string}"},"query-input":{"@type":"PropertyValueSpecification","valueRequired":true,"valueName":"search_term_string"}}],"inLanguage":"lt-LT"},{"@type":"Organization","@id":"https:\/\/anivet.lt\/elparduotuve\/#organization","name":"Viskas J\u016bs\u0173 \u0161uns, kat\u0117s prie\u017ei\u016brai","url":"https:\/\/anivet.lt\/elparduotuve\/","logo":{"@type":"ImageObject","inLanguage":"lt-LT","@id":"https:\/\/anivet.lt\/elparduotuve\/#\/schema\/logo\/image\/","url":"https:\/\/anivet.lt\/elparduotuve\/wp-content\/uploads\/2023\/06\/logo2.jpg","contentUrl":"https:\/\/anivet.lt\/elparduotuve\/wp-content\/uploads\/2023\/06\/logo2.jpg","width":655,"height":194,"caption":"Viskas J\u016bs\u0173 \u0161uns, kat\u0117s prie\u017ei\u016brai"},"image":{"@id":"https:\/\/anivet.lt\/elparduotuve\/#\/schema\/logo\/image\/"}}]}},"_links":{"self":[{"href":"https:\/\/anivet.lt\/elparduotuve\/wp-json\/wp\/v2\/product\/15075","targetHints":{"allow":["GET"]}}],"collection":[{"href":"https:\/\/anivet.lt\/elparduotuve\/wp-json\/wp\/v2\/product"}],"about":[{"href":"https:\/\/anivet.lt\/elparduotuve\/wp-json\/wp\/v2\/types\/product"}],"wp:featuredmedia":[{"embeddable":true,"href":"https:\/\/anivet.lt\/elparduotuve\/wp-json\/wp\/v2\/media\/15076"}],"wp:attachment":[{"href":"https:\/\/anivet.lt\/elparduotuve\/wp-json\/wp\/v2\/media?parent=15075"}],"wp:term":[{"taxonomy":"product_brand","embeddable":true,"href":"https:\/\/anivet.lt\/elparduotuve\/wp-json\/wp\/v2\/product_brand?post=15075"},{"taxonomy":"product_cat","embeddable":true,"href":"https:\/\/anivet.lt\/elparduotuve\/wp-json\/wp\/v2\/product_cat?post=15075"},{"taxonomy":"product_tag","embeddable":true,"href":"https:\/\/anivet.lt\/elparduotuve\/wp-json\/wp\/v2\/product_tag?post=15075"}],"curies":[{"name":"wp","href":"https:\/\/api.w.org\/{rel}","templated":true}]}}