{"id":15084,"date":"2024-11-10T21:34:44","date_gmt":"2024-11-10T21:34:44","guid":{"rendered":"https:\/\/anivet.lt\/elparduotuve\/?post_type=product&#038;p=15084"},"modified":"2025-10-21T17:31:18","modified_gmt":"2025-10-21T17:31:18","slug":"platinum-fit-bits-detox-skanestai-sunims-su-vistiena-150-g","status":"publish","type":"product","link":"https:\/\/anivet.lt\/elparduotuve\/produktas\/platinum-fit-bits-detox-skanestai-sunims-su-vistiena-150-g\/","title":{"rendered":"Platinum Fit-Bits Detox skan\u0117stai \u0161unims su vi\u0161tiena 150 g"},"content":{"rendered":"<ul>\n<li style=\"font-weight: 400;\" aria-level=\"1\"><span style=\"font-weight: 400;\">Auk\u0161tas vi\u0161tienos kiekis: Sud\u0117tyje yra net 73% \u0161vie\u017eios vi\u0161tienos, u\u017etikrinan\u010dios auk\u0161tos kokyb\u0117s baltymus.<\/span><\/li>\n<li style=\"font-weight: 400;\" aria-level=\"1\"><span style=\"font-weight: 400;\">Lengvas vir\u0161kinimas: Neapsunkina vir\u0161kinimo sistemos, nes nei\u0161brinksta skrandyje ir nesukelia pilvo p\u016btimo.<\/span><\/li>\n<li style=\"font-weight: 400;\" aria-level=\"1\"><span style=\"font-weight: 400;\">Detoksikacinis poveikis: Mi\u0161inys su da\u0161iu, pankoliais, ber\u017eo lapais, arti\u0161okais, krapais ir bazilikais padeda i\u0161valyti organizm\u0105.<\/span><\/li>\n<li style=\"font-weight: 400;\" aria-level=\"1\"><span style=\"font-weight: 400;\">Praturtinti omega-3: \u0160alto spaudimo la\u0161i\u0161\u0173 ir lin\u0173 s\u0117men\u0173 aliejai palaiko sveik\u0105 od\u0105 ir kail\u012f.<\/span><\/li>\n<li style=\"font-weight: 400;\" aria-level=\"1\"><span style=\"font-weight: 400;\">Nat\u016brali sud\u0117tis: Be dirbtini\u0173 pried\u0173, lengvai vir\u0161kinamas ir draugi\u0161kas jautriai \u0161un\u0173 mitybai.<\/span><\/li>\n<\/ul>\n<p><span style=\"font-weight: 400;\">\u0160ie skanukai yra ne tik sveiki, bet ir ypa\u010d skan\u016bs, tod\u0117l puikiai tiks kaip paskatinimas ar u\u017ekandis tarp valgym\u0173. Tinka naudoti kasdien, padedant j\u016bs\u0173 augintiniui jaustis geriau ir i\u0161laikyti gyvybingum\u0105.<\/span><\/p>\n","protected":false},"excerpt":{"rendered":"<p><span style=\"font-weight: 400;\">\u0160ie \u201eFit-Bits Detox\u201d skanukai yra puikus pasirinkimas \u0161unims, kuriems reikia papildomo palaikymo po gydymo, operacijos ar apsinuodijimo. Jie taip pat tinka jautriems \u0161unims, turintiems odos problem\u0173, alergij\u0173 ar netoleravim\u0173, ir u\u017etikrina \u0161veln\u0173, ta\u010diau veiksming\u0105 detoksikacij\u0105.<\/span><\/p>\n","protected":false},"featured_media":15085,"template":"","meta":[],"product_brand":[],"product_cat":[101,103,106,319],"product_tag":[],"class_list":{"0":"post-15084","1":"product","2":"type-product","3":"status-publish","4":"has-post-thumbnail","6":"product_cat-sunims","7":"product_cat-sunu-maistas","8":"product_cat-skanestai","9":"product_cat-platinum-sunu-maistas","10":"pa_prekinis-zenklas-platinum","12":"first","13":"instock","14":"taxable","15":"shipping-taxable","16":"purchasable","17":"product-type-simple"},"yoast_head":"<!-- This site is optimized with the Yoast SEO Premium plugin v27.1 (Yoast SEO v27.3) - https:\/\/yoast.com\/product\/yoast-seo-premium-wordpress\/ -->\n<title>Platinum Fit-Bits Detox skan\u0117stai \u0161unims su vi\u0161tiena 150 g - anivet.lt<\/title>\n<meta name=\"description\" content=\"\u0160ie \u201eFit-Bits Detox\u201d skanukai yra puikus pasirinkimas \u0161unims, kuriems reikia papildomo palaikymo po gydymo, operacijos ar apsinuodijimo. Jie taip pat tinka jautriems \u0161unims, turintiems odos problem\u0173, alergij\u0173 ar netoleravim\u0173, ir u\u017etikrina \u0161veln\u0173, ta\u010diau veiksming\u0105 detoksikacij\u0105.\" \/>\n<meta name=\"robots\" content=\"index, follow, max-snippet:-1, max-image-preview:large, max-video-preview:-1\" \/>\n<link rel=\"canonical\" href=\"https:\/\/anivet.lt\/elparduotuve\/produktas\/platinum-fit-bits-detox-skanestai-sunims-su-vistiena-150-g\/\" \/>\n<meta property=\"og:locale\" content=\"lt_LT\" \/>\n<meta property=\"og:type\" content=\"article\" \/>\n<meta property=\"og:title\" content=\"Platinum Fit-Bits Detox skan\u0117stai \u0161unims su vi\u0161tiena 150 g\" \/>\n<meta property=\"og:description\" content=\"\u0160ie \u201eFit-Bits Detox\u201d skanukai yra puikus pasirinkimas \u0161unims, kuriems reikia papildomo palaikymo po gydymo, operacijos ar apsinuodijimo. Jie taip pat tinka jautriems \u0161unims, turintiems odos problem\u0173, alergij\u0173 ar netoleravim\u0173, ir u\u017etikrina \u0161veln\u0173, ta\u010diau veiksming\u0105 detoksikacij\u0105.\" \/>\n<meta property=\"og:url\" content=\"https:\/\/anivet.lt\/elparduotuve\/produktas\/platinum-fit-bits-detox-skanestai-sunims-su-vistiena-150-g\/\" \/>\n<meta property=\"og:site_name\" content=\"anivet.lt\" \/>\n<meta property=\"article:modified_time\" content=\"2025-10-21T17:31:18+00:00\" \/>\n<meta property=\"og:image\" content=\"https:\/\/anivet.lt\/elparduotuve\/wp-content\/uploads\/2024\/11\/Platinum-Fit-Bits-Detox-skanestai-sunims-su-vistiena-150-g.png\" \/>\n\t<meta property=\"og:image:width\" content=\"650\" \/>\n\t<meta property=\"og:image:height\" content=\"650\" \/>\n\t<meta property=\"og:image:type\" content=\"image\/png\" \/>\n<meta name=\"twitter:card\" content=\"summary_large_image\" \/>\n<meta name=\"twitter:label1\" content=\"Est. reading time\" \/>\n\t<meta name=\"twitter:data1\" content=\"1 minut\u0117\" \/>\n<script type=\"application\/ld+json\" class=\"yoast-schema-graph\">{\"@context\":\"https:\\\/\\\/schema.org\",\"@graph\":[{\"@type\":\"WebPage\",\"@id\":\"https:\\\/\\\/anivet.lt\\\/elparduotuve\\\/produktas\\\/platinum-fit-bits-detox-skanestai-sunims-su-vistiena-150-g\\\/\",\"url\":\"https:\\\/\\\/anivet.lt\\\/elparduotuve\\\/produktas\\\/platinum-fit-bits-detox-skanestai-sunims-su-vistiena-150-g\\\/\",\"name\":\"Platinum Fit-Bits Detox skan\u0117stai \u0161unims su vi\u0161tiena 150 g - anivet.lt\",\"isPartOf\":{\"@id\":\"https:\\\/\\\/anivet.lt\\\/elparduotuve\\\/#website\"},\"primaryImageOfPage\":{\"@id\":\"https:\\\/\\\/anivet.lt\\\/elparduotuve\\\/produktas\\\/platinum-fit-bits-detox-skanestai-sunims-su-vistiena-150-g\\\/#primaryimage\"},\"image\":{\"@id\":\"https:\\\/\\\/anivet.lt\\\/elparduotuve\\\/produktas\\\/platinum-fit-bits-detox-skanestai-sunims-su-vistiena-150-g\\\/#primaryimage\"},\"thumbnailUrl\":\"https:\\\/\\\/anivet.lt\\\/elparduotuve\\\/wp-content\\\/uploads\\\/2024\\\/11\\\/Platinum-Fit-Bits-Detox-skanestai-sunims-su-vistiena-150-g.png\",\"datePublished\":\"2024-11-10T21:34:44+00:00\",\"dateModified\":\"2025-10-21T17:31:18+00:00\",\"description\":\"\u0160ie \u201eFit-Bits Detox\u201d skanukai yra puikus pasirinkimas \u0161unims, kuriems reikia papildomo palaikymo po gydymo, operacijos ar apsinuodijimo. Jie taip pat tinka jautriems \u0161unims, turintiems odos problem\u0173, alergij\u0173 ar netoleravim\u0173, ir u\u017etikrina \u0161veln\u0173, ta\u010diau veiksming\u0105 detoksikacij\u0105.\",\"breadcrumb\":{\"@id\":\"https:\\\/\\\/anivet.lt\\\/elparduotuve\\\/produktas\\\/platinum-fit-bits-detox-skanestai-sunims-su-vistiena-150-g\\\/#breadcrumb\"},\"inLanguage\":\"lt-LT\",\"potentialAction\":[{\"@type\":\"ReadAction\",\"target\":[\"https:\\\/\\\/anivet.lt\\\/elparduotuve\\\/produktas\\\/platinum-fit-bits-detox-skanestai-sunims-su-vistiena-150-g\\\/\"]}]},{\"@type\":\"ImageObject\",\"inLanguage\":\"lt-LT\",\"@id\":\"https:\\\/\\\/anivet.lt\\\/elparduotuve\\\/produktas\\\/platinum-fit-bits-detox-skanestai-sunims-su-vistiena-150-g\\\/#primaryimage\",\"url\":\"https:\\\/\\\/anivet.lt\\\/elparduotuve\\\/wp-content\\\/uploads\\\/2024\\\/11\\\/Platinum-Fit-Bits-Detox-skanestai-sunims-su-vistiena-150-g.png\",\"contentUrl\":\"https:\\\/\\\/anivet.lt\\\/elparduotuve\\\/wp-content\\\/uploads\\\/2024\\\/11\\\/Platinum-Fit-Bits-Detox-skanestai-sunims-su-vistiena-150-g.png\",\"width\":650,\"height\":650,\"caption\":\"Platinum Fit-Bits Detox skan\u0117stai \u0161unims su vi\u0161tiena 150 g\"},{\"@type\":\"BreadcrumbList\",\"@id\":\"https:\\\/\\\/anivet.lt\\\/elparduotuve\\\/produktas\\\/platinum-fit-bits-detox-skanestai-sunims-su-vistiena-150-g\\\/#breadcrumb\",\"itemListElement\":[{\"@type\":\"ListItem\",\"position\":1,\"name\":\"Home\",\"item\":\"https:\\\/\\\/anivet.lt\\\/elparduotuve\\\/\"},{\"@type\":\"ListItem\",\"position\":2,\"name\":\"Produktai\",\"item\":\"https:\\\/\\\/anivet.lt\\\/elparduotuve\\\/produktai\\\/\"},{\"@type\":\"ListItem\",\"position\":3,\"name\":\"Platinum Fit-Bits Detox skan\u0117stai \u0161unims su vi\u0161tiena 150 g\"}]},{\"@type\":\"WebSite\",\"@id\":\"https:\\\/\\\/anivet.lt\\\/elparduotuve\\\/#website\",\"url\":\"https:\\\/\\\/anivet.lt\\\/elparduotuve\\\/\",\"name\":\"anivet.lt\",\"description\":\"Viskas J\u016bs\u0173 \u0161uns, kat\u0117s prie\u017ei\u016brai\",\"publisher\":{\"@id\":\"https:\\\/\\\/anivet.lt\\\/elparduotuve\\\/#organization\"},\"alternateName\":\"Viskas J\u016bs\u0173 \u0161uns, kat\u0117s prie\u017ei\u016brai\",\"potentialAction\":[{\"@type\":\"SearchAction\",\"target\":{\"@type\":\"EntryPoint\",\"urlTemplate\":\"https:\\\/\\\/anivet.lt\\\/elparduotuve\\\/?s={search_term_string}\"},\"query-input\":{\"@type\":\"PropertyValueSpecification\",\"valueRequired\":true,\"valueName\":\"search_term_string\"}}],\"inLanguage\":\"lt-LT\"},{\"@type\":\"Organization\",\"@id\":\"https:\\\/\\\/anivet.lt\\\/elparduotuve\\\/#organization\",\"name\":\"Viskas J\u016bs\u0173 \u0161uns, kat\u0117s prie\u017ei\u016brai\",\"url\":\"https:\\\/\\\/anivet.lt\\\/elparduotuve\\\/\",\"logo\":{\"@type\":\"ImageObject\",\"inLanguage\":\"lt-LT\",\"@id\":\"https:\\\/\\\/anivet.lt\\\/elparduotuve\\\/#\\\/schema\\\/logo\\\/image\\\/\",\"url\":\"https:\\\/\\\/anivet.lt\\\/elparduotuve\\\/wp-content\\\/uploads\\\/2023\\\/06\\\/logo2.jpg\",\"contentUrl\":\"https:\\\/\\\/anivet.lt\\\/elparduotuve\\\/wp-content\\\/uploads\\\/2023\\\/06\\\/logo2.jpg\",\"width\":655,\"height\":194,\"caption\":\"Viskas J\u016bs\u0173 \u0161uns, kat\u0117s prie\u017ei\u016brai\"},\"image\":{\"@id\":\"https:\\\/\\\/anivet.lt\\\/elparduotuve\\\/#\\\/schema\\\/logo\\\/image\\\/\"}}]}<\/script>\n<!-- \/ Yoast SEO Premium plugin. -->","yoast_head_json":{"title":"Platinum Fit-Bits Detox skan\u0117stai \u0161unims su vi\u0161tiena 150 g - anivet.lt","description":"\u0160ie \u201eFit-Bits Detox\u201d skanukai yra puikus pasirinkimas \u0161unims, kuriems reikia papildomo palaikymo po gydymo, operacijos ar apsinuodijimo. Jie taip pat tinka jautriems \u0161unims, turintiems odos problem\u0173, alergij\u0173 ar netoleravim\u0173, ir u\u017etikrina \u0161veln\u0173, ta\u010diau veiksming\u0105 detoksikacij\u0105.","robots":{"index":"index","follow":"follow","max-snippet":"max-snippet:-1","max-image-preview":"max-image-preview:large","max-video-preview":"max-video-preview:-1"},"canonical":"https:\/\/anivet.lt\/elparduotuve\/produktas\/platinum-fit-bits-detox-skanestai-sunims-su-vistiena-150-g\/","og_locale":"lt_LT","og_type":"article","og_title":"Platinum Fit-Bits Detox skan\u0117stai \u0161unims su vi\u0161tiena 150 g","og_description":"\u0160ie \u201eFit-Bits Detox\u201d skanukai yra puikus pasirinkimas \u0161unims, kuriems reikia papildomo palaikymo po gydymo, operacijos ar apsinuodijimo. Jie taip pat tinka jautriems \u0161unims, turintiems odos problem\u0173, alergij\u0173 ar netoleravim\u0173, ir u\u017etikrina \u0161veln\u0173, ta\u010diau veiksming\u0105 detoksikacij\u0105.","og_url":"https:\/\/anivet.lt\/elparduotuve\/produktas\/platinum-fit-bits-detox-skanestai-sunims-su-vistiena-150-g\/","og_site_name":"anivet.lt","article_modified_time":"2025-10-21T17:31:18+00:00","og_image":[{"width":650,"height":650,"url":"https:\/\/anivet.lt\/elparduotuve\/wp-content\/uploads\/2024\/11\/Platinum-Fit-Bits-Detox-skanestai-sunims-su-vistiena-150-g.png","type":"image\/png"}],"twitter_card":"summary_large_image","twitter_misc":{"Est. reading time":"1 minut\u0117"},"schema":{"@context":"https:\/\/schema.org","@graph":[{"@type":"WebPage","@id":"https:\/\/anivet.lt\/elparduotuve\/produktas\/platinum-fit-bits-detox-skanestai-sunims-su-vistiena-150-g\/","url":"https:\/\/anivet.lt\/elparduotuve\/produktas\/platinum-fit-bits-detox-skanestai-sunims-su-vistiena-150-g\/","name":"Platinum Fit-Bits Detox skan\u0117stai \u0161unims su vi\u0161tiena 150 g - anivet.lt","isPartOf":{"@id":"https:\/\/anivet.lt\/elparduotuve\/#website"},"primaryImageOfPage":{"@id":"https:\/\/anivet.lt\/elparduotuve\/produktas\/platinum-fit-bits-detox-skanestai-sunims-su-vistiena-150-g\/#primaryimage"},"image":{"@id":"https:\/\/anivet.lt\/elparduotuve\/produktas\/platinum-fit-bits-detox-skanestai-sunims-su-vistiena-150-g\/#primaryimage"},"thumbnailUrl":"https:\/\/anivet.lt\/elparduotuve\/wp-content\/uploads\/2024\/11\/Platinum-Fit-Bits-Detox-skanestai-sunims-su-vistiena-150-g.png","datePublished":"2024-11-10T21:34:44+00:00","dateModified":"2025-10-21T17:31:18+00:00","description":"\u0160ie \u201eFit-Bits Detox\u201d skanukai yra puikus pasirinkimas \u0161unims, kuriems reikia papildomo palaikymo po gydymo, operacijos ar apsinuodijimo. Jie taip pat tinka jautriems \u0161unims, turintiems odos problem\u0173, alergij\u0173 ar netoleravim\u0173, ir u\u017etikrina \u0161veln\u0173, ta\u010diau veiksming\u0105 detoksikacij\u0105.","breadcrumb":{"@id":"https:\/\/anivet.lt\/elparduotuve\/produktas\/platinum-fit-bits-detox-skanestai-sunims-su-vistiena-150-g\/#breadcrumb"},"inLanguage":"lt-LT","potentialAction":[{"@type":"ReadAction","target":["https:\/\/anivet.lt\/elparduotuve\/produktas\/platinum-fit-bits-detox-skanestai-sunims-su-vistiena-150-g\/"]}]},{"@type":"ImageObject","inLanguage":"lt-LT","@id":"https:\/\/anivet.lt\/elparduotuve\/produktas\/platinum-fit-bits-detox-skanestai-sunims-su-vistiena-150-g\/#primaryimage","url":"https:\/\/anivet.lt\/elparduotuve\/wp-content\/uploads\/2024\/11\/Platinum-Fit-Bits-Detox-skanestai-sunims-su-vistiena-150-g.png","contentUrl":"https:\/\/anivet.lt\/elparduotuve\/wp-content\/uploads\/2024\/11\/Platinum-Fit-Bits-Detox-skanestai-sunims-su-vistiena-150-g.png","width":650,"height":650,"caption":"Platinum Fit-Bits Detox skan\u0117stai \u0161unims su vi\u0161tiena 150 g"},{"@type":"BreadcrumbList","@id":"https:\/\/anivet.lt\/elparduotuve\/produktas\/platinum-fit-bits-detox-skanestai-sunims-su-vistiena-150-g\/#breadcrumb","itemListElement":[{"@type":"ListItem","position":1,"name":"Home","item":"https:\/\/anivet.lt\/elparduotuve\/"},{"@type":"ListItem","position":2,"name":"Produktai","item":"https:\/\/anivet.lt\/elparduotuve\/produktai\/"},{"@type":"ListItem","position":3,"name":"Platinum Fit-Bits Detox skan\u0117stai \u0161unims su vi\u0161tiena 150 g"}]},{"@type":"WebSite","@id":"https:\/\/anivet.lt\/elparduotuve\/#website","url":"https:\/\/anivet.lt\/elparduotuve\/","name":"anivet.lt","description":"Viskas J\u016bs\u0173 \u0161uns, kat\u0117s prie\u017ei\u016brai","publisher":{"@id":"https:\/\/anivet.lt\/elparduotuve\/#organization"},"alternateName":"Viskas J\u016bs\u0173 \u0161uns, kat\u0117s prie\u017ei\u016brai","potentialAction":[{"@type":"SearchAction","target":{"@type":"EntryPoint","urlTemplate":"https:\/\/anivet.lt\/elparduotuve\/?s={search_term_string}"},"query-input":{"@type":"PropertyValueSpecification","valueRequired":true,"valueName":"search_term_string"}}],"inLanguage":"lt-LT"},{"@type":"Organization","@id":"https:\/\/anivet.lt\/elparduotuve\/#organization","name":"Viskas J\u016bs\u0173 \u0161uns, kat\u0117s prie\u017ei\u016brai","url":"https:\/\/anivet.lt\/elparduotuve\/","logo":{"@type":"ImageObject","inLanguage":"lt-LT","@id":"https:\/\/anivet.lt\/elparduotuve\/#\/schema\/logo\/image\/","url":"https:\/\/anivet.lt\/elparduotuve\/wp-content\/uploads\/2023\/06\/logo2.jpg","contentUrl":"https:\/\/anivet.lt\/elparduotuve\/wp-content\/uploads\/2023\/06\/logo2.jpg","width":655,"height":194,"caption":"Viskas J\u016bs\u0173 \u0161uns, kat\u0117s prie\u017ei\u016brai"},"image":{"@id":"https:\/\/anivet.lt\/elparduotuve\/#\/schema\/logo\/image\/"}}]}},"_links":{"self":[{"href":"https:\/\/anivet.lt\/elparduotuve\/wp-json\/wp\/v2\/product\/15084","targetHints":{"allow":["GET"]}}],"collection":[{"href":"https:\/\/anivet.lt\/elparduotuve\/wp-json\/wp\/v2\/product"}],"about":[{"href":"https:\/\/anivet.lt\/elparduotuve\/wp-json\/wp\/v2\/types\/product"}],"wp:featuredmedia":[{"embeddable":true,"href":"https:\/\/anivet.lt\/elparduotuve\/wp-json\/wp\/v2\/media\/15085"}],"wp:attachment":[{"href":"https:\/\/anivet.lt\/elparduotuve\/wp-json\/wp\/v2\/media?parent=15084"}],"wp:term":[{"taxonomy":"product_brand","embeddable":true,"href":"https:\/\/anivet.lt\/elparduotuve\/wp-json\/wp\/v2\/product_brand?post=15084"},{"taxonomy":"product_cat","embeddable":true,"href":"https:\/\/anivet.lt\/elparduotuve\/wp-json\/wp\/v2\/product_cat?post=15084"},{"taxonomy":"product_tag","embeddable":true,"href":"https:\/\/anivet.lt\/elparduotuve\/wp-json\/wp\/v2\/product_tag?post=15084"}],"curies":[{"name":"wp","href":"https:\/\/api.w.org\/{rel}","templated":true}]}}