{"id":15108,"date":"2024-11-12T09:26:15","date_gmt":"2024-11-12T09:26:15","guid":{"rendered":"https:\/\/anivet.lt\/elparduotuve\/?post_type=product&#038;p=15108"},"modified":"2025-05-27T13:30:40","modified_gmt":"2025-05-27T13:30:40","slug":"calibra-vd-dog-snack-urinary-care120g-skanestai-sunims","status":"publish","type":"product","link":"https:\/\/anivet.lt\/elparduotuve\/produktas\/calibra-vd-dog-snack-urinary-care120g-skanestai-sunims\/","title":{"rendered":"CALIBRA VD Dog snack Urinary care 120g skan\u0117stai \u0161unims"},"content":{"rendered":"<ul>\n<li style=\"font-weight: 400;\" aria-level=\"1\"><span style=\"font-weight: 400;\">\u0160lapimo sistemos palaikymas: L-metioninas (2000 mg\/kg) padeda reguliuoti \u0161lapimo pH, o tai prisideda prie struvitini\u0173 akmen\u0173 i\u0161tirpinimo ir j\u0173 pasikartojimo prevencijos.<\/span><\/li>\n<li style=\"font-weight: 400;\" aria-level=\"1\"><span style=\"font-weight: 400;\">Nat\u016bral\u016bs ingredientai: Brukn\u0117s, dilg\u0117l\u0117s ir \u017eema\u016bgio er\u0161k\u0117\u010dio \u0161aknis turi diuretik\u0173 ir antioksidacini\u0173 savybi\u0173, palaikan\u010di\u0173 \u0161lapimo sistemos sveikat\u0105.<\/span><\/li>\n<li style=\"font-weight: 400;\" aria-level=\"1\"><span style=\"font-weight: 400;\">Kolageno nauda: Hidrolizuotas kolagenas (tipas I) palaiko bendr\u0105 audini\u0173 elastingum\u0105 ir s\u0105nari\u0173 sveikat\u0105.<\/span><\/li>\n<li style=\"font-weight: 400;\" aria-level=\"1\"><span style=\"font-weight: 400;\">Papildomas hidratavimas: Pusiau dr\u0117gna forma u\u017etikrina papildom\u0105 skys\u010di\u0173 pasisavinim\u0105.<\/span><\/li>\n<li style=\"font-weight: 400;\" aria-level=\"1\"><span style=\"font-weight: 400;\">Omega-3 ir Omega-6: Padeda palaikyti bendr\u0105 \u0161uns odos, kailio ir organizmo sveikat\u0105.<\/span><\/li>\n<\/ul>\n<p><span style=\"font-weight: 400;\">\u201eCalibra VD Dog Snack Urinary Care\u201c \u2013 tai gardus ir naudingas u\u017ekandis, puikiai tinkantis \u0161unims su \u0161lapimo tak\u0173 problemomis. Tai ne tik gard\u0117sis, bet ir efektyvi priemon\u0117 \u0161lapimo sistemos sveikatai palaikyti.<\/span><\/p>\n","protected":false},"excerpt":{"rendered":"<p><span style=\"font-weight: 400;\">Pusiau dr\u0117gnas u\u017ekandis, specialiai sukurtas suaugusiems \u0161unims, turintiems \u0161lapimo tak\u0173 problem\u0173. \u0160is skan\u0117stas gali pad\u0117ti ma\u017einti struvitini\u0173 akmen\u0173 susidarymo ir pasikartojimo rizik\u0105, kai naudojamas kartu su \u201eCalibra VD Struvite\u201c pa\u0161aru.<\/span><\/p>\n","protected":false},"featured_media":15109,"template":"","meta":[],"product_brand":[],"product_cat":[101,103,106,332],"product_tag":[],"class_list":{"0":"post-15108","1":"product","2":"type-product","3":"status-publish","4":"has-post-thumbnail","6":"product_cat-sunims","7":"product_cat-sunu-maistas","8":"product_cat-skanestai","9":"product_cat-calibra-sunu-maistas","10":"pa_prekinis-zenklas-calibra","12":"first","13":"instock","14":"taxable","15":"shipping-taxable","16":"purchasable","17":"product-type-simple"},"yoast_head":"<!-- This site is optimized with the Yoast SEO Premium plugin v27.1 (Yoast SEO v27.5) - https:\/\/yoast.com\/product\/yoast-seo-premium-wordpress\/ -->\n<title>CALIBRA VD Dog snack Urinary care 120g skan\u0117stai \u0161unims - anivet.lt<\/title>\n<meta name=\"description\" content=\"Pusiau dr\u0117gnas u\u017ekandis, specialiai sukurtas suaugusiems \u0161unims, turintiems \u0161lapimo tak\u0173 problem\u0173. \u0160is skan\u0117stas gali pad\u0117ti ma\u017einti struvitini\u0173 akmen\u0173 susidarymo ir pasikartojimo rizik\u0105, kai naudojamas kartu su \u201eCalibra VD Struvite\u201c pa\u0161aru.\" \/>\n<meta name=\"robots\" content=\"index, follow, max-snippet:-1, max-image-preview:large, max-video-preview:-1\" \/>\n<link rel=\"canonical\" href=\"https:\/\/anivet.lt\/elparduotuve\/produktas\/calibra-vd-dog-snack-urinary-care120g-skanestai-sunims\/\" \/>\n<meta property=\"og:locale\" content=\"lt_LT\" \/>\n<meta property=\"og:type\" content=\"article\" \/>\n<meta property=\"og:title\" content=\"CALIBRA VD Dog snack Urinary care 120g skan\u0117stai \u0161unims\" \/>\n<meta property=\"og:description\" content=\"Pusiau dr\u0117gnas u\u017ekandis, specialiai sukurtas suaugusiems \u0161unims, turintiems \u0161lapimo tak\u0173 problem\u0173. \u0160is skan\u0117stas gali pad\u0117ti ma\u017einti struvitini\u0173 akmen\u0173 susidarymo ir pasikartojimo rizik\u0105, kai naudojamas kartu su \u201eCalibra VD Struvite\u201c pa\u0161aru.\" \/>\n<meta property=\"og:url\" content=\"https:\/\/anivet.lt\/elparduotuve\/produktas\/calibra-vd-dog-snack-urinary-care120g-skanestai-sunims\/\" \/>\n<meta property=\"og:site_name\" content=\"anivet.lt\" \/>\n<meta property=\"article:modified_time\" content=\"2025-05-27T13:30:40+00:00\" \/>\n<meta property=\"og:image\" content=\"https:\/\/anivet.lt\/elparduotuve\/wp-content\/uploads\/2024\/11\/urinary-nauja.png\" \/>\n\t<meta property=\"og:image:width\" content=\"400\" \/>\n\t<meta property=\"og:image:height\" content=\"400\" \/>\n\t<meta property=\"og:image:type\" content=\"image\/png\" \/>\n<meta name=\"twitter:card\" content=\"summary_large_image\" \/>\n<meta name=\"twitter:label1\" content=\"Est. reading time\" \/>\n\t<meta name=\"twitter:data1\" content=\"1 minut\u0117\" \/>\n<script type=\"application\/ld+json\" class=\"yoast-schema-graph\">{\"@context\":\"https:\\\/\\\/schema.org\",\"@graph\":[{\"@type\":\"WebPage\",\"@id\":\"https:\\\/\\\/anivet.lt\\\/elparduotuve\\\/produktas\\\/calibra-vd-dog-snack-urinary-care120g-skanestai-sunims\\\/\",\"url\":\"https:\\\/\\\/anivet.lt\\\/elparduotuve\\\/produktas\\\/calibra-vd-dog-snack-urinary-care120g-skanestai-sunims\\\/\",\"name\":\"CALIBRA VD Dog snack Urinary care 120g skan\u0117stai \u0161unims - anivet.lt\",\"isPartOf\":{\"@id\":\"https:\\\/\\\/anivet.lt\\\/elparduotuve\\\/#website\"},\"primaryImageOfPage\":{\"@id\":\"https:\\\/\\\/anivet.lt\\\/elparduotuve\\\/produktas\\\/calibra-vd-dog-snack-urinary-care120g-skanestai-sunims\\\/#primaryimage\"},\"image\":{\"@id\":\"https:\\\/\\\/anivet.lt\\\/elparduotuve\\\/produktas\\\/calibra-vd-dog-snack-urinary-care120g-skanestai-sunims\\\/#primaryimage\"},\"thumbnailUrl\":\"https:\\\/\\\/anivet.lt\\\/elparduotuve\\\/wp-content\\\/uploads\\\/2024\\\/11\\\/urinary-nauja.png\",\"datePublished\":\"2024-11-12T09:26:15+00:00\",\"dateModified\":\"2025-05-27T13:30:40+00:00\",\"description\":\"Pusiau dr\u0117gnas u\u017ekandis, specialiai sukurtas suaugusiems \u0161unims, turintiems \u0161lapimo tak\u0173 problem\u0173. \u0160is skan\u0117stas gali pad\u0117ti ma\u017einti struvitini\u0173 akmen\u0173 susidarymo ir pasikartojimo rizik\u0105, kai naudojamas kartu su \u201eCalibra VD Struvite\u201c pa\u0161aru.\",\"breadcrumb\":{\"@id\":\"https:\\\/\\\/anivet.lt\\\/elparduotuve\\\/produktas\\\/calibra-vd-dog-snack-urinary-care120g-skanestai-sunims\\\/#breadcrumb\"},\"inLanguage\":\"lt-LT\",\"potentialAction\":[{\"@type\":\"ReadAction\",\"target\":[\"https:\\\/\\\/anivet.lt\\\/elparduotuve\\\/produktas\\\/calibra-vd-dog-snack-urinary-care120g-skanestai-sunims\\\/\"]}]},{\"@type\":\"ImageObject\",\"inLanguage\":\"lt-LT\",\"@id\":\"https:\\\/\\\/anivet.lt\\\/elparduotuve\\\/produktas\\\/calibra-vd-dog-snack-urinary-care120g-skanestai-sunims\\\/#primaryimage\",\"url\":\"https:\\\/\\\/anivet.lt\\\/elparduotuve\\\/wp-content\\\/uploads\\\/2024\\\/11\\\/urinary-nauja.png\",\"contentUrl\":\"https:\\\/\\\/anivet.lt\\\/elparduotuve\\\/wp-content\\\/uploads\\\/2024\\\/11\\\/urinary-nauja.png\",\"width\":400,\"height\":400,\"caption\":\"CALIBRA VD Dog snack Urinary care 120g skan\u0117stai \u0161unims\"},{\"@type\":\"BreadcrumbList\",\"@id\":\"https:\\\/\\\/anivet.lt\\\/elparduotuve\\\/produktas\\\/calibra-vd-dog-snack-urinary-care120g-skanestai-sunims\\\/#breadcrumb\",\"itemListElement\":[{\"@type\":\"ListItem\",\"position\":1,\"name\":\"Home\",\"item\":\"https:\\\/\\\/anivet.lt\\\/elparduotuve\\\/\"},{\"@type\":\"ListItem\",\"position\":2,\"name\":\"Produktai\",\"item\":\"https:\\\/\\\/anivet.lt\\\/elparduotuve\\\/produktai\\\/\"},{\"@type\":\"ListItem\",\"position\":3,\"name\":\"CALIBRA VD Dog snack Urinary care 120g skan\u0117stai \u0161unims\"}]},{\"@type\":\"WebSite\",\"@id\":\"https:\\\/\\\/anivet.lt\\\/elparduotuve\\\/#website\",\"url\":\"https:\\\/\\\/anivet.lt\\\/elparduotuve\\\/\",\"name\":\"anivet.lt\",\"description\":\"Viskas J\u016bs\u0173 \u0161uns, kat\u0117s prie\u017ei\u016brai\",\"publisher\":{\"@id\":\"https:\\\/\\\/anivet.lt\\\/elparduotuve\\\/#organization\"},\"alternateName\":\"Viskas J\u016bs\u0173 \u0161uns, kat\u0117s prie\u017ei\u016brai\",\"potentialAction\":[{\"@type\":\"SearchAction\",\"target\":{\"@type\":\"EntryPoint\",\"urlTemplate\":\"https:\\\/\\\/anivet.lt\\\/elparduotuve\\\/?s={search_term_string}\"},\"query-input\":{\"@type\":\"PropertyValueSpecification\",\"valueRequired\":true,\"valueName\":\"search_term_string\"}}],\"inLanguage\":\"lt-LT\"},{\"@type\":\"Organization\",\"@id\":\"https:\\\/\\\/anivet.lt\\\/elparduotuve\\\/#organization\",\"name\":\"Viskas J\u016bs\u0173 \u0161uns, kat\u0117s prie\u017ei\u016brai\",\"url\":\"https:\\\/\\\/anivet.lt\\\/elparduotuve\\\/\",\"logo\":{\"@type\":\"ImageObject\",\"inLanguage\":\"lt-LT\",\"@id\":\"https:\\\/\\\/anivet.lt\\\/elparduotuve\\\/#\\\/schema\\\/logo\\\/image\\\/\",\"url\":\"https:\\\/\\\/anivet.lt\\\/elparduotuve\\\/wp-content\\\/uploads\\\/2023\\\/06\\\/logo2.jpg\",\"contentUrl\":\"https:\\\/\\\/anivet.lt\\\/elparduotuve\\\/wp-content\\\/uploads\\\/2023\\\/06\\\/logo2.jpg\",\"width\":655,\"height\":194,\"caption\":\"Viskas J\u016bs\u0173 \u0161uns, kat\u0117s prie\u017ei\u016brai\"},\"image\":{\"@id\":\"https:\\\/\\\/anivet.lt\\\/elparduotuve\\\/#\\\/schema\\\/logo\\\/image\\\/\"}}]}<\/script>\n<!-- \/ Yoast SEO Premium plugin. -->","yoast_head_json":{"title":"CALIBRA VD Dog snack Urinary care 120g skan\u0117stai \u0161unims - anivet.lt","description":"Pusiau dr\u0117gnas u\u017ekandis, specialiai sukurtas suaugusiems \u0161unims, turintiems \u0161lapimo tak\u0173 problem\u0173. \u0160is skan\u0117stas gali pad\u0117ti ma\u017einti struvitini\u0173 akmen\u0173 susidarymo ir pasikartojimo rizik\u0105, kai naudojamas kartu su \u201eCalibra VD Struvite\u201c pa\u0161aru.","robots":{"index":"index","follow":"follow","max-snippet":"max-snippet:-1","max-image-preview":"max-image-preview:large","max-video-preview":"max-video-preview:-1"},"canonical":"https:\/\/anivet.lt\/elparduotuve\/produktas\/calibra-vd-dog-snack-urinary-care120g-skanestai-sunims\/","og_locale":"lt_LT","og_type":"article","og_title":"CALIBRA VD Dog snack Urinary care 120g skan\u0117stai \u0161unims","og_description":"Pusiau dr\u0117gnas u\u017ekandis, specialiai sukurtas suaugusiems \u0161unims, turintiems \u0161lapimo tak\u0173 problem\u0173. \u0160is skan\u0117stas gali pad\u0117ti ma\u017einti struvitini\u0173 akmen\u0173 susidarymo ir pasikartojimo rizik\u0105, kai naudojamas kartu su \u201eCalibra VD Struvite\u201c pa\u0161aru.","og_url":"https:\/\/anivet.lt\/elparduotuve\/produktas\/calibra-vd-dog-snack-urinary-care120g-skanestai-sunims\/","og_site_name":"anivet.lt","article_modified_time":"2025-05-27T13:30:40+00:00","og_image":[{"width":400,"height":400,"url":"https:\/\/anivet.lt\/elparduotuve\/wp-content\/uploads\/2024\/11\/urinary-nauja.png","type":"image\/png"}],"twitter_card":"summary_large_image","twitter_misc":{"Est. reading time":"1 minut\u0117"},"schema":{"@context":"https:\/\/schema.org","@graph":[{"@type":"WebPage","@id":"https:\/\/anivet.lt\/elparduotuve\/produktas\/calibra-vd-dog-snack-urinary-care120g-skanestai-sunims\/","url":"https:\/\/anivet.lt\/elparduotuve\/produktas\/calibra-vd-dog-snack-urinary-care120g-skanestai-sunims\/","name":"CALIBRA VD Dog snack Urinary care 120g skan\u0117stai \u0161unims - anivet.lt","isPartOf":{"@id":"https:\/\/anivet.lt\/elparduotuve\/#website"},"primaryImageOfPage":{"@id":"https:\/\/anivet.lt\/elparduotuve\/produktas\/calibra-vd-dog-snack-urinary-care120g-skanestai-sunims\/#primaryimage"},"image":{"@id":"https:\/\/anivet.lt\/elparduotuve\/produktas\/calibra-vd-dog-snack-urinary-care120g-skanestai-sunims\/#primaryimage"},"thumbnailUrl":"https:\/\/anivet.lt\/elparduotuve\/wp-content\/uploads\/2024\/11\/urinary-nauja.png","datePublished":"2024-11-12T09:26:15+00:00","dateModified":"2025-05-27T13:30:40+00:00","description":"Pusiau dr\u0117gnas u\u017ekandis, specialiai sukurtas suaugusiems \u0161unims, turintiems \u0161lapimo tak\u0173 problem\u0173. \u0160is skan\u0117stas gali pad\u0117ti ma\u017einti struvitini\u0173 akmen\u0173 susidarymo ir pasikartojimo rizik\u0105, kai naudojamas kartu su \u201eCalibra VD Struvite\u201c pa\u0161aru.","breadcrumb":{"@id":"https:\/\/anivet.lt\/elparduotuve\/produktas\/calibra-vd-dog-snack-urinary-care120g-skanestai-sunims\/#breadcrumb"},"inLanguage":"lt-LT","potentialAction":[{"@type":"ReadAction","target":["https:\/\/anivet.lt\/elparduotuve\/produktas\/calibra-vd-dog-snack-urinary-care120g-skanestai-sunims\/"]}]},{"@type":"ImageObject","inLanguage":"lt-LT","@id":"https:\/\/anivet.lt\/elparduotuve\/produktas\/calibra-vd-dog-snack-urinary-care120g-skanestai-sunims\/#primaryimage","url":"https:\/\/anivet.lt\/elparduotuve\/wp-content\/uploads\/2024\/11\/urinary-nauja.png","contentUrl":"https:\/\/anivet.lt\/elparduotuve\/wp-content\/uploads\/2024\/11\/urinary-nauja.png","width":400,"height":400,"caption":"CALIBRA VD Dog snack Urinary care 120g skan\u0117stai \u0161unims"},{"@type":"BreadcrumbList","@id":"https:\/\/anivet.lt\/elparduotuve\/produktas\/calibra-vd-dog-snack-urinary-care120g-skanestai-sunims\/#breadcrumb","itemListElement":[{"@type":"ListItem","position":1,"name":"Home","item":"https:\/\/anivet.lt\/elparduotuve\/"},{"@type":"ListItem","position":2,"name":"Produktai","item":"https:\/\/anivet.lt\/elparduotuve\/produktai\/"},{"@type":"ListItem","position":3,"name":"CALIBRA VD Dog snack Urinary care 120g skan\u0117stai \u0161unims"}]},{"@type":"WebSite","@id":"https:\/\/anivet.lt\/elparduotuve\/#website","url":"https:\/\/anivet.lt\/elparduotuve\/","name":"anivet.lt","description":"Viskas J\u016bs\u0173 \u0161uns, kat\u0117s prie\u017ei\u016brai","publisher":{"@id":"https:\/\/anivet.lt\/elparduotuve\/#organization"},"alternateName":"Viskas J\u016bs\u0173 \u0161uns, kat\u0117s prie\u017ei\u016brai","potentialAction":[{"@type":"SearchAction","target":{"@type":"EntryPoint","urlTemplate":"https:\/\/anivet.lt\/elparduotuve\/?s={search_term_string}"},"query-input":{"@type":"PropertyValueSpecification","valueRequired":true,"valueName":"search_term_string"}}],"inLanguage":"lt-LT"},{"@type":"Organization","@id":"https:\/\/anivet.lt\/elparduotuve\/#organization","name":"Viskas J\u016bs\u0173 \u0161uns, kat\u0117s prie\u017ei\u016brai","url":"https:\/\/anivet.lt\/elparduotuve\/","logo":{"@type":"ImageObject","inLanguage":"lt-LT","@id":"https:\/\/anivet.lt\/elparduotuve\/#\/schema\/logo\/image\/","url":"https:\/\/anivet.lt\/elparduotuve\/wp-content\/uploads\/2023\/06\/logo2.jpg","contentUrl":"https:\/\/anivet.lt\/elparduotuve\/wp-content\/uploads\/2023\/06\/logo2.jpg","width":655,"height":194,"caption":"Viskas J\u016bs\u0173 \u0161uns, kat\u0117s prie\u017ei\u016brai"},"image":{"@id":"https:\/\/anivet.lt\/elparduotuve\/#\/schema\/logo\/image\/"}}]}},"_links":{"self":[{"href":"https:\/\/anivet.lt\/elparduotuve\/wp-json\/wp\/v2\/product\/15108","targetHints":{"allow":["GET"]}}],"collection":[{"href":"https:\/\/anivet.lt\/elparduotuve\/wp-json\/wp\/v2\/product"}],"about":[{"href":"https:\/\/anivet.lt\/elparduotuve\/wp-json\/wp\/v2\/types\/product"}],"wp:featuredmedia":[{"embeddable":true,"href":"https:\/\/anivet.lt\/elparduotuve\/wp-json\/wp\/v2\/media\/15109"}],"wp:attachment":[{"href":"https:\/\/anivet.lt\/elparduotuve\/wp-json\/wp\/v2\/media?parent=15108"}],"wp:term":[{"taxonomy":"product_brand","embeddable":true,"href":"https:\/\/anivet.lt\/elparduotuve\/wp-json\/wp\/v2\/product_brand?post=15108"},{"taxonomy":"product_cat","embeddable":true,"href":"https:\/\/anivet.lt\/elparduotuve\/wp-json\/wp\/v2\/product_cat?post=15108"},{"taxonomy":"product_tag","embeddable":true,"href":"https:\/\/anivet.lt\/elparduotuve\/wp-json\/wp\/v2\/product_tag?post=15108"}],"curies":[{"name":"wp","href":"https:\/\/api.w.org\/{rel}","templated":true}]}}