{"id":15175,"date":"2024-11-18T21:59:12","date_gmt":"2024-11-18T21:59:12","guid":{"rendered":"https:\/\/anivet.lt\/elparduotuve\/?post_type=product&#038;p=15175"},"modified":"2026-05-13T19:39:50","modified_gmt":"2026-05-13T19:39:50","slug":"calibra-life-dog-junior-large-fresh-beef-sausas-maistas-jauniems-dideliu-veisliu-sunims-su-jautiena-12kg","status":"publish","type":"product","link":"https:\/\/anivet.lt\/elparduotuve\/produktas\/calibra-life-dog-junior-large-fresh-beef-sausas-maistas-jauniems-dideliu-veisliu-sunims-su-jautiena-12kg\/","title":{"rendered":"Calibra Life Dog Junior Large fresh Beef sausas maistas jauniems, dideli\u0173 veisli\u0173 \u0161unims su jautiena 12kg"},"content":{"rendered":"<ul>\n<li style=\"font-weight: 400;\" aria-level=\"1\"><span style=\"font-weight: 400;\">Auk\u0161tos kokyb\u0117s jautiena: Sud\u0117tyje 27 % jautienos baltym\u0173 ir 26 % \u0161vie\u017eios jautienos, suteikian\u010dios puik\u0173 baltym\u0173 \u0161altin\u012f.<\/span><\/li>\n<li style=\"font-weight: 400;\" aria-level=\"1\"><span style=\"font-weight: 400;\">Praturtintas la\u0161i\u0161\u0173 taukais: Omega-3 riebal\u0173 r\u016bg\u0161tys palaiko sveik\u0105 od\u0105 ir kail\u012f bei s\u0105nari\u0173 sveikat\u0105.<\/span><\/li>\n<li style=\"font-weight: 400;\" aria-level=\"1\"><span style=\"font-weight: 400;\">Papildomas s\u0105nari\u0173 palaikymas: Sud\u0117tyje yra gliukozamino ir chondroitino sulfato, kurie prisideda prie kremzli\u0173 stiprinimo.<\/span><\/li>\n<li style=\"font-weight: 400;\" aria-level=\"1\"><span style=\"font-weight: 400;\">Nat\u016bral\u016bs antioksidantai: Rozmarinas, \u010diobreliai ir juodieji serbentai palaiko imunitet\u0105 ir bendr\u0105 gerov\u0119.<\/span><\/li>\n<li style=\"font-weight: 400;\" aria-level=\"1\"><span style=\"font-weight: 400;\">Probiotikai ir prebiotikai: Fruktooligosacharidai ir inaktyvuotos bakterijos u\u017etikrina sveik\u0105 \u017earnyno mikroflor\u0105.<\/span><\/li>\n<\/ul>\n<p><span style=\"font-weight: 400;\">\u0160is pa\u0161aras u\u017etikrina visapusi\u0161k\u0105 augan\u010dio \u0161uns sveikat\u0105, suteikdamas tinkamas maistines med\u017eiagas kaul\u0173, raumen\u0173 ir s\u0105nari\u0173 vystymuisi. D\u0117l auk\u0161tos kokyb\u0117s ingredient\u0173 ir subalansuotos sud\u0117ties jis puikiai tinka dideli\u0173 veisli\u0173 \u0161unims. <\/span><\/p>\n","protected":false},"excerpt":{"rendered":"<p><span style=\"color: #ff0000;\">Galiojimas iki 2026.06.07!<\/span><\/p>\n<p><span style=\"font-weight: 400;\">Superpremium klas\u0117s sausas pa\u0161aras, specialiai sukurtas jauniems dideli\u0173 veisli\u0173 \u0161unims (3\u201330 m\u0117n.). \u0160i subalansuota mityba u\u017etikrina optimal\u0173 augim\u0105 ir sveikat\u0105 per itin kokybi\u0161kus ingredientus.<\/span><\/p>\n","protected":false},"featured_media":15176,"template":"","meta":[],"product_brand":[],"product_cat":[101,103,104,332],"product_tag":[],"class_list":{"0":"post-15175","1":"product","2":"type-product","3":"status-publish","4":"has-post-thumbnail","6":"product_cat-sunims","7":"product_cat-sunu-maistas","8":"product_cat-sausas-maistas","9":"product_cat-calibra-sunu-maistas","10":"pa_prekinis-zenklas-calibra","12":"first","13":"instock","14":"sale","15":"taxable","16":"shipping-taxable","17":"purchasable","18":"product-type-simple"},"yoast_head":"<!-- This site is optimized with the Yoast SEO Premium plugin v27.1 (Yoast SEO v27.5) - https:\/\/yoast.com\/product\/yoast-seo-premium-wordpress\/ -->\n<title>Calibra Life Dog Junior Large fresh Beef sausas maistas jauniems, dideli\u0173 veisli\u0173 \u0161unims su jautiena 12kg - anivet.lt<\/title>\n<meta name=\"description\" content=\"Galiojimas iki 2026.06.07!  Superpremium klas\u0117s sausas pa\u0161aras, specialiai sukurtas jauniems dideli\u0173 veisli\u0173 \u0161unims (3\u201330 m\u0117n.). \u0160i subalansuota mityba u\u017etikrina optimal\u0173 augim\u0105 ir sveikat\u0105 per itin kokybi\u0161kus ingredientus.\" \/>\n<meta name=\"robots\" content=\"index, follow, max-snippet:-1, max-image-preview:large, max-video-preview:-1\" \/>\n<link rel=\"canonical\" href=\"https:\/\/anivet.lt\/elparduotuve\/produktas\/calibra-life-dog-junior-large-fresh-beef-sausas-maistas-jauniems-dideliu-veisliu-sunims-su-jautiena-12kg\/\" \/>\n<meta property=\"og:locale\" content=\"lt_LT\" \/>\n<meta property=\"og:type\" content=\"article\" \/>\n<meta property=\"og:title\" content=\"Calibra Life Dog Junior Large fresh Beef sausas maistas jauniems, dideli\u0173 veisli\u0173 \u0161unims su jautiena 12kg\" \/>\n<meta property=\"og:description\" content=\"Galiojimas iki 2026.06.07!  Superpremium klas\u0117s sausas pa\u0161aras, specialiai sukurtas jauniems dideli\u0173 veisli\u0173 \u0161unims (3\u201330 m\u0117n.). \u0160i subalansuota mityba u\u017etikrina optimal\u0173 augim\u0105 ir sveikat\u0105 per itin kokybi\u0161kus ingredientus.\" \/>\n<meta property=\"og:url\" content=\"https:\/\/anivet.lt\/elparduotuve\/produktas\/calibra-life-dog-junior-large-fresh-beef-sausas-maistas-jauniems-dideliu-veisliu-sunims-su-jautiena-12kg\/\" \/>\n<meta property=\"og:site_name\" content=\"anivet.lt\" \/>\n<meta property=\"article:modified_time\" content=\"2026-05-13T19:39:50+00:00\" \/>\n<meta property=\"og:image\" content=\"https:\/\/anivet.lt\/elparduotuve\/wp-content\/uploads\/2024\/11\/Calibra-Life-Dog-Junior-Large-fresh-Beef-sausas-maistas-jauniems-dideliu-veisliu-sunims-su-jautiena-12kg.jpg\" \/>\n\t<meta property=\"og:image:width\" content=\"540\" \/>\n\t<meta property=\"og:image:height\" content=\"540\" \/>\n\t<meta property=\"og:image:type\" content=\"image\/jpeg\" \/>\n<meta name=\"twitter:card\" content=\"summary_large_image\" \/>\n<meta name=\"twitter:label1\" content=\"Est. reading time\" \/>\n\t<meta name=\"twitter:data1\" content=\"1 minut\u0117\" \/>\n<script type=\"application\/ld+json\" class=\"yoast-schema-graph\">{\"@context\":\"https:\\\/\\\/schema.org\",\"@graph\":[{\"@type\":\"WebPage\",\"@id\":\"https:\\\/\\\/anivet.lt\\\/elparduotuve\\\/produktas\\\/calibra-life-dog-junior-large-fresh-beef-sausas-maistas-jauniems-dideliu-veisliu-sunims-su-jautiena-12kg\\\/\",\"url\":\"https:\\\/\\\/anivet.lt\\\/elparduotuve\\\/produktas\\\/calibra-life-dog-junior-large-fresh-beef-sausas-maistas-jauniems-dideliu-veisliu-sunims-su-jautiena-12kg\\\/\",\"name\":\"Calibra Life Dog Junior Large fresh Beef sausas maistas jauniems, dideli\u0173 veisli\u0173 \u0161unims su jautiena 12kg - anivet.lt\",\"isPartOf\":{\"@id\":\"https:\\\/\\\/anivet.lt\\\/elparduotuve\\\/#website\"},\"primaryImageOfPage\":{\"@id\":\"https:\\\/\\\/anivet.lt\\\/elparduotuve\\\/produktas\\\/calibra-life-dog-junior-large-fresh-beef-sausas-maistas-jauniems-dideliu-veisliu-sunims-su-jautiena-12kg\\\/#primaryimage\"},\"image\":{\"@id\":\"https:\\\/\\\/anivet.lt\\\/elparduotuve\\\/produktas\\\/calibra-life-dog-junior-large-fresh-beef-sausas-maistas-jauniems-dideliu-veisliu-sunims-su-jautiena-12kg\\\/#primaryimage\"},\"thumbnailUrl\":\"https:\\\/\\\/anivet.lt\\\/elparduotuve\\\/wp-content\\\/uploads\\\/2024\\\/11\\\/Calibra-Life-Dog-Junior-Large-fresh-Beef-sausas-maistas-jauniems-dideliu-veisliu-sunims-su-jautiena-12kg.jpg\",\"datePublished\":\"2024-11-18T21:59:12+00:00\",\"dateModified\":\"2026-05-13T19:39:50+00:00\",\"description\":\"Galiojimas iki 2026.06.07! Superpremium klas\u0117s sausas pa\u0161aras, specialiai sukurtas jauniems dideli\u0173 veisli\u0173 \u0161unims (3\u201330 m\u0117n.). \u0160i subalansuota mityba u\u017etikrina optimal\u0173 augim\u0105 ir sveikat\u0105 per itin kokybi\u0161kus ingredientus.\",\"breadcrumb\":{\"@id\":\"https:\\\/\\\/anivet.lt\\\/elparduotuve\\\/produktas\\\/calibra-life-dog-junior-large-fresh-beef-sausas-maistas-jauniems-dideliu-veisliu-sunims-su-jautiena-12kg\\\/#breadcrumb\"},\"inLanguage\":\"lt-LT\",\"potentialAction\":[{\"@type\":\"ReadAction\",\"target\":[\"https:\\\/\\\/anivet.lt\\\/elparduotuve\\\/produktas\\\/calibra-life-dog-junior-large-fresh-beef-sausas-maistas-jauniems-dideliu-veisliu-sunims-su-jautiena-12kg\\\/\"]}]},{\"@type\":\"ImageObject\",\"inLanguage\":\"lt-LT\",\"@id\":\"https:\\\/\\\/anivet.lt\\\/elparduotuve\\\/produktas\\\/calibra-life-dog-junior-large-fresh-beef-sausas-maistas-jauniems-dideliu-veisliu-sunims-su-jautiena-12kg\\\/#primaryimage\",\"url\":\"https:\\\/\\\/anivet.lt\\\/elparduotuve\\\/wp-content\\\/uploads\\\/2024\\\/11\\\/Calibra-Life-Dog-Junior-Large-fresh-Beef-sausas-maistas-jauniems-dideliu-veisliu-sunims-su-jautiena-12kg.jpg\",\"contentUrl\":\"https:\\\/\\\/anivet.lt\\\/elparduotuve\\\/wp-content\\\/uploads\\\/2024\\\/11\\\/Calibra-Life-Dog-Junior-Large-fresh-Beef-sausas-maistas-jauniems-dideliu-veisliu-sunims-su-jautiena-12kg.jpg\",\"width\":540,\"height\":540,\"caption\":\"Calibra Life Dog Junior Large fresh Beef sausas maistas jauniems, dideli\u0173 veisli\u0173 \u0161unims su jautiena 12kg\"},{\"@type\":\"BreadcrumbList\",\"@id\":\"https:\\\/\\\/anivet.lt\\\/elparduotuve\\\/produktas\\\/calibra-life-dog-junior-large-fresh-beef-sausas-maistas-jauniems-dideliu-veisliu-sunims-su-jautiena-12kg\\\/#breadcrumb\",\"itemListElement\":[{\"@type\":\"ListItem\",\"position\":1,\"name\":\"Home\",\"item\":\"https:\\\/\\\/anivet.lt\\\/elparduotuve\\\/\"},{\"@type\":\"ListItem\",\"position\":2,\"name\":\"Produktai\",\"item\":\"https:\\\/\\\/anivet.lt\\\/elparduotuve\\\/produktai\\\/\"},{\"@type\":\"ListItem\",\"position\":3,\"name\":\"Calibra Life Dog Junior Large fresh Beef sausas maistas jauniems, dideli\u0173 veisli\u0173 \u0161unims su jautiena 12kg\"}]},{\"@type\":\"WebSite\",\"@id\":\"https:\\\/\\\/anivet.lt\\\/elparduotuve\\\/#website\",\"url\":\"https:\\\/\\\/anivet.lt\\\/elparduotuve\\\/\",\"name\":\"anivet.lt\",\"description\":\"Viskas J\u016bs\u0173 \u0161uns, kat\u0117s prie\u017ei\u016brai\",\"publisher\":{\"@id\":\"https:\\\/\\\/anivet.lt\\\/elparduotuve\\\/#organization\"},\"alternateName\":\"Viskas J\u016bs\u0173 \u0161uns, kat\u0117s prie\u017ei\u016brai\",\"potentialAction\":[{\"@type\":\"SearchAction\",\"target\":{\"@type\":\"EntryPoint\",\"urlTemplate\":\"https:\\\/\\\/anivet.lt\\\/elparduotuve\\\/?s={search_term_string}\"},\"query-input\":{\"@type\":\"PropertyValueSpecification\",\"valueRequired\":true,\"valueName\":\"search_term_string\"}}],\"inLanguage\":\"lt-LT\"},{\"@type\":\"Organization\",\"@id\":\"https:\\\/\\\/anivet.lt\\\/elparduotuve\\\/#organization\",\"name\":\"Viskas J\u016bs\u0173 \u0161uns, kat\u0117s prie\u017ei\u016brai\",\"url\":\"https:\\\/\\\/anivet.lt\\\/elparduotuve\\\/\",\"logo\":{\"@type\":\"ImageObject\",\"inLanguage\":\"lt-LT\",\"@id\":\"https:\\\/\\\/anivet.lt\\\/elparduotuve\\\/#\\\/schema\\\/logo\\\/image\\\/\",\"url\":\"https:\\\/\\\/anivet.lt\\\/elparduotuve\\\/wp-content\\\/uploads\\\/2023\\\/06\\\/logo2.jpg\",\"contentUrl\":\"https:\\\/\\\/anivet.lt\\\/elparduotuve\\\/wp-content\\\/uploads\\\/2023\\\/06\\\/logo2.jpg\",\"width\":655,\"height\":194,\"caption\":\"Viskas J\u016bs\u0173 \u0161uns, kat\u0117s prie\u017ei\u016brai\"},\"image\":{\"@id\":\"https:\\\/\\\/anivet.lt\\\/elparduotuve\\\/#\\\/schema\\\/logo\\\/image\\\/\"}}]}<\/script>\n<!-- \/ Yoast SEO Premium plugin. -->","yoast_head_json":{"title":"Calibra Life Dog Junior Large fresh Beef sausas maistas jauniems, dideli\u0173 veisli\u0173 \u0161unims su jautiena 12kg - anivet.lt","description":"Galiojimas iki 2026.06.07!  Superpremium klas\u0117s sausas pa\u0161aras, specialiai sukurtas jauniems dideli\u0173 veisli\u0173 \u0161unims (3\u201330 m\u0117n.). \u0160i subalansuota mityba u\u017etikrina optimal\u0173 augim\u0105 ir sveikat\u0105 per itin kokybi\u0161kus ingredientus.","robots":{"index":"index","follow":"follow","max-snippet":"max-snippet:-1","max-image-preview":"max-image-preview:large","max-video-preview":"max-video-preview:-1"},"canonical":"https:\/\/anivet.lt\/elparduotuve\/produktas\/calibra-life-dog-junior-large-fresh-beef-sausas-maistas-jauniems-dideliu-veisliu-sunims-su-jautiena-12kg\/","og_locale":"lt_LT","og_type":"article","og_title":"Calibra Life Dog Junior Large fresh Beef sausas maistas jauniems, dideli\u0173 veisli\u0173 \u0161unims su jautiena 12kg","og_description":"Galiojimas iki 2026.06.07!  Superpremium klas\u0117s sausas pa\u0161aras, specialiai sukurtas jauniems dideli\u0173 veisli\u0173 \u0161unims (3\u201330 m\u0117n.). \u0160i subalansuota mityba u\u017etikrina optimal\u0173 augim\u0105 ir sveikat\u0105 per itin kokybi\u0161kus ingredientus.","og_url":"https:\/\/anivet.lt\/elparduotuve\/produktas\/calibra-life-dog-junior-large-fresh-beef-sausas-maistas-jauniems-dideliu-veisliu-sunims-su-jautiena-12kg\/","og_site_name":"anivet.lt","article_modified_time":"2026-05-13T19:39:50+00:00","og_image":[{"width":540,"height":540,"url":"https:\/\/anivet.lt\/elparduotuve\/wp-content\/uploads\/2024\/11\/Calibra-Life-Dog-Junior-Large-fresh-Beef-sausas-maistas-jauniems-dideliu-veisliu-sunims-su-jautiena-12kg.jpg","type":"image\/jpeg"}],"twitter_card":"summary_large_image","twitter_misc":{"Est. reading time":"1 minut\u0117"},"schema":{"@context":"https:\/\/schema.org","@graph":[{"@type":"WebPage","@id":"https:\/\/anivet.lt\/elparduotuve\/produktas\/calibra-life-dog-junior-large-fresh-beef-sausas-maistas-jauniems-dideliu-veisliu-sunims-su-jautiena-12kg\/","url":"https:\/\/anivet.lt\/elparduotuve\/produktas\/calibra-life-dog-junior-large-fresh-beef-sausas-maistas-jauniems-dideliu-veisliu-sunims-su-jautiena-12kg\/","name":"Calibra Life Dog Junior Large fresh Beef sausas maistas jauniems, dideli\u0173 veisli\u0173 \u0161unims su jautiena 12kg - anivet.lt","isPartOf":{"@id":"https:\/\/anivet.lt\/elparduotuve\/#website"},"primaryImageOfPage":{"@id":"https:\/\/anivet.lt\/elparduotuve\/produktas\/calibra-life-dog-junior-large-fresh-beef-sausas-maistas-jauniems-dideliu-veisliu-sunims-su-jautiena-12kg\/#primaryimage"},"image":{"@id":"https:\/\/anivet.lt\/elparduotuve\/produktas\/calibra-life-dog-junior-large-fresh-beef-sausas-maistas-jauniems-dideliu-veisliu-sunims-su-jautiena-12kg\/#primaryimage"},"thumbnailUrl":"https:\/\/anivet.lt\/elparduotuve\/wp-content\/uploads\/2024\/11\/Calibra-Life-Dog-Junior-Large-fresh-Beef-sausas-maistas-jauniems-dideliu-veisliu-sunims-su-jautiena-12kg.jpg","datePublished":"2024-11-18T21:59:12+00:00","dateModified":"2026-05-13T19:39:50+00:00","description":"Galiojimas iki 2026.06.07! Superpremium klas\u0117s sausas pa\u0161aras, specialiai sukurtas jauniems dideli\u0173 veisli\u0173 \u0161unims (3\u201330 m\u0117n.). \u0160i subalansuota mityba u\u017etikrina optimal\u0173 augim\u0105 ir sveikat\u0105 per itin kokybi\u0161kus ingredientus.","breadcrumb":{"@id":"https:\/\/anivet.lt\/elparduotuve\/produktas\/calibra-life-dog-junior-large-fresh-beef-sausas-maistas-jauniems-dideliu-veisliu-sunims-su-jautiena-12kg\/#breadcrumb"},"inLanguage":"lt-LT","potentialAction":[{"@type":"ReadAction","target":["https:\/\/anivet.lt\/elparduotuve\/produktas\/calibra-life-dog-junior-large-fresh-beef-sausas-maistas-jauniems-dideliu-veisliu-sunims-su-jautiena-12kg\/"]}]},{"@type":"ImageObject","inLanguage":"lt-LT","@id":"https:\/\/anivet.lt\/elparduotuve\/produktas\/calibra-life-dog-junior-large-fresh-beef-sausas-maistas-jauniems-dideliu-veisliu-sunims-su-jautiena-12kg\/#primaryimage","url":"https:\/\/anivet.lt\/elparduotuve\/wp-content\/uploads\/2024\/11\/Calibra-Life-Dog-Junior-Large-fresh-Beef-sausas-maistas-jauniems-dideliu-veisliu-sunims-su-jautiena-12kg.jpg","contentUrl":"https:\/\/anivet.lt\/elparduotuve\/wp-content\/uploads\/2024\/11\/Calibra-Life-Dog-Junior-Large-fresh-Beef-sausas-maistas-jauniems-dideliu-veisliu-sunims-su-jautiena-12kg.jpg","width":540,"height":540,"caption":"Calibra Life Dog Junior Large fresh Beef sausas maistas jauniems, dideli\u0173 veisli\u0173 \u0161unims su jautiena 12kg"},{"@type":"BreadcrumbList","@id":"https:\/\/anivet.lt\/elparduotuve\/produktas\/calibra-life-dog-junior-large-fresh-beef-sausas-maistas-jauniems-dideliu-veisliu-sunims-su-jautiena-12kg\/#breadcrumb","itemListElement":[{"@type":"ListItem","position":1,"name":"Home","item":"https:\/\/anivet.lt\/elparduotuve\/"},{"@type":"ListItem","position":2,"name":"Produktai","item":"https:\/\/anivet.lt\/elparduotuve\/produktai\/"},{"@type":"ListItem","position":3,"name":"Calibra Life Dog Junior Large fresh Beef sausas maistas jauniems, dideli\u0173 veisli\u0173 \u0161unims su jautiena 12kg"}]},{"@type":"WebSite","@id":"https:\/\/anivet.lt\/elparduotuve\/#website","url":"https:\/\/anivet.lt\/elparduotuve\/","name":"anivet.lt","description":"Viskas J\u016bs\u0173 \u0161uns, kat\u0117s prie\u017ei\u016brai","publisher":{"@id":"https:\/\/anivet.lt\/elparduotuve\/#organization"},"alternateName":"Viskas J\u016bs\u0173 \u0161uns, kat\u0117s prie\u017ei\u016brai","potentialAction":[{"@type":"SearchAction","target":{"@type":"EntryPoint","urlTemplate":"https:\/\/anivet.lt\/elparduotuve\/?s={search_term_string}"},"query-input":{"@type":"PropertyValueSpecification","valueRequired":true,"valueName":"search_term_string"}}],"inLanguage":"lt-LT"},{"@type":"Organization","@id":"https:\/\/anivet.lt\/elparduotuve\/#organization","name":"Viskas J\u016bs\u0173 \u0161uns, kat\u0117s prie\u017ei\u016brai","url":"https:\/\/anivet.lt\/elparduotuve\/","logo":{"@type":"ImageObject","inLanguage":"lt-LT","@id":"https:\/\/anivet.lt\/elparduotuve\/#\/schema\/logo\/image\/","url":"https:\/\/anivet.lt\/elparduotuve\/wp-content\/uploads\/2023\/06\/logo2.jpg","contentUrl":"https:\/\/anivet.lt\/elparduotuve\/wp-content\/uploads\/2023\/06\/logo2.jpg","width":655,"height":194,"caption":"Viskas J\u016bs\u0173 \u0161uns, kat\u0117s prie\u017ei\u016brai"},"image":{"@id":"https:\/\/anivet.lt\/elparduotuve\/#\/schema\/logo\/image\/"}}]}},"_links":{"self":[{"href":"https:\/\/anivet.lt\/elparduotuve\/wp-json\/wp\/v2\/product\/15175","targetHints":{"allow":["GET"]}}],"collection":[{"href":"https:\/\/anivet.lt\/elparduotuve\/wp-json\/wp\/v2\/product"}],"about":[{"href":"https:\/\/anivet.lt\/elparduotuve\/wp-json\/wp\/v2\/types\/product"}],"wp:featuredmedia":[{"embeddable":true,"href":"https:\/\/anivet.lt\/elparduotuve\/wp-json\/wp\/v2\/media\/15176"}],"wp:attachment":[{"href":"https:\/\/anivet.lt\/elparduotuve\/wp-json\/wp\/v2\/media?parent=15175"}],"wp:term":[{"taxonomy":"product_brand","embeddable":true,"href":"https:\/\/anivet.lt\/elparduotuve\/wp-json\/wp\/v2\/product_brand?post=15175"},{"taxonomy":"product_cat","embeddable":true,"href":"https:\/\/anivet.lt\/elparduotuve\/wp-json\/wp\/v2\/product_cat?post=15175"},{"taxonomy":"product_tag","embeddable":true,"href":"https:\/\/anivet.lt\/elparduotuve\/wp-json\/wp\/v2\/product_tag?post=15175"}],"curies":[{"name":"wp","href":"https:\/\/api.w.org\/{rel}","templated":true}]}}