{"id":15197,"date":"2024-11-19T20:15:35","date_gmt":"2024-11-19T20:15:35","guid":{"rendered":"https:\/\/anivet.lt\/elparduotuve\/?post_type=product&#038;p=15197"},"modified":"2025-06-19T07:31:28","modified_gmt":"2025-06-19T07:31:28","slug":"platinum-puppy-mini-sausas-pasaras-mazu-veisliu-jauniems-suniukams-su-vistiena-900-g","status":"publish","type":"product","link":"https:\/\/anivet.lt\/elparduotuve\/produktas\/platinum-puppy-mini-sausas-pasaras-mazu-veisliu-jauniems-suniukams-su-vistiena-900-g\/","title":{"rendered":"Platinum Puppy Mini sausas pa\u0161aras ma\u017e\u0173 veisli\u0173 jauniems \u0161uniukams su vi\u0161tiena 900 g"},"content":{"rendered":"<ul>\n<li style=\"font-weight: 400;\" aria-level=\"1\"><span style=\"font-weight: 400;\">Auk\u0161tas m\u0117sos kiekis: Sud\u0117tyje yra 73 % \u0161vie\u017eios vi\u0161tienos, u\u017etikrinan\u010dios kokybi\u0161k\u0173 baltym\u0173 \u0161altin\u012f.<\/span><\/li>\n<li style=\"font-weight: 400;\" aria-level=\"1\"><span style=\"font-weight: 400;\">Nat\u016bral\u016bs angliavandeniai: Ry\u017eiai suteikia ilgalaik\u0117s energijos ir yra lengvai vir\u0161kinami.<\/span><\/li>\n<li style=\"font-weight: 400;\" aria-level=\"1\"><span style=\"font-weight: 400;\">Sveikieji riebalai: \u0160alto spaudimo aliejai, \u012fskaitant lin\u0173 s\u0117men\u0173 ir alyvuogi\u0173 aliejus, u\u017etikrina optimal\u0173 riebal\u0173 balans\u0105.<\/span><\/li>\n<li style=\"font-weight: 400;\" aria-level=\"1\"><span style=\"font-weight: 400;\">Vertingos \u017eolel\u0117s ir vitaminai: Papildo \u0161uniuko racion\u0105, skatindamos med\u017eiag\u0173 apykait\u0105 ir stiprindamos imunin\u0119 sistem\u0105.<\/span><\/li>\n<li style=\"font-weight: 400;\" aria-level=\"1\"><span style=\"font-weight: 400;\">Inovatyvus gamybos b\u016bdas: Garinimo sl\u0117giu technologija i\u0161saugo maistines med\u017eiagas ir skon\u012f, o hermeti\u0161kos pakuot\u0117s u\u017etikrina \u0161vie\u017eum\u0105.<\/span><\/li>\n<\/ul>\n<p><span style=\"font-weight: 400;\">\u0160is sausas pa\u0161aras yra subalansuotas sprendimas, padedantis j\u016bs\u0173 \u0161uniukui augti stipriu, sveiku ir energingu. Puikus pasirinkimas, suteikiantis nat\u016bral\u0173 skon\u012f ir mitybos kokyb\u0119, kuri\u0105 vertins net ir i\u0161rankiausi augintiniai.<\/span><\/p>\n","protected":false},"excerpt":{"rendered":"<p><span style=\"font-weight: 400;\">\u0160is sausas pa\u0161aras su vi\u0161tiena yra specialiai sukurtas ma\u017e\u0173 veisli\u0173 jauniems \u0161uniukams, siekiant u\u017etikrinti optimal\u0173 vystym\u0105si ir ger\u0105 savijaut\u0105. Auk\u0161tos kokyb\u0117s ingredientai ir pa\u017eangus gamybos procesas garantuoja nepriekai\u0161ting\u0105 skon\u012f ir lengv\u0105 vir\u0161kinim\u0105.<\/span><\/p>\n","protected":false},"featured_media":15198,"template":"","meta":[],"product_brand":[],"product_cat":[101,103,104,319],"product_tag":[],"class_list":{"0":"post-15197","1":"product","2":"type-product","3":"status-publish","4":"has-post-thumbnail","6":"product_cat-sunims","7":"product_cat-sunu-maistas","8":"product_cat-sausas-maistas","9":"product_cat-platinum-sunu-maistas","10":"pa_prekinis-zenklas-platinum","12":"first","13":"instock","14":"taxable","15":"shipping-taxable","16":"purchasable","17":"product-type-simple"},"yoast_head":"<!-- This site is optimized with the Yoast SEO Premium plugin v27.1 (Yoast SEO v27.3) - https:\/\/yoast.com\/product\/yoast-seo-premium-wordpress\/ -->\n<title>Platinum Puppy Mini sausas pa\u0161aras ma\u017e\u0173 veisli\u0173 jauniems \u0161uniukams su vi\u0161tiena 900 g - anivet.lt<\/title>\n<meta name=\"description\" content=\"\u0160is sausas pa\u0161aras su vi\u0161tiena yra specialiai sukurtas ma\u017e\u0173 veisli\u0173 jauniems \u0161uniukams, siekiant u\u017etikrinti optimal\u0173 vystym\u0105si ir ger\u0105 savijaut\u0105. Auk\u0161tos kokyb\u0117s ingredientai ir pa\u017eangus gamybos procesas garantuoja nepriekai\u0161ting\u0105 skon\u012f ir lengv\u0105 vir\u0161kinim\u0105.\" \/>\n<meta name=\"robots\" content=\"index, follow, max-snippet:-1, max-image-preview:large, max-video-preview:-1\" \/>\n<link rel=\"canonical\" href=\"https:\/\/anivet.lt\/elparduotuve\/produktas\/platinum-puppy-mini-sausas-pasaras-mazu-veisliu-jauniems-suniukams-su-vistiena-900-g\/\" \/>\n<meta property=\"og:locale\" content=\"lt_LT\" \/>\n<meta property=\"og:type\" content=\"article\" \/>\n<meta property=\"og:title\" content=\"Platinum Puppy Mini sausas pa\u0161aras ma\u017e\u0173 veisli\u0173 jauniems \u0161uniukams su vi\u0161tiena 900 g\" \/>\n<meta property=\"og:description\" content=\"\u0160is sausas pa\u0161aras su vi\u0161tiena yra specialiai sukurtas ma\u017e\u0173 veisli\u0173 jauniems \u0161uniukams, siekiant u\u017etikrinti optimal\u0173 vystym\u0105si ir ger\u0105 savijaut\u0105. Auk\u0161tos kokyb\u0117s ingredientai ir pa\u017eangus gamybos procesas garantuoja nepriekai\u0161ting\u0105 skon\u012f ir lengv\u0105 vir\u0161kinim\u0105.\" \/>\n<meta property=\"og:url\" content=\"https:\/\/anivet.lt\/elparduotuve\/produktas\/platinum-puppy-mini-sausas-pasaras-mazu-veisliu-jauniems-suniukams-su-vistiena-900-g\/\" \/>\n<meta property=\"og:site_name\" content=\"anivet.lt\" \/>\n<meta property=\"article:modified_time\" content=\"2025-06-19T07:31:28+00:00\" \/>\n<meta property=\"og:image\" content=\"https:\/\/anivet.lt\/elparduotuve\/wp-content\/uploads\/2024\/11\/Platinum-Puppy-Mini-Chicken-900g.jpg\" \/>\n\t<meta property=\"og:image:width\" content=\"650\" \/>\n\t<meta property=\"og:image:height\" content=\"847\" \/>\n\t<meta property=\"og:image:type\" content=\"image\/jpeg\" \/>\n<meta name=\"twitter:card\" content=\"summary_large_image\" \/>\n<meta name=\"twitter:label1\" content=\"Est. reading time\" \/>\n\t<meta name=\"twitter:data1\" content=\"1 minut\u0117\" \/>\n<script type=\"application\/ld+json\" class=\"yoast-schema-graph\">{\"@context\":\"https:\\\/\\\/schema.org\",\"@graph\":[{\"@type\":\"WebPage\",\"@id\":\"https:\\\/\\\/anivet.lt\\\/elparduotuve\\\/produktas\\\/platinum-puppy-mini-sausas-pasaras-mazu-veisliu-jauniems-suniukams-su-vistiena-900-g\\\/\",\"url\":\"https:\\\/\\\/anivet.lt\\\/elparduotuve\\\/produktas\\\/platinum-puppy-mini-sausas-pasaras-mazu-veisliu-jauniems-suniukams-su-vistiena-900-g\\\/\",\"name\":\"Platinum Puppy Mini sausas pa\u0161aras ma\u017e\u0173 veisli\u0173 jauniems \u0161uniukams su vi\u0161tiena 900 g - anivet.lt\",\"isPartOf\":{\"@id\":\"https:\\\/\\\/anivet.lt\\\/elparduotuve\\\/#website\"},\"primaryImageOfPage\":{\"@id\":\"https:\\\/\\\/anivet.lt\\\/elparduotuve\\\/produktas\\\/platinum-puppy-mini-sausas-pasaras-mazu-veisliu-jauniems-suniukams-su-vistiena-900-g\\\/#primaryimage\"},\"image\":{\"@id\":\"https:\\\/\\\/anivet.lt\\\/elparduotuve\\\/produktas\\\/platinum-puppy-mini-sausas-pasaras-mazu-veisliu-jauniems-suniukams-su-vistiena-900-g\\\/#primaryimage\"},\"thumbnailUrl\":\"https:\\\/\\\/anivet.lt\\\/elparduotuve\\\/wp-content\\\/uploads\\\/2024\\\/11\\\/Platinum-Puppy-Mini-Chicken-900g.jpg\",\"datePublished\":\"2024-11-19T20:15:35+00:00\",\"dateModified\":\"2025-06-19T07:31:28+00:00\",\"description\":\"\u0160is sausas pa\u0161aras su vi\u0161tiena yra specialiai sukurtas ma\u017e\u0173 veisli\u0173 jauniems \u0161uniukams, siekiant u\u017etikrinti optimal\u0173 vystym\u0105si ir ger\u0105 savijaut\u0105. Auk\u0161tos kokyb\u0117s ingredientai ir pa\u017eangus gamybos procesas garantuoja nepriekai\u0161ting\u0105 skon\u012f ir lengv\u0105 vir\u0161kinim\u0105.\",\"breadcrumb\":{\"@id\":\"https:\\\/\\\/anivet.lt\\\/elparduotuve\\\/produktas\\\/platinum-puppy-mini-sausas-pasaras-mazu-veisliu-jauniems-suniukams-su-vistiena-900-g\\\/#breadcrumb\"},\"inLanguage\":\"lt-LT\",\"potentialAction\":[{\"@type\":\"ReadAction\",\"target\":[\"https:\\\/\\\/anivet.lt\\\/elparduotuve\\\/produktas\\\/platinum-puppy-mini-sausas-pasaras-mazu-veisliu-jauniems-suniukams-su-vistiena-900-g\\\/\"]}]},{\"@type\":\"ImageObject\",\"inLanguage\":\"lt-LT\",\"@id\":\"https:\\\/\\\/anivet.lt\\\/elparduotuve\\\/produktas\\\/platinum-puppy-mini-sausas-pasaras-mazu-veisliu-jauniems-suniukams-su-vistiena-900-g\\\/#primaryimage\",\"url\":\"https:\\\/\\\/anivet.lt\\\/elparduotuve\\\/wp-content\\\/uploads\\\/2024\\\/11\\\/Platinum-Puppy-Mini-Chicken-900g.jpg\",\"contentUrl\":\"https:\\\/\\\/anivet.lt\\\/elparduotuve\\\/wp-content\\\/uploads\\\/2024\\\/11\\\/Platinum-Puppy-Mini-Chicken-900g.jpg\",\"width\":650,\"height\":847,\"caption\":\"Platinum Puppy Mini sausas pa\u0161aras ma\u017e\u0173 veisli\u0173 jauniems \u0161uniukams su vi\u0161tiena 900 g\"},{\"@type\":\"BreadcrumbList\",\"@id\":\"https:\\\/\\\/anivet.lt\\\/elparduotuve\\\/produktas\\\/platinum-puppy-mini-sausas-pasaras-mazu-veisliu-jauniems-suniukams-su-vistiena-900-g\\\/#breadcrumb\",\"itemListElement\":[{\"@type\":\"ListItem\",\"position\":1,\"name\":\"Home\",\"item\":\"https:\\\/\\\/anivet.lt\\\/elparduotuve\\\/\"},{\"@type\":\"ListItem\",\"position\":2,\"name\":\"Produktai\",\"item\":\"https:\\\/\\\/anivet.lt\\\/elparduotuve\\\/produktai\\\/\"},{\"@type\":\"ListItem\",\"position\":3,\"name\":\"Platinum Puppy Mini sausas pa\u0161aras ma\u017e\u0173 veisli\u0173 jauniems \u0161uniukams su vi\u0161tiena 900 g\"}]},{\"@type\":\"WebSite\",\"@id\":\"https:\\\/\\\/anivet.lt\\\/elparduotuve\\\/#website\",\"url\":\"https:\\\/\\\/anivet.lt\\\/elparduotuve\\\/\",\"name\":\"anivet.lt\",\"description\":\"Viskas J\u016bs\u0173 \u0161uns, kat\u0117s prie\u017ei\u016brai\",\"publisher\":{\"@id\":\"https:\\\/\\\/anivet.lt\\\/elparduotuve\\\/#organization\"},\"alternateName\":\"Viskas J\u016bs\u0173 \u0161uns, kat\u0117s prie\u017ei\u016brai\",\"potentialAction\":[{\"@type\":\"SearchAction\",\"target\":{\"@type\":\"EntryPoint\",\"urlTemplate\":\"https:\\\/\\\/anivet.lt\\\/elparduotuve\\\/?s={search_term_string}\"},\"query-input\":{\"@type\":\"PropertyValueSpecification\",\"valueRequired\":true,\"valueName\":\"search_term_string\"}}],\"inLanguage\":\"lt-LT\"},{\"@type\":\"Organization\",\"@id\":\"https:\\\/\\\/anivet.lt\\\/elparduotuve\\\/#organization\",\"name\":\"Viskas J\u016bs\u0173 \u0161uns, kat\u0117s prie\u017ei\u016brai\",\"url\":\"https:\\\/\\\/anivet.lt\\\/elparduotuve\\\/\",\"logo\":{\"@type\":\"ImageObject\",\"inLanguage\":\"lt-LT\",\"@id\":\"https:\\\/\\\/anivet.lt\\\/elparduotuve\\\/#\\\/schema\\\/logo\\\/image\\\/\",\"url\":\"https:\\\/\\\/anivet.lt\\\/elparduotuve\\\/wp-content\\\/uploads\\\/2023\\\/06\\\/logo2.jpg\",\"contentUrl\":\"https:\\\/\\\/anivet.lt\\\/elparduotuve\\\/wp-content\\\/uploads\\\/2023\\\/06\\\/logo2.jpg\",\"width\":655,\"height\":194,\"caption\":\"Viskas J\u016bs\u0173 \u0161uns, kat\u0117s prie\u017ei\u016brai\"},\"image\":{\"@id\":\"https:\\\/\\\/anivet.lt\\\/elparduotuve\\\/#\\\/schema\\\/logo\\\/image\\\/\"}}]}<\/script>\n<!-- \/ Yoast SEO Premium plugin. -->","yoast_head_json":{"title":"Platinum Puppy Mini sausas pa\u0161aras ma\u017e\u0173 veisli\u0173 jauniems \u0161uniukams su vi\u0161tiena 900 g - anivet.lt","description":"\u0160is sausas pa\u0161aras su vi\u0161tiena yra specialiai sukurtas ma\u017e\u0173 veisli\u0173 jauniems \u0161uniukams, siekiant u\u017etikrinti optimal\u0173 vystym\u0105si ir ger\u0105 savijaut\u0105. Auk\u0161tos kokyb\u0117s ingredientai ir pa\u017eangus gamybos procesas garantuoja nepriekai\u0161ting\u0105 skon\u012f ir lengv\u0105 vir\u0161kinim\u0105.","robots":{"index":"index","follow":"follow","max-snippet":"max-snippet:-1","max-image-preview":"max-image-preview:large","max-video-preview":"max-video-preview:-1"},"canonical":"https:\/\/anivet.lt\/elparduotuve\/produktas\/platinum-puppy-mini-sausas-pasaras-mazu-veisliu-jauniems-suniukams-su-vistiena-900-g\/","og_locale":"lt_LT","og_type":"article","og_title":"Platinum Puppy Mini sausas pa\u0161aras ma\u017e\u0173 veisli\u0173 jauniems \u0161uniukams su vi\u0161tiena 900 g","og_description":"\u0160is sausas pa\u0161aras su vi\u0161tiena yra specialiai sukurtas ma\u017e\u0173 veisli\u0173 jauniems \u0161uniukams, siekiant u\u017etikrinti optimal\u0173 vystym\u0105si ir ger\u0105 savijaut\u0105. Auk\u0161tos kokyb\u0117s ingredientai ir pa\u017eangus gamybos procesas garantuoja nepriekai\u0161ting\u0105 skon\u012f ir lengv\u0105 vir\u0161kinim\u0105.","og_url":"https:\/\/anivet.lt\/elparduotuve\/produktas\/platinum-puppy-mini-sausas-pasaras-mazu-veisliu-jauniems-suniukams-su-vistiena-900-g\/","og_site_name":"anivet.lt","article_modified_time":"2025-06-19T07:31:28+00:00","og_image":[{"width":650,"height":847,"url":"https:\/\/anivet.lt\/elparduotuve\/wp-content\/uploads\/2024\/11\/Platinum-Puppy-Mini-Chicken-900g.jpg","type":"image\/jpeg"}],"twitter_card":"summary_large_image","twitter_misc":{"Est. reading time":"1 minut\u0117"},"schema":{"@context":"https:\/\/schema.org","@graph":[{"@type":"WebPage","@id":"https:\/\/anivet.lt\/elparduotuve\/produktas\/platinum-puppy-mini-sausas-pasaras-mazu-veisliu-jauniems-suniukams-su-vistiena-900-g\/","url":"https:\/\/anivet.lt\/elparduotuve\/produktas\/platinum-puppy-mini-sausas-pasaras-mazu-veisliu-jauniems-suniukams-su-vistiena-900-g\/","name":"Platinum Puppy Mini sausas pa\u0161aras ma\u017e\u0173 veisli\u0173 jauniems \u0161uniukams su vi\u0161tiena 900 g - anivet.lt","isPartOf":{"@id":"https:\/\/anivet.lt\/elparduotuve\/#website"},"primaryImageOfPage":{"@id":"https:\/\/anivet.lt\/elparduotuve\/produktas\/platinum-puppy-mini-sausas-pasaras-mazu-veisliu-jauniems-suniukams-su-vistiena-900-g\/#primaryimage"},"image":{"@id":"https:\/\/anivet.lt\/elparduotuve\/produktas\/platinum-puppy-mini-sausas-pasaras-mazu-veisliu-jauniems-suniukams-su-vistiena-900-g\/#primaryimage"},"thumbnailUrl":"https:\/\/anivet.lt\/elparduotuve\/wp-content\/uploads\/2024\/11\/Platinum-Puppy-Mini-Chicken-900g.jpg","datePublished":"2024-11-19T20:15:35+00:00","dateModified":"2025-06-19T07:31:28+00:00","description":"\u0160is sausas pa\u0161aras su vi\u0161tiena yra specialiai sukurtas ma\u017e\u0173 veisli\u0173 jauniems \u0161uniukams, siekiant u\u017etikrinti optimal\u0173 vystym\u0105si ir ger\u0105 savijaut\u0105. Auk\u0161tos kokyb\u0117s ingredientai ir pa\u017eangus gamybos procesas garantuoja nepriekai\u0161ting\u0105 skon\u012f ir lengv\u0105 vir\u0161kinim\u0105.","breadcrumb":{"@id":"https:\/\/anivet.lt\/elparduotuve\/produktas\/platinum-puppy-mini-sausas-pasaras-mazu-veisliu-jauniems-suniukams-su-vistiena-900-g\/#breadcrumb"},"inLanguage":"lt-LT","potentialAction":[{"@type":"ReadAction","target":["https:\/\/anivet.lt\/elparduotuve\/produktas\/platinum-puppy-mini-sausas-pasaras-mazu-veisliu-jauniems-suniukams-su-vistiena-900-g\/"]}]},{"@type":"ImageObject","inLanguage":"lt-LT","@id":"https:\/\/anivet.lt\/elparduotuve\/produktas\/platinum-puppy-mini-sausas-pasaras-mazu-veisliu-jauniems-suniukams-su-vistiena-900-g\/#primaryimage","url":"https:\/\/anivet.lt\/elparduotuve\/wp-content\/uploads\/2024\/11\/Platinum-Puppy-Mini-Chicken-900g.jpg","contentUrl":"https:\/\/anivet.lt\/elparduotuve\/wp-content\/uploads\/2024\/11\/Platinum-Puppy-Mini-Chicken-900g.jpg","width":650,"height":847,"caption":"Platinum Puppy Mini sausas pa\u0161aras ma\u017e\u0173 veisli\u0173 jauniems \u0161uniukams su vi\u0161tiena 900 g"},{"@type":"BreadcrumbList","@id":"https:\/\/anivet.lt\/elparduotuve\/produktas\/platinum-puppy-mini-sausas-pasaras-mazu-veisliu-jauniems-suniukams-su-vistiena-900-g\/#breadcrumb","itemListElement":[{"@type":"ListItem","position":1,"name":"Home","item":"https:\/\/anivet.lt\/elparduotuve\/"},{"@type":"ListItem","position":2,"name":"Produktai","item":"https:\/\/anivet.lt\/elparduotuve\/produktai\/"},{"@type":"ListItem","position":3,"name":"Platinum Puppy Mini sausas pa\u0161aras ma\u017e\u0173 veisli\u0173 jauniems \u0161uniukams su vi\u0161tiena 900 g"}]},{"@type":"WebSite","@id":"https:\/\/anivet.lt\/elparduotuve\/#website","url":"https:\/\/anivet.lt\/elparduotuve\/","name":"anivet.lt","description":"Viskas J\u016bs\u0173 \u0161uns, kat\u0117s prie\u017ei\u016brai","publisher":{"@id":"https:\/\/anivet.lt\/elparduotuve\/#organization"},"alternateName":"Viskas J\u016bs\u0173 \u0161uns, kat\u0117s prie\u017ei\u016brai","potentialAction":[{"@type":"SearchAction","target":{"@type":"EntryPoint","urlTemplate":"https:\/\/anivet.lt\/elparduotuve\/?s={search_term_string}"},"query-input":{"@type":"PropertyValueSpecification","valueRequired":true,"valueName":"search_term_string"}}],"inLanguage":"lt-LT"},{"@type":"Organization","@id":"https:\/\/anivet.lt\/elparduotuve\/#organization","name":"Viskas J\u016bs\u0173 \u0161uns, kat\u0117s prie\u017ei\u016brai","url":"https:\/\/anivet.lt\/elparduotuve\/","logo":{"@type":"ImageObject","inLanguage":"lt-LT","@id":"https:\/\/anivet.lt\/elparduotuve\/#\/schema\/logo\/image\/","url":"https:\/\/anivet.lt\/elparduotuve\/wp-content\/uploads\/2023\/06\/logo2.jpg","contentUrl":"https:\/\/anivet.lt\/elparduotuve\/wp-content\/uploads\/2023\/06\/logo2.jpg","width":655,"height":194,"caption":"Viskas J\u016bs\u0173 \u0161uns, kat\u0117s prie\u017ei\u016brai"},"image":{"@id":"https:\/\/anivet.lt\/elparduotuve\/#\/schema\/logo\/image\/"}}]}},"_links":{"self":[{"href":"https:\/\/anivet.lt\/elparduotuve\/wp-json\/wp\/v2\/product\/15197","targetHints":{"allow":["GET"]}}],"collection":[{"href":"https:\/\/anivet.lt\/elparduotuve\/wp-json\/wp\/v2\/product"}],"about":[{"href":"https:\/\/anivet.lt\/elparduotuve\/wp-json\/wp\/v2\/types\/product"}],"wp:featuredmedia":[{"embeddable":true,"href":"https:\/\/anivet.lt\/elparduotuve\/wp-json\/wp\/v2\/media\/15198"}],"wp:attachment":[{"href":"https:\/\/anivet.lt\/elparduotuve\/wp-json\/wp\/v2\/media?parent=15197"}],"wp:term":[{"taxonomy":"product_brand","embeddable":true,"href":"https:\/\/anivet.lt\/elparduotuve\/wp-json\/wp\/v2\/product_brand?post=15197"},{"taxonomy":"product_cat","embeddable":true,"href":"https:\/\/anivet.lt\/elparduotuve\/wp-json\/wp\/v2\/product_cat?post=15197"},{"taxonomy":"product_tag","embeddable":true,"href":"https:\/\/anivet.lt\/elparduotuve\/wp-json\/wp\/v2\/product_tag?post=15197"}],"curies":[{"name":"wp","href":"https:\/\/api.w.org\/{rel}","templated":true}]}}