{"id":15208,"date":"2024-11-19T21:01:12","date_gmt":"2024-11-19T21:01:12","guid":{"rendered":"https:\/\/anivet.lt\/elparduotuve\/?post_type=product&#038;p=15208"},"modified":"2026-02-06T17:28:28","modified_gmt":"2026-02-06T17:28:28","slug":"platinum-adult-mini-sausas-pasaras-mazu-veisliu-sunims-su-vistiena-900-g","status":"publish","type":"product","link":"https:\/\/anivet.lt\/elparduotuve\/produktas\/platinum-adult-mini-sausas-pasaras-mazu-veisliu-sunims-su-vistiena-900-g\/","title":{"rendered":"Platinum Adult Mini sausas pa\u0161aras ma\u017e\u0173 veisli\u0173 \u0161unims su vi\u0161tiena 900 g"},"content":{"rendered":"<ul>\n<li style=\"font-weight: 400;\" aria-level=\"1\"><span style=\"font-weight: 400;\">Auk\u0161tas m\u0117sos kiekis: 70% \u0161vie\u017eios vi\u0161tienos, u\u017etikrinant auk\u0161tos kokyb\u0117s baltym\u0173 \u0161altin\u012f raumen\u0173 palaikymui.<\/span><\/li>\n<li style=\"font-weight: 400;\" aria-level=\"1\"><span style=\"font-weight: 400;\">Nat\u016bral\u016bs ingredientai: Kukur\u016bzai ir ry\u017eiai kaip auk\u0161tos kokyb\u0117s angliavandeni\u0173 \u0161altinis energijai.<\/span><\/li>\n<li style=\"font-weight: 400;\" aria-level=\"1\"><span style=\"font-weight: 400;\">Sveikatai naudingi papildai: \u017dali\u0173j\u0173 midij\u0173 ekstraktas stiprina s\u0105narius, \u0161alto spaudimo aliejai palaiko odos ir kailio sveikat\u0105.<\/span><\/li>\n<li style=\"font-weight: 400;\" aria-level=\"1\"><span style=\"font-weight: 400;\">Lengvai vir\u0161kinamas: Puikiai tinka jautr\u0173 skrand\u012f turintiems \u0161unims.<\/span><\/li>\n<li style=\"font-weight: 400;\" aria-level=\"1\"><span style=\"font-weight: 400;\">\u0160vie\u017eumo garantija: Hermeti\u0161ka aliuminio pakuot\u0117 u\u017etikrina produkto \u0161vie\u017eum\u0105 iki paskutinio k\u0105snio.<\/span><\/li>\n<li style=\"font-weight: 400;\" aria-level=\"1\"><span style=\"font-weight: 400;\">Be kenksming\u0173 pried\u0173: N\u0117ra skonio stiprikli\u0173, da\u017eikli\u0173 ar kvapi\u0173j\u0173 med\u017eiag\u0173.<\/span><\/li>\n<\/ul>\n<p><span style=\"font-weight: 400;\">\u201ePlatinum Adult Mini\u201d su vi\u0161tiena yra auk\u0161tos kokyb\u0117s maistas, kuris atitinka visus ma\u017e\u0173 veisli\u0173 \u0161un\u0173 mitybos poreikius. Jame gausu nauding\u0173 vitamin\u0173, mineral\u0173 bei nat\u016brali\u0173 ingredient\u0173, kurie palaiko j\u016bs\u0173 augintinio sveikat\u0105, energij\u0105 ir ger\u0105 savijaut\u0105 kiekvien\u0105 dien\u0105.<\/span><\/p>\n","protected":false},"excerpt":{"rendered":"<p lang=\"lt-LT\"><span style=\"font-weight: 400;\">Visavertis ir subalansuotas pa\u0161aras, pagamintas i\u0161 70% \u0161vie\u017eios vi\u0161tienos bei auk\u0161tos kokyb\u0117s angliavandeni\u0173, toki\u0173 kaip ry\u017eiai ir kukur\u016bzai. Jis skirtas ma\u017e\u0173 veisli\u0173 \u0161unims, u\u017etikrinant lengv\u0105 vir\u0161kinim\u0105 ir reikaling\u0173 maistini\u0173 med\u017eiag\u0173 balans\u0105. \u0160is pa\u0161aras gaminamas taikant \u0161veln\u0173 \u201egarinimo sl\u0117giu\u201c metod\u0105, i\u0161saugant naudingas med\u017eiagas ir skon\u012f.<\/span><\/p>\n","protected":false},"featured_media":15209,"template":"","meta":[],"product_brand":[],"product_cat":[101,103,104,319],"product_tag":[],"class_list":{"0":"post-15208","1":"product","2":"type-product","3":"status-publish","4":"has-post-thumbnail","6":"product_cat-sunims","7":"product_cat-sunu-maistas","8":"product_cat-sausas-maistas","9":"product_cat-platinum-sunu-maistas","10":"pa_prekinis-zenklas-platinum","12":"first","13":"instock","14":"taxable","15":"shipping-taxable","16":"purchasable","17":"product-type-simple"},"yoast_head":"<!-- This site is optimized with the Yoast SEO Premium plugin v27.1 (Yoast SEO v27.5) - https:\/\/yoast.com\/product\/yoast-seo-premium-wordpress\/ -->\n<title>Platinum Adult Mini sausas pa\u0161aras ma\u017e\u0173 veisli\u0173 \u0161unims su vi\u0161tiena 900 g - anivet.lt<\/title>\n<meta name=\"description\" content=\"Visavertis ir subalansuotas pa\u0161aras, pagamintas i\u0161 70% \u0161vie\u017eios vi\u0161tienos bei auk\u0161tos kokyb\u0117s angliavandeni\u0173, toki\u0173 kaip ry\u017eiai ir kukur\u016bzai. Jis skirtas ma\u017e\u0173 veisli\u0173 \u0161unims, u\u017etikrinant lengv\u0105 vir\u0161kinim\u0105 ir reikaling\u0173 maistini\u0173 med\u017eiag\u0173 balans\u0105. \u0160is pa\u0161aras gaminamas taikant \u0161veln\u0173 \u201egarinimo sl\u0117giu\u201c metod\u0105, i\u0161saugant naudingas med\u017eiagas ir skon\u012f.\" \/>\n<meta name=\"robots\" content=\"index, follow, max-snippet:-1, max-image-preview:large, max-video-preview:-1\" \/>\n<link rel=\"canonical\" href=\"https:\/\/anivet.lt\/elparduotuve\/produktas\/platinum-adult-mini-sausas-pasaras-mazu-veisliu-sunims-su-vistiena-900-g\/\" \/>\n<meta property=\"og:locale\" content=\"lt_LT\" \/>\n<meta property=\"og:type\" content=\"article\" \/>\n<meta property=\"og:title\" content=\"Platinum Adult Mini sausas pa\u0161aras ma\u017e\u0173 veisli\u0173 \u0161unims su vi\u0161tiena 900 g\" \/>\n<meta property=\"og:description\" content=\"Visavertis ir subalansuotas pa\u0161aras, pagamintas i\u0161 70% \u0161vie\u017eios vi\u0161tienos bei auk\u0161tos kokyb\u0117s angliavandeni\u0173, toki\u0173 kaip ry\u017eiai ir kukur\u016bzai. Jis skirtas ma\u017e\u0173 veisli\u0173 \u0161unims, u\u017etikrinant lengv\u0105 vir\u0161kinim\u0105 ir reikaling\u0173 maistini\u0173 med\u017eiag\u0173 balans\u0105. \u0160is pa\u0161aras gaminamas taikant \u0161veln\u0173 \u201egarinimo sl\u0117giu\u201c metod\u0105, i\u0161saugant naudingas med\u017eiagas ir skon\u012f.\" \/>\n<meta property=\"og:url\" content=\"https:\/\/anivet.lt\/elparduotuve\/produktas\/platinum-adult-mini-sausas-pasaras-mazu-veisliu-sunims-su-vistiena-900-g\/\" \/>\n<meta property=\"og:site_name\" content=\"anivet.lt\" \/>\n<meta property=\"article:modified_time\" content=\"2026-02-06T17:28:28+00:00\" \/>\n<meta property=\"og:image\" content=\"https:\/\/anivet.lt\/elparduotuve\/wp-content\/uploads\/2024\/11\/Platinum-Adult-Mini-Chicken-900g.jpg\" \/>\n\t<meta property=\"og:image:width\" content=\"650\" \/>\n\t<meta property=\"og:image:height\" content=\"847\" \/>\n\t<meta property=\"og:image:type\" content=\"image\/jpeg\" \/>\n<meta name=\"twitter:card\" content=\"summary_large_image\" \/>\n<meta name=\"twitter:label1\" content=\"Est. reading time\" \/>\n\t<meta name=\"twitter:data1\" content=\"1 minut\u0117\" \/>\n<script type=\"application\/ld+json\" class=\"yoast-schema-graph\">{\"@context\":\"https:\\\/\\\/schema.org\",\"@graph\":[{\"@type\":\"WebPage\",\"@id\":\"https:\\\/\\\/anivet.lt\\\/elparduotuve\\\/produktas\\\/platinum-adult-mini-sausas-pasaras-mazu-veisliu-sunims-su-vistiena-900-g\\\/\",\"url\":\"https:\\\/\\\/anivet.lt\\\/elparduotuve\\\/produktas\\\/platinum-adult-mini-sausas-pasaras-mazu-veisliu-sunims-su-vistiena-900-g\\\/\",\"name\":\"Platinum Adult Mini sausas pa\u0161aras ma\u017e\u0173 veisli\u0173 \u0161unims su vi\u0161tiena 900 g - anivet.lt\",\"isPartOf\":{\"@id\":\"https:\\\/\\\/anivet.lt\\\/elparduotuve\\\/#website\"},\"primaryImageOfPage\":{\"@id\":\"https:\\\/\\\/anivet.lt\\\/elparduotuve\\\/produktas\\\/platinum-adult-mini-sausas-pasaras-mazu-veisliu-sunims-su-vistiena-900-g\\\/#primaryimage\"},\"image\":{\"@id\":\"https:\\\/\\\/anivet.lt\\\/elparduotuve\\\/produktas\\\/platinum-adult-mini-sausas-pasaras-mazu-veisliu-sunims-su-vistiena-900-g\\\/#primaryimage\"},\"thumbnailUrl\":\"https:\\\/\\\/anivet.lt\\\/elparduotuve\\\/wp-content\\\/uploads\\\/2024\\\/11\\\/Platinum-Adult-Mini-Chicken-900g.jpg\",\"datePublished\":\"2024-11-19T21:01:12+00:00\",\"dateModified\":\"2026-02-06T17:28:28+00:00\",\"description\":\"Visavertis ir subalansuotas pa\u0161aras, pagamintas i\u0161 70% \u0161vie\u017eios vi\u0161tienos bei auk\u0161tos kokyb\u0117s angliavandeni\u0173, toki\u0173 kaip ry\u017eiai ir kukur\u016bzai. Jis skirtas ma\u017e\u0173 veisli\u0173 \u0161unims, u\u017etikrinant lengv\u0105 vir\u0161kinim\u0105 ir reikaling\u0173 maistini\u0173 med\u017eiag\u0173 balans\u0105. \u0160is pa\u0161aras gaminamas taikant \u0161veln\u0173 \u201egarinimo sl\u0117giu\u201c metod\u0105, i\u0161saugant naudingas med\u017eiagas ir skon\u012f.\",\"breadcrumb\":{\"@id\":\"https:\\\/\\\/anivet.lt\\\/elparduotuve\\\/produktas\\\/platinum-adult-mini-sausas-pasaras-mazu-veisliu-sunims-su-vistiena-900-g\\\/#breadcrumb\"},\"inLanguage\":\"lt-LT\",\"potentialAction\":[{\"@type\":\"ReadAction\",\"target\":[\"https:\\\/\\\/anivet.lt\\\/elparduotuve\\\/produktas\\\/platinum-adult-mini-sausas-pasaras-mazu-veisliu-sunims-su-vistiena-900-g\\\/\"]}]},{\"@type\":\"ImageObject\",\"inLanguage\":\"lt-LT\",\"@id\":\"https:\\\/\\\/anivet.lt\\\/elparduotuve\\\/produktas\\\/platinum-adult-mini-sausas-pasaras-mazu-veisliu-sunims-su-vistiena-900-g\\\/#primaryimage\",\"url\":\"https:\\\/\\\/anivet.lt\\\/elparduotuve\\\/wp-content\\\/uploads\\\/2024\\\/11\\\/Platinum-Adult-Mini-Chicken-900g.jpg\",\"contentUrl\":\"https:\\\/\\\/anivet.lt\\\/elparduotuve\\\/wp-content\\\/uploads\\\/2024\\\/11\\\/Platinum-Adult-Mini-Chicken-900g.jpg\",\"width\":650,\"height\":847,\"caption\":\"Platinum Adult Mini sausas pa\u0161aras ma\u017e\u0173 veisli\u0173 \u0161unims su vi\u0161tiena 900 g\"},{\"@type\":\"BreadcrumbList\",\"@id\":\"https:\\\/\\\/anivet.lt\\\/elparduotuve\\\/produktas\\\/platinum-adult-mini-sausas-pasaras-mazu-veisliu-sunims-su-vistiena-900-g\\\/#breadcrumb\",\"itemListElement\":[{\"@type\":\"ListItem\",\"position\":1,\"name\":\"Home\",\"item\":\"https:\\\/\\\/anivet.lt\\\/elparduotuve\\\/\"},{\"@type\":\"ListItem\",\"position\":2,\"name\":\"Produktai\",\"item\":\"https:\\\/\\\/anivet.lt\\\/elparduotuve\\\/produktai\\\/\"},{\"@type\":\"ListItem\",\"position\":3,\"name\":\"Platinum Adult Mini sausas pa\u0161aras ma\u017e\u0173 veisli\u0173 \u0161unims su vi\u0161tiena 900 g\"}]},{\"@type\":\"WebSite\",\"@id\":\"https:\\\/\\\/anivet.lt\\\/elparduotuve\\\/#website\",\"url\":\"https:\\\/\\\/anivet.lt\\\/elparduotuve\\\/\",\"name\":\"anivet.lt\",\"description\":\"Viskas J\u016bs\u0173 \u0161uns, kat\u0117s prie\u017ei\u016brai\",\"publisher\":{\"@id\":\"https:\\\/\\\/anivet.lt\\\/elparduotuve\\\/#organization\"},\"alternateName\":\"Viskas J\u016bs\u0173 \u0161uns, kat\u0117s prie\u017ei\u016brai\",\"potentialAction\":[{\"@type\":\"SearchAction\",\"target\":{\"@type\":\"EntryPoint\",\"urlTemplate\":\"https:\\\/\\\/anivet.lt\\\/elparduotuve\\\/?s={search_term_string}\"},\"query-input\":{\"@type\":\"PropertyValueSpecification\",\"valueRequired\":true,\"valueName\":\"search_term_string\"}}],\"inLanguage\":\"lt-LT\"},{\"@type\":\"Organization\",\"@id\":\"https:\\\/\\\/anivet.lt\\\/elparduotuve\\\/#organization\",\"name\":\"Viskas J\u016bs\u0173 \u0161uns, kat\u0117s prie\u017ei\u016brai\",\"url\":\"https:\\\/\\\/anivet.lt\\\/elparduotuve\\\/\",\"logo\":{\"@type\":\"ImageObject\",\"inLanguage\":\"lt-LT\",\"@id\":\"https:\\\/\\\/anivet.lt\\\/elparduotuve\\\/#\\\/schema\\\/logo\\\/image\\\/\",\"url\":\"https:\\\/\\\/anivet.lt\\\/elparduotuve\\\/wp-content\\\/uploads\\\/2023\\\/06\\\/logo2.jpg\",\"contentUrl\":\"https:\\\/\\\/anivet.lt\\\/elparduotuve\\\/wp-content\\\/uploads\\\/2023\\\/06\\\/logo2.jpg\",\"width\":655,\"height\":194,\"caption\":\"Viskas J\u016bs\u0173 \u0161uns, kat\u0117s prie\u017ei\u016brai\"},\"image\":{\"@id\":\"https:\\\/\\\/anivet.lt\\\/elparduotuve\\\/#\\\/schema\\\/logo\\\/image\\\/\"}}]}<\/script>\n<!-- \/ Yoast SEO Premium plugin. -->","yoast_head_json":{"title":"Platinum Adult Mini sausas pa\u0161aras ma\u017e\u0173 veisli\u0173 \u0161unims su vi\u0161tiena 900 g - anivet.lt","description":"Visavertis ir subalansuotas pa\u0161aras, pagamintas i\u0161 70% \u0161vie\u017eios vi\u0161tienos bei auk\u0161tos kokyb\u0117s angliavandeni\u0173, toki\u0173 kaip ry\u017eiai ir kukur\u016bzai. Jis skirtas ma\u017e\u0173 veisli\u0173 \u0161unims, u\u017etikrinant lengv\u0105 vir\u0161kinim\u0105 ir reikaling\u0173 maistini\u0173 med\u017eiag\u0173 balans\u0105. \u0160is pa\u0161aras gaminamas taikant \u0161veln\u0173 \u201egarinimo sl\u0117giu\u201c metod\u0105, i\u0161saugant naudingas med\u017eiagas ir skon\u012f.","robots":{"index":"index","follow":"follow","max-snippet":"max-snippet:-1","max-image-preview":"max-image-preview:large","max-video-preview":"max-video-preview:-1"},"canonical":"https:\/\/anivet.lt\/elparduotuve\/produktas\/platinum-adult-mini-sausas-pasaras-mazu-veisliu-sunims-su-vistiena-900-g\/","og_locale":"lt_LT","og_type":"article","og_title":"Platinum Adult Mini sausas pa\u0161aras ma\u017e\u0173 veisli\u0173 \u0161unims su vi\u0161tiena 900 g","og_description":"Visavertis ir subalansuotas pa\u0161aras, pagamintas i\u0161 70% \u0161vie\u017eios vi\u0161tienos bei auk\u0161tos kokyb\u0117s angliavandeni\u0173, toki\u0173 kaip ry\u017eiai ir kukur\u016bzai. Jis skirtas ma\u017e\u0173 veisli\u0173 \u0161unims, u\u017etikrinant lengv\u0105 vir\u0161kinim\u0105 ir reikaling\u0173 maistini\u0173 med\u017eiag\u0173 balans\u0105. \u0160is pa\u0161aras gaminamas taikant \u0161veln\u0173 \u201egarinimo sl\u0117giu\u201c metod\u0105, i\u0161saugant naudingas med\u017eiagas ir skon\u012f.","og_url":"https:\/\/anivet.lt\/elparduotuve\/produktas\/platinum-adult-mini-sausas-pasaras-mazu-veisliu-sunims-su-vistiena-900-g\/","og_site_name":"anivet.lt","article_modified_time":"2026-02-06T17:28:28+00:00","og_image":[{"width":650,"height":847,"url":"https:\/\/anivet.lt\/elparduotuve\/wp-content\/uploads\/2024\/11\/Platinum-Adult-Mini-Chicken-900g.jpg","type":"image\/jpeg"}],"twitter_card":"summary_large_image","twitter_misc":{"Est. reading time":"1 minut\u0117"},"schema":{"@context":"https:\/\/schema.org","@graph":[{"@type":"WebPage","@id":"https:\/\/anivet.lt\/elparduotuve\/produktas\/platinum-adult-mini-sausas-pasaras-mazu-veisliu-sunims-su-vistiena-900-g\/","url":"https:\/\/anivet.lt\/elparduotuve\/produktas\/platinum-adult-mini-sausas-pasaras-mazu-veisliu-sunims-su-vistiena-900-g\/","name":"Platinum Adult Mini sausas pa\u0161aras ma\u017e\u0173 veisli\u0173 \u0161unims su vi\u0161tiena 900 g - anivet.lt","isPartOf":{"@id":"https:\/\/anivet.lt\/elparduotuve\/#website"},"primaryImageOfPage":{"@id":"https:\/\/anivet.lt\/elparduotuve\/produktas\/platinum-adult-mini-sausas-pasaras-mazu-veisliu-sunims-su-vistiena-900-g\/#primaryimage"},"image":{"@id":"https:\/\/anivet.lt\/elparduotuve\/produktas\/platinum-adult-mini-sausas-pasaras-mazu-veisliu-sunims-su-vistiena-900-g\/#primaryimage"},"thumbnailUrl":"https:\/\/anivet.lt\/elparduotuve\/wp-content\/uploads\/2024\/11\/Platinum-Adult-Mini-Chicken-900g.jpg","datePublished":"2024-11-19T21:01:12+00:00","dateModified":"2026-02-06T17:28:28+00:00","description":"Visavertis ir subalansuotas pa\u0161aras, pagamintas i\u0161 70% \u0161vie\u017eios vi\u0161tienos bei auk\u0161tos kokyb\u0117s angliavandeni\u0173, toki\u0173 kaip ry\u017eiai ir kukur\u016bzai. Jis skirtas ma\u017e\u0173 veisli\u0173 \u0161unims, u\u017etikrinant lengv\u0105 vir\u0161kinim\u0105 ir reikaling\u0173 maistini\u0173 med\u017eiag\u0173 balans\u0105. \u0160is pa\u0161aras gaminamas taikant \u0161veln\u0173 \u201egarinimo sl\u0117giu\u201c metod\u0105, i\u0161saugant naudingas med\u017eiagas ir skon\u012f.","breadcrumb":{"@id":"https:\/\/anivet.lt\/elparduotuve\/produktas\/platinum-adult-mini-sausas-pasaras-mazu-veisliu-sunims-su-vistiena-900-g\/#breadcrumb"},"inLanguage":"lt-LT","potentialAction":[{"@type":"ReadAction","target":["https:\/\/anivet.lt\/elparduotuve\/produktas\/platinum-adult-mini-sausas-pasaras-mazu-veisliu-sunims-su-vistiena-900-g\/"]}]},{"@type":"ImageObject","inLanguage":"lt-LT","@id":"https:\/\/anivet.lt\/elparduotuve\/produktas\/platinum-adult-mini-sausas-pasaras-mazu-veisliu-sunims-su-vistiena-900-g\/#primaryimage","url":"https:\/\/anivet.lt\/elparduotuve\/wp-content\/uploads\/2024\/11\/Platinum-Adult-Mini-Chicken-900g.jpg","contentUrl":"https:\/\/anivet.lt\/elparduotuve\/wp-content\/uploads\/2024\/11\/Platinum-Adult-Mini-Chicken-900g.jpg","width":650,"height":847,"caption":"Platinum Adult Mini sausas pa\u0161aras ma\u017e\u0173 veisli\u0173 \u0161unims su vi\u0161tiena 900 g"},{"@type":"BreadcrumbList","@id":"https:\/\/anivet.lt\/elparduotuve\/produktas\/platinum-adult-mini-sausas-pasaras-mazu-veisliu-sunims-su-vistiena-900-g\/#breadcrumb","itemListElement":[{"@type":"ListItem","position":1,"name":"Home","item":"https:\/\/anivet.lt\/elparduotuve\/"},{"@type":"ListItem","position":2,"name":"Produktai","item":"https:\/\/anivet.lt\/elparduotuve\/produktai\/"},{"@type":"ListItem","position":3,"name":"Platinum Adult Mini sausas pa\u0161aras ma\u017e\u0173 veisli\u0173 \u0161unims su vi\u0161tiena 900 g"}]},{"@type":"WebSite","@id":"https:\/\/anivet.lt\/elparduotuve\/#website","url":"https:\/\/anivet.lt\/elparduotuve\/","name":"anivet.lt","description":"Viskas J\u016bs\u0173 \u0161uns, kat\u0117s prie\u017ei\u016brai","publisher":{"@id":"https:\/\/anivet.lt\/elparduotuve\/#organization"},"alternateName":"Viskas J\u016bs\u0173 \u0161uns, kat\u0117s prie\u017ei\u016brai","potentialAction":[{"@type":"SearchAction","target":{"@type":"EntryPoint","urlTemplate":"https:\/\/anivet.lt\/elparduotuve\/?s={search_term_string}"},"query-input":{"@type":"PropertyValueSpecification","valueRequired":true,"valueName":"search_term_string"}}],"inLanguage":"lt-LT"},{"@type":"Organization","@id":"https:\/\/anivet.lt\/elparduotuve\/#organization","name":"Viskas J\u016bs\u0173 \u0161uns, kat\u0117s prie\u017ei\u016brai","url":"https:\/\/anivet.lt\/elparduotuve\/","logo":{"@type":"ImageObject","inLanguage":"lt-LT","@id":"https:\/\/anivet.lt\/elparduotuve\/#\/schema\/logo\/image\/","url":"https:\/\/anivet.lt\/elparduotuve\/wp-content\/uploads\/2023\/06\/logo2.jpg","contentUrl":"https:\/\/anivet.lt\/elparduotuve\/wp-content\/uploads\/2023\/06\/logo2.jpg","width":655,"height":194,"caption":"Viskas J\u016bs\u0173 \u0161uns, kat\u0117s prie\u017ei\u016brai"},"image":{"@id":"https:\/\/anivet.lt\/elparduotuve\/#\/schema\/logo\/image\/"}}]}},"_links":{"self":[{"href":"https:\/\/anivet.lt\/elparduotuve\/wp-json\/wp\/v2\/product\/15208","targetHints":{"allow":["GET"]}}],"collection":[{"href":"https:\/\/anivet.lt\/elparduotuve\/wp-json\/wp\/v2\/product"}],"about":[{"href":"https:\/\/anivet.lt\/elparduotuve\/wp-json\/wp\/v2\/types\/product"}],"wp:featuredmedia":[{"embeddable":true,"href":"https:\/\/anivet.lt\/elparduotuve\/wp-json\/wp\/v2\/media\/15209"}],"wp:attachment":[{"href":"https:\/\/anivet.lt\/elparduotuve\/wp-json\/wp\/v2\/media?parent=15208"}],"wp:term":[{"taxonomy":"product_brand","embeddable":true,"href":"https:\/\/anivet.lt\/elparduotuve\/wp-json\/wp\/v2\/product_brand?post=15208"},{"taxonomy":"product_cat","embeddable":true,"href":"https:\/\/anivet.lt\/elparduotuve\/wp-json\/wp\/v2\/product_cat?post=15208"},{"taxonomy":"product_tag","embeddable":true,"href":"https:\/\/anivet.lt\/elparduotuve\/wp-json\/wp\/v2\/product_tag?post=15208"}],"curies":[{"name":"wp","href":"https:\/\/api.w.org\/{rel}","templated":true}]}}