{"id":15210,"date":"2024-11-19T21:27:56","date_gmt":"2024-11-19T21:27:56","guid":{"rendered":"https:\/\/anivet.lt\/elparduotuve\/?post_type=product&#038;p=15210"},"modified":"2026-03-07T06:33:40","modified_gmt":"2026-03-07T06:33:40","slug":"platinum-vetactive-sensitive-pasaras-jautriam-virskinimo-traktui-sunims","status":"publish","type":"product","link":"https:\/\/anivet.lt\/elparduotuve\/produktas\/platinum-vetactive-sensitive-pasaras-jautriam-virskinimo-traktui-sunims\/","title":{"rendered":"Platinum VetActive Sensitive pa\u0161aras jautriam vir\u0161kinimo traktui \u0161unims"},"content":{"rendered":"<ul>\n<li style=\"font-weight: 400;\" aria-level=\"1\"><span style=\"font-weight: 400;\">Auk\u0161tas m\u0117sos kiekis: Sud\u0117tyje yra 70 % \u0161vie\u017eios kalakutienos, u\u017etikrinan\u010dios kokybi\u0161k\u0173 baltym\u0173 \u0161altin\u012f.<\/span><\/li>\n<li style=\"font-weight: 400;\" aria-level=\"1\"><span style=\"font-weight: 400;\">Be glitimo: N\u0117ra kvie\u010di\u0173, soj\u0173 ar GMO, tod\u0117l tinka jautriems \u0161unims.<\/span><\/li>\n<li style=\"font-weight: 400;\" aria-level=\"1\"><span style=\"font-weight: 400;\">Lengvas vir\u0161kinimas: Sudedamosios dalys parinktos taip, kad b\u016bt\u0173 lengvai toleruojamos ir neapkraut\u0173 vir\u0161kinimo sistemos.<\/span><\/li>\n<li style=\"font-weight: 400;\" aria-level=\"1\"><span style=\"font-weight: 400;\">Nat\u016bral\u016bs priedai: Praturtintas \u017eolel\u0117mis, augalin\u0117mis skaidulomis bei omega-3 riebal\u0173 r\u016bg\u0161timis i\u0161 la\u0161i\u0161\u0173 aliejaus, kurie skatina ger\u0105 savijaut\u0105.<\/span><\/li>\n<li style=\"font-weight: 400;\" aria-level=\"1\"><span style=\"font-weight: 400;\">Inovatyvus gamybos b\u016bdas: \u0160velnus garinimas sl\u0117giu i\u0161saugo maistines med\u017eiagas ir nat\u016bral\u0173 aromat\u0105.<\/span><\/li>\n<\/ul>\n<p><span style=\"font-weight: 400;\">\u0160is pa\u0161aras yra subalansuotas ir skanus sprendimas, padedantis palaikyti j\u016bs\u0173 \u0161uns sveikat\u0105 ir energij\u0105. Puikus pasirinkimas kasdieniam \u0161\u0117rimui, siekiant u\u017etikrinti ger\u0105 vir\u0161kinim\u0105 ir puiki\u0105 gyvenimo kokyb\u0119.<\/span><\/p>\n","protected":false},"excerpt":{"rendered":"<p><span style=\"font-weight: 400;\">Pa\u0161aras \u0161unims su jautriu vir\u0161kinimo traktu. Nat\u016brali sud\u0117tis ir auk\u0161tos kokyb\u0117s ingredientai u\u017etikrina lengv\u0105 vir\u0161kinim\u0105 bei subalansuot\u0105 mityb\u0105. Pa\u0161aro gamybos technologija i\u0161saugo visas vertingas med\u017eiagas ir skon\u012f.<\/span><\/p>\n","protected":false},"featured_media":15211,"template":"","meta":[],"product_brand":[],"product_cat":[101,103,107,319],"product_tag":[],"class_list":{"0":"post-15210","1":"product","2":"type-product","3":"status-publish","4":"has-post-thumbnail","6":"product_cat-sunims","7":"product_cat-sunu-maistas","8":"product_cat-veterinarine-dieta","9":"product_cat-platinum-sunu-maistas","10":"pa_prekinis-zenklas-platinum","12":"first","13":"instock","14":"taxable","15":"shipping-taxable","16":"purchasable","17":"product-type-variable"},"yoast_head":"<!-- This site is optimized with the Yoast SEO Premium plugin v27.1 (Yoast SEO v27.5) - https:\/\/yoast.com\/product\/yoast-seo-premium-wordpress\/ -->\n<title>Platinum VetActive Sensitive pa\u0161aras jautriam vir\u0161kinimo traktui \u0161unims - anivet.lt<\/title>\n<meta name=\"description\" content=\"Pa\u0161aras \u0161unims su jautriu vir\u0161kinimo traktu. Nat\u016brali sud\u0117tis ir auk\u0161tos kokyb\u0117s ingredientai u\u017etikrina lengv\u0105 vir\u0161kinim\u0105 bei subalansuot\u0105 mityb\u0105. Pa\u0161aro gamybos technologija i\u0161saugo visas vertingas med\u017eiagas ir skon\u012f.\" \/>\n<meta name=\"robots\" content=\"index, follow, max-snippet:-1, max-image-preview:large, max-video-preview:-1\" \/>\n<link rel=\"canonical\" href=\"https:\/\/anivet.lt\/elparduotuve\/produktas\/platinum-vetactive-sensitive-pasaras-jautriam-virskinimo-traktui-sunims\/\" \/>\n<meta property=\"og:locale\" content=\"lt_LT\" \/>\n<meta property=\"og:type\" content=\"article\" \/>\n<meta property=\"og:title\" content=\"Platinum VetActive Sensitive pa\u0161aras jautriam vir\u0161kinimo traktui \u0161unims\" \/>\n<meta property=\"og:description\" content=\"Pa\u0161aras \u0161unims su jautriu vir\u0161kinimo traktu. Nat\u016brali sud\u0117tis ir auk\u0161tos kokyb\u0117s ingredientai u\u017etikrina lengv\u0105 vir\u0161kinim\u0105 bei subalansuot\u0105 mityb\u0105. Pa\u0161aro gamybos technologija i\u0161saugo visas vertingas med\u017eiagas ir skon\u012f.\" \/>\n<meta property=\"og:url\" content=\"https:\/\/anivet.lt\/elparduotuve\/produktas\/platinum-vetactive-sensitive-pasaras-jautriam-virskinimo-traktui-sunims\/\" \/>\n<meta property=\"og:site_name\" content=\"anivet.lt\" \/>\n<meta property=\"article:modified_time\" content=\"2026-03-07T06:33:40+00:00\" \/>\n<meta property=\"og:image\" content=\"https:\/\/anivet.lt\/elparduotuve\/wp-content\/uploads\/2024\/11\/Platinum-VetActive-Sensitive.png\" \/>\n\t<meta property=\"og:image:width\" content=\"600\" \/>\n\t<meta property=\"og:image:height\" content=\"600\" \/>\n\t<meta property=\"og:image:type\" content=\"image\/png\" \/>\n<meta name=\"twitter:card\" content=\"summary_large_image\" \/>\n<meta name=\"twitter:label1\" content=\"Est. reading time\" \/>\n\t<meta name=\"twitter:data1\" content=\"1 minut\u0117\" \/>\n<script type=\"application\/ld+json\" class=\"yoast-schema-graph\">{\"@context\":\"https:\\\/\\\/schema.org\",\"@graph\":[{\"@type\":\"WebPage\",\"@id\":\"https:\\\/\\\/anivet.lt\\\/elparduotuve\\\/produktas\\\/platinum-vetactive-sensitive-pasaras-jautriam-virskinimo-traktui-sunims\\\/\",\"url\":\"https:\\\/\\\/anivet.lt\\\/elparduotuve\\\/produktas\\\/platinum-vetactive-sensitive-pasaras-jautriam-virskinimo-traktui-sunims\\\/\",\"name\":\"Platinum VetActive Sensitive pa\u0161aras jautriam vir\u0161kinimo traktui \u0161unims - anivet.lt\",\"isPartOf\":{\"@id\":\"https:\\\/\\\/anivet.lt\\\/elparduotuve\\\/#website\"},\"primaryImageOfPage\":{\"@id\":\"https:\\\/\\\/anivet.lt\\\/elparduotuve\\\/produktas\\\/platinum-vetactive-sensitive-pasaras-jautriam-virskinimo-traktui-sunims\\\/#primaryimage\"},\"image\":{\"@id\":\"https:\\\/\\\/anivet.lt\\\/elparduotuve\\\/produktas\\\/platinum-vetactive-sensitive-pasaras-jautriam-virskinimo-traktui-sunims\\\/#primaryimage\"},\"thumbnailUrl\":\"https:\\\/\\\/anivet.lt\\\/elparduotuve\\\/wp-content\\\/uploads\\\/2024\\\/11\\\/Platinum-VetActive-Sensitive.png\",\"datePublished\":\"2024-11-19T21:27:56+00:00\",\"dateModified\":\"2026-03-07T06:33:40+00:00\",\"description\":\"Pa\u0161aras \u0161unims su jautriu vir\u0161kinimo traktu. Nat\u016brali sud\u0117tis ir auk\u0161tos kokyb\u0117s ingredientai u\u017etikrina lengv\u0105 vir\u0161kinim\u0105 bei subalansuot\u0105 mityb\u0105. Pa\u0161aro gamybos technologija i\u0161saugo visas vertingas med\u017eiagas ir skon\u012f.\",\"breadcrumb\":{\"@id\":\"https:\\\/\\\/anivet.lt\\\/elparduotuve\\\/produktas\\\/platinum-vetactive-sensitive-pasaras-jautriam-virskinimo-traktui-sunims\\\/#breadcrumb\"},\"inLanguage\":\"lt-LT\",\"potentialAction\":[{\"@type\":\"ReadAction\",\"target\":[\"https:\\\/\\\/anivet.lt\\\/elparduotuve\\\/produktas\\\/platinum-vetactive-sensitive-pasaras-jautriam-virskinimo-traktui-sunims\\\/\"]}]},{\"@type\":\"ImageObject\",\"inLanguage\":\"lt-LT\",\"@id\":\"https:\\\/\\\/anivet.lt\\\/elparduotuve\\\/produktas\\\/platinum-vetactive-sensitive-pasaras-jautriam-virskinimo-traktui-sunims\\\/#primaryimage\",\"url\":\"https:\\\/\\\/anivet.lt\\\/elparduotuve\\\/wp-content\\\/uploads\\\/2024\\\/11\\\/Platinum-VetActive-Sensitive.png\",\"contentUrl\":\"https:\\\/\\\/anivet.lt\\\/elparduotuve\\\/wp-content\\\/uploads\\\/2024\\\/11\\\/Platinum-VetActive-Sensitive.png\",\"width\":600,\"height\":600,\"caption\":\"Platinum VetActive Sensitive pa\u0161aras jautriam vir\u0161kinimo traktui \u0161unims\"},{\"@type\":\"BreadcrumbList\",\"@id\":\"https:\\\/\\\/anivet.lt\\\/elparduotuve\\\/produktas\\\/platinum-vetactive-sensitive-pasaras-jautriam-virskinimo-traktui-sunims\\\/#breadcrumb\",\"itemListElement\":[{\"@type\":\"ListItem\",\"position\":1,\"name\":\"Home\",\"item\":\"https:\\\/\\\/anivet.lt\\\/elparduotuve\\\/\"},{\"@type\":\"ListItem\",\"position\":2,\"name\":\"Produktai\",\"item\":\"https:\\\/\\\/anivet.lt\\\/elparduotuve\\\/produktai\\\/\"},{\"@type\":\"ListItem\",\"position\":3,\"name\":\"Platinum VetActive Sensitive pa\u0161aras jautriam vir\u0161kinimo traktui \u0161unims\"}]},{\"@type\":\"WebSite\",\"@id\":\"https:\\\/\\\/anivet.lt\\\/elparduotuve\\\/#website\",\"url\":\"https:\\\/\\\/anivet.lt\\\/elparduotuve\\\/\",\"name\":\"anivet.lt\",\"description\":\"Viskas J\u016bs\u0173 \u0161uns, kat\u0117s prie\u017ei\u016brai\",\"publisher\":{\"@id\":\"https:\\\/\\\/anivet.lt\\\/elparduotuve\\\/#organization\"},\"alternateName\":\"Viskas J\u016bs\u0173 \u0161uns, kat\u0117s prie\u017ei\u016brai\",\"potentialAction\":[{\"@type\":\"SearchAction\",\"target\":{\"@type\":\"EntryPoint\",\"urlTemplate\":\"https:\\\/\\\/anivet.lt\\\/elparduotuve\\\/?s={search_term_string}\"},\"query-input\":{\"@type\":\"PropertyValueSpecification\",\"valueRequired\":true,\"valueName\":\"search_term_string\"}}],\"inLanguage\":\"lt-LT\"},{\"@type\":\"Organization\",\"@id\":\"https:\\\/\\\/anivet.lt\\\/elparduotuve\\\/#organization\",\"name\":\"Viskas J\u016bs\u0173 \u0161uns, kat\u0117s prie\u017ei\u016brai\",\"url\":\"https:\\\/\\\/anivet.lt\\\/elparduotuve\\\/\",\"logo\":{\"@type\":\"ImageObject\",\"inLanguage\":\"lt-LT\",\"@id\":\"https:\\\/\\\/anivet.lt\\\/elparduotuve\\\/#\\\/schema\\\/logo\\\/image\\\/\",\"url\":\"https:\\\/\\\/anivet.lt\\\/elparduotuve\\\/wp-content\\\/uploads\\\/2023\\\/06\\\/logo2.jpg\",\"contentUrl\":\"https:\\\/\\\/anivet.lt\\\/elparduotuve\\\/wp-content\\\/uploads\\\/2023\\\/06\\\/logo2.jpg\",\"width\":655,\"height\":194,\"caption\":\"Viskas J\u016bs\u0173 \u0161uns, kat\u0117s prie\u017ei\u016brai\"},\"image\":{\"@id\":\"https:\\\/\\\/anivet.lt\\\/elparduotuve\\\/#\\\/schema\\\/logo\\\/image\\\/\"}}]}<\/script>\n<!-- \/ Yoast SEO Premium plugin. -->","yoast_head_json":{"title":"Platinum VetActive Sensitive pa\u0161aras jautriam vir\u0161kinimo traktui \u0161unims - anivet.lt","description":"Pa\u0161aras \u0161unims su jautriu vir\u0161kinimo traktu. Nat\u016brali sud\u0117tis ir auk\u0161tos kokyb\u0117s ingredientai u\u017etikrina lengv\u0105 vir\u0161kinim\u0105 bei subalansuot\u0105 mityb\u0105. Pa\u0161aro gamybos technologija i\u0161saugo visas vertingas med\u017eiagas ir skon\u012f.","robots":{"index":"index","follow":"follow","max-snippet":"max-snippet:-1","max-image-preview":"max-image-preview:large","max-video-preview":"max-video-preview:-1"},"canonical":"https:\/\/anivet.lt\/elparduotuve\/produktas\/platinum-vetactive-sensitive-pasaras-jautriam-virskinimo-traktui-sunims\/","og_locale":"lt_LT","og_type":"article","og_title":"Platinum VetActive Sensitive pa\u0161aras jautriam vir\u0161kinimo traktui \u0161unims","og_description":"Pa\u0161aras \u0161unims su jautriu vir\u0161kinimo traktu. Nat\u016brali sud\u0117tis ir auk\u0161tos kokyb\u0117s ingredientai u\u017etikrina lengv\u0105 vir\u0161kinim\u0105 bei subalansuot\u0105 mityb\u0105. Pa\u0161aro gamybos technologija i\u0161saugo visas vertingas med\u017eiagas ir skon\u012f.","og_url":"https:\/\/anivet.lt\/elparduotuve\/produktas\/platinum-vetactive-sensitive-pasaras-jautriam-virskinimo-traktui-sunims\/","og_site_name":"anivet.lt","article_modified_time":"2026-03-07T06:33:40+00:00","og_image":[{"width":600,"height":600,"url":"https:\/\/anivet.lt\/elparduotuve\/wp-content\/uploads\/2024\/11\/Platinum-VetActive-Sensitive.png","type":"image\/png"}],"twitter_card":"summary_large_image","twitter_misc":{"Est. reading time":"1 minut\u0117"},"schema":{"@context":"https:\/\/schema.org","@graph":[{"@type":"WebPage","@id":"https:\/\/anivet.lt\/elparduotuve\/produktas\/platinum-vetactive-sensitive-pasaras-jautriam-virskinimo-traktui-sunims\/","url":"https:\/\/anivet.lt\/elparduotuve\/produktas\/platinum-vetactive-sensitive-pasaras-jautriam-virskinimo-traktui-sunims\/","name":"Platinum VetActive Sensitive pa\u0161aras jautriam vir\u0161kinimo traktui \u0161unims - anivet.lt","isPartOf":{"@id":"https:\/\/anivet.lt\/elparduotuve\/#website"},"primaryImageOfPage":{"@id":"https:\/\/anivet.lt\/elparduotuve\/produktas\/platinum-vetactive-sensitive-pasaras-jautriam-virskinimo-traktui-sunims\/#primaryimage"},"image":{"@id":"https:\/\/anivet.lt\/elparduotuve\/produktas\/platinum-vetactive-sensitive-pasaras-jautriam-virskinimo-traktui-sunims\/#primaryimage"},"thumbnailUrl":"https:\/\/anivet.lt\/elparduotuve\/wp-content\/uploads\/2024\/11\/Platinum-VetActive-Sensitive.png","datePublished":"2024-11-19T21:27:56+00:00","dateModified":"2026-03-07T06:33:40+00:00","description":"Pa\u0161aras \u0161unims su jautriu vir\u0161kinimo traktu. Nat\u016brali sud\u0117tis ir auk\u0161tos kokyb\u0117s ingredientai u\u017etikrina lengv\u0105 vir\u0161kinim\u0105 bei subalansuot\u0105 mityb\u0105. Pa\u0161aro gamybos technologija i\u0161saugo visas vertingas med\u017eiagas ir skon\u012f.","breadcrumb":{"@id":"https:\/\/anivet.lt\/elparduotuve\/produktas\/platinum-vetactive-sensitive-pasaras-jautriam-virskinimo-traktui-sunims\/#breadcrumb"},"inLanguage":"lt-LT","potentialAction":[{"@type":"ReadAction","target":["https:\/\/anivet.lt\/elparduotuve\/produktas\/platinum-vetactive-sensitive-pasaras-jautriam-virskinimo-traktui-sunims\/"]}]},{"@type":"ImageObject","inLanguage":"lt-LT","@id":"https:\/\/anivet.lt\/elparduotuve\/produktas\/platinum-vetactive-sensitive-pasaras-jautriam-virskinimo-traktui-sunims\/#primaryimage","url":"https:\/\/anivet.lt\/elparduotuve\/wp-content\/uploads\/2024\/11\/Platinum-VetActive-Sensitive.png","contentUrl":"https:\/\/anivet.lt\/elparduotuve\/wp-content\/uploads\/2024\/11\/Platinum-VetActive-Sensitive.png","width":600,"height":600,"caption":"Platinum VetActive Sensitive pa\u0161aras jautriam vir\u0161kinimo traktui \u0161unims"},{"@type":"BreadcrumbList","@id":"https:\/\/anivet.lt\/elparduotuve\/produktas\/platinum-vetactive-sensitive-pasaras-jautriam-virskinimo-traktui-sunims\/#breadcrumb","itemListElement":[{"@type":"ListItem","position":1,"name":"Home","item":"https:\/\/anivet.lt\/elparduotuve\/"},{"@type":"ListItem","position":2,"name":"Produktai","item":"https:\/\/anivet.lt\/elparduotuve\/produktai\/"},{"@type":"ListItem","position":3,"name":"Platinum VetActive Sensitive pa\u0161aras jautriam vir\u0161kinimo traktui \u0161unims"}]},{"@type":"WebSite","@id":"https:\/\/anivet.lt\/elparduotuve\/#website","url":"https:\/\/anivet.lt\/elparduotuve\/","name":"anivet.lt","description":"Viskas J\u016bs\u0173 \u0161uns, kat\u0117s prie\u017ei\u016brai","publisher":{"@id":"https:\/\/anivet.lt\/elparduotuve\/#organization"},"alternateName":"Viskas J\u016bs\u0173 \u0161uns, kat\u0117s prie\u017ei\u016brai","potentialAction":[{"@type":"SearchAction","target":{"@type":"EntryPoint","urlTemplate":"https:\/\/anivet.lt\/elparduotuve\/?s={search_term_string}"},"query-input":{"@type":"PropertyValueSpecification","valueRequired":true,"valueName":"search_term_string"}}],"inLanguage":"lt-LT"},{"@type":"Organization","@id":"https:\/\/anivet.lt\/elparduotuve\/#organization","name":"Viskas J\u016bs\u0173 \u0161uns, kat\u0117s prie\u017ei\u016brai","url":"https:\/\/anivet.lt\/elparduotuve\/","logo":{"@type":"ImageObject","inLanguage":"lt-LT","@id":"https:\/\/anivet.lt\/elparduotuve\/#\/schema\/logo\/image\/","url":"https:\/\/anivet.lt\/elparduotuve\/wp-content\/uploads\/2023\/06\/logo2.jpg","contentUrl":"https:\/\/anivet.lt\/elparduotuve\/wp-content\/uploads\/2023\/06\/logo2.jpg","width":655,"height":194,"caption":"Viskas J\u016bs\u0173 \u0161uns, kat\u0117s prie\u017ei\u016brai"},"image":{"@id":"https:\/\/anivet.lt\/elparduotuve\/#\/schema\/logo\/image\/"}}]}},"_links":{"self":[{"href":"https:\/\/anivet.lt\/elparduotuve\/wp-json\/wp\/v2\/product\/15210","targetHints":{"allow":["GET"]}}],"collection":[{"href":"https:\/\/anivet.lt\/elparduotuve\/wp-json\/wp\/v2\/product"}],"about":[{"href":"https:\/\/anivet.lt\/elparduotuve\/wp-json\/wp\/v2\/types\/product"}],"wp:featuredmedia":[{"embeddable":true,"href":"https:\/\/anivet.lt\/elparduotuve\/wp-json\/wp\/v2\/media\/15211"}],"wp:attachment":[{"href":"https:\/\/anivet.lt\/elparduotuve\/wp-json\/wp\/v2\/media?parent=15210"}],"wp:term":[{"taxonomy":"product_brand","embeddable":true,"href":"https:\/\/anivet.lt\/elparduotuve\/wp-json\/wp\/v2\/product_brand?post=15210"},{"taxonomy":"product_cat","embeddable":true,"href":"https:\/\/anivet.lt\/elparduotuve\/wp-json\/wp\/v2\/product_cat?post=15210"},{"taxonomy":"product_tag","embeddable":true,"href":"https:\/\/anivet.lt\/elparduotuve\/wp-json\/wp\/v2\/product_tag?post=15210"}],"curies":[{"name":"wp","href":"https:\/\/api.w.org\/{rel}","templated":true}]}}