{"id":15243,"date":"2024-11-21T21:40:46","date_gmt":"2024-11-21T21:40:46","guid":{"rendered":"https:\/\/anivet.lt\/elparduotuve\/?post_type=product&#038;p=15243"},"modified":"2026-04-27T06:15:44","modified_gmt":"2026-04-27T06:15:44","slug":"plaqueoff-dental-care-bones-bacon-flavor-dantu-prieziuros-skanestai-sonines-skonio-482-g","status":"publish","type":"product","link":"https:\/\/anivet.lt\/elparduotuve\/produktas\/plaqueoff-dental-care-bones-bacon-flavor-dantu-prieziuros-skanestai-sonines-skonio-482-g\/","title":{"rendered":"PlaqueOff Dental Care Bones Bacon Flavor &#8211; dant\u0173 prie\u017ei\u016bros skan\u0117stai \u0161onin\u0117s skonio 482 g"},"content":{"rendered":"<ul>\n<li style=\"font-weight: 400;\" aria-level=\"1\"><span style=\"font-weight: 400;\">Nat\u016brali apsauga: Sud\u0117tyje esantys koks\u0173 aliejus, juod\u0173j\u0173 kmyn\u0173 aliejus, cistos \u017eol\u0117 ir rozmarino bei greipfrut\u0173 s\u0117kl\u0173 ekstraktai padeda atbaidyti erkes.<\/span><\/li>\n<li style=\"font-weight: 400;\" aria-level=\"1\"><span style=\"font-weight: 400;\">Didelis vi\u0161tienos kiekis: Net 73% \u0161vie\u017eios vi\u0161tienos \u2013 puikus baltym\u0173 \u0161altinis.<\/span><\/li>\n<li style=\"font-weight: 400;\" aria-level=\"1\"><span style=\"font-weight: 400;\">Lengvai vir\u0161kinami: Nesukelia pilvo p\u016btimo ar diskomforto, neapsunkina skrand\u017eio.<\/span><\/li>\n<li style=\"font-weight: 400;\" aria-level=\"1\"><span style=\"font-weight: 400;\">Praturtinti omega-3 r\u016bg\u0161timis: La\u0161i\u0161\u0173 ir lin\u0173 s\u0117men\u0173 aliejus palaiko sveik\u0105 od\u0105 ir blizgant\u012f kail\u012f.<\/span><\/li>\n<li style=\"font-weight: 400;\" aria-level=\"1\"><span style=\"font-weight: 400;\">Sveikas u\u017ekandis: Nei\u0161brinksta skrandyje, tod\u0117l yra tinkamas net jautriems \u0161unims.<\/span><\/li>\n<\/ul>\n<p><span style=\"font-weight: 400;\">\u0160ie skan\u0117stai yra ne tik ypatingai skan\u016bs, bet ir sveiki, puikiai tinka kaip papildoma priemon\u0117 augintini\u0173 apsaugai bei bendrai gerovei palaikyti. Tai gardus u\u017ekandis, kuris sujungia nat\u016bral\u0173 skon\u012f ir apsaug\u0105, leisdamas j\u016bs\u0173 \u0161uniui m\u0117gautis gyvenimu gamtoje.<\/span><\/p>\n","protected":false},"excerpt":{"rendered":"<p><span style=\"font-weight: 400;\">Puikus pasirinkimas aktyviems \u0161unims, kurie daug laiko praleid\u017eia lauke. \u0160ie skan\u0117stai ne tik suteikia d\u017eiaugsmo j\u016bs\u0173 augintiniui, bet ir prisideda prie jo sveikatos bei apsaugos nuo erki\u0173, naudojant nat\u016bralias sudedam\u0105sias dalis.<\/span><\/p>\n","protected":false},"featured_media":15244,"template":"","meta":[],"product_brand":[],"product_cat":[101,103,106],"product_tag":[],"class_list":{"0":"post-15243","1":"product","2":"type-product","3":"status-publish","4":"has-post-thumbnail","6":"product_cat-sunims","7":"product_cat-sunu-maistas","8":"product_cat-skanestai","9":"pa_prekinis-zenklas-proden-plaqueoff","11":"first","12":"instock","13":"taxable","14":"shipping-taxable","15":"purchasable","16":"product-type-simple"},"yoast_head":"<!-- This site is optimized with the Yoast SEO Premium plugin v27.1 (Yoast SEO v27.5) - https:\/\/yoast.com\/product\/yoast-seo-premium-wordpress\/ -->\n<title>PlaqueOff Dental Care Bones Bacon Flavor - dant\u0173 prie\u017ei\u016bros skan\u0117stai \u0161onin\u0117s skonio 482 g - anivet.lt<\/title>\n<meta name=\"description\" content=\"Puikus pasirinkimas aktyviems \u0161unims, kurie daug laiko praleid\u017eia lauke. \u0160ie skan\u0117stai ne tik suteikia d\u017eiaugsmo j\u016bs\u0173 augintiniui, bet ir prisideda prie jo sveikatos bei apsaugos nuo erki\u0173, naudojant nat\u016bralias sudedam\u0105sias dalis.\" \/>\n<meta name=\"robots\" content=\"index, follow, max-snippet:-1, max-image-preview:large, max-video-preview:-1\" \/>\n<link rel=\"canonical\" href=\"https:\/\/anivet.lt\/elparduotuve\/produktas\/plaqueoff-dental-care-bones-bacon-flavor-dantu-prieziuros-skanestai-sonines-skonio-482-g\/\" \/>\n<meta property=\"og:locale\" content=\"lt_LT\" \/>\n<meta property=\"og:type\" content=\"article\" \/>\n<meta property=\"og:title\" content=\"PlaqueOff Dental Care Bones Bacon Flavor - dant\u0173 prie\u017ei\u016bros skan\u0117stai \u0161onin\u0117s skonio 482 g\" \/>\n<meta property=\"og:description\" content=\"Puikus pasirinkimas aktyviems \u0161unims, kurie daug laiko praleid\u017eia lauke. \u0160ie skan\u0117stai ne tik suteikia d\u017eiaugsmo j\u016bs\u0173 augintiniui, bet ir prisideda prie jo sveikatos bei apsaugos nuo erki\u0173, naudojant nat\u016bralias sudedam\u0105sias dalis.\" \/>\n<meta property=\"og:url\" content=\"https:\/\/anivet.lt\/elparduotuve\/produktas\/plaqueoff-dental-care-bones-bacon-flavor-dantu-prieziuros-skanestai-sonines-skonio-482-g\/\" \/>\n<meta property=\"og:site_name\" content=\"anivet.lt\" \/>\n<meta property=\"article:modified_time\" content=\"2026-04-27T06:15:44+00:00\" \/>\n<meta property=\"og:image\" content=\"https:\/\/anivet.lt\/elparduotuve\/wp-content\/uploads\/2024\/11\/PlaqueOff-Dental-Care-Bones-Bacon-Flavor-dantu-prieziuros-skanestai-sonines-skonio-482-g.jpg\" \/>\n\t<meta property=\"og:image:width\" content=\"940\" \/>\n\t<meta property=\"og:image:height\" content=\"940\" \/>\n\t<meta property=\"og:image:type\" content=\"image\/jpeg\" \/>\n<meta name=\"twitter:card\" content=\"summary_large_image\" \/>\n<meta name=\"twitter:label1\" content=\"Est. reading time\" \/>\n\t<meta name=\"twitter:data1\" content=\"1 minut\u0117\" \/>\n<script type=\"application\/ld+json\" class=\"yoast-schema-graph\">{\"@context\":\"https:\\\/\\\/schema.org\",\"@graph\":[{\"@type\":\"WebPage\",\"@id\":\"https:\\\/\\\/anivet.lt\\\/elparduotuve\\\/produktas\\\/plaqueoff-dental-care-bones-bacon-flavor-dantu-prieziuros-skanestai-sonines-skonio-482-g\\\/\",\"url\":\"https:\\\/\\\/anivet.lt\\\/elparduotuve\\\/produktas\\\/plaqueoff-dental-care-bones-bacon-flavor-dantu-prieziuros-skanestai-sonines-skonio-482-g\\\/\",\"name\":\"PlaqueOff Dental Care Bones Bacon Flavor - dant\u0173 prie\u017ei\u016bros skan\u0117stai \u0161onin\u0117s skonio 482 g - anivet.lt\",\"isPartOf\":{\"@id\":\"https:\\\/\\\/anivet.lt\\\/elparduotuve\\\/#website\"},\"primaryImageOfPage\":{\"@id\":\"https:\\\/\\\/anivet.lt\\\/elparduotuve\\\/produktas\\\/plaqueoff-dental-care-bones-bacon-flavor-dantu-prieziuros-skanestai-sonines-skonio-482-g\\\/#primaryimage\"},\"image\":{\"@id\":\"https:\\\/\\\/anivet.lt\\\/elparduotuve\\\/produktas\\\/plaqueoff-dental-care-bones-bacon-flavor-dantu-prieziuros-skanestai-sonines-skonio-482-g\\\/#primaryimage\"},\"thumbnailUrl\":\"https:\\\/\\\/anivet.lt\\\/elparduotuve\\\/wp-content\\\/uploads\\\/2024\\\/11\\\/PlaqueOff-Dental-Care-Bones-Bacon-Flavor-dantu-prieziuros-skanestai-sonines-skonio-482-g.jpg\",\"datePublished\":\"2024-11-21T21:40:46+00:00\",\"dateModified\":\"2026-04-27T06:15:44+00:00\",\"description\":\"Puikus pasirinkimas aktyviems \u0161unims, kurie daug laiko praleid\u017eia lauke. \u0160ie skan\u0117stai ne tik suteikia d\u017eiaugsmo j\u016bs\u0173 augintiniui, bet ir prisideda prie jo sveikatos bei apsaugos nuo erki\u0173, naudojant nat\u016bralias sudedam\u0105sias dalis.\",\"breadcrumb\":{\"@id\":\"https:\\\/\\\/anivet.lt\\\/elparduotuve\\\/produktas\\\/plaqueoff-dental-care-bones-bacon-flavor-dantu-prieziuros-skanestai-sonines-skonio-482-g\\\/#breadcrumb\"},\"inLanguage\":\"lt-LT\",\"potentialAction\":[{\"@type\":\"ReadAction\",\"target\":[\"https:\\\/\\\/anivet.lt\\\/elparduotuve\\\/produktas\\\/plaqueoff-dental-care-bones-bacon-flavor-dantu-prieziuros-skanestai-sonines-skonio-482-g\\\/\"]}]},{\"@type\":\"ImageObject\",\"inLanguage\":\"lt-LT\",\"@id\":\"https:\\\/\\\/anivet.lt\\\/elparduotuve\\\/produktas\\\/plaqueoff-dental-care-bones-bacon-flavor-dantu-prieziuros-skanestai-sonines-skonio-482-g\\\/#primaryimage\",\"url\":\"https:\\\/\\\/anivet.lt\\\/elparduotuve\\\/wp-content\\\/uploads\\\/2024\\\/11\\\/PlaqueOff-Dental-Care-Bones-Bacon-Flavor-dantu-prieziuros-skanestai-sonines-skonio-482-g.jpg\",\"contentUrl\":\"https:\\\/\\\/anivet.lt\\\/elparduotuve\\\/wp-content\\\/uploads\\\/2024\\\/11\\\/PlaqueOff-Dental-Care-Bones-Bacon-Flavor-dantu-prieziuros-skanestai-sonines-skonio-482-g.jpg\",\"width\":940,\"height\":940,\"caption\":\"PlaqueOff Dental Care Bones Bacon Flavor - dant\u0173 prie\u017ei\u016bros skan\u0117stai \u0161onin\u0117s skonio 482 g\"},{\"@type\":\"BreadcrumbList\",\"@id\":\"https:\\\/\\\/anivet.lt\\\/elparduotuve\\\/produktas\\\/plaqueoff-dental-care-bones-bacon-flavor-dantu-prieziuros-skanestai-sonines-skonio-482-g\\\/#breadcrumb\",\"itemListElement\":[{\"@type\":\"ListItem\",\"position\":1,\"name\":\"Home\",\"item\":\"https:\\\/\\\/anivet.lt\\\/elparduotuve\\\/\"},{\"@type\":\"ListItem\",\"position\":2,\"name\":\"Produktai\",\"item\":\"https:\\\/\\\/anivet.lt\\\/elparduotuve\\\/produktai\\\/\"},{\"@type\":\"ListItem\",\"position\":3,\"name\":\"PlaqueOff Dental Care Bones Bacon Flavor &#8211; dant\u0173 prie\u017ei\u016bros skan\u0117stai \u0161onin\u0117s skonio 482 g\"}]},{\"@type\":\"WebSite\",\"@id\":\"https:\\\/\\\/anivet.lt\\\/elparduotuve\\\/#website\",\"url\":\"https:\\\/\\\/anivet.lt\\\/elparduotuve\\\/\",\"name\":\"anivet.lt\",\"description\":\"Viskas J\u016bs\u0173 \u0161uns, kat\u0117s prie\u017ei\u016brai\",\"publisher\":{\"@id\":\"https:\\\/\\\/anivet.lt\\\/elparduotuve\\\/#organization\"},\"alternateName\":\"Viskas J\u016bs\u0173 \u0161uns, kat\u0117s prie\u017ei\u016brai\",\"potentialAction\":[{\"@type\":\"SearchAction\",\"target\":{\"@type\":\"EntryPoint\",\"urlTemplate\":\"https:\\\/\\\/anivet.lt\\\/elparduotuve\\\/?s={search_term_string}\"},\"query-input\":{\"@type\":\"PropertyValueSpecification\",\"valueRequired\":true,\"valueName\":\"search_term_string\"}}],\"inLanguage\":\"lt-LT\"},{\"@type\":\"Organization\",\"@id\":\"https:\\\/\\\/anivet.lt\\\/elparduotuve\\\/#organization\",\"name\":\"Viskas J\u016bs\u0173 \u0161uns, kat\u0117s prie\u017ei\u016brai\",\"url\":\"https:\\\/\\\/anivet.lt\\\/elparduotuve\\\/\",\"logo\":{\"@type\":\"ImageObject\",\"inLanguage\":\"lt-LT\",\"@id\":\"https:\\\/\\\/anivet.lt\\\/elparduotuve\\\/#\\\/schema\\\/logo\\\/image\\\/\",\"url\":\"https:\\\/\\\/anivet.lt\\\/elparduotuve\\\/wp-content\\\/uploads\\\/2023\\\/06\\\/logo2.jpg\",\"contentUrl\":\"https:\\\/\\\/anivet.lt\\\/elparduotuve\\\/wp-content\\\/uploads\\\/2023\\\/06\\\/logo2.jpg\",\"width\":655,\"height\":194,\"caption\":\"Viskas J\u016bs\u0173 \u0161uns, kat\u0117s prie\u017ei\u016brai\"},\"image\":{\"@id\":\"https:\\\/\\\/anivet.lt\\\/elparduotuve\\\/#\\\/schema\\\/logo\\\/image\\\/\"}}]}<\/script>\n<!-- \/ Yoast SEO Premium plugin. -->","yoast_head_json":{"title":"PlaqueOff Dental Care Bones Bacon Flavor - dant\u0173 prie\u017ei\u016bros skan\u0117stai \u0161onin\u0117s skonio 482 g - anivet.lt","description":"Puikus pasirinkimas aktyviems \u0161unims, kurie daug laiko praleid\u017eia lauke. \u0160ie skan\u0117stai ne tik suteikia d\u017eiaugsmo j\u016bs\u0173 augintiniui, bet ir prisideda prie jo sveikatos bei apsaugos nuo erki\u0173, naudojant nat\u016bralias sudedam\u0105sias dalis.","robots":{"index":"index","follow":"follow","max-snippet":"max-snippet:-1","max-image-preview":"max-image-preview:large","max-video-preview":"max-video-preview:-1"},"canonical":"https:\/\/anivet.lt\/elparduotuve\/produktas\/plaqueoff-dental-care-bones-bacon-flavor-dantu-prieziuros-skanestai-sonines-skonio-482-g\/","og_locale":"lt_LT","og_type":"article","og_title":"PlaqueOff Dental Care Bones Bacon Flavor - dant\u0173 prie\u017ei\u016bros skan\u0117stai \u0161onin\u0117s skonio 482 g","og_description":"Puikus pasirinkimas aktyviems \u0161unims, kurie daug laiko praleid\u017eia lauke. \u0160ie skan\u0117stai ne tik suteikia d\u017eiaugsmo j\u016bs\u0173 augintiniui, bet ir prisideda prie jo sveikatos bei apsaugos nuo erki\u0173, naudojant nat\u016bralias sudedam\u0105sias dalis.","og_url":"https:\/\/anivet.lt\/elparduotuve\/produktas\/plaqueoff-dental-care-bones-bacon-flavor-dantu-prieziuros-skanestai-sonines-skonio-482-g\/","og_site_name":"anivet.lt","article_modified_time":"2026-04-27T06:15:44+00:00","og_image":[{"width":940,"height":940,"url":"https:\/\/anivet.lt\/elparduotuve\/wp-content\/uploads\/2024\/11\/PlaqueOff-Dental-Care-Bones-Bacon-Flavor-dantu-prieziuros-skanestai-sonines-skonio-482-g.jpg","type":"image\/jpeg"}],"twitter_card":"summary_large_image","twitter_misc":{"Est. reading time":"1 minut\u0117"},"schema":{"@context":"https:\/\/schema.org","@graph":[{"@type":"WebPage","@id":"https:\/\/anivet.lt\/elparduotuve\/produktas\/plaqueoff-dental-care-bones-bacon-flavor-dantu-prieziuros-skanestai-sonines-skonio-482-g\/","url":"https:\/\/anivet.lt\/elparduotuve\/produktas\/plaqueoff-dental-care-bones-bacon-flavor-dantu-prieziuros-skanestai-sonines-skonio-482-g\/","name":"PlaqueOff Dental Care Bones Bacon Flavor - dant\u0173 prie\u017ei\u016bros skan\u0117stai \u0161onin\u0117s skonio 482 g - anivet.lt","isPartOf":{"@id":"https:\/\/anivet.lt\/elparduotuve\/#website"},"primaryImageOfPage":{"@id":"https:\/\/anivet.lt\/elparduotuve\/produktas\/plaqueoff-dental-care-bones-bacon-flavor-dantu-prieziuros-skanestai-sonines-skonio-482-g\/#primaryimage"},"image":{"@id":"https:\/\/anivet.lt\/elparduotuve\/produktas\/plaqueoff-dental-care-bones-bacon-flavor-dantu-prieziuros-skanestai-sonines-skonio-482-g\/#primaryimage"},"thumbnailUrl":"https:\/\/anivet.lt\/elparduotuve\/wp-content\/uploads\/2024\/11\/PlaqueOff-Dental-Care-Bones-Bacon-Flavor-dantu-prieziuros-skanestai-sonines-skonio-482-g.jpg","datePublished":"2024-11-21T21:40:46+00:00","dateModified":"2026-04-27T06:15:44+00:00","description":"Puikus pasirinkimas aktyviems \u0161unims, kurie daug laiko praleid\u017eia lauke. \u0160ie skan\u0117stai ne tik suteikia d\u017eiaugsmo j\u016bs\u0173 augintiniui, bet ir prisideda prie jo sveikatos bei apsaugos nuo erki\u0173, naudojant nat\u016bralias sudedam\u0105sias dalis.","breadcrumb":{"@id":"https:\/\/anivet.lt\/elparduotuve\/produktas\/plaqueoff-dental-care-bones-bacon-flavor-dantu-prieziuros-skanestai-sonines-skonio-482-g\/#breadcrumb"},"inLanguage":"lt-LT","potentialAction":[{"@type":"ReadAction","target":["https:\/\/anivet.lt\/elparduotuve\/produktas\/plaqueoff-dental-care-bones-bacon-flavor-dantu-prieziuros-skanestai-sonines-skonio-482-g\/"]}]},{"@type":"ImageObject","inLanguage":"lt-LT","@id":"https:\/\/anivet.lt\/elparduotuve\/produktas\/plaqueoff-dental-care-bones-bacon-flavor-dantu-prieziuros-skanestai-sonines-skonio-482-g\/#primaryimage","url":"https:\/\/anivet.lt\/elparduotuve\/wp-content\/uploads\/2024\/11\/PlaqueOff-Dental-Care-Bones-Bacon-Flavor-dantu-prieziuros-skanestai-sonines-skonio-482-g.jpg","contentUrl":"https:\/\/anivet.lt\/elparduotuve\/wp-content\/uploads\/2024\/11\/PlaqueOff-Dental-Care-Bones-Bacon-Flavor-dantu-prieziuros-skanestai-sonines-skonio-482-g.jpg","width":940,"height":940,"caption":"PlaqueOff Dental Care Bones Bacon Flavor - dant\u0173 prie\u017ei\u016bros skan\u0117stai \u0161onin\u0117s skonio 482 g"},{"@type":"BreadcrumbList","@id":"https:\/\/anivet.lt\/elparduotuve\/produktas\/plaqueoff-dental-care-bones-bacon-flavor-dantu-prieziuros-skanestai-sonines-skonio-482-g\/#breadcrumb","itemListElement":[{"@type":"ListItem","position":1,"name":"Home","item":"https:\/\/anivet.lt\/elparduotuve\/"},{"@type":"ListItem","position":2,"name":"Produktai","item":"https:\/\/anivet.lt\/elparduotuve\/produktai\/"},{"@type":"ListItem","position":3,"name":"PlaqueOff Dental Care Bones Bacon Flavor &#8211; dant\u0173 prie\u017ei\u016bros skan\u0117stai \u0161onin\u0117s skonio 482 g"}]},{"@type":"WebSite","@id":"https:\/\/anivet.lt\/elparduotuve\/#website","url":"https:\/\/anivet.lt\/elparduotuve\/","name":"anivet.lt","description":"Viskas J\u016bs\u0173 \u0161uns, kat\u0117s prie\u017ei\u016brai","publisher":{"@id":"https:\/\/anivet.lt\/elparduotuve\/#organization"},"alternateName":"Viskas J\u016bs\u0173 \u0161uns, kat\u0117s prie\u017ei\u016brai","potentialAction":[{"@type":"SearchAction","target":{"@type":"EntryPoint","urlTemplate":"https:\/\/anivet.lt\/elparduotuve\/?s={search_term_string}"},"query-input":{"@type":"PropertyValueSpecification","valueRequired":true,"valueName":"search_term_string"}}],"inLanguage":"lt-LT"},{"@type":"Organization","@id":"https:\/\/anivet.lt\/elparduotuve\/#organization","name":"Viskas J\u016bs\u0173 \u0161uns, kat\u0117s prie\u017ei\u016brai","url":"https:\/\/anivet.lt\/elparduotuve\/","logo":{"@type":"ImageObject","inLanguage":"lt-LT","@id":"https:\/\/anivet.lt\/elparduotuve\/#\/schema\/logo\/image\/","url":"https:\/\/anivet.lt\/elparduotuve\/wp-content\/uploads\/2023\/06\/logo2.jpg","contentUrl":"https:\/\/anivet.lt\/elparduotuve\/wp-content\/uploads\/2023\/06\/logo2.jpg","width":655,"height":194,"caption":"Viskas J\u016bs\u0173 \u0161uns, kat\u0117s prie\u017ei\u016brai"},"image":{"@id":"https:\/\/anivet.lt\/elparduotuve\/#\/schema\/logo\/image\/"}}]}},"_links":{"self":[{"href":"https:\/\/anivet.lt\/elparduotuve\/wp-json\/wp\/v2\/product\/15243","targetHints":{"allow":["GET"]}}],"collection":[{"href":"https:\/\/anivet.lt\/elparduotuve\/wp-json\/wp\/v2\/product"}],"about":[{"href":"https:\/\/anivet.lt\/elparduotuve\/wp-json\/wp\/v2\/types\/product"}],"wp:featuredmedia":[{"embeddable":true,"href":"https:\/\/anivet.lt\/elparduotuve\/wp-json\/wp\/v2\/media\/15244"}],"wp:attachment":[{"href":"https:\/\/anivet.lt\/elparduotuve\/wp-json\/wp\/v2\/media?parent=15243"}],"wp:term":[{"taxonomy":"product_brand","embeddable":true,"href":"https:\/\/anivet.lt\/elparduotuve\/wp-json\/wp\/v2\/product_brand?post=15243"},{"taxonomy":"product_cat","embeddable":true,"href":"https:\/\/anivet.lt\/elparduotuve\/wp-json\/wp\/v2\/product_cat?post=15243"},{"taxonomy":"product_tag","embeddable":true,"href":"https:\/\/anivet.lt\/elparduotuve\/wp-json\/wp\/v2\/product_tag?post=15243"}],"curies":[{"name":"wp","href":"https:\/\/api.w.org\/{rel}","templated":true}]}}