{"id":15252,"date":"2024-11-21T22:28:49","date_gmt":"2024-11-21T22:28:49","guid":{"rendered":"https:\/\/anivet.lt\/elparduotuve\/?post_type=product&#038;p=15252"},"modified":"2026-04-27T06:15:13","modified_gmt":"2026-04-27T06:15:13","slug":"plaqueoff-dental-bites-small-skanestai-burnos-higienai-sunims-60-g","status":"publish","type":"product","link":"https:\/\/anivet.lt\/elparduotuve\/produktas\/plaqueoff-dental-bites-small-skanestai-burnos-higienai-sunims-60-g\/","title":{"rendered":"PlaqueOff Dental Bites Small \u2013 skan\u0117stai burnos higienai \u0161unims 60 g"},"content":{"rendered":"<ul>\n<li style=\"font-weight: 400;\" aria-level=\"1\"><span style=\"font-weight: 400;\">Burnos higiena: Sisteminis poveikis padeda suma\u017einti apna\u0161\u0173 kaupim\u0105si ir sumink\u0161tinti susidariusius akmenis.<\/span><\/li>\n<li style=\"font-weight: 400;\" aria-level=\"1\"><span style=\"font-weight: 400;\">Klini\u0161kai patvirtintas efektyvumas: Patentinis komponentas u\u017etikrina veiksmingum\u0105 ir rezultat\u0173 patikimum\u0105.<\/span><\/li>\n<li style=\"font-weight: 400;\" aria-level=\"1\"><span style=\"font-weight: 400;\">Be pried\u0173 ir cukraus: Skan\u0117stai neturi dirbtini\u0173 konservant\u0173, pried\u0173 ar cukraus, tod\u0117l yra sveikas pasirinkimas.<\/span><\/li>\n<li style=\"font-weight: 400;\" aria-level=\"1\"><span style=\"font-weight: 400;\">Nat\u016bral\u016bs ingredientai: Ekologi\u0161ki gr\u016bdai (kvie\u010diai, kukur\u016bzai, ry\u017eiai, mie\u017eiai), alyvuogi\u0173 aliejus ir nat\u016bral\u016bs antioksidantai i\u0161 rozmarino ekstrakto.<\/span><\/li>\n<li style=\"font-weight: 400;\" aria-level=\"1\"><span style=\"font-weight: 400;\">Lengvas kalorij\u0173 kiekis: Tik 0,83 kalorijos viename gabal\u0117lyje, tod\u0117l jie yra tinkami reguliariam naudojimui.<\/span><\/li>\n<\/ul>\n<p><span style=\"font-weight: 400;\">\u0160ie skan\u0117stai ne tik palaiko \u0161uns dant\u0173 \u0161var\u0105 ir sveik\u0105 kvap\u0105, bet ir yra puikus b\u016bdas palepinti augintin\u012f sveiku ir skaniu u\u017ekand\u017eiu.<\/span><\/p>\n","protected":false},"excerpt":{"rendered":"<p><span style=\"font-weight: 400;\">Skan\u0117stai burnos higienai ma\u017eiems \u0161unims. \u0160ie gard\u016bs u\u017ekand\u017eiai padeda palaikyti sveik\u0105 burnos higien\u0105 ir gaiv\u0173 kvap\u0105, puikiai tinkantys kasdieniam naudojimui.<\/span><\/p>\n","protected":false},"featured_media":15253,"template":"","meta":[],"product_brand":[],"product_cat":[101,103,106],"product_tag":[],"class_list":{"0":"post-15252","1":"product","2":"type-product","3":"status-publish","4":"has-post-thumbnail","6":"product_cat-sunims","7":"product_cat-sunu-maistas","8":"product_cat-skanestai","9":"pa_prekinis-zenklas-proden-plaqueoff","11":"first","12":"instock","13":"taxable","14":"shipping-taxable","15":"purchasable","16":"product-type-simple"},"yoast_head":"<!-- This site is optimized with the Yoast SEO Premium plugin v27.1 (Yoast SEO v27.5) - https:\/\/yoast.com\/product\/yoast-seo-premium-wordpress\/ -->\n<title>PlaqueOff Dental Bites Small \u2013 skan\u0117stai burnos higienai \u0161unims 60 g - anivet.lt<\/title>\n<meta name=\"description\" content=\"Skan\u0117stai burnos higienai ma\u017eiems \u0161unims. \u0160ie gard\u016bs u\u017ekand\u017eiai padeda palaikyti sveik\u0105 burnos higien\u0105 ir gaiv\u0173 kvap\u0105, puikiai tinkantys kasdieniam naudojimui.\" \/>\n<meta name=\"robots\" content=\"index, follow, max-snippet:-1, max-image-preview:large, max-video-preview:-1\" \/>\n<link rel=\"canonical\" href=\"https:\/\/anivet.lt\/elparduotuve\/produktas\/plaqueoff-dental-bites-small-skanestai-burnos-higienai-sunims-60-g\/\" \/>\n<meta property=\"og:locale\" content=\"lt_LT\" \/>\n<meta property=\"og:type\" content=\"article\" \/>\n<meta property=\"og:title\" content=\"PlaqueOff Dental Bites Small \u2013 skan\u0117stai burnos higienai \u0161unims 60 g\" \/>\n<meta property=\"og:description\" content=\"Skan\u0117stai burnos higienai ma\u017eiems \u0161unims. \u0160ie gard\u016bs u\u017ekand\u017eiai padeda palaikyti sveik\u0105 burnos higien\u0105 ir gaiv\u0173 kvap\u0105, puikiai tinkantys kasdieniam naudojimui.\" \/>\n<meta property=\"og:url\" content=\"https:\/\/anivet.lt\/elparduotuve\/produktas\/plaqueoff-dental-bites-small-skanestai-burnos-higienai-sunims-60-g\/\" \/>\n<meta property=\"og:site_name\" content=\"anivet.lt\" \/>\n<meta property=\"article:modified_time\" content=\"2026-04-27T06:15:13+00:00\" \/>\n<meta property=\"og:image\" content=\"https:\/\/anivet.lt\/elparduotuve\/wp-content\/uploads\/2024\/11\/PlaqueOff-Dental-Bites-\u2013-skanestai-burnos-higienai-sunims-S-60-g.jpg\" \/>\n\t<meta property=\"og:image:width\" content=\"940\" \/>\n\t<meta property=\"og:image:height\" content=\"940\" \/>\n\t<meta property=\"og:image:type\" content=\"image\/jpeg\" \/>\n<meta name=\"twitter:card\" content=\"summary_large_image\" \/>\n<meta name=\"twitter:label1\" content=\"Est. reading time\" \/>\n\t<meta name=\"twitter:data1\" content=\"1 minut\u0117\" \/>\n<script type=\"application\/ld+json\" class=\"yoast-schema-graph\">{\"@context\":\"https:\\\/\\\/schema.org\",\"@graph\":[{\"@type\":\"WebPage\",\"@id\":\"https:\\\/\\\/anivet.lt\\\/elparduotuve\\\/produktas\\\/plaqueoff-dental-bites-small-skanestai-burnos-higienai-sunims-60-g\\\/\",\"url\":\"https:\\\/\\\/anivet.lt\\\/elparduotuve\\\/produktas\\\/plaqueoff-dental-bites-small-skanestai-burnos-higienai-sunims-60-g\\\/\",\"name\":\"PlaqueOff Dental Bites Small \u2013 skan\u0117stai burnos higienai \u0161unims 60 g - anivet.lt\",\"isPartOf\":{\"@id\":\"https:\\\/\\\/anivet.lt\\\/elparduotuve\\\/#website\"},\"primaryImageOfPage\":{\"@id\":\"https:\\\/\\\/anivet.lt\\\/elparduotuve\\\/produktas\\\/plaqueoff-dental-bites-small-skanestai-burnos-higienai-sunims-60-g\\\/#primaryimage\"},\"image\":{\"@id\":\"https:\\\/\\\/anivet.lt\\\/elparduotuve\\\/produktas\\\/plaqueoff-dental-bites-small-skanestai-burnos-higienai-sunims-60-g\\\/#primaryimage\"},\"thumbnailUrl\":\"https:\\\/\\\/anivet.lt\\\/elparduotuve\\\/wp-content\\\/uploads\\\/2024\\\/11\\\/PlaqueOff-Dental-Bites-\u2013-skanestai-burnos-higienai-sunims-S-60-g.jpg\",\"datePublished\":\"2024-11-21T22:28:49+00:00\",\"dateModified\":\"2026-04-27T06:15:13+00:00\",\"description\":\"Skan\u0117stai burnos higienai ma\u017eiems \u0161unims. \u0160ie gard\u016bs u\u017ekand\u017eiai padeda palaikyti sveik\u0105 burnos higien\u0105 ir gaiv\u0173 kvap\u0105, puikiai tinkantys kasdieniam naudojimui.\",\"breadcrumb\":{\"@id\":\"https:\\\/\\\/anivet.lt\\\/elparduotuve\\\/produktas\\\/plaqueoff-dental-bites-small-skanestai-burnos-higienai-sunims-60-g\\\/#breadcrumb\"},\"inLanguage\":\"lt-LT\",\"potentialAction\":[{\"@type\":\"ReadAction\",\"target\":[\"https:\\\/\\\/anivet.lt\\\/elparduotuve\\\/produktas\\\/plaqueoff-dental-bites-small-skanestai-burnos-higienai-sunims-60-g\\\/\"]}]},{\"@type\":\"ImageObject\",\"inLanguage\":\"lt-LT\",\"@id\":\"https:\\\/\\\/anivet.lt\\\/elparduotuve\\\/produktas\\\/plaqueoff-dental-bites-small-skanestai-burnos-higienai-sunims-60-g\\\/#primaryimage\",\"url\":\"https:\\\/\\\/anivet.lt\\\/elparduotuve\\\/wp-content\\\/uploads\\\/2024\\\/11\\\/PlaqueOff-Dental-Bites-\u2013-skanestai-burnos-higienai-sunims-S-60-g.jpg\",\"contentUrl\":\"https:\\\/\\\/anivet.lt\\\/elparduotuve\\\/wp-content\\\/uploads\\\/2024\\\/11\\\/PlaqueOff-Dental-Bites-\u2013-skanestai-burnos-higienai-sunims-S-60-g.jpg\",\"width\":940,\"height\":940,\"caption\":\"PlaqueOff Dental Bites Small \u2013 skan\u0117stai burnos higienai \u0161unims 60 g\"},{\"@type\":\"BreadcrumbList\",\"@id\":\"https:\\\/\\\/anivet.lt\\\/elparduotuve\\\/produktas\\\/plaqueoff-dental-bites-small-skanestai-burnos-higienai-sunims-60-g\\\/#breadcrumb\",\"itemListElement\":[{\"@type\":\"ListItem\",\"position\":1,\"name\":\"Home\",\"item\":\"https:\\\/\\\/anivet.lt\\\/elparduotuve\\\/\"},{\"@type\":\"ListItem\",\"position\":2,\"name\":\"Produktai\",\"item\":\"https:\\\/\\\/anivet.lt\\\/elparduotuve\\\/produktai\\\/\"},{\"@type\":\"ListItem\",\"position\":3,\"name\":\"PlaqueOff Dental Bites Small \u2013 skan\u0117stai burnos higienai \u0161unims 60 g\"}]},{\"@type\":\"WebSite\",\"@id\":\"https:\\\/\\\/anivet.lt\\\/elparduotuve\\\/#website\",\"url\":\"https:\\\/\\\/anivet.lt\\\/elparduotuve\\\/\",\"name\":\"anivet.lt\",\"description\":\"Viskas J\u016bs\u0173 \u0161uns, kat\u0117s prie\u017ei\u016brai\",\"publisher\":{\"@id\":\"https:\\\/\\\/anivet.lt\\\/elparduotuve\\\/#organization\"},\"alternateName\":\"Viskas J\u016bs\u0173 \u0161uns, kat\u0117s prie\u017ei\u016brai\",\"potentialAction\":[{\"@type\":\"SearchAction\",\"target\":{\"@type\":\"EntryPoint\",\"urlTemplate\":\"https:\\\/\\\/anivet.lt\\\/elparduotuve\\\/?s={search_term_string}\"},\"query-input\":{\"@type\":\"PropertyValueSpecification\",\"valueRequired\":true,\"valueName\":\"search_term_string\"}}],\"inLanguage\":\"lt-LT\"},{\"@type\":\"Organization\",\"@id\":\"https:\\\/\\\/anivet.lt\\\/elparduotuve\\\/#organization\",\"name\":\"Viskas J\u016bs\u0173 \u0161uns, kat\u0117s prie\u017ei\u016brai\",\"url\":\"https:\\\/\\\/anivet.lt\\\/elparduotuve\\\/\",\"logo\":{\"@type\":\"ImageObject\",\"inLanguage\":\"lt-LT\",\"@id\":\"https:\\\/\\\/anivet.lt\\\/elparduotuve\\\/#\\\/schema\\\/logo\\\/image\\\/\",\"url\":\"https:\\\/\\\/anivet.lt\\\/elparduotuve\\\/wp-content\\\/uploads\\\/2023\\\/06\\\/logo2.jpg\",\"contentUrl\":\"https:\\\/\\\/anivet.lt\\\/elparduotuve\\\/wp-content\\\/uploads\\\/2023\\\/06\\\/logo2.jpg\",\"width\":655,\"height\":194,\"caption\":\"Viskas J\u016bs\u0173 \u0161uns, kat\u0117s prie\u017ei\u016brai\"},\"image\":{\"@id\":\"https:\\\/\\\/anivet.lt\\\/elparduotuve\\\/#\\\/schema\\\/logo\\\/image\\\/\"}}]}<\/script>\n<!-- \/ Yoast SEO Premium plugin. -->","yoast_head_json":{"title":"PlaqueOff Dental Bites Small \u2013 skan\u0117stai burnos higienai \u0161unims 60 g - anivet.lt","description":"Skan\u0117stai burnos higienai ma\u017eiems \u0161unims. \u0160ie gard\u016bs u\u017ekand\u017eiai padeda palaikyti sveik\u0105 burnos higien\u0105 ir gaiv\u0173 kvap\u0105, puikiai tinkantys kasdieniam naudojimui.","robots":{"index":"index","follow":"follow","max-snippet":"max-snippet:-1","max-image-preview":"max-image-preview:large","max-video-preview":"max-video-preview:-1"},"canonical":"https:\/\/anivet.lt\/elparduotuve\/produktas\/plaqueoff-dental-bites-small-skanestai-burnos-higienai-sunims-60-g\/","og_locale":"lt_LT","og_type":"article","og_title":"PlaqueOff Dental Bites Small \u2013 skan\u0117stai burnos higienai \u0161unims 60 g","og_description":"Skan\u0117stai burnos higienai ma\u017eiems \u0161unims. \u0160ie gard\u016bs u\u017ekand\u017eiai padeda palaikyti sveik\u0105 burnos higien\u0105 ir gaiv\u0173 kvap\u0105, puikiai tinkantys kasdieniam naudojimui.","og_url":"https:\/\/anivet.lt\/elparduotuve\/produktas\/plaqueoff-dental-bites-small-skanestai-burnos-higienai-sunims-60-g\/","og_site_name":"anivet.lt","article_modified_time":"2026-04-27T06:15:13+00:00","og_image":[{"width":940,"height":940,"url":"https:\/\/anivet.lt\/elparduotuve\/wp-content\/uploads\/2024\/11\/PlaqueOff-Dental-Bites-\u2013-skanestai-burnos-higienai-sunims-S-60-g.jpg","type":"image\/jpeg"}],"twitter_card":"summary_large_image","twitter_misc":{"Est. reading time":"1 minut\u0117"},"schema":{"@context":"https:\/\/schema.org","@graph":[{"@type":"WebPage","@id":"https:\/\/anivet.lt\/elparduotuve\/produktas\/plaqueoff-dental-bites-small-skanestai-burnos-higienai-sunims-60-g\/","url":"https:\/\/anivet.lt\/elparduotuve\/produktas\/plaqueoff-dental-bites-small-skanestai-burnos-higienai-sunims-60-g\/","name":"PlaqueOff Dental Bites Small \u2013 skan\u0117stai burnos higienai \u0161unims 60 g - anivet.lt","isPartOf":{"@id":"https:\/\/anivet.lt\/elparduotuve\/#website"},"primaryImageOfPage":{"@id":"https:\/\/anivet.lt\/elparduotuve\/produktas\/plaqueoff-dental-bites-small-skanestai-burnos-higienai-sunims-60-g\/#primaryimage"},"image":{"@id":"https:\/\/anivet.lt\/elparduotuve\/produktas\/plaqueoff-dental-bites-small-skanestai-burnos-higienai-sunims-60-g\/#primaryimage"},"thumbnailUrl":"https:\/\/anivet.lt\/elparduotuve\/wp-content\/uploads\/2024\/11\/PlaqueOff-Dental-Bites-\u2013-skanestai-burnos-higienai-sunims-S-60-g.jpg","datePublished":"2024-11-21T22:28:49+00:00","dateModified":"2026-04-27T06:15:13+00:00","description":"Skan\u0117stai burnos higienai ma\u017eiems \u0161unims. \u0160ie gard\u016bs u\u017ekand\u017eiai padeda palaikyti sveik\u0105 burnos higien\u0105 ir gaiv\u0173 kvap\u0105, puikiai tinkantys kasdieniam naudojimui.","breadcrumb":{"@id":"https:\/\/anivet.lt\/elparduotuve\/produktas\/plaqueoff-dental-bites-small-skanestai-burnos-higienai-sunims-60-g\/#breadcrumb"},"inLanguage":"lt-LT","potentialAction":[{"@type":"ReadAction","target":["https:\/\/anivet.lt\/elparduotuve\/produktas\/plaqueoff-dental-bites-small-skanestai-burnos-higienai-sunims-60-g\/"]}]},{"@type":"ImageObject","inLanguage":"lt-LT","@id":"https:\/\/anivet.lt\/elparduotuve\/produktas\/plaqueoff-dental-bites-small-skanestai-burnos-higienai-sunims-60-g\/#primaryimage","url":"https:\/\/anivet.lt\/elparduotuve\/wp-content\/uploads\/2024\/11\/PlaqueOff-Dental-Bites-\u2013-skanestai-burnos-higienai-sunims-S-60-g.jpg","contentUrl":"https:\/\/anivet.lt\/elparduotuve\/wp-content\/uploads\/2024\/11\/PlaqueOff-Dental-Bites-\u2013-skanestai-burnos-higienai-sunims-S-60-g.jpg","width":940,"height":940,"caption":"PlaqueOff Dental Bites Small \u2013 skan\u0117stai burnos higienai \u0161unims 60 g"},{"@type":"BreadcrumbList","@id":"https:\/\/anivet.lt\/elparduotuve\/produktas\/plaqueoff-dental-bites-small-skanestai-burnos-higienai-sunims-60-g\/#breadcrumb","itemListElement":[{"@type":"ListItem","position":1,"name":"Home","item":"https:\/\/anivet.lt\/elparduotuve\/"},{"@type":"ListItem","position":2,"name":"Produktai","item":"https:\/\/anivet.lt\/elparduotuve\/produktai\/"},{"@type":"ListItem","position":3,"name":"PlaqueOff Dental Bites Small \u2013 skan\u0117stai burnos higienai \u0161unims 60 g"}]},{"@type":"WebSite","@id":"https:\/\/anivet.lt\/elparduotuve\/#website","url":"https:\/\/anivet.lt\/elparduotuve\/","name":"anivet.lt","description":"Viskas J\u016bs\u0173 \u0161uns, kat\u0117s prie\u017ei\u016brai","publisher":{"@id":"https:\/\/anivet.lt\/elparduotuve\/#organization"},"alternateName":"Viskas J\u016bs\u0173 \u0161uns, kat\u0117s prie\u017ei\u016brai","potentialAction":[{"@type":"SearchAction","target":{"@type":"EntryPoint","urlTemplate":"https:\/\/anivet.lt\/elparduotuve\/?s={search_term_string}"},"query-input":{"@type":"PropertyValueSpecification","valueRequired":true,"valueName":"search_term_string"}}],"inLanguage":"lt-LT"},{"@type":"Organization","@id":"https:\/\/anivet.lt\/elparduotuve\/#organization","name":"Viskas J\u016bs\u0173 \u0161uns, kat\u0117s prie\u017ei\u016brai","url":"https:\/\/anivet.lt\/elparduotuve\/","logo":{"@type":"ImageObject","inLanguage":"lt-LT","@id":"https:\/\/anivet.lt\/elparduotuve\/#\/schema\/logo\/image\/","url":"https:\/\/anivet.lt\/elparduotuve\/wp-content\/uploads\/2023\/06\/logo2.jpg","contentUrl":"https:\/\/anivet.lt\/elparduotuve\/wp-content\/uploads\/2023\/06\/logo2.jpg","width":655,"height":194,"caption":"Viskas J\u016bs\u0173 \u0161uns, kat\u0117s prie\u017ei\u016brai"},"image":{"@id":"https:\/\/anivet.lt\/elparduotuve\/#\/schema\/logo\/image\/"}}]}},"_links":{"self":[{"href":"https:\/\/anivet.lt\/elparduotuve\/wp-json\/wp\/v2\/product\/15252","targetHints":{"allow":["GET"]}}],"collection":[{"href":"https:\/\/anivet.lt\/elparduotuve\/wp-json\/wp\/v2\/product"}],"about":[{"href":"https:\/\/anivet.lt\/elparduotuve\/wp-json\/wp\/v2\/types\/product"}],"wp:featuredmedia":[{"embeddable":true,"href":"https:\/\/anivet.lt\/elparduotuve\/wp-json\/wp\/v2\/media\/15253"}],"wp:attachment":[{"href":"https:\/\/anivet.lt\/elparduotuve\/wp-json\/wp\/v2\/media?parent=15252"}],"wp:term":[{"taxonomy":"product_brand","embeddable":true,"href":"https:\/\/anivet.lt\/elparduotuve\/wp-json\/wp\/v2\/product_brand?post=15252"},{"taxonomy":"product_cat","embeddable":true,"href":"https:\/\/anivet.lt\/elparduotuve\/wp-json\/wp\/v2\/product_cat?post=15252"},{"taxonomy":"product_tag","embeddable":true,"href":"https:\/\/anivet.lt\/elparduotuve\/wp-json\/wp\/v2\/product_tag?post=15252"}],"curies":[{"name":"wp","href":"https:\/\/api.w.org\/{rel}","templated":true}]}}