{"id":15268,"date":"2024-11-22T10:50:03","date_gmt":"2024-11-22T10:50:03","guid":{"rendered":"https:\/\/anivet.lt\/elparduotuve\/?post_type=product&#038;p=15268"},"modified":"2026-01-13T20:03:35","modified_gmt":"2026-01-13T20:03:35","slug":"vetexpert-urinovet-cat-dilution-twist-off-45-kaps","status":"publish","type":"product","link":"https:\/\/anivet.lt\/elparduotuve\/produktas\/vetexpert-urinovet-cat-dilution-twist-off-45-kaps\/","title":{"rendered":"VetExpert URINOVET CAT DILUTION Twist Off \u0161lapimo sistemai 45kaps."},"content":{"rendered":"<ul>\n<li style=\"font-weight: 400;\" aria-level=\"1\"><span style=\"font-weight: 400;\">\u0160lapimo r\u016bg\u0161tinimas: Sud\u0117tyje esantis DL-metioninas padeda palaikyti tinkam\u0105 \u0161lapimo pH, ma\u017eindamas akmen\u0173 formavimosi rizik\u0105.<\/span><\/li>\n<li style=\"font-weight: 400;\" aria-level=\"1\"><span style=\"font-weight: 400;\">Nat\u016bral\u016bs ingredientai: Spanguol\u0117s ir dilg\u0117li\u0173 ekstraktas prisideda prie \u0161lapimo tak\u0173 sveikatos, ma\u017eindami bakterij\u0173 kaupim\u0105si ir skatindami \u0161lapimo \u0161alinim\u0105.<\/span><\/li>\n<li style=\"font-weight: 400;\" aria-level=\"1\"><span style=\"font-weight: 400;\">\u0160lapimo p\u016bsl\u0117s gleivin\u0117s apsauga: Gliukozaminas palaiko \u0161lapimo p\u016bsl\u0117s sienel\u0117s vientisum\u0105 ir funkcionalum\u0105.<\/span><\/li>\n<li style=\"font-weight: 400;\" aria-level=\"1\"><span style=\"font-weight: 400;\">Pagalba esant \u0161lapimo tak\u0173 problemoms: Tinka gydant ir profilakti\u0161kai esant cistitui, akmenligei ar kitoms apatini\u0173 \u0161lapimo tak\u0173 problemoms.<\/span><\/li>\n<li style=\"font-weight: 400;\" aria-level=\"1\"><span style=\"font-weight: 400;\">Patogus naudojimas: Twist Off kapsul\u0117s formos leid\u017eia lengvai dozuoti ir pateikti papild\u0105.<\/span><\/li>\n<\/ul>\n<p><span style=\"font-weight: 400;\">\u201eVetExpert URINOVET CAT DILUTION Twist Off\u201c yra veiksminga priemon\u0117, skirta palaikyti j\u016bs\u0173 kat\u0117s \u0161lapimo sistemos sveikat\u0105, u\u017etikrinant komfort\u0105 ir ger\u0105 savijaut\u0105. Idealiai tinka naudoti kartu su \u0161lapimo tak\u0173 lig\u0173 gydymu arba prevencijai.<\/span><\/p>\n","protected":false},"excerpt":{"rendered":"<p><span style=\"font-weight: 400;\">Papildas, skirtas kat\u0117ms palaikyti normali\u0105 \u0161lapimo sistemos funkcij\u0105. \u0160is produktas praturtintas r\u016bg\u0161tinan\u010diomis med\u017eiagomis, kurios padeda reguliuoti \u0161lapimo pH ir ma\u017eina \u0161lapimo tak\u0173 lig\u0173 rizik\u0105.<\/span><\/p>\n","protected":false},"featured_media":15269,"template":"","meta":[],"product_brand":[],"product_cat":[102,124],"product_tag":[],"class_list":{"0":"post-15268","1":"product","2":"type-product","3":"status-publish","4":"has-post-thumbnail","6":"product_cat-katems","7":"product_cat-vitaminai-ir-papildai-katems","8":"pa_prekinis-zenklas-vetexpert","10":"first","11":"instock","12":"taxable","13":"shipping-taxable","14":"purchasable","15":"product-type-simple"},"yoast_head":"<!-- This site is optimized with the Yoast SEO Premium plugin v27.1 (Yoast SEO v27.5) - https:\/\/yoast.com\/product\/yoast-seo-premium-wordpress\/ -->\n<title>VetExpert URINOVET CAT DILUTION Twist Off \u0161lapimo sistemai 45kaps. - anivet.lt<\/title>\n<meta name=\"description\" content=\"Papildas, skirtas kat\u0117ms palaikyti normali\u0105 \u0161lapimo sistemos funkcij\u0105. \u0160is produktas praturtintas r\u016bg\u0161tinan\u010diomis med\u017eiagomis, kurios padeda reguliuoti \u0161lapimo pH ir ma\u017eina \u0161lapimo tak\u0173 lig\u0173 rizik\u0105.\" \/>\n<meta name=\"robots\" content=\"index, follow, max-snippet:-1, max-image-preview:large, max-video-preview:-1\" \/>\n<link rel=\"canonical\" href=\"https:\/\/anivet.lt\/elparduotuve\/produktas\/vetexpert-urinovet-cat-dilution-twist-off-45-kaps\/\" \/>\n<meta property=\"og:locale\" content=\"lt_LT\" \/>\n<meta property=\"og:type\" content=\"article\" \/>\n<meta property=\"og:title\" content=\"VetExpert URINOVET CAT DILUTION Twist Off \u0161lapimo sistemai 45kaps.\" \/>\n<meta property=\"og:description\" content=\"Papildas, skirtas kat\u0117ms palaikyti normali\u0105 \u0161lapimo sistemos funkcij\u0105. \u0160is produktas praturtintas r\u016bg\u0161tinan\u010diomis med\u017eiagomis, kurios padeda reguliuoti \u0161lapimo pH ir ma\u017eina \u0161lapimo tak\u0173 lig\u0173 rizik\u0105.\" \/>\n<meta property=\"og:url\" content=\"https:\/\/anivet.lt\/elparduotuve\/produktas\/vetexpert-urinovet-cat-dilution-twist-off-45-kaps\/\" \/>\n<meta property=\"og:site_name\" content=\"anivet.lt\" \/>\n<meta property=\"article:modified_time\" content=\"2026-01-13T20:03:35+00:00\" \/>\n<meta property=\"og:image\" content=\"https:\/\/anivet.lt\/elparduotuve\/wp-content\/uploads\/2024\/11\/nauja-1.jpg\" \/>\n\t<meta property=\"og:image:width\" content=\"400\" \/>\n\t<meta property=\"og:image:height\" content=\"400\" \/>\n\t<meta property=\"og:image:type\" content=\"image\/jpeg\" \/>\n<meta name=\"twitter:card\" content=\"summary_large_image\" \/>\n<meta name=\"twitter:label1\" content=\"Est. reading time\" \/>\n\t<meta name=\"twitter:data1\" content=\"1 minut\u0117\" \/>\n<script type=\"application\/ld+json\" class=\"yoast-schema-graph\">{\"@context\":\"https:\\\/\\\/schema.org\",\"@graph\":[{\"@type\":\"WebPage\",\"@id\":\"https:\\\/\\\/anivet.lt\\\/elparduotuve\\\/produktas\\\/vetexpert-urinovet-cat-dilution-twist-off-45-kaps\\\/\",\"url\":\"https:\\\/\\\/anivet.lt\\\/elparduotuve\\\/produktas\\\/vetexpert-urinovet-cat-dilution-twist-off-45-kaps\\\/\",\"name\":\"VetExpert URINOVET CAT DILUTION Twist Off \u0161lapimo sistemai 45kaps. - anivet.lt\",\"isPartOf\":{\"@id\":\"https:\\\/\\\/anivet.lt\\\/elparduotuve\\\/#website\"},\"primaryImageOfPage\":{\"@id\":\"https:\\\/\\\/anivet.lt\\\/elparduotuve\\\/produktas\\\/vetexpert-urinovet-cat-dilution-twist-off-45-kaps\\\/#primaryimage\"},\"image\":{\"@id\":\"https:\\\/\\\/anivet.lt\\\/elparduotuve\\\/produktas\\\/vetexpert-urinovet-cat-dilution-twist-off-45-kaps\\\/#primaryimage\"},\"thumbnailUrl\":\"https:\\\/\\\/anivet.lt\\\/elparduotuve\\\/wp-content\\\/uploads\\\/2024\\\/11\\\/nauja-1.jpg\",\"datePublished\":\"2024-11-22T10:50:03+00:00\",\"dateModified\":\"2026-01-13T20:03:35+00:00\",\"description\":\"Papildas, skirtas kat\u0117ms palaikyti normali\u0105 \u0161lapimo sistemos funkcij\u0105. \u0160is produktas praturtintas r\u016bg\u0161tinan\u010diomis med\u017eiagomis, kurios padeda reguliuoti \u0161lapimo pH ir ma\u017eina \u0161lapimo tak\u0173 lig\u0173 rizik\u0105.\",\"breadcrumb\":{\"@id\":\"https:\\\/\\\/anivet.lt\\\/elparduotuve\\\/produktas\\\/vetexpert-urinovet-cat-dilution-twist-off-45-kaps\\\/#breadcrumb\"},\"inLanguage\":\"lt-LT\",\"potentialAction\":[{\"@type\":\"ReadAction\",\"target\":[\"https:\\\/\\\/anivet.lt\\\/elparduotuve\\\/produktas\\\/vetexpert-urinovet-cat-dilution-twist-off-45-kaps\\\/\"]}]},{\"@type\":\"ImageObject\",\"inLanguage\":\"lt-LT\",\"@id\":\"https:\\\/\\\/anivet.lt\\\/elparduotuve\\\/produktas\\\/vetexpert-urinovet-cat-dilution-twist-off-45-kaps\\\/#primaryimage\",\"url\":\"https:\\\/\\\/anivet.lt\\\/elparduotuve\\\/wp-content\\\/uploads\\\/2024\\\/11\\\/nauja-1.jpg\",\"contentUrl\":\"https:\\\/\\\/anivet.lt\\\/elparduotuve\\\/wp-content\\\/uploads\\\/2024\\\/11\\\/nauja-1.jpg\",\"width\":400,\"height\":400,\"caption\":\"VetExpert URINOVET CAT DILUTION Twist Off \u0161lapimo sistemai 45kaps.\"},{\"@type\":\"BreadcrumbList\",\"@id\":\"https:\\\/\\\/anivet.lt\\\/elparduotuve\\\/produktas\\\/vetexpert-urinovet-cat-dilution-twist-off-45-kaps\\\/#breadcrumb\",\"itemListElement\":[{\"@type\":\"ListItem\",\"position\":1,\"name\":\"Home\",\"item\":\"https:\\\/\\\/anivet.lt\\\/elparduotuve\\\/\"},{\"@type\":\"ListItem\",\"position\":2,\"name\":\"Produktai\",\"item\":\"https:\\\/\\\/anivet.lt\\\/elparduotuve\\\/produktai\\\/\"},{\"@type\":\"ListItem\",\"position\":3,\"name\":\"VetExpert URINOVET CAT DILUTION Twist Off \u0161lapimo sistemai 45kaps.\"}]},{\"@type\":\"WebSite\",\"@id\":\"https:\\\/\\\/anivet.lt\\\/elparduotuve\\\/#website\",\"url\":\"https:\\\/\\\/anivet.lt\\\/elparduotuve\\\/\",\"name\":\"anivet.lt\",\"description\":\"Viskas J\u016bs\u0173 \u0161uns, kat\u0117s prie\u017ei\u016brai\",\"publisher\":{\"@id\":\"https:\\\/\\\/anivet.lt\\\/elparduotuve\\\/#organization\"},\"alternateName\":\"Viskas J\u016bs\u0173 \u0161uns, kat\u0117s prie\u017ei\u016brai\",\"potentialAction\":[{\"@type\":\"SearchAction\",\"target\":{\"@type\":\"EntryPoint\",\"urlTemplate\":\"https:\\\/\\\/anivet.lt\\\/elparduotuve\\\/?s={search_term_string}\"},\"query-input\":{\"@type\":\"PropertyValueSpecification\",\"valueRequired\":true,\"valueName\":\"search_term_string\"}}],\"inLanguage\":\"lt-LT\"},{\"@type\":\"Organization\",\"@id\":\"https:\\\/\\\/anivet.lt\\\/elparduotuve\\\/#organization\",\"name\":\"Viskas J\u016bs\u0173 \u0161uns, kat\u0117s prie\u017ei\u016brai\",\"url\":\"https:\\\/\\\/anivet.lt\\\/elparduotuve\\\/\",\"logo\":{\"@type\":\"ImageObject\",\"inLanguage\":\"lt-LT\",\"@id\":\"https:\\\/\\\/anivet.lt\\\/elparduotuve\\\/#\\\/schema\\\/logo\\\/image\\\/\",\"url\":\"https:\\\/\\\/anivet.lt\\\/elparduotuve\\\/wp-content\\\/uploads\\\/2023\\\/06\\\/logo2.jpg\",\"contentUrl\":\"https:\\\/\\\/anivet.lt\\\/elparduotuve\\\/wp-content\\\/uploads\\\/2023\\\/06\\\/logo2.jpg\",\"width\":655,\"height\":194,\"caption\":\"Viskas J\u016bs\u0173 \u0161uns, kat\u0117s prie\u017ei\u016brai\"},\"image\":{\"@id\":\"https:\\\/\\\/anivet.lt\\\/elparduotuve\\\/#\\\/schema\\\/logo\\\/image\\\/\"}}]}<\/script>\n<!-- \/ Yoast SEO Premium plugin. -->","yoast_head_json":{"title":"VetExpert URINOVET CAT DILUTION Twist Off \u0161lapimo sistemai 45kaps. - anivet.lt","description":"Papildas, skirtas kat\u0117ms palaikyti normali\u0105 \u0161lapimo sistemos funkcij\u0105. \u0160is produktas praturtintas r\u016bg\u0161tinan\u010diomis med\u017eiagomis, kurios padeda reguliuoti \u0161lapimo pH ir ma\u017eina \u0161lapimo tak\u0173 lig\u0173 rizik\u0105.","robots":{"index":"index","follow":"follow","max-snippet":"max-snippet:-1","max-image-preview":"max-image-preview:large","max-video-preview":"max-video-preview:-1"},"canonical":"https:\/\/anivet.lt\/elparduotuve\/produktas\/vetexpert-urinovet-cat-dilution-twist-off-45-kaps\/","og_locale":"lt_LT","og_type":"article","og_title":"VetExpert URINOVET CAT DILUTION Twist Off \u0161lapimo sistemai 45kaps.","og_description":"Papildas, skirtas kat\u0117ms palaikyti normali\u0105 \u0161lapimo sistemos funkcij\u0105. \u0160is produktas praturtintas r\u016bg\u0161tinan\u010diomis med\u017eiagomis, kurios padeda reguliuoti \u0161lapimo pH ir ma\u017eina \u0161lapimo tak\u0173 lig\u0173 rizik\u0105.","og_url":"https:\/\/anivet.lt\/elparduotuve\/produktas\/vetexpert-urinovet-cat-dilution-twist-off-45-kaps\/","og_site_name":"anivet.lt","article_modified_time":"2026-01-13T20:03:35+00:00","og_image":[{"width":400,"height":400,"url":"https:\/\/anivet.lt\/elparduotuve\/wp-content\/uploads\/2024\/11\/nauja-1.jpg","type":"image\/jpeg"}],"twitter_card":"summary_large_image","twitter_misc":{"Est. reading time":"1 minut\u0117"},"schema":{"@context":"https:\/\/schema.org","@graph":[{"@type":"WebPage","@id":"https:\/\/anivet.lt\/elparduotuve\/produktas\/vetexpert-urinovet-cat-dilution-twist-off-45-kaps\/","url":"https:\/\/anivet.lt\/elparduotuve\/produktas\/vetexpert-urinovet-cat-dilution-twist-off-45-kaps\/","name":"VetExpert URINOVET CAT DILUTION Twist Off \u0161lapimo sistemai 45kaps. - anivet.lt","isPartOf":{"@id":"https:\/\/anivet.lt\/elparduotuve\/#website"},"primaryImageOfPage":{"@id":"https:\/\/anivet.lt\/elparduotuve\/produktas\/vetexpert-urinovet-cat-dilution-twist-off-45-kaps\/#primaryimage"},"image":{"@id":"https:\/\/anivet.lt\/elparduotuve\/produktas\/vetexpert-urinovet-cat-dilution-twist-off-45-kaps\/#primaryimage"},"thumbnailUrl":"https:\/\/anivet.lt\/elparduotuve\/wp-content\/uploads\/2024\/11\/nauja-1.jpg","datePublished":"2024-11-22T10:50:03+00:00","dateModified":"2026-01-13T20:03:35+00:00","description":"Papildas, skirtas kat\u0117ms palaikyti normali\u0105 \u0161lapimo sistemos funkcij\u0105. \u0160is produktas praturtintas r\u016bg\u0161tinan\u010diomis med\u017eiagomis, kurios padeda reguliuoti \u0161lapimo pH ir ma\u017eina \u0161lapimo tak\u0173 lig\u0173 rizik\u0105.","breadcrumb":{"@id":"https:\/\/anivet.lt\/elparduotuve\/produktas\/vetexpert-urinovet-cat-dilution-twist-off-45-kaps\/#breadcrumb"},"inLanguage":"lt-LT","potentialAction":[{"@type":"ReadAction","target":["https:\/\/anivet.lt\/elparduotuve\/produktas\/vetexpert-urinovet-cat-dilution-twist-off-45-kaps\/"]}]},{"@type":"ImageObject","inLanguage":"lt-LT","@id":"https:\/\/anivet.lt\/elparduotuve\/produktas\/vetexpert-urinovet-cat-dilution-twist-off-45-kaps\/#primaryimage","url":"https:\/\/anivet.lt\/elparduotuve\/wp-content\/uploads\/2024\/11\/nauja-1.jpg","contentUrl":"https:\/\/anivet.lt\/elparduotuve\/wp-content\/uploads\/2024\/11\/nauja-1.jpg","width":400,"height":400,"caption":"VetExpert URINOVET CAT DILUTION Twist Off \u0161lapimo sistemai 45kaps."},{"@type":"BreadcrumbList","@id":"https:\/\/anivet.lt\/elparduotuve\/produktas\/vetexpert-urinovet-cat-dilution-twist-off-45-kaps\/#breadcrumb","itemListElement":[{"@type":"ListItem","position":1,"name":"Home","item":"https:\/\/anivet.lt\/elparduotuve\/"},{"@type":"ListItem","position":2,"name":"Produktai","item":"https:\/\/anivet.lt\/elparduotuve\/produktai\/"},{"@type":"ListItem","position":3,"name":"VetExpert URINOVET CAT DILUTION Twist Off \u0161lapimo sistemai 45kaps."}]},{"@type":"WebSite","@id":"https:\/\/anivet.lt\/elparduotuve\/#website","url":"https:\/\/anivet.lt\/elparduotuve\/","name":"anivet.lt","description":"Viskas J\u016bs\u0173 \u0161uns, kat\u0117s prie\u017ei\u016brai","publisher":{"@id":"https:\/\/anivet.lt\/elparduotuve\/#organization"},"alternateName":"Viskas J\u016bs\u0173 \u0161uns, kat\u0117s prie\u017ei\u016brai","potentialAction":[{"@type":"SearchAction","target":{"@type":"EntryPoint","urlTemplate":"https:\/\/anivet.lt\/elparduotuve\/?s={search_term_string}"},"query-input":{"@type":"PropertyValueSpecification","valueRequired":true,"valueName":"search_term_string"}}],"inLanguage":"lt-LT"},{"@type":"Organization","@id":"https:\/\/anivet.lt\/elparduotuve\/#organization","name":"Viskas J\u016bs\u0173 \u0161uns, kat\u0117s prie\u017ei\u016brai","url":"https:\/\/anivet.lt\/elparduotuve\/","logo":{"@type":"ImageObject","inLanguage":"lt-LT","@id":"https:\/\/anivet.lt\/elparduotuve\/#\/schema\/logo\/image\/","url":"https:\/\/anivet.lt\/elparduotuve\/wp-content\/uploads\/2023\/06\/logo2.jpg","contentUrl":"https:\/\/anivet.lt\/elparduotuve\/wp-content\/uploads\/2023\/06\/logo2.jpg","width":655,"height":194,"caption":"Viskas J\u016bs\u0173 \u0161uns, kat\u0117s prie\u017ei\u016brai"},"image":{"@id":"https:\/\/anivet.lt\/elparduotuve\/#\/schema\/logo\/image\/"}}]}},"_links":{"self":[{"href":"https:\/\/anivet.lt\/elparduotuve\/wp-json\/wp\/v2\/product\/15268","targetHints":{"allow":["GET"]}}],"collection":[{"href":"https:\/\/anivet.lt\/elparduotuve\/wp-json\/wp\/v2\/product"}],"about":[{"href":"https:\/\/anivet.lt\/elparduotuve\/wp-json\/wp\/v2\/types\/product"}],"wp:featuredmedia":[{"embeddable":true,"href":"https:\/\/anivet.lt\/elparduotuve\/wp-json\/wp\/v2\/media\/15269"}],"wp:attachment":[{"href":"https:\/\/anivet.lt\/elparduotuve\/wp-json\/wp\/v2\/media?parent=15268"}],"wp:term":[{"taxonomy":"product_brand","embeddable":true,"href":"https:\/\/anivet.lt\/elparduotuve\/wp-json\/wp\/v2\/product_brand?post=15268"},{"taxonomy":"product_cat","embeddable":true,"href":"https:\/\/anivet.lt\/elparduotuve\/wp-json\/wp\/v2\/product_cat?post=15268"},{"taxonomy":"product_tag","embeddable":true,"href":"https:\/\/anivet.lt\/elparduotuve\/wp-json\/wp\/v2\/product_tag?post=15268"}],"curies":[{"name":"wp","href":"https:\/\/api.w.org\/{rel}","templated":true}]}}