{"id":15325,"date":"2024-11-27T20:58:08","date_gmt":"2024-11-27T20:58:08","guid":{"rendered":"https:\/\/anivet.lt\/elparduotuve\/?post_type=product&#038;p=15325"},"modified":"2025-05-27T13:31:29","modified_gmt":"2025-05-27T13:31:29","slug":"alpha-spirit-pastetas-sunims-su-kalakutiena-300g","status":"publish","type":"product","link":"https:\/\/anivet.lt\/elparduotuve\/produktas\/alpha-spirit-pastetas-sunims-su-kalakutiena-300g\/","title":{"rendered":"ALPHA SPIRIT pa\u0161tetas \u0161unims su kalakutiena 300g"},"content":{"rendered":"<ul>\n<li style=\"font-weight: 400;\" aria-level=\"1\"><span style=\"font-weight: 400;\">Auk\u0161tos kokyb\u0117s kalakutiena: 65% sud\u0117ties sudaro nukaulinta m\u0117sa, kepen\u0117l\u0117s ir \u0161irdys, kurios yra puikus baltym\u0173 \u0161altinis.<\/span><\/li>\n<li style=\"font-weight: 400;\" aria-level=\"1\"><span style=\"font-weight: 400;\">Be gr\u016bd\u0173 ir glitimo: Tinka jautriems \u0161unims, turintiems alergij\u0173 ar speciali\u0173 mitybos poreiki\u0173.<\/span><\/li>\n<li style=\"font-weight: 400;\" aria-level=\"1\"><span style=\"font-weight: 400;\">Nat\u016bral\u016bs vitaminai: Papildytas vitaminais B1, B6, H ir E, kurie padeda palaikyti \u0161uns energij\u0105, odos bei kailio sveikat\u0105.<\/span><\/li>\n<li style=\"font-weight: 400;\" aria-level=\"1\"><span style=\"font-weight: 400;\">Mineralai: Sud\u0117tyje esantis cinkas, manganas, jodas ir varis prisideda prie stiprios imunin\u0117s sistemos ir optimalaus metabolizmo.<\/span><\/li>\n<li style=\"font-weight: 400;\" aria-level=\"1\"><span style=\"font-weight: 400;\">Be dirbtini\u0173 pried\u0173: N\u0117ra da\u017eikli\u0173, konservant\u0173 ar dirbtini\u0173 kvapikli\u0173, tod\u0117l maistas yra nat\u016bralus ir saugus.<\/span><\/li>\n<\/ul>\n<p><span style=\"font-weight: 400;\">\u0160is pa\u0161tetas puikiai tinka tiek kasdieniam \u0161uns \u0161\u0117rimui, tiek kaip specialus delikatesas. Jo nat\u016brali sud\u0117tis ir subalansuoti ingredientai u\u017etikrins j\u016bs\u0173 augintinio sveikat\u0105 ir energij\u0105.<\/span><\/p>\n","protected":false},"excerpt":{"rendered":"<p><span style=\"font-weight: 400;\">\u0160is pa\u0161tetas su kalakutiena yra subalansuotas ir nat\u016bralus maisto pasirinkimas, tinkantis vis\u0173 veisli\u0173 suaugusiems \u0161unims. Jo sud\u0117tis be gr\u016bd\u0173 ir konservant\u0173 u\u017etikrina puik\u0173 vir\u0161kinim\u0105 bei nat\u016bral\u0173 skon\u012f.<\/span><\/p>\n","protected":false},"featured_media":15326,"template":"","meta":[],"product_brand":[],"product_cat":[101,103,331,105],"product_tag":[],"class_list":{"0":"post-15325","1":"product","2":"type-product","3":"status-publish","4":"has-post-thumbnail","6":"product_cat-sunims","7":"product_cat-sunu-maistas","8":"product_cat-alpha-spirit-maistas","9":"product_cat-konservai","10":"pa_prekinis-zenklas-alpha-spirit","12":"first","13":"outofstock","14":"taxable","15":"shipping-taxable","16":"purchasable","17":"product-type-simple"},"yoast_head":"<!-- This site is optimized with the Yoast SEO Premium plugin v27.1 (Yoast SEO v27.5) - https:\/\/yoast.com\/product\/yoast-seo-premium-wordpress\/ -->\n<title>ALPHA SPIRIT pa\u0161tetas \u0161unims su kalakutiena 300g - anivet.lt<\/title>\n<meta name=\"description\" content=\"\u0160is pa\u0161tetas su kalakutiena yra subalansuotas ir nat\u016bralus maisto pasirinkimas, tinkantis vis\u0173 veisli\u0173 suaugusiems \u0161unims. Jo sud\u0117tis be gr\u016bd\u0173 ir konservant\u0173 u\u017etikrina puik\u0173 vir\u0161kinim\u0105 bei nat\u016bral\u0173 skon\u012f.\" \/>\n<meta name=\"robots\" content=\"index, follow, max-snippet:-1, max-image-preview:large, max-video-preview:-1\" \/>\n<link rel=\"canonical\" href=\"https:\/\/anivet.lt\/elparduotuve\/produktas\/alpha-spirit-pastetas-sunims-su-kalakutiena-300g\/\" \/>\n<meta property=\"og:locale\" content=\"lt_LT\" \/>\n<meta property=\"og:type\" content=\"article\" \/>\n<meta property=\"og:title\" content=\"ALPHA SPIRIT pa\u0161tetas \u0161unims su kalakutiena 300g\" \/>\n<meta property=\"og:description\" content=\"\u0160is pa\u0161tetas su kalakutiena yra subalansuotas ir nat\u016bralus maisto pasirinkimas, tinkantis vis\u0173 veisli\u0173 suaugusiems \u0161unims. Jo sud\u0117tis be gr\u016bd\u0173 ir konservant\u0173 u\u017etikrina puik\u0173 vir\u0161kinim\u0105 bei nat\u016bral\u0173 skon\u012f.\" \/>\n<meta property=\"og:url\" content=\"https:\/\/anivet.lt\/elparduotuve\/produktas\/alpha-spirit-pastetas-sunims-su-kalakutiena-300g\/\" \/>\n<meta property=\"og:site_name\" content=\"anivet.lt\" \/>\n<meta property=\"article:modified_time\" content=\"2025-05-27T13:31:29+00:00\" \/>\n<meta property=\"og:image\" content=\"https:\/\/anivet.lt\/elparduotuve\/wp-content\/uploads\/2024\/11\/ALPHA-SPIRIT-WET-pastetas-sunims-su-kalakutiena-300g.jpg\" \/>\n\t<meta property=\"og:image:width\" content=\"1000\" \/>\n\t<meta property=\"og:image:height\" content=\"939\" \/>\n\t<meta property=\"og:image:type\" content=\"image\/jpeg\" \/>\n<meta name=\"twitter:card\" content=\"summary_large_image\" \/>\n<meta name=\"twitter:label1\" content=\"Est. reading time\" \/>\n\t<meta name=\"twitter:data1\" content=\"1 minut\u0117\" \/>\n<script type=\"application\/ld+json\" class=\"yoast-schema-graph\">{\"@context\":\"https:\\\/\\\/schema.org\",\"@graph\":[{\"@type\":\"WebPage\",\"@id\":\"https:\\\/\\\/anivet.lt\\\/elparduotuve\\\/produktas\\\/alpha-spirit-pastetas-sunims-su-kalakutiena-300g\\\/\",\"url\":\"https:\\\/\\\/anivet.lt\\\/elparduotuve\\\/produktas\\\/alpha-spirit-pastetas-sunims-su-kalakutiena-300g\\\/\",\"name\":\"ALPHA SPIRIT pa\u0161tetas \u0161unims su kalakutiena 300g - anivet.lt\",\"isPartOf\":{\"@id\":\"https:\\\/\\\/anivet.lt\\\/elparduotuve\\\/#website\"},\"primaryImageOfPage\":{\"@id\":\"https:\\\/\\\/anivet.lt\\\/elparduotuve\\\/produktas\\\/alpha-spirit-pastetas-sunims-su-kalakutiena-300g\\\/#primaryimage\"},\"image\":{\"@id\":\"https:\\\/\\\/anivet.lt\\\/elparduotuve\\\/produktas\\\/alpha-spirit-pastetas-sunims-su-kalakutiena-300g\\\/#primaryimage\"},\"thumbnailUrl\":\"https:\\\/\\\/anivet.lt\\\/elparduotuve\\\/wp-content\\\/uploads\\\/2024\\\/11\\\/ALPHA-SPIRIT-WET-pastetas-sunims-su-kalakutiena-300g.jpg\",\"datePublished\":\"2024-11-27T20:58:08+00:00\",\"dateModified\":\"2025-05-27T13:31:29+00:00\",\"description\":\"\u0160is pa\u0161tetas su kalakutiena yra subalansuotas ir nat\u016bralus maisto pasirinkimas, tinkantis vis\u0173 veisli\u0173 suaugusiems \u0161unims. Jo sud\u0117tis be gr\u016bd\u0173 ir konservant\u0173 u\u017etikrina puik\u0173 vir\u0161kinim\u0105 bei nat\u016bral\u0173 skon\u012f.\",\"breadcrumb\":{\"@id\":\"https:\\\/\\\/anivet.lt\\\/elparduotuve\\\/produktas\\\/alpha-spirit-pastetas-sunims-su-kalakutiena-300g\\\/#breadcrumb\"},\"inLanguage\":\"lt-LT\",\"potentialAction\":[{\"@type\":\"ReadAction\",\"target\":[\"https:\\\/\\\/anivet.lt\\\/elparduotuve\\\/produktas\\\/alpha-spirit-pastetas-sunims-su-kalakutiena-300g\\\/\"]}]},{\"@type\":\"ImageObject\",\"inLanguage\":\"lt-LT\",\"@id\":\"https:\\\/\\\/anivet.lt\\\/elparduotuve\\\/produktas\\\/alpha-spirit-pastetas-sunims-su-kalakutiena-300g\\\/#primaryimage\",\"url\":\"https:\\\/\\\/anivet.lt\\\/elparduotuve\\\/wp-content\\\/uploads\\\/2024\\\/11\\\/ALPHA-SPIRIT-WET-pastetas-sunims-su-kalakutiena-300g.jpg\",\"contentUrl\":\"https:\\\/\\\/anivet.lt\\\/elparduotuve\\\/wp-content\\\/uploads\\\/2024\\\/11\\\/ALPHA-SPIRIT-WET-pastetas-sunims-su-kalakutiena-300g.jpg\",\"width\":1000,\"height\":939,\"caption\":\"ALPHA SPIRIT pa\u0161tetas \u0161unims su kalakutiena 300g\"},{\"@type\":\"BreadcrumbList\",\"@id\":\"https:\\\/\\\/anivet.lt\\\/elparduotuve\\\/produktas\\\/alpha-spirit-pastetas-sunims-su-kalakutiena-300g\\\/#breadcrumb\",\"itemListElement\":[{\"@type\":\"ListItem\",\"position\":1,\"name\":\"Home\",\"item\":\"https:\\\/\\\/anivet.lt\\\/elparduotuve\\\/\"},{\"@type\":\"ListItem\",\"position\":2,\"name\":\"Produktai\",\"item\":\"https:\\\/\\\/anivet.lt\\\/elparduotuve\\\/produktai\\\/\"},{\"@type\":\"ListItem\",\"position\":3,\"name\":\"ALPHA SPIRIT pa\u0161tetas \u0161unims su kalakutiena 300g\"}]},{\"@type\":\"WebSite\",\"@id\":\"https:\\\/\\\/anivet.lt\\\/elparduotuve\\\/#website\",\"url\":\"https:\\\/\\\/anivet.lt\\\/elparduotuve\\\/\",\"name\":\"anivet.lt\",\"description\":\"Viskas J\u016bs\u0173 \u0161uns, kat\u0117s prie\u017ei\u016brai\",\"publisher\":{\"@id\":\"https:\\\/\\\/anivet.lt\\\/elparduotuve\\\/#organization\"},\"alternateName\":\"Viskas J\u016bs\u0173 \u0161uns, kat\u0117s prie\u017ei\u016brai\",\"potentialAction\":[{\"@type\":\"SearchAction\",\"target\":{\"@type\":\"EntryPoint\",\"urlTemplate\":\"https:\\\/\\\/anivet.lt\\\/elparduotuve\\\/?s={search_term_string}\"},\"query-input\":{\"@type\":\"PropertyValueSpecification\",\"valueRequired\":true,\"valueName\":\"search_term_string\"}}],\"inLanguage\":\"lt-LT\"},{\"@type\":\"Organization\",\"@id\":\"https:\\\/\\\/anivet.lt\\\/elparduotuve\\\/#organization\",\"name\":\"Viskas J\u016bs\u0173 \u0161uns, kat\u0117s prie\u017ei\u016brai\",\"url\":\"https:\\\/\\\/anivet.lt\\\/elparduotuve\\\/\",\"logo\":{\"@type\":\"ImageObject\",\"inLanguage\":\"lt-LT\",\"@id\":\"https:\\\/\\\/anivet.lt\\\/elparduotuve\\\/#\\\/schema\\\/logo\\\/image\\\/\",\"url\":\"https:\\\/\\\/anivet.lt\\\/elparduotuve\\\/wp-content\\\/uploads\\\/2023\\\/06\\\/logo2.jpg\",\"contentUrl\":\"https:\\\/\\\/anivet.lt\\\/elparduotuve\\\/wp-content\\\/uploads\\\/2023\\\/06\\\/logo2.jpg\",\"width\":655,\"height\":194,\"caption\":\"Viskas J\u016bs\u0173 \u0161uns, kat\u0117s prie\u017ei\u016brai\"},\"image\":{\"@id\":\"https:\\\/\\\/anivet.lt\\\/elparduotuve\\\/#\\\/schema\\\/logo\\\/image\\\/\"}}]}<\/script>\n<!-- \/ Yoast SEO Premium plugin. -->","yoast_head_json":{"title":"ALPHA SPIRIT pa\u0161tetas \u0161unims su kalakutiena 300g - anivet.lt","description":"\u0160is pa\u0161tetas su kalakutiena yra subalansuotas ir nat\u016bralus maisto pasirinkimas, tinkantis vis\u0173 veisli\u0173 suaugusiems \u0161unims. Jo sud\u0117tis be gr\u016bd\u0173 ir konservant\u0173 u\u017etikrina puik\u0173 vir\u0161kinim\u0105 bei nat\u016bral\u0173 skon\u012f.","robots":{"index":"index","follow":"follow","max-snippet":"max-snippet:-1","max-image-preview":"max-image-preview:large","max-video-preview":"max-video-preview:-1"},"canonical":"https:\/\/anivet.lt\/elparduotuve\/produktas\/alpha-spirit-pastetas-sunims-su-kalakutiena-300g\/","og_locale":"lt_LT","og_type":"article","og_title":"ALPHA SPIRIT pa\u0161tetas \u0161unims su kalakutiena 300g","og_description":"\u0160is pa\u0161tetas su kalakutiena yra subalansuotas ir nat\u016bralus maisto pasirinkimas, tinkantis vis\u0173 veisli\u0173 suaugusiems \u0161unims. Jo sud\u0117tis be gr\u016bd\u0173 ir konservant\u0173 u\u017etikrina puik\u0173 vir\u0161kinim\u0105 bei nat\u016bral\u0173 skon\u012f.","og_url":"https:\/\/anivet.lt\/elparduotuve\/produktas\/alpha-spirit-pastetas-sunims-su-kalakutiena-300g\/","og_site_name":"anivet.lt","article_modified_time":"2025-05-27T13:31:29+00:00","og_image":[{"width":1000,"height":939,"url":"https:\/\/anivet.lt\/elparduotuve\/wp-content\/uploads\/2024\/11\/ALPHA-SPIRIT-WET-pastetas-sunims-su-kalakutiena-300g.jpg","type":"image\/jpeg"}],"twitter_card":"summary_large_image","twitter_misc":{"Est. reading time":"1 minut\u0117"},"schema":{"@context":"https:\/\/schema.org","@graph":[{"@type":"WebPage","@id":"https:\/\/anivet.lt\/elparduotuve\/produktas\/alpha-spirit-pastetas-sunims-su-kalakutiena-300g\/","url":"https:\/\/anivet.lt\/elparduotuve\/produktas\/alpha-spirit-pastetas-sunims-su-kalakutiena-300g\/","name":"ALPHA SPIRIT pa\u0161tetas \u0161unims su kalakutiena 300g - anivet.lt","isPartOf":{"@id":"https:\/\/anivet.lt\/elparduotuve\/#website"},"primaryImageOfPage":{"@id":"https:\/\/anivet.lt\/elparduotuve\/produktas\/alpha-spirit-pastetas-sunims-su-kalakutiena-300g\/#primaryimage"},"image":{"@id":"https:\/\/anivet.lt\/elparduotuve\/produktas\/alpha-spirit-pastetas-sunims-su-kalakutiena-300g\/#primaryimage"},"thumbnailUrl":"https:\/\/anivet.lt\/elparduotuve\/wp-content\/uploads\/2024\/11\/ALPHA-SPIRIT-WET-pastetas-sunims-su-kalakutiena-300g.jpg","datePublished":"2024-11-27T20:58:08+00:00","dateModified":"2025-05-27T13:31:29+00:00","description":"\u0160is pa\u0161tetas su kalakutiena yra subalansuotas ir nat\u016bralus maisto pasirinkimas, tinkantis vis\u0173 veisli\u0173 suaugusiems \u0161unims. Jo sud\u0117tis be gr\u016bd\u0173 ir konservant\u0173 u\u017etikrina puik\u0173 vir\u0161kinim\u0105 bei nat\u016bral\u0173 skon\u012f.","breadcrumb":{"@id":"https:\/\/anivet.lt\/elparduotuve\/produktas\/alpha-spirit-pastetas-sunims-su-kalakutiena-300g\/#breadcrumb"},"inLanguage":"lt-LT","potentialAction":[{"@type":"ReadAction","target":["https:\/\/anivet.lt\/elparduotuve\/produktas\/alpha-spirit-pastetas-sunims-su-kalakutiena-300g\/"]}]},{"@type":"ImageObject","inLanguage":"lt-LT","@id":"https:\/\/anivet.lt\/elparduotuve\/produktas\/alpha-spirit-pastetas-sunims-su-kalakutiena-300g\/#primaryimage","url":"https:\/\/anivet.lt\/elparduotuve\/wp-content\/uploads\/2024\/11\/ALPHA-SPIRIT-WET-pastetas-sunims-su-kalakutiena-300g.jpg","contentUrl":"https:\/\/anivet.lt\/elparduotuve\/wp-content\/uploads\/2024\/11\/ALPHA-SPIRIT-WET-pastetas-sunims-su-kalakutiena-300g.jpg","width":1000,"height":939,"caption":"ALPHA SPIRIT pa\u0161tetas \u0161unims su kalakutiena 300g"},{"@type":"BreadcrumbList","@id":"https:\/\/anivet.lt\/elparduotuve\/produktas\/alpha-spirit-pastetas-sunims-su-kalakutiena-300g\/#breadcrumb","itemListElement":[{"@type":"ListItem","position":1,"name":"Home","item":"https:\/\/anivet.lt\/elparduotuve\/"},{"@type":"ListItem","position":2,"name":"Produktai","item":"https:\/\/anivet.lt\/elparduotuve\/produktai\/"},{"@type":"ListItem","position":3,"name":"ALPHA SPIRIT pa\u0161tetas \u0161unims su kalakutiena 300g"}]},{"@type":"WebSite","@id":"https:\/\/anivet.lt\/elparduotuve\/#website","url":"https:\/\/anivet.lt\/elparduotuve\/","name":"anivet.lt","description":"Viskas J\u016bs\u0173 \u0161uns, kat\u0117s prie\u017ei\u016brai","publisher":{"@id":"https:\/\/anivet.lt\/elparduotuve\/#organization"},"alternateName":"Viskas J\u016bs\u0173 \u0161uns, kat\u0117s prie\u017ei\u016brai","potentialAction":[{"@type":"SearchAction","target":{"@type":"EntryPoint","urlTemplate":"https:\/\/anivet.lt\/elparduotuve\/?s={search_term_string}"},"query-input":{"@type":"PropertyValueSpecification","valueRequired":true,"valueName":"search_term_string"}}],"inLanguage":"lt-LT"},{"@type":"Organization","@id":"https:\/\/anivet.lt\/elparduotuve\/#organization","name":"Viskas J\u016bs\u0173 \u0161uns, kat\u0117s prie\u017ei\u016brai","url":"https:\/\/anivet.lt\/elparduotuve\/","logo":{"@type":"ImageObject","inLanguage":"lt-LT","@id":"https:\/\/anivet.lt\/elparduotuve\/#\/schema\/logo\/image\/","url":"https:\/\/anivet.lt\/elparduotuve\/wp-content\/uploads\/2023\/06\/logo2.jpg","contentUrl":"https:\/\/anivet.lt\/elparduotuve\/wp-content\/uploads\/2023\/06\/logo2.jpg","width":655,"height":194,"caption":"Viskas J\u016bs\u0173 \u0161uns, kat\u0117s prie\u017ei\u016brai"},"image":{"@id":"https:\/\/anivet.lt\/elparduotuve\/#\/schema\/logo\/image\/"}}]}},"_links":{"self":[{"href":"https:\/\/anivet.lt\/elparduotuve\/wp-json\/wp\/v2\/product\/15325","targetHints":{"allow":["GET"]}}],"collection":[{"href":"https:\/\/anivet.lt\/elparduotuve\/wp-json\/wp\/v2\/product"}],"about":[{"href":"https:\/\/anivet.lt\/elparduotuve\/wp-json\/wp\/v2\/types\/product"}],"wp:featuredmedia":[{"embeddable":true,"href":"https:\/\/anivet.lt\/elparduotuve\/wp-json\/wp\/v2\/media\/15326"}],"wp:attachment":[{"href":"https:\/\/anivet.lt\/elparduotuve\/wp-json\/wp\/v2\/media?parent=15325"}],"wp:term":[{"taxonomy":"product_brand","embeddable":true,"href":"https:\/\/anivet.lt\/elparduotuve\/wp-json\/wp\/v2\/product_brand?post=15325"},{"taxonomy":"product_cat","embeddable":true,"href":"https:\/\/anivet.lt\/elparduotuve\/wp-json\/wp\/v2\/product_cat?post=15325"},{"taxonomy":"product_tag","embeddable":true,"href":"https:\/\/anivet.lt\/elparduotuve\/wp-json\/wp\/v2\/product_tag?post=15325"}],"curies":[{"name":"wp","href":"https:\/\/api.w.org\/{rel}","templated":true}]}}