{"id":15327,"date":"2024-11-27T21:04:36","date_gmt":"2024-11-27T21:04:36","guid":{"rendered":"https:\/\/anivet.lt\/elparduotuve\/?post_type=product&#038;p=15327"},"modified":"2025-05-27T13:31:31","modified_gmt":"2025-05-27T13:31:31","slug":"alpha-spirit-pastetas-sunims-su-kumpiu-300g","status":"publish","type":"product","link":"https:\/\/anivet.lt\/elparduotuve\/produktas\/alpha-spirit-pastetas-sunims-su-kumpiu-300g\/","title":{"rendered":"ALPHA SPIRIT pa\u0161tetas \u0161unims su kumpiu 300g"},"content":{"rendered":"<ul>\n<li style=\"font-weight: 400;\" aria-level=\"1\"><span style=\"font-weight: 400;\">Auk\u0161tos kokyb\u0117s kiauliena: 65% sud\u0117ties sudaro kiaulienos kumpis, kuris yra puikus baltym\u0173 ir maistini\u0173 med\u017eiag\u0173 \u0161altinis.<\/span><\/li>\n<li style=\"font-weight: 400;\" aria-level=\"1\"><span style=\"font-weight: 400;\">Nat\u016bral\u016bs vitaminai: Papildytas vitaminais E, B1, B6 ir H, palaikan\u010diais odos, kailio bei energijos lyg\u012f.<\/span><\/li>\n<li style=\"font-weight: 400;\" aria-level=\"1\"><span style=\"font-weight: 400;\">Praturtintas mineralais: Cinkas, manganas, jodas ir varis padeda stiprinti imunin\u0119 sistem\u0105 ir gerina \u0161uns sveikat\u0105.<\/span><\/li>\n<li style=\"font-weight: 400;\" aria-level=\"1\"><span style=\"font-weight: 400;\">Puikiai vir\u0161kinamas: Maistas pagamintas be gr\u016bd\u0173 ir dirbtini\u0173 pried\u0173, tod\u0117l tinka jautriems \u0161unims.<\/span><\/li>\n<li style=\"font-weight: 400;\" aria-level=\"1\"><span style=\"font-weight: 400;\">Lengva konsistencija: Pa\u0161teto tekst\u016bra yra lengvai vir\u0161kinama ir skaniai priimama net i\u0161ranki\u0173 \u0161un\u0173.<\/span><\/li>\n<\/ul>\n<p><span style=\"font-weight: 400;\">\u0160is pa\u0161tetas ne tik apr\u016bpins j\u016bs\u0173 \u0161un\u012f reikalingomis maistin\u0117mis med\u017eiagomis, bet ir taps puikiu skan\u0117stu kasdienin\u0117je mityboje. Idealus pasirinkimas norint palepinti ir pamaitinti j\u016bs\u0173 augintin\u012f sveikai ir subalansuotai.<\/span><\/p>\n","protected":false},"excerpt":{"rendered":"<p><span style=\"font-weight: 400;\">\u0160is pa\u0161tetas su kiaulienos kumpiu yra skanus ir maistingas pasirinkimas, sukurtas vis\u0173 veisli\u0173 suaugusiems \u0161unims. Nat\u016brali sud\u0117tis be nereikaling\u0173 pried\u0173 u\u017etikrina, kad j\u016bs\u0173 augintinis gaus tik tai, kas naudinga jo sveikatai.<\/span><\/p>\n","protected":false},"featured_media":15328,"template":"","meta":[],"product_brand":[],"product_cat":[101,103,331,105],"product_tag":[],"class_list":{"0":"post-15327","1":"product","2":"type-product","3":"status-publish","4":"has-post-thumbnail","6":"product_cat-sunims","7":"product_cat-sunu-maistas","8":"product_cat-alpha-spirit-maistas","9":"product_cat-konservai","10":"pa_prekinis-zenklas-alpha-spirit","12":"first","13":"outofstock","14":"taxable","15":"shipping-taxable","16":"purchasable","17":"product-type-simple"},"yoast_head":"<!-- This site is optimized with the Yoast SEO Premium plugin v27.1 (Yoast SEO v27.5) - https:\/\/yoast.com\/product\/yoast-seo-premium-wordpress\/ -->\n<title>ALPHA SPIRIT pa\u0161tetas \u0161unims su kumpiu 300g - anivet.lt<\/title>\n<meta name=\"description\" content=\"\u0160is pa\u0161tetas su kiaulienos kumpiu yra skanus ir maistingas pasirinkimas, sukurtas vis\u0173 veisli\u0173 suaugusiems \u0161unims. Nat\u016brali sud\u0117tis be nereikaling\u0173 pried\u0173 u\u017etikrina, kad j\u016bs\u0173 augintinis gaus tik tai, kas naudinga jo sveikatai.\" \/>\n<meta name=\"robots\" content=\"index, follow, max-snippet:-1, max-image-preview:large, max-video-preview:-1\" \/>\n<link rel=\"canonical\" href=\"https:\/\/anivet.lt\/elparduotuve\/produktas\/alpha-spirit-pastetas-sunims-su-kumpiu-300g\/\" \/>\n<meta property=\"og:locale\" content=\"lt_LT\" \/>\n<meta property=\"og:type\" content=\"article\" \/>\n<meta property=\"og:title\" content=\"ALPHA SPIRIT pa\u0161tetas \u0161unims su kumpiu 300g\" \/>\n<meta property=\"og:description\" content=\"\u0160is pa\u0161tetas su kiaulienos kumpiu yra skanus ir maistingas pasirinkimas, sukurtas vis\u0173 veisli\u0173 suaugusiems \u0161unims. Nat\u016brali sud\u0117tis be nereikaling\u0173 pried\u0173 u\u017etikrina, kad j\u016bs\u0173 augintinis gaus tik tai, kas naudinga jo sveikatai.\" \/>\n<meta property=\"og:url\" content=\"https:\/\/anivet.lt\/elparduotuve\/produktas\/alpha-spirit-pastetas-sunims-su-kumpiu-300g\/\" \/>\n<meta property=\"og:site_name\" content=\"anivet.lt\" \/>\n<meta property=\"article:modified_time\" content=\"2025-05-27T13:31:31+00:00\" \/>\n<meta property=\"og:image\" content=\"https:\/\/anivet.lt\/elparduotuve\/wp-content\/uploads\/2024\/11\/ALPHA-SPIRIT-WET-pastetas-sunims-su-kumpiu-300g.jpg\" \/>\n\t<meta property=\"og:image:width\" content=\"766\" \/>\n\t<meta property=\"og:image:height\" content=\"1000\" \/>\n\t<meta property=\"og:image:type\" content=\"image\/jpeg\" \/>\n<meta name=\"twitter:card\" content=\"summary_large_image\" \/>\n<meta name=\"twitter:label1\" content=\"Est. reading time\" \/>\n\t<meta name=\"twitter:data1\" content=\"1 minut\u0117\" \/>\n<script type=\"application\/ld+json\" class=\"yoast-schema-graph\">{\"@context\":\"https:\\\/\\\/schema.org\",\"@graph\":[{\"@type\":\"WebPage\",\"@id\":\"https:\\\/\\\/anivet.lt\\\/elparduotuve\\\/produktas\\\/alpha-spirit-pastetas-sunims-su-kumpiu-300g\\\/\",\"url\":\"https:\\\/\\\/anivet.lt\\\/elparduotuve\\\/produktas\\\/alpha-spirit-pastetas-sunims-su-kumpiu-300g\\\/\",\"name\":\"ALPHA SPIRIT pa\u0161tetas \u0161unims su kumpiu 300g - anivet.lt\",\"isPartOf\":{\"@id\":\"https:\\\/\\\/anivet.lt\\\/elparduotuve\\\/#website\"},\"primaryImageOfPage\":{\"@id\":\"https:\\\/\\\/anivet.lt\\\/elparduotuve\\\/produktas\\\/alpha-spirit-pastetas-sunims-su-kumpiu-300g\\\/#primaryimage\"},\"image\":{\"@id\":\"https:\\\/\\\/anivet.lt\\\/elparduotuve\\\/produktas\\\/alpha-spirit-pastetas-sunims-su-kumpiu-300g\\\/#primaryimage\"},\"thumbnailUrl\":\"https:\\\/\\\/anivet.lt\\\/elparduotuve\\\/wp-content\\\/uploads\\\/2024\\\/11\\\/ALPHA-SPIRIT-WET-pastetas-sunims-su-kumpiu-300g.jpg\",\"datePublished\":\"2024-11-27T21:04:36+00:00\",\"dateModified\":\"2025-05-27T13:31:31+00:00\",\"description\":\"\u0160is pa\u0161tetas su kiaulienos kumpiu yra skanus ir maistingas pasirinkimas, sukurtas vis\u0173 veisli\u0173 suaugusiems \u0161unims. Nat\u016brali sud\u0117tis be nereikaling\u0173 pried\u0173 u\u017etikrina, kad j\u016bs\u0173 augintinis gaus tik tai, kas naudinga jo sveikatai.\",\"breadcrumb\":{\"@id\":\"https:\\\/\\\/anivet.lt\\\/elparduotuve\\\/produktas\\\/alpha-spirit-pastetas-sunims-su-kumpiu-300g\\\/#breadcrumb\"},\"inLanguage\":\"lt-LT\",\"potentialAction\":[{\"@type\":\"ReadAction\",\"target\":[\"https:\\\/\\\/anivet.lt\\\/elparduotuve\\\/produktas\\\/alpha-spirit-pastetas-sunims-su-kumpiu-300g\\\/\"]}]},{\"@type\":\"ImageObject\",\"inLanguage\":\"lt-LT\",\"@id\":\"https:\\\/\\\/anivet.lt\\\/elparduotuve\\\/produktas\\\/alpha-spirit-pastetas-sunims-su-kumpiu-300g\\\/#primaryimage\",\"url\":\"https:\\\/\\\/anivet.lt\\\/elparduotuve\\\/wp-content\\\/uploads\\\/2024\\\/11\\\/ALPHA-SPIRIT-WET-pastetas-sunims-su-kumpiu-300g.jpg\",\"contentUrl\":\"https:\\\/\\\/anivet.lt\\\/elparduotuve\\\/wp-content\\\/uploads\\\/2024\\\/11\\\/ALPHA-SPIRIT-WET-pastetas-sunims-su-kumpiu-300g.jpg\",\"width\":766,\"height\":1000,\"caption\":\"ALPHA SPIRIT pa\u0161tetas \u0161unims su kumpiu 300g\"},{\"@type\":\"BreadcrumbList\",\"@id\":\"https:\\\/\\\/anivet.lt\\\/elparduotuve\\\/produktas\\\/alpha-spirit-pastetas-sunims-su-kumpiu-300g\\\/#breadcrumb\",\"itemListElement\":[{\"@type\":\"ListItem\",\"position\":1,\"name\":\"Home\",\"item\":\"https:\\\/\\\/anivet.lt\\\/elparduotuve\\\/\"},{\"@type\":\"ListItem\",\"position\":2,\"name\":\"Produktai\",\"item\":\"https:\\\/\\\/anivet.lt\\\/elparduotuve\\\/produktai\\\/\"},{\"@type\":\"ListItem\",\"position\":3,\"name\":\"ALPHA SPIRIT pa\u0161tetas \u0161unims su kumpiu 300g\"}]},{\"@type\":\"WebSite\",\"@id\":\"https:\\\/\\\/anivet.lt\\\/elparduotuve\\\/#website\",\"url\":\"https:\\\/\\\/anivet.lt\\\/elparduotuve\\\/\",\"name\":\"anivet.lt\",\"description\":\"Viskas J\u016bs\u0173 \u0161uns, kat\u0117s prie\u017ei\u016brai\",\"publisher\":{\"@id\":\"https:\\\/\\\/anivet.lt\\\/elparduotuve\\\/#organization\"},\"alternateName\":\"Viskas J\u016bs\u0173 \u0161uns, kat\u0117s prie\u017ei\u016brai\",\"potentialAction\":[{\"@type\":\"SearchAction\",\"target\":{\"@type\":\"EntryPoint\",\"urlTemplate\":\"https:\\\/\\\/anivet.lt\\\/elparduotuve\\\/?s={search_term_string}\"},\"query-input\":{\"@type\":\"PropertyValueSpecification\",\"valueRequired\":true,\"valueName\":\"search_term_string\"}}],\"inLanguage\":\"lt-LT\"},{\"@type\":\"Organization\",\"@id\":\"https:\\\/\\\/anivet.lt\\\/elparduotuve\\\/#organization\",\"name\":\"Viskas J\u016bs\u0173 \u0161uns, kat\u0117s prie\u017ei\u016brai\",\"url\":\"https:\\\/\\\/anivet.lt\\\/elparduotuve\\\/\",\"logo\":{\"@type\":\"ImageObject\",\"inLanguage\":\"lt-LT\",\"@id\":\"https:\\\/\\\/anivet.lt\\\/elparduotuve\\\/#\\\/schema\\\/logo\\\/image\\\/\",\"url\":\"https:\\\/\\\/anivet.lt\\\/elparduotuve\\\/wp-content\\\/uploads\\\/2023\\\/06\\\/logo2.jpg\",\"contentUrl\":\"https:\\\/\\\/anivet.lt\\\/elparduotuve\\\/wp-content\\\/uploads\\\/2023\\\/06\\\/logo2.jpg\",\"width\":655,\"height\":194,\"caption\":\"Viskas J\u016bs\u0173 \u0161uns, kat\u0117s prie\u017ei\u016brai\"},\"image\":{\"@id\":\"https:\\\/\\\/anivet.lt\\\/elparduotuve\\\/#\\\/schema\\\/logo\\\/image\\\/\"}}]}<\/script>\n<!-- \/ Yoast SEO Premium plugin. -->","yoast_head_json":{"title":"ALPHA SPIRIT pa\u0161tetas \u0161unims su kumpiu 300g - anivet.lt","description":"\u0160is pa\u0161tetas su kiaulienos kumpiu yra skanus ir maistingas pasirinkimas, sukurtas vis\u0173 veisli\u0173 suaugusiems \u0161unims. Nat\u016brali sud\u0117tis be nereikaling\u0173 pried\u0173 u\u017etikrina, kad j\u016bs\u0173 augintinis gaus tik tai, kas naudinga jo sveikatai.","robots":{"index":"index","follow":"follow","max-snippet":"max-snippet:-1","max-image-preview":"max-image-preview:large","max-video-preview":"max-video-preview:-1"},"canonical":"https:\/\/anivet.lt\/elparduotuve\/produktas\/alpha-spirit-pastetas-sunims-su-kumpiu-300g\/","og_locale":"lt_LT","og_type":"article","og_title":"ALPHA SPIRIT pa\u0161tetas \u0161unims su kumpiu 300g","og_description":"\u0160is pa\u0161tetas su kiaulienos kumpiu yra skanus ir maistingas pasirinkimas, sukurtas vis\u0173 veisli\u0173 suaugusiems \u0161unims. Nat\u016brali sud\u0117tis be nereikaling\u0173 pried\u0173 u\u017etikrina, kad j\u016bs\u0173 augintinis gaus tik tai, kas naudinga jo sveikatai.","og_url":"https:\/\/anivet.lt\/elparduotuve\/produktas\/alpha-spirit-pastetas-sunims-su-kumpiu-300g\/","og_site_name":"anivet.lt","article_modified_time":"2025-05-27T13:31:31+00:00","og_image":[{"width":766,"height":1000,"url":"https:\/\/anivet.lt\/elparduotuve\/wp-content\/uploads\/2024\/11\/ALPHA-SPIRIT-WET-pastetas-sunims-su-kumpiu-300g.jpg","type":"image\/jpeg"}],"twitter_card":"summary_large_image","twitter_misc":{"Est. reading time":"1 minut\u0117"},"schema":{"@context":"https:\/\/schema.org","@graph":[{"@type":"WebPage","@id":"https:\/\/anivet.lt\/elparduotuve\/produktas\/alpha-spirit-pastetas-sunims-su-kumpiu-300g\/","url":"https:\/\/anivet.lt\/elparduotuve\/produktas\/alpha-spirit-pastetas-sunims-su-kumpiu-300g\/","name":"ALPHA SPIRIT pa\u0161tetas \u0161unims su kumpiu 300g - anivet.lt","isPartOf":{"@id":"https:\/\/anivet.lt\/elparduotuve\/#website"},"primaryImageOfPage":{"@id":"https:\/\/anivet.lt\/elparduotuve\/produktas\/alpha-spirit-pastetas-sunims-su-kumpiu-300g\/#primaryimage"},"image":{"@id":"https:\/\/anivet.lt\/elparduotuve\/produktas\/alpha-spirit-pastetas-sunims-su-kumpiu-300g\/#primaryimage"},"thumbnailUrl":"https:\/\/anivet.lt\/elparduotuve\/wp-content\/uploads\/2024\/11\/ALPHA-SPIRIT-WET-pastetas-sunims-su-kumpiu-300g.jpg","datePublished":"2024-11-27T21:04:36+00:00","dateModified":"2025-05-27T13:31:31+00:00","description":"\u0160is pa\u0161tetas su kiaulienos kumpiu yra skanus ir maistingas pasirinkimas, sukurtas vis\u0173 veisli\u0173 suaugusiems \u0161unims. Nat\u016brali sud\u0117tis be nereikaling\u0173 pried\u0173 u\u017etikrina, kad j\u016bs\u0173 augintinis gaus tik tai, kas naudinga jo sveikatai.","breadcrumb":{"@id":"https:\/\/anivet.lt\/elparduotuve\/produktas\/alpha-spirit-pastetas-sunims-su-kumpiu-300g\/#breadcrumb"},"inLanguage":"lt-LT","potentialAction":[{"@type":"ReadAction","target":["https:\/\/anivet.lt\/elparduotuve\/produktas\/alpha-spirit-pastetas-sunims-su-kumpiu-300g\/"]}]},{"@type":"ImageObject","inLanguage":"lt-LT","@id":"https:\/\/anivet.lt\/elparduotuve\/produktas\/alpha-spirit-pastetas-sunims-su-kumpiu-300g\/#primaryimage","url":"https:\/\/anivet.lt\/elparduotuve\/wp-content\/uploads\/2024\/11\/ALPHA-SPIRIT-WET-pastetas-sunims-su-kumpiu-300g.jpg","contentUrl":"https:\/\/anivet.lt\/elparduotuve\/wp-content\/uploads\/2024\/11\/ALPHA-SPIRIT-WET-pastetas-sunims-su-kumpiu-300g.jpg","width":766,"height":1000,"caption":"ALPHA SPIRIT pa\u0161tetas \u0161unims su kumpiu 300g"},{"@type":"BreadcrumbList","@id":"https:\/\/anivet.lt\/elparduotuve\/produktas\/alpha-spirit-pastetas-sunims-su-kumpiu-300g\/#breadcrumb","itemListElement":[{"@type":"ListItem","position":1,"name":"Home","item":"https:\/\/anivet.lt\/elparduotuve\/"},{"@type":"ListItem","position":2,"name":"Produktai","item":"https:\/\/anivet.lt\/elparduotuve\/produktai\/"},{"@type":"ListItem","position":3,"name":"ALPHA SPIRIT pa\u0161tetas \u0161unims su kumpiu 300g"}]},{"@type":"WebSite","@id":"https:\/\/anivet.lt\/elparduotuve\/#website","url":"https:\/\/anivet.lt\/elparduotuve\/","name":"anivet.lt","description":"Viskas J\u016bs\u0173 \u0161uns, kat\u0117s prie\u017ei\u016brai","publisher":{"@id":"https:\/\/anivet.lt\/elparduotuve\/#organization"},"alternateName":"Viskas J\u016bs\u0173 \u0161uns, kat\u0117s prie\u017ei\u016brai","potentialAction":[{"@type":"SearchAction","target":{"@type":"EntryPoint","urlTemplate":"https:\/\/anivet.lt\/elparduotuve\/?s={search_term_string}"},"query-input":{"@type":"PropertyValueSpecification","valueRequired":true,"valueName":"search_term_string"}}],"inLanguage":"lt-LT"},{"@type":"Organization","@id":"https:\/\/anivet.lt\/elparduotuve\/#organization","name":"Viskas J\u016bs\u0173 \u0161uns, kat\u0117s prie\u017ei\u016brai","url":"https:\/\/anivet.lt\/elparduotuve\/","logo":{"@type":"ImageObject","inLanguage":"lt-LT","@id":"https:\/\/anivet.lt\/elparduotuve\/#\/schema\/logo\/image\/","url":"https:\/\/anivet.lt\/elparduotuve\/wp-content\/uploads\/2023\/06\/logo2.jpg","contentUrl":"https:\/\/anivet.lt\/elparduotuve\/wp-content\/uploads\/2023\/06\/logo2.jpg","width":655,"height":194,"caption":"Viskas J\u016bs\u0173 \u0161uns, kat\u0117s prie\u017ei\u016brai"},"image":{"@id":"https:\/\/anivet.lt\/elparduotuve\/#\/schema\/logo\/image\/"}}]}},"_links":{"self":[{"href":"https:\/\/anivet.lt\/elparduotuve\/wp-json\/wp\/v2\/product\/15327","targetHints":{"allow":["GET"]}}],"collection":[{"href":"https:\/\/anivet.lt\/elparduotuve\/wp-json\/wp\/v2\/product"}],"about":[{"href":"https:\/\/anivet.lt\/elparduotuve\/wp-json\/wp\/v2\/types\/product"}],"wp:featuredmedia":[{"embeddable":true,"href":"https:\/\/anivet.lt\/elparduotuve\/wp-json\/wp\/v2\/media\/15328"}],"wp:attachment":[{"href":"https:\/\/anivet.lt\/elparduotuve\/wp-json\/wp\/v2\/media?parent=15327"}],"wp:term":[{"taxonomy":"product_brand","embeddable":true,"href":"https:\/\/anivet.lt\/elparduotuve\/wp-json\/wp\/v2\/product_brand?post=15327"},{"taxonomy":"product_cat","embeddable":true,"href":"https:\/\/anivet.lt\/elparduotuve\/wp-json\/wp\/v2\/product_cat?post=15327"},{"taxonomy":"product_tag","embeddable":true,"href":"https:\/\/anivet.lt\/elparduotuve\/wp-json\/wp\/v2\/product_tag?post=15327"}],"curies":[{"name":"wp","href":"https:\/\/api.w.org\/{rel}","templated":true}]}}