{"id":15343,"date":"2024-11-28T20:18:06","date_gmt":"2024-11-28T20:18:06","guid":{"rendered":"https:\/\/anivet.lt\/elparduotuve\/?post_type=product&#038;p=15343"},"modified":"2026-05-02T11:37:16","modified_gmt":"2026-05-02T11:37:16","slug":"alpha-spirit-skanestai-sunims-su-kumpiu-50g","status":"publish","type":"product","link":"https:\/\/anivet.lt\/elparduotuve\/produktas\/alpha-spirit-skanestai-sunims-su-kumpiu-50g\/","title":{"rendered":"ALPHA SPIRIT skan\u0117stai \u0161unims su kumpiu 50g"},"content":{"rendered":"<ul>\n<li style=\"font-weight: 400;\" aria-level=\"1\"><span style=\"font-weight: 400;\">Nat\u016brali sud\u0117tis: Gaminami i\u0161 \u0161vie\u017eios kiaulienos (35%), vi\u0161tienos (20%), \u017euvies (20%) ir kiauli\u0173 kepen\u0117li\u0173 (10%), be dirbtini\u0173 pried\u0173.<\/span><\/li>\n<li style=\"font-weight: 400;\" aria-level=\"1\"><span style=\"font-weight: 400;\">Auk\u0161tos kokyb\u0117s baltymai: Puikus \u0161altinis lengvai \u012fsisavinam\u0173 baltym\u0173, palaikan\u010di\u0173 \u0161uns raumen\u0173 vystym\u0105si ir energij\u0105.<\/span><\/li>\n<li style=\"font-weight: 400;\" aria-level=\"1\"><span style=\"font-weight: 400;\">Puikiai tinka treniruot\u0117ms: Ma\u017ei kubeliai leid\u017eia lengvai dozuoti ir paskatinti augintin\u012f per mokymus.<\/span><\/li>\n<li style=\"font-weight: 400;\" aria-level=\"1\"><span style=\"font-weight: 400;\">Subalansuota sud\u0117tis: Sud\u0117tyje yra hidrolizuotas krakmolas ir glicerinas, kurie u\u017etikrina energij\u0105 ir \u0161velni\u0105 tekst\u016br\u0105.<\/span><\/li>\n<li style=\"font-weight: 400;\" aria-level=\"1\"><span style=\"font-weight: 400;\">Apdorojimas \u017eemoje temperat\u016broje: U\u017etikrina nat\u016brali\u0173 ingredient\u0173 maistin\u0119 vert\u0119 ir skon\u012f.<\/span><\/li>\n<\/ul>\n<p><span style=\"font-weight: 400;\">\u201eAlpha Spirit\u201d skan\u0117stai yra ne tik maistingi, bet ir skan\u016bs, tod\u0117l j\u016bs\u0173 augintinis tikrai jais m\u0117gausis. Tai puikus pasirinkimas kasdieniams u\u017ekand\u017eiams ar dres\u016bros proceso metu.<\/span><\/p>\n","protected":false},"excerpt":{"rendered":"<p><span style=\"font-weight: 400;\">\u0160ie nat\u016bral\u016bs skan\u0117stai yra puikus pasirinkimas norint palepinti savo augintin\u012f arba paskatinti j\u012f treniruo\u010di\u0173 metu. Ma\u017e\u0173 kubeli\u0173 formos u\u017ekand\u017eiai patog\u016bs naudoti ir pasi\u017eymi puikia sud\u0117timi, kuri i\u0161saugo maistines savybes d\u0117l apdorojimo \u017eemoje temperat\u016broje.<\/span><\/p>\n","protected":false},"featured_media":15344,"template":"","meta":[],"product_brand":[],"product_cat":[101,103,331,106],"product_tag":[],"class_list":{"0":"post-15343","1":"product","2":"type-product","3":"status-publish","4":"has-post-thumbnail","6":"product_cat-sunims","7":"product_cat-sunu-maistas","8":"product_cat-alpha-spirit-maistas","9":"product_cat-skanestai","10":"pa_prekinis-zenklas-alpha-spirit","12":"first","13":"instock","14":"taxable","15":"shipping-taxable","16":"purchasable","17":"product-type-simple"},"yoast_head":"<!-- This site is optimized with the Yoast SEO Premium plugin v27.1 (Yoast SEO v27.5) - https:\/\/yoast.com\/product\/yoast-seo-premium-wordpress\/ -->\n<title>ALPHA SPIRIT skan\u0117stai \u0161unims su kumpiu 50g - anivet.lt<\/title>\n<meta name=\"description\" content=\"\u0160ie nat\u016bral\u016bs skan\u0117stai yra puikus pasirinkimas norint palepinti savo augintin\u012f arba paskatinti j\u012f treniruo\u010di\u0173 metu. Ma\u017e\u0173 kubeli\u0173 formos u\u017ekand\u017eiai patog\u016bs naudoti ir pasi\u017eymi puikia sud\u0117timi, kuri i\u0161saugo maistines savybes d\u0117l apdorojimo \u017eemoje temperat\u016broje.\" \/>\n<meta name=\"robots\" content=\"index, follow, max-snippet:-1, max-image-preview:large, max-video-preview:-1\" \/>\n<link rel=\"canonical\" href=\"https:\/\/anivet.lt\/elparduotuve\/produktas\/alpha-spirit-skanestai-sunims-su-kumpiu-50g\/\" \/>\n<meta property=\"og:locale\" content=\"lt_LT\" \/>\n<meta property=\"og:type\" content=\"article\" \/>\n<meta property=\"og:title\" content=\"ALPHA SPIRIT skan\u0117stai \u0161unims su kumpiu 50g\" \/>\n<meta property=\"og:description\" content=\"\u0160ie nat\u016bral\u016bs skan\u0117stai yra puikus pasirinkimas norint palepinti savo augintin\u012f arba paskatinti j\u012f treniruo\u010di\u0173 metu. Ma\u017e\u0173 kubeli\u0173 formos u\u017ekand\u017eiai patog\u016bs naudoti ir pasi\u017eymi puikia sud\u0117timi, kuri i\u0161saugo maistines savybes d\u0117l apdorojimo \u017eemoje temperat\u016broje.\" \/>\n<meta property=\"og:url\" content=\"https:\/\/anivet.lt\/elparduotuve\/produktas\/alpha-spirit-skanestai-sunims-su-kumpiu-50g\/\" \/>\n<meta property=\"og:site_name\" content=\"anivet.lt\" \/>\n<meta property=\"article:modified_time\" content=\"2026-05-02T11:37:16+00:00\" \/>\n<meta property=\"og:image\" content=\"https:\/\/anivet.lt\/elparduotuve\/wp-content\/uploads\/2024\/11\/ALPHA-SPIRIT-SNACKS-DOG-skanestai-sunims-su-kumpiu.jpg\" \/>\n\t<meta property=\"og:image:width\" content=\"895\" \/>\n\t<meta property=\"og:image:height\" content=\"1000\" \/>\n\t<meta property=\"og:image:type\" content=\"image\/jpeg\" \/>\n<meta name=\"twitter:card\" content=\"summary_large_image\" \/>\n<meta name=\"twitter:label1\" content=\"Est. reading time\" \/>\n\t<meta name=\"twitter:data1\" content=\"1 minut\u0117\" \/>\n<script type=\"application\/ld+json\" class=\"yoast-schema-graph\">{\"@context\":\"https:\\\/\\\/schema.org\",\"@graph\":[{\"@type\":\"WebPage\",\"@id\":\"https:\\\/\\\/anivet.lt\\\/elparduotuve\\\/produktas\\\/alpha-spirit-skanestai-sunims-su-kumpiu-50g\\\/\",\"url\":\"https:\\\/\\\/anivet.lt\\\/elparduotuve\\\/produktas\\\/alpha-spirit-skanestai-sunims-su-kumpiu-50g\\\/\",\"name\":\"ALPHA SPIRIT skan\u0117stai \u0161unims su kumpiu 50g - anivet.lt\",\"isPartOf\":{\"@id\":\"https:\\\/\\\/anivet.lt\\\/elparduotuve\\\/#website\"},\"primaryImageOfPage\":{\"@id\":\"https:\\\/\\\/anivet.lt\\\/elparduotuve\\\/produktas\\\/alpha-spirit-skanestai-sunims-su-kumpiu-50g\\\/#primaryimage\"},\"image\":{\"@id\":\"https:\\\/\\\/anivet.lt\\\/elparduotuve\\\/produktas\\\/alpha-spirit-skanestai-sunims-su-kumpiu-50g\\\/#primaryimage\"},\"thumbnailUrl\":\"https:\\\/\\\/anivet.lt\\\/elparduotuve\\\/wp-content\\\/uploads\\\/2024\\\/11\\\/ALPHA-SPIRIT-SNACKS-DOG-skanestai-sunims-su-kumpiu.jpg\",\"datePublished\":\"2024-11-28T20:18:06+00:00\",\"dateModified\":\"2026-05-02T11:37:16+00:00\",\"description\":\"\u0160ie nat\u016bral\u016bs skan\u0117stai yra puikus pasirinkimas norint palepinti savo augintin\u012f arba paskatinti j\u012f treniruo\u010di\u0173 metu. Ma\u017e\u0173 kubeli\u0173 formos u\u017ekand\u017eiai patog\u016bs naudoti ir pasi\u017eymi puikia sud\u0117timi, kuri i\u0161saugo maistines savybes d\u0117l apdorojimo \u017eemoje temperat\u016broje.\",\"breadcrumb\":{\"@id\":\"https:\\\/\\\/anivet.lt\\\/elparduotuve\\\/produktas\\\/alpha-spirit-skanestai-sunims-su-kumpiu-50g\\\/#breadcrumb\"},\"inLanguage\":\"lt-LT\",\"potentialAction\":[{\"@type\":\"ReadAction\",\"target\":[\"https:\\\/\\\/anivet.lt\\\/elparduotuve\\\/produktas\\\/alpha-spirit-skanestai-sunims-su-kumpiu-50g\\\/\"]}]},{\"@type\":\"ImageObject\",\"inLanguage\":\"lt-LT\",\"@id\":\"https:\\\/\\\/anivet.lt\\\/elparduotuve\\\/produktas\\\/alpha-spirit-skanestai-sunims-su-kumpiu-50g\\\/#primaryimage\",\"url\":\"https:\\\/\\\/anivet.lt\\\/elparduotuve\\\/wp-content\\\/uploads\\\/2024\\\/11\\\/ALPHA-SPIRIT-SNACKS-DOG-skanestai-sunims-su-kumpiu.jpg\",\"contentUrl\":\"https:\\\/\\\/anivet.lt\\\/elparduotuve\\\/wp-content\\\/uploads\\\/2024\\\/11\\\/ALPHA-SPIRIT-SNACKS-DOG-skanestai-sunims-su-kumpiu.jpg\",\"width\":895,\"height\":1000,\"caption\":\"ALPHA SPIRIT skan\u0117stai \u0161unims su kumpiu 50g\"},{\"@type\":\"BreadcrumbList\",\"@id\":\"https:\\\/\\\/anivet.lt\\\/elparduotuve\\\/produktas\\\/alpha-spirit-skanestai-sunims-su-kumpiu-50g\\\/#breadcrumb\",\"itemListElement\":[{\"@type\":\"ListItem\",\"position\":1,\"name\":\"Home\",\"item\":\"https:\\\/\\\/anivet.lt\\\/elparduotuve\\\/\"},{\"@type\":\"ListItem\",\"position\":2,\"name\":\"Produktai\",\"item\":\"https:\\\/\\\/anivet.lt\\\/elparduotuve\\\/produktai\\\/\"},{\"@type\":\"ListItem\",\"position\":3,\"name\":\"ALPHA SPIRIT skan\u0117stai \u0161unims su kumpiu 50g\"}]},{\"@type\":\"WebSite\",\"@id\":\"https:\\\/\\\/anivet.lt\\\/elparduotuve\\\/#website\",\"url\":\"https:\\\/\\\/anivet.lt\\\/elparduotuve\\\/\",\"name\":\"anivet.lt\",\"description\":\"Viskas J\u016bs\u0173 \u0161uns, kat\u0117s prie\u017ei\u016brai\",\"publisher\":{\"@id\":\"https:\\\/\\\/anivet.lt\\\/elparduotuve\\\/#organization\"},\"alternateName\":\"Viskas J\u016bs\u0173 \u0161uns, kat\u0117s prie\u017ei\u016brai\",\"potentialAction\":[{\"@type\":\"SearchAction\",\"target\":{\"@type\":\"EntryPoint\",\"urlTemplate\":\"https:\\\/\\\/anivet.lt\\\/elparduotuve\\\/?s={search_term_string}\"},\"query-input\":{\"@type\":\"PropertyValueSpecification\",\"valueRequired\":true,\"valueName\":\"search_term_string\"}}],\"inLanguage\":\"lt-LT\"},{\"@type\":\"Organization\",\"@id\":\"https:\\\/\\\/anivet.lt\\\/elparduotuve\\\/#organization\",\"name\":\"Viskas J\u016bs\u0173 \u0161uns, kat\u0117s prie\u017ei\u016brai\",\"url\":\"https:\\\/\\\/anivet.lt\\\/elparduotuve\\\/\",\"logo\":{\"@type\":\"ImageObject\",\"inLanguage\":\"lt-LT\",\"@id\":\"https:\\\/\\\/anivet.lt\\\/elparduotuve\\\/#\\\/schema\\\/logo\\\/image\\\/\",\"url\":\"https:\\\/\\\/anivet.lt\\\/elparduotuve\\\/wp-content\\\/uploads\\\/2023\\\/06\\\/logo2.jpg\",\"contentUrl\":\"https:\\\/\\\/anivet.lt\\\/elparduotuve\\\/wp-content\\\/uploads\\\/2023\\\/06\\\/logo2.jpg\",\"width\":655,\"height\":194,\"caption\":\"Viskas J\u016bs\u0173 \u0161uns, kat\u0117s prie\u017ei\u016brai\"},\"image\":{\"@id\":\"https:\\\/\\\/anivet.lt\\\/elparduotuve\\\/#\\\/schema\\\/logo\\\/image\\\/\"}}]}<\/script>\n<!-- \/ Yoast SEO Premium plugin. -->","yoast_head_json":{"title":"ALPHA SPIRIT skan\u0117stai \u0161unims su kumpiu 50g - anivet.lt","description":"\u0160ie nat\u016bral\u016bs skan\u0117stai yra puikus pasirinkimas norint palepinti savo augintin\u012f arba paskatinti j\u012f treniruo\u010di\u0173 metu. Ma\u017e\u0173 kubeli\u0173 formos u\u017ekand\u017eiai patog\u016bs naudoti ir pasi\u017eymi puikia sud\u0117timi, kuri i\u0161saugo maistines savybes d\u0117l apdorojimo \u017eemoje temperat\u016broje.","robots":{"index":"index","follow":"follow","max-snippet":"max-snippet:-1","max-image-preview":"max-image-preview:large","max-video-preview":"max-video-preview:-1"},"canonical":"https:\/\/anivet.lt\/elparduotuve\/produktas\/alpha-spirit-skanestai-sunims-su-kumpiu-50g\/","og_locale":"lt_LT","og_type":"article","og_title":"ALPHA SPIRIT skan\u0117stai \u0161unims su kumpiu 50g","og_description":"\u0160ie nat\u016bral\u016bs skan\u0117stai yra puikus pasirinkimas norint palepinti savo augintin\u012f arba paskatinti j\u012f treniruo\u010di\u0173 metu. Ma\u017e\u0173 kubeli\u0173 formos u\u017ekand\u017eiai patog\u016bs naudoti ir pasi\u017eymi puikia sud\u0117timi, kuri i\u0161saugo maistines savybes d\u0117l apdorojimo \u017eemoje temperat\u016broje.","og_url":"https:\/\/anivet.lt\/elparduotuve\/produktas\/alpha-spirit-skanestai-sunims-su-kumpiu-50g\/","og_site_name":"anivet.lt","article_modified_time":"2026-05-02T11:37:16+00:00","og_image":[{"width":895,"height":1000,"url":"https:\/\/anivet.lt\/elparduotuve\/wp-content\/uploads\/2024\/11\/ALPHA-SPIRIT-SNACKS-DOG-skanestai-sunims-su-kumpiu.jpg","type":"image\/jpeg"}],"twitter_card":"summary_large_image","twitter_misc":{"Est. reading time":"1 minut\u0117"},"schema":{"@context":"https:\/\/schema.org","@graph":[{"@type":"WebPage","@id":"https:\/\/anivet.lt\/elparduotuve\/produktas\/alpha-spirit-skanestai-sunims-su-kumpiu-50g\/","url":"https:\/\/anivet.lt\/elparduotuve\/produktas\/alpha-spirit-skanestai-sunims-su-kumpiu-50g\/","name":"ALPHA SPIRIT skan\u0117stai \u0161unims su kumpiu 50g - anivet.lt","isPartOf":{"@id":"https:\/\/anivet.lt\/elparduotuve\/#website"},"primaryImageOfPage":{"@id":"https:\/\/anivet.lt\/elparduotuve\/produktas\/alpha-spirit-skanestai-sunims-su-kumpiu-50g\/#primaryimage"},"image":{"@id":"https:\/\/anivet.lt\/elparduotuve\/produktas\/alpha-spirit-skanestai-sunims-su-kumpiu-50g\/#primaryimage"},"thumbnailUrl":"https:\/\/anivet.lt\/elparduotuve\/wp-content\/uploads\/2024\/11\/ALPHA-SPIRIT-SNACKS-DOG-skanestai-sunims-su-kumpiu.jpg","datePublished":"2024-11-28T20:18:06+00:00","dateModified":"2026-05-02T11:37:16+00:00","description":"\u0160ie nat\u016bral\u016bs skan\u0117stai yra puikus pasirinkimas norint palepinti savo augintin\u012f arba paskatinti j\u012f treniruo\u010di\u0173 metu. Ma\u017e\u0173 kubeli\u0173 formos u\u017ekand\u017eiai patog\u016bs naudoti ir pasi\u017eymi puikia sud\u0117timi, kuri i\u0161saugo maistines savybes d\u0117l apdorojimo \u017eemoje temperat\u016broje.","breadcrumb":{"@id":"https:\/\/anivet.lt\/elparduotuve\/produktas\/alpha-spirit-skanestai-sunims-su-kumpiu-50g\/#breadcrumb"},"inLanguage":"lt-LT","potentialAction":[{"@type":"ReadAction","target":["https:\/\/anivet.lt\/elparduotuve\/produktas\/alpha-spirit-skanestai-sunims-su-kumpiu-50g\/"]}]},{"@type":"ImageObject","inLanguage":"lt-LT","@id":"https:\/\/anivet.lt\/elparduotuve\/produktas\/alpha-spirit-skanestai-sunims-su-kumpiu-50g\/#primaryimage","url":"https:\/\/anivet.lt\/elparduotuve\/wp-content\/uploads\/2024\/11\/ALPHA-SPIRIT-SNACKS-DOG-skanestai-sunims-su-kumpiu.jpg","contentUrl":"https:\/\/anivet.lt\/elparduotuve\/wp-content\/uploads\/2024\/11\/ALPHA-SPIRIT-SNACKS-DOG-skanestai-sunims-su-kumpiu.jpg","width":895,"height":1000,"caption":"ALPHA SPIRIT skan\u0117stai \u0161unims su kumpiu 50g"},{"@type":"BreadcrumbList","@id":"https:\/\/anivet.lt\/elparduotuve\/produktas\/alpha-spirit-skanestai-sunims-su-kumpiu-50g\/#breadcrumb","itemListElement":[{"@type":"ListItem","position":1,"name":"Home","item":"https:\/\/anivet.lt\/elparduotuve\/"},{"@type":"ListItem","position":2,"name":"Produktai","item":"https:\/\/anivet.lt\/elparduotuve\/produktai\/"},{"@type":"ListItem","position":3,"name":"ALPHA SPIRIT skan\u0117stai \u0161unims su kumpiu 50g"}]},{"@type":"WebSite","@id":"https:\/\/anivet.lt\/elparduotuve\/#website","url":"https:\/\/anivet.lt\/elparduotuve\/","name":"anivet.lt","description":"Viskas J\u016bs\u0173 \u0161uns, kat\u0117s prie\u017ei\u016brai","publisher":{"@id":"https:\/\/anivet.lt\/elparduotuve\/#organization"},"alternateName":"Viskas J\u016bs\u0173 \u0161uns, kat\u0117s prie\u017ei\u016brai","potentialAction":[{"@type":"SearchAction","target":{"@type":"EntryPoint","urlTemplate":"https:\/\/anivet.lt\/elparduotuve\/?s={search_term_string}"},"query-input":{"@type":"PropertyValueSpecification","valueRequired":true,"valueName":"search_term_string"}}],"inLanguage":"lt-LT"},{"@type":"Organization","@id":"https:\/\/anivet.lt\/elparduotuve\/#organization","name":"Viskas J\u016bs\u0173 \u0161uns, kat\u0117s prie\u017ei\u016brai","url":"https:\/\/anivet.lt\/elparduotuve\/","logo":{"@type":"ImageObject","inLanguage":"lt-LT","@id":"https:\/\/anivet.lt\/elparduotuve\/#\/schema\/logo\/image\/","url":"https:\/\/anivet.lt\/elparduotuve\/wp-content\/uploads\/2023\/06\/logo2.jpg","contentUrl":"https:\/\/anivet.lt\/elparduotuve\/wp-content\/uploads\/2023\/06\/logo2.jpg","width":655,"height":194,"caption":"Viskas J\u016bs\u0173 \u0161uns, kat\u0117s prie\u017ei\u016brai"},"image":{"@id":"https:\/\/anivet.lt\/elparduotuve\/#\/schema\/logo\/image\/"}}]}},"_links":{"self":[{"href":"https:\/\/anivet.lt\/elparduotuve\/wp-json\/wp\/v2\/product\/15343","targetHints":{"allow":["GET"]}}],"collection":[{"href":"https:\/\/anivet.lt\/elparduotuve\/wp-json\/wp\/v2\/product"}],"about":[{"href":"https:\/\/anivet.lt\/elparduotuve\/wp-json\/wp\/v2\/types\/product"}],"wp:featuredmedia":[{"embeddable":true,"href":"https:\/\/anivet.lt\/elparduotuve\/wp-json\/wp\/v2\/media\/15344"}],"wp:attachment":[{"href":"https:\/\/anivet.lt\/elparduotuve\/wp-json\/wp\/v2\/media?parent=15343"}],"wp:term":[{"taxonomy":"product_brand","embeddable":true,"href":"https:\/\/anivet.lt\/elparduotuve\/wp-json\/wp\/v2\/product_brand?post=15343"},{"taxonomy":"product_cat","embeddable":true,"href":"https:\/\/anivet.lt\/elparduotuve\/wp-json\/wp\/v2\/product_cat?post=15343"},{"taxonomy":"product_tag","embeddable":true,"href":"https:\/\/anivet.lt\/elparduotuve\/wp-json\/wp\/v2\/product_tag?post=15343"}],"curies":[{"name":"wp","href":"https:\/\/api.w.org\/{rel}","templated":true}]}}