{"id":15345,"date":"2024-11-28T20:32:38","date_gmt":"2024-11-28T20:32:38","guid":{"rendered":"https:\/\/anivet.lt\/elparduotuve\/?post_type=product&#038;p=15345"},"modified":"2026-04-13T17:17:55","modified_gmt":"2026-04-13T17:17:55","slug":"alpha-spirit-skanestai-sunims-su-vistiena-50g","status":"publish","type":"product","link":"https:\/\/anivet.lt\/elparduotuve\/produktas\/alpha-spirit-skanestai-sunims-su-vistiena-50g\/","title":{"rendered":"ALPHA SPIRIT skan\u0117stai \u0161unims su vi\u0161tiena 50g"},"content":{"rendered":"<ul>\n<li style=\"font-weight: 400;\" aria-level=\"1\"><span style=\"font-weight: 400;\">Auk\u0161ta \u0161vie\u017eios vi\u0161tienos dalis: Sud\u0117tyje net 55% \u0161vie\u017eios vi\u0161tienos \u2013 puikus baltym\u0173 \u0161altinis.<\/span><\/li>\n<li style=\"font-weight: 400;\" aria-level=\"1\"><span style=\"font-weight: 400;\">Subalansuota sud\u0117tis: Papildyta \u0161vie\u017eia \u017euvimi (20%) ir kiauli\u0173 kepen\u0117l\u0117mis (10%), kurios praturtina skan\u0117st\u0105 maistin\u0117mis med\u017eiagomis.<\/span><\/li>\n<li style=\"font-weight: 400;\" aria-level=\"1\"><span style=\"font-weight: 400;\">Lengvas vir\u0161kinimas: Hidrolizuotas krakmolas ir augalin\u0117s kilm\u0117s glicerinas u\u017etikrina optimal\u0173 vir\u0161kinim\u0105.<\/span><\/li>\n<li style=\"font-weight: 400;\" aria-level=\"1\"><span style=\"font-weight: 400;\">\u017demoje temperat\u016broje ruo\u0161ta: I\u0161laiko nat\u016bral\u0173 skon\u012f, kvap\u0105 ir maistines savybes.<\/span><\/li>\n<li style=\"font-weight: 400;\" aria-level=\"1\"><span style=\"font-weight: 400;\">Patogi forma: Ma\u017ei kubeliai idealiai tinka dres\u016bros metu ar kaip kasdienis skan\u0117stas.<\/span><\/li>\n<\/ul>\n<p><span style=\"font-weight: 400;\">\u0160ie skan\u0117stai yra ne tik maistingi, bet ir nepaprastai skan\u016bs, tod\u0117l j\u016bs\u0173 \u0161uo juos m\u0117gausis su d\u017eiaugsmu. Jie puikiai tinka kaip sveikas paskatinimas aktyviai dienai ar dres\u016bros proceso metu.<\/span><\/p>\n","protected":false},"excerpt":{"rendered":"<p><span style=\"font-weight: 400;\">\u0160ie nat\u016bral\u016bs vi\u0161tienos skan\u0117stai yra sukurti specialiai tam, kad j\u016bs\u0173 augintinis b\u016bt\u0173 sveikas ir laimingas. D\u0117l nat\u016brali\u0173 ingredient\u0173 ir apdorojimo \u017eemoje temperat\u016broje \u0161ie u\u017ekand\u017eiai i\u0161laiko auk\u0161\u010diausi\u0105 maistin\u0119 vert\u0119 ir skon\u012f. Ma\u017e\u0173 kubeli\u0173 forma leid\u017eia juos patogiai naudoti treniruo\u010di\u0173 metu.<\/span><\/p>\n","protected":false},"featured_media":15346,"template":"","meta":[],"product_brand":[],"product_cat":[101,103,331,106],"product_tag":[],"class_list":{"0":"post-15345","1":"product","2":"type-product","3":"status-publish","4":"has-post-thumbnail","6":"product_cat-sunims","7":"product_cat-sunu-maistas","8":"product_cat-alpha-spirit-maistas","9":"product_cat-skanestai","10":"pa_prekinis-zenklas-alpha-spirit","12":"first","13":"outofstock","14":"taxable","15":"shipping-taxable","16":"purchasable","17":"product-type-simple"},"yoast_head":"<!-- This site is optimized with the Yoast SEO Premium plugin v27.1 (Yoast SEO v27.5) - https:\/\/yoast.com\/product\/yoast-seo-premium-wordpress\/ -->\n<title>ALPHA SPIRIT skan\u0117stai \u0161unims su vi\u0161tiena 50g - anivet.lt<\/title>\n<meta name=\"description\" content=\"\u0160ie nat\u016bral\u016bs vi\u0161tienos skan\u0117stai yra sukurti specialiai tam, kad j\u016bs\u0173 augintinis b\u016bt\u0173 sveikas ir laimingas. D\u0117l nat\u016brali\u0173 ingredient\u0173 ir apdorojimo \u017eemoje temperat\u016broje \u0161ie u\u017ekand\u017eiai i\u0161laiko auk\u0161\u010diausi\u0105 maistin\u0119 vert\u0119 ir skon\u012f. Ma\u017e\u0173 kubeli\u0173 forma leid\u017eia juos patogiai naudoti treniruo\u010di\u0173 metu.\" \/>\n<meta name=\"robots\" content=\"index, follow, max-snippet:-1, max-image-preview:large, max-video-preview:-1\" \/>\n<link rel=\"canonical\" href=\"https:\/\/anivet.lt\/elparduotuve\/produktas\/alpha-spirit-skanestai-sunims-su-vistiena-50g\/\" \/>\n<meta property=\"og:locale\" content=\"lt_LT\" \/>\n<meta property=\"og:type\" content=\"article\" \/>\n<meta property=\"og:title\" content=\"ALPHA SPIRIT skan\u0117stai \u0161unims su vi\u0161tiena 50g\" \/>\n<meta property=\"og:description\" content=\"\u0160ie nat\u016bral\u016bs vi\u0161tienos skan\u0117stai yra sukurti specialiai tam, kad j\u016bs\u0173 augintinis b\u016bt\u0173 sveikas ir laimingas. D\u0117l nat\u016brali\u0173 ingredient\u0173 ir apdorojimo \u017eemoje temperat\u016broje \u0161ie u\u017ekand\u017eiai i\u0161laiko auk\u0161\u010diausi\u0105 maistin\u0119 vert\u0119 ir skon\u012f. Ma\u017e\u0173 kubeli\u0173 forma leid\u017eia juos patogiai naudoti treniruo\u010di\u0173 metu.\" \/>\n<meta property=\"og:url\" content=\"https:\/\/anivet.lt\/elparduotuve\/produktas\/alpha-spirit-skanestai-sunims-su-vistiena-50g\/\" \/>\n<meta property=\"og:site_name\" content=\"anivet.lt\" \/>\n<meta property=\"article:modified_time\" content=\"2026-04-13T17:17:55+00:00\" \/>\n<meta property=\"og:image\" content=\"https:\/\/anivet.lt\/elparduotuve\/wp-content\/uploads\/2024\/11\/ALPHA-SPIRIT-SNACKS-DOG-skanestai-sunims-su-vistiena.jpg\" \/>\n\t<meta property=\"og:image:width\" content=\"895\" \/>\n\t<meta property=\"og:image:height\" content=\"1000\" \/>\n\t<meta property=\"og:image:type\" content=\"image\/jpeg\" \/>\n<meta name=\"twitter:card\" content=\"summary_large_image\" \/>\n<meta name=\"twitter:label1\" content=\"Est. reading time\" \/>\n\t<meta name=\"twitter:data1\" content=\"1 minut\u0117\" \/>\n<script type=\"application\/ld+json\" class=\"yoast-schema-graph\">{\"@context\":\"https:\\\/\\\/schema.org\",\"@graph\":[{\"@type\":\"WebPage\",\"@id\":\"https:\\\/\\\/anivet.lt\\\/elparduotuve\\\/produktas\\\/alpha-spirit-skanestai-sunims-su-vistiena-50g\\\/\",\"url\":\"https:\\\/\\\/anivet.lt\\\/elparduotuve\\\/produktas\\\/alpha-spirit-skanestai-sunims-su-vistiena-50g\\\/\",\"name\":\"ALPHA SPIRIT skan\u0117stai \u0161unims su vi\u0161tiena 50g - anivet.lt\",\"isPartOf\":{\"@id\":\"https:\\\/\\\/anivet.lt\\\/elparduotuve\\\/#website\"},\"primaryImageOfPage\":{\"@id\":\"https:\\\/\\\/anivet.lt\\\/elparduotuve\\\/produktas\\\/alpha-spirit-skanestai-sunims-su-vistiena-50g\\\/#primaryimage\"},\"image\":{\"@id\":\"https:\\\/\\\/anivet.lt\\\/elparduotuve\\\/produktas\\\/alpha-spirit-skanestai-sunims-su-vistiena-50g\\\/#primaryimage\"},\"thumbnailUrl\":\"https:\\\/\\\/anivet.lt\\\/elparduotuve\\\/wp-content\\\/uploads\\\/2024\\\/11\\\/ALPHA-SPIRIT-SNACKS-DOG-skanestai-sunims-su-vistiena.jpg\",\"datePublished\":\"2024-11-28T20:32:38+00:00\",\"dateModified\":\"2026-04-13T17:17:55+00:00\",\"description\":\"\u0160ie nat\u016bral\u016bs vi\u0161tienos skan\u0117stai yra sukurti specialiai tam, kad j\u016bs\u0173 augintinis b\u016bt\u0173 sveikas ir laimingas. D\u0117l nat\u016brali\u0173 ingredient\u0173 ir apdorojimo \u017eemoje temperat\u016broje \u0161ie u\u017ekand\u017eiai i\u0161laiko auk\u0161\u010diausi\u0105 maistin\u0119 vert\u0119 ir skon\u012f. Ma\u017e\u0173 kubeli\u0173 forma leid\u017eia juos patogiai naudoti treniruo\u010di\u0173 metu.\",\"breadcrumb\":{\"@id\":\"https:\\\/\\\/anivet.lt\\\/elparduotuve\\\/produktas\\\/alpha-spirit-skanestai-sunims-su-vistiena-50g\\\/#breadcrumb\"},\"inLanguage\":\"lt-LT\",\"potentialAction\":[{\"@type\":\"ReadAction\",\"target\":[\"https:\\\/\\\/anivet.lt\\\/elparduotuve\\\/produktas\\\/alpha-spirit-skanestai-sunims-su-vistiena-50g\\\/\"]}]},{\"@type\":\"ImageObject\",\"inLanguage\":\"lt-LT\",\"@id\":\"https:\\\/\\\/anivet.lt\\\/elparduotuve\\\/produktas\\\/alpha-spirit-skanestai-sunims-su-vistiena-50g\\\/#primaryimage\",\"url\":\"https:\\\/\\\/anivet.lt\\\/elparduotuve\\\/wp-content\\\/uploads\\\/2024\\\/11\\\/ALPHA-SPIRIT-SNACKS-DOG-skanestai-sunims-su-vistiena.jpg\",\"contentUrl\":\"https:\\\/\\\/anivet.lt\\\/elparduotuve\\\/wp-content\\\/uploads\\\/2024\\\/11\\\/ALPHA-SPIRIT-SNACKS-DOG-skanestai-sunims-su-vistiena.jpg\",\"width\":895,\"height\":1000,\"caption\":\"ALPHA SPIRIT skan\u0117stai \u0161unims su vi\u0161tiena 50g\"},{\"@type\":\"BreadcrumbList\",\"@id\":\"https:\\\/\\\/anivet.lt\\\/elparduotuve\\\/produktas\\\/alpha-spirit-skanestai-sunims-su-vistiena-50g\\\/#breadcrumb\",\"itemListElement\":[{\"@type\":\"ListItem\",\"position\":1,\"name\":\"Home\",\"item\":\"https:\\\/\\\/anivet.lt\\\/elparduotuve\\\/\"},{\"@type\":\"ListItem\",\"position\":2,\"name\":\"Produktai\",\"item\":\"https:\\\/\\\/anivet.lt\\\/elparduotuve\\\/produktai\\\/\"},{\"@type\":\"ListItem\",\"position\":3,\"name\":\"ALPHA SPIRIT skan\u0117stai \u0161unims su vi\u0161tiena 50g\"}]},{\"@type\":\"WebSite\",\"@id\":\"https:\\\/\\\/anivet.lt\\\/elparduotuve\\\/#website\",\"url\":\"https:\\\/\\\/anivet.lt\\\/elparduotuve\\\/\",\"name\":\"anivet.lt\",\"description\":\"Viskas J\u016bs\u0173 \u0161uns, kat\u0117s prie\u017ei\u016brai\",\"publisher\":{\"@id\":\"https:\\\/\\\/anivet.lt\\\/elparduotuve\\\/#organization\"},\"alternateName\":\"Viskas J\u016bs\u0173 \u0161uns, kat\u0117s prie\u017ei\u016brai\",\"potentialAction\":[{\"@type\":\"SearchAction\",\"target\":{\"@type\":\"EntryPoint\",\"urlTemplate\":\"https:\\\/\\\/anivet.lt\\\/elparduotuve\\\/?s={search_term_string}\"},\"query-input\":{\"@type\":\"PropertyValueSpecification\",\"valueRequired\":true,\"valueName\":\"search_term_string\"}}],\"inLanguage\":\"lt-LT\"},{\"@type\":\"Organization\",\"@id\":\"https:\\\/\\\/anivet.lt\\\/elparduotuve\\\/#organization\",\"name\":\"Viskas J\u016bs\u0173 \u0161uns, kat\u0117s prie\u017ei\u016brai\",\"url\":\"https:\\\/\\\/anivet.lt\\\/elparduotuve\\\/\",\"logo\":{\"@type\":\"ImageObject\",\"inLanguage\":\"lt-LT\",\"@id\":\"https:\\\/\\\/anivet.lt\\\/elparduotuve\\\/#\\\/schema\\\/logo\\\/image\\\/\",\"url\":\"https:\\\/\\\/anivet.lt\\\/elparduotuve\\\/wp-content\\\/uploads\\\/2023\\\/06\\\/logo2.jpg\",\"contentUrl\":\"https:\\\/\\\/anivet.lt\\\/elparduotuve\\\/wp-content\\\/uploads\\\/2023\\\/06\\\/logo2.jpg\",\"width\":655,\"height\":194,\"caption\":\"Viskas J\u016bs\u0173 \u0161uns, kat\u0117s prie\u017ei\u016brai\"},\"image\":{\"@id\":\"https:\\\/\\\/anivet.lt\\\/elparduotuve\\\/#\\\/schema\\\/logo\\\/image\\\/\"}}]}<\/script>\n<!-- \/ Yoast SEO Premium plugin. -->","yoast_head_json":{"title":"ALPHA SPIRIT skan\u0117stai \u0161unims su vi\u0161tiena 50g - anivet.lt","description":"\u0160ie nat\u016bral\u016bs vi\u0161tienos skan\u0117stai yra sukurti specialiai tam, kad j\u016bs\u0173 augintinis b\u016bt\u0173 sveikas ir laimingas. D\u0117l nat\u016brali\u0173 ingredient\u0173 ir apdorojimo \u017eemoje temperat\u016broje \u0161ie u\u017ekand\u017eiai i\u0161laiko auk\u0161\u010diausi\u0105 maistin\u0119 vert\u0119 ir skon\u012f. Ma\u017e\u0173 kubeli\u0173 forma leid\u017eia juos patogiai naudoti treniruo\u010di\u0173 metu.","robots":{"index":"index","follow":"follow","max-snippet":"max-snippet:-1","max-image-preview":"max-image-preview:large","max-video-preview":"max-video-preview:-1"},"canonical":"https:\/\/anivet.lt\/elparduotuve\/produktas\/alpha-spirit-skanestai-sunims-su-vistiena-50g\/","og_locale":"lt_LT","og_type":"article","og_title":"ALPHA SPIRIT skan\u0117stai \u0161unims su vi\u0161tiena 50g","og_description":"\u0160ie nat\u016bral\u016bs vi\u0161tienos skan\u0117stai yra sukurti specialiai tam, kad j\u016bs\u0173 augintinis b\u016bt\u0173 sveikas ir laimingas. D\u0117l nat\u016brali\u0173 ingredient\u0173 ir apdorojimo \u017eemoje temperat\u016broje \u0161ie u\u017ekand\u017eiai i\u0161laiko auk\u0161\u010diausi\u0105 maistin\u0119 vert\u0119 ir skon\u012f. Ma\u017e\u0173 kubeli\u0173 forma leid\u017eia juos patogiai naudoti treniruo\u010di\u0173 metu.","og_url":"https:\/\/anivet.lt\/elparduotuve\/produktas\/alpha-spirit-skanestai-sunims-su-vistiena-50g\/","og_site_name":"anivet.lt","article_modified_time":"2026-04-13T17:17:55+00:00","og_image":[{"width":895,"height":1000,"url":"https:\/\/anivet.lt\/elparduotuve\/wp-content\/uploads\/2024\/11\/ALPHA-SPIRIT-SNACKS-DOG-skanestai-sunims-su-vistiena.jpg","type":"image\/jpeg"}],"twitter_card":"summary_large_image","twitter_misc":{"Est. reading time":"1 minut\u0117"},"schema":{"@context":"https:\/\/schema.org","@graph":[{"@type":"WebPage","@id":"https:\/\/anivet.lt\/elparduotuve\/produktas\/alpha-spirit-skanestai-sunims-su-vistiena-50g\/","url":"https:\/\/anivet.lt\/elparduotuve\/produktas\/alpha-spirit-skanestai-sunims-su-vistiena-50g\/","name":"ALPHA SPIRIT skan\u0117stai \u0161unims su vi\u0161tiena 50g - anivet.lt","isPartOf":{"@id":"https:\/\/anivet.lt\/elparduotuve\/#website"},"primaryImageOfPage":{"@id":"https:\/\/anivet.lt\/elparduotuve\/produktas\/alpha-spirit-skanestai-sunims-su-vistiena-50g\/#primaryimage"},"image":{"@id":"https:\/\/anivet.lt\/elparduotuve\/produktas\/alpha-spirit-skanestai-sunims-su-vistiena-50g\/#primaryimage"},"thumbnailUrl":"https:\/\/anivet.lt\/elparduotuve\/wp-content\/uploads\/2024\/11\/ALPHA-SPIRIT-SNACKS-DOG-skanestai-sunims-su-vistiena.jpg","datePublished":"2024-11-28T20:32:38+00:00","dateModified":"2026-04-13T17:17:55+00:00","description":"\u0160ie nat\u016bral\u016bs vi\u0161tienos skan\u0117stai yra sukurti specialiai tam, kad j\u016bs\u0173 augintinis b\u016bt\u0173 sveikas ir laimingas. D\u0117l nat\u016brali\u0173 ingredient\u0173 ir apdorojimo \u017eemoje temperat\u016broje \u0161ie u\u017ekand\u017eiai i\u0161laiko auk\u0161\u010diausi\u0105 maistin\u0119 vert\u0119 ir skon\u012f. Ma\u017e\u0173 kubeli\u0173 forma leid\u017eia juos patogiai naudoti treniruo\u010di\u0173 metu.","breadcrumb":{"@id":"https:\/\/anivet.lt\/elparduotuve\/produktas\/alpha-spirit-skanestai-sunims-su-vistiena-50g\/#breadcrumb"},"inLanguage":"lt-LT","potentialAction":[{"@type":"ReadAction","target":["https:\/\/anivet.lt\/elparduotuve\/produktas\/alpha-spirit-skanestai-sunims-su-vistiena-50g\/"]}]},{"@type":"ImageObject","inLanguage":"lt-LT","@id":"https:\/\/anivet.lt\/elparduotuve\/produktas\/alpha-spirit-skanestai-sunims-su-vistiena-50g\/#primaryimage","url":"https:\/\/anivet.lt\/elparduotuve\/wp-content\/uploads\/2024\/11\/ALPHA-SPIRIT-SNACKS-DOG-skanestai-sunims-su-vistiena.jpg","contentUrl":"https:\/\/anivet.lt\/elparduotuve\/wp-content\/uploads\/2024\/11\/ALPHA-SPIRIT-SNACKS-DOG-skanestai-sunims-su-vistiena.jpg","width":895,"height":1000,"caption":"ALPHA SPIRIT skan\u0117stai \u0161unims su vi\u0161tiena 50g"},{"@type":"BreadcrumbList","@id":"https:\/\/anivet.lt\/elparduotuve\/produktas\/alpha-spirit-skanestai-sunims-su-vistiena-50g\/#breadcrumb","itemListElement":[{"@type":"ListItem","position":1,"name":"Home","item":"https:\/\/anivet.lt\/elparduotuve\/"},{"@type":"ListItem","position":2,"name":"Produktai","item":"https:\/\/anivet.lt\/elparduotuve\/produktai\/"},{"@type":"ListItem","position":3,"name":"ALPHA SPIRIT skan\u0117stai \u0161unims su vi\u0161tiena 50g"}]},{"@type":"WebSite","@id":"https:\/\/anivet.lt\/elparduotuve\/#website","url":"https:\/\/anivet.lt\/elparduotuve\/","name":"anivet.lt","description":"Viskas J\u016bs\u0173 \u0161uns, kat\u0117s prie\u017ei\u016brai","publisher":{"@id":"https:\/\/anivet.lt\/elparduotuve\/#organization"},"alternateName":"Viskas J\u016bs\u0173 \u0161uns, kat\u0117s prie\u017ei\u016brai","potentialAction":[{"@type":"SearchAction","target":{"@type":"EntryPoint","urlTemplate":"https:\/\/anivet.lt\/elparduotuve\/?s={search_term_string}"},"query-input":{"@type":"PropertyValueSpecification","valueRequired":true,"valueName":"search_term_string"}}],"inLanguage":"lt-LT"},{"@type":"Organization","@id":"https:\/\/anivet.lt\/elparduotuve\/#organization","name":"Viskas J\u016bs\u0173 \u0161uns, kat\u0117s prie\u017ei\u016brai","url":"https:\/\/anivet.lt\/elparduotuve\/","logo":{"@type":"ImageObject","inLanguage":"lt-LT","@id":"https:\/\/anivet.lt\/elparduotuve\/#\/schema\/logo\/image\/","url":"https:\/\/anivet.lt\/elparduotuve\/wp-content\/uploads\/2023\/06\/logo2.jpg","contentUrl":"https:\/\/anivet.lt\/elparduotuve\/wp-content\/uploads\/2023\/06\/logo2.jpg","width":655,"height":194,"caption":"Viskas J\u016bs\u0173 \u0161uns, kat\u0117s prie\u017ei\u016brai"},"image":{"@id":"https:\/\/anivet.lt\/elparduotuve\/#\/schema\/logo\/image\/"}}]}},"_links":{"self":[{"href":"https:\/\/anivet.lt\/elparduotuve\/wp-json\/wp\/v2\/product\/15345","targetHints":{"allow":["GET"]}}],"collection":[{"href":"https:\/\/anivet.lt\/elparduotuve\/wp-json\/wp\/v2\/product"}],"about":[{"href":"https:\/\/anivet.lt\/elparduotuve\/wp-json\/wp\/v2\/types\/product"}],"wp:featuredmedia":[{"embeddable":true,"href":"https:\/\/anivet.lt\/elparduotuve\/wp-json\/wp\/v2\/media\/15346"}],"wp:attachment":[{"href":"https:\/\/anivet.lt\/elparduotuve\/wp-json\/wp\/v2\/media?parent=15345"}],"wp:term":[{"taxonomy":"product_brand","embeddable":true,"href":"https:\/\/anivet.lt\/elparduotuve\/wp-json\/wp\/v2\/product_brand?post=15345"},{"taxonomy":"product_cat","embeddable":true,"href":"https:\/\/anivet.lt\/elparduotuve\/wp-json\/wp\/v2\/product_cat?post=15345"},{"taxonomy":"product_tag","embeddable":true,"href":"https:\/\/anivet.lt\/elparduotuve\/wp-json\/wp\/v2\/product_tag?post=15345"}],"curies":[{"name":"wp","href":"https:\/\/api.w.org\/{rel}","templated":true}]}}