{"id":15355,"date":"2024-11-28T21:19:15","date_gmt":"2024-11-28T21:19:15","guid":{"rendered":"https:\/\/anivet.lt\/elparduotuve\/?post_type=product&#038;p=15355"},"modified":"2025-08-11T16:18:37","modified_gmt":"2025-08-11T16:18:37","slug":"alpha-spirit-skanestai-katems-su-zuvimi-50g","status":"publish","type":"product","link":"https:\/\/anivet.lt\/elparduotuve\/produktas\/alpha-spirit-skanestai-katems-su-zuvimi-50g\/","title":{"rendered":"ALPHA SPIRIT skan\u0117stai kat\u0117ms su \u017euvimi 50g"},"content":{"rendered":"<ul>\n<li style=\"font-weight: 400;\" aria-level=\"1\"><span style=\"font-weight: 400;\">Nat\u016brali sud\u0117tis: Pagaminti i\u0161 \u0161vie\u017eios \u017euvies (55%), vi\u0161tienos (20%) ir kiauli\u0173 kepen\u0117li\u0173 (10%), suteikiant baltym\u0173 ir nauding\u0173 med\u017eiag\u0173.<\/span><\/li>\n<li style=\"font-weight: 400;\" aria-level=\"1\"><span style=\"font-weight: 400;\">I\u0161laikyta maistin\u0117 vert\u0117: Gaminimo procesas \u017eemoje temperat\u016broje u\u017etikrina, kad visi svarb\u016bs vitaminai ir maistin\u0117s med\u017eiagos i\u0161likt\u0173.<\/span><\/li>\n<li style=\"font-weight: 400;\" aria-level=\"1\"><span style=\"font-weight: 400;\">Sveiki riebalai: Turintys 10% riebal\u0173, skan\u0117stai apr\u016bpina energija ir palaiko kailio bei odos sveikat\u0105.<\/span><\/li>\n<li style=\"font-weight: 400;\" aria-level=\"1\"><span style=\"font-weight: 400;\">Lengvai vir\u0161kinami: Hidrolizuotas krakmolas ir augalin\u0117s kilm\u0117s glicerinas u\u017etikrina, kad skan\u0117stai lengvai vir\u0161kinami.<\/span><\/li>\n<li style=\"font-weight: 400;\" aria-level=\"1\"><span style=\"font-weight: 400;\">Subalansuotas dr\u0117gm\u0117s kiekis: 28% dr\u0117gm\u0117s padeda palaikyti ger\u0105 hidratacijos lyg\u012f.<\/span><\/li>\n<\/ul>\n<p><span style=\"font-weight: 400;\">\u201eAlpha Spirit\u201d skan\u0117stai su \u017euvimi yra puikus pasirinkimas j\u016bs\u0173 katei \u2013 jie suteikia d\u017eiaugsmo ir naudos sveikatai. Tinka naudoti kaip kasdien\u012f u\u017ekand\u012f ar paskatinim\u0105 dres\u016bros metu.<\/span><\/p>\n","protected":false},"excerpt":{"rendered":"<p><span style=\"font-weight: 400;\">\u0160ie skan\u0117stai kat\u0117ms yra pagaminti i\u0161 nat\u016brali\u0173 ingredient\u0173 ir ruo\u0161iami \u017eemoje temperat\u016broje, tod\u0117l i\u0161laiko puikias maistines savybes. Skan\u0117stai yra ne tik skan\u016bs, bet ir maistingi, idealiai tinkantys kasdieniam j\u016bs\u0173 kat\u0117s palepinimui.<\/span><\/p>\n","protected":false},"featured_media":15356,"template":"","meta":[],"product_brand":[],"product_cat":[114,102,117],"product_tag":[],"class_list":{"0":"post-15355","1":"product","2":"type-product","3":"status-publish","4":"has-post-thumbnail","6":"product_cat-kaciu-maistas","7":"product_cat-katems","8":"product_cat-skanestai-katems","9":"pa_prekinis-zenklas-alpha-spirit","11":"first","12":"instock","13":"taxable","14":"shipping-taxable","15":"purchasable","16":"product-type-simple"},"yoast_head":"<!-- This site is optimized with the Yoast SEO Premium plugin v27.1 (Yoast SEO v27.5) - https:\/\/yoast.com\/product\/yoast-seo-premium-wordpress\/ -->\n<title>ALPHA SPIRIT skan\u0117stai kat\u0117ms su \u017euvimi 50g - anivet.lt<\/title>\n<meta name=\"description\" content=\"\u0160ie skan\u0117stai kat\u0117ms yra pagaminti i\u0161 nat\u016brali\u0173 ingredient\u0173 ir ruo\u0161iami \u017eemoje temperat\u016broje, tod\u0117l i\u0161laiko puikias maistines savybes. Skan\u0117stai yra ne tik skan\u016bs, bet ir maistingi, idealiai tinkantys kasdieniam j\u016bs\u0173 kat\u0117s palepinimui.\" \/>\n<meta name=\"robots\" content=\"index, follow, max-snippet:-1, max-image-preview:large, max-video-preview:-1\" \/>\n<link rel=\"canonical\" href=\"https:\/\/anivet.lt\/elparduotuve\/produktas\/alpha-spirit-skanestai-katems-su-zuvimi-50g\/\" \/>\n<meta property=\"og:locale\" content=\"lt_LT\" \/>\n<meta property=\"og:type\" content=\"article\" \/>\n<meta property=\"og:title\" content=\"ALPHA SPIRIT skan\u0117stai kat\u0117ms su \u017euvimi 50g\" \/>\n<meta property=\"og:description\" content=\"\u0160ie skan\u0117stai kat\u0117ms yra pagaminti i\u0161 nat\u016brali\u0173 ingredient\u0173 ir ruo\u0161iami \u017eemoje temperat\u016broje, tod\u0117l i\u0161laiko puikias maistines savybes. Skan\u0117stai yra ne tik skan\u016bs, bet ir maistingi, idealiai tinkantys kasdieniam j\u016bs\u0173 kat\u0117s palepinimui.\" \/>\n<meta property=\"og:url\" content=\"https:\/\/anivet.lt\/elparduotuve\/produktas\/alpha-spirit-skanestai-katems-su-zuvimi-50g\/\" \/>\n<meta property=\"og:site_name\" content=\"anivet.lt\" \/>\n<meta property=\"article:modified_time\" content=\"2025-08-11T16:18:37+00:00\" \/>\n<meta property=\"og:image\" content=\"https:\/\/anivet.lt\/elparduotuve\/wp-content\/uploads\/2024\/11\/Su-zuvimi-Katems.jpg\" \/>\n\t<meta property=\"og:image:width\" content=\"1280\" \/>\n\t<meta property=\"og:image:height\" content=\"1280\" \/>\n\t<meta property=\"og:image:type\" content=\"image\/jpeg\" \/>\n<meta name=\"twitter:card\" content=\"summary_large_image\" \/>\n<meta name=\"twitter:label1\" content=\"Est. reading time\" \/>\n\t<meta name=\"twitter:data1\" content=\"1 minut\u0117\" \/>\n<script type=\"application\/ld+json\" class=\"yoast-schema-graph\">{\"@context\":\"https:\\\/\\\/schema.org\",\"@graph\":[{\"@type\":\"WebPage\",\"@id\":\"https:\\\/\\\/anivet.lt\\\/elparduotuve\\\/produktas\\\/alpha-spirit-skanestai-katems-su-zuvimi-50g\\\/\",\"url\":\"https:\\\/\\\/anivet.lt\\\/elparduotuve\\\/produktas\\\/alpha-spirit-skanestai-katems-su-zuvimi-50g\\\/\",\"name\":\"ALPHA SPIRIT skan\u0117stai kat\u0117ms su \u017euvimi 50g - anivet.lt\",\"isPartOf\":{\"@id\":\"https:\\\/\\\/anivet.lt\\\/elparduotuve\\\/#website\"},\"primaryImageOfPage\":{\"@id\":\"https:\\\/\\\/anivet.lt\\\/elparduotuve\\\/produktas\\\/alpha-spirit-skanestai-katems-su-zuvimi-50g\\\/#primaryimage\"},\"image\":{\"@id\":\"https:\\\/\\\/anivet.lt\\\/elparduotuve\\\/produktas\\\/alpha-spirit-skanestai-katems-su-zuvimi-50g\\\/#primaryimage\"},\"thumbnailUrl\":\"https:\\\/\\\/anivet.lt\\\/elparduotuve\\\/wp-content\\\/uploads\\\/2024\\\/11\\\/Su-zuvimi-Katems.jpg\",\"datePublished\":\"2024-11-28T21:19:15+00:00\",\"dateModified\":\"2025-08-11T16:18:37+00:00\",\"description\":\"\u0160ie skan\u0117stai kat\u0117ms yra pagaminti i\u0161 nat\u016brali\u0173 ingredient\u0173 ir ruo\u0161iami \u017eemoje temperat\u016broje, tod\u0117l i\u0161laiko puikias maistines savybes. Skan\u0117stai yra ne tik skan\u016bs, bet ir maistingi, idealiai tinkantys kasdieniam j\u016bs\u0173 kat\u0117s palepinimui.\",\"breadcrumb\":{\"@id\":\"https:\\\/\\\/anivet.lt\\\/elparduotuve\\\/produktas\\\/alpha-spirit-skanestai-katems-su-zuvimi-50g\\\/#breadcrumb\"},\"inLanguage\":\"lt-LT\",\"potentialAction\":[{\"@type\":\"ReadAction\",\"target\":[\"https:\\\/\\\/anivet.lt\\\/elparduotuve\\\/produktas\\\/alpha-spirit-skanestai-katems-su-zuvimi-50g\\\/\"]}]},{\"@type\":\"ImageObject\",\"inLanguage\":\"lt-LT\",\"@id\":\"https:\\\/\\\/anivet.lt\\\/elparduotuve\\\/produktas\\\/alpha-spirit-skanestai-katems-su-zuvimi-50g\\\/#primaryimage\",\"url\":\"https:\\\/\\\/anivet.lt\\\/elparduotuve\\\/wp-content\\\/uploads\\\/2024\\\/11\\\/Su-zuvimi-Katems.jpg\",\"contentUrl\":\"https:\\\/\\\/anivet.lt\\\/elparduotuve\\\/wp-content\\\/uploads\\\/2024\\\/11\\\/Su-zuvimi-Katems.jpg\",\"width\":1280,\"height\":1280,\"caption\":\"ALPHA SPIRIT skan\u0117stai kat\u0117ms su \u017euvimi 50g\"},{\"@type\":\"BreadcrumbList\",\"@id\":\"https:\\\/\\\/anivet.lt\\\/elparduotuve\\\/produktas\\\/alpha-spirit-skanestai-katems-su-zuvimi-50g\\\/#breadcrumb\",\"itemListElement\":[{\"@type\":\"ListItem\",\"position\":1,\"name\":\"Home\",\"item\":\"https:\\\/\\\/anivet.lt\\\/elparduotuve\\\/\"},{\"@type\":\"ListItem\",\"position\":2,\"name\":\"Produktai\",\"item\":\"https:\\\/\\\/anivet.lt\\\/elparduotuve\\\/produktai\\\/\"},{\"@type\":\"ListItem\",\"position\":3,\"name\":\"ALPHA SPIRIT skan\u0117stai kat\u0117ms su \u017euvimi 50g\"}]},{\"@type\":\"WebSite\",\"@id\":\"https:\\\/\\\/anivet.lt\\\/elparduotuve\\\/#website\",\"url\":\"https:\\\/\\\/anivet.lt\\\/elparduotuve\\\/\",\"name\":\"anivet.lt\",\"description\":\"Viskas J\u016bs\u0173 \u0161uns, kat\u0117s prie\u017ei\u016brai\",\"publisher\":{\"@id\":\"https:\\\/\\\/anivet.lt\\\/elparduotuve\\\/#organization\"},\"alternateName\":\"Viskas J\u016bs\u0173 \u0161uns, kat\u0117s prie\u017ei\u016brai\",\"potentialAction\":[{\"@type\":\"SearchAction\",\"target\":{\"@type\":\"EntryPoint\",\"urlTemplate\":\"https:\\\/\\\/anivet.lt\\\/elparduotuve\\\/?s={search_term_string}\"},\"query-input\":{\"@type\":\"PropertyValueSpecification\",\"valueRequired\":true,\"valueName\":\"search_term_string\"}}],\"inLanguage\":\"lt-LT\"},{\"@type\":\"Organization\",\"@id\":\"https:\\\/\\\/anivet.lt\\\/elparduotuve\\\/#organization\",\"name\":\"Viskas J\u016bs\u0173 \u0161uns, kat\u0117s prie\u017ei\u016brai\",\"url\":\"https:\\\/\\\/anivet.lt\\\/elparduotuve\\\/\",\"logo\":{\"@type\":\"ImageObject\",\"inLanguage\":\"lt-LT\",\"@id\":\"https:\\\/\\\/anivet.lt\\\/elparduotuve\\\/#\\\/schema\\\/logo\\\/image\\\/\",\"url\":\"https:\\\/\\\/anivet.lt\\\/elparduotuve\\\/wp-content\\\/uploads\\\/2023\\\/06\\\/logo2.jpg\",\"contentUrl\":\"https:\\\/\\\/anivet.lt\\\/elparduotuve\\\/wp-content\\\/uploads\\\/2023\\\/06\\\/logo2.jpg\",\"width\":655,\"height\":194,\"caption\":\"Viskas J\u016bs\u0173 \u0161uns, kat\u0117s prie\u017ei\u016brai\"},\"image\":{\"@id\":\"https:\\\/\\\/anivet.lt\\\/elparduotuve\\\/#\\\/schema\\\/logo\\\/image\\\/\"}}]}<\/script>\n<!-- \/ Yoast SEO Premium plugin. -->","yoast_head_json":{"title":"ALPHA SPIRIT skan\u0117stai kat\u0117ms su \u017euvimi 50g - anivet.lt","description":"\u0160ie skan\u0117stai kat\u0117ms yra pagaminti i\u0161 nat\u016brali\u0173 ingredient\u0173 ir ruo\u0161iami \u017eemoje temperat\u016broje, tod\u0117l i\u0161laiko puikias maistines savybes. Skan\u0117stai yra ne tik skan\u016bs, bet ir maistingi, idealiai tinkantys kasdieniam j\u016bs\u0173 kat\u0117s palepinimui.","robots":{"index":"index","follow":"follow","max-snippet":"max-snippet:-1","max-image-preview":"max-image-preview:large","max-video-preview":"max-video-preview:-1"},"canonical":"https:\/\/anivet.lt\/elparduotuve\/produktas\/alpha-spirit-skanestai-katems-su-zuvimi-50g\/","og_locale":"lt_LT","og_type":"article","og_title":"ALPHA SPIRIT skan\u0117stai kat\u0117ms su \u017euvimi 50g","og_description":"\u0160ie skan\u0117stai kat\u0117ms yra pagaminti i\u0161 nat\u016brali\u0173 ingredient\u0173 ir ruo\u0161iami \u017eemoje temperat\u016broje, tod\u0117l i\u0161laiko puikias maistines savybes. Skan\u0117stai yra ne tik skan\u016bs, bet ir maistingi, idealiai tinkantys kasdieniam j\u016bs\u0173 kat\u0117s palepinimui.","og_url":"https:\/\/anivet.lt\/elparduotuve\/produktas\/alpha-spirit-skanestai-katems-su-zuvimi-50g\/","og_site_name":"anivet.lt","article_modified_time":"2025-08-11T16:18:37+00:00","og_image":[{"width":1280,"height":1280,"url":"https:\/\/anivet.lt\/elparduotuve\/wp-content\/uploads\/2024\/11\/Su-zuvimi-Katems.jpg","type":"image\/jpeg"}],"twitter_card":"summary_large_image","twitter_misc":{"Est. reading time":"1 minut\u0117"},"schema":{"@context":"https:\/\/schema.org","@graph":[{"@type":"WebPage","@id":"https:\/\/anivet.lt\/elparduotuve\/produktas\/alpha-spirit-skanestai-katems-su-zuvimi-50g\/","url":"https:\/\/anivet.lt\/elparduotuve\/produktas\/alpha-spirit-skanestai-katems-su-zuvimi-50g\/","name":"ALPHA SPIRIT skan\u0117stai kat\u0117ms su \u017euvimi 50g - anivet.lt","isPartOf":{"@id":"https:\/\/anivet.lt\/elparduotuve\/#website"},"primaryImageOfPage":{"@id":"https:\/\/anivet.lt\/elparduotuve\/produktas\/alpha-spirit-skanestai-katems-su-zuvimi-50g\/#primaryimage"},"image":{"@id":"https:\/\/anivet.lt\/elparduotuve\/produktas\/alpha-spirit-skanestai-katems-su-zuvimi-50g\/#primaryimage"},"thumbnailUrl":"https:\/\/anivet.lt\/elparduotuve\/wp-content\/uploads\/2024\/11\/Su-zuvimi-Katems.jpg","datePublished":"2024-11-28T21:19:15+00:00","dateModified":"2025-08-11T16:18:37+00:00","description":"\u0160ie skan\u0117stai kat\u0117ms yra pagaminti i\u0161 nat\u016brali\u0173 ingredient\u0173 ir ruo\u0161iami \u017eemoje temperat\u016broje, tod\u0117l i\u0161laiko puikias maistines savybes. Skan\u0117stai yra ne tik skan\u016bs, bet ir maistingi, idealiai tinkantys kasdieniam j\u016bs\u0173 kat\u0117s palepinimui.","breadcrumb":{"@id":"https:\/\/anivet.lt\/elparduotuve\/produktas\/alpha-spirit-skanestai-katems-su-zuvimi-50g\/#breadcrumb"},"inLanguage":"lt-LT","potentialAction":[{"@type":"ReadAction","target":["https:\/\/anivet.lt\/elparduotuve\/produktas\/alpha-spirit-skanestai-katems-su-zuvimi-50g\/"]}]},{"@type":"ImageObject","inLanguage":"lt-LT","@id":"https:\/\/anivet.lt\/elparduotuve\/produktas\/alpha-spirit-skanestai-katems-su-zuvimi-50g\/#primaryimage","url":"https:\/\/anivet.lt\/elparduotuve\/wp-content\/uploads\/2024\/11\/Su-zuvimi-Katems.jpg","contentUrl":"https:\/\/anivet.lt\/elparduotuve\/wp-content\/uploads\/2024\/11\/Su-zuvimi-Katems.jpg","width":1280,"height":1280,"caption":"ALPHA SPIRIT skan\u0117stai kat\u0117ms su \u017euvimi 50g"},{"@type":"BreadcrumbList","@id":"https:\/\/anivet.lt\/elparduotuve\/produktas\/alpha-spirit-skanestai-katems-su-zuvimi-50g\/#breadcrumb","itemListElement":[{"@type":"ListItem","position":1,"name":"Home","item":"https:\/\/anivet.lt\/elparduotuve\/"},{"@type":"ListItem","position":2,"name":"Produktai","item":"https:\/\/anivet.lt\/elparduotuve\/produktai\/"},{"@type":"ListItem","position":3,"name":"ALPHA SPIRIT skan\u0117stai kat\u0117ms su \u017euvimi 50g"}]},{"@type":"WebSite","@id":"https:\/\/anivet.lt\/elparduotuve\/#website","url":"https:\/\/anivet.lt\/elparduotuve\/","name":"anivet.lt","description":"Viskas J\u016bs\u0173 \u0161uns, kat\u0117s prie\u017ei\u016brai","publisher":{"@id":"https:\/\/anivet.lt\/elparduotuve\/#organization"},"alternateName":"Viskas J\u016bs\u0173 \u0161uns, kat\u0117s prie\u017ei\u016brai","potentialAction":[{"@type":"SearchAction","target":{"@type":"EntryPoint","urlTemplate":"https:\/\/anivet.lt\/elparduotuve\/?s={search_term_string}"},"query-input":{"@type":"PropertyValueSpecification","valueRequired":true,"valueName":"search_term_string"}}],"inLanguage":"lt-LT"},{"@type":"Organization","@id":"https:\/\/anivet.lt\/elparduotuve\/#organization","name":"Viskas J\u016bs\u0173 \u0161uns, kat\u0117s prie\u017ei\u016brai","url":"https:\/\/anivet.lt\/elparduotuve\/","logo":{"@type":"ImageObject","inLanguage":"lt-LT","@id":"https:\/\/anivet.lt\/elparduotuve\/#\/schema\/logo\/image\/","url":"https:\/\/anivet.lt\/elparduotuve\/wp-content\/uploads\/2023\/06\/logo2.jpg","contentUrl":"https:\/\/anivet.lt\/elparduotuve\/wp-content\/uploads\/2023\/06\/logo2.jpg","width":655,"height":194,"caption":"Viskas J\u016bs\u0173 \u0161uns, kat\u0117s prie\u017ei\u016brai"},"image":{"@id":"https:\/\/anivet.lt\/elparduotuve\/#\/schema\/logo\/image\/"}}]}},"_links":{"self":[{"href":"https:\/\/anivet.lt\/elparduotuve\/wp-json\/wp\/v2\/product\/15355","targetHints":{"allow":["GET"]}}],"collection":[{"href":"https:\/\/anivet.lt\/elparduotuve\/wp-json\/wp\/v2\/product"}],"about":[{"href":"https:\/\/anivet.lt\/elparduotuve\/wp-json\/wp\/v2\/types\/product"}],"wp:featuredmedia":[{"embeddable":true,"href":"https:\/\/anivet.lt\/elparduotuve\/wp-json\/wp\/v2\/media\/15356"}],"wp:attachment":[{"href":"https:\/\/anivet.lt\/elparduotuve\/wp-json\/wp\/v2\/media?parent=15355"}],"wp:term":[{"taxonomy":"product_brand","embeddable":true,"href":"https:\/\/anivet.lt\/elparduotuve\/wp-json\/wp\/v2\/product_brand?post=15355"},{"taxonomy":"product_cat","embeddable":true,"href":"https:\/\/anivet.lt\/elparduotuve\/wp-json\/wp\/v2\/product_cat?post=15355"},{"taxonomy":"product_tag","embeddable":true,"href":"https:\/\/anivet.lt\/elparduotuve\/wp-json\/wp\/v2\/product_tag?post=15355"}],"curies":[{"name":"wp","href":"https:\/\/api.w.org\/{rel}","templated":true}]}}