{"id":15504,"date":"2024-12-14T11:44:59","date_gmt":"2024-12-14T11:44:59","guid":{"rendered":"https:\/\/anivet.lt\/elparduotuve\/?post_type=product&#038;p=15504"},"modified":"2026-04-01T04:36:40","modified_gmt":"2026-04-01T04:36:40","slug":"monge-vetsolution-dog-gastrointestinal-konservai-jautriam-virskinimui-400-g","status":"publish","type":"product","link":"https:\/\/anivet.lt\/elparduotuve\/produktas\/monge-vetsolution-dog-gastrointestinal-konservai-jautriam-virskinimui-400-g\/","title":{"rendered":"Monge VetSolution Dog Gastrointestinal konservai jautriam vir\u0161kinimui 400g"},"content":{"rendered":"<ul>\n<li><span style=\"font-weight: 400;\">Vir\u0161kinimo palaikymas: Tunas ir bulvi\u0173 krakmolas u\u017etikrina lengv\u0105 vir\u0161kinim\u0105 ir yra puikus baltym\u0173 bei energijos \u0161altinis.<\/span><\/li>\n<li style=\"font-weight: 400;\" aria-level=\"1\"><span style=\"font-weight: 400;\">\u017darnyno sveikata: Ksilo-oligosacharidai (XOS) ir d\u017eiovinti ka\u0161tainiai (0,01%) gerina \u017earnyno funkcijas ir palaiko sveik\u0105 mikrobiot\u0105.<\/span><\/li>\n<li style=\"font-weight: 400;\" aria-level=\"1\"><span style=\"font-weight: 400;\">Imunin\u0117s sistemos stiprinimas: Nukleotidai (1%) stiprina organizmo atsparum\u0105.<\/span><\/li>\n<li style=\"font-weight: 400;\" aria-level=\"1\"><span style=\"font-weight: 400;\">Ma\u017eas riebal\u0173 kiekis: Tik 2,5% riebal\u0173, tod\u0117l pa\u0161aras tinka \u0161unims su jautria vir\u0161kinimo sistema arba ma\u017eesniu riebal\u0173 poreikiu.<\/span><\/li>\n<li style=\"font-weight: 400;\" aria-level=\"1\"><span style=\"font-weight: 400;\">Optimalus elektrolit\u0173 balansas: Didelis natrio (0,2%) ir kalio (0,2%) kiekis padeda atkurti organizmo pusiausvyr\u0105.<\/span><\/li>\n<\/ul>\n<p><span style=\"font-weight: 400;\">\u0160ie konservai \u2013 idealus sprendimas \u0161unims, kuriems reikalinga lengvai vir\u0161kinama mityba. \u0160is pa\u0161aras padeda suma\u017einti vir\u0161kinimo problemas, palaiko skland\u017ei\u0105 vir\u0161kinimo trakto veikl\u0105 ir u\u017etikrina ger\u0105 savijaut\u0105.<\/span><\/p>\n","protected":false},"excerpt":{"rendered":"<p><span style=\"font-weight: 400;\">Visavertis dietinis konservuotas pa\u0161aras, skirtas \u0161unims, turintiems sutrikus\u012f vir\u0161kinim\u0105. Praturtintas nukleotidais, ka\u0161tainiais ir ksilo-oligosacharidais (XOS), \u0161is lengvai vir\u0161kinamas pa\u0161aras padeda palaikyti vir\u0161kinimo trakto sveikat\u0105 ir \u017earnyno mikrobiotos balans\u0105. Su vienu gyv\u016bninio baltymo \u0161altiniu, u\u017etikrinan\u010diu auk\u0161t\u0105 tolerancij\u0105.<\/span><\/p>\n","protected":false},"featured_media":20424,"template":"","meta":[],"product_brand":[],"product_cat":[101,103,107,318],"product_tag":[],"class_list":{"0":"post-15504","1":"product","2":"type-product","3":"status-publish","4":"has-post-thumbnail","6":"product_cat-sunims","7":"product_cat-sunu-maistas","8":"product_cat-veterinarine-dieta","9":"product_cat-monge-sunu-maistas","10":"pa_prekinis-zenklas-monge","12":"first","13":"instock","14":"taxable","15":"shipping-taxable","16":"purchasable","17":"product-type-simple"},"yoast_head":"<!-- This site is optimized with the Yoast SEO Premium plugin v27.1 (Yoast SEO v27.5) - https:\/\/yoast.com\/product\/yoast-seo-premium-wordpress\/ -->\n<title>Monge VetSolution Dog Gastrointestinal konservai jautriam vir\u0161kinimui 400g - anivet.lt<\/title>\n<meta name=\"description\" content=\"Visavertis dietinis konservuotas pa\u0161aras, skirtas \u0161unims, turintiems sutrikus\u012f vir\u0161kinim\u0105. Praturtintas nukleotidais, ka\u0161tainiais ir ksilo-oligosacharidais (XOS), \u0161is lengvai vir\u0161kinamas pa\u0161aras padeda palaikyti vir\u0161kinimo trakto sveikat\u0105 ir \u017earnyno mikrobiotos balans\u0105. Su vienu gyv\u016bninio baltymo \u0161altiniu, u\u017etikrinan\u010diu auk\u0161t\u0105 tolerancij\u0105.\" \/>\n<meta name=\"robots\" content=\"index, follow, max-snippet:-1, max-image-preview:large, max-video-preview:-1\" \/>\n<link rel=\"canonical\" href=\"https:\/\/anivet.lt\/elparduotuve\/produktas\/monge-vetsolution-dog-gastrointestinal-konservai-jautriam-virskinimui-400-g\/\" \/>\n<meta property=\"og:locale\" content=\"lt_LT\" \/>\n<meta property=\"og:type\" content=\"article\" \/>\n<meta property=\"og:title\" content=\"Monge VetSolution Dog Gastrointestinal konservai jautriam vir\u0161kinimui 400g\" \/>\n<meta property=\"og:description\" content=\"Visavertis dietinis konservuotas pa\u0161aras, skirtas \u0161unims, turintiems sutrikus\u012f vir\u0161kinim\u0105. Praturtintas nukleotidais, ka\u0161tainiais ir ksilo-oligosacharidais (XOS), \u0161is lengvai vir\u0161kinamas pa\u0161aras padeda palaikyti vir\u0161kinimo trakto sveikat\u0105 ir \u017earnyno mikrobiotos balans\u0105. Su vienu gyv\u016bninio baltymo \u0161altiniu, u\u017etikrinan\u010diu auk\u0161t\u0105 tolerancij\u0105.\" \/>\n<meta property=\"og:url\" content=\"https:\/\/anivet.lt\/elparduotuve\/produktas\/monge-vetsolution-dog-gastrointestinal-konservai-jautriam-virskinimui-400-g\/\" \/>\n<meta property=\"og:site_name\" content=\"anivet.lt\" \/>\n<meta property=\"article:modified_time\" content=\"2026-04-01T04:36:40+00:00\" \/>\n<meta property=\"og:image\" content=\"https:\/\/anivet.lt\/elparduotuve\/wp-content\/uploads\/2024\/12\/Monge-VetSolution-Dog-Gastrointestinal-konservai-jautriam-virskinimui-400g.jpg\" \/>\n\t<meta property=\"og:image:width\" content=\"450\" \/>\n\t<meta property=\"og:image:height\" content=\"533\" \/>\n\t<meta property=\"og:image:type\" content=\"image\/jpeg\" \/>\n<meta name=\"twitter:card\" content=\"summary_large_image\" \/>\n<meta name=\"twitter:label1\" content=\"Est. reading time\" \/>\n\t<meta name=\"twitter:data1\" content=\"1 minut\u0117\" \/>\n<script type=\"application\/ld+json\" class=\"yoast-schema-graph\">{\"@context\":\"https:\\\/\\\/schema.org\",\"@graph\":[{\"@type\":\"WebPage\",\"@id\":\"https:\\\/\\\/anivet.lt\\\/elparduotuve\\\/produktas\\\/monge-vetsolution-dog-gastrointestinal-konservai-jautriam-virskinimui-400-g\\\/\",\"url\":\"https:\\\/\\\/anivet.lt\\\/elparduotuve\\\/produktas\\\/monge-vetsolution-dog-gastrointestinal-konservai-jautriam-virskinimui-400-g\\\/\",\"name\":\"Monge VetSolution Dog Gastrointestinal konservai jautriam vir\u0161kinimui 400g - anivet.lt\",\"isPartOf\":{\"@id\":\"https:\\\/\\\/anivet.lt\\\/elparduotuve\\\/#website\"},\"primaryImageOfPage\":{\"@id\":\"https:\\\/\\\/anivet.lt\\\/elparduotuve\\\/produktas\\\/monge-vetsolution-dog-gastrointestinal-konservai-jautriam-virskinimui-400-g\\\/#primaryimage\"},\"image\":{\"@id\":\"https:\\\/\\\/anivet.lt\\\/elparduotuve\\\/produktas\\\/monge-vetsolution-dog-gastrointestinal-konservai-jautriam-virskinimui-400-g\\\/#primaryimage\"},\"thumbnailUrl\":\"https:\\\/\\\/anivet.lt\\\/elparduotuve\\\/wp-content\\\/uploads\\\/2024\\\/12\\\/Monge-VetSolution-Dog-Gastrointestinal-konservai-jautriam-virskinimui-400g.jpg\",\"datePublished\":\"2024-12-14T11:44:59+00:00\",\"dateModified\":\"2026-04-01T04:36:40+00:00\",\"description\":\"Visavertis dietinis konservuotas pa\u0161aras, skirtas \u0161unims, turintiems sutrikus\u012f vir\u0161kinim\u0105. Praturtintas nukleotidais, ka\u0161tainiais ir ksilo-oligosacharidais (XOS), \u0161is lengvai vir\u0161kinamas pa\u0161aras padeda palaikyti vir\u0161kinimo trakto sveikat\u0105 ir \u017earnyno mikrobiotos balans\u0105. Su vienu gyv\u016bninio baltymo \u0161altiniu, u\u017etikrinan\u010diu auk\u0161t\u0105 tolerancij\u0105.\",\"breadcrumb\":{\"@id\":\"https:\\\/\\\/anivet.lt\\\/elparduotuve\\\/produktas\\\/monge-vetsolution-dog-gastrointestinal-konservai-jautriam-virskinimui-400-g\\\/#breadcrumb\"},\"inLanguage\":\"lt-LT\",\"potentialAction\":[{\"@type\":\"ReadAction\",\"target\":[\"https:\\\/\\\/anivet.lt\\\/elparduotuve\\\/produktas\\\/monge-vetsolution-dog-gastrointestinal-konservai-jautriam-virskinimui-400-g\\\/\"]}]},{\"@type\":\"ImageObject\",\"inLanguage\":\"lt-LT\",\"@id\":\"https:\\\/\\\/anivet.lt\\\/elparduotuve\\\/produktas\\\/monge-vetsolution-dog-gastrointestinal-konservai-jautriam-virskinimui-400-g\\\/#primaryimage\",\"url\":\"https:\\\/\\\/anivet.lt\\\/elparduotuve\\\/wp-content\\\/uploads\\\/2024\\\/12\\\/Monge-VetSolution-Dog-Gastrointestinal-konservai-jautriam-virskinimui-400g.jpg\",\"contentUrl\":\"https:\\\/\\\/anivet.lt\\\/elparduotuve\\\/wp-content\\\/uploads\\\/2024\\\/12\\\/Monge-VetSolution-Dog-Gastrointestinal-konservai-jautriam-virskinimui-400g.jpg\",\"width\":450,\"height\":533,\"caption\":\"Monge VetSolution Dog Gastrointestinal konservai jautriam vir\u0161kinimui 400g\"},{\"@type\":\"BreadcrumbList\",\"@id\":\"https:\\\/\\\/anivet.lt\\\/elparduotuve\\\/produktas\\\/monge-vetsolution-dog-gastrointestinal-konservai-jautriam-virskinimui-400-g\\\/#breadcrumb\",\"itemListElement\":[{\"@type\":\"ListItem\",\"position\":1,\"name\":\"Home\",\"item\":\"https:\\\/\\\/anivet.lt\\\/elparduotuve\\\/\"},{\"@type\":\"ListItem\",\"position\":2,\"name\":\"Produktai\",\"item\":\"https:\\\/\\\/anivet.lt\\\/elparduotuve\\\/produktai\\\/\"},{\"@type\":\"ListItem\",\"position\":3,\"name\":\"Monge VetSolution Dog Gastrointestinal konservai jautriam vir\u0161kinimui 400g\"}]},{\"@type\":\"WebSite\",\"@id\":\"https:\\\/\\\/anivet.lt\\\/elparduotuve\\\/#website\",\"url\":\"https:\\\/\\\/anivet.lt\\\/elparduotuve\\\/\",\"name\":\"anivet.lt\",\"description\":\"Viskas J\u016bs\u0173 \u0161uns, kat\u0117s prie\u017ei\u016brai\",\"publisher\":{\"@id\":\"https:\\\/\\\/anivet.lt\\\/elparduotuve\\\/#organization\"},\"alternateName\":\"Viskas J\u016bs\u0173 \u0161uns, kat\u0117s prie\u017ei\u016brai\",\"potentialAction\":[{\"@type\":\"SearchAction\",\"target\":{\"@type\":\"EntryPoint\",\"urlTemplate\":\"https:\\\/\\\/anivet.lt\\\/elparduotuve\\\/?s={search_term_string}\"},\"query-input\":{\"@type\":\"PropertyValueSpecification\",\"valueRequired\":true,\"valueName\":\"search_term_string\"}}],\"inLanguage\":\"lt-LT\"},{\"@type\":\"Organization\",\"@id\":\"https:\\\/\\\/anivet.lt\\\/elparduotuve\\\/#organization\",\"name\":\"Viskas J\u016bs\u0173 \u0161uns, kat\u0117s prie\u017ei\u016brai\",\"url\":\"https:\\\/\\\/anivet.lt\\\/elparduotuve\\\/\",\"logo\":{\"@type\":\"ImageObject\",\"inLanguage\":\"lt-LT\",\"@id\":\"https:\\\/\\\/anivet.lt\\\/elparduotuve\\\/#\\\/schema\\\/logo\\\/image\\\/\",\"url\":\"https:\\\/\\\/anivet.lt\\\/elparduotuve\\\/wp-content\\\/uploads\\\/2023\\\/06\\\/logo2.jpg\",\"contentUrl\":\"https:\\\/\\\/anivet.lt\\\/elparduotuve\\\/wp-content\\\/uploads\\\/2023\\\/06\\\/logo2.jpg\",\"width\":655,\"height\":194,\"caption\":\"Viskas J\u016bs\u0173 \u0161uns, kat\u0117s prie\u017ei\u016brai\"},\"image\":{\"@id\":\"https:\\\/\\\/anivet.lt\\\/elparduotuve\\\/#\\\/schema\\\/logo\\\/image\\\/\"}}]}<\/script>\n<!-- \/ Yoast SEO Premium plugin. -->","yoast_head_json":{"title":"Monge VetSolution Dog Gastrointestinal konservai jautriam vir\u0161kinimui 400g - anivet.lt","description":"Visavertis dietinis konservuotas pa\u0161aras, skirtas \u0161unims, turintiems sutrikus\u012f vir\u0161kinim\u0105. Praturtintas nukleotidais, ka\u0161tainiais ir ksilo-oligosacharidais (XOS), \u0161is lengvai vir\u0161kinamas pa\u0161aras padeda palaikyti vir\u0161kinimo trakto sveikat\u0105 ir \u017earnyno mikrobiotos balans\u0105. Su vienu gyv\u016bninio baltymo \u0161altiniu, u\u017etikrinan\u010diu auk\u0161t\u0105 tolerancij\u0105.","robots":{"index":"index","follow":"follow","max-snippet":"max-snippet:-1","max-image-preview":"max-image-preview:large","max-video-preview":"max-video-preview:-1"},"canonical":"https:\/\/anivet.lt\/elparduotuve\/produktas\/monge-vetsolution-dog-gastrointestinal-konservai-jautriam-virskinimui-400-g\/","og_locale":"lt_LT","og_type":"article","og_title":"Monge VetSolution Dog Gastrointestinal konservai jautriam vir\u0161kinimui 400g","og_description":"Visavertis dietinis konservuotas pa\u0161aras, skirtas \u0161unims, turintiems sutrikus\u012f vir\u0161kinim\u0105. Praturtintas nukleotidais, ka\u0161tainiais ir ksilo-oligosacharidais (XOS), \u0161is lengvai vir\u0161kinamas pa\u0161aras padeda palaikyti vir\u0161kinimo trakto sveikat\u0105 ir \u017earnyno mikrobiotos balans\u0105. Su vienu gyv\u016bninio baltymo \u0161altiniu, u\u017etikrinan\u010diu auk\u0161t\u0105 tolerancij\u0105.","og_url":"https:\/\/anivet.lt\/elparduotuve\/produktas\/monge-vetsolution-dog-gastrointestinal-konservai-jautriam-virskinimui-400-g\/","og_site_name":"anivet.lt","article_modified_time":"2026-04-01T04:36:40+00:00","og_image":[{"width":450,"height":533,"url":"https:\/\/anivet.lt\/elparduotuve\/wp-content\/uploads\/2024\/12\/Monge-VetSolution-Dog-Gastrointestinal-konservai-jautriam-virskinimui-400g.jpg","type":"image\/jpeg"}],"twitter_card":"summary_large_image","twitter_misc":{"Est. reading time":"1 minut\u0117"},"schema":{"@context":"https:\/\/schema.org","@graph":[{"@type":"WebPage","@id":"https:\/\/anivet.lt\/elparduotuve\/produktas\/monge-vetsolution-dog-gastrointestinal-konservai-jautriam-virskinimui-400-g\/","url":"https:\/\/anivet.lt\/elparduotuve\/produktas\/monge-vetsolution-dog-gastrointestinal-konservai-jautriam-virskinimui-400-g\/","name":"Monge VetSolution Dog Gastrointestinal konservai jautriam vir\u0161kinimui 400g - anivet.lt","isPartOf":{"@id":"https:\/\/anivet.lt\/elparduotuve\/#website"},"primaryImageOfPage":{"@id":"https:\/\/anivet.lt\/elparduotuve\/produktas\/monge-vetsolution-dog-gastrointestinal-konservai-jautriam-virskinimui-400-g\/#primaryimage"},"image":{"@id":"https:\/\/anivet.lt\/elparduotuve\/produktas\/monge-vetsolution-dog-gastrointestinal-konservai-jautriam-virskinimui-400-g\/#primaryimage"},"thumbnailUrl":"https:\/\/anivet.lt\/elparduotuve\/wp-content\/uploads\/2024\/12\/Monge-VetSolution-Dog-Gastrointestinal-konservai-jautriam-virskinimui-400g.jpg","datePublished":"2024-12-14T11:44:59+00:00","dateModified":"2026-04-01T04:36:40+00:00","description":"Visavertis dietinis konservuotas pa\u0161aras, skirtas \u0161unims, turintiems sutrikus\u012f vir\u0161kinim\u0105. Praturtintas nukleotidais, ka\u0161tainiais ir ksilo-oligosacharidais (XOS), \u0161is lengvai vir\u0161kinamas pa\u0161aras padeda palaikyti vir\u0161kinimo trakto sveikat\u0105 ir \u017earnyno mikrobiotos balans\u0105. Su vienu gyv\u016bninio baltymo \u0161altiniu, u\u017etikrinan\u010diu auk\u0161t\u0105 tolerancij\u0105.","breadcrumb":{"@id":"https:\/\/anivet.lt\/elparduotuve\/produktas\/monge-vetsolution-dog-gastrointestinal-konservai-jautriam-virskinimui-400-g\/#breadcrumb"},"inLanguage":"lt-LT","potentialAction":[{"@type":"ReadAction","target":["https:\/\/anivet.lt\/elparduotuve\/produktas\/monge-vetsolution-dog-gastrointestinal-konservai-jautriam-virskinimui-400-g\/"]}]},{"@type":"ImageObject","inLanguage":"lt-LT","@id":"https:\/\/anivet.lt\/elparduotuve\/produktas\/monge-vetsolution-dog-gastrointestinal-konservai-jautriam-virskinimui-400-g\/#primaryimage","url":"https:\/\/anivet.lt\/elparduotuve\/wp-content\/uploads\/2024\/12\/Monge-VetSolution-Dog-Gastrointestinal-konservai-jautriam-virskinimui-400g.jpg","contentUrl":"https:\/\/anivet.lt\/elparduotuve\/wp-content\/uploads\/2024\/12\/Monge-VetSolution-Dog-Gastrointestinal-konservai-jautriam-virskinimui-400g.jpg","width":450,"height":533,"caption":"Monge VetSolution Dog Gastrointestinal konservai jautriam vir\u0161kinimui 400g"},{"@type":"BreadcrumbList","@id":"https:\/\/anivet.lt\/elparduotuve\/produktas\/monge-vetsolution-dog-gastrointestinal-konservai-jautriam-virskinimui-400-g\/#breadcrumb","itemListElement":[{"@type":"ListItem","position":1,"name":"Home","item":"https:\/\/anivet.lt\/elparduotuve\/"},{"@type":"ListItem","position":2,"name":"Produktai","item":"https:\/\/anivet.lt\/elparduotuve\/produktai\/"},{"@type":"ListItem","position":3,"name":"Monge VetSolution Dog Gastrointestinal konservai jautriam vir\u0161kinimui 400g"}]},{"@type":"WebSite","@id":"https:\/\/anivet.lt\/elparduotuve\/#website","url":"https:\/\/anivet.lt\/elparduotuve\/","name":"anivet.lt","description":"Viskas J\u016bs\u0173 \u0161uns, kat\u0117s prie\u017ei\u016brai","publisher":{"@id":"https:\/\/anivet.lt\/elparduotuve\/#organization"},"alternateName":"Viskas J\u016bs\u0173 \u0161uns, kat\u0117s prie\u017ei\u016brai","potentialAction":[{"@type":"SearchAction","target":{"@type":"EntryPoint","urlTemplate":"https:\/\/anivet.lt\/elparduotuve\/?s={search_term_string}"},"query-input":{"@type":"PropertyValueSpecification","valueRequired":true,"valueName":"search_term_string"}}],"inLanguage":"lt-LT"},{"@type":"Organization","@id":"https:\/\/anivet.lt\/elparduotuve\/#organization","name":"Viskas J\u016bs\u0173 \u0161uns, kat\u0117s prie\u017ei\u016brai","url":"https:\/\/anivet.lt\/elparduotuve\/","logo":{"@type":"ImageObject","inLanguage":"lt-LT","@id":"https:\/\/anivet.lt\/elparduotuve\/#\/schema\/logo\/image\/","url":"https:\/\/anivet.lt\/elparduotuve\/wp-content\/uploads\/2023\/06\/logo2.jpg","contentUrl":"https:\/\/anivet.lt\/elparduotuve\/wp-content\/uploads\/2023\/06\/logo2.jpg","width":655,"height":194,"caption":"Viskas J\u016bs\u0173 \u0161uns, kat\u0117s prie\u017ei\u016brai"},"image":{"@id":"https:\/\/anivet.lt\/elparduotuve\/#\/schema\/logo\/image\/"}}]}},"_links":{"self":[{"href":"https:\/\/anivet.lt\/elparduotuve\/wp-json\/wp\/v2\/product\/15504","targetHints":{"allow":["GET"]}}],"collection":[{"href":"https:\/\/anivet.lt\/elparduotuve\/wp-json\/wp\/v2\/product"}],"about":[{"href":"https:\/\/anivet.lt\/elparduotuve\/wp-json\/wp\/v2\/types\/product"}],"wp:featuredmedia":[{"embeddable":true,"href":"https:\/\/anivet.lt\/elparduotuve\/wp-json\/wp\/v2\/media\/20424"}],"wp:attachment":[{"href":"https:\/\/anivet.lt\/elparduotuve\/wp-json\/wp\/v2\/media?parent=15504"}],"wp:term":[{"taxonomy":"product_brand","embeddable":true,"href":"https:\/\/anivet.lt\/elparduotuve\/wp-json\/wp\/v2\/product_brand?post=15504"},{"taxonomy":"product_cat","embeddable":true,"href":"https:\/\/anivet.lt\/elparduotuve\/wp-json\/wp\/v2\/product_cat?post=15504"},{"taxonomy":"product_tag","embeddable":true,"href":"https:\/\/anivet.lt\/elparduotuve\/wp-json\/wp\/v2\/product_tag?post=15504"}],"curies":[{"name":"wp","href":"https:\/\/api.w.org\/{rel}","templated":true}]}}