{"id":15510,"date":"2024-12-14T12:09:06","date_gmt":"2024-12-14T12:09:06","guid":{"rendered":"https:\/\/anivet.lt\/elparduotuve\/?post_type=product&#038;p=15510"},"modified":"2026-04-01T04:36:14","modified_gmt":"2026-04-01T04:36:14","slug":"monge-vetsolution-dog-dermatosis-dietiniai-konservai-sunims-7x150-g","status":"publish","type":"product","link":"https:\/\/anivet.lt\/elparduotuve\/produktas\/monge-vetsolution-dog-dermatosis-dietiniai-konservai-sunims-7x150-g\/","title":{"rendered":"Monge VetSolution Dog Dermatosis dietiniai konservai \u0161unims 7x150g"},"content":{"rendered":"<ul>\n<li><span style=\"font-weight: 400;\">Odos funkcijos palaikymas: Alavijo ekstraktas (0,01%) dr\u0117kina od\u0105 ir skatina jos regeneracij\u0105.<\/span><\/li>\n<li style=\"font-weight: 400;\" aria-level=\"1\"><span style=\"font-weight: 400;\">Plauk\u0173 slinkimo ma\u017einimas: Subalansuota formul\u0117 su omega riebal\u0173 r\u016bg\u0161timis ir linolo r\u016bg\u0161timi (0,8%) gerina kailio b\u016bkl\u0119.<\/span><\/li>\n<li style=\"font-weight: 400;\" aria-level=\"1\"><span style=\"font-weight: 400;\">Imunin\u0117s sistemos stiprinimas: Nukleotidai (1%) stiprina organizmo atsparum\u0105 ir padeda kovoti su odos problemomis.<\/span><\/li>\n<li style=\"font-weight: 400;\" aria-level=\"1\"><span style=\"font-weight: 400;\">\u017darnyno sveikata: Ksilo-oligosacharidai (XOS) palaiko sveik\u0105 vir\u0161kinim\u0105 ir gerina \u017earnyno floros balans\u0105.<\/span><\/li>\n<li style=\"font-weight: 400;\" aria-level=\"1\"><span style=\"font-weight: 400;\">Auk\u0161tos kokyb\u0117s ingredientai: Kiaulienos kepenys ir la\u0161i\u0161\u0173 aliejus (99,5%) u\u017etikrina nat\u016brali\u0173 baltym\u0173 ir b\u016btin\u0173 maistini\u0173 med\u017eiag\u0173 tiekim\u0105.<\/span><\/li>\n<\/ul>\n<p><span style=\"font-weight: 400;\">\u201eMonge VetSolution Dog Dermatosis\u201d konservai \u2013 puikus pasirinkimas \u0161unims, kuriems reikalinga speciali mityba odos ir kailio sveikatai palaikyti. \u0160is pa\u0161aras u\u017etikrina subalansuot\u0105 mityb\u0105 ir padeda spr\u0119sti odos problemas, suteikiant j\u016bs\u0173 augintiniui ger\u0105 savijaut\u0105 ir spindint\u012f kail\u012f.<\/span><\/p>\n","protected":false},"excerpt":{"rendered":"<p><span style=\"font-weight: 400;\">Visavertis dietinis konservuotas pa\u0161aras, skirtas \u0161unims, turintiems odos problem\u0173, toki\u0173 kaip dermatoz\u0117 ar pernelyg didelis plauk\u0173 slinkimas. Pa\u0161aras praturtintas nukleotidais, alavijo ekstraktu ir ksilo-oligosacharidais (XOS), u\u017etikrinan\u010diais odos sveikatos palaikym\u0105 ir \u017earnyno mikrobiotos balans\u0105.<\/span><\/p>\n","protected":false},"featured_media":20419,"template":"","meta":[],"product_brand":[],"product_cat":[101,103,107,318],"product_tag":[],"class_list":{"0":"post-15510","1":"product","2":"type-product","3":"status-publish","4":"has-post-thumbnail","6":"product_cat-sunims","7":"product_cat-sunu-maistas","8":"product_cat-veterinarine-dieta","9":"product_cat-monge-sunu-maistas","10":"pa_prekinis-zenklas-monge","12":"first","13":"instock","14":"taxable","15":"shipping-taxable","16":"purchasable","17":"product-type-simple"},"yoast_head":"<!-- This site is optimized with the Yoast SEO Premium plugin v27.1 (Yoast SEO v27.5) - https:\/\/yoast.com\/product\/yoast-seo-premium-wordpress\/ -->\n<title>Monge VetSolution Dog Dermatosis dietiniai konservai \u0161unims 7x150g - anivet.lt<\/title>\n<meta name=\"description\" content=\"Visavertis dietinis konservuotas pa\u0161aras, skirtas \u0161unims, turintiems odos problem\u0173, toki\u0173 kaip dermatoz\u0117 ar pernelyg didelis plauk\u0173 slinkimas. Pa\u0161aras praturtintas nukleotidais, alavijo ekstraktu ir ksilo-oligosacharidais (XOS), u\u017etikrinan\u010diais odos sveikatos palaikym\u0105 ir \u017earnyno mikrobiotos balans\u0105.\" \/>\n<meta name=\"robots\" content=\"index, follow, max-snippet:-1, max-image-preview:large, max-video-preview:-1\" \/>\n<link rel=\"canonical\" href=\"https:\/\/anivet.lt\/elparduotuve\/produktas\/monge-vetsolution-dog-dermatosis-dietiniai-konservai-sunims-7x150-g\/\" \/>\n<meta property=\"og:locale\" content=\"lt_LT\" \/>\n<meta property=\"og:type\" content=\"article\" \/>\n<meta property=\"og:title\" content=\"Monge VetSolution Dog Dermatosis dietiniai konservai \u0161unims 7x150g\" \/>\n<meta property=\"og:description\" content=\"Visavertis dietinis konservuotas pa\u0161aras, skirtas \u0161unims, turintiems odos problem\u0173, toki\u0173 kaip dermatoz\u0117 ar pernelyg didelis plauk\u0173 slinkimas. Pa\u0161aras praturtintas nukleotidais, alavijo ekstraktu ir ksilo-oligosacharidais (XOS), u\u017etikrinan\u010diais odos sveikatos palaikym\u0105 ir \u017earnyno mikrobiotos balans\u0105.\" \/>\n<meta property=\"og:url\" content=\"https:\/\/anivet.lt\/elparduotuve\/produktas\/monge-vetsolution-dog-dermatosis-dietiniai-konservai-sunims-7x150-g\/\" \/>\n<meta property=\"og:site_name\" content=\"anivet.lt\" \/>\n<meta property=\"article:modified_time\" content=\"2026-04-01T04:36:14+00:00\" \/>\n<meta property=\"og:image\" content=\"https:\/\/anivet.lt\/elparduotuve\/wp-content\/uploads\/2024\/12\/Monge-VetSolution-Dog-Dermatosis-dietiniai-konservai-sunims-7x150g.jpg\" \/>\n\t<meta property=\"og:image:width\" content=\"450\" \/>\n\t<meta property=\"og:image:height\" content=\"463\" \/>\n\t<meta property=\"og:image:type\" content=\"image\/jpeg\" \/>\n<meta name=\"twitter:card\" content=\"summary_large_image\" \/>\n<meta name=\"twitter:label1\" content=\"Est. reading time\" \/>\n\t<meta name=\"twitter:data1\" content=\"1 minut\u0117\" \/>\n<script type=\"application\/ld+json\" class=\"yoast-schema-graph\">{\"@context\":\"https:\\\/\\\/schema.org\",\"@graph\":[{\"@type\":\"WebPage\",\"@id\":\"https:\\\/\\\/anivet.lt\\\/elparduotuve\\\/produktas\\\/monge-vetsolution-dog-dermatosis-dietiniai-konservai-sunims-7x150-g\\\/\",\"url\":\"https:\\\/\\\/anivet.lt\\\/elparduotuve\\\/produktas\\\/monge-vetsolution-dog-dermatosis-dietiniai-konservai-sunims-7x150-g\\\/\",\"name\":\"Monge VetSolution Dog Dermatosis dietiniai konservai \u0161unims 7x150g - anivet.lt\",\"isPartOf\":{\"@id\":\"https:\\\/\\\/anivet.lt\\\/elparduotuve\\\/#website\"},\"primaryImageOfPage\":{\"@id\":\"https:\\\/\\\/anivet.lt\\\/elparduotuve\\\/produktas\\\/monge-vetsolution-dog-dermatosis-dietiniai-konservai-sunims-7x150-g\\\/#primaryimage\"},\"image\":{\"@id\":\"https:\\\/\\\/anivet.lt\\\/elparduotuve\\\/produktas\\\/monge-vetsolution-dog-dermatosis-dietiniai-konservai-sunims-7x150-g\\\/#primaryimage\"},\"thumbnailUrl\":\"https:\\\/\\\/anivet.lt\\\/elparduotuve\\\/wp-content\\\/uploads\\\/2024\\\/12\\\/Monge-VetSolution-Dog-Dermatosis-dietiniai-konservai-sunims-7x150g.jpg\",\"datePublished\":\"2024-12-14T12:09:06+00:00\",\"dateModified\":\"2026-04-01T04:36:14+00:00\",\"description\":\"Visavertis dietinis konservuotas pa\u0161aras, skirtas \u0161unims, turintiems odos problem\u0173, toki\u0173 kaip dermatoz\u0117 ar pernelyg didelis plauk\u0173 slinkimas. Pa\u0161aras praturtintas nukleotidais, alavijo ekstraktu ir ksilo-oligosacharidais (XOS), u\u017etikrinan\u010diais odos sveikatos palaikym\u0105 ir \u017earnyno mikrobiotos balans\u0105.\",\"breadcrumb\":{\"@id\":\"https:\\\/\\\/anivet.lt\\\/elparduotuve\\\/produktas\\\/monge-vetsolution-dog-dermatosis-dietiniai-konservai-sunims-7x150-g\\\/#breadcrumb\"},\"inLanguage\":\"lt-LT\",\"potentialAction\":[{\"@type\":\"ReadAction\",\"target\":[\"https:\\\/\\\/anivet.lt\\\/elparduotuve\\\/produktas\\\/monge-vetsolution-dog-dermatosis-dietiniai-konservai-sunims-7x150-g\\\/\"]}]},{\"@type\":\"ImageObject\",\"inLanguage\":\"lt-LT\",\"@id\":\"https:\\\/\\\/anivet.lt\\\/elparduotuve\\\/produktas\\\/monge-vetsolution-dog-dermatosis-dietiniai-konservai-sunims-7x150-g\\\/#primaryimage\",\"url\":\"https:\\\/\\\/anivet.lt\\\/elparduotuve\\\/wp-content\\\/uploads\\\/2024\\\/12\\\/Monge-VetSolution-Dog-Dermatosis-dietiniai-konservai-sunims-7x150g.jpg\",\"contentUrl\":\"https:\\\/\\\/anivet.lt\\\/elparduotuve\\\/wp-content\\\/uploads\\\/2024\\\/12\\\/Monge-VetSolution-Dog-Dermatosis-dietiniai-konservai-sunims-7x150g.jpg\",\"width\":450,\"height\":463,\"caption\":\"Monge VetSolution Dog Dermatosis dietiniai konservai \u0161unims 7x150g\"},{\"@type\":\"BreadcrumbList\",\"@id\":\"https:\\\/\\\/anivet.lt\\\/elparduotuve\\\/produktas\\\/monge-vetsolution-dog-dermatosis-dietiniai-konservai-sunims-7x150-g\\\/#breadcrumb\",\"itemListElement\":[{\"@type\":\"ListItem\",\"position\":1,\"name\":\"Home\",\"item\":\"https:\\\/\\\/anivet.lt\\\/elparduotuve\\\/\"},{\"@type\":\"ListItem\",\"position\":2,\"name\":\"Produktai\",\"item\":\"https:\\\/\\\/anivet.lt\\\/elparduotuve\\\/produktai\\\/\"},{\"@type\":\"ListItem\",\"position\":3,\"name\":\"Monge VetSolution Dog Dermatosis dietiniai konservai \u0161unims 7x150g\"}]},{\"@type\":\"WebSite\",\"@id\":\"https:\\\/\\\/anivet.lt\\\/elparduotuve\\\/#website\",\"url\":\"https:\\\/\\\/anivet.lt\\\/elparduotuve\\\/\",\"name\":\"anivet.lt\",\"description\":\"Viskas J\u016bs\u0173 \u0161uns, kat\u0117s prie\u017ei\u016brai\",\"publisher\":{\"@id\":\"https:\\\/\\\/anivet.lt\\\/elparduotuve\\\/#organization\"},\"alternateName\":\"Viskas J\u016bs\u0173 \u0161uns, kat\u0117s prie\u017ei\u016brai\",\"potentialAction\":[{\"@type\":\"SearchAction\",\"target\":{\"@type\":\"EntryPoint\",\"urlTemplate\":\"https:\\\/\\\/anivet.lt\\\/elparduotuve\\\/?s={search_term_string}\"},\"query-input\":{\"@type\":\"PropertyValueSpecification\",\"valueRequired\":true,\"valueName\":\"search_term_string\"}}],\"inLanguage\":\"lt-LT\"},{\"@type\":\"Organization\",\"@id\":\"https:\\\/\\\/anivet.lt\\\/elparduotuve\\\/#organization\",\"name\":\"Viskas J\u016bs\u0173 \u0161uns, kat\u0117s prie\u017ei\u016brai\",\"url\":\"https:\\\/\\\/anivet.lt\\\/elparduotuve\\\/\",\"logo\":{\"@type\":\"ImageObject\",\"inLanguage\":\"lt-LT\",\"@id\":\"https:\\\/\\\/anivet.lt\\\/elparduotuve\\\/#\\\/schema\\\/logo\\\/image\\\/\",\"url\":\"https:\\\/\\\/anivet.lt\\\/elparduotuve\\\/wp-content\\\/uploads\\\/2023\\\/06\\\/logo2.jpg\",\"contentUrl\":\"https:\\\/\\\/anivet.lt\\\/elparduotuve\\\/wp-content\\\/uploads\\\/2023\\\/06\\\/logo2.jpg\",\"width\":655,\"height\":194,\"caption\":\"Viskas J\u016bs\u0173 \u0161uns, kat\u0117s prie\u017ei\u016brai\"},\"image\":{\"@id\":\"https:\\\/\\\/anivet.lt\\\/elparduotuve\\\/#\\\/schema\\\/logo\\\/image\\\/\"}}]}<\/script>\n<!-- \/ Yoast SEO Premium plugin. -->","yoast_head_json":{"title":"Monge VetSolution Dog Dermatosis dietiniai konservai \u0161unims 7x150g - anivet.lt","description":"Visavertis dietinis konservuotas pa\u0161aras, skirtas \u0161unims, turintiems odos problem\u0173, toki\u0173 kaip dermatoz\u0117 ar pernelyg didelis plauk\u0173 slinkimas. Pa\u0161aras praturtintas nukleotidais, alavijo ekstraktu ir ksilo-oligosacharidais (XOS), u\u017etikrinan\u010diais odos sveikatos palaikym\u0105 ir \u017earnyno mikrobiotos balans\u0105.","robots":{"index":"index","follow":"follow","max-snippet":"max-snippet:-1","max-image-preview":"max-image-preview:large","max-video-preview":"max-video-preview:-1"},"canonical":"https:\/\/anivet.lt\/elparduotuve\/produktas\/monge-vetsolution-dog-dermatosis-dietiniai-konservai-sunims-7x150-g\/","og_locale":"lt_LT","og_type":"article","og_title":"Monge VetSolution Dog Dermatosis dietiniai konservai \u0161unims 7x150g","og_description":"Visavertis dietinis konservuotas pa\u0161aras, skirtas \u0161unims, turintiems odos problem\u0173, toki\u0173 kaip dermatoz\u0117 ar pernelyg didelis plauk\u0173 slinkimas. Pa\u0161aras praturtintas nukleotidais, alavijo ekstraktu ir ksilo-oligosacharidais (XOS), u\u017etikrinan\u010diais odos sveikatos palaikym\u0105 ir \u017earnyno mikrobiotos balans\u0105.","og_url":"https:\/\/anivet.lt\/elparduotuve\/produktas\/monge-vetsolution-dog-dermatosis-dietiniai-konservai-sunims-7x150-g\/","og_site_name":"anivet.lt","article_modified_time":"2026-04-01T04:36:14+00:00","og_image":[{"width":450,"height":463,"url":"https:\/\/anivet.lt\/elparduotuve\/wp-content\/uploads\/2024\/12\/Monge-VetSolution-Dog-Dermatosis-dietiniai-konservai-sunims-7x150g.jpg","type":"image\/jpeg"}],"twitter_card":"summary_large_image","twitter_misc":{"Est. reading time":"1 minut\u0117"},"schema":{"@context":"https:\/\/schema.org","@graph":[{"@type":"WebPage","@id":"https:\/\/anivet.lt\/elparduotuve\/produktas\/monge-vetsolution-dog-dermatosis-dietiniai-konservai-sunims-7x150-g\/","url":"https:\/\/anivet.lt\/elparduotuve\/produktas\/monge-vetsolution-dog-dermatosis-dietiniai-konservai-sunims-7x150-g\/","name":"Monge VetSolution Dog Dermatosis dietiniai konservai \u0161unims 7x150g - anivet.lt","isPartOf":{"@id":"https:\/\/anivet.lt\/elparduotuve\/#website"},"primaryImageOfPage":{"@id":"https:\/\/anivet.lt\/elparduotuve\/produktas\/monge-vetsolution-dog-dermatosis-dietiniai-konservai-sunims-7x150-g\/#primaryimage"},"image":{"@id":"https:\/\/anivet.lt\/elparduotuve\/produktas\/monge-vetsolution-dog-dermatosis-dietiniai-konservai-sunims-7x150-g\/#primaryimage"},"thumbnailUrl":"https:\/\/anivet.lt\/elparduotuve\/wp-content\/uploads\/2024\/12\/Monge-VetSolution-Dog-Dermatosis-dietiniai-konservai-sunims-7x150g.jpg","datePublished":"2024-12-14T12:09:06+00:00","dateModified":"2026-04-01T04:36:14+00:00","description":"Visavertis dietinis konservuotas pa\u0161aras, skirtas \u0161unims, turintiems odos problem\u0173, toki\u0173 kaip dermatoz\u0117 ar pernelyg didelis plauk\u0173 slinkimas. Pa\u0161aras praturtintas nukleotidais, alavijo ekstraktu ir ksilo-oligosacharidais (XOS), u\u017etikrinan\u010diais odos sveikatos palaikym\u0105 ir \u017earnyno mikrobiotos balans\u0105.","breadcrumb":{"@id":"https:\/\/anivet.lt\/elparduotuve\/produktas\/monge-vetsolution-dog-dermatosis-dietiniai-konservai-sunims-7x150-g\/#breadcrumb"},"inLanguage":"lt-LT","potentialAction":[{"@type":"ReadAction","target":["https:\/\/anivet.lt\/elparduotuve\/produktas\/monge-vetsolution-dog-dermatosis-dietiniai-konservai-sunims-7x150-g\/"]}]},{"@type":"ImageObject","inLanguage":"lt-LT","@id":"https:\/\/anivet.lt\/elparduotuve\/produktas\/monge-vetsolution-dog-dermatosis-dietiniai-konservai-sunims-7x150-g\/#primaryimage","url":"https:\/\/anivet.lt\/elparduotuve\/wp-content\/uploads\/2024\/12\/Monge-VetSolution-Dog-Dermatosis-dietiniai-konservai-sunims-7x150g.jpg","contentUrl":"https:\/\/anivet.lt\/elparduotuve\/wp-content\/uploads\/2024\/12\/Monge-VetSolution-Dog-Dermatosis-dietiniai-konservai-sunims-7x150g.jpg","width":450,"height":463,"caption":"Monge VetSolution Dog Dermatosis dietiniai konservai \u0161unims 7x150g"},{"@type":"BreadcrumbList","@id":"https:\/\/anivet.lt\/elparduotuve\/produktas\/monge-vetsolution-dog-dermatosis-dietiniai-konservai-sunims-7x150-g\/#breadcrumb","itemListElement":[{"@type":"ListItem","position":1,"name":"Home","item":"https:\/\/anivet.lt\/elparduotuve\/"},{"@type":"ListItem","position":2,"name":"Produktai","item":"https:\/\/anivet.lt\/elparduotuve\/produktai\/"},{"@type":"ListItem","position":3,"name":"Monge VetSolution Dog Dermatosis dietiniai konservai \u0161unims 7x150g"}]},{"@type":"WebSite","@id":"https:\/\/anivet.lt\/elparduotuve\/#website","url":"https:\/\/anivet.lt\/elparduotuve\/","name":"anivet.lt","description":"Viskas J\u016bs\u0173 \u0161uns, kat\u0117s prie\u017ei\u016brai","publisher":{"@id":"https:\/\/anivet.lt\/elparduotuve\/#organization"},"alternateName":"Viskas J\u016bs\u0173 \u0161uns, kat\u0117s prie\u017ei\u016brai","potentialAction":[{"@type":"SearchAction","target":{"@type":"EntryPoint","urlTemplate":"https:\/\/anivet.lt\/elparduotuve\/?s={search_term_string}"},"query-input":{"@type":"PropertyValueSpecification","valueRequired":true,"valueName":"search_term_string"}}],"inLanguage":"lt-LT"},{"@type":"Organization","@id":"https:\/\/anivet.lt\/elparduotuve\/#organization","name":"Viskas J\u016bs\u0173 \u0161uns, kat\u0117s prie\u017ei\u016brai","url":"https:\/\/anivet.lt\/elparduotuve\/","logo":{"@type":"ImageObject","inLanguage":"lt-LT","@id":"https:\/\/anivet.lt\/elparduotuve\/#\/schema\/logo\/image\/","url":"https:\/\/anivet.lt\/elparduotuve\/wp-content\/uploads\/2023\/06\/logo2.jpg","contentUrl":"https:\/\/anivet.lt\/elparduotuve\/wp-content\/uploads\/2023\/06\/logo2.jpg","width":655,"height":194,"caption":"Viskas J\u016bs\u0173 \u0161uns, kat\u0117s prie\u017ei\u016brai"},"image":{"@id":"https:\/\/anivet.lt\/elparduotuve\/#\/schema\/logo\/image\/"}}]}},"_links":{"self":[{"href":"https:\/\/anivet.lt\/elparduotuve\/wp-json\/wp\/v2\/product\/15510","targetHints":{"allow":["GET"]}}],"collection":[{"href":"https:\/\/anivet.lt\/elparduotuve\/wp-json\/wp\/v2\/product"}],"about":[{"href":"https:\/\/anivet.lt\/elparduotuve\/wp-json\/wp\/v2\/types\/product"}],"wp:featuredmedia":[{"embeddable":true,"href":"https:\/\/anivet.lt\/elparduotuve\/wp-json\/wp\/v2\/media\/20419"}],"wp:attachment":[{"href":"https:\/\/anivet.lt\/elparduotuve\/wp-json\/wp\/v2\/media?parent=15510"}],"wp:term":[{"taxonomy":"product_brand","embeddable":true,"href":"https:\/\/anivet.lt\/elparduotuve\/wp-json\/wp\/v2\/product_brand?post=15510"},{"taxonomy":"product_cat","embeddable":true,"href":"https:\/\/anivet.lt\/elparduotuve\/wp-json\/wp\/v2\/product_cat?post=15510"},{"taxonomy":"product_tag","embeddable":true,"href":"https:\/\/anivet.lt\/elparduotuve\/wp-json\/wp\/v2\/product_tag?post=15510"}],"curies":[{"name":"wp","href":"https:\/\/api.w.org\/{rel}","templated":true}]}}