{"id":15537,"date":"2024-12-16T08:46:25","date_gmt":"2024-12-16T08:46:25","guid":{"rendered":"https:\/\/anivet.lt\/elparduotuve\/?post_type=product&#038;p=15537"},"modified":"2026-04-09T10:24:51","modified_gmt":"2026-04-09T10:24:51","slug":"monge-vetsolution-cat-urinary-struvite-slapimo-sistemai","status":"publish","type":"product","link":"https:\/\/anivet.lt\/elparduotuve\/produktas\/monge-vetsolution-cat-urinary-struvite-slapimo-sistemai\/","title":{"rendered":"Monge VetSolution Cat Urinary Struvite \u0161lapimo sistemai"},"content":{"rendered":"<p><span style=\"font-weight: 400;\">Visavertis dietinis pa\u0161aras, skirtas pad\u0117ti i\u0161tirpinti struvitinius akmenis, suma\u017einti j\u0173 pasikartojimo rizik\u0105 ir valdyti ka\u010di\u0173 urologin\u012f sindrom\u0105 (FUS). \u0160is pa\u0161aras praturtintas melion\u0173 sul\u010di\u0173 koncentratu, spanguol\u0117mis ir ksilo-oligosacharidais (XOS), palaikan\u010diais sveikus \u0161lapimo takus ir \u017earnyno mikrobiot\u0105.<\/span><\/p>\n<ul>\n<li style=\"font-weight: 400;\" aria-level=\"1\"><span style=\"font-weight: 400;\">Struvit\u0173 akmen\u0173 valdymas: \u0160lapim\u0105 r\u016bg\u0161tinan\u010dios med\u017eiagos (amonio chloridas 0,2% ir kalio chloridas 0,4%) bei ma\u017eas magnio kiekis (0,06%) padeda tirpdyti struvitus ir ma\u017einti j\u0173 susidarymo rizik\u0105.<\/span><\/li>\n<li style=\"font-weight: 400;\" aria-level=\"1\"><span style=\"font-weight: 400;\">Sveiki \u0161lapimo takai: Spanguol\u0117s (0,05%) padeda apsaugoti nuo \u0161lapimo tak\u0173 infekcij\u0173 ir u\u017edegim\u0173.<\/span><\/li>\n<li style=\"font-weight: 400;\" aria-level=\"1\"><span style=\"font-weight: 400;\">Antioksidacin\u0117 apsauga: Melion\u0173 sul\u010di\u0173 koncentratas neutralizuoja laisvuosius radikalus, prisidedant prie \u0161lapimo sistemos sveikatos.<\/span><\/li>\n<li style=\"font-weight: 400;\" aria-level=\"1\"><span style=\"font-weight: 400;\">\u017darnyno mikrobiotos palaikymas: Ksilo-oligosacharidai (XOS 0,4%) gerina vir\u0161kinim\u0105 ir palaiko sveik\u0105 \u017earnyno flor\u0105.<\/span><\/li>\n<li style=\"font-weight: 400;\" aria-level=\"1\"><span style=\"font-weight: 400;\">Auk\u0161tos kokyb\u0117s ingredientai: Hidrolizuoti la\u0161i\u0161os baltymai (19%), d\u017eiovinta vi\u0161tiena ir la\u0161i\u0161\u0173 aliejus suteikia lengvai vir\u0161kinamus baltymus ir omega-3 riebal\u0173 r\u016bg\u0161tis.<\/span><\/li>\n<\/ul>\n<p><span style=\"font-weight: 400;\">\u201eMonge VetSolution Cat Urinary Struvite\u201d \u2013 idealus pasirinkimas kat\u0117ms su \u0161lapimo tak\u0173 problemomis. \u0160is pa\u0161aras ne tik palaiko sveik\u0105 \u0161lapimo sistem\u0105, bet ir u\u017etikrina subalansuot\u0105 mityb\u0105 bei ger\u0105 savijaut\u0105 j\u016bs\u0173 augintiniui.<\/span><\/p>\n","protected":false},"excerpt":{"rendered":"<p>Visavertis dietinis pa\u0161aras, skirtas pad\u0117ti i\u0161tirpinti struvitinius akmenis, suma\u017einti j\u0173 pasikartojimo rizik\u0105 ir valdyti ka\u010di\u0173 urologin\u012f sindrom\u0105 (FUS). \u0160is pa\u0161aras<\/p>\n","protected":false},"featured_media":15560,"template":"","meta":[],"product_brand":[],"product_cat":[114,102,118,343],"product_tag":[],"class_list":{"0":"post-15537","1":"product","2":"type-product","3":"status-publish","4":"has-post-thumbnail","6":"product_cat-kaciu-maistas","7":"product_cat-katems","8":"product_cat-veterinarinis-maistas-katems","9":"product_cat-monge-kaciu-maistas","10":"pa_prekinis-zenklas-monge","12":"first","13":"instock","14":"taxable","15":"shipping-taxable","16":"purchasable","17":"product-type-variable"},"yoast_head":"<!-- This site is optimized with the Yoast SEO Premium plugin v27.1 (Yoast SEO v27.5) - https:\/\/yoast.com\/product\/yoast-seo-premium-wordpress\/ -->\n<title>Monge VetSolution Cat Urinary Struvite \u0161lapimo sistemai - anivet.lt<\/title>\n<meta name=\"description\" content=\"Visavertis dietinis pa\u0161aras, skirtas pad\u0117ti i\u0161tirpinti struvitinius akmenis, suma\u017einti j\u0173 pasikartojimo rizik\u0105 ir valdyti ka\u010di\u0173 urologin\u012f sindrom\u0105 (FUS).\" \/>\n<meta name=\"robots\" content=\"index, follow, max-snippet:-1, max-image-preview:large, max-video-preview:-1\" \/>\n<link rel=\"canonical\" href=\"https:\/\/anivet.lt\/elparduotuve\/produktas\/monge-vetsolution-cat-urinary-struvite-slapimo-sistemai\/\" \/>\n<meta property=\"og:locale\" content=\"lt_LT\" \/>\n<meta property=\"og:type\" content=\"article\" \/>\n<meta property=\"og:title\" content=\"Monge VetSolution Cat Urinary Struvite \u0161lapimo sistemai\" \/>\n<meta property=\"og:description\" content=\"Visavertis dietinis pa\u0161aras, skirtas pad\u0117ti i\u0161tirpinti struvitinius akmenis, suma\u017einti j\u0173 pasikartojimo rizik\u0105 ir valdyti ka\u010di\u0173 urologin\u012f sindrom\u0105 (FUS).\" \/>\n<meta property=\"og:url\" content=\"https:\/\/anivet.lt\/elparduotuve\/produktas\/monge-vetsolution-cat-urinary-struvite-slapimo-sistemai\/\" \/>\n<meta property=\"og:site_name\" content=\"anivet.lt\" \/>\n<meta property=\"article:modified_time\" content=\"2026-04-09T10:24:51+00:00\" \/>\n<meta property=\"og:image\" content=\"https:\/\/anivet.lt\/elparduotuve\/wp-content\/uploads\/2024\/12\/struvite-1.jpg\" \/>\n\t<meta property=\"og:image:width\" content=\"376\" \/>\n\t<meta property=\"og:image:height\" content=\"468\" \/>\n\t<meta property=\"og:image:type\" content=\"image\/jpeg\" \/>\n<meta name=\"twitter:card\" content=\"summary_large_image\" \/>\n<meta name=\"twitter:label1\" content=\"Est. reading time\" \/>\n\t<meta name=\"twitter:data1\" content=\"2 minut\u0117s\" \/>\n<script type=\"application\/ld+json\" class=\"yoast-schema-graph\">{\"@context\":\"https:\\\/\\\/schema.org\",\"@graph\":[{\"@type\":\"WebPage\",\"@id\":\"https:\\\/\\\/anivet.lt\\\/elparduotuve\\\/produktas\\\/monge-vetsolution-cat-urinary-struvite-slapimo-sistemai\\\/\",\"url\":\"https:\\\/\\\/anivet.lt\\\/elparduotuve\\\/produktas\\\/monge-vetsolution-cat-urinary-struvite-slapimo-sistemai\\\/\",\"name\":\"Monge VetSolution Cat Urinary Struvite \u0161lapimo sistemai - anivet.lt\",\"isPartOf\":{\"@id\":\"https:\\\/\\\/anivet.lt\\\/elparduotuve\\\/#website\"},\"primaryImageOfPage\":{\"@id\":\"https:\\\/\\\/anivet.lt\\\/elparduotuve\\\/produktas\\\/monge-vetsolution-cat-urinary-struvite-slapimo-sistemai\\\/#primaryimage\"},\"image\":{\"@id\":\"https:\\\/\\\/anivet.lt\\\/elparduotuve\\\/produktas\\\/monge-vetsolution-cat-urinary-struvite-slapimo-sistemai\\\/#primaryimage\"},\"thumbnailUrl\":\"https:\\\/\\\/anivet.lt\\\/elparduotuve\\\/wp-content\\\/uploads\\\/2024\\\/12\\\/struvite-1.jpg\",\"datePublished\":\"2024-12-16T08:46:25+00:00\",\"dateModified\":\"2026-04-09T10:24:51+00:00\",\"description\":\"Visavertis dietinis pa\u0161aras, skirtas pad\u0117ti i\u0161tirpinti struvitinius akmenis, suma\u017einti j\u0173 pasikartojimo rizik\u0105 ir valdyti ka\u010di\u0173 urologin\u012f sindrom\u0105 (FUS).\",\"breadcrumb\":{\"@id\":\"https:\\\/\\\/anivet.lt\\\/elparduotuve\\\/produktas\\\/monge-vetsolution-cat-urinary-struvite-slapimo-sistemai\\\/#breadcrumb\"},\"inLanguage\":\"lt-LT\",\"potentialAction\":[{\"@type\":\"ReadAction\",\"target\":[\"https:\\\/\\\/anivet.lt\\\/elparduotuve\\\/produktas\\\/monge-vetsolution-cat-urinary-struvite-slapimo-sistemai\\\/\"]}]},{\"@type\":\"ImageObject\",\"inLanguage\":\"lt-LT\",\"@id\":\"https:\\\/\\\/anivet.lt\\\/elparduotuve\\\/produktas\\\/monge-vetsolution-cat-urinary-struvite-slapimo-sistemai\\\/#primaryimage\",\"url\":\"https:\\\/\\\/anivet.lt\\\/elparduotuve\\\/wp-content\\\/uploads\\\/2024\\\/12\\\/struvite-1.jpg\",\"contentUrl\":\"https:\\\/\\\/anivet.lt\\\/elparduotuve\\\/wp-content\\\/uploads\\\/2024\\\/12\\\/struvite-1.jpg\",\"width\":376,\"height\":468,\"caption\":\"Monge VetSolution Cat Urinary Struvite \u0161lapimo sistemai\"},{\"@type\":\"BreadcrumbList\",\"@id\":\"https:\\\/\\\/anivet.lt\\\/elparduotuve\\\/produktas\\\/monge-vetsolution-cat-urinary-struvite-slapimo-sistemai\\\/#breadcrumb\",\"itemListElement\":[{\"@type\":\"ListItem\",\"position\":1,\"name\":\"Home\",\"item\":\"https:\\\/\\\/anivet.lt\\\/elparduotuve\\\/\"},{\"@type\":\"ListItem\",\"position\":2,\"name\":\"Produktai\",\"item\":\"https:\\\/\\\/anivet.lt\\\/elparduotuve\\\/produktai\\\/\"},{\"@type\":\"ListItem\",\"position\":3,\"name\":\"Monge VetSolution Cat Urinary Struvite \u0161lapimo sistemai\"}]},{\"@type\":\"WebSite\",\"@id\":\"https:\\\/\\\/anivet.lt\\\/elparduotuve\\\/#website\",\"url\":\"https:\\\/\\\/anivet.lt\\\/elparduotuve\\\/\",\"name\":\"anivet.lt\",\"description\":\"Viskas J\u016bs\u0173 \u0161uns, kat\u0117s prie\u017ei\u016brai\",\"publisher\":{\"@id\":\"https:\\\/\\\/anivet.lt\\\/elparduotuve\\\/#organization\"},\"alternateName\":\"Viskas J\u016bs\u0173 \u0161uns, kat\u0117s prie\u017ei\u016brai\",\"potentialAction\":[{\"@type\":\"SearchAction\",\"target\":{\"@type\":\"EntryPoint\",\"urlTemplate\":\"https:\\\/\\\/anivet.lt\\\/elparduotuve\\\/?s={search_term_string}\"},\"query-input\":{\"@type\":\"PropertyValueSpecification\",\"valueRequired\":true,\"valueName\":\"search_term_string\"}}],\"inLanguage\":\"lt-LT\"},{\"@type\":\"Organization\",\"@id\":\"https:\\\/\\\/anivet.lt\\\/elparduotuve\\\/#organization\",\"name\":\"Viskas J\u016bs\u0173 \u0161uns, kat\u0117s prie\u017ei\u016brai\",\"url\":\"https:\\\/\\\/anivet.lt\\\/elparduotuve\\\/\",\"logo\":{\"@type\":\"ImageObject\",\"inLanguage\":\"lt-LT\",\"@id\":\"https:\\\/\\\/anivet.lt\\\/elparduotuve\\\/#\\\/schema\\\/logo\\\/image\\\/\",\"url\":\"https:\\\/\\\/anivet.lt\\\/elparduotuve\\\/wp-content\\\/uploads\\\/2023\\\/06\\\/logo2.jpg\",\"contentUrl\":\"https:\\\/\\\/anivet.lt\\\/elparduotuve\\\/wp-content\\\/uploads\\\/2023\\\/06\\\/logo2.jpg\",\"width\":655,\"height\":194,\"caption\":\"Viskas J\u016bs\u0173 \u0161uns, kat\u0117s prie\u017ei\u016brai\"},\"image\":{\"@id\":\"https:\\\/\\\/anivet.lt\\\/elparduotuve\\\/#\\\/schema\\\/logo\\\/image\\\/\"}}]}<\/script>\n<!-- \/ Yoast SEO Premium plugin. -->","yoast_head_json":{"title":"Monge VetSolution Cat Urinary Struvite \u0161lapimo sistemai - anivet.lt","description":"Visavertis dietinis pa\u0161aras, skirtas pad\u0117ti i\u0161tirpinti struvitinius akmenis, suma\u017einti j\u0173 pasikartojimo rizik\u0105 ir valdyti ka\u010di\u0173 urologin\u012f sindrom\u0105 (FUS).","robots":{"index":"index","follow":"follow","max-snippet":"max-snippet:-1","max-image-preview":"max-image-preview:large","max-video-preview":"max-video-preview:-1"},"canonical":"https:\/\/anivet.lt\/elparduotuve\/produktas\/monge-vetsolution-cat-urinary-struvite-slapimo-sistemai\/","og_locale":"lt_LT","og_type":"article","og_title":"Monge VetSolution Cat Urinary Struvite \u0161lapimo sistemai","og_description":"Visavertis dietinis pa\u0161aras, skirtas pad\u0117ti i\u0161tirpinti struvitinius akmenis, suma\u017einti j\u0173 pasikartojimo rizik\u0105 ir valdyti ka\u010di\u0173 urologin\u012f sindrom\u0105 (FUS).","og_url":"https:\/\/anivet.lt\/elparduotuve\/produktas\/monge-vetsolution-cat-urinary-struvite-slapimo-sistemai\/","og_site_name":"anivet.lt","article_modified_time":"2026-04-09T10:24:51+00:00","og_image":[{"width":376,"height":468,"url":"https:\/\/anivet.lt\/elparduotuve\/wp-content\/uploads\/2024\/12\/struvite-1.jpg","type":"image\/jpeg"}],"twitter_card":"summary_large_image","twitter_misc":{"Est. reading time":"2 minut\u0117s"},"schema":{"@context":"https:\/\/schema.org","@graph":[{"@type":"WebPage","@id":"https:\/\/anivet.lt\/elparduotuve\/produktas\/monge-vetsolution-cat-urinary-struvite-slapimo-sistemai\/","url":"https:\/\/anivet.lt\/elparduotuve\/produktas\/monge-vetsolution-cat-urinary-struvite-slapimo-sistemai\/","name":"Monge VetSolution Cat Urinary Struvite \u0161lapimo sistemai - anivet.lt","isPartOf":{"@id":"https:\/\/anivet.lt\/elparduotuve\/#website"},"primaryImageOfPage":{"@id":"https:\/\/anivet.lt\/elparduotuve\/produktas\/monge-vetsolution-cat-urinary-struvite-slapimo-sistemai\/#primaryimage"},"image":{"@id":"https:\/\/anivet.lt\/elparduotuve\/produktas\/monge-vetsolution-cat-urinary-struvite-slapimo-sistemai\/#primaryimage"},"thumbnailUrl":"https:\/\/anivet.lt\/elparduotuve\/wp-content\/uploads\/2024\/12\/struvite-1.jpg","datePublished":"2024-12-16T08:46:25+00:00","dateModified":"2026-04-09T10:24:51+00:00","description":"Visavertis dietinis pa\u0161aras, skirtas pad\u0117ti i\u0161tirpinti struvitinius akmenis, suma\u017einti j\u0173 pasikartojimo rizik\u0105 ir valdyti ka\u010di\u0173 urologin\u012f sindrom\u0105 (FUS).","breadcrumb":{"@id":"https:\/\/anivet.lt\/elparduotuve\/produktas\/monge-vetsolution-cat-urinary-struvite-slapimo-sistemai\/#breadcrumb"},"inLanguage":"lt-LT","potentialAction":[{"@type":"ReadAction","target":["https:\/\/anivet.lt\/elparduotuve\/produktas\/monge-vetsolution-cat-urinary-struvite-slapimo-sistemai\/"]}]},{"@type":"ImageObject","inLanguage":"lt-LT","@id":"https:\/\/anivet.lt\/elparduotuve\/produktas\/monge-vetsolution-cat-urinary-struvite-slapimo-sistemai\/#primaryimage","url":"https:\/\/anivet.lt\/elparduotuve\/wp-content\/uploads\/2024\/12\/struvite-1.jpg","contentUrl":"https:\/\/anivet.lt\/elparduotuve\/wp-content\/uploads\/2024\/12\/struvite-1.jpg","width":376,"height":468,"caption":"Monge VetSolution Cat Urinary Struvite \u0161lapimo sistemai"},{"@type":"BreadcrumbList","@id":"https:\/\/anivet.lt\/elparduotuve\/produktas\/monge-vetsolution-cat-urinary-struvite-slapimo-sistemai\/#breadcrumb","itemListElement":[{"@type":"ListItem","position":1,"name":"Home","item":"https:\/\/anivet.lt\/elparduotuve\/"},{"@type":"ListItem","position":2,"name":"Produktai","item":"https:\/\/anivet.lt\/elparduotuve\/produktai\/"},{"@type":"ListItem","position":3,"name":"Monge VetSolution Cat Urinary Struvite \u0161lapimo sistemai"}]},{"@type":"WebSite","@id":"https:\/\/anivet.lt\/elparduotuve\/#website","url":"https:\/\/anivet.lt\/elparduotuve\/","name":"anivet.lt","description":"Viskas J\u016bs\u0173 \u0161uns, kat\u0117s prie\u017ei\u016brai","publisher":{"@id":"https:\/\/anivet.lt\/elparduotuve\/#organization"},"alternateName":"Viskas J\u016bs\u0173 \u0161uns, kat\u0117s prie\u017ei\u016brai","potentialAction":[{"@type":"SearchAction","target":{"@type":"EntryPoint","urlTemplate":"https:\/\/anivet.lt\/elparduotuve\/?s={search_term_string}"},"query-input":{"@type":"PropertyValueSpecification","valueRequired":true,"valueName":"search_term_string"}}],"inLanguage":"lt-LT"},{"@type":"Organization","@id":"https:\/\/anivet.lt\/elparduotuve\/#organization","name":"Viskas J\u016bs\u0173 \u0161uns, kat\u0117s prie\u017ei\u016brai","url":"https:\/\/anivet.lt\/elparduotuve\/","logo":{"@type":"ImageObject","inLanguage":"lt-LT","@id":"https:\/\/anivet.lt\/elparduotuve\/#\/schema\/logo\/image\/","url":"https:\/\/anivet.lt\/elparduotuve\/wp-content\/uploads\/2023\/06\/logo2.jpg","contentUrl":"https:\/\/anivet.lt\/elparduotuve\/wp-content\/uploads\/2023\/06\/logo2.jpg","width":655,"height":194,"caption":"Viskas J\u016bs\u0173 \u0161uns, kat\u0117s prie\u017ei\u016brai"},"image":{"@id":"https:\/\/anivet.lt\/elparduotuve\/#\/schema\/logo\/image\/"}}]}},"_links":{"self":[{"href":"https:\/\/anivet.lt\/elparduotuve\/wp-json\/wp\/v2\/product\/15537","targetHints":{"allow":["GET"]}}],"collection":[{"href":"https:\/\/anivet.lt\/elparduotuve\/wp-json\/wp\/v2\/product"}],"about":[{"href":"https:\/\/anivet.lt\/elparduotuve\/wp-json\/wp\/v2\/types\/product"}],"wp:featuredmedia":[{"embeddable":true,"href":"https:\/\/anivet.lt\/elparduotuve\/wp-json\/wp\/v2\/media\/15560"}],"wp:attachment":[{"href":"https:\/\/anivet.lt\/elparduotuve\/wp-json\/wp\/v2\/media?parent=15537"}],"wp:term":[{"taxonomy":"product_brand","embeddable":true,"href":"https:\/\/anivet.lt\/elparduotuve\/wp-json\/wp\/v2\/product_brand?post=15537"},{"taxonomy":"product_cat","embeddable":true,"href":"https:\/\/anivet.lt\/elparduotuve\/wp-json\/wp\/v2\/product_cat?post=15537"},{"taxonomy":"product_tag","embeddable":true,"href":"https:\/\/anivet.lt\/elparduotuve\/wp-json\/wp\/v2\/product_tag?post=15537"}],"curies":[{"name":"wp","href":"https:\/\/api.w.org\/{rel}","templated":true}]}}