{"id":15556,"date":"2024-12-16T10:48:10","date_gmt":"2024-12-16T10:48:10","guid":{"rendered":"https:\/\/anivet.lt\/elparduotuve\/?post_type=product&#038;p=15556"},"modified":"2026-04-01T04:35:37","modified_gmt":"2026-04-01T04:35:37","slug":"monge-vetsolution-cat-urinary-struvite-dietiniai-konservai-katems-7x100g","status":"publish","type":"product","link":"https:\/\/anivet.lt\/elparduotuve\/produktas\/monge-vetsolution-cat-urinary-struvite-dietiniai-konservai-katems-7x100g\/","title":{"rendered":"Monge VetSolution Cat Urinary Struvite dietiniai konservai kat\u0117ms 7x100g"},"content":{"rendered":"<ul>\n<li><span style=\"font-weight: 400;\">Struvit\u0173 akmen\u0173 valdymas: \u0160lapim\u0105 r\u016bg\u0161tinan\u010dios savyb\u0117s ir ma\u017eas magnio kiekis (0,01%) padeda i\u0161tirpinti struvitus ir u\u017ekirsti keli\u0105 j\u0173 formavimuisi.<\/span><\/li>\n<li style=\"font-weight: 400;\" aria-level=\"1\"><span style=\"font-weight: 400;\">Sveiki \u0161lapimo takai: D\u017eiovintos spanguol\u0117s (0,02%) palaiko \u0161lapimo sistemos sveikat\u0105 ir padeda apsaugoti nuo infekcij\u0173.<\/span><\/li>\n<li style=\"font-weight: 400;\" aria-level=\"1\"><span style=\"font-weight: 400;\">Imunin\u0117s sistemos stiprinimas: Nukleotidai (1%) prisideda prie organizmo atsparumo stiprinimo.<\/span><\/li>\n<li style=\"font-weight: 400;\" aria-level=\"1\"><span style=\"font-weight: 400;\">\u017darnyno mikrobiotos apsauga: Ksilo-oligosacharidai (0,4%) palaiko sveik\u0105 vir\u0161kinim\u0105 ir stiprina \u017earnyno flor\u0105.<\/span><\/li>\n<li style=\"font-weight: 400;\" aria-level=\"1\"><span style=\"font-weight: 400;\">Auk\u0161tos kokyb\u0117s ingredientai: Vi\u0161tienos kepenys ir la\u0161i\u0161a u\u017etikrina ger\u0105 skon\u012f ir tinkam\u0105 baltym\u0173 kiek\u012f, padedant i\u0161laikyti bendr\u0105 sveikat\u0105.<\/span><\/li>\n<\/ul>\n<p><span style=\"font-weight: 400;\">Idealus pasirinkimas kat\u0117ms, turin\u010dioms \u0161lapimo tak\u0173 problem\u0173. \u0160is pa\u0161aras padeda valdyti FUS simptomus, palaiko \u0161lapimo sistemos sveikat\u0105 ir u\u017etikrina subalansuot\u0105 mityb\u0105.<\/span><\/p>\n","protected":false},"excerpt":{"rendered":"<p><span style=\"font-weight: 400;\">Visavertis dietinis konservuotas pa\u0161aras, skirtas kat\u0117ms su \u0161lapimo tak\u0173 problemomis. \u0160is pa\u0161aras padeda i\u0161tirpinti struvitinius akmenis, suma\u017einti j\u0173 atsinaujinim\u0105 ir valdyti ka\u010di\u0173 urologin\u012f sindrom\u0105 (FUS). Formul\u0117 praturtinta nukleotidais, spanguol\u0117mis ir ksilo-oligosacharidais (XOS), u\u017etikrinan\u010diais sveik\u0105 \u0161lapimo tak\u0173 ir \u017earnyno b\u016bkl\u0119.<\/span><\/p>\n","protected":false},"featured_media":20425,"template":"","meta":[],"product_brand":[],"product_cat":[114,102,118,343],"product_tag":[],"class_list":{"0":"post-15556","1":"product","2":"type-product","3":"status-publish","4":"has-post-thumbnail","6":"product_cat-kaciu-maistas","7":"product_cat-katems","8":"product_cat-veterinarinis-maistas-katems","9":"product_cat-monge-kaciu-maistas","10":"pa_prekinis-zenklas-monge","12":"first","13":"instock","14":"taxable","15":"shipping-taxable","16":"purchasable","17":"product-type-simple"},"yoast_head":"<!-- This site is optimized with the Yoast SEO Premium plugin v27.1 (Yoast SEO v27.5) - https:\/\/yoast.com\/product\/yoast-seo-premium-wordpress\/ -->\n<title>Monge VetSolution Cat Urinary Struvite dietiniai konservai kat\u0117ms 7x100g - anivet.lt<\/title>\n<meta name=\"description\" content=\"Visavertis dietinis konservuotas pa\u0161aras, skirtas kat\u0117ms su \u0161lapimo tak\u0173 problemomis. \u0160is pa\u0161aras padeda i\u0161tirpinti struvitinius akmenis, suma\u017einti j\u0173 atsinaujinim\u0105 ir valdyti ka\u010di\u0173 urologin\u012f sindrom\u0105 (FUS). Formul\u0117 praturtinta nukleotidais, spanguol\u0117mis ir ksilo-oligosacharidais (XOS), u\u017etikrinan\u010diais sveik\u0105 \u0161lapimo tak\u0173 ir \u017earnyno b\u016bkl\u0119.\" \/>\n<meta name=\"robots\" content=\"index, follow, max-snippet:-1, max-image-preview:large, max-video-preview:-1\" \/>\n<link rel=\"canonical\" href=\"https:\/\/anivet.lt\/elparduotuve\/produktas\/monge-vetsolution-cat-urinary-struvite-dietiniai-konservai-katems-7x100g\/\" \/>\n<meta property=\"og:locale\" content=\"lt_LT\" \/>\n<meta property=\"og:type\" content=\"article\" \/>\n<meta property=\"og:title\" content=\"Monge VetSolution Cat Urinary Struvite dietiniai konservai kat\u0117ms 7x100g\" \/>\n<meta property=\"og:description\" content=\"Visavertis dietinis konservuotas pa\u0161aras, skirtas kat\u0117ms su \u0161lapimo tak\u0173 problemomis. \u0160is pa\u0161aras padeda i\u0161tirpinti struvitinius akmenis, suma\u017einti j\u0173 atsinaujinim\u0105 ir valdyti ka\u010di\u0173 urologin\u012f sindrom\u0105 (FUS). Formul\u0117 praturtinta nukleotidais, spanguol\u0117mis ir ksilo-oligosacharidais (XOS), u\u017etikrinan\u010diais sveik\u0105 \u0161lapimo tak\u0173 ir \u017earnyno b\u016bkl\u0119.\" \/>\n<meta property=\"og:url\" content=\"https:\/\/anivet.lt\/elparduotuve\/produktas\/monge-vetsolution-cat-urinary-struvite-dietiniai-konservai-katems-7x100g\/\" \/>\n<meta property=\"og:site_name\" content=\"anivet.lt\" \/>\n<meta property=\"article:modified_time\" content=\"2026-04-01T04:35:37+00:00\" \/>\n<meta property=\"og:image\" content=\"https:\/\/anivet.lt\/elparduotuve\/wp-content\/uploads\/2024\/12\/Monge-VetSolution-Cat-Urinary-Struvite-dietiniai-konservai-katems-7x100g.jpg\" \/>\n\t<meta property=\"og:image:width\" content=\"450\" \/>\n\t<meta property=\"og:image:height\" content=\"457\" \/>\n\t<meta property=\"og:image:type\" content=\"image\/jpeg\" \/>\n<meta name=\"twitter:card\" content=\"summary_large_image\" \/>\n<meta name=\"twitter:label1\" content=\"Est. reading time\" \/>\n\t<meta name=\"twitter:data1\" content=\"1 minut\u0117\" \/>\n<script type=\"application\/ld+json\" class=\"yoast-schema-graph\">{\"@context\":\"https:\\\/\\\/schema.org\",\"@graph\":[{\"@type\":\"WebPage\",\"@id\":\"https:\\\/\\\/anivet.lt\\\/elparduotuve\\\/produktas\\\/monge-vetsolution-cat-urinary-struvite-dietiniai-konservai-katems-7x100g\\\/\",\"url\":\"https:\\\/\\\/anivet.lt\\\/elparduotuve\\\/produktas\\\/monge-vetsolution-cat-urinary-struvite-dietiniai-konservai-katems-7x100g\\\/\",\"name\":\"Monge VetSolution Cat Urinary Struvite dietiniai konservai kat\u0117ms 7x100g - anivet.lt\",\"isPartOf\":{\"@id\":\"https:\\\/\\\/anivet.lt\\\/elparduotuve\\\/#website\"},\"primaryImageOfPage\":{\"@id\":\"https:\\\/\\\/anivet.lt\\\/elparduotuve\\\/produktas\\\/monge-vetsolution-cat-urinary-struvite-dietiniai-konservai-katems-7x100g\\\/#primaryimage\"},\"image\":{\"@id\":\"https:\\\/\\\/anivet.lt\\\/elparduotuve\\\/produktas\\\/monge-vetsolution-cat-urinary-struvite-dietiniai-konservai-katems-7x100g\\\/#primaryimage\"},\"thumbnailUrl\":\"https:\\\/\\\/anivet.lt\\\/elparduotuve\\\/wp-content\\\/uploads\\\/2024\\\/12\\\/Monge-VetSolution-Cat-Urinary-Struvite-dietiniai-konservai-katems-7x100g.jpg\",\"datePublished\":\"2024-12-16T10:48:10+00:00\",\"dateModified\":\"2026-04-01T04:35:37+00:00\",\"description\":\"Visavertis dietinis konservuotas pa\u0161aras, skirtas kat\u0117ms su \u0161lapimo tak\u0173 problemomis. \u0160is pa\u0161aras padeda i\u0161tirpinti struvitinius akmenis, suma\u017einti j\u0173 atsinaujinim\u0105 ir valdyti ka\u010di\u0173 urologin\u012f sindrom\u0105 (FUS). Formul\u0117 praturtinta nukleotidais, spanguol\u0117mis ir ksilo-oligosacharidais (XOS), u\u017etikrinan\u010diais sveik\u0105 \u0161lapimo tak\u0173 ir \u017earnyno b\u016bkl\u0119.\",\"breadcrumb\":{\"@id\":\"https:\\\/\\\/anivet.lt\\\/elparduotuve\\\/produktas\\\/monge-vetsolution-cat-urinary-struvite-dietiniai-konservai-katems-7x100g\\\/#breadcrumb\"},\"inLanguage\":\"lt-LT\",\"potentialAction\":[{\"@type\":\"ReadAction\",\"target\":[\"https:\\\/\\\/anivet.lt\\\/elparduotuve\\\/produktas\\\/monge-vetsolution-cat-urinary-struvite-dietiniai-konservai-katems-7x100g\\\/\"]}]},{\"@type\":\"ImageObject\",\"inLanguage\":\"lt-LT\",\"@id\":\"https:\\\/\\\/anivet.lt\\\/elparduotuve\\\/produktas\\\/monge-vetsolution-cat-urinary-struvite-dietiniai-konservai-katems-7x100g\\\/#primaryimage\",\"url\":\"https:\\\/\\\/anivet.lt\\\/elparduotuve\\\/wp-content\\\/uploads\\\/2024\\\/12\\\/Monge-VetSolution-Cat-Urinary-Struvite-dietiniai-konservai-katems-7x100g.jpg\",\"contentUrl\":\"https:\\\/\\\/anivet.lt\\\/elparduotuve\\\/wp-content\\\/uploads\\\/2024\\\/12\\\/Monge-VetSolution-Cat-Urinary-Struvite-dietiniai-konservai-katems-7x100g.jpg\",\"width\":450,\"height\":457,\"caption\":\"Monge VetSolution Cat Urinary Struvite dietiniai konservai kat\u0117ms 7x100g\"},{\"@type\":\"BreadcrumbList\",\"@id\":\"https:\\\/\\\/anivet.lt\\\/elparduotuve\\\/produktas\\\/monge-vetsolution-cat-urinary-struvite-dietiniai-konservai-katems-7x100g\\\/#breadcrumb\",\"itemListElement\":[{\"@type\":\"ListItem\",\"position\":1,\"name\":\"Home\",\"item\":\"https:\\\/\\\/anivet.lt\\\/elparduotuve\\\/\"},{\"@type\":\"ListItem\",\"position\":2,\"name\":\"Produktai\",\"item\":\"https:\\\/\\\/anivet.lt\\\/elparduotuve\\\/produktai\\\/\"},{\"@type\":\"ListItem\",\"position\":3,\"name\":\"Monge VetSolution Cat Urinary Struvite dietiniai konservai kat\u0117ms 7x100g\"}]},{\"@type\":\"WebSite\",\"@id\":\"https:\\\/\\\/anivet.lt\\\/elparduotuve\\\/#website\",\"url\":\"https:\\\/\\\/anivet.lt\\\/elparduotuve\\\/\",\"name\":\"anivet.lt\",\"description\":\"Viskas J\u016bs\u0173 \u0161uns, kat\u0117s prie\u017ei\u016brai\",\"publisher\":{\"@id\":\"https:\\\/\\\/anivet.lt\\\/elparduotuve\\\/#organization\"},\"alternateName\":\"Viskas J\u016bs\u0173 \u0161uns, kat\u0117s prie\u017ei\u016brai\",\"potentialAction\":[{\"@type\":\"SearchAction\",\"target\":{\"@type\":\"EntryPoint\",\"urlTemplate\":\"https:\\\/\\\/anivet.lt\\\/elparduotuve\\\/?s={search_term_string}\"},\"query-input\":{\"@type\":\"PropertyValueSpecification\",\"valueRequired\":true,\"valueName\":\"search_term_string\"}}],\"inLanguage\":\"lt-LT\"},{\"@type\":\"Organization\",\"@id\":\"https:\\\/\\\/anivet.lt\\\/elparduotuve\\\/#organization\",\"name\":\"Viskas J\u016bs\u0173 \u0161uns, kat\u0117s prie\u017ei\u016brai\",\"url\":\"https:\\\/\\\/anivet.lt\\\/elparduotuve\\\/\",\"logo\":{\"@type\":\"ImageObject\",\"inLanguage\":\"lt-LT\",\"@id\":\"https:\\\/\\\/anivet.lt\\\/elparduotuve\\\/#\\\/schema\\\/logo\\\/image\\\/\",\"url\":\"https:\\\/\\\/anivet.lt\\\/elparduotuve\\\/wp-content\\\/uploads\\\/2023\\\/06\\\/logo2.jpg\",\"contentUrl\":\"https:\\\/\\\/anivet.lt\\\/elparduotuve\\\/wp-content\\\/uploads\\\/2023\\\/06\\\/logo2.jpg\",\"width\":655,\"height\":194,\"caption\":\"Viskas J\u016bs\u0173 \u0161uns, kat\u0117s prie\u017ei\u016brai\"},\"image\":{\"@id\":\"https:\\\/\\\/anivet.lt\\\/elparduotuve\\\/#\\\/schema\\\/logo\\\/image\\\/\"}}]}<\/script>\n<!-- \/ Yoast SEO Premium plugin. -->","yoast_head_json":{"title":"Monge VetSolution Cat Urinary Struvite dietiniai konservai kat\u0117ms 7x100g - anivet.lt","description":"Visavertis dietinis konservuotas pa\u0161aras, skirtas kat\u0117ms su \u0161lapimo tak\u0173 problemomis. \u0160is pa\u0161aras padeda i\u0161tirpinti struvitinius akmenis, suma\u017einti j\u0173 atsinaujinim\u0105 ir valdyti ka\u010di\u0173 urologin\u012f sindrom\u0105 (FUS). Formul\u0117 praturtinta nukleotidais, spanguol\u0117mis ir ksilo-oligosacharidais (XOS), u\u017etikrinan\u010diais sveik\u0105 \u0161lapimo tak\u0173 ir \u017earnyno b\u016bkl\u0119.","robots":{"index":"index","follow":"follow","max-snippet":"max-snippet:-1","max-image-preview":"max-image-preview:large","max-video-preview":"max-video-preview:-1"},"canonical":"https:\/\/anivet.lt\/elparduotuve\/produktas\/monge-vetsolution-cat-urinary-struvite-dietiniai-konservai-katems-7x100g\/","og_locale":"lt_LT","og_type":"article","og_title":"Monge VetSolution Cat Urinary Struvite dietiniai konservai kat\u0117ms 7x100g","og_description":"Visavertis dietinis konservuotas pa\u0161aras, skirtas kat\u0117ms su \u0161lapimo tak\u0173 problemomis. \u0160is pa\u0161aras padeda i\u0161tirpinti struvitinius akmenis, suma\u017einti j\u0173 atsinaujinim\u0105 ir valdyti ka\u010di\u0173 urologin\u012f sindrom\u0105 (FUS). Formul\u0117 praturtinta nukleotidais, spanguol\u0117mis ir ksilo-oligosacharidais (XOS), u\u017etikrinan\u010diais sveik\u0105 \u0161lapimo tak\u0173 ir \u017earnyno b\u016bkl\u0119.","og_url":"https:\/\/anivet.lt\/elparduotuve\/produktas\/monge-vetsolution-cat-urinary-struvite-dietiniai-konservai-katems-7x100g\/","og_site_name":"anivet.lt","article_modified_time":"2026-04-01T04:35:37+00:00","og_image":[{"width":450,"height":457,"url":"https:\/\/anivet.lt\/elparduotuve\/wp-content\/uploads\/2024\/12\/Monge-VetSolution-Cat-Urinary-Struvite-dietiniai-konservai-katems-7x100g.jpg","type":"image\/jpeg"}],"twitter_card":"summary_large_image","twitter_misc":{"Est. reading time":"1 minut\u0117"},"schema":{"@context":"https:\/\/schema.org","@graph":[{"@type":"WebPage","@id":"https:\/\/anivet.lt\/elparduotuve\/produktas\/monge-vetsolution-cat-urinary-struvite-dietiniai-konservai-katems-7x100g\/","url":"https:\/\/anivet.lt\/elparduotuve\/produktas\/monge-vetsolution-cat-urinary-struvite-dietiniai-konservai-katems-7x100g\/","name":"Monge VetSolution Cat Urinary Struvite dietiniai konservai kat\u0117ms 7x100g - anivet.lt","isPartOf":{"@id":"https:\/\/anivet.lt\/elparduotuve\/#website"},"primaryImageOfPage":{"@id":"https:\/\/anivet.lt\/elparduotuve\/produktas\/monge-vetsolution-cat-urinary-struvite-dietiniai-konservai-katems-7x100g\/#primaryimage"},"image":{"@id":"https:\/\/anivet.lt\/elparduotuve\/produktas\/monge-vetsolution-cat-urinary-struvite-dietiniai-konservai-katems-7x100g\/#primaryimage"},"thumbnailUrl":"https:\/\/anivet.lt\/elparduotuve\/wp-content\/uploads\/2024\/12\/Monge-VetSolution-Cat-Urinary-Struvite-dietiniai-konservai-katems-7x100g.jpg","datePublished":"2024-12-16T10:48:10+00:00","dateModified":"2026-04-01T04:35:37+00:00","description":"Visavertis dietinis konservuotas pa\u0161aras, skirtas kat\u0117ms su \u0161lapimo tak\u0173 problemomis. \u0160is pa\u0161aras padeda i\u0161tirpinti struvitinius akmenis, suma\u017einti j\u0173 atsinaujinim\u0105 ir valdyti ka\u010di\u0173 urologin\u012f sindrom\u0105 (FUS). Formul\u0117 praturtinta nukleotidais, spanguol\u0117mis ir ksilo-oligosacharidais (XOS), u\u017etikrinan\u010diais sveik\u0105 \u0161lapimo tak\u0173 ir \u017earnyno b\u016bkl\u0119.","breadcrumb":{"@id":"https:\/\/anivet.lt\/elparduotuve\/produktas\/monge-vetsolution-cat-urinary-struvite-dietiniai-konservai-katems-7x100g\/#breadcrumb"},"inLanguage":"lt-LT","potentialAction":[{"@type":"ReadAction","target":["https:\/\/anivet.lt\/elparduotuve\/produktas\/monge-vetsolution-cat-urinary-struvite-dietiniai-konservai-katems-7x100g\/"]}]},{"@type":"ImageObject","inLanguage":"lt-LT","@id":"https:\/\/anivet.lt\/elparduotuve\/produktas\/monge-vetsolution-cat-urinary-struvite-dietiniai-konservai-katems-7x100g\/#primaryimage","url":"https:\/\/anivet.lt\/elparduotuve\/wp-content\/uploads\/2024\/12\/Monge-VetSolution-Cat-Urinary-Struvite-dietiniai-konservai-katems-7x100g.jpg","contentUrl":"https:\/\/anivet.lt\/elparduotuve\/wp-content\/uploads\/2024\/12\/Monge-VetSolution-Cat-Urinary-Struvite-dietiniai-konservai-katems-7x100g.jpg","width":450,"height":457,"caption":"Monge VetSolution Cat Urinary Struvite dietiniai konservai kat\u0117ms 7x100g"},{"@type":"BreadcrumbList","@id":"https:\/\/anivet.lt\/elparduotuve\/produktas\/monge-vetsolution-cat-urinary-struvite-dietiniai-konservai-katems-7x100g\/#breadcrumb","itemListElement":[{"@type":"ListItem","position":1,"name":"Home","item":"https:\/\/anivet.lt\/elparduotuve\/"},{"@type":"ListItem","position":2,"name":"Produktai","item":"https:\/\/anivet.lt\/elparduotuve\/produktai\/"},{"@type":"ListItem","position":3,"name":"Monge VetSolution Cat Urinary Struvite dietiniai konservai kat\u0117ms 7x100g"}]},{"@type":"WebSite","@id":"https:\/\/anivet.lt\/elparduotuve\/#website","url":"https:\/\/anivet.lt\/elparduotuve\/","name":"anivet.lt","description":"Viskas J\u016bs\u0173 \u0161uns, kat\u0117s prie\u017ei\u016brai","publisher":{"@id":"https:\/\/anivet.lt\/elparduotuve\/#organization"},"alternateName":"Viskas J\u016bs\u0173 \u0161uns, kat\u0117s prie\u017ei\u016brai","potentialAction":[{"@type":"SearchAction","target":{"@type":"EntryPoint","urlTemplate":"https:\/\/anivet.lt\/elparduotuve\/?s={search_term_string}"},"query-input":{"@type":"PropertyValueSpecification","valueRequired":true,"valueName":"search_term_string"}}],"inLanguage":"lt-LT"},{"@type":"Organization","@id":"https:\/\/anivet.lt\/elparduotuve\/#organization","name":"Viskas J\u016bs\u0173 \u0161uns, kat\u0117s prie\u017ei\u016brai","url":"https:\/\/anivet.lt\/elparduotuve\/","logo":{"@type":"ImageObject","inLanguage":"lt-LT","@id":"https:\/\/anivet.lt\/elparduotuve\/#\/schema\/logo\/image\/","url":"https:\/\/anivet.lt\/elparduotuve\/wp-content\/uploads\/2023\/06\/logo2.jpg","contentUrl":"https:\/\/anivet.lt\/elparduotuve\/wp-content\/uploads\/2023\/06\/logo2.jpg","width":655,"height":194,"caption":"Viskas J\u016bs\u0173 \u0161uns, kat\u0117s prie\u017ei\u016brai"},"image":{"@id":"https:\/\/anivet.lt\/elparduotuve\/#\/schema\/logo\/image\/"}}]}},"_links":{"self":[{"href":"https:\/\/anivet.lt\/elparduotuve\/wp-json\/wp\/v2\/product\/15556","targetHints":{"allow":["GET"]}}],"collection":[{"href":"https:\/\/anivet.lt\/elparduotuve\/wp-json\/wp\/v2\/product"}],"about":[{"href":"https:\/\/anivet.lt\/elparduotuve\/wp-json\/wp\/v2\/types\/product"}],"wp:featuredmedia":[{"embeddable":true,"href":"https:\/\/anivet.lt\/elparduotuve\/wp-json\/wp\/v2\/media\/20425"}],"wp:attachment":[{"href":"https:\/\/anivet.lt\/elparduotuve\/wp-json\/wp\/v2\/media?parent=15556"}],"wp:term":[{"taxonomy":"product_brand","embeddable":true,"href":"https:\/\/anivet.lt\/elparduotuve\/wp-json\/wp\/v2\/product_brand?post=15556"},{"taxonomy":"product_cat","embeddable":true,"href":"https:\/\/anivet.lt\/elparduotuve\/wp-json\/wp\/v2\/product_cat?post=15556"},{"taxonomy":"product_tag","embeddable":true,"href":"https:\/\/anivet.lt\/elparduotuve\/wp-json\/wp\/v2\/product_tag?post=15556"}],"curies":[{"name":"wp","href":"https:\/\/api.w.org\/{rel}","templated":true}]}}