{"id":15571,"date":"2024-12-16T14:42:08","date_gmt":"2024-12-16T14:42:08","guid":{"rendered":"https:\/\/anivet.lt\/elparduotuve\/?post_type=product&#038;p=15571"},"modified":"2026-02-04T15:24:03","modified_gmt":"2026-02-04T15:24:03","slug":"eukanuba-base-sausas-maistas-dideliu-veisliu-suniukams-su-vistiena","status":"publish","type":"product","link":"https:\/\/anivet.lt\/elparduotuve\/produktas\/eukanuba-base-sausas-maistas-dideliu-veisliu-suniukams-su-vistiena\/","title":{"rendered":"Eukanuba Base sausas maistas dideli\u0173 veisli\u0173 \u0161uniukams su vi\u0161tiena"},"content":{"rendered":"<ul>\n<li><span style=\"font-weight: 400;\">Protingas vystymasis: Sud\u0117tyje esanti DHA (0,18%) skatina smegen\u0173 vystym\u0105si, padeda mokytis ir lengviau dresuoti.<\/span><\/li>\n<li style=\"font-weight: 400;\" aria-level=\"1\"><span style=\"font-weight: 400;\">Tvirti kaulai ir s\u0105nariai: Kalcis ir nat\u016bralus gliukozaminas su chondroitinu stiprina augan\u010dio \u0161uniuko kaulus ir s\u0105narius.<\/span><\/li>\n<li style=\"font-weight: 400;\" aria-level=\"1\"><span style=\"font-weight: 400;\">Sveika oda ir kailis: Omega-6 (2,9%) ir omega-3 (0,71%) riebal\u0173 r\u016bg\u0161tys palaiko odos sveikat\u0105 ir blizgant\u012f kail\u012f.<\/span><\/li>\n<li style=\"font-weight: 400;\" aria-level=\"1\"><span style=\"font-weight: 400;\">Imunin\u0117s sistemos stiprinimas: Antioksidantai, vitaminai E ir C palaiko imunitet\u0105 ir bendr\u0105 organizmo atsparum\u0105.<\/span><\/li>\n<li style=\"font-weight: 400;\" aria-level=\"1\"><span style=\"font-weight: 400;\">Gerai veikiantis vir\u0161kinimas: Prebiotikai (FOS ir MOS) bei cukrini\u0173 runkeli\u0173 mink\u0161timas u\u017etikrina ger\u0105 \u017earnyno funkcij\u0105 ir sveik\u0105 vir\u0161kinim\u0105.<\/span><\/li>\n<li style=\"font-weight: 400;\" aria-level=\"1\"><span style=\"font-weight: 400;\">Burnos sveikata: Specialiai suformuotos granul\u0117s padeda palaikyti \u0161varias ir sveikas dantenas bei dantis.<\/span><\/li>\n<\/ul>\n<p><span style=\"font-weight: 400;\">\u201eEukanuba\u201d sausas maistas \u2013 tai patikimas pasirinkimas dideli\u0173 veisli\u0173 \u0161uniukams, kuris u\u017etikrina tinkam\u0105 augim\u0105, sveik\u0105 vystym\u0105si ir energing\u0105 gyvenimo prad\u017ei\u0105. Praturtinta auk\u0161tos kokyb\u0117s vi\u0161tiena formul\u0117 sukurta specialiai augantiems \u0161uniukams.<\/span><\/p>\n","protected":false},"excerpt":{"rendered":"<p><span style=\"font-weight: 400;\">Visavertis pa\u0161aras, skirtas dideli\u0173 veisli\u0173 \u0161uniukams nuo 1 iki 12 m\u0117nesi\u0173 ir mil\u017eini\u0161k\u0173 veisli\u0173 \u0161uniukams iki 14 m\u0117nesi\u0173. \u0160i subalansuota formul\u0117 padeda u\u017etikrinti sveik\u0105 augim\u0105 ir tinkam\u0105 vystym\u0105si, praturtinta auk\u0161tos kokyb\u0117s vi\u0161tiena, omega riebal\u0173 r\u016bg\u0161timis ir kitomis b\u016btinosiomis med\u017eiagomis.<\/span><\/p>\n","protected":false},"featured_media":19075,"template":"","meta":[],"product_brand":[],"product_cat":[101,103,104,322],"product_tag":[],"class_list":{"0":"post-15571","1":"product","2":"type-product","3":"status-publish","4":"has-post-thumbnail","6":"product_cat-sunims","7":"product_cat-sunu-maistas","8":"product_cat-sausas-maistas","9":"product_cat-eukanuba-sunu-maistas","10":"pa_prekinis-zenklas-eukanuba","12":"first","13":"instock","14":"taxable","15":"shipping-taxable","16":"purchasable","17":"product-type-variable"},"yoast_head":"<!-- This site is optimized with the Yoast SEO Premium plugin v27.1 (Yoast SEO v27.5) - https:\/\/yoast.com\/product\/yoast-seo-premium-wordpress\/ -->\n<title>Eukanuba Base sausas maistas dideli\u0173 veisli\u0173 \u0161uniukams su vi\u0161tiena - anivet.lt<\/title>\n<meta name=\"description\" content=\"Visavertis pa\u0161aras, skirtas dideli\u0173 veisli\u0173 \u0161uniukams nuo 1 iki 12 m\u0117nesi\u0173 ir mil\u017eini\u0161k\u0173 veisli\u0173 \u0161uniukams iki 14 m\u0117nesi\u0173. \u0160i subalansuota formul\u0117 padeda u\u017etikrinti sveik\u0105 augim\u0105 ir tinkam\u0105 vystym\u0105si, praturtinta auk\u0161tos kokyb\u0117s vi\u0161tiena, omega riebal\u0173 r\u016bg\u0161timis ir kitomis b\u016btinosiomis med\u017eiagomis.\" \/>\n<meta name=\"robots\" content=\"index, follow, max-snippet:-1, max-image-preview:large, max-video-preview:-1\" \/>\n<link rel=\"canonical\" href=\"https:\/\/anivet.lt\/elparduotuve\/produktas\/eukanuba-base-sausas-maistas-dideliu-veisliu-suniukams-su-vistiena\/\" \/>\n<meta property=\"og:locale\" content=\"lt_LT\" \/>\n<meta property=\"og:type\" content=\"article\" \/>\n<meta property=\"og:title\" content=\"Eukanuba Base sausas maistas dideli\u0173 veisli\u0173 \u0161uniukams su vi\u0161tiena\" \/>\n<meta property=\"og:description\" content=\"Visavertis pa\u0161aras, skirtas dideli\u0173 veisli\u0173 \u0161uniukams nuo 1 iki 12 m\u0117nesi\u0173 ir mil\u017eini\u0161k\u0173 veisli\u0173 \u0161uniukams iki 14 m\u0117nesi\u0173. \u0160i subalansuota formul\u0117 padeda u\u017etikrinti sveik\u0105 augim\u0105 ir tinkam\u0105 vystym\u0105si, praturtinta auk\u0161tos kokyb\u0117s vi\u0161tiena, omega riebal\u0173 r\u016bg\u0161timis ir kitomis b\u016btinosiomis med\u017eiagomis.\" \/>\n<meta property=\"og:url\" content=\"https:\/\/anivet.lt\/elparduotuve\/produktas\/eukanuba-base-sausas-maistas-dideliu-veisliu-suniukams-su-vistiena\/\" \/>\n<meta property=\"og:site_name\" content=\"anivet.lt\" \/>\n<meta property=\"article:modified_time\" content=\"2026-02-04T15:24:03+00:00\" \/>\n<meta property=\"og:image\" content=\"https:\/\/anivet.lt\/elparduotuve\/wp-content\/uploads\/2024\/12\/dideliu-veisliu-suniukams-su-vistiena.jpg\" \/>\n\t<meta property=\"og:image:width\" content=\"650\" \/>\n\t<meta property=\"og:image:height\" content=\"650\" \/>\n\t<meta property=\"og:image:type\" content=\"image\/jpeg\" \/>\n<meta name=\"twitter:card\" content=\"summary_large_image\" \/>\n<meta name=\"twitter:label1\" content=\"Est. reading time\" \/>\n\t<meta name=\"twitter:data1\" content=\"1 minut\u0117\" \/>\n<script type=\"application\/ld+json\" class=\"yoast-schema-graph\">{\"@context\":\"https:\\\/\\\/schema.org\",\"@graph\":[{\"@type\":\"WebPage\",\"@id\":\"https:\\\/\\\/anivet.lt\\\/elparduotuve\\\/produktas\\\/eukanuba-base-sausas-maistas-dideliu-veisliu-suniukams-su-vistiena\\\/\",\"url\":\"https:\\\/\\\/anivet.lt\\\/elparduotuve\\\/produktas\\\/eukanuba-base-sausas-maistas-dideliu-veisliu-suniukams-su-vistiena\\\/\",\"name\":\"Eukanuba Base sausas maistas dideli\u0173 veisli\u0173 \u0161uniukams su vi\u0161tiena - anivet.lt\",\"isPartOf\":{\"@id\":\"https:\\\/\\\/anivet.lt\\\/elparduotuve\\\/#website\"},\"primaryImageOfPage\":{\"@id\":\"https:\\\/\\\/anivet.lt\\\/elparduotuve\\\/produktas\\\/eukanuba-base-sausas-maistas-dideliu-veisliu-suniukams-su-vistiena\\\/#primaryimage\"},\"image\":{\"@id\":\"https:\\\/\\\/anivet.lt\\\/elparduotuve\\\/produktas\\\/eukanuba-base-sausas-maistas-dideliu-veisliu-suniukams-su-vistiena\\\/#primaryimage\"},\"thumbnailUrl\":\"https:\\\/\\\/anivet.lt\\\/elparduotuve\\\/wp-content\\\/uploads\\\/2024\\\/12\\\/dideliu-veisliu-suniukams-su-vistiena.jpg\",\"datePublished\":\"2024-12-16T14:42:08+00:00\",\"dateModified\":\"2026-02-04T15:24:03+00:00\",\"description\":\"Visavertis pa\u0161aras, skirtas dideli\u0173 veisli\u0173 \u0161uniukams nuo 1 iki 12 m\u0117nesi\u0173 ir mil\u017eini\u0161k\u0173 veisli\u0173 \u0161uniukams iki 14 m\u0117nesi\u0173. \u0160i subalansuota formul\u0117 padeda u\u017etikrinti sveik\u0105 augim\u0105 ir tinkam\u0105 vystym\u0105si, praturtinta auk\u0161tos kokyb\u0117s vi\u0161tiena, omega riebal\u0173 r\u016bg\u0161timis ir kitomis b\u016btinosiomis med\u017eiagomis.\",\"breadcrumb\":{\"@id\":\"https:\\\/\\\/anivet.lt\\\/elparduotuve\\\/produktas\\\/eukanuba-base-sausas-maistas-dideliu-veisliu-suniukams-su-vistiena\\\/#breadcrumb\"},\"inLanguage\":\"lt-LT\",\"potentialAction\":[{\"@type\":\"ReadAction\",\"target\":[\"https:\\\/\\\/anivet.lt\\\/elparduotuve\\\/produktas\\\/eukanuba-base-sausas-maistas-dideliu-veisliu-suniukams-su-vistiena\\\/\"]}]},{\"@type\":\"ImageObject\",\"inLanguage\":\"lt-LT\",\"@id\":\"https:\\\/\\\/anivet.lt\\\/elparduotuve\\\/produktas\\\/eukanuba-base-sausas-maistas-dideliu-veisliu-suniukams-su-vistiena\\\/#primaryimage\",\"url\":\"https:\\\/\\\/anivet.lt\\\/elparduotuve\\\/wp-content\\\/uploads\\\/2024\\\/12\\\/dideliu-veisliu-suniukams-su-vistiena.jpg\",\"contentUrl\":\"https:\\\/\\\/anivet.lt\\\/elparduotuve\\\/wp-content\\\/uploads\\\/2024\\\/12\\\/dideliu-veisliu-suniukams-su-vistiena.jpg\",\"width\":650,\"height\":650,\"caption\":\"Eukanuba Base sausas maistas dideli\u0173 veisli\u0173 \u0161uniukams su vi\u0161tiena\"},{\"@type\":\"BreadcrumbList\",\"@id\":\"https:\\\/\\\/anivet.lt\\\/elparduotuve\\\/produktas\\\/eukanuba-base-sausas-maistas-dideliu-veisliu-suniukams-su-vistiena\\\/#breadcrumb\",\"itemListElement\":[{\"@type\":\"ListItem\",\"position\":1,\"name\":\"Home\",\"item\":\"https:\\\/\\\/anivet.lt\\\/elparduotuve\\\/\"},{\"@type\":\"ListItem\",\"position\":2,\"name\":\"Produktai\",\"item\":\"https:\\\/\\\/anivet.lt\\\/elparduotuve\\\/produktai\\\/\"},{\"@type\":\"ListItem\",\"position\":3,\"name\":\"Eukanuba Base sausas maistas dideli\u0173 veisli\u0173 \u0161uniukams su vi\u0161tiena\"}]},{\"@type\":\"WebSite\",\"@id\":\"https:\\\/\\\/anivet.lt\\\/elparduotuve\\\/#website\",\"url\":\"https:\\\/\\\/anivet.lt\\\/elparduotuve\\\/\",\"name\":\"anivet.lt\",\"description\":\"Viskas J\u016bs\u0173 \u0161uns, kat\u0117s prie\u017ei\u016brai\",\"publisher\":{\"@id\":\"https:\\\/\\\/anivet.lt\\\/elparduotuve\\\/#organization\"},\"alternateName\":\"Viskas J\u016bs\u0173 \u0161uns, kat\u0117s prie\u017ei\u016brai\",\"potentialAction\":[{\"@type\":\"SearchAction\",\"target\":{\"@type\":\"EntryPoint\",\"urlTemplate\":\"https:\\\/\\\/anivet.lt\\\/elparduotuve\\\/?s={search_term_string}\"},\"query-input\":{\"@type\":\"PropertyValueSpecification\",\"valueRequired\":true,\"valueName\":\"search_term_string\"}}],\"inLanguage\":\"lt-LT\"},{\"@type\":\"Organization\",\"@id\":\"https:\\\/\\\/anivet.lt\\\/elparduotuve\\\/#organization\",\"name\":\"Viskas J\u016bs\u0173 \u0161uns, kat\u0117s prie\u017ei\u016brai\",\"url\":\"https:\\\/\\\/anivet.lt\\\/elparduotuve\\\/\",\"logo\":{\"@type\":\"ImageObject\",\"inLanguage\":\"lt-LT\",\"@id\":\"https:\\\/\\\/anivet.lt\\\/elparduotuve\\\/#\\\/schema\\\/logo\\\/image\\\/\",\"url\":\"https:\\\/\\\/anivet.lt\\\/elparduotuve\\\/wp-content\\\/uploads\\\/2023\\\/06\\\/logo2.jpg\",\"contentUrl\":\"https:\\\/\\\/anivet.lt\\\/elparduotuve\\\/wp-content\\\/uploads\\\/2023\\\/06\\\/logo2.jpg\",\"width\":655,\"height\":194,\"caption\":\"Viskas J\u016bs\u0173 \u0161uns, kat\u0117s prie\u017ei\u016brai\"},\"image\":{\"@id\":\"https:\\\/\\\/anivet.lt\\\/elparduotuve\\\/#\\\/schema\\\/logo\\\/image\\\/\"}}]}<\/script>\n<!-- \/ Yoast SEO Premium plugin. -->","yoast_head_json":{"title":"Eukanuba Base sausas maistas dideli\u0173 veisli\u0173 \u0161uniukams su vi\u0161tiena - anivet.lt","description":"Visavertis pa\u0161aras, skirtas dideli\u0173 veisli\u0173 \u0161uniukams nuo 1 iki 12 m\u0117nesi\u0173 ir mil\u017eini\u0161k\u0173 veisli\u0173 \u0161uniukams iki 14 m\u0117nesi\u0173. \u0160i subalansuota formul\u0117 padeda u\u017etikrinti sveik\u0105 augim\u0105 ir tinkam\u0105 vystym\u0105si, praturtinta auk\u0161tos kokyb\u0117s vi\u0161tiena, omega riebal\u0173 r\u016bg\u0161timis ir kitomis b\u016btinosiomis med\u017eiagomis.","robots":{"index":"index","follow":"follow","max-snippet":"max-snippet:-1","max-image-preview":"max-image-preview:large","max-video-preview":"max-video-preview:-1"},"canonical":"https:\/\/anivet.lt\/elparduotuve\/produktas\/eukanuba-base-sausas-maistas-dideliu-veisliu-suniukams-su-vistiena\/","og_locale":"lt_LT","og_type":"article","og_title":"Eukanuba Base sausas maistas dideli\u0173 veisli\u0173 \u0161uniukams su vi\u0161tiena","og_description":"Visavertis pa\u0161aras, skirtas dideli\u0173 veisli\u0173 \u0161uniukams nuo 1 iki 12 m\u0117nesi\u0173 ir mil\u017eini\u0161k\u0173 veisli\u0173 \u0161uniukams iki 14 m\u0117nesi\u0173. \u0160i subalansuota formul\u0117 padeda u\u017etikrinti sveik\u0105 augim\u0105 ir tinkam\u0105 vystym\u0105si, praturtinta auk\u0161tos kokyb\u0117s vi\u0161tiena, omega riebal\u0173 r\u016bg\u0161timis ir kitomis b\u016btinosiomis med\u017eiagomis.","og_url":"https:\/\/anivet.lt\/elparduotuve\/produktas\/eukanuba-base-sausas-maistas-dideliu-veisliu-suniukams-su-vistiena\/","og_site_name":"anivet.lt","article_modified_time":"2026-02-04T15:24:03+00:00","og_image":[{"width":650,"height":650,"url":"https:\/\/anivet.lt\/elparduotuve\/wp-content\/uploads\/2024\/12\/dideliu-veisliu-suniukams-su-vistiena.jpg","type":"image\/jpeg"}],"twitter_card":"summary_large_image","twitter_misc":{"Est. reading time":"1 minut\u0117"},"schema":{"@context":"https:\/\/schema.org","@graph":[{"@type":"WebPage","@id":"https:\/\/anivet.lt\/elparduotuve\/produktas\/eukanuba-base-sausas-maistas-dideliu-veisliu-suniukams-su-vistiena\/","url":"https:\/\/anivet.lt\/elparduotuve\/produktas\/eukanuba-base-sausas-maistas-dideliu-veisliu-suniukams-su-vistiena\/","name":"Eukanuba Base sausas maistas dideli\u0173 veisli\u0173 \u0161uniukams su vi\u0161tiena - anivet.lt","isPartOf":{"@id":"https:\/\/anivet.lt\/elparduotuve\/#website"},"primaryImageOfPage":{"@id":"https:\/\/anivet.lt\/elparduotuve\/produktas\/eukanuba-base-sausas-maistas-dideliu-veisliu-suniukams-su-vistiena\/#primaryimage"},"image":{"@id":"https:\/\/anivet.lt\/elparduotuve\/produktas\/eukanuba-base-sausas-maistas-dideliu-veisliu-suniukams-su-vistiena\/#primaryimage"},"thumbnailUrl":"https:\/\/anivet.lt\/elparduotuve\/wp-content\/uploads\/2024\/12\/dideliu-veisliu-suniukams-su-vistiena.jpg","datePublished":"2024-12-16T14:42:08+00:00","dateModified":"2026-02-04T15:24:03+00:00","description":"Visavertis pa\u0161aras, skirtas dideli\u0173 veisli\u0173 \u0161uniukams nuo 1 iki 12 m\u0117nesi\u0173 ir mil\u017eini\u0161k\u0173 veisli\u0173 \u0161uniukams iki 14 m\u0117nesi\u0173. \u0160i subalansuota formul\u0117 padeda u\u017etikrinti sveik\u0105 augim\u0105 ir tinkam\u0105 vystym\u0105si, praturtinta auk\u0161tos kokyb\u0117s vi\u0161tiena, omega riebal\u0173 r\u016bg\u0161timis ir kitomis b\u016btinosiomis med\u017eiagomis.","breadcrumb":{"@id":"https:\/\/anivet.lt\/elparduotuve\/produktas\/eukanuba-base-sausas-maistas-dideliu-veisliu-suniukams-su-vistiena\/#breadcrumb"},"inLanguage":"lt-LT","potentialAction":[{"@type":"ReadAction","target":["https:\/\/anivet.lt\/elparduotuve\/produktas\/eukanuba-base-sausas-maistas-dideliu-veisliu-suniukams-su-vistiena\/"]}]},{"@type":"ImageObject","inLanguage":"lt-LT","@id":"https:\/\/anivet.lt\/elparduotuve\/produktas\/eukanuba-base-sausas-maistas-dideliu-veisliu-suniukams-su-vistiena\/#primaryimage","url":"https:\/\/anivet.lt\/elparduotuve\/wp-content\/uploads\/2024\/12\/dideliu-veisliu-suniukams-su-vistiena.jpg","contentUrl":"https:\/\/anivet.lt\/elparduotuve\/wp-content\/uploads\/2024\/12\/dideliu-veisliu-suniukams-su-vistiena.jpg","width":650,"height":650,"caption":"Eukanuba Base sausas maistas dideli\u0173 veisli\u0173 \u0161uniukams su vi\u0161tiena"},{"@type":"BreadcrumbList","@id":"https:\/\/anivet.lt\/elparduotuve\/produktas\/eukanuba-base-sausas-maistas-dideliu-veisliu-suniukams-su-vistiena\/#breadcrumb","itemListElement":[{"@type":"ListItem","position":1,"name":"Home","item":"https:\/\/anivet.lt\/elparduotuve\/"},{"@type":"ListItem","position":2,"name":"Produktai","item":"https:\/\/anivet.lt\/elparduotuve\/produktai\/"},{"@type":"ListItem","position":3,"name":"Eukanuba Base sausas maistas dideli\u0173 veisli\u0173 \u0161uniukams su vi\u0161tiena"}]},{"@type":"WebSite","@id":"https:\/\/anivet.lt\/elparduotuve\/#website","url":"https:\/\/anivet.lt\/elparduotuve\/","name":"anivet.lt","description":"Viskas J\u016bs\u0173 \u0161uns, kat\u0117s prie\u017ei\u016brai","publisher":{"@id":"https:\/\/anivet.lt\/elparduotuve\/#organization"},"alternateName":"Viskas J\u016bs\u0173 \u0161uns, kat\u0117s prie\u017ei\u016brai","potentialAction":[{"@type":"SearchAction","target":{"@type":"EntryPoint","urlTemplate":"https:\/\/anivet.lt\/elparduotuve\/?s={search_term_string}"},"query-input":{"@type":"PropertyValueSpecification","valueRequired":true,"valueName":"search_term_string"}}],"inLanguage":"lt-LT"},{"@type":"Organization","@id":"https:\/\/anivet.lt\/elparduotuve\/#organization","name":"Viskas J\u016bs\u0173 \u0161uns, kat\u0117s prie\u017ei\u016brai","url":"https:\/\/anivet.lt\/elparduotuve\/","logo":{"@type":"ImageObject","inLanguage":"lt-LT","@id":"https:\/\/anivet.lt\/elparduotuve\/#\/schema\/logo\/image\/","url":"https:\/\/anivet.lt\/elparduotuve\/wp-content\/uploads\/2023\/06\/logo2.jpg","contentUrl":"https:\/\/anivet.lt\/elparduotuve\/wp-content\/uploads\/2023\/06\/logo2.jpg","width":655,"height":194,"caption":"Viskas J\u016bs\u0173 \u0161uns, kat\u0117s prie\u017ei\u016brai"},"image":{"@id":"https:\/\/anivet.lt\/elparduotuve\/#\/schema\/logo\/image\/"}}]}},"_links":{"self":[{"href":"https:\/\/anivet.lt\/elparduotuve\/wp-json\/wp\/v2\/product\/15571","targetHints":{"allow":["GET"]}}],"collection":[{"href":"https:\/\/anivet.lt\/elparduotuve\/wp-json\/wp\/v2\/product"}],"about":[{"href":"https:\/\/anivet.lt\/elparduotuve\/wp-json\/wp\/v2\/types\/product"}],"wp:featuredmedia":[{"embeddable":true,"href":"https:\/\/anivet.lt\/elparduotuve\/wp-json\/wp\/v2\/media\/19075"}],"wp:attachment":[{"href":"https:\/\/anivet.lt\/elparduotuve\/wp-json\/wp\/v2\/media?parent=15571"}],"wp:term":[{"taxonomy":"product_brand","embeddable":true,"href":"https:\/\/anivet.lt\/elparduotuve\/wp-json\/wp\/v2\/product_brand?post=15571"},{"taxonomy":"product_cat","embeddable":true,"href":"https:\/\/anivet.lt\/elparduotuve\/wp-json\/wp\/v2\/product_cat?post=15571"},{"taxonomy":"product_tag","embeddable":true,"href":"https:\/\/anivet.lt\/elparduotuve\/wp-json\/wp\/v2\/product_tag?post=15571"}],"curies":[{"name":"wp","href":"https:\/\/api.w.org\/{rel}","templated":true}]}}