{"id":15595,"date":"2024-12-17T07:29:15","date_gmt":"2024-12-17T07:29:15","guid":{"rendered":"https:\/\/anivet.lt\/elparduotuve\/?post_type=product&#038;p=15595"},"modified":"2025-11-04T11:03:43","modified_gmt":"2025-11-04T11:03:43","slug":"eukanuba-base-maistas-mazu-veisliu-sunims-su-vistiena-3-kg-15-kg","status":"publish","type":"product","link":"https:\/\/anivet.lt\/elparduotuve\/produktas\/eukanuba-base-maistas-mazu-veisliu-sunims-su-vistiena-3-kg-15-kg\/","title":{"rendered":"Eukanuba Base maistas ma\u017e\u0173 veisli\u0173 \u0161unims su vi\u0161tiena"},"content":{"rendered":"<ul>\n<li><span style=\"font-weight: 400;\">Sveikas kailis ir oda: Nat\u016bral\u016bs omega-6 (3,7%) ir omega-3 (0,46%) riebal\u0173 r\u016bg\u0161\u010di\u0173 \u0161altiniai padeda i\u0161laikyti odos sveikat\u0105 ir kailio blizges\u012f.<\/span><\/li>\n<li style=\"font-weight: 400;\" aria-level=\"1\"><span style=\"font-weight: 400;\">Dant\u0173 sveikata: Unikali Dentadefense technologija ir speciali granul\u0117s forma ma\u017eina apna\u0161\u0173 kaupim\u0105si ir palaiko dant\u0173 \u0161var\u0105 bei sveikat\u0105.<\/span><\/li>\n<li style=\"font-weight: 400;\" aria-level=\"1\"><span style=\"font-weight: 400;\">Imunin\u0117 sistema: Vitaminai E ir C, veikiantys kaip antioksidantai, stiprina organizmo atsparum\u0105 ir imunin\u0119 sistem\u0105.<\/span><\/li>\n<li style=\"font-weight: 400;\" aria-level=\"1\"><span style=\"font-weight: 400;\">Svorio kontrol\u0117: L-karnitinas padeda skaidyti riebalus ir i\u0161laikyti optimal\u0173 k\u016bno svor\u012f, ma\u017einant s\u0105nari\u0173 apkrov\u0105.<\/span><\/li>\n<li style=\"font-weight: 400;\" aria-level=\"1\"><span style=\"font-weight: 400;\">Vir\u0161kinimo palaikymas: Prebiotikai (FOS) ir cukrini\u0173 runkeli\u0173 mink\u0161timas gerina \u017earnyno veikl\u0105 ir maistini\u0173 med\u017eiag\u0173 pasisavinim\u0105.<\/span><\/li>\n<\/ul>\n<p><span style=\"font-weight: 400;\">\u0160is sausas maistas yra puikus pasirinkimas ma\u017e\u0173 veisli\u0173 \u0161unims, u\u017etikrinantis tinkam\u0105 mityb\u0105, sveik\u0105 gyvenimo b\u016bd\u0105 ir energingum\u0105. \u0160i subalansuota formul\u0117 padeda i\u0161laikyti ger\u0105 \u0161uns sveikat\u0105 ir optimal\u0173 k\u016bno svor\u012f viso gyvenimo etapuose.<\/span><\/p>\n","protected":false},"excerpt":{"rendered":"<p><span style=\"font-weight: 400;\">Visavertis sausas pa\u0161aras, sukurtas specialiai ma\u017e\u0173 veisli\u0173 suaugusiems \u0161unims nuo 1 iki 8 met\u0173. \u0160is maistas praturtintas \u0161vie\u017eia vi\u0161tiena ir suteikia visk\u0105, ko reikia aktyviam ir sveikam augintiniui, \u012fskaitant optimali\u0105 svorio kontrol\u0119, sveik\u0105 od\u0105 ir kail\u012f bei ger\u0105 vir\u0161kinim\u0105.<\/span><\/p>\n","protected":false},"featured_media":19079,"template":"","meta":[],"product_brand":[],"product_cat":[101,103,104,322],"product_tag":[],"class_list":{"0":"post-15595","1":"product","2":"type-product","3":"status-publish","4":"has-post-thumbnail","6":"product_cat-sunims","7":"product_cat-sunu-maistas","8":"product_cat-sausas-maistas","9":"product_cat-eukanuba-sunu-maistas","10":"pa_prekinis-zenklas-eukanuba","12":"first","13":"instock","14":"taxable","15":"shipping-taxable","16":"purchasable","17":"product-type-variable"},"yoast_head":"<!-- This site is optimized with the Yoast SEO Premium plugin v27.1 (Yoast SEO v27.5) - https:\/\/yoast.com\/product\/yoast-seo-premium-wordpress\/ -->\n<title>Eukanuba Base maistas ma\u017e\u0173 veisli\u0173 \u0161unims su vi\u0161tiena - anivet.lt<\/title>\n<meta name=\"description\" content=\"Visavertis sausas pa\u0161aras, sukurtas specialiai ma\u017e\u0173 veisli\u0173 suaugusiems \u0161unims nuo 1 iki 8 met\u0173. \u0160is maistas praturtintas \u0161vie\u017eia vi\u0161tiena ir suteikia visk\u0105, ko reikia aktyviam ir sveikam augintiniui, \u012fskaitant optimali\u0105 svorio kontrol\u0119, sveik\u0105 od\u0105 ir kail\u012f bei ger\u0105 vir\u0161kinim\u0105.\" \/>\n<meta name=\"robots\" content=\"index, follow, max-snippet:-1, max-image-preview:large, max-video-preview:-1\" \/>\n<link rel=\"canonical\" href=\"https:\/\/anivet.lt\/elparduotuve\/produktas\/eukanuba-base-maistas-mazu-veisliu-sunims-su-vistiena-3-kg-15-kg\/\" \/>\n<meta property=\"og:locale\" content=\"lt_LT\" \/>\n<meta property=\"og:type\" content=\"article\" \/>\n<meta property=\"og:title\" content=\"Eukanuba Base maistas ma\u017e\u0173 veisli\u0173 \u0161unims su vi\u0161tiena\" \/>\n<meta property=\"og:description\" content=\"Visavertis sausas pa\u0161aras, sukurtas specialiai ma\u017e\u0173 veisli\u0173 suaugusiems \u0161unims nuo 1 iki 8 met\u0173. \u0160is maistas praturtintas \u0161vie\u017eia vi\u0161tiena ir suteikia visk\u0105, ko reikia aktyviam ir sveikam augintiniui, \u012fskaitant optimali\u0105 svorio kontrol\u0119, sveik\u0105 od\u0105 ir kail\u012f bei ger\u0105 vir\u0161kinim\u0105.\" \/>\n<meta property=\"og:url\" content=\"https:\/\/anivet.lt\/elparduotuve\/produktas\/eukanuba-base-maistas-mazu-veisliu-sunims-su-vistiena-3-kg-15-kg\/\" \/>\n<meta property=\"og:site_name\" content=\"anivet.lt\" \/>\n<meta property=\"article:modified_time\" content=\"2025-11-04T11:03:43+00:00\" \/>\n<meta property=\"og:image\" content=\"https:\/\/anivet.lt\/elparduotuve\/wp-content\/uploads\/2024\/12\/Eukanuba-maistas-mazu-veisliu-sunims-su-vistiena.jpg\" \/>\n\t<meta property=\"og:image:width\" content=\"650\" \/>\n\t<meta property=\"og:image:height\" content=\"650\" \/>\n\t<meta property=\"og:image:type\" content=\"image\/jpeg\" \/>\n<meta name=\"twitter:card\" content=\"summary_large_image\" \/>\n<meta name=\"twitter:label1\" content=\"Est. reading time\" \/>\n\t<meta name=\"twitter:data1\" content=\"1 minut\u0117\" \/>\n<script type=\"application\/ld+json\" class=\"yoast-schema-graph\">{\"@context\":\"https:\\\/\\\/schema.org\",\"@graph\":[{\"@type\":\"WebPage\",\"@id\":\"https:\\\/\\\/anivet.lt\\\/elparduotuve\\\/produktas\\\/eukanuba-base-maistas-mazu-veisliu-sunims-su-vistiena-3-kg-15-kg\\\/\",\"url\":\"https:\\\/\\\/anivet.lt\\\/elparduotuve\\\/produktas\\\/eukanuba-base-maistas-mazu-veisliu-sunims-su-vistiena-3-kg-15-kg\\\/\",\"name\":\"Eukanuba Base maistas ma\u017e\u0173 veisli\u0173 \u0161unims su vi\u0161tiena - anivet.lt\",\"isPartOf\":{\"@id\":\"https:\\\/\\\/anivet.lt\\\/elparduotuve\\\/#website\"},\"primaryImageOfPage\":{\"@id\":\"https:\\\/\\\/anivet.lt\\\/elparduotuve\\\/produktas\\\/eukanuba-base-maistas-mazu-veisliu-sunims-su-vistiena-3-kg-15-kg\\\/#primaryimage\"},\"image\":{\"@id\":\"https:\\\/\\\/anivet.lt\\\/elparduotuve\\\/produktas\\\/eukanuba-base-maistas-mazu-veisliu-sunims-su-vistiena-3-kg-15-kg\\\/#primaryimage\"},\"thumbnailUrl\":\"https:\\\/\\\/anivet.lt\\\/elparduotuve\\\/wp-content\\\/uploads\\\/2024\\\/12\\\/Eukanuba-maistas-mazu-veisliu-sunims-su-vistiena.jpg\",\"datePublished\":\"2024-12-17T07:29:15+00:00\",\"dateModified\":\"2025-11-04T11:03:43+00:00\",\"description\":\"Visavertis sausas pa\u0161aras, sukurtas specialiai ma\u017e\u0173 veisli\u0173 suaugusiems \u0161unims nuo 1 iki 8 met\u0173. \u0160is maistas praturtintas \u0161vie\u017eia vi\u0161tiena ir suteikia visk\u0105, ko reikia aktyviam ir sveikam augintiniui, \u012fskaitant optimali\u0105 svorio kontrol\u0119, sveik\u0105 od\u0105 ir kail\u012f bei ger\u0105 vir\u0161kinim\u0105.\",\"breadcrumb\":{\"@id\":\"https:\\\/\\\/anivet.lt\\\/elparduotuve\\\/produktas\\\/eukanuba-base-maistas-mazu-veisliu-sunims-su-vistiena-3-kg-15-kg\\\/#breadcrumb\"},\"inLanguage\":\"lt-LT\",\"potentialAction\":[{\"@type\":\"ReadAction\",\"target\":[\"https:\\\/\\\/anivet.lt\\\/elparduotuve\\\/produktas\\\/eukanuba-base-maistas-mazu-veisliu-sunims-su-vistiena-3-kg-15-kg\\\/\"]}]},{\"@type\":\"ImageObject\",\"inLanguage\":\"lt-LT\",\"@id\":\"https:\\\/\\\/anivet.lt\\\/elparduotuve\\\/produktas\\\/eukanuba-base-maistas-mazu-veisliu-sunims-su-vistiena-3-kg-15-kg\\\/#primaryimage\",\"url\":\"https:\\\/\\\/anivet.lt\\\/elparduotuve\\\/wp-content\\\/uploads\\\/2024\\\/12\\\/Eukanuba-maistas-mazu-veisliu-sunims-su-vistiena.jpg\",\"contentUrl\":\"https:\\\/\\\/anivet.lt\\\/elparduotuve\\\/wp-content\\\/uploads\\\/2024\\\/12\\\/Eukanuba-maistas-mazu-veisliu-sunims-su-vistiena.jpg\",\"width\":650,\"height\":650,\"caption\":\"Eukanuba Base maistas ma\u017e\u0173 veisli\u0173 \u0161unims su vi\u0161tiena\"},{\"@type\":\"BreadcrumbList\",\"@id\":\"https:\\\/\\\/anivet.lt\\\/elparduotuve\\\/produktas\\\/eukanuba-base-maistas-mazu-veisliu-sunims-su-vistiena-3-kg-15-kg\\\/#breadcrumb\",\"itemListElement\":[{\"@type\":\"ListItem\",\"position\":1,\"name\":\"Home\",\"item\":\"https:\\\/\\\/anivet.lt\\\/elparduotuve\\\/\"},{\"@type\":\"ListItem\",\"position\":2,\"name\":\"Produktai\",\"item\":\"https:\\\/\\\/anivet.lt\\\/elparduotuve\\\/produktai\\\/\"},{\"@type\":\"ListItem\",\"position\":3,\"name\":\"Eukanuba Base maistas ma\u017e\u0173 veisli\u0173 \u0161unims su vi\u0161tiena\"}]},{\"@type\":\"WebSite\",\"@id\":\"https:\\\/\\\/anivet.lt\\\/elparduotuve\\\/#website\",\"url\":\"https:\\\/\\\/anivet.lt\\\/elparduotuve\\\/\",\"name\":\"anivet.lt\",\"description\":\"Viskas J\u016bs\u0173 \u0161uns, kat\u0117s prie\u017ei\u016brai\",\"publisher\":{\"@id\":\"https:\\\/\\\/anivet.lt\\\/elparduotuve\\\/#organization\"},\"alternateName\":\"Viskas J\u016bs\u0173 \u0161uns, kat\u0117s prie\u017ei\u016brai\",\"potentialAction\":[{\"@type\":\"SearchAction\",\"target\":{\"@type\":\"EntryPoint\",\"urlTemplate\":\"https:\\\/\\\/anivet.lt\\\/elparduotuve\\\/?s={search_term_string}\"},\"query-input\":{\"@type\":\"PropertyValueSpecification\",\"valueRequired\":true,\"valueName\":\"search_term_string\"}}],\"inLanguage\":\"lt-LT\"},{\"@type\":\"Organization\",\"@id\":\"https:\\\/\\\/anivet.lt\\\/elparduotuve\\\/#organization\",\"name\":\"Viskas J\u016bs\u0173 \u0161uns, kat\u0117s prie\u017ei\u016brai\",\"url\":\"https:\\\/\\\/anivet.lt\\\/elparduotuve\\\/\",\"logo\":{\"@type\":\"ImageObject\",\"inLanguage\":\"lt-LT\",\"@id\":\"https:\\\/\\\/anivet.lt\\\/elparduotuve\\\/#\\\/schema\\\/logo\\\/image\\\/\",\"url\":\"https:\\\/\\\/anivet.lt\\\/elparduotuve\\\/wp-content\\\/uploads\\\/2023\\\/06\\\/logo2.jpg\",\"contentUrl\":\"https:\\\/\\\/anivet.lt\\\/elparduotuve\\\/wp-content\\\/uploads\\\/2023\\\/06\\\/logo2.jpg\",\"width\":655,\"height\":194,\"caption\":\"Viskas J\u016bs\u0173 \u0161uns, kat\u0117s prie\u017ei\u016brai\"},\"image\":{\"@id\":\"https:\\\/\\\/anivet.lt\\\/elparduotuve\\\/#\\\/schema\\\/logo\\\/image\\\/\"}}]}<\/script>\n<!-- \/ Yoast SEO Premium plugin. -->","yoast_head_json":{"title":"Eukanuba Base maistas ma\u017e\u0173 veisli\u0173 \u0161unims su vi\u0161tiena - anivet.lt","description":"Visavertis sausas pa\u0161aras, sukurtas specialiai ma\u017e\u0173 veisli\u0173 suaugusiems \u0161unims nuo 1 iki 8 met\u0173. \u0160is maistas praturtintas \u0161vie\u017eia vi\u0161tiena ir suteikia visk\u0105, ko reikia aktyviam ir sveikam augintiniui, \u012fskaitant optimali\u0105 svorio kontrol\u0119, sveik\u0105 od\u0105 ir kail\u012f bei ger\u0105 vir\u0161kinim\u0105.","robots":{"index":"index","follow":"follow","max-snippet":"max-snippet:-1","max-image-preview":"max-image-preview:large","max-video-preview":"max-video-preview:-1"},"canonical":"https:\/\/anivet.lt\/elparduotuve\/produktas\/eukanuba-base-maistas-mazu-veisliu-sunims-su-vistiena-3-kg-15-kg\/","og_locale":"lt_LT","og_type":"article","og_title":"Eukanuba Base maistas ma\u017e\u0173 veisli\u0173 \u0161unims su vi\u0161tiena","og_description":"Visavertis sausas pa\u0161aras, sukurtas specialiai ma\u017e\u0173 veisli\u0173 suaugusiems \u0161unims nuo 1 iki 8 met\u0173. \u0160is maistas praturtintas \u0161vie\u017eia vi\u0161tiena ir suteikia visk\u0105, ko reikia aktyviam ir sveikam augintiniui, \u012fskaitant optimali\u0105 svorio kontrol\u0119, sveik\u0105 od\u0105 ir kail\u012f bei ger\u0105 vir\u0161kinim\u0105.","og_url":"https:\/\/anivet.lt\/elparduotuve\/produktas\/eukanuba-base-maistas-mazu-veisliu-sunims-su-vistiena-3-kg-15-kg\/","og_site_name":"anivet.lt","article_modified_time":"2025-11-04T11:03:43+00:00","og_image":[{"width":650,"height":650,"url":"https:\/\/anivet.lt\/elparduotuve\/wp-content\/uploads\/2024\/12\/Eukanuba-maistas-mazu-veisliu-sunims-su-vistiena.jpg","type":"image\/jpeg"}],"twitter_card":"summary_large_image","twitter_misc":{"Est. reading time":"1 minut\u0117"},"schema":{"@context":"https:\/\/schema.org","@graph":[{"@type":"WebPage","@id":"https:\/\/anivet.lt\/elparduotuve\/produktas\/eukanuba-base-maistas-mazu-veisliu-sunims-su-vistiena-3-kg-15-kg\/","url":"https:\/\/anivet.lt\/elparduotuve\/produktas\/eukanuba-base-maistas-mazu-veisliu-sunims-su-vistiena-3-kg-15-kg\/","name":"Eukanuba Base maistas ma\u017e\u0173 veisli\u0173 \u0161unims su vi\u0161tiena - anivet.lt","isPartOf":{"@id":"https:\/\/anivet.lt\/elparduotuve\/#website"},"primaryImageOfPage":{"@id":"https:\/\/anivet.lt\/elparduotuve\/produktas\/eukanuba-base-maistas-mazu-veisliu-sunims-su-vistiena-3-kg-15-kg\/#primaryimage"},"image":{"@id":"https:\/\/anivet.lt\/elparduotuve\/produktas\/eukanuba-base-maistas-mazu-veisliu-sunims-su-vistiena-3-kg-15-kg\/#primaryimage"},"thumbnailUrl":"https:\/\/anivet.lt\/elparduotuve\/wp-content\/uploads\/2024\/12\/Eukanuba-maistas-mazu-veisliu-sunims-su-vistiena.jpg","datePublished":"2024-12-17T07:29:15+00:00","dateModified":"2025-11-04T11:03:43+00:00","description":"Visavertis sausas pa\u0161aras, sukurtas specialiai ma\u017e\u0173 veisli\u0173 suaugusiems \u0161unims nuo 1 iki 8 met\u0173. \u0160is maistas praturtintas \u0161vie\u017eia vi\u0161tiena ir suteikia visk\u0105, ko reikia aktyviam ir sveikam augintiniui, \u012fskaitant optimali\u0105 svorio kontrol\u0119, sveik\u0105 od\u0105 ir kail\u012f bei ger\u0105 vir\u0161kinim\u0105.","breadcrumb":{"@id":"https:\/\/anivet.lt\/elparduotuve\/produktas\/eukanuba-base-maistas-mazu-veisliu-sunims-su-vistiena-3-kg-15-kg\/#breadcrumb"},"inLanguage":"lt-LT","potentialAction":[{"@type":"ReadAction","target":["https:\/\/anivet.lt\/elparduotuve\/produktas\/eukanuba-base-maistas-mazu-veisliu-sunims-su-vistiena-3-kg-15-kg\/"]}]},{"@type":"ImageObject","inLanguage":"lt-LT","@id":"https:\/\/anivet.lt\/elparduotuve\/produktas\/eukanuba-base-maistas-mazu-veisliu-sunims-su-vistiena-3-kg-15-kg\/#primaryimage","url":"https:\/\/anivet.lt\/elparduotuve\/wp-content\/uploads\/2024\/12\/Eukanuba-maistas-mazu-veisliu-sunims-su-vistiena.jpg","contentUrl":"https:\/\/anivet.lt\/elparduotuve\/wp-content\/uploads\/2024\/12\/Eukanuba-maistas-mazu-veisliu-sunims-su-vistiena.jpg","width":650,"height":650,"caption":"Eukanuba Base maistas ma\u017e\u0173 veisli\u0173 \u0161unims su vi\u0161tiena"},{"@type":"BreadcrumbList","@id":"https:\/\/anivet.lt\/elparduotuve\/produktas\/eukanuba-base-maistas-mazu-veisliu-sunims-su-vistiena-3-kg-15-kg\/#breadcrumb","itemListElement":[{"@type":"ListItem","position":1,"name":"Home","item":"https:\/\/anivet.lt\/elparduotuve\/"},{"@type":"ListItem","position":2,"name":"Produktai","item":"https:\/\/anivet.lt\/elparduotuve\/produktai\/"},{"@type":"ListItem","position":3,"name":"Eukanuba Base maistas ma\u017e\u0173 veisli\u0173 \u0161unims su vi\u0161tiena"}]},{"@type":"WebSite","@id":"https:\/\/anivet.lt\/elparduotuve\/#website","url":"https:\/\/anivet.lt\/elparduotuve\/","name":"anivet.lt","description":"Viskas J\u016bs\u0173 \u0161uns, kat\u0117s prie\u017ei\u016brai","publisher":{"@id":"https:\/\/anivet.lt\/elparduotuve\/#organization"},"alternateName":"Viskas J\u016bs\u0173 \u0161uns, kat\u0117s prie\u017ei\u016brai","potentialAction":[{"@type":"SearchAction","target":{"@type":"EntryPoint","urlTemplate":"https:\/\/anivet.lt\/elparduotuve\/?s={search_term_string}"},"query-input":{"@type":"PropertyValueSpecification","valueRequired":true,"valueName":"search_term_string"}}],"inLanguage":"lt-LT"},{"@type":"Organization","@id":"https:\/\/anivet.lt\/elparduotuve\/#organization","name":"Viskas J\u016bs\u0173 \u0161uns, kat\u0117s prie\u017ei\u016brai","url":"https:\/\/anivet.lt\/elparduotuve\/","logo":{"@type":"ImageObject","inLanguage":"lt-LT","@id":"https:\/\/anivet.lt\/elparduotuve\/#\/schema\/logo\/image\/","url":"https:\/\/anivet.lt\/elparduotuve\/wp-content\/uploads\/2023\/06\/logo2.jpg","contentUrl":"https:\/\/anivet.lt\/elparduotuve\/wp-content\/uploads\/2023\/06\/logo2.jpg","width":655,"height":194,"caption":"Viskas J\u016bs\u0173 \u0161uns, kat\u0117s prie\u017ei\u016brai"},"image":{"@id":"https:\/\/anivet.lt\/elparduotuve\/#\/schema\/logo\/image\/"}}]}},"_links":{"self":[{"href":"https:\/\/anivet.lt\/elparduotuve\/wp-json\/wp\/v2\/product\/15595","targetHints":{"allow":["GET"]}}],"collection":[{"href":"https:\/\/anivet.lt\/elparduotuve\/wp-json\/wp\/v2\/product"}],"about":[{"href":"https:\/\/anivet.lt\/elparduotuve\/wp-json\/wp\/v2\/types\/product"}],"wp:featuredmedia":[{"embeddable":true,"href":"https:\/\/anivet.lt\/elparduotuve\/wp-json\/wp\/v2\/media\/19079"}],"wp:attachment":[{"href":"https:\/\/anivet.lt\/elparduotuve\/wp-json\/wp\/v2\/media?parent=15595"}],"wp:term":[{"taxonomy":"product_brand","embeddable":true,"href":"https:\/\/anivet.lt\/elparduotuve\/wp-json\/wp\/v2\/product_brand?post=15595"},{"taxonomy":"product_cat","embeddable":true,"href":"https:\/\/anivet.lt\/elparduotuve\/wp-json\/wp\/v2\/product_cat?post=15595"},{"taxonomy":"product_tag","embeddable":true,"href":"https:\/\/anivet.lt\/elparduotuve\/wp-json\/wp\/v2\/product_tag?post=15595"}],"curies":[{"name":"wp","href":"https:\/\/api.w.org\/{rel}","templated":true}]}}