{"id":15599,"date":"2024-12-17T07:42:06","date_gmt":"2024-12-17T07:42:06","guid":{"rendered":"https:\/\/anivet.lt\/elparduotuve\/?post_type=product&#038;p=15599"},"modified":"2026-02-27T12:58:49","modified_gmt":"2026-02-27T12:58:49","slug":"eukanuba-base-sausas-maistas-mazu-ir-vidutiniu-veisliu-sunims-su-lasisa-ir-mieziais","status":"publish","type":"product","link":"https:\/\/anivet.lt\/elparduotuve\/produktas\/eukanuba-base-sausas-maistas-mazu-ir-vidutiniu-veisliu-sunims-su-lasisa-ir-mieziais\/","title":{"rendered":"Eukanuba Base sausas maistas ma\u017e\u0173 ir vidutini\u0173 veisli\u0173 \u0161unims su la\u0161i\u0161a ir mie\u017eiais"},"content":{"rendered":"<ul>\n<li><span style=\"font-weight: 400;\">Dant\u0173 sveikata: DentaDefense technologija ir speciali granuli\u0173 forma padeda palaikyti \u0161varius ir sveikus dantis, ma\u017einant apna\u0161\u0173 ir akmen\u0173 susidarym\u0105.<\/span><\/li>\n<li style=\"font-weight: 400;\" aria-level=\"1\"><span style=\"font-weight: 400;\">Sveikas kailis ir oda: Nat\u016bral\u016bs omega-6 (3,6%) ir omega-3 (0,8%) riebal\u0173 r\u016bg\u0161\u010di\u0173 \u0161altiniai u\u017etikrina odos sveikat\u0105 ir kailio blizges\u012f.<\/span><\/li>\n<li style=\"font-weight: 400;\" aria-level=\"1\"><span style=\"font-weight: 400;\">Svorio kontrol\u0117: L-karnitinas padeda efektyviai skaidyti riebalus, i\u0161laikant optimal\u0173 k\u016bno svor\u012f.<\/span><\/li>\n<li style=\"font-weight: 400;\" aria-level=\"1\"><span style=\"font-weight: 400;\">Vir\u0161kinimo palaikymas: Prebiotikai FOS ir cukrini\u0173 runkeli\u0173 mink\u0161timas skatina skland\u0173 vir\u0161kinim\u0105 ir sveik\u0105 \u017earnyno mikrobiot\u0105.<\/span><\/li>\n<li style=\"font-weight: 400;\" aria-level=\"1\"><span style=\"font-weight: 400;\">Subalansuota sud\u0117tis: La\u0161i\u0161a (14%) ir mie\u017eiai (14%) u\u017etikrina auk\u0161tos kokyb\u0117s baltymus bei angliavandenius, reikalingus energijai ir raumen\u0173 palaikymui.<\/span><\/li>\n<\/ul>\n<p><span style=\"font-weight: 400;\">\u0160is sausas maistas su la\u0161i\u0161a ir mie\u017eiais \u2013 tai visavertis ir subalansuotas pasirinkimas, padedantis i\u0161laikyti j\u016bs\u0173 augintinio sveikat\u0105, energij\u0105 ir ger\u0105 savijaut\u0105 kasdien. Puikus pasirinkimas \u0161unims, kurie vertina nat\u016bral\u0173 skon\u012f ir sveik\u0105 mityb\u0105.<\/span><\/p>\n","protected":false},"excerpt":{"rendered":"<p><span style=\"font-weight: 400;\">\u0160is auk\u0161tos kokyb\u0117s sausas pa\u0161aras yra specialiai sukurtas ma\u017e\u0173 ir vidutini\u0173 veisli\u0173 \u0161unims, u\u017etikrinant sveik\u0105 kail\u012f, ger\u0105 vir\u0161kinim\u0105 ir optimal\u0173 k\u016bno svor\u012f. Sud\u0117tis praturtinta la\u0161i\u0161a ir mie\u017eiais, kad \u0161uo gaut\u0173 reikiamas maistines med\u017eiagas bei energij\u0105.<\/span><\/p>\n","protected":false},"featured_media":19083,"template":"","meta":[],"product_brand":[],"product_cat":[101,103,104,322],"product_tag":[],"class_list":{"0":"post-15599","1":"product","2":"type-product","3":"status-publish","4":"has-post-thumbnail","6":"product_cat-sunims","7":"product_cat-sunu-maistas","8":"product_cat-sausas-maistas","9":"product_cat-eukanuba-sunu-maistas","10":"pa_prekinis-zenklas-eukanuba","12":"first","13":"instock","14":"taxable","15":"shipping-taxable","16":"purchasable","17":"product-type-variable"},"yoast_head":"<!-- This site is optimized with the Yoast SEO Premium plugin v27.1 (Yoast SEO v27.5) - https:\/\/yoast.com\/product\/yoast-seo-premium-wordpress\/ -->\n<title>Eukanuba Base sausas maistas ma\u017e\u0173 ir vidutini\u0173 veisli\u0173 \u0161unims su la\u0161i\u0161a ir mie\u017eiais - anivet.lt<\/title>\n<meta name=\"description\" content=\"\u0160is auk\u0161tos kokyb\u0117s sausas pa\u0161aras yra specialiai sukurtas ma\u017e\u0173 ir vidutini\u0173 veisli\u0173 \u0161unims, u\u017etikrinant sveik\u0105 kail\u012f, ger\u0105 vir\u0161kinim\u0105 ir optimal\u0173 k\u016bno svor\u012f. Sud\u0117tis praturtinta la\u0161i\u0161a ir mie\u017eiais, kad \u0161uo gaut\u0173 reikiamas maistines med\u017eiagas bei energij\u0105.\" \/>\n<meta name=\"robots\" content=\"index, follow, max-snippet:-1, max-image-preview:large, max-video-preview:-1\" \/>\n<link rel=\"canonical\" href=\"https:\/\/anivet.lt\/elparduotuve\/produktas\/eukanuba-base-sausas-maistas-mazu-ir-vidutiniu-veisliu-sunims-su-lasisa-ir-mieziais\/\" \/>\n<meta property=\"og:locale\" content=\"lt_LT\" \/>\n<meta property=\"og:type\" content=\"article\" \/>\n<meta property=\"og:title\" content=\"Eukanuba Base sausas maistas ma\u017e\u0173 ir vidutini\u0173 veisli\u0173 \u0161unims su la\u0161i\u0161a ir mie\u017eiais\" \/>\n<meta property=\"og:description\" content=\"\u0160is auk\u0161tos kokyb\u0117s sausas pa\u0161aras yra specialiai sukurtas ma\u017e\u0173 ir vidutini\u0173 veisli\u0173 \u0161unims, u\u017etikrinant sveik\u0105 kail\u012f, ger\u0105 vir\u0161kinim\u0105 ir optimal\u0173 k\u016bno svor\u012f. Sud\u0117tis praturtinta la\u0161i\u0161a ir mie\u017eiais, kad \u0161uo gaut\u0173 reikiamas maistines med\u017eiagas bei energij\u0105.\" \/>\n<meta property=\"og:url\" content=\"https:\/\/anivet.lt\/elparduotuve\/produktas\/eukanuba-base-sausas-maistas-mazu-ir-vidutiniu-veisliu-sunims-su-lasisa-ir-mieziais\/\" \/>\n<meta property=\"og:site_name\" content=\"anivet.lt\" \/>\n<meta property=\"article:modified_time\" content=\"2026-02-27T12:58:49+00:00\" \/>\n<meta property=\"og:image\" content=\"https:\/\/anivet.lt\/elparduotuve\/wp-content\/uploads\/2024\/12\/Eukanuba-maistas-mazu-ir-vidutiniu-veisliu-sunims-su-lasisa-ir-mieziais-2.jpg\" \/>\n\t<meta property=\"og:image:width\" content=\"500\" \/>\n\t<meta property=\"og:image:height\" content=\"500\" \/>\n\t<meta property=\"og:image:type\" content=\"image\/jpeg\" \/>\n<meta name=\"twitter:card\" content=\"summary_large_image\" \/>\n<meta name=\"twitter:label1\" content=\"Est. reading time\" \/>\n\t<meta name=\"twitter:data1\" content=\"1 minut\u0117\" \/>\n<script type=\"application\/ld+json\" class=\"yoast-schema-graph\">{\"@context\":\"https:\\\/\\\/schema.org\",\"@graph\":[{\"@type\":\"WebPage\",\"@id\":\"https:\\\/\\\/anivet.lt\\\/elparduotuve\\\/produktas\\\/eukanuba-base-sausas-maistas-mazu-ir-vidutiniu-veisliu-sunims-su-lasisa-ir-mieziais\\\/\",\"url\":\"https:\\\/\\\/anivet.lt\\\/elparduotuve\\\/produktas\\\/eukanuba-base-sausas-maistas-mazu-ir-vidutiniu-veisliu-sunims-su-lasisa-ir-mieziais\\\/\",\"name\":\"Eukanuba Base sausas maistas ma\u017e\u0173 ir vidutini\u0173 veisli\u0173 \u0161unims su la\u0161i\u0161a ir mie\u017eiais - anivet.lt\",\"isPartOf\":{\"@id\":\"https:\\\/\\\/anivet.lt\\\/elparduotuve\\\/#website\"},\"primaryImageOfPage\":{\"@id\":\"https:\\\/\\\/anivet.lt\\\/elparduotuve\\\/produktas\\\/eukanuba-base-sausas-maistas-mazu-ir-vidutiniu-veisliu-sunims-su-lasisa-ir-mieziais\\\/#primaryimage\"},\"image\":{\"@id\":\"https:\\\/\\\/anivet.lt\\\/elparduotuve\\\/produktas\\\/eukanuba-base-sausas-maistas-mazu-ir-vidutiniu-veisliu-sunims-su-lasisa-ir-mieziais\\\/#primaryimage\"},\"thumbnailUrl\":\"https:\\\/\\\/anivet.lt\\\/elparduotuve\\\/wp-content\\\/uploads\\\/2024\\\/12\\\/Eukanuba-maistas-mazu-ir-vidutiniu-veisliu-sunims-su-lasisa-ir-mieziais-2.jpg\",\"datePublished\":\"2024-12-17T07:42:06+00:00\",\"dateModified\":\"2026-02-27T12:58:49+00:00\",\"description\":\"\u0160is auk\u0161tos kokyb\u0117s sausas pa\u0161aras yra specialiai sukurtas ma\u017e\u0173 ir vidutini\u0173 veisli\u0173 \u0161unims, u\u017etikrinant sveik\u0105 kail\u012f, ger\u0105 vir\u0161kinim\u0105 ir optimal\u0173 k\u016bno svor\u012f. Sud\u0117tis praturtinta la\u0161i\u0161a ir mie\u017eiais, kad \u0161uo gaut\u0173 reikiamas maistines med\u017eiagas bei energij\u0105.\",\"breadcrumb\":{\"@id\":\"https:\\\/\\\/anivet.lt\\\/elparduotuve\\\/produktas\\\/eukanuba-base-sausas-maistas-mazu-ir-vidutiniu-veisliu-sunims-su-lasisa-ir-mieziais\\\/#breadcrumb\"},\"inLanguage\":\"lt-LT\",\"potentialAction\":[{\"@type\":\"ReadAction\",\"target\":[\"https:\\\/\\\/anivet.lt\\\/elparduotuve\\\/produktas\\\/eukanuba-base-sausas-maistas-mazu-ir-vidutiniu-veisliu-sunims-su-lasisa-ir-mieziais\\\/\"]}]},{\"@type\":\"ImageObject\",\"inLanguage\":\"lt-LT\",\"@id\":\"https:\\\/\\\/anivet.lt\\\/elparduotuve\\\/produktas\\\/eukanuba-base-sausas-maistas-mazu-ir-vidutiniu-veisliu-sunims-su-lasisa-ir-mieziais\\\/#primaryimage\",\"url\":\"https:\\\/\\\/anivet.lt\\\/elparduotuve\\\/wp-content\\\/uploads\\\/2024\\\/12\\\/Eukanuba-maistas-mazu-ir-vidutiniu-veisliu-sunims-su-lasisa-ir-mieziais-2.jpg\",\"contentUrl\":\"https:\\\/\\\/anivet.lt\\\/elparduotuve\\\/wp-content\\\/uploads\\\/2024\\\/12\\\/Eukanuba-maistas-mazu-ir-vidutiniu-veisliu-sunims-su-lasisa-ir-mieziais-2.jpg\",\"width\":500,\"height\":500,\"caption\":\"Eukanuba Base sausas maistas ma\u017e\u0173 ir vidutini\u0173 veisli\u0173 \u0161unims su la\u0161i\u0161a ir mie\u017eiais\"},{\"@type\":\"BreadcrumbList\",\"@id\":\"https:\\\/\\\/anivet.lt\\\/elparduotuve\\\/produktas\\\/eukanuba-base-sausas-maistas-mazu-ir-vidutiniu-veisliu-sunims-su-lasisa-ir-mieziais\\\/#breadcrumb\",\"itemListElement\":[{\"@type\":\"ListItem\",\"position\":1,\"name\":\"Home\",\"item\":\"https:\\\/\\\/anivet.lt\\\/elparduotuve\\\/\"},{\"@type\":\"ListItem\",\"position\":2,\"name\":\"Produktai\",\"item\":\"https:\\\/\\\/anivet.lt\\\/elparduotuve\\\/produktai\\\/\"},{\"@type\":\"ListItem\",\"position\":3,\"name\":\"Eukanuba Base sausas maistas ma\u017e\u0173 ir vidutini\u0173 veisli\u0173 \u0161unims su la\u0161i\u0161a ir mie\u017eiais\"}]},{\"@type\":\"WebSite\",\"@id\":\"https:\\\/\\\/anivet.lt\\\/elparduotuve\\\/#website\",\"url\":\"https:\\\/\\\/anivet.lt\\\/elparduotuve\\\/\",\"name\":\"anivet.lt\",\"description\":\"Viskas J\u016bs\u0173 \u0161uns, kat\u0117s prie\u017ei\u016brai\",\"publisher\":{\"@id\":\"https:\\\/\\\/anivet.lt\\\/elparduotuve\\\/#organization\"},\"alternateName\":\"Viskas J\u016bs\u0173 \u0161uns, kat\u0117s prie\u017ei\u016brai\",\"potentialAction\":[{\"@type\":\"SearchAction\",\"target\":{\"@type\":\"EntryPoint\",\"urlTemplate\":\"https:\\\/\\\/anivet.lt\\\/elparduotuve\\\/?s={search_term_string}\"},\"query-input\":{\"@type\":\"PropertyValueSpecification\",\"valueRequired\":true,\"valueName\":\"search_term_string\"}}],\"inLanguage\":\"lt-LT\"},{\"@type\":\"Organization\",\"@id\":\"https:\\\/\\\/anivet.lt\\\/elparduotuve\\\/#organization\",\"name\":\"Viskas J\u016bs\u0173 \u0161uns, kat\u0117s prie\u017ei\u016brai\",\"url\":\"https:\\\/\\\/anivet.lt\\\/elparduotuve\\\/\",\"logo\":{\"@type\":\"ImageObject\",\"inLanguage\":\"lt-LT\",\"@id\":\"https:\\\/\\\/anivet.lt\\\/elparduotuve\\\/#\\\/schema\\\/logo\\\/image\\\/\",\"url\":\"https:\\\/\\\/anivet.lt\\\/elparduotuve\\\/wp-content\\\/uploads\\\/2023\\\/06\\\/logo2.jpg\",\"contentUrl\":\"https:\\\/\\\/anivet.lt\\\/elparduotuve\\\/wp-content\\\/uploads\\\/2023\\\/06\\\/logo2.jpg\",\"width\":655,\"height\":194,\"caption\":\"Viskas J\u016bs\u0173 \u0161uns, kat\u0117s prie\u017ei\u016brai\"},\"image\":{\"@id\":\"https:\\\/\\\/anivet.lt\\\/elparduotuve\\\/#\\\/schema\\\/logo\\\/image\\\/\"}}]}<\/script>\n<!-- \/ Yoast SEO Premium plugin. -->","yoast_head_json":{"title":"Eukanuba Base sausas maistas ma\u017e\u0173 ir vidutini\u0173 veisli\u0173 \u0161unims su la\u0161i\u0161a ir mie\u017eiais - anivet.lt","description":"\u0160is auk\u0161tos kokyb\u0117s sausas pa\u0161aras yra specialiai sukurtas ma\u017e\u0173 ir vidutini\u0173 veisli\u0173 \u0161unims, u\u017etikrinant sveik\u0105 kail\u012f, ger\u0105 vir\u0161kinim\u0105 ir optimal\u0173 k\u016bno svor\u012f. Sud\u0117tis praturtinta la\u0161i\u0161a ir mie\u017eiais, kad \u0161uo gaut\u0173 reikiamas maistines med\u017eiagas bei energij\u0105.","robots":{"index":"index","follow":"follow","max-snippet":"max-snippet:-1","max-image-preview":"max-image-preview:large","max-video-preview":"max-video-preview:-1"},"canonical":"https:\/\/anivet.lt\/elparduotuve\/produktas\/eukanuba-base-sausas-maistas-mazu-ir-vidutiniu-veisliu-sunims-su-lasisa-ir-mieziais\/","og_locale":"lt_LT","og_type":"article","og_title":"Eukanuba Base sausas maistas ma\u017e\u0173 ir vidutini\u0173 veisli\u0173 \u0161unims su la\u0161i\u0161a ir mie\u017eiais","og_description":"\u0160is auk\u0161tos kokyb\u0117s sausas pa\u0161aras yra specialiai sukurtas ma\u017e\u0173 ir vidutini\u0173 veisli\u0173 \u0161unims, u\u017etikrinant sveik\u0105 kail\u012f, ger\u0105 vir\u0161kinim\u0105 ir optimal\u0173 k\u016bno svor\u012f. Sud\u0117tis praturtinta la\u0161i\u0161a ir mie\u017eiais, kad \u0161uo gaut\u0173 reikiamas maistines med\u017eiagas bei energij\u0105.","og_url":"https:\/\/anivet.lt\/elparduotuve\/produktas\/eukanuba-base-sausas-maistas-mazu-ir-vidutiniu-veisliu-sunims-su-lasisa-ir-mieziais\/","og_site_name":"anivet.lt","article_modified_time":"2026-02-27T12:58:49+00:00","og_image":[{"width":500,"height":500,"url":"https:\/\/anivet.lt\/elparduotuve\/wp-content\/uploads\/2024\/12\/Eukanuba-maistas-mazu-ir-vidutiniu-veisliu-sunims-su-lasisa-ir-mieziais-2.jpg","type":"image\/jpeg"}],"twitter_card":"summary_large_image","twitter_misc":{"Est. reading time":"1 minut\u0117"},"schema":{"@context":"https:\/\/schema.org","@graph":[{"@type":"WebPage","@id":"https:\/\/anivet.lt\/elparduotuve\/produktas\/eukanuba-base-sausas-maistas-mazu-ir-vidutiniu-veisliu-sunims-su-lasisa-ir-mieziais\/","url":"https:\/\/anivet.lt\/elparduotuve\/produktas\/eukanuba-base-sausas-maistas-mazu-ir-vidutiniu-veisliu-sunims-su-lasisa-ir-mieziais\/","name":"Eukanuba Base sausas maistas ma\u017e\u0173 ir vidutini\u0173 veisli\u0173 \u0161unims su la\u0161i\u0161a ir mie\u017eiais - anivet.lt","isPartOf":{"@id":"https:\/\/anivet.lt\/elparduotuve\/#website"},"primaryImageOfPage":{"@id":"https:\/\/anivet.lt\/elparduotuve\/produktas\/eukanuba-base-sausas-maistas-mazu-ir-vidutiniu-veisliu-sunims-su-lasisa-ir-mieziais\/#primaryimage"},"image":{"@id":"https:\/\/anivet.lt\/elparduotuve\/produktas\/eukanuba-base-sausas-maistas-mazu-ir-vidutiniu-veisliu-sunims-su-lasisa-ir-mieziais\/#primaryimage"},"thumbnailUrl":"https:\/\/anivet.lt\/elparduotuve\/wp-content\/uploads\/2024\/12\/Eukanuba-maistas-mazu-ir-vidutiniu-veisliu-sunims-su-lasisa-ir-mieziais-2.jpg","datePublished":"2024-12-17T07:42:06+00:00","dateModified":"2026-02-27T12:58:49+00:00","description":"\u0160is auk\u0161tos kokyb\u0117s sausas pa\u0161aras yra specialiai sukurtas ma\u017e\u0173 ir vidutini\u0173 veisli\u0173 \u0161unims, u\u017etikrinant sveik\u0105 kail\u012f, ger\u0105 vir\u0161kinim\u0105 ir optimal\u0173 k\u016bno svor\u012f. Sud\u0117tis praturtinta la\u0161i\u0161a ir mie\u017eiais, kad \u0161uo gaut\u0173 reikiamas maistines med\u017eiagas bei energij\u0105.","breadcrumb":{"@id":"https:\/\/anivet.lt\/elparduotuve\/produktas\/eukanuba-base-sausas-maistas-mazu-ir-vidutiniu-veisliu-sunims-su-lasisa-ir-mieziais\/#breadcrumb"},"inLanguage":"lt-LT","potentialAction":[{"@type":"ReadAction","target":["https:\/\/anivet.lt\/elparduotuve\/produktas\/eukanuba-base-sausas-maistas-mazu-ir-vidutiniu-veisliu-sunims-su-lasisa-ir-mieziais\/"]}]},{"@type":"ImageObject","inLanguage":"lt-LT","@id":"https:\/\/anivet.lt\/elparduotuve\/produktas\/eukanuba-base-sausas-maistas-mazu-ir-vidutiniu-veisliu-sunims-su-lasisa-ir-mieziais\/#primaryimage","url":"https:\/\/anivet.lt\/elparduotuve\/wp-content\/uploads\/2024\/12\/Eukanuba-maistas-mazu-ir-vidutiniu-veisliu-sunims-su-lasisa-ir-mieziais-2.jpg","contentUrl":"https:\/\/anivet.lt\/elparduotuve\/wp-content\/uploads\/2024\/12\/Eukanuba-maistas-mazu-ir-vidutiniu-veisliu-sunims-su-lasisa-ir-mieziais-2.jpg","width":500,"height":500,"caption":"Eukanuba Base sausas maistas ma\u017e\u0173 ir vidutini\u0173 veisli\u0173 \u0161unims su la\u0161i\u0161a ir mie\u017eiais"},{"@type":"BreadcrumbList","@id":"https:\/\/anivet.lt\/elparduotuve\/produktas\/eukanuba-base-sausas-maistas-mazu-ir-vidutiniu-veisliu-sunims-su-lasisa-ir-mieziais\/#breadcrumb","itemListElement":[{"@type":"ListItem","position":1,"name":"Home","item":"https:\/\/anivet.lt\/elparduotuve\/"},{"@type":"ListItem","position":2,"name":"Produktai","item":"https:\/\/anivet.lt\/elparduotuve\/produktai\/"},{"@type":"ListItem","position":3,"name":"Eukanuba Base sausas maistas ma\u017e\u0173 ir vidutini\u0173 veisli\u0173 \u0161unims su la\u0161i\u0161a ir mie\u017eiais"}]},{"@type":"WebSite","@id":"https:\/\/anivet.lt\/elparduotuve\/#website","url":"https:\/\/anivet.lt\/elparduotuve\/","name":"anivet.lt","description":"Viskas J\u016bs\u0173 \u0161uns, kat\u0117s prie\u017ei\u016brai","publisher":{"@id":"https:\/\/anivet.lt\/elparduotuve\/#organization"},"alternateName":"Viskas J\u016bs\u0173 \u0161uns, kat\u0117s prie\u017ei\u016brai","potentialAction":[{"@type":"SearchAction","target":{"@type":"EntryPoint","urlTemplate":"https:\/\/anivet.lt\/elparduotuve\/?s={search_term_string}"},"query-input":{"@type":"PropertyValueSpecification","valueRequired":true,"valueName":"search_term_string"}}],"inLanguage":"lt-LT"},{"@type":"Organization","@id":"https:\/\/anivet.lt\/elparduotuve\/#organization","name":"Viskas J\u016bs\u0173 \u0161uns, kat\u0117s prie\u017ei\u016brai","url":"https:\/\/anivet.lt\/elparduotuve\/","logo":{"@type":"ImageObject","inLanguage":"lt-LT","@id":"https:\/\/anivet.lt\/elparduotuve\/#\/schema\/logo\/image\/","url":"https:\/\/anivet.lt\/elparduotuve\/wp-content\/uploads\/2023\/06\/logo2.jpg","contentUrl":"https:\/\/anivet.lt\/elparduotuve\/wp-content\/uploads\/2023\/06\/logo2.jpg","width":655,"height":194,"caption":"Viskas J\u016bs\u0173 \u0161uns, kat\u0117s prie\u017ei\u016brai"},"image":{"@id":"https:\/\/anivet.lt\/elparduotuve\/#\/schema\/logo\/image\/"}}]}},"_links":{"self":[{"href":"https:\/\/anivet.lt\/elparduotuve\/wp-json\/wp\/v2\/product\/15599","targetHints":{"allow":["GET"]}}],"collection":[{"href":"https:\/\/anivet.lt\/elparduotuve\/wp-json\/wp\/v2\/product"}],"about":[{"href":"https:\/\/anivet.lt\/elparduotuve\/wp-json\/wp\/v2\/types\/product"}],"wp:featuredmedia":[{"embeddable":true,"href":"https:\/\/anivet.lt\/elparduotuve\/wp-json\/wp\/v2\/media\/19083"}],"wp:attachment":[{"href":"https:\/\/anivet.lt\/elparduotuve\/wp-json\/wp\/v2\/media?parent=15599"}],"wp:term":[{"taxonomy":"product_brand","embeddable":true,"href":"https:\/\/anivet.lt\/elparduotuve\/wp-json\/wp\/v2\/product_brand?post=15599"},{"taxonomy":"product_cat","embeddable":true,"href":"https:\/\/anivet.lt\/elparduotuve\/wp-json\/wp\/v2\/product_cat?post=15599"},{"taxonomy":"product_tag","embeddable":true,"href":"https:\/\/anivet.lt\/elparduotuve\/wp-json\/wp\/v2\/product_tag?post=15599"}],"curies":[{"name":"wp","href":"https:\/\/api.w.org\/{rel}","templated":true}]}}