{"id":15603,"date":"2024-12-17T07:57:14","date_gmt":"2024-12-17T07:57:14","guid":{"rendered":"https:\/\/anivet.lt\/elparduotuve\/?post_type=product&#038;p=15603"},"modified":"2025-11-04T12:09:18","modified_gmt":"2025-11-04T12:09:18","slug":"eukanuba-base-sausas-maistas-vidutiniu-veisliu-sunims-su-vistiena-3-kg-15-kg","status":"publish","type":"product","link":"https:\/\/anivet.lt\/elparduotuve\/produktas\/eukanuba-base-sausas-maistas-vidutiniu-veisliu-sunims-su-vistiena-3-kg-15-kg\/","title":{"rendered":"Eukanuba Base sausas maistas vidutini\u0173 veisli\u0173 \u0161unims su vi\u0161tiena"},"content":{"rendered":"<ul>\n<li><span style=\"font-weight: 400;\">Sveiki dantys: DentaDefense technologija ir speciali granuli\u0173 forma padeda palaikyti \u0161varius ir sveikus dantis, ma\u017einant apna\u0161\u0173 ir dant\u0173 akmen\u0173 susidarym\u0105.<\/span><\/li>\n<li style=\"font-weight: 400;\" aria-level=\"1\"><span style=\"font-weight: 400;\">Blizgantis kailis ir sveika oda: Nat\u016bral\u016bs omega-6 ir omega-3 riebal\u0173 r\u016bg\u0161\u010di\u0173 \u0161altiniai palaiko odos sveikat\u0105 ir kailio blizges\u012f.<\/span><\/li>\n<li style=\"font-weight: 400;\" aria-level=\"1\"><span style=\"font-weight: 400;\">Svorio kontrol\u0117: L-karnitinas padeda skaidyti riebalus ir palaiko optimal\u0173 k\u016bno svor\u012f, suma\u017eindamas s\u0105nari\u0173 apkrov\u0105.<\/span><\/li>\n<li style=\"font-weight: 400;\" aria-level=\"1\"><span style=\"font-weight: 400;\">Stiprus imunitetas: Vitaminai E ir C stiprina imunin\u0119 sistem\u0105, pad\u0117dami apsisaugoti nuo lig\u0173.<\/span><\/li>\n<li style=\"font-weight: 400;\" aria-level=\"1\"><span style=\"font-weight: 400;\">Gerai veikiantis vir\u0161kinimas: Prebiotikai (FOS) ir cukrini\u0173 runkeli\u0173 mink\u0161timas u\u017etikrina sveik\u0105 vir\u0161kinim\u0105 ir stiprina \u017earnyno mikrobiot\u0105.<\/span><\/li>\n<\/ul>\n<p><span style=\"font-weight: 400;\">Sausas maistas su vi\u0161tiena yra visavertis ir subalansuotas pa\u0161aras, skirtas palaikyti \u0161uns energij\u0105, sveikat\u0105 ir ger\u0105 savijaut\u0105 kasdien. Puikus pasirinkimas vidutini\u0173 veisli\u0173 \u0161unims, vertinantiems nat\u016bral\u0173 skon\u012f ir auk\u0161tos kokyb\u0117s mityb\u0105.<\/span><\/p>\n","protected":false},"excerpt":{"rendered":"<p><span style=\"font-weight: 400;\">\u0160is auk\u0161tos kokyb\u0117s sausas pa\u0161aras skirtas vidutini\u0173 veisli\u0173 suaugusiems \u0161unims nuo 1 iki 7 met\u0173. Su \u0161vie\u017eia vi\u0161tiena ir subalansuotais ingredientais, jis u\u017etikrina optimal\u0173 svor\u012f, sveik\u0105 kail\u012f bei stiprius dantis.<\/span><\/p>\n","protected":false},"featured_media":19085,"template":"","meta":[],"product_brand":[],"product_cat":[101,103,104,322],"product_tag":[],"class_list":{"0":"post-15603","1":"product","2":"type-product","3":"status-publish","4":"has-post-thumbnail","6":"product_cat-sunims","7":"product_cat-sunu-maistas","8":"product_cat-sausas-maistas","9":"product_cat-eukanuba-sunu-maistas","10":"pa_prekinis-zenklas-eukanuba","12":"first","13":"instock","14":"taxable","15":"shipping-taxable","16":"purchasable","17":"product-type-variable"},"yoast_head":"<!-- This site is optimized with the Yoast SEO Premium plugin v27.1 (Yoast SEO v27.5) - https:\/\/yoast.com\/product\/yoast-seo-premium-wordpress\/ -->\n<title>Eukanuba Base sausas maistas vidutini\u0173 veisli\u0173 \u0161unims su vi\u0161tiena - anivet.lt<\/title>\n<meta name=\"description\" content=\"\u0160is auk\u0161tos kokyb\u0117s sausas pa\u0161aras skirtas vidutini\u0173 veisli\u0173 suaugusiems \u0161unims nuo 1 iki 7 met\u0173. Su \u0161vie\u017eia vi\u0161tiena ir subalansuotais ingredientais, jis u\u017etikrina optimal\u0173 svor\u012f, sveik\u0105 kail\u012f bei stiprius dantis.\" \/>\n<meta name=\"robots\" content=\"index, follow, max-snippet:-1, max-image-preview:large, max-video-preview:-1\" \/>\n<link rel=\"canonical\" href=\"https:\/\/anivet.lt\/elparduotuve\/produktas\/eukanuba-base-sausas-maistas-vidutiniu-veisliu-sunims-su-vistiena-3-kg-15-kg\/\" \/>\n<meta property=\"og:locale\" content=\"lt_LT\" \/>\n<meta property=\"og:type\" content=\"article\" \/>\n<meta property=\"og:title\" content=\"Eukanuba Base sausas maistas vidutini\u0173 veisli\u0173 \u0161unims su vi\u0161tiena\" \/>\n<meta property=\"og:description\" content=\"\u0160is auk\u0161tos kokyb\u0117s sausas pa\u0161aras skirtas vidutini\u0173 veisli\u0173 suaugusiems \u0161unims nuo 1 iki 7 met\u0173. Su \u0161vie\u017eia vi\u0161tiena ir subalansuotais ingredientais, jis u\u017etikrina optimal\u0173 svor\u012f, sveik\u0105 kail\u012f bei stiprius dantis.\" \/>\n<meta property=\"og:url\" content=\"https:\/\/anivet.lt\/elparduotuve\/produktas\/eukanuba-base-sausas-maistas-vidutiniu-veisliu-sunims-su-vistiena-3-kg-15-kg\/\" \/>\n<meta property=\"og:site_name\" content=\"anivet.lt\" \/>\n<meta property=\"article:modified_time\" content=\"2025-11-04T12:09:18+00:00\" \/>\n<meta property=\"og:image\" content=\"https:\/\/anivet.lt\/elparduotuve\/wp-content\/uploads\/2024\/12\/Eukanuba-maistas-vidutiniu-veisliu-sunims-su-vistiena.jpg\" \/>\n\t<meta property=\"og:image:width\" content=\"650\" \/>\n\t<meta property=\"og:image:height\" content=\"650\" \/>\n\t<meta property=\"og:image:type\" content=\"image\/jpeg\" \/>\n<meta name=\"twitter:card\" content=\"summary_large_image\" \/>\n<meta name=\"twitter:label1\" content=\"Est. reading time\" \/>\n\t<meta name=\"twitter:data1\" content=\"1 minut\u0117\" \/>\n<script type=\"application\/ld+json\" class=\"yoast-schema-graph\">{\"@context\":\"https:\\\/\\\/schema.org\",\"@graph\":[{\"@type\":\"WebPage\",\"@id\":\"https:\\\/\\\/anivet.lt\\\/elparduotuve\\\/produktas\\\/eukanuba-base-sausas-maistas-vidutiniu-veisliu-sunims-su-vistiena-3-kg-15-kg\\\/\",\"url\":\"https:\\\/\\\/anivet.lt\\\/elparduotuve\\\/produktas\\\/eukanuba-base-sausas-maistas-vidutiniu-veisliu-sunims-su-vistiena-3-kg-15-kg\\\/\",\"name\":\"Eukanuba Base sausas maistas vidutini\u0173 veisli\u0173 \u0161unims su vi\u0161tiena - anivet.lt\",\"isPartOf\":{\"@id\":\"https:\\\/\\\/anivet.lt\\\/elparduotuve\\\/#website\"},\"primaryImageOfPage\":{\"@id\":\"https:\\\/\\\/anivet.lt\\\/elparduotuve\\\/produktas\\\/eukanuba-base-sausas-maistas-vidutiniu-veisliu-sunims-su-vistiena-3-kg-15-kg\\\/#primaryimage\"},\"image\":{\"@id\":\"https:\\\/\\\/anivet.lt\\\/elparduotuve\\\/produktas\\\/eukanuba-base-sausas-maistas-vidutiniu-veisliu-sunims-su-vistiena-3-kg-15-kg\\\/#primaryimage\"},\"thumbnailUrl\":\"https:\\\/\\\/anivet.lt\\\/elparduotuve\\\/wp-content\\\/uploads\\\/2024\\\/12\\\/Eukanuba-maistas-vidutiniu-veisliu-sunims-su-vistiena.jpg\",\"datePublished\":\"2024-12-17T07:57:14+00:00\",\"dateModified\":\"2025-11-04T12:09:18+00:00\",\"description\":\"\u0160is auk\u0161tos kokyb\u0117s sausas pa\u0161aras skirtas vidutini\u0173 veisli\u0173 suaugusiems \u0161unims nuo 1 iki 7 met\u0173. Su \u0161vie\u017eia vi\u0161tiena ir subalansuotais ingredientais, jis u\u017etikrina optimal\u0173 svor\u012f, sveik\u0105 kail\u012f bei stiprius dantis.\",\"breadcrumb\":{\"@id\":\"https:\\\/\\\/anivet.lt\\\/elparduotuve\\\/produktas\\\/eukanuba-base-sausas-maistas-vidutiniu-veisliu-sunims-su-vistiena-3-kg-15-kg\\\/#breadcrumb\"},\"inLanguage\":\"lt-LT\",\"potentialAction\":[{\"@type\":\"ReadAction\",\"target\":[\"https:\\\/\\\/anivet.lt\\\/elparduotuve\\\/produktas\\\/eukanuba-base-sausas-maistas-vidutiniu-veisliu-sunims-su-vistiena-3-kg-15-kg\\\/\"]}]},{\"@type\":\"ImageObject\",\"inLanguage\":\"lt-LT\",\"@id\":\"https:\\\/\\\/anivet.lt\\\/elparduotuve\\\/produktas\\\/eukanuba-base-sausas-maistas-vidutiniu-veisliu-sunims-su-vistiena-3-kg-15-kg\\\/#primaryimage\",\"url\":\"https:\\\/\\\/anivet.lt\\\/elparduotuve\\\/wp-content\\\/uploads\\\/2024\\\/12\\\/Eukanuba-maistas-vidutiniu-veisliu-sunims-su-vistiena.jpg\",\"contentUrl\":\"https:\\\/\\\/anivet.lt\\\/elparduotuve\\\/wp-content\\\/uploads\\\/2024\\\/12\\\/Eukanuba-maistas-vidutiniu-veisliu-sunims-su-vistiena.jpg\",\"width\":650,\"height\":650,\"caption\":\"Eukanuba Base sausas maistas vidutini\u0173 veisli\u0173 \u0161unims su vi\u0161tiena\"},{\"@type\":\"BreadcrumbList\",\"@id\":\"https:\\\/\\\/anivet.lt\\\/elparduotuve\\\/produktas\\\/eukanuba-base-sausas-maistas-vidutiniu-veisliu-sunims-su-vistiena-3-kg-15-kg\\\/#breadcrumb\",\"itemListElement\":[{\"@type\":\"ListItem\",\"position\":1,\"name\":\"Home\",\"item\":\"https:\\\/\\\/anivet.lt\\\/elparduotuve\\\/\"},{\"@type\":\"ListItem\",\"position\":2,\"name\":\"Produktai\",\"item\":\"https:\\\/\\\/anivet.lt\\\/elparduotuve\\\/produktai\\\/\"},{\"@type\":\"ListItem\",\"position\":3,\"name\":\"Eukanuba Base sausas maistas vidutini\u0173 veisli\u0173 \u0161unims su vi\u0161tiena\"}]},{\"@type\":\"WebSite\",\"@id\":\"https:\\\/\\\/anivet.lt\\\/elparduotuve\\\/#website\",\"url\":\"https:\\\/\\\/anivet.lt\\\/elparduotuve\\\/\",\"name\":\"anivet.lt\",\"description\":\"Viskas J\u016bs\u0173 \u0161uns, kat\u0117s prie\u017ei\u016brai\",\"publisher\":{\"@id\":\"https:\\\/\\\/anivet.lt\\\/elparduotuve\\\/#organization\"},\"alternateName\":\"Viskas J\u016bs\u0173 \u0161uns, kat\u0117s prie\u017ei\u016brai\",\"potentialAction\":[{\"@type\":\"SearchAction\",\"target\":{\"@type\":\"EntryPoint\",\"urlTemplate\":\"https:\\\/\\\/anivet.lt\\\/elparduotuve\\\/?s={search_term_string}\"},\"query-input\":{\"@type\":\"PropertyValueSpecification\",\"valueRequired\":true,\"valueName\":\"search_term_string\"}}],\"inLanguage\":\"lt-LT\"},{\"@type\":\"Organization\",\"@id\":\"https:\\\/\\\/anivet.lt\\\/elparduotuve\\\/#organization\",\"name\":\"Viskas J\u016bs\u0173 \u0161uns, kat\u0117s prie\u017ei\u016brai\",\"url\":\"https:\\\/\\\/anivet.lt\\\/elparduotuve\\\/\",\"logo\":{\"@type\":\"ImageObject\",\"inLanguage\":\"lt-LT\",\"@id\":\"https:\\\/\\\/anivet.lt\\\/elparduotuve\\\/#\\\/schema\\\/logo\\\/image\\\/\",\"url\":\"https:\\\/\\\/anivet.lt\\\/elparduotuve\\\/wp-content\\\/uploads\\\/2023\\\/06\\\/logo2.jpg\",\"contentUrl\":\"https:\\\/\\\/anivet.lt\\\/elparduotuve\\\/wp-content\\\/uploads\\\/2023\\\/06\\\/logo2.jpg\",\"width\":655,\"height\":194,\"caption\":\"Viskas J\u016bs\u0173 \u0161uns, kat\u0117s prie\u017ei\u016brai\"},\"image\":{\"@id\":\"https:\\\/\\\/anivet.lt\\\/elparduotuve\\\/#\\\/schema\\\/logo\\\/image\\\/\"}}]}<\/script>\n<!-- \/ Yoast SEO Premium plugin. -->","yoast_head_json":{"title":"Eukanuba Base sausas maistas vidutini\u0173 veisli\u0173 \u0161unims su vi\u0161tiena - anivet.lt","description":"\u0160is auk\u0161tos kokyb\u0117s sausas pa\u0161aras skirtas vidutini\u0173 veisli\u0173 suaugusiems \u0161unims nuo 1 iki 7 met\u0173. Su \u0161vie\u017eia vi\u0161tiena ir subalansuotais ingredientais, jis u\u017etikrina optimal\u0173 svor\u012f, sveik\u0105 kail\u012f bei stiprius dantis.","robots":{"index":"index","follow":"follow","max-snippet":"max-snippet:-1","max-image-preview":"max-image-preview:large","max-video-preview":"max-video-preview:-1"},"canonical":"https:\/\/anivet.lt\/elparduotuve\/produktas\/eukanuba-base-sausas-maistas-vidutiniu-veisliu-sunims-su-vistiena-3-kg-15-kg\/","og_locale":"lt_LT","og_type":"article","og_title":"Eukanuba Base sausas maistas vidutini\u0173 veisli\u0173 \u0161unims su vi\u0161tiena","og_description":"\u0160is auk\u0161tos kokyb\u0117s sausas pa\u0161aras skirtas vidutini\u0173 veisli\u0173 suaugusiems \u0161unims nuo 1 iki 7 met\u0173. Su \u0161vie\u017eia vi\u0161tiena ir subalansuotais ingredientais, jis u\u017etikrina optimal\u0173 svor\u012f, sveik\u0105 kail\u012f bei stiprius dantis.","og_url":"https:\/\/anivet.lt\/elparduotuve\/produktas\/eukanuba-base-sausas-maistas-vidutiniu-veisliu-sunims-su-vistiena-3-kg-15-kg\/","og_site_name":"anivet.lt","article_modified_time":"2025-11-04T12:09:18+00:00","og_image":[{"width":650,"height":650,"url":"https:\/\/anivet.lt\/elparduotuve\/wp-content\/uploads\/2024\/12\/Eukanuba-maistas-vidutiniu-veisliu-sunims-su-vistiena.jpg","type":"image\/jpeg"}],"twitter_card":"summary_large_image","twitter_misc":{"Est. reading time":"1 minut\u0117"},"schema":{"@context":"https:\/\/schema.org","@graph":[{"@type":"WebPage","@id":"https:\/\/anivet.lt\/elparduotuve\/produktas\/eukanuba-base-sausas-maistas-vidutiniu-veisliu-sunims-su-vistiena-3-kg-15-kg\/","url":"https:\/\/anivet.lt\/elparduotuve\/produktas\/eukanuba-base-sausas-maistas-vidutiniu-veisliu-sunims-su-vistiena-3-kg-15-kg\/","name":"Eukanuba Base sausas maistas vidutini\u0173 veisli\u0173 \u0161unims su vi\u0161tiena - anivet.lt","isPartOf":{"@id":"https:\/\/anivet.lt\/elparduotuve\/#website"},"primaryImageOfPage":{"@id":"https:\/\/anivet.lt\/elparduotuve\/produktas\/eukanuba-base-sausas-maistas-vidutiniu-veisliu-sunims-su-vistiena-3-kg-15-kg\/#primaryimage"},"image":{"@id":"https:\/\/anivet.lt\/elparduotuve\/produktas\/eukanuba-base-sausas-maistas-vidutiniu-veisliu-sunims-su-vistiena-3-kg-15-kg\/#primaryimage"},"thumbnailUrl":"https:\/\/anivet.lt\/elparduotuve\/wp-content\/uploads\/2024\/12\/Eukanuba-maistas-vidutiniu-veisliu-sunims-su-vistiena.jpg","datePublished":"2024-12-17T07:57:14+00:00","dateModified":"2025-11-04T12:09:18+00:00","description":"\u0160is auk\u0161tos kokyb\u0117s sausas pa\u0161aras skirtas vidutini\u0173 veisli\u0173 suaugusiems \u0161unims nuo 1 iki 7 met\u0173. Su \u0161vie\u017eia vi\u0161tiena ir subalansuotais ingredientais, jis u\u017etikrina optimal\u0173 svor\u012f, sveik\u0105 kail\u012f bei stiprius dantis.","breadcrumb":{"@id":"https:\/\/anivet.lt\/elparduotuve\/produktas\/eukanuba-base-sausas-maistas-vidutiniu-veisliu-sunims-su-vistiena-3-kg-15-kg\/#breadcrumb"},"inLanguage":"lt-LT","potentialAction":[{"@type":"ReadAction","target":["https:\/\/anivet.lt\/elparduotuve\/produktas\/eukanuba-base-sausas-maistas-vidutiniu-veisliu-sunims-su-vistiena-3-kg-15-kg\/"]}]},{"@type":"ImageObject","inLanguage":"lt-LT","@id":"https:\/\/anivet.lt\/elparduotuve\/produktas\/eukanuba-base-sausas-maistas-vidutiniu-veisliu-sunims-su-vistiena-3-kg-15-kg\/#primaryimage","url":"https:\/\/anivet.lt\/elparduotuve\/wp-content\/uploads\/2024\/12\/Eukanuba-maistas-vidutiniu-veisliu-sunims-su-vistiena.jpg","contentUrl":"https:\/\/anivet.lt\/elparduotuve\/wp-content\/uploads\/2024\/12\/Eukanuba-maistas-vidutiniu-veisliu-sunims-su-vistiena.jpg","width":650,"height":650,"caption":"Eukanuba Base sausas maistas vidutini\u0173 veisli\u0173 \u0161unims su vi\u0161tiena"},{"@type":"BreadcrumbList","@id":"https:\/\/anivet.lt\/elparduotuve\/produktas\/eukanuba-base-sausas-maistas-vidutiniu-veisliu-sunims-su-vistiena-3-kg-15-kg\/#breadcrumb","itemListElement":[{"@type":"ListItem","position":1,"name":"Home","item":"https:\/\/anivet.lt\/elparduotuve\/"},{"@type":"ListItem","position":2,"name":"Produktai","item":"https:\/\/anivet.lt\/elparduotuve\/produktai\/"},{"@type":"ListItem","position":3,"name":"Eukanuba Base sausas maistas vidutini\u0173 veisli\u0173 \u0161unims su vi\u0161tiena"}]},{"@type":"WebSite","@id":"https:\/\/anivet.lt\/elparduotuve\/#website","url":"https:\/\/anivet.lt\/elparduotuve\/","name":"anivet.lt","description":"Viskas J\u016bs\u0173 \u0161uns, kat\u0117s prie\u017ei\u016brai","publisher":{"@id":"https:\/\/anivet.lt\/elparduotuve\/#organization"},"alternateName":"Viskas J\u016bs\u0173 \u0161uns, kat\u0117s prie\u017ei\u016brai","potentialAction":[{"@type":"SearchAction","target":{"@type":"EntryPoint","urlTemplate":"https:\/\/anivet.lt\/elparduotuve\/?s={search_term_string}"},"query-input":{"@type":"PropertyValueSpecification","valueRequired":true,"valueName":"search_term_string"}}],"inLanguage":"lt-LT"},{"@type":"Organization","@id":"https:\/\/anivet.lt\/elparduotuve\/#organization","name":"Viskas J\u016bs\u0173 \u0161uns, kat\u0117s prie\u017ei\u016brai","url":"https:\/\/anivet.lt\/elparduotuve\/","logo":{"@type":"ImageObject","inLanguage":"lt-LT","@id":"https:\/\/anivet.lt\/elparduotuve\/#\/schema\/logo\/image\/","url":"https:\/\/anivet.lt\/elparduotuve\/wp-content\/uploads\/2023\/06\/logo2.jpg","contentUrl":"https:\/\/anivet.lt\/elparduotuve\/wp-content\/uploads\/2023\/06\/logo2.jpg","width":655,"height":194,"caption":"Viskas J\u016bs\u0173 \u0161uns, kat\u0117s prie\u017ei\u016brai"},"image":{"@id":"https:\/\/anivet.lt\/elparduotuve\/#\/schema\/logo\/image\/"}}]}},"_links":{"self":[{"href":"https:\/\/anivet.lt\/elparduotuve\/wp-json\/wp\/v2\/product\/15603","targetHints":{"allow":["GET"]}}],"collection":[{"href":"https:\/\/anivet.lt\/elparduotuve\/wp-json\/wp\/v2\/product"}],"about":[{"href":"https:\/\/anivet.lt\/elparduotuve\/wp-json\/wp\/v2\/types\/product"}],"wp:featuredmedia":[{"embeddable":true,"href":"https:\/\/anivet.lt\/elparduotuve\/wp-json\/wp\/v2\/media\/19085"}],"wp:attachment":[{"href":"https:\/\/anivet.lt\/elparduotuve\/wp-json\/wp\/v2\/media?parent=15603"}],"wp:term":[{"taxonomy":"product_brand","embeddable":true,"href":"https:\/\/anivet.lt\/elparduotuve\/wp-json\/wp\/v2\/product_brand?post=15603"},{"taxonomy":"product_cat","embeddable":true,"href":"https:\/\/anivet.lt\/elparduotuve\/wp-json\/wp\/v2\/product_cat?post=15603"},{"taxonomy":"product_tag","embeddable":true,"href":"https:\/\/anivet.lt\/elparduotuve\/wp-json\/wp\/v2\/product_tag?post=15603"}],"curies":[{"name":"wp","href":"https:\/\/api.w.org\/{rel}","templated":true}]}}