{"id":15607,"date":"2024-12-17T08:27:21","date_gmt":"2024-12-17T08:27:21","guid":{"rendered":"https:\/\/anivet.lt\/elparduotuve\/?post_type=product&#038;p=15607"},"modified":"2025-11-04T13:44:27","modified_gmt":"2025-11-04T13:44:27","slug":"eukanuba-base-sausas-maistas-dideliu-veisliu-sunims-su-vistiena-15kg","status":"publish","type":"product","link":"https:\/\/anivet.lt\/elparduotuve\/produktas\/eukanuba-base-sausas-maistas-dideliu-veisliu-sunims-su-vistiena-15kg\/","title":{"rendered":"Eukanuba Base sausas maistas dideli\u0173 veisli\u0173 \u0161unims su vi\u0161tiena 15kg"},"content":{"rendered":"<ul>\n<li><span style=\"font-weight: 400;\">Sveikas vir\u0161kinimas: Probiotikai (FOS) ir cukrini\u0173 runkeli\u0173 mink\u0161timas palaiko sveik\u0105 \u017earnyno veikl\u0105.<\/span><\/li>\n<li style=\"font-weight: 400;\" aria-level=\"1\"><span style=\"font-weight: 400;\">Sveika oda ir kailis: Nat\u016bral\u016bs Omega-6 ir Omega-3 \u0161altiniai u\u017etikrina odos sveikat\u0105 ir kailio blizges\u012f.<\/span><\/li>\n<li style=\"font-weight: 400;\" aria-level=\"1\"><span style=\"font-weight: 400;\">Tvirti kaulai ir s\u0105nariai: Kalcis ir gliukozaminas palaiko s\u0105nari\u0173 sveikat\u0105 ir kaul\u0173 stiprum\u0105.<\/span><\/li>\n<li style=\"font-weight: 400;\" aria-level=\"1\"><span style=\"font-weight: 400;\">Stiprus imunitetas: Vitaminas E padeda stiprinti \u0161uns imunin\u0119 sistem\u0105.<\/span><\/li>\n<li style=\"font-weight: 400;\" aria-level=\"1\"><span style=\"font-weight: 400;\">Sveiki dantys: DentaDefence technologija ir unikali granuli\u0173 forma ma\u017eina apna\u0161\u0173 susidarym\u0105 ir padeda i\u0161laikyti dantis \u0161varius.<\/span><\/li>\n<\/ul>\n<p><span style=\"font-weight: 400;\">\u201eEukanuba\u201d sausas maistas su vi\u0161tiena yra pilnavert\u0117 mityba, kuri\u0105 rekomenduoja tiek veterinarijos specialistai, tiek veis\u0117jai. Puikus pasirinkimas j\u016bs\u0173 \u0161uns ilgalaikei sveikatai ir energingam gyvenimui palaikyti.<\/span><\/p>\n","protected":false},"excerpt":{"rendered":"<p><span style=\"font-weight: 400;\">\u0160is auk\u0161tos kokyb\u0117s pa\u0161aras, pritaikytas dideli\u0173 ir mil\u017eini\u0161k\u0173 veisli\u0173 suaugusiems \u0161unims, padeda palaikyti sveik\u0105 fizin\u0119 b\u016bkl\u0119, kaul\u0173 ir s\u0105nari\u0173 stiprum\u0105 bei puiki\u0105 savijaut\u0105. Granul\u0117s yra pritaikytos didesniems \u0161un\u0173 dantims ir poreikiams.<\/span><\/p>\n","protected":false},"featured_media":19088,"template":"","meta":[],"product_brand":[],"product_cat":[101,103,104,322],"product_tag":[],"class_list":{"0":"post-15607","1":"product","2":"type-product","3":"status-publish","4":"has-post-thumbnail","6":"product_cat-sunims","7":"product_cat-sunu-maistas","8":"product_cat-sausas-maistas","9":"product_cat-eukanuba-sunu-maistas","10":"pa_prekinis-zenklas-eukanuba","12":"first","13":"instock","14":"taxable","15":"shipping-taxable","16":"purchasable","17":"product-type-simple"},"yoast_head":"<!-- This site is optimized with the Yoast SEO Premium plugin v27.1 (Yoast SEO v27.5) - https:\/\/yoast.com\/product\/yoast-seo-premium-wordpress\/ -->\n<title>Eukanuba Base sausas maistas dideli\u0173 veisli\u0173 \u0161unims su vi\u0161tiena 15kg - anivet.lt<\/title>\n<meta name=\"description\" content=\"\u0160is auk\u0161tos kokyb\u0117s pa\u0161aras, pritaikytas dideli\u0173 ir mil\u017eini\u0161k\u0173 veisli\u0173 suaugusiems \u0161unims, padeda palaikyti sveik\u0105 fizin\u0119 b\u016bkl\u0119, kaul\u0173 ir s\u0105nari\u0173 stiprum\u0105 bei puiki\u0105 savijaut\u0105. Granul\u0117s yra pritaikytos didesniems \u0161un\u0173 dantims ir poreikiams.\" \/>\n<meta name=\"robots\" content=\"index, follow, max-snippet:-1, max-image-preview:large, max-video-preview:-1\" \/>\n<link rel=\"canonical\" href=\"https:\/\/anivet.lt\/elparduotuve\/produktas\/eukanuba-base-sausas-maistas-dideliu-veisliu-sunims-su-vistiena-15kg\/\" \/>\n<meta property=\"og:locale\" content=\"lt_LT\" \/>\n<meta property=\"og:type\" content=\"article\" \/>\n<meta property=\"og:title\" content=\"Eukanuba Base sausas maistas dideli\u0173 veisli\u0173 \u0161unims su vi\u0161tiena 15kg\" \/>\n<meta property=\"og:description\" content=\"\u0160is auk\u0161tos kokyb\u0117s pa\u0161aras, pritaikytas dideli\u0173 ir mil\u017eini\u0161k\u0173 veisli\u0173 suaugusiems \u0161unims, padeda palaikyti sveik\u0105 fizin\u0119 b\u016bkl\u0119, kaul\u0173 ir s\u0105nari\u0173 stiprum\u0105 bei puiki\u0105 savijaut\u0105. Granul\u0117s yra pritaikytos didesniems \u0161un\u0173 dantims ir poreikiams.\" \/>\n<meta property=\"og:url\" content=\"https:\/\/anivet.lt\/elparduotuve\/produktas\/eukanuba-base-sausas-maistas-dideliu-veisliu-sunims-su-vistiena-15kg\/\" \/>\n<meta property=\"og:site_name\" content=\"anivet.lt\" \/>\n<meta property=\"article:modified_time\" content=\"2025-11-04T13:44:27+00:00\" \/>\n<meta property=\"og:image\" content=\"https:\/\/anivet.lt\/elparduotuve\/wp-content\/uploads\/2024\/12\/Eukanuba-sausas-maistas-dideliu-veisliu-sunims-su-vistiena-15kg.jpg\" \/>\n\t<meta property=\"og:image:width\" content=\"650\" \/>\n\t<meta property=\"og:image:height\" content=\"650\" \/>\n\t<meta property=\"og:image:type\" content=\"image\/jpeg\" \/>\n<meta name=\"twitter:card\" content=\"summary_large_image\" \/>\n<meta name=\"twitter:label1\" content=\"Est. reading time\" \/>\n\t<meta name=\"twitter:data1\" content=\"1 minut\u0117\" \/>\n<script type=\"application\/ld+json\" class=\"yoast-schema-graph\">{\"@context\":\"https:\\\/\\\/schema.org\",\"@graph\":[{\"@type\":\"WebPage\",\"@id\":\"https:\\\/\\\/anivet.lt\\\/elparduotuve\\\/produktas\\\/eukanuba-base-sausas-maistas-dideliu-veisliu-sunims-su-vistiena-15kg\\\/\",\"url\":\"https:\\\/\\\/anivet.lt\\\/elparduotuve\\\/produktas\\\/eukanuba-base-sausas-maistas-dideliu-veisliu-sunims-su-vistiena-15kg\\\/\",\"name\":\"Eukanuba Base sausas maistas dideli\u0173 veisli\u0173 \u0161unims su vi\u0161tiena 15kg - anivet.lt\",\"isPartOf\":{\"@id\":\"https:\\\/\\\/anivet.lt\\\/elparduotuve\\\/#website\"},\"primaryImageOfPage\":{\"@id\":\"https:\\\/\\\/anivet.lt\\\/elparduotuve\\\/produktas\\\/eukanuba-base-sausas-maistas-dideliu-veisliu-sunims-su-vistiena-15kg\\\/#primaryimage\"},\"image\":{\"@id\":\"https:\\\/\\\/anivet.lt\\\/elparduotuve\\\/produktas\\\/eukanuba-base-sausas-maistas-dideliu-veisliu-sunims-su-vistiena-15kg\\\/#primaryimage\"},\"thumbnailUrl\":\"https:\\\/\\\/anivet.lt\\\/elparduotuve\\\/wp-content\\\/uploads\\\/2024\\\/12\\\/Eukanuba-sausas-maistas-dideliu-veisliu-sunims-su-vistiena-15kg.jpg\",\"datePublished\":\"2024-12-17T08:27:21+00:00\",\"dateModified\":\"2025-11-04T13:44:27+00:00\",\"description\":\"\u0160is auk\u0161tos kokyb\u0117s pa\u0161aras, pritaikytas dideli\u0173 ir mil\u017eini\u0161k\u0173 veisli\u0173 suaugusiems \u0161unims, padeda palaikyti sveik\u0105 fizin\u0119 b\u016bkl\u0119, kaul\u0173 ir s\u0105nari\u0173 stiprum\u0105 bei puiki\u0105 savijaut\u0105. Granul\u0117s yra pritaikytos didesniems \u0161un\u0173 dantims ir poreikiams.\",\"breadcrumb\":{\"@id\":\"https:\\\/\\\/anivet.lt\\\/elparduotuve\\\/produktas\\\/eukanuba-base-sausas-maistas-dideliu-veisliu-sunims-su-vistiena-15kg\\\/#breadcrumb\"},\"inLanguage\":\"lt-LT\",\"potentialAction\":[{\"@type\":\"ReadAction\",\"target\":[\"https:\\\/\\\/anivet.lt\\\/elparduotuve\\\/produktas\\\/eukanuba-base-sausas-maistas-dideliu-veisliu-sunims-su-vistiena-15kg\\\/\"]}]},{\"@type\":\"ImageObject\",\"inLanguage\":\"lt-LT\",\"@id\":\"https:\\\/\\\/anivet.lt\\\/elparduotuve\\\/produktas\\\/eukanuba-base-sausas-maistas-dideliu-veisliu-sunims-su-vistiena-15kg\\\/#primaryimage\",\"url\":\"https:\\\/\\\/anivet.lt\\\/elparduotuve\\\/wp-content\\\/uploads\\\/2024\\\/12\\\/Eukanuba-sausas-maistas-dideliu-veisliu-sunims-su-vistiena-15kg.jpg\",\"contentUrl\":\"https:\\\/\\\/anivet.lt\\\/elparduotuve\\\/wp-content\\\/uploads\\\/2024\\\/12\\\/Eukanuba-sausas-maistas-dideliu-veisliu-sunims-su-vistiena-15kg.jpg\",\"width\":650,\"height\":650,\"caption\":\"Eukanuba Base sausas maistas dideli\u0173 veisli\u0173 \u0161unims su vi\u0161tiena 15kg\"},{\"@type\":\"BreadcrumbList\",\"@id\":\"https:\\\/\\\/anivet.lt\\\/elparduotuve\\\/produktas\\\/eukanuba-base-sausas-maistas-dideliu-veisliu-sunims-su-vistiena-15kg\\\/#breadcrumb\",\"itemListElement\":[{\"@type\":\"ListItem\",\"position\":1,\"name\":\"Home\",\"item\":\"https:\\\/\\\/anivet.lt\\\/elparduotuve\\\/\"},{\"@type\":\"ListItem\",\"position\":2,\"name\":\"Produktai\",\"item\":\"https:\\\/\\\/anivet.lt\\\/elparduotuve\\\/produktai\\\/\"},{\"@type\":\"ListItem\",\"position\":3,\"name\":\"Eukanuba Base sausas maistas dideli\u0173 veisli\u0173 \u0161unims su vi\u0161tiena 15kg\"}]},{\"@type\":\"WebSite\",\"@id\":\"https:\\\/\\\/anivet.lt\\\/elparduotuve\\\/#website\",\"url\":\"https:\\\/\\\/anivet.lt\\\/elparduotuve\\\/\",\"name\":\"anivet.lt\",\"description\":\"Viskas J\u016bs\u0173 \u0161uns, kat\u0117s prie\u017ei\u016brai\",\"publisher\":{\"@id\":\"https:\\\/\\\/anivet.lt\\\/elparduotuve\\\/#organization\"},\"alternateName\":\"Viskas J\u016bs\u0173 \u0161uns, kat\u0117s prie\u017ei\u016brai\",\"potentialAction\":[{\"@type\":\"SearchAction\",\"target\":{\"@type\":\"EntryPoint\",\"urlTemplate\":\"https:\\\/\\\/anivet.lt\\\/elparduotuve\\\/?s={search_term_string}\"},\"query-input\":{\"@type\":\"PropertyValueSpecification\",\"valueRequired\":true,\"valueName\":\"search_term_string\"}}],\"inLanguage\":\"lt-LT\"},{\"@type\":\"Organization\",\"@id\":\"https:\\\/\\\/anivet.lt\\\/elparduotuve\\\/#organization\",\"name\":\"Viskas J\u016bs\u0173 \u0161uns, kat\u0117s prie\u017ei\u016brai\",\"url\":\"https:\\\/\\\/anivet.lt\\\/elparduotuve\\\/\",\"logo\":{\"@type\":\"ImageObject\",\"inLanguage\":\"lt-LT\",\"@id\":\"https:\\\/\\\/anivet.lt\\\/elparduotuve\\\/#\\\/schema\\\/logo\\\/image\\\/\",\"url\":\"https:\\\/\\\/anivet.lt\\\/elparduotuve\\\/wp-content\\\/uploads\\\/2023\\\/06\\\/logo2.jpg\",\"contentUrl\":\"https:\\\/\\\/anivet.lt\\\/elparduotuve\\\/wp-content\\\/uploads\\\/2023\\\/06\\\/logo2.jpg\",\"width\":655,\"height\":194,\"caption\":\"Viskas J\u016bs\u0173 \u0161uns, kat\u0117s prie\u017ei\u016brai\"},\"image\":{\"@id\":\"https:\\\/\\\/anivet.lt\\\/elparduotuve\\\/#\\\/schema\\\/logo\\\/image\\\/\"}}]}<\/script>\n<!-- \/ Yoast SEO Premium plugin. -->","yoast_head_json":{"title":"Eukanuba Base sausas maistas dideli\u0173 veisli\u0173 \u0161unims su vi\u0161tiena 15kg - anivet.lt","description":"\u0160is auk\u0161tos kokyb\u0117s pa\u0161aras, pritaikytas dideli\u0173 ir mil\u017eini\u0161k\u0173 veisli\u0173 suaugusiems \u0161unims, padeda palaikyti sveik\u0105 fizin\u0119 b\u016bkl\u0119, kaul\u0173 ir s\u0105nari\u0173 stiprum\u0105 bei puiki\u0105 savijaut\u0105. Granul\u0117s yra pritaikytos didesniems \u0161un\u0173 dantims ir poreikiams.","robots":{"index":"index","follow":"follow","max-snippet":"max-snippet:-1","max-image-preview":"max-image-preview:large","max-video-preview":"max-video-preview:-1"},"canonical":"https:\/\/anivet.lt\/elparduotuve\/produktas\/eukanuba-base-sausas-maistas-dideliu-veisliu-sunims-su-vistiena-15kg\/","og_locale":"lt_LT","og_type":"article","og_title":"Eukanuba Base sausas maistas dideli\u0173 veisli\u0173 \u0161unims su vi\u0161tiena 15kg","og_description":"\u0160is auk\u0161tos kokyb\u0117s pa\u0161aras, pritaikytas dideli\u0173 ir mil\u017eini\u0161k\u0173 veisli\u0173 suaugusiems \u0161unims, padeda palaikyti sveik\u0105 fizin\u0119 b\u016bkl\u0119, kaul\u0173 ir s\u0105nari\u0173 stiprum\u0105 bei puiki\u0105 savijaut\u0105. Granul\u0117s yra pritaikytos didesniems \u0161un\u0173 dantims ir poreikiams.","og_url":"https:\/\/anivet.lt\/elparduotuve\/produktas\/eukanuba-base-sausas-maistas-dideliu-veisliu-sunims-su-vistiena-15kg\/","og_site_name":"anivet.lt","article_modified_time":"2025-11-04T13:44:27+00:00","og_image":[{"width":650,"height":650,"url":"https:\/\/anivet.lt\/elparduotuve\/wp-content\/uploads\/2024\/12\/Eukanuba-sausas-maistas-dideliu-veisliu-sunims-su-vistiena-15kg.jpg","type":"image\/jpeg"}],"twitter_card":"summary_large_image","twitter_misc":{"Est. reading time":"1 minut\u0117"},"schema":{"@context":"https:\/\/schema.org","@graph":[{"@type":"WebPage","@id":"https:\/\/anivet.lt\/elparduotuve\/produktas\/eukanuba-base-sausas-maistas-dideliu-veisliu-sunims-su-vistiena-15kg\/","url":"https:\/\/anivet.lt\/elparduotuve\/produktas\/eukanuba-base-sausas-maistas-dideliu-veisliu-sunims-su-vistiena-15kg\/","name":"Eukanuba Base sausas maistas dideli\u0173 veisli\u0173 \u0161unims su vi\u0161tiena 15kg - anivet.lt","isPartOf":{"@id":"https:\/\/anivet.lt\/elparduotuve\/#website"},"primaryImageOfPage":{"@id":"https:\/\/anivet.lt\/elparduotuve\/produktas\/eukanuba-base-sausas-maistas-dideliu-veisliu-sunims-su-vistiena-15kg\/#primaryimage"},"image":{"@id":"https:\/\/anivet.lt\/elparduotuve\/produktas\/eukanuba-base-sausas-maistas-dideliu-veisliu-sunims-su-vistiena-15kg\/#primaryimage"},"thumbnailUrl":"https:\/\/anivet.lt\/elparduotuve\/wp-content\/uploads\/2024\/12\/Eukanuba-sausas-maistas-dideliu-veisliu-sunims-su-vistiena-15kg.jpg","datePublished":"2024-12-17T08:27:21+00:00","dateModified":"2025-11-04T13:44:27+00:00","description":"\u0160is auk\u0161tos kokyb\u0117s pa\u0161aras, pritaikytas dideli\u0173 ir mil\u017eini\u0161k\u0173 veisli\u0173 suaugusiems \u0161unims, padeda palaikyti sveik\u0105 fizin\u0119 b\u016bkl\u0119, kaul\u0173 ir s\u0105nari\u0173 stiprum\u0105 bei puiki\u0105 savijaut\u0105. Granul\u0117s yra pritaikytos didesniems \u0161un\u0173 dantims ir poreikiams.","breadcrumb":{"@id":"https:\/\/anivet.lt\/elparduotuve\/produktas\/eukanuba-base-sausas-maistas-dideliu-veisliu-sunims-su-vistiena-15kg\/#breadcrumb"},"inLanguage":"lt-LT","potentialAction":[{"@type":"ReadAction","target":["https:\/\/anivet.lt\/elparduotuve\/produktas\/eukanuba-base-sausas-maistas-dideliu-veisliu-sunims-su-vistiena-15kg\/"]}]},{"@type":"ImageObject","inLanguage":"lt-LT","@id":"https:\/\/anivet.lt\/elparduotuve\/produktas\/eukanuba-base-sausas-maistas-dideliu-veisliu-sunims-su-vistiena-15kg\/#primaryimage","url":"https:\/\/anivet.lt\/elparduotuve\/wp-content\/uploads\/2024\/12\/Eukanuba-sausas-maistas-dideliu-veisliu-sunims-su-vistiena-15kg.jpg","contentUrl":"https:\/\/anivet.lt\/elparduotuve\/wp-content\/uploads\/2024\/12\/Eukanuba-sausas-maistas-dideliu-veisliu-sunims-su-vistiena-15kg.jpg","width":650,"height":650,"caption":"Eukanuba Base sausas maistas dideli\u0173 veisli\u0173 \u0161unims su vi\u0161tiena 15kg"},{"@type":"BreadcrumbList","@id":"https:\/\/anivet.lt\/elparduotuve\/produktas\/eukanuba-base-sausas-maistas-dideliu-veisliu-sunims-su-vistiena-15kg\/#breadcrumb","itemListElement":[{"@type":"ListItem","position":1,"name":"Home","item":"https:\/\/anivet.lt\/elparduotuve\/"},{"@type":"ListItem","position":2,"name":"Produktai","item":"https:\/\/anivet.lt\/elparduotuve\/produktai\/"},{"@type":"ListItem","position":3,"name":"Eukanuba Base sausas maistas dideli\u0173 veisli\u0173 \u0161unims su vi\u0161tiena 15kg"}]},{"@type":"WebSite","@id":"https:\/\/anivet.lt\/elparduotuve\/#website","url":"https:\/\/anivet.lt\/elparduotuve\/","name":"anivet.lt","description":"Viskas J\u016bs\u0173 \u0161uns, kat\u0117s prie\u017ei\u016brai","publisher":{"@id":"https:\/\/anivet.lt\/elparduotuve\/#organization"},"alternateName":"Viskas J\u016bs\u0173 \u0161uns, kat\u0117s prie\u017ei\u016brai","potentialAction":[{"@type":"SearchAction","target":{"@type":"EntryPoint","urlTemplate":"https:\/\/anivet.lt\/elparduotuve\/?s={search_term_string}"},"query-input":{"@type":"PropertyValueSpecification","valueRequired":true,"valueName":"search_term_string"}}],"inLanguage":"lt-LT"},{"@type":"Organization","@id":"https:\/\/anivet.lt\/elparduotuve\/#organization","name":"Viskas J\u016bs\u0173 \u0161uns, kat\u0117s prie\u017ei\u016brai","url":"https:\/\/anivet.lt\/elparduotuve\/","logo":{"@type":"ImageObject","inLanguage":"lt-LT","@id":"https:\/\/anivet.lt\/elparduotuve\/#\/schema\/logo\/image\/","url":"https:\/\/anivet.lt\/elparduotuve\/wp-content\/uploads\/2023\/06\/logo2.jpg","contentUrl":"https:\/\/anivet.lt\/elparduotuve\/wp-content\/uploads\/2023\/06\/logo2.jpg","width":655,"height":194,"caption":"Viskas J\u016bs\u0173 \u0161uns, kat\u0117s prie\u017ei\u016brai"},"image":{"@id":"https:\/\/anivet.lt\/elparduotuve\/#\/schema\/logo\/image\/"}}]}},"_links":{"self":[{"href":"https:\/\/anivet.lt\/elparduotuve\/wp-json\/wp\/v2\/product\/15607","targetHints":{"allow":["GET"]}}],"collection":[{"href":"https:\/\/anivet.lt\/elparduotuve\/wp-json\/wp\/v2\/product"}],"about":[{"href":"https:\/\/anivet.lt\/elparduotuve\/wp-json\/wp\/v2\/types\/product"}],"wp:featuredmedia":[{"embeddable":true,"href":"https:\/\/anivet.lt\/elparduotuve\/wp-json\/wp\/v2\/media\/19088"}],"wp:attachment":[{"href":"https:\/\/anivet.lt\/elparduotuve\/wp-json\/wp\/v2\/media?parent=15607"}],"wp:term":[{"taxonomy":"product_brand","embeddable":true,"href":"https:\/\/anivet.lt\/elparduotuve\/wp-json\/wp\/v2\/product_brand?post=15607"},{"taxonomy":"product_cat","embeddable":true,"href":"https:\/\/anivet.lt\/elparduotuve\/wp-json\/wp\/v2\/product_cat?post=15607"},{"taxonomy":"product_tag","embeddable":true,"href":"https:\/\/anivet.lt\/elparduotuve\/wp-json\/wp\/v2\/product_tag?post=15607"}],"curies":[{"name":"wp","href":"https:\/\/api.w.org\/{rel}","templated":true}]}}