{"id":15617,"date":"2024-12-17T09:41:18","date_gmt":"2024-12-17T09:41:18","guid":{"rendered":"https:\/\/anivet.lt\/elparduotuve\/?post_type=product&#038;p=15617"},"modified":"2026-02-27T13:03:16","modified_gmt":"2026-02-27T13:03:16","slug":"eukanuba-base-sausas-maistas-dideliu-veisliu-vyresnio-amziaus-sunims-su-vistiena-15kg","status":"publish","type":"product","link":"https:\/\/anivet.lt\/elparduotuve\/produktas\/eukanuba-base-sausas-maistas-dideliu-veisliu-vyresnio-amziaus-sunims-su-vistiena-15kg\/","title":{"rendered":"Eukanuba Base sausas maistas dideli\u0173 veisli\u0173 vyresnio am\u017eiaus \u0161unims su vi\u0161tiena 15kg"},"content":{"rendered":"<ul>\n<li><span style=\"font-weight: 400;\">Sveikas vir\u0161kinimas: Probiotikai FOS ir runkeli\u0173 mink\u0161timas padeda palaikyti sveik\u0105 vir\u0161kinimo sistem\u0105.<\/span><\/li>\n<li style=\"font-weight: 400;\" aria-level=\"1\"><span style=\"font-weight: 400;\">Sveika oda ir kailis: Nat\u016bral\u016bs Omega-6 ir Omega-3 riebal\u0173 r\u016bg\u0161\u010di\u0173 \u0161altiniai palaiko odos b\u016bkl\u0119 ir blizg\u0173 kail\u012f.<\/span><\/li>\n<li style=\"font-weight: 400;\" aria-level=\"1\"><span style=\"font-weight: 400;\">Judrumas ir s\u0105nari\u0173 sveikata: Gliukozaminas ir chondroitinas prisideda prie sveik\u0173 s\u0105nari\u0173 ir judrumo palaikymo.<\/span><\/li>\n<li style=\"font-weight: 400;\" aria-level=\"1\"><span style=\"font-weight: 400;\">Tvirti kaulai: Kalcis u\u017etikrina kaul\u0173 stiprum\u0105.<\/span><\/li>\n<li style=\"font-weight: 400;\" aria-level=\"1\"><span style=\"font-weight: 400;\">Imuniteto palaikymas: Vitaminai E ir C veikia kaip antioksidantai, stiprinantys \u0161uns imunitet\u0105.<\/span><\/li>\n<li style=\"font-weight: 400;\" aria-level=\"1\"><span style=\"font-weight: 400;\">Dant\u0173 sveikata: Unikali granul\u0117s forma ir DentaDefence dant\u0173 apsaugos technologija padeda i\u0161laikyti dantis \u0161varius.<\/span><\/li>\n<li style=\"font-weight: 400;\" aria-level=\"1\"><span style=\"font-weight: 400;\">Idealus svoris: L-karnitinas prisideda prie optimalios k\u016bno mas\u0117s i\u0161laikymo.<\/span><\/li>\n<\/ul>\n<p><span style=\"font-weight: 400;\">\u201eEukanuba\u201d su vi\u0161tiena \u2013 tai pilnavert\u0117 mityba, sukurta mitybos specialist\u0173 ir patvirtinta veterinarijos gydytoj\u0173. Skirta ilgam, sveikam ir aktyviam j\u016bs\u0173 \u0161uns gyvenimui.<\/span><\/p>\n","protected":false},"excerpt":{"rendered":"<p><span style=\"font-weight: 400;\">Specialiai sukurtas vyresni\u0173 dideli\u0173 veisli\u0173 \u0161un\u0173 nuo 9 met\u0173 am\u017eiaus ir mil\u017eini\u0161k\u0173 veisli\u0173 \u0161un\u0173 nuo 8 met\u0173 poreikiams. \u0160is pa\u0161aras u\u017etikrina optimali\u0105 fizin\u0119 b\u016bkl\u0119 ir palaiko ger\u0105 judrum\u0105. Didel\u0117s granul\u0117s, praturtintos \u0161vie\u017eia vi\u0161tiena, yra pritaikytos dideli\u0173 veisli\u0173 \u0161un\u0173 mitybai ir dant\u0173 prie\u017ei\u016brai.<\/span><\/p>\n","protected":false},"featured_media":19096,"template":"","meta":[],"product_brand":[],"product_cat":[101,103,104,322],"product_tag":[],"class_list":{"0":"post-15617","1":"product","2":"type-product","3":"status-publish","4":"has-post-thumbnail","6":"product_cat-sunims","7":"product_cat-sunu-maistas","8":"product_cat-sausas-maistas","9":"product_cat-eukanuba-sunu-maistas","10":"pa_prekinis-zenklas-eukanuba","12":"first","13":"outofstock","14":"taxable","15":"shipping-taxable","16":"purchasable","17":"product-type-simple"},"yoast_head":"<!-- This site is optimized with the Yoast SEO Premium plugin v27.1 (Yoast SEO v27.5) - https:\/\/yoast.com\/product\/yoast-seo-premium-wordpress\/ -->\n<title>Eukanuba Base sausas maistas dideli\u0173 veisli\u0173 vyresnio am\u017eiaus \u0161unims su vi\u0161tiena 15kg - anivet.lt<\/title>\n<meta name=\"description\" content=\"Specialiai sukurtas vyresni\u0173 dideli\u0173 veisli\u0173 \u0161un\u0173 nuo 9 met\u0173 am\u017eiaus ir mil\u017eini\u0161k\u0173 veisli\u0173 \u0161un\u0173 nuo 8 met\u0173 poreikiams. \u0160is pa\u0161aras u\u017etikrina optimali\u0105 fizin\u0119 b\u016bkl\u0119 ir palaiko ger\u0105 judrum\u0105. Didel\u0117s granul\u0117s, praturtintos \u0161vie\u017eia vi\u0161tiena, yra pritaikytos dideli\u0173 veisli\u0173 \u0161un\u0173 mitybai ir dant\u0173 prie\u017ei\u016brai.\" \/>\n<meta name=\"robots\" content=\"index, follow, max-snippet:-1, max-image-preview:large, max-video-preview:-1\" \/>\n<link rel=\"canonical\" href=\"https:\/\/anivet.lt\/elparduotuve\/produktas\/eukanuba-base-sausas-maistas-dideliu-veisliu-vyresnio-amziaus-sunims-su-vistiena-15kg\/\" \/>\n<meta property=\"og:locale\" content=\"lt_LT\" \/>\n<meta property=\"og:type\" content=\"article\" \/>\n<meta property=\"og:title\" content=\"Eukanuba Base sausas maistas dideli\u0173 veisli\u0173 vyresnio am\u017eiaus \u0161unims su vi\u0161tiena 15kg\" \/>\n<meta property=\"og:description\" content=\"Specialiai sukurtas vyresni\u0173 dideli\u0173 veisli\u0173 \u0161un\u0173 nuo 9 met\u0173 am\u017eiaus ir mil\u017eini\u0161k\u0173 veisli\u0173 \u0161un\u0173 nuo 8 met\u0173 poreikiams. \u0160is pa\u0161aras u\u017etikrina optimali\u0105 fizin\u0119 b\u016bkl\u0119 ir palaiko ger\u0105 judrum\u0105. Didel\u0117s granul\u0117s, praturtintos \u0161vie\u017eia vi\u0161tiena, yra pritaikytos dideli\u0173 veisli\u0173 \u0161un\u0173 mitybai ir dant\u0173 prie\u017ei\u016brai.\" \/>\n<meta property=\"og:url\" content=\"https:\/\/anivet.lt\/elparduotuve\/produktas\/eukanuba-base-sausas-maistas-dideliu-veisliu-vyresnio-amziaus-sunims-su-vistiena-15kg\/\" \/>\n<meta property=\"og:site_name\" content=\"anivet.lt\" \/>\n<meta property=\"article:modified_time\" content=\"2026-02-27T13:03:16+00:00\" \/>\n<meta property=\"og:image\" content=\"https:\/\/anivet.lt\/elparduotuve\/wp-content\/uploads\/2024\/12\/Eukanuba-sausas-maistas-dideliu-veisliu-vyresnio-amziaus-sunims-su-vistiena-15kg.jpg\" \/>\n\t<meta property=\"og:image:width\" content=\"650\" \/>\n\t<meta property=\"og:image:height\" content=\"650\" \/>\n\t<meta property=\"og:image:type\" content=\"image\/jpeg\" \/>\n<meta name=\"twitter:card\" content=\"summary_large_image\" \/>\n<meta name=\"twitter:label1\" content=\"Est. reading time\" \/>\n\t<meta name=\"twitter:data1\" content=\"1 minut\u0117\" \/>\n<script type=\"application\/ld+json\" class=\"yoast-schema-graph\">{\"@context\":\"https:\\\/\\\/schema.org\",\"@graph\":[{\"@type\":\"WebPage\",\"@id\":\"https:\\\/\\\/anivet.lt\\\/elparduotuve\\\/produktas\\\/eukanuba-base-sausas-maistas-dideliu-veisliu-vyresnio-amziaus-sunims-su-vistiena-15kg\\\/\",\"url\":\"https:\\\/\\\/anivet.lt\\\/elparduotuve\\\/produktas\\\/eukanuba-base-sausas-maistas-dideliu-veisliu-vyresnio-amziaus-sunims-su-vistiena-15kg\\\/\",\"name\":\"Eukanuba Base sausas maistas dideli\u0173 veisli\u0173 vyresnio am\u017eiaus \u0161unims su vi\u0161tiena 15kg - anivet.lt\",\"isPartOf\":{\"@id\":\"https:\\\/\\\/anivet.lt\\\/elparduotuve\\\/#website\"},\"primaryImageOfPage\":{\"@id\":\"https:\\\/\\\/anivet.lt\\\/elparduotuve\\\/produktas\\\/eukanuba-base-sausas-maistas-dideliu-veisliu-vyresnio-amziaus-sunims-su-vistiena-15kg\\\/#primaryimage\"},\"image\":{\"@id\":\"https:\\\/\\\/anivet.lt\\\/elparduotuve\\\/produktas\\\/eukanuba-base-sausas-maistas-dideliu-veisliu-vyresnio-amziaus-sunims-su-vistiena-15kg\\\/#primaryimage\"},\"thumbnailUrl\":\"https:\\\/\\\/anivet.lt\\\/elparduotuve\\\/wp-content\\\/uploads\\\/2024\\\/12\\\/Eukanuba-sausas-maistas-dideliu-veisliu-vyresnio-amziaus-sunims-su-vistiena-15kg.jpg\",\"datePublished\":\"2024-12-17T09:41:18+00:00\",\"dateModified\":\"2026-02-27T13:03:16+00:00\",\"description\":\"Specialiai sukurtas vyresni\u0173 dideli\u0173 veisli\u0173 \u0161un\u0173 nuo 9 met\u0173 am\u017eiaus ir mil\u017eini\u0161k\u0173 veisli\u0173 \u0161un\u0173 nuo 8 met\u0173 poreikiams. \u0160is pa\u0161aras u\u017etikrina optimali\u0105 fizin\u0119 b\u016bkl\u0119 ir palaiko ger\u0105 judrum\u0105. Didel\u0117s granul\u0117s, praturtintos \u0161vie\u017eia vi\u0161tiena, yra pritaikytos dideli\u0173 veisli\u0173 \u0161un\u0173 mitybai ir dant\u0173 prie\u017ei\u016brai.\",\"breadcrumb\":{\"@id\":\"https:\\\/\\\/anivet.lt\\\/elparduotuve\\\/produktas\\\/eukanuba-base-sausas-maistas-dideliu-veisliu-vyresnio-amziaus-sunims-su-vistiena-15kg\\\/#breadcrumb\"},\"inLanguage\":\"lt-LT\",\"potentialAction\":[{\"@type\":\"ReadAction\",\"target\":[\"https:\\\/\\\/anivet.lt\\\/elparduotuve\\\/produktas\\\/eukanuba-base-sausas-maistas-dideliu-veisliu-vyresnio-amziaus-sunims-su-vistiena-15kg\\\/\"]}]},{\"@type\":\"ImageObject\",\"inLanguage\":\"lt-LT\",\"@id\":\"https:\\\/\\\/anivet.lt\\\/elparduotuve\\\/produktas\\\/eukanuba-base-sausas-maistas-dideliu-veisliu-vyresnio-amziaus-sunims-su-vistiena-15kg\\\/#primaryimage\",\"url\":\"https:\\\/\\\/anivet.lt\\\/elparduotuve\\\/wp-content\\\/uploads\\\/2024\\\/12\\\/Eukanuba-sausas-maistas-dideliu-veisliu-vyresnio-amziaus-sunims-su-vistiena-15kg.jpg\",\"contentUrl\":\"https:\\\/\\\/anivet.lt\\\/elparduotuve\\\/wp-content\\\/uploads\\\/2024\\\/12\\\/Eukanuba-sausas-maistas-dideliu-veisliu-vyresnio-amziaus-sunims-su-vistiena-15kg.jpg\",\"width\":650,\"height\":650,\"caption\":\"Eukanuba Base sausas maistas dideli\u0173 veisli\u0173 vyresnio am\u017eiaus \u0161unims su vi\u0161tiena 15kg\"},{\"@type\":\"BreadcrumbList\",\"@id\":\"https:\\\/\\\/anivet.lt\\\/elparduotuve\\\/produktas\\\/eukanuba-base-sausas-maistas-dideliu-veisliu-vyresnio-amziaus-sunims-su-vistiena-15kg\\\/#breadcrumb\",\"itemListElement\":[{\"@type\":\"ListItem\",\"position\":1,\"name\":\"Home\",\"item\":\"https:\\\/\\\/anivet.lt\\\/elparduotuve\\\/\"},{\"@type\":\"ListItem\",\"position\":2,\"name\":\"Produktai\",\"item\":\"https:\\\/\\\/anivet.lt\\\/elparduotuve\\\/produktai\\\/\"},{\"@type\":\"ListItem\",\"position\":3,\"name\":\"Eukanuba Base sausas maistas dideli\u0173 veisli\u0173 vyresnio am\u017eiaus \u0161unims su vi\u0161tiena 15kg\"}]},{\"@type\":\"WebSite\",\"@id\":\"https:\\\/\\\/anivet.lt\\\/elparduotuve\\\/#website\",\"url\":\"https:\\\/\\\/anivet.lt\\\/elparduotuve\\\/\",\"name\":\"anivet.lt\",\"description\":\"Viskas J\u016bs\u0173 \u0161uns, kat\u0117s prie\u017ei\u016brai\",\"publisher\":{\"@id\":\"https:\\\/\\\/anivet.lt\\\/elparduotuve\\\/#organization\"},\"alternateName\":\"Viskas J\u016bs\u0173 \u0161uns, kat\u0117s prie\u017ei\u016brai\",\"potentialAction\":[{\"@type\":\"SearchAction\",\"target\":{\"@type\":\"EntryPoint\",\"urlTemplate\":\"https:\\\/\\\/anivet.lt\\\/elparduotuve\\\/?s={search_term_string}\"},\"query-input\":{\"@type\":\"PropertyValueSpecification\",\"valueRequired\":true,\"valueName\":\"search_term_string\"}}],\"inLanguage\":\"lt-LT\"},{\"@type\":\"Organization\",\"@id\":\"https:\\\/\\\/anivet.lt\\\/elparduotuve\\\/#organization\",\"name\":\"Viskas J\u016bs\u0173 \u0161uns, kat\u0117s prie\u017ei\u016brai\",\"url\":\"https:\\\/\\\/anivet.lt\\\/elparduotuve\\\/\",\"logo\":{\"@type\":\"ImageObject\",\"inLanguage\":\"lt-LT\",\"@id\":\"https:\\\/\\\/anivet.lt\\\/elparduotuve\\\/#\\\/schema\\\/logo\\\/image\\\/\",\"url\":\"https:\\\/\\\/anivet.lt\\\/elparduotuve\\\/wp-content\\\/uploads\\\/2023\\\/06\\\/logo2.jpg\",\"contentUrl\":\"https:\\\/\\\/anivet.lt\\\/elparduotuve\\\/wp-content\\\/uploads\\\/2023\\\/06\\\/logo2.jpg\",\"width\":655,\"height\":194,\"caption\":\"Viskas J\u016bs\u0173 \u0161uns, kat\u0117s prie\u017ei\u016brai\"},\"image\":{\"@id\":\"https:\\\/\\\/anivet.lt\\\/elparduotuve\\\/#\\\/schema\\\/logo\\\/image\\\/\"}}]}<\/script>\n<!-- \/ Yoast SEO Premium plugin. -->","yoast_head_json":{"title":"Eukanuba Base sausas maistas dideli\u0173 veisli\u0173 vyresnio am\u017eiaus \u0161unims su vi\u0161tiena 15kg - anivet.lt","description":"Specialiai sukurtas vyresni\u0173 dideli\u0173 veisli\u0173 \u0161un\u0173 nuo 9 met\u0173 am\u017eiaus ir mil\u017eini\u0161k\u0173 veisli\u0173 \u0161un\u0173 nuo 8 met\u0173 poreikiams. \u0160is pa\u0161aras u\u017etikrina optimali\u0105 fizin\u0119 b\u016bkl\u0119 ir palaiko ger\u0105 judrum\u0105. Didel\u0117s granul\u0117s, praturtintos \u0161vie\u017eia vi\u0161tiena, yra pritaikytos dideli\u0173 veisli\u0173 \u0161un\u0173 mitybai ir dant\u0173 prie\u017ei\u016brai.","robots":{"index":"index","follow":"follow","max-snippet":"max-snippet:-1","max-image-preview":"max-image-preview:large","max-video-preview":"max-video-preview:-1"},"canonical":"https:\/\/anivet.lt\/elparduotuve\/produktas\/eukanuba-base-sausas-maistas-dideliu-veisliu-vyresnio-amziaus-sunims-su-vistiena-15kg\/","og_locale":"lt_LT","og_type":"article","og_title":"Eukanuba Base sausas maistas dideli\u0173 veisli\u0173 vyresnio am\u017eiaus \u0161unims su vi\u0161tiena 15kg","og_description":"Specialiai sukurtas vyresni\u0173 dideli\u0173 veisli\u0173 \u0161un\u0173 nuo 9 met\u0173 am\u017eiaus ir mil\u017eini\u0161k\u0173 veisli\u0173 \u0161un\u0173 nuo 8 met\u0173 poreikiams. \u0160is pa\u0161aras u\u017etikrina optimali\u0105 fizin\u0119 b\u016bkl\u0119 ir palaiko ger\u0105 judrum\u0105. Didel\u0117s granul\u0117s, praturtintos \u0161vie\u017eia vi\u0161tiena, yra pritaikytos dideli\u0173 veisli\u0173 \u0161un\u0173 mitybai ir dant\u0173 prie\u017ei\u016brai.","og_url":"https:\/\/anivet.lt\/elparduotuve\/produktas\/eukanuba-base-sausas-maistas-dideliu-veisliu-vyresnio-amziaus-sunims-su-vistiena-15kg\/","og_site_name":"anivet.lt","article_modified_time":"2026-02-27T13:03:16+00:00","og_image":[{"width":650,"height":650,"url":"https:\/\/anivet.lt\/elparduotuve\/wp-content\/uploads\/2024\/12\/Eukanuba-sausas-maistas-dideliu-veisliu-vyresnio-amziaus-sunims-su-vistiena-15kg.jpg","type":"image\/jpeg"}],"twitter_card":"summary_large_image","twitter_misc":{"Est. reading time":"1 minut\u0117"},"schema":{"@context":"https:\/\/schema.org","@graph":[{"@type":"WebPage","@id":"https:\/\/anivet.lt\/elparduotuve\/produktas\/eukanuba-base-sausas-maistas-dideliu-veisliu-vyresnio-amziaus-sunims-su-vistiena-15kg\/","url":"https:\/\/anivet.lt\/elparduotuve\/produktas\/eukanuba-base-sausas-maistas-dideliu-veisliu-vyresnio-amziaus-sunims-su-vistiena-15kg\/","name":"Eukanuba Base sausas maistas dideli\u0173 veisli\u0173 vyresnio am\u017eiaus \u0161unims su vi\u0161tiena 15kg - anivet.lt","isPartOf":{"@id":"https:\/\/anivet.lt\/elparduotuve\/#website"},"primaryImageOfPage":{"@id":"https:\/\/anivet.lt\/elparduotuve\/produktas\/eukanuba-base-sausas-maistas-dideliu-veisliu-vyresnio-amziaus-sunims-su-vistiena-15kg\/#primaryimage"},"image":{"@id":"https:\/\/anivet.lt\/elparduotuve\/produktas\/eukanuba-base-sausas-maistas-dideliu-veisliu-vyresnio-amziaus-sunims-su-vistiena-15kg\/#primaryimage"},"thumbnailUrl":"https:\/\/anivet.lt\/elparduotuve\/wp-content\/uploads\/2024\/12\/Eukanuba-sausas-maistas-dideliu-veisliu-vyresnio-amziaus-sunims-su-vistiena-15kg.jpg","datePublished":"2024-12-17T09:41:18+00:00","dateModified":"2026-02-27T13:03:16+00:00","description":"Specialiai sukurtas vyresni\u0173 dideli\u0173 veisli\u0173 \u0161un\u0173 nuo 9 met\u0173 am\u017eiaus ir mil\u017eini\u0161k\u0173 veisli\u0173 \u0161un\u0173 nuo 8 met\u0173 poreikiams. \u0160is pa\u0161aras u\u017etikrina optimali\u0105 fizin\u0119 b\u016bkl\u0119 ir palaiko ger\u0105 judrum\u0105. Didel\u0117s granul\u0117s, praturtintos \u0161vie\u017eia vi\u0161tiena, yra pritaikytos dideli\u0173 veisli\u0173 \u0161un\u0173 mitybai ir dant\u0173 prie\u017ei\u016brai.","breadcrumb":{"@id":"https:\/\/anivet.lt\/elparduotuve\/produktas\/eukanuba-base-sausas-maistas-dideliu-veisliu-vyresnio-amziaus-sunims-su-vistiena-15kg\/#breadcrumb"},"inLanguage":"lt-LT","potentialAction":[{"@type":"ReadAction","target":["https:\/\/anivet.lt\/elparduotuve\/produktas\/eukanuba-base-sausas-maistas-dideliu-veisliu-vyresnio-amziaus-sunims-su-vistiena-15kg\/"]}]},{"@type":"ImageObject","inLanguage":"lt-LT","@id":"https:\/\/anivet.lt\/elparduotuve\/produktas\/eukanuba-base-sausas-maistas-dideliu-veisliu-vyresnio-amziaus-sunims-su-vistiena-15kg\/#primaryimage","url":"https:\/\/anivet.lt\/elparduotuve\/wp-content\/uploads\/2024\/12\/Eukanuba-sausas-maistas-dideliu-veisliu-vyresnio-amziaus-sunims-su-vistiena-15kg.jpg","contentUrl":"https:\/\/anivet.lt\/elparduotuve\/wp-content\/uploads\/2024\/12\/Eukanuba-sausas-maistas-dideliu-veisliu-vyresnio-amziaus-sunims-su-vistiena-15kg.jpg","width":650,"height":650,"caption":"Eukanuba Base sausas maistas dideli\u0173 veisli\u0173 vyresnio am\u017eiaus \u0161unims su vi\u0161tiena 15kg"},{"@type":"BreadcrumbList","@id":"https:\/\/anivet.lt\/elparduotuve\/produktas\/eukanuba-base-sausas-maistas-dideliu-veisliu-vyresnio-amziaus-sunims-su-vistiena-15kg\/#breadcrumb","itemListElement":[{"@type":"ListItem","position":1,"name":"Home","item":"https:\/\/anivet.lt\/elparduotuve\/"},{"@type":"ListItem","position":2,"name":"Produktai","item":"https:\/\/anivet.lt\/elparduotuve\/produktai\/"},{"@type":"ListItem","position":3,"name":"Eukanuba Base sausas maistas dideli\u0173 veisli\u0173 vyresnio am\u017eiaus \u0161unims su vi\u0161tiena 15kg"}]},{"@type":"WebSite","@id":"https:\/\/anivet.lt\/elparduotuve\/#website","url":"https:\/\/anivet.lt\/elparduotuve\/","name":"anivet.lt","description":"Viskas J\u016bs\u0173 \u0161uns, kat\u0117s prie\u017ei\u016brai","publisher":{"@id":"https:\/\/anivet.lt\/elparduotuve\/#organization"},"alternateName":"Viskas J\u016bs\u0173 \u0161uns, kat\u0117s prie\u017ei\u016brai","potentialAction":[{"@type":"SearchAction","target":{"@type":"EntryPoint","urlTemplate":"https:\/\/anivet.lt\/elparduotuve\/?s={search_term_string}"},"query-input":{"@type":"PropertyValueSpecification","valueRequired":true,"valueName":"search_term_string"}}],"inLanguage":"lt-LT"},{"@type":"Organization","@id":"https:\/\/anivet.lt\/elparduotuve\/#organization","name":"Viskas J\u016bs\u0173 \u0161uns, kat\u0117s prie\u017ei\u016brai","url":"https:\/\/anivet.lt\/elparduotuve\/","logo":{"@type":"ImageObject","inLanguage":"lt-LT","@id":"https:\/\/anivet.lt\/elparduotuve\/#\/schema\/logo\/image\/","url":"https:\/\/anivet.lt\/elparduotuve\/wp-content\/uploads\/2023\/06\/logo2.jpg","contentUrl":"https:\/\/anivet.lt\/elparduotuve\/wp-content\/uploads\/2023\/06\/logo2.jpg","width":655,"height":194,"caption":"Viskas J\u016bs\u0173 \u0161uns, kat\u0117s prie\u017ei\u016brai"},"image":{"@id":"https:\/\/anivet.lt\/elparduotuve\/#\/schema\/logo\/image\/"}}]}},"_links":{"self":[{"href":"https:\/\/anivet.lt\/elparduotuve\/wp-json\/wp\/v2\/product\/15617","targetHints":{"allow":["GET"]}}],"collection":[{"href":"https:\/\/anivet.lt\/elparduotuve\/wp-json\/wp\/v2\/product"}],"about":[{"href":"https:\/\/anivet.lt\/elparduotuve\/wp-json\/wp\/v2\/types\/product"}],"wp:featuredmedia":[{"embeddable":true,"href":"https:\/\/anivet.lt\/elparduotuve\/wp-json\/wp\/v2\/media\/19096"}],"wp:attachment":[{"href":"https:\/\/anivet.lt\/elparduotuve\/wp-json\/wp\/v2\/media?parent=15617"}],"wp:term":[{"taxonomy":"product_brand","embeddable":true,"href":"https:\/\/anivet.lt\/elparduotuve\/wp-json\/wp\/v2\/product_brand?post=15617"},{"taxonomy":"product_cat","embeddable":true,"href":"https:\/\/anivet.lt\/elparduotuve\/wp-json\/wp\/v2\/product_cat?post=15617"},{"taxonomy":"product_tag","embeddable":true,"href":"https:\/\/anivet.lt\/elparduotuve\/wp-json\/wp\/v2\/product_tag?post=15617"}],"curies":[{"name":"wp","href":"https:\/\/api.w.org\/{rel}","templated":true}]}}