{"id":15620,"date":"2024-12-17T09:47:53","date_gmt":"2024-12-17T09:47:53","guid":{"rendered":"https:\/\/anivet.lt\/elparduotuve\/?post_type=product&#038;p=15620"},"modified":"2026-02-27T13:04:08","modified_gmt":"2026-02-27T13:04:08","slug":"eukanuba-base-sausas-maistas-dideliu-veisliu-senyviems-sunims-su-eriena-ir-ryziais-12kg","status":"publish","type":"product","link":"https:\/\/anivet.lt\/elparduotuve\/produktas\/eukanuba-base-sausas-maistas-dideliu-veisliu-senyviems-sunims-su-eriena-ir-ryziais-12kg\/","title":{"rendered":"Eukanuba Base sausas maistas dideli\u0173 veisli\u0173 senyviems \u0161unims su \u0117riena ir ry\u017eiais 12kg"},"content":{"rendered":"<ul>\n<li><span style=\"font-weight: 400;\">Sveikas vir\u0161kinimas: Prebiotikai ir runkeli\u0173 mink\u0161timas padeda palaikyti skland\u0173 vir\u0161kinim\u0105.<\/span><\/li>\n<li style=\"font-weight: 400;\" aria-level=\"1\"><span style=\"font-weight: 400;\">Sveika oda ir kailis: Omega-6 ir Omega-3 riebal\u0173 r\u016bg\u0161tys palaiko odos b\u016bkl\u0119 ir blizgant\u012f kail\u012f.<\/span><\/li>\n<li style=\"font-weight: 400;\" aria-level=\"1\"><span style=\"font-weight: 400;\">Stipri raumen\u0173 mas\u0117: Gyv\u016bniniai baltymai padeda palaikyti stiprius ir liesus raumenis.<\/span><\/li>\n<li style=\"font-weight: 400;\" aria-level=\"1\"><span style=\"font-weight: 400;\">Dant\u0173 sveikata: DentaDefense technologija padeda i\u0161laikyti \u0161varius ir sveikus dantis.<\/span><\/li>\n<li style=\"font-weight: 400;\" aria-level=\"1\"><span style=\"font-weight: 400;\">Imuniteto palaikymas: Kokybi\u0161kos sudedamosios dalys stiprina bendr\u0105 \u0161uns organizmo atsparum\u0105.<\/span><\/li>\n<\/ul>\n<p><span style=\"font-weight: 400;\">\u201eEukanuba\u201d<\/span> <span style=\"font-weight: 400;\">su \u0117riena ir ry\u017eiais \u2013 tai pilnavert\u0117 mityba, pritaikyta j\u016bs\u0173 augintinio specifiniams poreikiams, u\u017etikrinanti ilgamet\u0119 sveikat\u0105 ir ger\u0105 savijaut\u0105. Sukurta mitybos ekspert\u0173, patvirtinta veterinar\u0173 ir rekomenduojama profesionali\u0173 veis\u0117j\u0173.<\/span><\/p>\n","protected":false},"excerpt":{"rendered":"<p><span style=\"font-weight: 400;\">\u0160is specialiai sukurtas pa\u0161aras idealiai tinka dideli\u0173 veisli\u0173 senyviems \u0161unims, turintiems jautri\u0105 od\u0105 ar vir\u0161kinimo sistem\u0105. Auk\u0161tos kokyb\u0117s sudedamosios dalys u\u017etikrina tinkam\u0105 mityb\u0105, padedan\u010di\u0105 palaikyti sveik\u0105 gyvenimo b\u016bd\u0105. Pa\u0161aras sukurtas taip, kad teikt\u0173 reikaling\u0105 energij\u0105, saugot\u0173 jautri\u0105 od\u0105 ir prisid\u0117t\u0173 prie geros vir\u0161kinimo sistemos veiklos.<\/span><\/p>\n","protected":false},"featured_media":19571,"template":"","meta":[],"product_brand":[],"product_cat":[101,103,104,322],"product_tag":[],"class_list":{"0":"post-15620","1":"product","2":"type-product","3":"status-publish","4":"has-post-thumbnail","6":"product_cat-sunims","7":"product_cat-sunu-maistas","8":"product_cat-sausas-maistas","9":"product_cat-eukanuba-sunu-maistas","10":"pa_prekinis-zenklas-eukanuba","12":"first","13":"outofstock","14":"taxable","15":"shipping-taxable","16":"purchasable","17":"product-type-simple"},"yoast_head":"<!-- This site is optimized with the Yoast SEO Premium plugin v27.1 (Yoast SEO v27.5) - https:\/\/yoast.com\/product\/yoast-seo-premium-wordpress\/ -->\n<title>Eukanuba Base sausas maistas dideli\u0173 veisli\u0173 senyviems \u0161unims su \u0117riena ir ry\u017eiais 12kg - anivet.lt<\/title>\n<meta name=\"description\" content=\"\u0160is specialiai sukurtas pa\u0161aras idealiai tinka dideli\u0173 veisli\u0173 senyviems \u0161unims, turintiems jautri\u0105 od\u0105 ar vir\u0161kinimo sistem\u0105. Auk\u0161tos kokyb\u0117s sudedamosios dalys u\u017etikrina tinkam\u0105 mityb\u0105, padedan\u010di\u0105 palaikyti sveik\u0105 gyvenimo b\u016bd\u0105. Pa\u0161aras sukurtas taip, kad teikt\u0173 reikaling\u0105 energij\u0105, saugot\u0173 jautri\u0105 od\u0105 ir prisid\u0117t\u0173 prie geros vir\u0161kinimo sistemos veiklos.\" \/>\n<meta name=\"robots\" content=\"index, follow, max-snippet:-1, max-image-preview:large, max-video-preview:-1\" \/>\n<link rel=\"canonical\" href=\"https:\/\/anivet.lt\/elparduotuve\/produktas\/eukanuba-base-sausas-maistas-dideliu-veisliu-senyviems-sunims-su-eriena-ir-ryziais-12kg\/\" \/>\n<meta property=\"og:locale\" content=\"lt_LT\" \/>\n<meta property=\"og:type\" content=\"article\" \/>\n<meta property=\"og:title\" content=\"Eukanuba Base sausas maistas dideli\u0173 veisli\u0173 senyviems \u0161unims su \u0117riena ir ry\u017eiais 12kg\" \/>\n<meta property=\"og:description\" content=\"\u0160is specialiai sukurtas pa\u0161aras idealiai tinka dideli\u0173 veisli\u0173 senyviems \u0161unims, turintiems jautri\u0105 od\u0105 ar vir\u0161kinimo sistem\u0105. Auk\u0161tos kokyb\u0117s sudedamosios dalys u\u017etikrina tinkam\u0105 mityb\u0105, padedan\u010di\u0105 palaikyti sveik\u0105 gyvenimo b\u016bd\u0105. Pa\u0161aras sukurtas taip, kad teikt\u0173 reikaling\u0105 energij\u0105, saugot\u0173 jautri\u0105 od\u0105 ir prisid\u0117t\u0173 prie geros vir\u0161kinimo sistemos veiklos.\" \/>\n<meta property=\"og:url\" content=\"https:\/\/anivet.lt\/elparduotuve\/produktas\/eukanuba-base-sausas-maistas-dideliu-veisliu-senyviems-sunims-su-eriena-ir-ryziais-12kg\/\" \/>\n<meta property=\"og:site_name\" content=\"anivet.lt\" \/>\n<meta property=\"article:modified_time\" content=\"2026-02-27T13:04:08+00:00\" \/>\n<meta property=\"og:image\" content=\"https:\/\/anivet.lt\/elparduotuve\/wp-content\/uploads\/2024\/12\/Eukanuba-Base-sausas-maistas-dideliu-veisliu-senyviems-sunims-su-eriena-ir-ryziais-12kg.jpg\" \/>\n\t<meta property=\"og:image:width\" content=\"600\" \/>\n\t<meta property=\"og:image:height\" content=\"600\" \/>\n\t<meta property=\"og:image:type\" content=\"image\/jpeg\" \/>\n<meta name=\"twitter:card\" content=\"summary_large_image\" \/>\n<meta name=\"twitter:label1\" content=\"Est. reading time\" \/>\n\t<meta name=\"twitter:data1\" content=\"1 minut\u0117\" \/>\n<script type=\"application\/ld+json\" class=\"yoast-schema-graph\">{\"@context\":\"https:\\\/\\\/schema.org\",\"@graph\":[{\"@type\":\"WebPage\",\"@id\":\"https:\\\/\\\/anivet.lt\\\/elparduotuve\\\/produktas\\\/eukanuba-base-sausas-maistas-dideliu-veisliu-senyviems-sunims-su-eriena-ir-ryziais-12kg\\\/\",\"url\":\"https:\\\/\\\/anivet.lt\\\/elparduotuve\\\/produktas\\\/eukanuba-base-sausas-maistas-dideliu-veisliu-senyviems-sunims-su-eriena-ir-ryziais-12kg\\\/\",\"name\":\"Eukanuba Base sausas maistas dideli\u0173 veisli\u0173 senyviems \u0161unims su \u0117riena ir ry\u017eiais 12kg - anivet.lt\",\"isPartOf\":{\"@id\":\"https:\\\/\\\/anivet.lt\\\/elparduotuve\\\/#website\"},\"primaryImageOfPage\":{\"@id\":\"https:\\\/\\\/anivet.lt\\\/elparduotuve\\\/produktas\\\/eukanuba-base-sausas-maistas-dideliu-veisliu-senyviems-sunims-su-eriena-ir-ryziais-12kg\\\/#primaryimage\"},\"image\":{\"@id\":\"https:\\\/\\\/anivet.lt\\\/elparduotuve\\\/produktas\\\/eukanuba-base-sausas-maistas-dideliu-veisliu-senyviems-sunims-su-eriena-ir-ryziais-12kg\\\/#primaryimage\"},\"thumbnailUrl\":\"https:\\\/\\\/anivet.lt\\\/elparduotuve\\\/wp-content\\\/uploads\\\/2024\\\/12\\\/Eukanuba-Base-sausas-maistas-dideliu-veisliu-senyviems-sunims-su-eriena-ir-ryziais-12kg.jpg\",\"datePublished\":\"2024-12-17T09:47:53+00:00\",\"dateModified\":\"2026-02-27T13:04:08+00:00\",\"description\":\"\u0160is specialiai sukurtas pa\u0161aras idealiai tinka dideli\u0173 veisli\u0173 senyviems \u0161unims, turintiems jautri\u0105 od\u0105 ar vir\u0161kinimo sistem\u0105. Auk\u0161tos kokyb\u0117s sudedamosios dalys u\u017etikrina tinkam\u0105 mityb\u0105, padedan\u010di\u0105 palaikyti sveik\u0105 gyvenimo b\u016bd\u0105. Pa\u0161aras sukurtas taip, kad teikt\u0173 reikaling\u0105 energij\u0105, saugot\u0173 jautri\u0105 od\u0105 ir prisid\u0117t\u0173 prie geros vir\u0161kinimo sistemos veiklos.\",\"breadcrumb\":{\"@id\":\"https:\\\/\\\/anivet.lt\\\/elparduotuve\\\/produktas\\\/eukanuba-base-sausas-maistas-dideliu-veisliu-senyviems-sunims-su-eriena-ir-ryziais-12kg\\\/#breadcrumb\"},\"inLanguage\":\"lt-LT\",\"potentialAction\":[{\"@type\":\"ReadAction\",\"target\":[\"https:\\\/\\\/anivet.lt\\\/elparduotuve\\\/produktas\\\/eukanuba-base-sausas-maistas-dideliu-veisliu-senyviems-sunims-su-eriena-ir-ryziais-12kg\\\/\"]}]},{\"@type\":\"ImageObject\",\"inLanguage\":\"lt-LT\",\"@id\":\"https:\\\/\\\/anivet.lt\\\/elparduotuve\\\/produktas\\\/eukanuba-base-sausas-maistas-dideliu-veisliu-senyviems-sunims-su-eriena-ir-ryziais-12kg\\\/#primaryimage\",\"url\":\"https:\\\/\\\/anivet.lt\\\/elparduotuve\\\/wp-content\\\/uploads\\\/2024\\\/12\\\/Eukanuba-Base-sausas-maistas-dideliu-veisliu-senyviems-sunims-su-eriena-ir-ryziais-12kg.jpg\",\"contentUrl\":\"https:\\\/\\\/anivet.lt\\\/elparduotuve\\\/wp-content\\\/uploads\\\/2024\\\/12\\\/Eukanuba-Base-sausas-maistas-dideliu-veisliu-senyviems-sunims-su-eriena-ir-ryziais-12kg.jpg\",\"width\":600,\"height\":600,\"caption\":\"Eukanuba Base sausas maistas dideli\u0173 veisli\u0173 senyviems \u0161unims su \u0117riena ir ry\u017eiais 12kg\"},{\"@type\":\"BreadcrumbList\",\"@id\":\"https:\\\/\\\/anivet.lt\\\/elparduotuve\\\/produktas\\\/eukanuba-base-sausas-maistas-dideliu-veisliu-senyviems-sunims-su-eriena-ir-ryziais-12kg\\\/#breadcrumb\",\"itemListElement\":[{\"@type\":\"ListItem\",\"position\":1,\"name\":\"Home\",\"item\":\"https:\\\/\\\/anivet.lt\\\/elparduotuve\\\/\"},{\"@type\":\"ListItem\",\"position\":2,\"name\":\"Produktai\",\"item\":\"https:\\\/\\\/anivet.lt\\\/elparduotuve\\\/produktai\\\/\"},{\"@type\":\"ListItem\",\"position\":3,\"name\":\"Eukanuba Base sausas maistas dideli\u0173 veisli\u0173 senyviems \u0161unims su \u0117riena ir ry\u017eiais 12kg\"}]},{\"@type\":\"WebSite\",\"@id\":\"https:\\\/\\\/anivet.lt\\\/elparduotuve\\\/#website\",\"url\":\"https:\\\/\\\/anivet.lt\\\/elparduotuve\\\/\",\"name\":\"anivet.lt\",\"description\":\"Viskas J\u016bs\u0173 \u0161uns, kat\u0117s prie\u017ei\u016brai\",\"publisher\":{\"@id\":\"https:\\\/\\\/anivet.lt\\\/elparduotuve\\\/#organization\"},\"alternateName\":\"Viskas J\u016bs\u0173 \u0161uns, kat\u0117s prie\u017ei\u016brai\",\"potentialAction\":[{\"@type\":\"SearchAction\",\"target\":{\"@type\":\"EntryPoint\",\"urlTemplate\":\"https:\\\/\\\/anivet.lt\\\/elparduotuve\\\/?s={search_term_string}\"},\"query-input\":{\"@type\":\"PropertyValueSpecification\",\"valueRequired\":true,\"valueName\":\"search_term_string\"}}],\"inLanguage\":\"lt-LT\"},{\"@type\":\"Organization\",\"@id\":\"https:\\\/\\\/anivet.lt\\\/elparduotuve\\\/#organization\",\"name\":\"Viskas J\u016bs\u0173 \u0161uns, kat\u0117s prie\u017ei\u016brai\",\"url\":\"https:\\\/\\\/anivet.lt\\\/elparduotuve\\\/\",\"logo\":{\"@type\":\"ImageObject\",\"inLanguage\":\"lt-LT\",\"@id\":\"https:\\\/\\\/anivet.lt\\\/elparduotuve\\\/#\\\/schema\\\/logo\\\/image\\\/\",\"url\":\"https:\\\/\\\/anivet.lt\\\/elparduotuve\\\/wp-content\\\/uploads\\\/2023\\\/06\\\/logo2.jpg\",\"contentUrl\":\"https:\\\/\\\/anivet.lt\\\/elparduotuve\\\/wp-content\\\/uploads\\\/2023\\\/06\\\/logo2.jpg\",\"width\":655,\"height\":194,\"caption\":\"Viskas J\u016bs\u0173 \u0161uns, kat\u0117s prie\u017ei\u016brai\"},\"image\":{\"@id\":\"https:\\\/\\\/anivet.lt\\\/elparduotuve\\\/#\\\/schema\\\/logo\\\/image\\\/\"}}]}<\/script>\n<!-- \/ Yoast SEO Premium plugin. -->","yoast_head_json":{"title":"Eukanuba Base sausas maistas dideli\u0173 veisli\u0173 senyviems \u0161unims su \u0117riena ir ry\u017eiais 12kg - anivet.lt","description":"\u0160is specialiai sukurtas pa\u0161aras idealiai tinka dideli\u0173 veisli\u0173 senyviems \u0161unims, turintiems jautri\u0105 od\u0105 ar vir\u0161kinimo sistem\u0105. Auk\u0161tos kokyb\u0117s sudedamosios dalys u\u017etikrina tinkam\u0105 mityb\u0105, padedan\u010di\u0105 palaikyti sveik\u0105 gyvenimo b\u016bd\u0105. Pa\u0161aras sukurtas taip, kad teikt\u0173 reikaling\u0105 energij\u0105, saugot\u0173 jautri\u0105 od\u0105 ir prisid\u0117t\u0173 prie geros vir\u0161kinimo sistemos veiklos.","robots":{"index":"index","follow":"follow","max-snippet":"max-snippet:-1","max-image-preview":"max-image-preview:large","max-video-preview":"max-video-preview:-1"},"canonical":"https:\/\/anivet.lt\/elparduotuve\/produktas\/eukanuba-base-sausas-maistas-dideliu-veisliu-senyviems-sunims-su-eriena-ir-ryziais-12kg\/","og_locale":"lt_LT","og_type":"article","og_title":"Eukanuba Base sausas maistas dideli\u0173 veisli\u0173 senyviems \u0161unims su \u0117riena ir ry\u017eiais 12kg","og_description":"\u0160is specialiai sukurtas pa\u0161aras idealiai tinka dideli\u0173 veisli\u0173 senyviems \u0161unims, turintiems jautri\u0105 od\u0105 ar vir\u0161kinimo sistem\u0105. Auk\u0161tos kokyb\u0117s sudedamosios dalys u\u017etikrina tinkam\u0105 mityb\u0105, padedan\u010di\u0105 palaikyti sveik\u0105 gyvenimo b\u016bd\u0105. Pa\u0161aras sukurtas taip, kad teikt\u0173 reikaling\u0105 energij\u0105, saugot\u0173 jautri\u0105 od\u0105 ir prisid\u0117t\u0173 prie geros vir\u0161kinimo sistemos veiklos.","og_url":"https:\/\/anivet.lt\/elparduotuve\/produktas\/eukanuba-base-sausas-maistas-dideliu-veisliu-senyviems-sunims-su-eriena-ir-ryziais-12kg\/","og_site_name":"anivet.lt","article_modified_time":"2026-02-27T13:04:08+00:00","og_image":[{"width":600,"height":600,"url":"https:\/\/anivet.lt\/elparduotuve\/wp-content\/uploads\/2024\/12\/Eukanuba-Base-sausas-maistas-dideliu-veisliu-senyviems-sunims-su-eriena-ir-ryziais-12kg.jpg","type":"image\/jpeg"}],"twitter_card":"summary_large_image","twitter_misc":{"Est. reading time":"1 minut\u0117"},"schema":{"@context":"https:\/\/schema.org","@graph":[{"@type":"WebPage","@id":"https:\/\/anivet.lt\/elparduotuve\/produktas\/eukanuba-base-sausas-maistas-dideliu-veisliu-senyviems-sunims-su-eriena-ir-ryziais-12kg\/","url":"https:\/\/anivet.lt\/elparduotuve\/produktas\/eukanuba-base-sausas-maistas-dideliu-veisliu-senyviems-sunims-su-eriena-ir-ryziais-12kg\/","name":"Eukanuba Base sausas maistas dideli\u0173 veisli\u0173 senyviems \u0161unims su \u0117riena ir ry\u017eiais 12kg - anivet.lt","isPartOf":{"@id":"https:\/\/anivet.lt\/elparduotuve\/#website"},"primaryImageOfPage":{"@id":"https:\/\/anivet.lt\/elparduotuve\/produktas\/eukanuba-base-sausas-maistas-dideliu-veisliu-senyviems-sunims-su-eriena-ir-ryziais-12kg\/#primaryimage"},"image":{"@id":"https:\/\/anivet.lt\/elparduotuve\/produktas\/eukanuba-base-sausas-maistas-dideliu-veisliu-senyviems-sunims-su-eriena-ir-ryziais-12kg\/#primaryimage"},"thumbnailUrl":"https:\/\/anivet.lt\/elparduotuve\/wp-content\/uploads\/2024\/12\/Eukanuba-Base-sausas-maistas-dideliu-veisliu-senyviems-sunims-su-eriena-ir-ryziais-12kg.jpg","datePublished":"2024-12-17T09:47:53+00:00","dateModified":"2026-02-27T13:04:08+00:00","description":"\u0160is specialiai sukurtas pa\u0161aras idealiai tinka dideli\u0173 veisli\u0173 senyviems \u0161unims, turintiems jautri\u0105 od\u0105 ar vir\u0161kinimo sistem\u0105. Auk\u0161tos kokyb\u0117s sudedamosios dalys u\u017etikrina tinkam\u0105 mityb\u0105, padedan\u010di\u0105 palaikyti sveik\u0105 gyvenimo b\u016bd\u0105. Pa\u0161aras sukurtas taip, kad teikt\u0173 reikaling\u0105 energij\u0105, saugot\u0173 jautri\u0105 od\u0105 ir prisid\u0117t\u0173 prie geros vir\u0161kinimo sistemos veiklos.","breadcrumb":{"@id":"https:\/\/anivet.lt\/elparduotuve\/produktas\/eukanuba-base-sausas-maistas-dideliu-veisliu-senyviems-sunims-su-eriena-ir-ryziais-12kg\/#breadcrumb"},"inLanguage":"lt-LT","potentialAction":[{"@type":"ReadAction","target":["https:\/\/anivet.lt\/elparduotuve\/produktas\/eukanuba-base-sausas-maistas-dideliu-veisliu-senyviems-sunims-su-eriena-ir-ryziais-12kg\/"]}]},{"@type":"ImageObject","inLanguage":"lt-LT","@id":"https:\/\/anivet.lt\/elparduotuve\/produktas\/eukanuba-base-sausas-maistas-dideliu-veisliu-senyviems-sunims-su-eriena-ir-ryziais-12kg\/#primaryimage","url":"https:\/\/anivet.lt\/elparduotuve\/wp-content\/uploads\/2024\/12\/Eukanuba-Base-sausas-maistas-dideliu-veisliu-senyviems-sunims-su-eriena-ir-ryziais-12kg.jpg","contentUrl":"https:\/\/anivet.lt\/elparduotuve\/wp-content\/uploads\/2024\/12\/Eukanuba-Base-sausas-maistas-dideliu-veisliu-senyviems-sunims-su-eriena-ir-ryziais-12kg.jpg","width":600,"height":600,"caption":"Eukanuba Base sausas maistas dideli\u0173 veisli\u0173 senyviems \u0161unims su \u0117riena ir ry\u017eiais 12kg"},{"@type":"BreadcrumbList","@id":"https:\/\/anivet.lt\/elparduotuve\/produktas\/eukanuba-base-sausas-maistas-dideliu-veisliu-senyviems-sunims-su-eriena-ir-ryziais-12kg\/#breadcrumb","itemListElement":[{"@type":"ListItem","position":1,"name":"Home","item":"https:\/\/anivet.lt\/elparduotuve\/"},{"@type":"ListItem","position":2,"name":"Produktai","item":"https:\/\/anivet.lt\/elparduotuve\/produktai\/"},{"@type":"ListItem","position":3,"name":"Eukanuba Base sausas maistas dideli\u0173 veisli\u0173 senyviems \u0161unims su \u0117riena ir ry\u017eiais 12kg"}]},{"@type":"WebSite","@id":"https:\/\/anivet.lt\/elparduotuve\/#website","url":"https:\/\/anivet.lt\/elparduotuve\/","name":"anivet.lt","description":"Viskas J\u016bs\u0173 \u0161uns, kat\u0117s prie\u017ei\u016brai","publisher":{"@id":"https:\/\/anivet.lt\/elparduotuve\/#organization"},"alternateName":"Viskas J\u016bs\u0173 \u0161uns, kat\u0117s prie\u017ei\u016brai","potentialAction":[{"@type":"SearchAction","target":{"@type":"EntryPoint","urlTemplate":"https:\/\/anivet.lt\/elparduotuve\/?s={search_term_string}"},"query-input":{"@type":"PropertyValueSpecification","valueRequired":true,"valueName":"search_term_string"}}],"inLanguage":"lt-LT"},{"@type":"Organization","@id":"https:\/\/anivet.lt\/elparduotuve\/#organization","name":"Viskas J\u016bs\u0173 \u0161uns, kat\u0117s prie\u017ei\u016brai","url":"https:\/\/anivet.lt\/elparduotuve\/","logo":{"@type":"ImageObject","inLanguage":"lt-LT","@id":"https:\/\/anivet.lt\/elparduotuve\/#\/schema\/logo\/image\/","url":"https:\/\/anivet.lt\/elparduotuve\/wp-content\/uploads\/2023\/06\/logo2.jpg","contentUrl":"https:\/\/anivet.lt\/elparduotuve\/wp-content\/uploads\/2023\/06\/logo2.jpg","width":655,"height":194,"caption":"Viskas J\u016bs\u0173 \u0161uns, kat\u0117s prie\u017ei\u016brai"},"image":{"@id":"https:\/\/anivet.lt\/elparduotuve\/#\/schema\/logo\/image\/"}}]}},"_links":{"self":[{"href":"https:\/\/anivet.lt\/elparduotuve\/wp-json\/wp\/v2\/product\/15620","targetHints":{"allow":["GET"]}}],"collection":[{"href":"https:\/\/anivet.lt\/elparduotuve\/wp-json\/wp\/v2\/product"}],"about":[{"href":"https:\/\/anivet.lt\/elparduotuve\/wp-json\/wp\/v2\/types\/product"}],"wp:featuredmedia":[{"embeddable":true,"href":"https:\/\/anivet.lt\/elparduotuve\/wp-json\/wp\/v2\/media\/19571"}],"wp:attachment":[{"href":"https:\/\/anivet.lt\/elparduotuve\/wp-json\/wp\/v2\/media?parent=15620"}],"wp:term":[{"taxonomy":"product_brand","embeddable":true,"href":"https:\/\/anivet.lt\/elparduotuve\/wp-json\/wp\/v2\/product_brand?post=15620"},{"taxonomy":"product_cat","embeddable":true,"href":"https:\/\/anivet.lt\/elparduotuve\/wp-json\/wp\/v2\/product_cat?post=15620"},{"taxonomy":"product_tag","embeddable":true,"href":"https:\/\/anivet.lt\/elparduotuve\/wp-json\/wp\/v2\/product_tag?post=15620"}],"curies":[{"name":"wp","href":"https:\/\/api.w.org\/{rel}","templated":true}]}}