{"id":15627,"date":"2024-12-17T10:47:49","date_gmt":"2024-12-17T10:47:49","guid":{"rendered":"https:\/\/anivet.lt\/elparduotuve\/?post_type=product&#038;p=15627"},"modified":"2026-04-11T09:05:07","modified_gmt":"2026-04-11T09:05:07","slug":"eukanuba-grain-free-sausas-maistas-mazu-ir-vidutiniu-veisliu-suniukams-su-zuvimi-3-kg-12-kg","status":"publish","type":"product","link":"https:\/\/anivet.lt\/elparduotuve\/produktas\/eukanuba-grain-free-sausas-maistas-mazu-ir-vidutiniu-veisliu-suniukams-su-zuvimi-3-kg-12-kg\/","title":{"rendered":"Eukanuba Grain Free sausas maistas ma\u017e\u0173 ir vidutini\u0173 veisli\u0173 \u0161uniukams su \u017euvimi"},"content":{"rendered":"<ul>\n<li><span style=\"font-weight: 400;\">Batatai be glitimo: Skaidulini\u0173 med\u017eiag\u0173, vitamin\u0173 ir antioksidant\u0173 \u0161altinis.<\/span><\/li>\n<li style=\"font-weight: 400;\" aria-level=\"1\"><span style=\"font-weight: 400;\">Sud\u0117tyje n\u0117ra vi\u0161tienos: Puiki alternatyva jautriems \u0161uniukams.<\/span><\/li>\n<li style=\"font-weight: 400;\" aria-level=\"1\"><span style=\"font-weight: 400;\">Prebiotikai FOS, MOS ir burok\u0117li\u0173 mink\u0161timas palaiko sveik\u0105 vir\u0161kinim\u0105.<\/span><\/li>\n<li style=\"font-weight: 400;\" aria-level=\"1\"><span style=\"font-weight: 400;\">Nat\u016bralios Omega-6 ir Omega-3 riebal\u0173 r\u016bg\u0161tys gerina odos ir kailio b\u016bkl\u0119.<\/span><\/li>\n<li style=\"font-weight: 400;\" aria-level=\"1\"><span style=\"font-weight: 400;\">DHA r\u016bg\u0161tys prisideda prie \u0161uniuko mokymosi geb\u0117jim\u0173 gerinimo.<\/span><\/li>\n<\/ul>\n<p><span style=\"font-weight: 400;\">\u0160is begr\u016bdis maistas su alternatyviais angliavandeni\u0173 \u0161altiniais, tokiais kaip \u017eirniai ir batatai, suteikia \u0161uniukui vis\u0105 reikaling\u0105 energij\u0105 bei maistines med\u017eiagas. Kruop\u0161\u010diai parinkta formul\u0117 u\u017etikrina sveik\u0105 augim\u0105 ir puiki\u0105 savijaut\u0105.<\/span><\/p>\n","protected":false},"excerpt":{"rendered":"<p><span style=\"font-weight: 400;\">Ma\u017eai alergizuojantis maistas, skirtas ma\u017e\u0173 ir vidutini\u0173 veisli\u0173 \u0161uniukams, sukurtas i\u0161 kruop\u0161\u010diai atrinkt\u0173 ingredient\u0173, be \u012fprast\u0173 alergen\u0173. Sud\u0117tyje gausu \u0161vie\u017eiai \u0161aldytos la\u0161i\u0161os ir vandenyno \u017euv\u0173, kurie u\u017etikrina subalansuot\u0105 mityb\u0105, reikaling\u0105 sveikam augimui.<\/span><\/p>\n","protected":false},"featured_media":19574,"template":"","meta":[],"product_brand":[],"product_cat":[101,103,104,322],"product_tag":[],"class_list":{"0":"post-15627","1":"product","2":"type-product","3":"status-publish","4":"has-post-thumbnail","6":"product_cat-sunims","7":"product_cat-sunu-maistas","8":"product_cat-sausas-maistas","9":"product_cat-eukanuba-sunu-maistas","10":"pa_prekinis-zenklas-eukanuba","12":"first","13":"instock","14":"taxable","15":"shipping-taxable","16":"purchasable","17":"product-type-variable"},"yoast_head":"<!-- This site is optimized with the Yoast SEO Premium plugin v27.1 (Yoast SEO v27.5) - https:\/\/yoast.com\/product\/yoast-seo-premium-wordpress\/ -->\n<title>Eukanuba Grain Free sausas maistas ma\u017e\u0173 ir vidutini\u0173 veisli\u0173 \u0161uniukams su \u017euvimi - anivet.lt<\/title>\n<meta name=\"description\" content=\"Ma\u017eai alergizuojantis maistas, skirtas ma\u017e\u0173 ir vidutini\u0173 veisli\u0173 \u0161uniukams, sukurtas i\u0161 kruop\u0161\u010diai atrinkt\u0173 ingredient\u0173, be \u012fprast\u0173 alergen\u0173. Sud\u0117tyje gausu \u0161vie\u017eiai \u0161aldytos la\u0161i\u0161os ir vandenyno \u017euv\u0173, kurie u\u017etikrina subalansuot\u0105 mityb\u0105, reikaling\u0105 sveikam augimui.\" \/>\n<meta name=\"robots\" content=\"index, follow, max-snippet:-1, max-image-preview:large, max-video-preview:-1\" \/>\n<link rel=\"canonical\" href=\"https:\/\/anivet.lt\/elparduotuve\/produktas\/eukanuba-grain-free-sausas-maistas-mazu-ir-vidutiniu-veisliu-suniukams-su-zuvimi-3-kg-12-kg\/\" \/>\n<meta property=\"og:locale\" content=\"lt_LT\" \/>\n<meta property=\"og:type\" content=\"article\" \/>\n<meta property=\"og:title\" content=\"Eukanuba Grain Free sausas maistas ma\u017e\u0173 ir vidutini\u0173 veisli\u0173 \u0161uniukams su \u017euvimi\" \/>\n<meta property=\"og:description\" content=\"Ma\u017eai alergizuojantis maistas, skirtas ma\u017e\u0173 ir vidutini\u0173 veisli\u0173 \u0161uniukams, sukurtas i\u0161 kruop\u0161\u010diai atrinkt\u0173 ingredient\u0173, be \u012fprast\u0173 alergen\u0173. Sud\u0117tyje gausu \u0161vie\u017eiai \u0161aldytos la\u0161i\u0161os ir vandenyno \u017euv\u0173, kurie u\u017etikrina subalansuot\u0105 mityb\u0105, reikaling\u0105 sveikam augimui.\" \/>\n<meta property=\"og:url\" content=\"https:\/\/anivet.lt\/elparduotuve\/produktas\/eukanuba-grain-free-sausas-maistas-mazu-ir-vidutiniu-veisliu-suniukams-su-zuvimi-3-kg-12-kg\/\" \/>\n<meta property=\"og:site_name\" content=\"anivet.lt\" \/>\n<meta property=\"article:modified_time\" content=\"2026-04-11T09:05:07+00:00\" \/>\n<meta property=\"og:image\" content=\"https:\/\/anivet.lt\/elparduotuve\/wp-content\/uploads\/2024\/12\/Eukanuba-Grain-Free-sausas-maistas-mazu-ir-vidutiniu-veisliu-suniukams-su-zuvimi-1.jpg\" \/>\n\t<meta property=\"og:image:width\" content=\"600\" \/>\n\t<meta property=\"og:image:height\" content=\"600\" \/>\n\t<meta property=\"og:image:type\" content=\"image\/jpeg\" \/>\n<meta name=\"twitter:card\" content=\"summary_large_image\" \/>\n<meta name=\"twitter:label1\" content=\"Est. reading time\" \/>\n\t<meta name=\"twitter:data1\" content=\"1 minut\u0117\" \/>\n<script type=\"application\/ld+json\" class=\"yoast-schema-graph\">{\"@context\":\"https:\\\/\\\/schema.org\",\"@graph\":[{\"@type\":\"WebPage\",\"@id\":\"https:\\\/\\\/anivet.lt\\\/elparduotuve\\\/produktas\\\/eukanuba-grain-free-sausas-maistas-mazu-ir-vidutiniu-veisliu-suniukams-su-zuvimi-3-kg-12-kg\\\/\",\"url\":\"https:\\\/\\\/anivet.lt\\\/elparduotuve\\\/produktas\\\/eukanuba-grain-free-sausas-maistas-mazu-ir-vidutiniu-veisliu-suniukams-su-zuvimi-3-kg-12-kg\\\/\",\"name\":\"Eukanuba Grain Free sausas maistas ma\u017e\u0173 ir vidutini\u0173 veisli\u0173 \u0161uniukams su \u017euvimi - anivet.lt\",\"isPartOf\":{\"@id\":\"https:\\\/\\\/anivet.lt\\\/elparduotuve\\\/#website\"},\"primaryImageOfPage\":{\"@id\":\"https:\\\/\\\/anivet.lt\\\/elparduotuve\\\/produktas\\\/eukanuba-grain-free-sausas-maistas-mazu-ir-vidutiniu-veisliu-suniukams-su-zuvimi-3-kg-12-kg\\\/#primaryimage\"},\"image\":{\"@id\":\"https:\\\/\\\/anivet.lt\\\/elparduotuve\\\/produktas\\\/eukanuba-grain-free-sausas-maistas-mazu-ir-vidutiniu-veisliu-suniukams-su-zuvimi-3-kg-12-kg\\\/#primaryimage\"},\"thumbnailUrl\":\"https:\\\/\\\/anivet.lt\\\/elparduotuve\\\/wp-content\\\/uploads\\\/2024\\\/12\\\/Eukanuba-Grain-Free-sausas-maistas-mazu-ir-vidutiniu-veisliu-suniukams-su-zuvimi-1.jpg\",\"datePublished\":\"2024-12-17T10:47:49+00:00\",\"dateModified\":\"2026-04-11T09:05:07+00:00\",\"description\":\"Ma\u017eai alergizuojantis maistas, skirtas ma\u017e\u0173 ir vidutini\u0173 veisli\u0173 \u0161uniukams, sukurtas i\u0161 kruop\u0161\u010diai atrinkt\u0173 ingredient\u0173, be \u012fprast\u0173 alergen\u0173. Sud\u0117tyje gausu \u0161vie\u017eiai \u0161aldytos la\u0161i\u0161os ir vandenyno \u017euv\u0173, kurie u\u017etikrina subalansuot\u0105 mityb\u0105, reikaling\u0105 sveikam augimui.\",\"breadcrumb\":{\"@id\":\"https:\\\/\\\/anivet.lt\\\/elparduotuve\\\/produktas\\\/eukanuba-grain-free-sausas-maistas-mazu-ir-vidutiniu-veisliu-suniukams-su-zuvimi-3-kg-12-kg\\\/#breadcrumb\"},\"inLanguage\":\"lt-LT\",\"potentialAction\":[{\"@type\":\"ReadAction\",\"target\":[\"https:\\\/\\\/anivet.lt\\\/elparduotuve\\\/produktas\\\/eukanuba-grain-free-sausas-maistas-mazu-ir-vidutiniu-veisliu-suniukams-su-zuvimi-3-kg-12-kg\\\/\"]}]},{\"@type\":\"ImageObject\",\"inLanguage\":\"lt-LT\",\"@id\":\"https:\\\/\\\/anivet.lt\\\/elparduotuve\\\/produktas\\\/eukanuba-grain-free-sausas-maistas-mazu-ir-vidutiniu-veisliu-suniukams-su-zuvimi-3-kg-12-kg\\\/#primaryimage\",\"url\":\"https:\\\/\\\/anivet.lt\\\/elparduotuve\\\/wp-content\\\/uploads\\\/2024\\\/12\\\/Eukanuba-Grain-Free-sausas-maistas-mazu-ir-vidutiniu-veisliu-suniukams-su-zuvimi-1.jpg\",\"contentUrl\":\"https:\\\/\\\/anivet.lt\\\/elparduotuve\\\/wp-content\\\/uploads\\\/2024\\\/12\\\/Eukanuba-Grain-Free-sausas-maistas-mazu-ir-vidutiniu-veisliu-suniukams-su-zuvimi-1.jpg\",\"width\":600,\"height\":600,\"caption\":\"Eukanuba Grain Free sausas maistas ma\u017e\u0173 ir vidutini\u0173 veisli\u0173 \u0161uniukams su \u017euvimi\"},{\"@type\":\"BreadcrumbList\",\"@id\":\"https:\\\/\\\/anivet.lt\\\/elparduotuve\\\/produktas\\\/eukanuba-grain-free-sausas-maistas-mazu-ir-vidutiniu-veisliu-suniukams-su-zuvimi-3-kg-12-kg\\\/#breadcrumb\",\"itemListElement\":[{\"@type\":\"ListItem\",\"position\":1,\"name\":\"Home\",\"item\":\"https:\\\/\\\/anivet.lt\\\/elparduotuve\\\/\"},{\"@type\":\"ListItem\",\"position\":2,\"name\":\"Produktai\",\"item\":\"https:\\\/\\\/anivet.lt\\\/elparduotuve\\\/produktai\\\/\"},{\"@type\":\"ListItem\",\"position\":3,\"name\":\"Eukanuba Grain Free sausas maistas ma\u017e\u0173 ir vidutini\u0173 veisli\u0173 \u0161uniukams su \u017euvimi\"}]},{\"@type\":\"WebSite\",\"@id\":\"https:\\\/\\\/anivet.lt\\\/elparduotuve\\\/#website\",\"url\":\"https:\\\/\\\/anivet.lt\\\/elparduotuve\\\/\",\"name\":\"anivet.lt\",\"description\":\"Viskas J\u016bs\u0173 \u0161uns, kat\u0117s prie\u017ei\u016brai\",\"publisher\":{\"@id\":\"https:\\\/\\\/anivet.lt\\\/elparduotuve\\\/#organization\"},\"alternateName\":\"Viskas J\u016bs\u0173 \u0161uns, kat\u0117s prie\u017ei\u016brai\",\"potentialAction\":[{\"@type\":\"SearchAction\",\"target\":{\"@type\":\"EntryPoint\",\"urlTemplate\":\"https:\\\/\\\/anivet.lt\\\/elparduotuve\\\/?s={search_term_string}\"},\"query-input\":{\"@type\":\"PropertyValueSpecification\",\"valueRequired\":true,\"valueName\":\"search_term_string\"}}],\"inLanguage\":\"lt-LT\"},{\"@type\":\"Organization\",\"@id\":\"https:\\\/\\\/anivet.lt\\\/elparduotuve\\\/#organization\",\"name\":\"Viskas J\u016bs\u0173 \u0161uns, kat\u0117s prie\u017ei\u016brai\",\"url\":\"https:\\\/\\\/anivet.lt\\\/elparduotuve\\\/\",\"logo\":{\"@type\":\"ImageObject\",\"inLanguage\":\"lt-LT\",\"@id\":\"https:\\\/\\\/anivet.lt\\\/elparduotuve\\\/#\\\/schema\\\/logo\\\/image\\\/\",\"url\":\"https:\\\/\\\/anivet.lt\\\/elparduotuve\\\/wp-content\\\/uploads\\\/2023\\\/06\\\/logo2.jpg\",\"contentUrl\":\"https:\\\/\\\/anivet.lt\\\/elparduotuve\\\/wp-content\\\/uploads\\\/2023\\\/06\\\/logo2.jpg\",\"width\":655,\"height\":194,\"caption\":\"Viskas J\u016bs\u0173 \u0161uns, kat\u0117s prie\u017ei\u016brai\"},\"image\":{\"@id\":\"https:\\\/\\\/anivet.lt\\\/elparduotuve\\\/#\\\/schema\\\/logo\\\/image\\\/\"}}]}<\/script>\n<!-- \/ Yoast SEO Premium plugin. -->","yoast_head_json":{"title":"Eukanuba Grain Free sausas maistas ma\u017e\u0173 ir vidutini\u0173 veisli\u0173 \u0161uniukams su \u017euvimi - anivet.lt","description":"Ma\u017eai alergizuojantis maistas, skirtas ma\u017e\u0173 ir vidutini\u0173 veisli\u0173 \u0161uniukams, sukurtas i\u0161 kruop\u0161\u010diai atrinkt\u0173 ingredient\u0173, be \u012fprast\u0173 alergen\u0173. Sud\u0117tyje gausu \u0161vie\u017eiai \u0161aldytos la\u0161i\u0161os ir vandenyno \u017euv\u0173, kurie u\u017etikrina subalansuot\u0105 mityb\u0105, reikaling\u0105 sveikam augimui.","robots":{"index":"index","follow":"follow","max-snippet":"max-snippet:-1","max-image-preview":"max-image-preview:large","max-video-preview":"max-video-preview:-1"},"canonical":"https:\/\/anivet.lt\/elparduotuve\/produktas\/eukanuba-grain-free-sausas-maistas-mazu-ir-vidutiniu-veisliu-suniukams-su-zuvimi-3-kg-12-kg\/","og_locale":"lt_LT","og_type":"article","og_title":"Eukanuba Grain Free sausas maistas ma\u017e\u0173 ir vidutini\u0173 veisli\u0173 \u0161uniukams su \u017euvimi","og_description":"Ma\u017eai alergizuojantis maistas, skirtas ma\u017e\u0173 ir vidutini\u0173 veisli\u0173 \u0161uniukams, sukurtas i\u0161 kruop\u0161\u010diai atrinkt\u0173 ingredient\u0173, be \u012fprast\u0173 alergen\u0173. Sud\u0117tyje gausu \u0161vie\u017eiai \u0161aldytos la\u0161i\u0161os ir vandenyno \u017euv\u0173, kurie u\u017etikrina subalansuot\u0105 mityb\u0105, reikaling\u0105 sveikam augimui.","og_url":"https:\/\/anivet.lt\/elparduotuve\/produktas\/eukanuba-grain-free-sausas-maistas-mazu-ir-vidutiniu-veisliu-suniukams-su-zuvimi-3-kg-12-kg\/","og_site_name":"anivet.lt","article_modified_time":"2026-04-11T09:05:07+00:00","og_image":[{"width":600,"height":600,"url":"https:\/\/anivet.lt\/elparduotuve\/wp-content\/uploads\/2024\/12\/Eukanuba-Grain-Free-sausas-maistas-mazu-ir-vidutiniu-veisliu-suniukams-su-zuvimi-1.jpg","type":"image\/jpeg"}],"twitter_card":"summary_large_image","twitter_misc":{"Est. reading time":"1 minut\u0117"},"schema":{"@context":"https:\/\/schema.org","@graph":[{"@type":"WebPage","@id":"https:\/\/anivet.lt\/elparduotuve\/produktas\/eukanuba-grain-free-sausas-maistas-mazu-ir-vidutiniu-veisliu-suniukams-su-zuvimi-3-kg-12-kg\/","url":"https:\/\/anivet.lt\/elparduotuve\/produktas\/eukanuba-grain-free-sausas-maistas-mazu-ir-vidutiniu-veisliu-suniukams-su-zuvimi-3-kg-12-kg\/","name":"Eukanuba Grain Free sausas maistas ma\u017e\u0173 ir vidutini\u0173 veisli\u0173 \u0161uniukams su \u017euvimi - anivet.lt","isPartOf":{"@id":"https:\/\/anivet.lt\/elparduotuve\/#website"},"primaryImageOfPage":{"@id":"https:\/\/anivet.lt\/elparduotuve\/produktas\/eukanuba-grain-free-sausas-maistas-mazu-ir-vidutiniu-veisliu-suniukams-su-zuvimi-3-kg-12-kg\/#primaryimage"},"image":{"@id":"https:\/\/anivet.lt\/elparduotuve\/produktas\/eukanuba-grain-free-sausas-maistas-mazu-ir-vidutiniu-veisliu-suniukams-su-zuvimi-3-kg-12-kg\/#primaryimage"},"thumbnailUrl":"https:\/\/anivet.lt\/elparduotuve\/wp-content\/uploads\/2024\/12\/Eukanuba-Grain-Free-sausas-maistas-mazu-ir-vidutiniu-veisliu-suniukams-su-zuvimi-1.jpg","datePublished":"2024-12-17T10:47:49+00:00","dateModified":"2026-04-11T09:05:07+00:00","description":"Ma\u017eai alergizuojantis maistas, skirtas ma\u017e\u0173 ir vidutini\u0173 veisli\u0173 \u0161uniukams, sukurtas i\u0161 kruop\u0161\u010diai atrinkt\u0173 ingredient\u0173, be \u012fprast\u0173 alergen\u0173. Sud\u0117tyje gausu \u0161vie\u017eiai \u0161aldytos la\u0161i\u0161os ir vandenyno \u017euv\u0173, kurie u\u017etikrina subalansuot\u0105 mityb\u0105, reikaling\u0105 sveikam augimui.","breadcrumb":{"@id":"https:\/\/anivet.lt\/elparduotuve\/produktas\/eukanuba-grain-free-sausas-maistas-mazu-ir-vidutiniu-veisliu-suniukams-su-zuvimi-3-kg-12-kg\/#breadcrumb"},"inLanguage":"lt-LT","potentialAction":[{"@type":"ReadAction","target":["https:\/\/anivet.lt\/elparduotuve\/produktas\/eukanuba-grain-free-sausas-maistas-mazu-ir-vidutiniu-veisliu-suniukams-su-zuvimi-3-kg-12-kg\/"]}]},{"@type":"ImageObject","inLanguage":"lt-LT","@id":"https:\/\/anivet.lt\/elparduotuve\/produktas\/eukanuba-grain-free-sausas-maistas-mazu-ir-vidutiniu-veisliu-suniukams-su-zuvimi-3-kg-12-kg\/#primaryimage","url":"https:\/\/anivet.lt\/elparduotuve\/wp-content\/uploads\/2024\/12\/Eukanuba-Grain-Free-sausas-maistas-mazu-ir-vidutiniu-veisliu-suniukams-su-zuvimi-1.jpg","contentUrl":"https:\/\/anivet.lt\/elparduotuve\/wp-content\/uploads\/2024\/12\/Eukanuba-Grain-Free-sausas-maistas-mazu-ir-vidutiniu-veisliu-suniukams-su-zuvimi-1.jpg","width":600,"height":600,"caption":"Eukanuba Grain Free sausas maistas ma\u017e\u0173 ir vidutini\u0173 veisli\u0173 \u0161uniukams su \u017euvimi"},{"@type":"BreadcrumbList","@id":"https:\/\/anivet.lt\/elparduotuve\/produktas\/eukanuba-grain-free-sausas-maistas-mazu-ir-vidutiniu-veisliu-suniukams-su-zuvimi-3-kg-12-kg\/#breadcrumb","itemListElement":[{"@type":"ListItem","position":1,"name":"Home","item":"https:\/\/anivet.lt\/elparduotuve\/"},{"@type":"ListItem","position":2,"name":"Produktai","item":"https:\/\/anivet.lt\/elparduotuve\/produktai\/"},{"@type":"ListItem","position":3,"name":"Eukanuba Grain Free sausas maistas ma\u017e\u0173 ir vidutini\u0173 veisli\u0173 \u0161uniukams su \u017euvimi"}]},{"@type":"WebSite","@id":"https:\/\/anivet.lt\/elparduotuve\/#website","url":"https:\/\/anivet.lt\/elparduotuve\/","name":"anivet.lt","description":"Viskas J\u016bs\u0173 \u0161uns, kat\u0117s prie\u017ei\u016brai","publisher":{"@id":"https:\/\/anivet.lt\/elparduotuve\/#organization"},"alternateName":"Viskas J\u016bs\u0173 \u0161uns, kat\u0117s prie\u017ei\u016brai","potentialAction":[{"@type":"SearchAction","target":{"@type":"EntryPoint","urlTemplate":"https:\/\/anivet.lt\/elparduotuve\/?s={search_term_string}"},"query-input":{"@type":"PropertyValueSpecification","valueRequired":true,"valueName":"search_term_string"}}],"inLanguage":"lt-LT"},{"@type":"Organization","@id":"https:\/\/anivet.lt\/elparduotuve\/#organization","name":"Viskas J\u016bs\u0173 \u0161uns, kat\u0117s prie\u017ei\u016brai","url":"https:\/\/anivet.lt\/elparduotuve\/","logo":{"@type":"ImageObject","inLanguage":"lt-LT","@id":"https:\/\/anivet.lt\/elparduotuve\/#\/schema\/logo\/image\/","url":"https:\/\/anivet.lt\/elparduotuve\/wp-content\/uploads\/2023\/06\/logo2.jpg","contentUrl":"https:\/\/anivet.lt\/elparduotuve\/wp-content\/uploads\/2023\/06\/logo2.jpg","width":655,"height":194,"caption":"Viskas J\u016bs\u0173 \u0161uns, kat\u0117s prie\u017ei\u016brai"},"image":{"@id":"https:\/\/anivet.lt\/elparduotuve\/#\/schema\/logo\/image\/"}}]}},"_links":{"self":[{"href":"https:\/\/anivet.lt\/elparduotuve\/wp-json\/wp\/v2\/product\/15627","targetHints":{"allow":["GET"]}}],"collection":[{"href":"https:\/\/anivet.lt\/elparduotuve\/wp-json\/wp\/v2\/product"}],"about":[{"href":"https:\/\/anivet.lt\/elparduotuve\/wp-json\/wp\/v2\/types\/product"}],"wp:featuredmedia":[{"embeddable":true,"href":"https:\/\/anivet.lt\/elparduotuve\/wp-json\/wp\/v2\/media\/19574"}],"wp:attachment":[{"href":"https:\/\/anivet.lt\/elparduotuve\/wp-json\/wp\/v2\/media?parent=15627"}],"wp:term":[{"taxonomy":"product_brand","embeddable":true,"href":"https:\/\/anivet.lt\/elparduotuve\/wp-json\/wp\/v2\/product_brand?post=15627"},{"taxonomy":"product_cat","embeddable":true,"href":"https:\/\/anivet.lt\/elparduotuve\/wp-json\/wp\/v2\/product_cat?post=15627"},{"taxonomy":"product_tag","embeddable":true,"href":"https:\/\/anivet.lt\/elparduotuve\/wp-json\/wp\/v2\/product_tag?post=15627"}],"curies":[{"name":"wp","href":"https:\/\/api.w.org\/{rel}","templated":true}]}}