{"id":15631,"date":"2024-12-17T11:15:57","date_gmt":"2024-12-17T11:15:57","guid":{"rendered":"https:\/\/anivet.lt\/elparduotuve\/?post_type=product&#038;p=15631"},"modified":"2026-01-09T09:22:28","modified_gmt":"2026-01-09T09:22:28","slug":"eukanuba-grain-free-sausas-maistas-dideliu-veisliu-suniukams-su-zuvimi-12kg","status":"publish","type":"product","link":"https:\/\/anivet.lt\/elparduotuve\/produktas\/eukanuba-grain-free-sausas-maistas-dideliu-veisliu-suniukams-su-zuvimi-12kg\/","title":{"rendered":"Eukanuba Grain Free sausas maistas dideli\u0173 veisli\u0173 \u0161uniukams su \u017euvimi 12kg"},"content":{"rendered":"<ul>\n<li><span style=\"font-weight: 400;\">Be glitimo sald\u017eiosios bulv\u0117s yra nat\u016bralus skaidul\u0173, vitamin\u0173 ir antioksidant\u0173 \u0161altinis.<\/span><\/li>\n<li style=\"font-weight: 400;\" aria-level=\"1\"><span style=\"font-weight: 400;\">Sud\u0117tyje n\u0117ra vi\u0161tienos, tod\u0117l puikiai tinka jautriems \u0161uniukams.<\/span><\/li>\n<li style=\"font-weight: 400;\" aria-level=\"1\"><span style=\"font-weight: 400;\">Su \u0161vie\u017eiai \u0161aldyta la\u0161i\u0161a ir vandenyno \u017euv\u0173 miltais stipriems ir liesiems raumenims formuoti.<\/span><\/li>\n<li style=\"font-weight: 400;\" aria-level=\"1\"><span style=\"font-weight: 400;\">Prebiotikai (FOS, MOS) ir cukrini\u0173 runkeli\u0173 mink\u0161timas palaiko skland\u0173 vir\u0161kinim\u0105.<\/span><\/li>\n<li style=\"font-weight: 400;\" aria-level=\"1\"><span style=\"font-weight: 400;\">Nat\u016bral\u016bs omega-6 ir omega-3 \u0161altiniai padeda i\u0161laikyti sveik\u0105 od\u0105 ir blizgant\u012f kail\u012f.<\/span><\/li>\n<\/ul>\n<p><span style=\"font-weight: 400;\">\u0160is specialiai dideli\u0173 veisli\u0173 \u0161uniukams sukurtas maistas apr\u016bpina juos visomis b\u016btinomis med\u017eiagomis sveikam augimui ir vystymuisi. Sud\u0117tyje esanti DHR r\u016bg\u0161tis padeda \u0161uniukams grei\u010diau mokytis ir geriau reaguoti \u012f dres\u016br\u0105.\u00a0<\/span><\/p>\n","protected":false},"excerpt":{"rendered":"<p><span style=\"font-weight: 400;\">Skirtas dideli\u0173 veisli\u0173 \u0161uniukams, yra specialiai sukurtas ma\u017einti alergen\u0173 poveik\u012f ir u\u017etikrinti tinkam\u0105 mityb\u0105 augan\u010diam organizmui. Formul\u0117 be vi\u0161tienos sud\u0117tyje turi tik \u017euv\u012f kaip gyv\u016bnin\u0117s kilm\u0117s baltym\u0173 \u0161altin\u012f, tod\u0117l tai yra puikus pasirinkimas jautriems \u0161uniukams.<\/span><\/p>\n","protected":false},"featured_media":19577,"template":"","meta":[],"product_brand":[],"product_cat":[101,103,104,322],"product_tag":[],"class_list":{"0":"post-15631","1":"product","2":"type-product","3":"status-publish","4":"has-post-thumbnail","6":"product_cat-sunims","7":"product_cat-sunu-maistas","8":"product_cat-sausas-maistas","9":"product_cat-eukanuba-sunu-maistas","10":"pa_prekinis-zenklas-eukanuba","12":"first","13":"instock","14":"taxable","15":"shipping-taxable","16":"purchasable","17":"product-type-simple"},"yoast_head":"<!-- This site is optimized with the Yoast SEO Premium plugin v27.1 (Yoast SEO v27.5) - https:\/\/yoast.com\/product\/yoast-seo-premium-wordpress\/ -->\n<title>Eukanuba Grain Free sausas maistas dideli\u0173 veisli\u0173 \u0161uniukams su \u017euvimi 12kg - anivet.lt<\/title>\n<meta name=\"description\" content=\"Skirtas dideli\u0173 veisli\u0173 \u0161uniukams, yra specialiai sukurtas ma\u017einti alergen\u0173 poveik\u012f ir u\u017etikrinti tinkam\u0105 mityb\u0105 augan\u010diam organizmui. Formul\u0117 be vi\u0161tienos sud\u0117tyje turi tik \u017euv\u012f kaip gyv\u016bnin\u0117s kilm\u0117s baltym\u0173 \u0161altin\u012f, tod\u0117l tai yra puikus pasirinkimas jautriems \u0161uniukams.\" \/>\n<meta name=\"robots\" content=\"index, follow, max-snippet:-1, max-image-preview:large, max-video-preview:-1\" \/>\n<link rel=\"canonical\" href=\"https:\/\/anivet.lt\/elparduotuve\/produktas\/eukanuba-grain-free-sausas-maistas-dideliu-veisliu-suniukams-su-zuvimi-12kg\/\" \/>\n<meta property=\"og:locale\" content=\"lt_LT\" \/>\n<meta property=\"og:type\" content=\"article\" \/>\n<meta property=\"og:title\" content=\"Eukanuba Grain Free sausas maistas dideli\u0173 veisli\u0173 \u0161uniukams su \u017euvimi 12kg\" \/>\n<meta property=\"og:description\" content=\"Skirtas dideli\u0173 veisli\u0173 \u0161uniukams, yra specialiai sukurtas ma\u017einti alergen\u0173 poveik\u012f ir u\u017etikrinti tinkam\u0105 mityb\u0105 augan\u010diam organizmui. Formul\u0117 be vi\u0161tienos sud\u0117tyje turi tik \u017euv\u012f kaip gyv\u016bnin\u0117s kilm\u0117s baltym\u0173 \u0161altin\u012f, tod\u0117l tai yra puikus pasirinkimas jautriems \u0161uniukams.\" \/>\n<meta property=\"og:url\" content=\"https:\/\/anivet.lt\/elparduotuve\/produktas\/eukanuba-grain-free-sausas-maistas-dideliu-veisliu-suniukams-su-zuvimi-12kg\/\" \/>\n<meta property=\"og:site_name\" content=\"anivet.lt\" \/>\n<meta property=\"article:modified_time\" content=\"2026-01-09T09:22:28+00:00\" \/>\n<meta property=\"og:image\" content=\"https:\/\/anivet.lt\/elparduotuve\/wp-content\/uploads\/2024\/12\/Eukanuba-Grain-Free-sausas-maistas-dideliu-veisliu-suniukams-su-zuvimi-12kg.jpg\" \/>\n\t<meta property=\"og:image:width\" content=\"600\" \/>\n\t<meta property=\"og:image:height\" content=\"600\" \/>\n\t<meta property=\"og:image:type\" content=\"image\/jpeg\" \/>\n<meta name=\"twitter:card\" content=\"summary_large_image\" \/>\n<meta name=\"twitter:label1\" content=\"Est. reading time\" \/>\n\t<meta name=\"twitter:data1\" content=\"1 minut\u0117\" \/>\n<script type=\"application\/ld+json\" class=\"yoast-schema-graph\">{\"@context\":\"https:\\\/\\\/schema.org\",\"@graph\":[{\"@type\":\"WebPage\",\"@id\":\"https:\\\/\\\/anivet.lt\\\/elparduotuve\\\/produktas\\\/eukanuba-grain-free-sausas-maistas-dideliu-veisliu-suniukams-su-zuvimi-12kg\\\/\",\"url\":\"https:\\\/\\\/anivet.lt\\\/elparduotuve\\\/produktas\\\/eukanuba-grain-free-sausas-maistas-dideliu-veisliu-suniukams-su-zuvimi-12kg\\\/\",\"name\":\"Eukanuba Grain Free sausas maistas dideli\u0173 veisli\u0173 \u0161uniukams su \u017euvimi 12kg - anivet.lt\",\"isPartOf\":{\"@id\":\"https:\\\/\\\/anivet.lt\\\/elparduotuve\\\/#website\"},\"primaryImageOfPage\":{\"@id\":\"https:\\\/\\\/anivet.lt\\\/elparduotuve\\\/produktas\\\/eukanuba-grain-free-sausas-maistas-dideliu-veisliu-suniukams-su-zuvimi-12kg\\\/#primaryimage\"},\"image\":{\"@id\":\"https:\\\/\\\/anivet.lt\\\/elparduotuve\\\/produktas\\\/eukanuba-grain-free-sausas-maistas-dideliu-veisliu-suniukams-su-zuvimi-12kg\\\/#primaryimage\"},\"thumbnailUrl\":\"https:\\\/\\\/anivet.lt\\\/elparduotuve\\\/wp-content\\\/uploads\\\/2024\\\/12\\\/Eukanuba-Grain-Free-sausas-maistas-dideliu-veisliu-suniukams-su-zuvimi-12kg.jpg\",\"datePublished\":\"2024-12-17T11:15:57+00:00\",\"dateModified\":\"2026-01-09T09:22:28+00:00\",\"description\":\"Skirtas dideli\u0173 veisli\u0173 \u0161uniukams, yra specialiai sukurtas ma\u017einti alergen\u0173 poveik\u012f ir u\u017etikrinti tinkam\u0105 mityb\u0105 augan\u010diam organizmui. Formul\u0117 be vi\u0161tienos sud\u0117tyje turi tik \u017euv\u012f kaip gyv\u016bnin\u0117s kilm\u0117s baltym\u0173 \u0161altin\u012f, tod\u0117l tai yra puikus pasirinkimas jautriems \u0161uniukams.\",\"breadcrumb\":{\"@id\":\"https:\\\/\\\/anivet.lt\\\/elparduotuve\\\/produktas\\\/eukanuba-grain-free-sausas-maistas-dideliu-veisliu-suniukams-su-zuvimi-12kg\\\/#breadcrumb\"},\"inLanguage\":\"lt-LT\",\"potentialAction\":[{\"@type\":\"ReadAction\",\"target\":[\"https:\\\/\\\/anivet.lt\\\/elparduotuve\\\/produktas\\\/eukanuba-grain-free-sausas-maistas-dideliu-veisliu-suniukams-su-zuvimi-12kg\\\/\"]}]},{\"@type\":\"ImageObject\",\"inLanguage\":\"lt-LT\",\"@id\":\"https:\\\/\\\/anivet.lt\\\/elparduotuve\\\/produktas\\\/eukanuba-grain-free-sausas-maistas-dideliu-veisliu-suniukams-su-zuvimi-12kg\\\/#primaryimage\",\"url\":\"https:\\\/\\\/anivet.lt\\\/elparduotuve\\\/wp-content\\\/uploads\\\/2024\\\/12\\\/Eukanuba-Grain-Free-sausas-maistas-dideliu-veisliu-suniukams-su-zuvimi-12kg.jpg\",\"contentUrl\":\"https:\\\/\\\/anivet.lt\\\/elparduotuve\\\/wp-content\\\/uploads\\\/2024\\\/12\\\/Eukanuba-Grain-Free-sausas-maistas-dideliu-veisliu-suniukams-su-zuvimi-12kg.jpg\",\"width\":600,\"height\":600,\"caption\":\"Eukanuba Grain Free sausas maistas dideli\u0173 veisli\u0173 \u0161uniukams su \u017euvimi 12kg\"},{\"@type\":\"BreadcrumbList\",\"@id\":\"https:\\\/\\\/anivet.lt\\\/elparduotuve\\\/produktas\\\/eukanuba-grain-free-sausas-maistas-dideliu-veisliu-suniukams-su-zuvimi-12kg\\\/#breadcrumb\",\"itemListElement\":[{\"@type\":\"ListItem\",\"position\":1,\"name\":\"Home\",\"item\":\"https:\\\/\\\/anivet.lt\\\/elparduotuve\\\/\"},{\"@type\":\"ListItem\",\"position\":2,\"name\":\"Produktai\",\"item\":\"https:\\\/\\\/anivet.lt\\\/elparduotuve\\\/produktai\\\/\"},{\"@type\":\"ListItem\",\"position\":3,\"name\":\"Eukanuba Grain Free sausas maistas dideli\u0173 veisli\u0173 \u0161uniukams su \u017euvimi 12kg\"}]},{\"@type\":\"WebSite\",\"@id\":\"https:\\\/\\\/anivet.lt\\\/elparduotuve\\\/#website\",\"url\":\"https:\\\/\\\/anivet.lt\\\/elparduotuve\\\/\",\"name\":\"anivet.lt\",\"description\":\"Viskas J\u016bs\u0173 \u0161uns, kat\u0117s prie\u017ei\u016brai\",\"publisher\":{\"@id\":\"https:\\\/\\\/anivet.lt\\\/elparduotuve\\\/#organization\"},\"alternateName\":\"Viskas J\u016bs\u0173 \u0161uns, kat\u0117s prie\u017ei\u016brai\",\"potentialAction\":[{\"@type\":\"SearchAction\",\"target\":{\"@type\":\"EntryPoint\",\"urlTemplate\":\"https:\\\/\\\/anivet.lt\\\/elparduotuve\\\/?s={search_term_string}\"},\"query-input\":{\"@type\":\"PropertyValueSpecification\",\"valueRequired\":true,\"valueName\":\"search_term_string\"}}],\"inLanguage\":\"lt-LT\"},{\"@type\":\"Organization\",\"@id\":\"https:\\\/\\\/anivet.lt\\\/elparduotuve\\\/#organization\",\"name\":\"Viskas J\u016bs\u0173 \u0161uns, kat\u0117s prie\u017ei\u016brai\",\"url\":\"https:\\\/\\\/anivet.lt\\\/elparduotuve\\\/\",\"logo\":{\"@type\":\"ImageObject\",\"inLanguage\":\"lt-LT\",\"@id\":\"https:\\\/\\\/anivet.lt\\\/elparduotuve\\\/#\\\/schema\\\/logo\\\/image\\\/\",\"url\":\"https:\\\/\\\/anivet.lt\\\/elparduotuve\\\/wp-content\\\/uploads\\\/2023\\\/06\\\/logo2.jpg\",\"contentUrl\":\"https:\\\/\\\/anivet.lt\\\/elparduotuve\\\/wp-content\\\/uploads\\\/2023\\\/06\\\/logo2.jpg\",\"width\":655,\"height\":194,\"caption\":\"Viskas J\u016bs\u0173 \u0161uns, kat\u0117s prie\u017ei\u016brai\"},\"image\":{\"@id\":\"https:\\\/\\\/anivet.lt\\\/elparduotuve\\\/#\\\/schema\\\/logo\\\/image\\\/\"}}]}<\/script>\n<!-- \/ Yoast SEO Premium plugin. -->","yoast_head_json":{"title":"Eukanuba Grain Free sausas maistas dideli\u0173 veisli\u0173 \u0161uniukams su \u017euvimi 12kg - anivet.lt","description":"Skirtas dideli\u0173 veisli\u0173 \u0161uniukams, yra specialiai sukurtas ma\u017einti alergen\u0173 poveik\u012f ir u\u017etikrinti tinkam\u0105 mityb\u0105 augan\u010diam organizmui. Formul\u0117 be vi\u0161tienos sud\u0117tyje turi tik \u017euv\u012f kaip gyv\u016bnin\u0117s kilm\u0117s baltym\u0173 \u0161altin\u012f, tod\u0117l tai yra puikus pasirinkimas jautriems \u0161uniukams.","robots":{"index":"index","follow":"follow","max-snippet":"max-snippet:-1","max-image-preview":"max-image-preview:large","max-video-preview":"max-video-preview:-1"},"canonical":"https:\/\/anivet.lt\/elparduotuve\/produktas\/eukanuba-grain-free-sausas-maistas-dideliu-veisliu-suniukams-su-zuvimi-12kg\/","og_locale":"lt_LT","og_type":"article","og_title":"Eukanuba Grain Free sausas maistas dideli\u0173 veisli\u0173 \u0161uniukams su \u017euvimi 12kg","og_description":"Skirtas dideli\u0173 veisli\u0173 \u0161uniukams, yra specialiai sukurtas ma\u017einti alergen\u0173 poveik\u012f ir u\u017etikrinti tinkam\u0105 mityb\u0105 augan\u010diam organizmui. Formul\u0117 be vi\u0161tienos sud\u0117tyje turi tik \u017euv\u012f kaip gyv\u016bnin\u0117s kilm\u0117s baltym\u0173 \u0161altin\u012f, tod\u0117l tai yra puikus pasirinkimas jautriems \u0161uniukams.","og_url":"https:\/\/anivet.lt\/elparduotuve\/produktas\/eukanuba-grain-free-sausas-maistas-dideliu-veisliu-suniukams-su-zuvimi-12kg\/","og_site_name":"anivet.lt","article_modified_time":"2026-01-09T09:22:28+00:00","og_image":[{"width":600,"height":600,"url":"https:\/\/anivet.lt\/elparduotuve\/wp-content\/uploads\/2024\/12\/Eukanuba-Grain-Free-sausas-maistas-dideliu-veisliu-suniukams-su-zuvimi-12kg.jpg","type":"image\/jpeg"}],"twitter_card":"summary_large_image","twitter_misc":{"Est. reading time":"1 minut\u0117"},"schema":{"@context":"https:\/\/schema.org","@graph":[{"@type":"WebPage","@id":"https:\/\/anivet.lt\/elparduotuve\/produktas\/eukanuba-grain-free-sausas-maistas-dideliu-veisliu-suniukams-su-zuvimi-12kg\/","url":"https:\/\/anivet.lt\/elparduotuve\/produktas\/eukanuba-grain-free-sausas-maistas-dideliu-veisliu-suniukams-su-zuvimi-12kg\/","name":"Eukanuba Grain Free sausas maistas dideli\u0173 veisli\u0173 \u0161uniukams su \u017euvimi 12kg - anivet.lt","isPartOf":{"@id":"https:\/\/anivet.lt\/elparduotuve\/#website"},"primaryImageOfPage":{"@id":"https:\/\/anivet.lt\/elparduotuve\/produktas\/eukanuba-grain-free-sausas-maistas-dideliu-veisliu-suniukams-su-zuvimi-12kg\/#primaryimage"},"image":{"@id":"https:\/\/anivet.lt\/elparduotuve\/produktas\/eukanuba-grain-free-sausas-maistas-dideliu-veisliu-suniukams-su-zuvimi-12kg\/#primaryimage"},"thumbnailUrl":"https:\/\/anivet.lt\/elparduotuve\/wp-content\/uploads\/2024\/12\/Eukanuba-Grain-Free-sausas-maistas-dideliu-veisliu-suniukams-su-zuvimi-12kg.jpg","datePublished":"2024-12-17T11:15:57+00:00","dateModified":"2026-01-09T09:22:28+00:00","description":"Skirtas dideli\u0173 veisli\u0173 \u0161uniukams, yra specialiai sukurtas ma\u017einti alergen\u0173 poveik\u012f ir u\u017etikrinti tinkam\u0105 mityb\u0105 augan\u010diam organizmui. Formul\u0117 be vi\u0161tienos sud\u0117tyje turi tik \u017euv\u012f kaip gyv\u016bnin\u0117s kilm\u0117s baltym\u0173 \u0161altin\u012f, tod\u0117l tai yra puikus pasirinkimas jautriems \u0161uniukams.","breadcrumb":{"@id":"https:\/\/anivet.lt\/elparduotuve\/produktas\/eukanuba-grain-free-sausas-maistas-dideliu-veisliu-suniukams-su-zuvimi-12kg\/#breadcrumb"},"inLanguage":"lt-LT","potentialAction":[{"@type":"ReadAction","target":["https:\/\/anivet.lt\/elparduotuve\/produktas\/eukanuba-grain-free-sausas-maistas-dideliu-veisliu-suniukams-su-zuvimi-12kg\/"]}]},{"@type":"ImageObject","inLanguage":"lt-LT","@id":"https:\/\/anivet.lt\/elparduotuve\/produktas\/eukanuba-grain-free-sausas-maistas-dideliu-veisliu-suniukams-su-zuvimi-12kg\/#primaryimage","url":"https:\/\/anivet.lt\/elparduotuve\/wp-content\/uploads\/2024\/12\/Eukanuba-Grain-Free-sausas-maistas-dideliu-veisliu-suniukams-su-zuvimi-12kg.jpg","contentUrl":"https:\/\/anivet.lt\/elparduotuve\/wp-content\/uploads\/2024\/12\/Eukanuba-Grain-Free-sausas-maistas-dideliu-veisliu-suniukams-su-zuvimi-12kg.jpg","width":600,"height":600,"caption":"Eukanuba Grain Free sausas maistas dideli\u0173 veisli\u0173 \u0161uniukams su \u017euvimi 12kg"},{"@type":"BreadcrumbList","@id":"https:\/\/anivet.lt\/elparduotuve\/produktas\/eukanuba-grain-free-sausas-maistas-dideliu-veisliu-suniukams-su-zuvimi-12kg\/#breadcrumb","itemListElement":[{"@type":"ListItem","position":1,"name":"Home","item":"https:\/\/anivet.lt\/elparduotuve\/"},{"@type":"ListItem","position":2,"name":"Produktai","item":"https:\/\/anivet.lt\/elparduotuve\/produktai\/"},{"@type":"ListItem","position":3,"name":"Eukanuba Grain Free sausas maistas dideli\u0173 veisli\u0173 \u0161uniukams su \u017euvimi 12kg"}]},{"@type":"WebSite","@id":"https:\/\/anivet.lt\/elparduotuve\/#website","url":"https:\/\/anivet.lt\/elparduotuve\/","name":"anivet.lt","description":"Viskas J\u016bs\u0173 \u0161uns, kat\u0117s prie\u017ei\u016brai","publisher":{"@id":"https:\/\/anivet.lt\/elparduotuve\/#organization"},"alternateName":"Viskas J\u016bs\u0173 \u0161uns, kat\u0117s prie\u017ei\u016brai","potentialAction":[{"@type":"SearchAction","target":{"@type":"EntryPoint","urlTemplate":"https:\/\/anivet.lt\/elparduotuve\/?s={search_term_string}"},"query-input":{"@type":"PropertyValueSpecification","valueRequired":true,"valueName":"search_term_string"}}],"inLanguage":"lt-LT"},{"@type":"Organization","@id":"https:\/\/anivet.lt\/elparduotuve\/#organization","name":"Viskas J\u016bs\u0173 \u0161uns, kat\u0117s prie\u017ei\u016brai","url":"https:\/\/anivet.lt\/elparduotuve\/","logo":{"@type":"ImageObject","inLanguage":"lt-LT","@id":"https:\/\/anivet.lt\/elparduotuve\/#\/schema\/logo\/image\/","url":"https:\/\/anivet.lt\/elparduotuve\/wp-content\/uploads\/2023\/06\/logo2.jpg","contentUrl":"https:\/\/anivet.lt\/elparduotuve\/wp-content\/uploads\/2023\/06\/logo2.jpg","width":655,"height":194,"caption":"Viskas J\u016bs\u0173 \u0161uns, kat\u0117s prie\u017ei\u016brai"},"image":{"@id":"https:\/\/anivet.lt\/elparduotuve\/#\/schema\/logo\/image\/"}}]}},"_links":{"self":[{"href":"https:\/\/anivet.lt\/elparduotuve\/wp-json\/wp\/v2\/product\/15631","targetHints":{"allow":["GET"]}}],"collection":[{"href":"https:\/\/anivet.lt\/elparduotuve\/wp-json\/wp\/v2\/product"}],"about":[{"href":"https:\/\/anivet.lt\/elparduotuve\/wp-json\/wp\/v2\/types\/product"}],"wp:featuredmedia":[{"embeddable":true,"href":"https:\/\/anivet.lt\/elparduotuve\/wp-json\/wp\/v2\/media\/19577"}],"wp:attachment":[{"href":"https:\/\/anivet.lt\/elparduotuve\/wp-json\/wp\/v2\/media?parent=15631"}],"wp:term":[{"taxonomy":"product_brand","embeddable":true,"href":"https:\/\/anivet.lt\/elparduotuve\/wp-json\/wp\/v2\/product_brand?post=15631"},{"taxonomy":"product_cat","embeddable":true,"href":"https:\/\/anivet.lt\/elparduotuve\/wp-json\/wp\/v2\/product_cat?post=15631"},{"taxonomy":"product_tag","embeddable":true,"href":"https:\/\/anivet.lt\/elparduotuve\/wp-json\/wp\/v2\/product_tag?post=15631"}],"curies":[{"name":"wp","href":"https:\/\/api.w.org\/{rel}","templated":true}]}}