{"id":15633,"date":"2024-12-17T12:09:28","date_gmt":"2024-12-17T12:09:28","guid":{"rendered":"https:\/\/anivet.lt\/elparduotuve\/?post_type=product&#038;p=15633"},"modified":"2026-02-04T15:31:29","modified_gmt":"2026-02-04T15:31:29","slug":"eukanuba-grain-free-sausas-maistas-dideliu-veisliu-sunims-su-eriena","status":"publish","type":"product","link":"https:\/\/anivet.lt\/elparduotuve\/produktas\/eukanuba-grain-free-sausas-maistas-dideliu-veisliu-sunims-su-eriena\/","title":{"rendered":"Eukanuba Grain Free sausas maistas dideli\u0173 veisli\u0173 \u0161unims su \u0117riena"},"content":{"rendered":"<p><span style=\"font-weight: 400;\">\u201eEukanuba Grain Free\u201d su \u0117riena yra subalansuotas sausas maistas, skirtas dideli\u0173 veisli\u0173 suaugusiems \u0161unims. \u0160io pa\u0161aro sud\u0117tyje gausu \u0161vie\u017eiai \u0161aldytos \u0117rienos, kuri u\u017etikrina auk\u0161tos kokyb\u0117s baltym\u0173 \u0161altin\u012f, reikaling\u0105 stipriems raumenims palaikyti.<\/span><\/p>\n<ul>\n<li style=\"font-weight: 400;\" aria-level=\"1\"><span style=\"font-weight: 400;\">Sud\u0117tyje esantys burok\u0117li\u0173 mink\u0161timas ir FOS prebiotikai skatina tinkam\u0105 vir\u0161kinim\u0105.<\/span><\/li>\n<li style=\"font-weight: 400;\" aria-level=\"1\"><span style=\"font-weight: 400;\">Kalcis ir gliukozaminas palaiko sveikus kaulus ir s\u0105narius.<\/span><\/li>\n<li style=\"font-weight: 400;\" aria-level=\"1\"><span style=\"font-weight: 400;\">Nat\u016bral\u016bs Omega-6 ir Omega-3 riebal\u0173 r\u016bg\u0161\u010di\u0173 \u0161altiniai padeda palaikyti sveik\u0105 od\u0105 ir blizgant\u012f kail\u012f.<\/span><\/li>\n<li style=\"font-weight: 400;\" aria-level=\"1\"><span style=\"font-weight: 400;\">Speciali granuli\u0173 forma ir DentaDefense technologija padeda i\u0161laikyti dantis sveikus ir \u0161varius.<\/span><\/li>\n<li style=\"font-weight: 400;\" aria-level=\"1\"><span style=\"font-weight: 400;\">Pagamintas be gr\u016bd\u0173, tod\u0117l tinkamas \u0161unims su jautria vir\u0161kinimo sistema.<\/span><\/li>\n<\/ul>\n<p><span style=\"font-weight: 400;\">\u0160is maistas sukurtas siekiant patenkinti dideli\u0173 veisli\u0173 \u0161un\u0173 poreikius, u\u017etikrinant j\u0173 bendr\u0105 gerov\u0119 ir energijos lyg\u012f. \u201eEukanuba Grain Free\u201d yra tinkamas pasirinkimas \u0161unims, kurie reikalauja kokybi\u0161kos, lengvai vir\u0161kinamos ir subalansuotos mitybos.<\/span><\/p>\n","protected":false},"excerpt":{"rendered":"<p>\u201eEukanuba Grain Free\u201d su \u0117riena yra subalansuotas sausas maistas, skirtas dideli\u0173 veisli\u0173 suaugusiems \u0161unims. \u0160io pa\u0161aro sud\u0117tyje gausu \u0161vie\u017eiai \u0161aldytos<\/p>\n","protected":false},"featured_media":15636,"template":"","meta":[],"product_brand":[],"product_cat":[101,103,104,322],"product_tag":[],"class_list":{"0":"post-15633","1":"product","2":"type-product","3":"status-publish","4":"has-post-thumbnail","6":"product_cat-sunims","7":"product_cat-sunu-maistas","8":"product_cat-sausas-maistas","9":"product_cat-eukanuba-sunu-maistas","10":"pa_prekinis-zenklas-eukanuba","12":"first","13":"outofstock","14":"taxable","15":"shipping-taxable","16":"purchasable","17":"product-type-variable"},"yoast_head":"<!-- This site is optimized with the Yoast SEO Premium plugin v27.1 (Yoast SEO v27.5) - https:\/\/yoast.com\/product\/yoast-seo-premium-wordpress\/ -->\n<title>Eukanuba Grain Free sausas maistas dideli\u0173 veisli\u0173 \u0161unims su \u0117riena - anivet.lt<\/title>\n<meta name=\"description\" content=\"\u201eEukanuba Grain Free\u201d su \u0117riena yra subalansuotas sausas maistas, skirtas dideli\u0173 veisli\u0173 suaugusiems \u0161unims. \u0160io pa\u0161aro sud\u0117tyje gausu \u0161vie\u017eiai \u0161aldytos\" \/>\n<meta name=\"robots\" content=\"index, follow, max-snippet:-1, max-image-preview:large, max-video-preview:-1\" \/>\n<link rel=\"canonical\" href=\"https:\/\/anivet.lt\/elparduotuve\/produktas\/eukanuba-grain-free-sausas-maistas-dideliu-veisliu-sunims-su-eriena\/\" \/>\n<meta property=\"og:locale\" content=\"lt_LT\" \/>\n<meta property=\"og:type\" content=\"article\" \/>\n<meta property=\"og:title\" content=\"Eukanuba Grain Free sausas maistas dideli\u0173 veisli\u0173 \u0161unims su \u0117riena\" \/>\n<meta property=\"og:description\" content=\"\u201eEukanuba Grain Free\u201d su \u0117riena yra subalansuotas sausas maistas, skirtas dideli\u0173 veisli\u0173 suaugusiems \u0161unims. \u0160io pa\u0161aro sud\u0117tyje gausu \u0161vie\u017eiai \u0161aldytos\" \/>\n<meta property=\"og:url\" content=\"https:\/\/anivet.lt\/elparduotuve\/produktas\/eukanuba-grain-free-sausas-maistas-dideliu-veisliu-sunims-su-eriena\/\" \/>\n<meta property=\"og:site_name\" content=\"anivet.lt\" \/>\n<meta property=\"article:modified_time\" content=\"2026-02-04T15:31:29+00:00\" \/>\n<meta property=\"og:image\" content=\"https:\/\/anivet.lt\/elparduotuve\/wp-content\/uploads\/2024\/12\/eriena.jpg\" \/>\n\t<meta property=\"og:image:width\" content=\"400\" \/>\n\t<meta property=\"og:image:height\" content=\"400\" \/>\n\t<meta property=\"og:image:type\" content=\"image\/jpeg\" \/>\n<meta name=\"twitter:card\" content=\"summary_large_image\" \/>\n<meta name=\"twitter:label1\" content=\"Est. reading time\" \/>\n\t<meta name=\"twitter:data1\" content=\"1 minut\u0117\" \/>\n<script type=\"application\/ld+json\" class=\"yoast-schema-graph\">{\"@context\":\"https:\\\/\\\/schema.org\",\"@graph\":[{\"@type\":\"WebPage\",\"@id\":\"https:\\\/\\\/anivet.lt\\\/elparduotuve\\\/produktas\\\/eukanuba-grain-free-sausas-maistas-dideliu-veisliu-sunims-su-eriena\\\/\",\"url\":\"https:\\\/\\\/anivet.lt\\\/elparduotuve\\\/produktas\\\/eukanuba-grain-free-sausas-maistas-dideliu-veisliu-sunims-su-eriena\\\/\",\"name\":\"Eukanuba Grain Free sausas maistas dideli\u0173 veisli\u0173 \u0161unims su \u0117riena - anivet.lt\",\"isPartOf\":{\"@id\":\"https:\\\/\\\/anivet.lt\\\/elparduotuve\\\/#website\"},\"primaryImageOfPage\":{\"@id\":\"https:\\\/\\\/anivet.lt\\\/elparduotuve\\\/produktas\\\/eukanuba-grain-free-sausas-maistas-dideliu-veisliu-sunims-su-eriena\\\/#primaryimage\"},\"image\":{\"@id\":\"https:\\\/\\\/anivet.lt\\\/elparduotuve\\\/produktas\\\/eukanuba-grain-free-sausas-maistas-dideliu-veisliu-sunims-su-eriena\\\/#primaryimage\"},\"thumbnailUrl\":\"https:\\\/\\\/anivet.lt\\\/elparduotuve\\\/wp-content\\\/uploads\\\/2024\\\/12\\\/eriena.jpg\",\"datePublished\":\"2024-12-17T12:09:28+00:00\",\"dateModified\":\"2026-02-04T15:31:29+00:00\",\"description\":\"\u201eEukanuba Grain Free\u201d su \u0117riena yra subalansuotas sausas maistas, skirtas dideli\u0173 veisli\u0173 suaugusiems \u0161unims. \u0160io pa\u0161aro sud\u0117tyje gausu \u0161vie\u017eiai \u0161aldytos\",\"breadcrumb\":{\"@id\":\"https:\\\/\\\/anivet.lt\\\/elparduotuve\\\/produktas\\\/eukanuba-grain-free-sausas-maistas-dideliu-veisliu-sunims-su-eriena\\\/#breadcrumb\"},\"inLanguage\":\"lt-LT\",\"potentialAction\":[{\"@type\":\"ReadAction\",\"target\":[\"https:\\\/\\\/anivet.lt\\\/elparduotuve\\\/produktas\\\/eukanuba-grain-free-sausas-maistas-dideliu-veisliu-sunims-su-eriena\\\/\"]}]},{\"@type\":\"ImageObject\",\"inLanguage\":\"lt-LT\",\"@id\":\"https:\\\/\\\/anivet.lt\\\/elparduotuve\\\/produktas\\\/eukanuba-grain-free-sausas-maistas-dideliu-veisliu-sunims-su-eriena\\\/#primaryimage\",\"url\":\"https:\\\/\\\/anivet.lt\\\/elparduotuve\\\/wp-content\\\/uploads\\\/2024\\\/12\\\/eriena.jpg\",\"contentUrl\":\"https:\\\/\\\/anivet.lt\\\/elparduotuve\\\/wp-content\\\/uploads\\\/2024\\\/12\\\/eriena.jpg\",\"width\":400,\"height\":400,\"caption\":\"Eukanuba Grain Free sausas maistas dideli\u0173 veisli\u0173 \u0161unims su \u0117riena\"},{\"@type\":\"BreadcrumbList\",\"@id\":\"https:\\\/\\\/anivet.lt\\\/elparduotuve\\\/produktas\\\/eukanuba-grain-free-sausas-maistas-dideliu-veisliu-sunims-su-eriena\\\/#breadcrumb\",\"itemListElement\":[{\"@type\":\"ListItem\",\"position\":1,\"name\":\"Home\",\"item\":\"https:\\\/\\\/anivet.lt\\\/elparduotuve\\\/\"},{\"@type\":\"ListItem\",\"position\":2,\"name\":\"Produktai\",\"item\":\"https:\\\/\\\/anivet.lt\\\/elparduotuve\\\/produktai\\\/\"},{\"@type\":\"ListItem\",\"position\":3,\"name\":\"Eukanuba Grain Free sausas maistas dideli\u0173 veisli\u0173 \u0161unims su \u0117riena\"}]},{\"@type\":\"WebSite\",\"@id\":\"https:\\\/\\\/anivet.lt\\\/elparduotuve\\\/#website\",\"url\":\"https:\\\/\\\/anivet.lt\\\/elparduotuve\\\/\",\"name\":\"anivet.lt\",\"description\":\"Viskas J\u016bs\u0173 \u0161uns, kat\u0117s prie\u017ei\u016brai\",\"publisher\":{\"@id\":\"https:\\\/\\\/anivet.lt\\\/elparduotuve\\\/#organization\"},\"alternateName\":\"Viskas J\u016bs\u0173 \u0161uns, kat\u0117s prie\u017ei\u016brai\",\"potentialAction\":[{\"@type\":\"SearchAction\",\"target\":{\"@type\":\"EntryPoint\",\"urlTemplate\":\"https:\\\/\\\/anivet.lt\\\/elparduotuve\\\/?s={search_term_string}\"},\"query-input\":{\"@type\":\"PropertyValueSpecification\",\"valueRequired\":true,\"valueName\":\"search_term_string\"}}],\"inLanguage\":\"lt-LT\"},{\"@type\":\"Organization\",\"@id\":\"https:\\\/\\\/anivet.lt\\\/elparduotuve\\\/#organization\",\"name\":\"Viskas J\u016bs\u0173 \u0161uns, kat\u0117s prie\u017ei\u016brai\",\"url\":\"https:\\\/\\\/anivet.lt\\\/elparduotuve\\\/\",\"logo\":{\"@type\":\"ImageObject\",\"inLanguage\":\"lt-LT\",\"@id\":\"https:\\\/\\\/anivet.lt\\\/elparduotuve\\\/#\\\/schema\\\/logo\\\/image\\\/\",\"url\":\"https:\\\/\\\/anivet.lt\\\/elparduotuve\\\/wp-content\\\/uploads\\\/2023\\\/06\\\/logo2.jpg\",\"contentUrl\":\"https:\\\/\\\/anivet.lt\\\/elparduotuve\\\/wp-content\\\/uploads\\\/2023\\\/06\\\/logo2.jpg\",\"width\":655,\"height\":194,\"caption\":\"Viskas J\u016bs\u0173 \u0161uns, kat\u0117s prie\u017ei\u016brai\"},\"image\":{\"@id\":\"https:\\\/\\\/anivet.lt\\\/elparduotuve\\\/#\\\/schema\\\/logo\\\/image\\\/\"}}]}<\/script>\n<!-- \/ Yoast SEO Premium plugin. -->","yoast_head_json":{"title":"Eukanuba Grain Free sausas maistas dideli\u0173 veisli\u0173 \u0161unims su \u0117riena - anivet.lt","description":"\u201eEukanuba Grain Free\u201d su \u0117riena yra subalansuotas sausas maistas, skirtas dideli\u0173 veisli\u0173 suaugusiems \u0161unims. \u0160io pa\u0161aro sud\u0117tyje gausu \u0161vie\u017eiai \u0161aldytos","robots":{"index":"index","follow":"follow","max-snippet":"max-snippet:-1","max-image-preview":"max-image-preview:large","max-video-preview":"max-video-preview:-1"},"canonical":"https:\/\/anivet.lt\/elparduotuve\/produktas\/eukanuba-grain-free-sausas-maistas-dideliu-veisliu-sunims-su-eriena\/","og_locale":"lt_LT","og_type":"article","og_title":"Eukanuba Grain Free sausas maistas dideli\u0173 veisli\u0173 \u0161unims su \u0117riena","og_description":"\u201eEukanuba Grain Free\u201d su \u0117riena yra subalansuotas sausas maistas, skirtas dideli\u0173 veisli\u0173 suaugusiems \u0161unims. \u0160io pa\u0161aro sud\u0117tyje gausu \u0161vie\u017eiai \u0161aldytos","og_url":"https:\/\/anivet.lt\/elparduotuve\/produktas\/eukanuba-grain-free-sausas-maistas-dideliu-veisliu-sunims-su-eriena\/","og_site_name":"anivet.lt","article_modified_time":"2026-02-04T15:31:29+00:00","og_image":[{"width":400,"height":400,"url":"https:\/\/anivet.lt\/elparduotuve\/wp-content\/uploads\/2024\/12\/eriena.jpg","type":"image\/jpeg"}],"twitter_card":"summary_large_image","twitter_misc":{"Est. reading time":"1 minut\u0117"},"schema":{"@context":"https:\/\/schema.org","@graph":[{"@type":"WebPage","@id":"https:\/\/anivet.lt\/elparduotuve\/produktas\/eukanuba-grain-free-sausas-maistas-dideliu-veisliu-sunims-su-eriena\/","url":"https:\/\/anivet.lt\/elparduotuve\/produktas\/eukanuba-grain-free-sausas-maistas-dideliu-veisliu-sunims-su-eriena\/","name":"Eukanuba Grain Free sausas maistas dideli\u0173 veisli\u0173 \u0161unims su \u0117riena - anivet.lt","isPartOf":{"@id":"https:\/\/anivet.lt\/elparduotuve\/#website"},"primaryImageOfPage":{"@id":"https:\/\/anivet.lt\/elparduotuve\/produktas\/eukanuba-grain-free-sausas-maistas-dideliu-veisliu-sunims-su-eriena\/#primaryimage"},"image":{"@id":"https:\/\/anivet.lt\/elparduotuve\/produktas\/eukanuba-grain-free-sausas-maistas-dideliu-veisliu-sunims-su-eriena\/#primaryimage"},"thumbnailUrl":"https:\/\/anivet.lt\/elparduotuve\/wp-content\/uploads\/2024\/12\/eriena.jpg","datePublished":"2024-12-17T12:09:28+00:00","dateModified":"2026-02-04T15:31:29+00:00","description":"\u201eEukanuba Grain Free\u201d su \u0117riena yra subalansuotas sausas maistas, skirtas dideli\u0173 veisli\u0173 suaugusiems \u0161unims. \u0160io pa\u0161aro sud\u0117tyje gausu \u0161vie\u017eiai \u0161aldytos","breadcrumb":{"@id":"https:\/\/anivet.lt\/elparduotuve\/produktas\/eukanuba-grain-free-sausas-maistas-dideliu-veisliu-sunims-su-eriena\/#breadcrumb"},"inLanguage":"lt-LT","potentialAction":[{"@type":"ReadAction","target":["https:\/\/anivet.lt\/elparduotuve\/produktas\/eukanuba-grain-free-sausas-maistas-dideliu-veisliu-sunims-su-eriena\/"]}]},{"@type":"ImageObject","inLanguage":"lt-LT","@id":"https:\/\/anivet.lt\/elparduotuve\/produktas\/eukanuba-grain-free-sausas-maistas-dideliu-veisliu-sunims-su-eriena\/#primaryimage","url":"https:\/\/anivet.lt\/elparduotuve\/wp-content\/uploads\/2024\/12\/eriena.jpg","contentUrl":"https:\/\/anivet.lt\/elparduotuve\/wp-content\/uploads\/2024\/12\/eriena.jpg","width":400,"height":400,"caption":"Eukanuba Grain Free sausas maistas dideli\u0173 veisli\u0173 \u0161unims su \u0117riena"},{"@type":"BreadcrumbList","@id":"https:\/\/anivet.lt\/elparduotuve\/produktas\/eukanuba-grain-free-sausas-maistas-dideliu-veisliu-sunims-su-eriena\/#breadcrumb","itemListElement":[{"@type":"ListItem","position":1,"name":"Home","item":"https:\/\/anivet.lt\/elparduotuve\/"},{"@type":"ListItem","position":2,"name":"Produktai","item":"https:\/\/anivet.lt\/elparduotuve\/produktai\/"},{"@type":"ListItem","position":3,"name":"Eukanuba Grain Free sausas maistas dideli\u0173 veisli\u0173 \u0161unims su \u0117riena"}]},{"@type":"WebSite","@id":"https:\/\/anivet.lt\/elparduotuve\/#website","url":"https:\/\/anivet.lt\/elparduotuve\/","name":"anivet.lt","description":"Viskas J\u016bs\u0173 \u0161uns, kat\u0117s prie\u017ei\u016brai","publisher":{"@id":"https:\/\/anivet.lt\/elparduotuve\/#organization"},"alternateName":"Viskas J\u016bs\u0173 \u0161uns, kat\u0117s prie\u017ei\u016brai","potentialAction":[{"@type":"SearchAction","target":{"@type":"EntryPoint","urlTemplate":"https:\/\/anivet.lt\/elparduotuve\/?s={search_term_string}"},"query-input":{"@type":"PropertyValueSpecification","valueRequired":true,"valueName":"search_term_string"}}],"inLanguage":"lt-LT"},{"@type":"Organization","@id":"https:\/\/anivet.lt\/elparduotuve\/#organization","name":"Viskas J\u016bs\u0173 \u0161uns, kat\u0117s prie\u017ei\u016brai","url":"https:\/\/anivet.lt\/elparduotuve\/","logo":{"@type":"ImageObject","inLanguage":"lt-LT","@id":"https:\/\/anivet.lt\/elparduotuve\/#\/schema\/logo\/image\/","url":"https:\/\/anivet.lt\/elparduotuve\/wp-content\/uploads\/2023\/06\/logo2.jpg","contentUrl":"https:\/\/anivet.lt\/elparduotuve\/wp-content\/uploads\/2023\/06\/logo2.jpg","width":655,"height":194,"caption":"Viskas J\u016bs\u0173 \u0161uns, kat\u0117s prie\u017ei\u016brai"},"image":{"@id":"https:\/\/anivet.lt\/elparduotuve\/#\/schema\/logo\/image\/"}}]}},"_links":{"self":[{"href":"https:\/\/anivet.lt\/elparduotuve\/wp-json\/wp\/v2\/product\/15633","targetHints":{"allow":["GET"]}}],"collection":[{"href":"https:\/\/anivet.lt\/elparduotuve\/wp-json\/wp\/v2\/product"}],"about":[{"href":"https:\/\/anivet.lt\/elparduotuve\/wp-json\/wp\/v2\/types\/product"}],"wp:featuredmedia":[{"embeddable":true,"href":"https:\/\/anivet.lt\/elparduotuve\/wp-json\/wp\/v2\/media\/15636"}],"wp:attachment":[{"href":"https:\/\/anivet.lt\/elparduotuve\/wp-json\/wp\/v2\/media?parent=15633"}],"wp:term":[{"taxonomy":"product_brand","embeddable":true,"href":"https:\/\/anivet.lt\/elparduotuve\/wp-json\/wp\/v2\/product_brand?post=15633"},{"taxonomy":"product_cat","embeddable":true,"href":"https:\/\/anivet.lt\/elparduotuve\/wp-json\/wp\/v2\/product_cat?post=15633"},{"taxonomy":"product_tag","embeddable":true,"href":"https:\/\/anivet.lt\/elparduotuve\/wp-json\/wp\/v2\/product_tag?post=15633"}],"curies":[{"name":"wp","href":"https:\/\/api.w.org\/{rel}","templated":true}]}}