{"id":15659,"date":"2024-12-19T07:29:49","date_gmt":"2024-12-19T07:29:49","guid":{"rendered":"https:\/\/anivet.lt\/elparduotuve\/?post_type=product&#038;p=15659"},"modified":"2025-08-18T19:47:17","modified_gmt":"2025-08-18T19:47:17","slug":"eukanuba-daily-care-monoprotein-sausas-maistas-sunims-su-antiena","status":"publish","type":"product","link":"https:\/\/anivet.lt\/elparduotuve\/produktas\/eukanuba-daily-care-monoprotein-sausas-maistas-sunims-su-antiena\/","title":{"rendered":"Eukanuba Daily Care Monoprotein sausas maistas \u0161unims su antiena"},"content":{"rendered":"<ul>\n<li><span style=\"font-weight: 400;\">Vienas baltym\u0173 \u0161altinis: Visi gyv\u016bniniai ingredientai tik i\u0161 antienos.<\/span><\/li>\n<li style=\"font-weight: 400;\" aria-level=\"1\"><span style=\"font-weight: 400;\">Liesi raumenys: \u0160vie\u017eiai \u0161aldyta antiena prisideda prie raumen\u0173 stiprinimo.<\/span><\/li>\n<li style=\"font-weight: 400;\" aria-level=\"1\"><span style=\"font-weight: 400;\">Vir\u0161kinimo palaikymas: Prebiotikai FOS ir MOS bei runkeli\u0173 mink\u0161timas u\u017etikrina skland\u0173 vir\u0161kinim\u0105.<\/span><\/li>\n<li style=\"font-weight: 400;\" aria-level=\"1\"><span style=\"font-weight: 400;\">Be glitimo: Sald\u017eiosios bulv\u0117s suteikia nat\u016brali\u0173 skaidul\u0173 ir mineral\u0173.<\/span><\/li>\n<li style=\"font-weight: 400;\" aria-level=\"1\"><span style=\"font-weight: 400;\">Kaul\u0173 stiprumas: Specialiai parinktas kalcio kiekis palaiko tvirtus kaulus.<\/span><\/li>\n<li style=\"font-weight: 400;\" aria-level=\"1\"><span style=\"font-weight: 400;\">Sveika oda ir kailis: Omega-3 riebal\u0173 r\u016bg\u0161tys i\u0161 nat\u016brali\u0173 \u0161altini\u0173 u\u017etikrina ger\u0105 odos ir kailio b\u016bkl\u0119.<\/span><\/li>\n<li style=\"font-weight: 400;\" aria-level=\"1\"><span style=\"font-weight: 400;\">Stiprus imunitetas: Antioksidantai ir vitaminai stiprina imunin\u0119 sistem\u0105.<\/span><\/li>\n<\/ul>\n<p><span style=\"font-weight: 400;\">Pilnavertis ir subalansuotas maistas, kuris suteikia visavert\u0119 mityb\u0105, kartu ma\u017einant alergini\u0173 reakcij\u0173 rizik\u0105, tod\u0117l tai idealus pasirinkimas jautriems suaugusiems \u0161unims.<\/span><\/p>\n","protected":false},"excerpt":{"rendered":"<p><span style=\"font-weight: 400;\">Sausas maistas suaugusiems \u0161unims su vienu gyv\u016bnin\u0117s kilm\u0117s baltymo \u0161altiniu \u2013 \u0161vie\u017eiai \u0161aldyta antiena \u2013 sukurtas siekiant suma\u017einti nepageidaujam\u0173 reakcij\u0173 \u012f pa\u0161ar\u0105 rizik\u0105. Maisto sud\u0117tis praturtinta sveik\u0105 vir\u0161kinim\u0105 palaikan\u010diais prebiotikais ir nat\u016braliais ingredientais, skirtais palaikyti stiprius kaulus ir sveik\u0105 imunin\u0119 sistem\u0105.<\/span><\/p>\n","protected":false},"featured_media":15662,"template":"","meta":[],"product_brand":[],"product_cat":[101,103,104,322],"product_tag":[],"class_list":{"0":"post-15659","1":"product","2":"type-product","3":"status-publish","4":"has-post-thumbnail","6":"product_cat-sunims","7":"product_cat-sunu-maistas","8":"product_cat-sausas-maistas","9":"product_cat-eukanuba-sunu-maistas","10":"pa_prekinis-zenklas-eukanuba","12":"first","13":"instock","14":"taxable","15":"shipping-taxable","16":"purchasable","17":"product-type-variable"},"yoast_head":"<!-- This site is optimized with the Yoast SEO Premium plugin v27.1 (Yoast SEO v27.5) - https:\/\/yoast.com\/product\/yoast-seo-premium-wordpress\/ -->\n<title>Eukanuba Daily Care Monoprotein sausas maistas \u0161unims su antiena - anivet.lt<\/title>\n<meta name=\"description\" content=\"Sausas maistas suaugusiems \u0161unims su vienu gyv\u016bnin\u0117s kilm\u0117s baltymo \u0161altiniu \u2013 \u0161vie\u017eiai \u0161aldyta antiena \u2013 sukurtas siekiant suma\u017einti nepageidaujam\u0173 reakcij\u0173 \u012f pa\u0161ar\u0105 rizik\u0105. Maisto sud\u0117tis praturtinta sveik\u0105 vir\u0161kinim\u0105 palaikan\u010diais prebiotikais ir nat\u016braliais ingredientais, skirtais palaikyti stiprius kaulus ir sveik\u0105 imunin\u0119 sistem\u0105.\" \/>\n<meta name=\"robots\" content=\"index, follow, max-snippet:-1, max-image-preview:large, max-video-preview:-1\" \/>\n<link rel=\"canonical\" href=\"https:\/\/anivet.lt\/elparduotuve\/produktas\/eukanuba-daily-care-monoprotein-sausas-maistas-sunims-su-antiena\/\" \/>\n<meta property=\"og:locale\" content=\"lt_LT\" \/>\n<meta property=\"og:type\" content=\"article\" \/>\n<meta property=\"og:title\" content=\"Eukanuba Daily Care Monoprotein sausas maistas \u0161unims su antiena\" \/>\n<meta property=\"og:description\" content=\"Sausas maistas suaugusiems \u0161unims su vienu gyv\u016bnin\u0117s kilm\u0117s baltymo \u0161altiniu \u2013 \u0161vie\u017eiai \u0161aldyta antiena \u2013 sukurtas siekiant suma\u017einti nepageidaujam\u0173 reakcij\u0173 \u012f pa\u0161ar\u0105 rizik\u0105. Maisto sud\u0117tis praturtinta sveik\u0105 vir\u0161kinim\u0105 palaikan\u010diais prebiotikais ir nat\u016braliais ingredientais, skirtais palaikyti stiprius kaulus ir sveik\u0105 imunin\u0119 sistem\u0105.\" \/>\n<meta property=\"og:url\" content=\"https:\/\/anivet.lt\/elparduotuve\/produktas\/eukanuba-daily-care-monoprotein-sausas-maistas-sunims-su-antiena\/\" \/>\n<meta property=\"og:site_name\" content=\"anivet.lt\" \/>\n<meta property=\"article:modified_time\" content=\"2025-08-18T19:47:17+00:00\" \/>\n<meta property=\"og:image\" content=\"https:\/\/anivet.lt\/elparduotuve\/wp-content\/uploads\/2024\/12\/daily.jpg\" \/>\n\t<meta property=\"og:image:width\" content=\"400\" \/>\n\t<meta property=\"og:image:height\" content=\"400\" \/>\n\t<meta property=\"og:image:type\" content=\"image\/jpeg\" \/>\n<meta name=\"twitter:card\" content=\"summary_large_image\" \/>\n<meta name=\"twitter:label1\" content=\"Est. reading time\" \/>\n\t<meta name=\"twitter:data1\" content=\"1 minut\u0117\" \/>\n<script type=\"application\/ld+json\" class=\"yoast-schema-graph\">{\"@context\":\"https:\\\/\\\/schema.org\",\"@graph\":[{\"@type\":\"WebPage\",\"@id\":\"https:\\\/\\\/anivet.lt\\\/elparduotuve\\\/produktas\\\/eukanuba-daily-care-monoprotein-sausas-maistas-sunims-su-antiena\\\/\",\"url\":\"https:\\\/\\\/anivet.lt\\\/elparduotuve\\\/produktas\\\/eukanuba-daily-care-monoprotein-sausas-maistas-sunims-su-antiena\\\/\",\"name\":\"Eukanuba Daily Care Monoprotein sausas maistas \u0161unims su antiena - anivet.lt\",\"isPartOf\":{\"@id\":\"https:\\\/\\\/anivet.lt\\\/elparduotuve\\\/#website\"},\"primaryImageOfPage\":{\"@id\":\"https:\\\/\\\/anivet.lt\\\/elparduotuve\\\/produktas\\\/eukanuba-daily-care-monoprotein-sausas-maistas-sunims-su-antiena\\\/#primaryimage\"},\"image\":{\"@id\":\"https:\\\/\\\/anivet.lt\\\/elparduotuve\\\/produktas\\\/eukanuba-daily-care-monoprotein-sausas-maistas-sunims-su-antiena\\\/#primaryimage\"},\"thumbnailUrl\":\"https:\\\/\\\/anivet.lt\\\/elparduotuve\\\/wp-content\\\/uploads\\\/2024\\\/12\\\/daily.jpg\",\"datePublished\":\"2024-12-19T07:29:49+00:00\",\"dateModified\":\"2025-08-18T19:47:17+00:00\",\"description\":\"Sausas maistas suaugusiems \u0161unims su vienu gyv\u016bnin\u0117s kilm\u0117s baltymo \u0161altiniu \u2013 \u0161vie\u017eiai \u0161aldyta antiena \u2013 sukurtas siekiant suma\u017einti nepageidaujam\u0173 reakcij\u0173 \u012f pa\u0161ar\u0105 rizik\u0105. Maisto sud\u0117tis praturtinta sveik\u0105 vir\u0161kinim\u0105 palaikan\u010diais prebiotikais ir nat\u016braliais ingredientais, skirtais palaikyti stiprius kaulus ir sveik\u0105 imunin\u0119 sistem\u0105.\",\"breadcrumb\":{\"@id\":\"https:\\\/\\\/anivet.lt\\\/elparduotuve\\\/produktas\\\/eukanuba-daily-care-monoprotein-sausas-maistas-sunims-su-antiena\\\/#breadcrumb\"},\"inLanguage\":\"lt-LT\",\"potentialAction\":[{\"@type\":\"ReadAction\",\"target\":[\"https:\\\/\\\/anivet.lt\\\/elparduotuve\\\/produktas\\\/eukanuba-daily-care-monoprotein-sausas-maistas-sunims-su-antiena\\\/\"]}]},{\"@type\":\"ImageObject\",\"inLanguage\":\"lt-LT\",\"@id\":\"https:\\\/\\\/anivet.lt\\\/elparduotuve\\\/produktas\\\/eukanuba-daily-care-monoprotein-sausas-maistas-sunims-su-antiena\\\/#primaryimage\",\"url\":\"https:\\\/\\\/anivet.lt\\\/elparduotuve\\\/wp-content\\\/uploads\\\/2024\\\/12\\\/daily.jpg\",\"contentUrl\":\"https:\\\/\\\/anivet.lt\\\/elparduotuve\\\/wp-content\\\/uploads\\\/2024\\\/12\\\/daily.jpg\",\"width\":400,\"height\":400,\"caption\":\"Eukanuba Daily Care Monoprotein sausas maistas \u0161unims su antiena\"},{\"@type\":\"BreadcrumbList\",\"@id\":\"https:\\\/\\\/anivet.lt\\\/elparduotuve\\\/produktas\\\/eukanuba-daily-care-monoprotein-sausas-maistas-sunims-su-antiena\\\/#breadcrumb\",\"itemListElement\":[{\"@type\":\"ListItem\",\"position\":1,\"name\":\"Home\",\"item\":\"https:\\\/\\\/anivet.lt\\\/elparduotuve\\\/\"},{\"@type\":\"ListItem\",\"position\":2,\"name\":\"Produktai\",\"item\":\"https:\\\/\\\/anivet.lt\\\/elparduotuve\\\/produktai\\\/\"},{\"@type\":\"ListItem\",\"position\":3,\"name\":\"Eukanuba Daily Care Monoprotein sausas maistas \u0161unims su antiena\"}]},{\"@type\":\"WebSite\",\"@id\":\"https:\\\/\\\/anivet.lt\\\/elparduotuve\\\/#website\",\"url\":\"https:\\\/\\\/anivet.lt\\\/elparduotuve\\\/\",\"name\":\"anivet.lt\",\"description\":\"Viskas J\u016bs\u0173 \u0161uns, kat\u0117s prie\u017ei\u016brai\",\"publisher\":{\"@id\":\"https:\\\/\\\/anivet.lt\\\/elparduotuve\\\/#organization\"},\"alternateName\":\"Viskas J\u016bs\u0173 \u0161uns, kat\u0117s prie\u017ei\u016brai\",\"potentialAction\":[{\"@type\":\"SearchAction\",\"target\":{\"@type\":\"EntryPoint\",\"urlTemplate\":\"https:\\\/\\\/anivet.lt\\\/elparduotuve\\\/?s={search_term_string}\"},\"query-input\":{\"@type\":\"PropertyValueSpecification\",\"valueRequired\":true,\"valueName\":\"search_term_string\"}}],\"inLanguage\":\"lt-LT\"},{\"@type\":\"Organization\",\"@id\":\"https:\\\/\\\/anivet.lt\\\/elparduotuve\\\/#organization\",\"name\":\"Viskas J\u016bs\u0173 \u0161uns, kat\u0117s prie\u017ei\u016brai\",\"url\":\"https:\\\/\\\/anivet.lt\\\/elparduotuve\\\/\",\"logo\":{\"@type\":\"ImageObject\",\"inLanguage\":\"lt-LT\",\"@id\":\"https:\\\/\\\/anivet.lt\\\/elparduotuve\\\/#\\\/schema\\\/logo\\\/image\\\/\",\"url\":\"https:\\\/\\\/anivet.lt\\\/elparduotuve\\\/wp-content\\\/uploads\\\/2023\\\/06\\\/logo2.jpg\",\"contentUrl\":\"https:\\\/\\\/anivet.lt\\\/elparduotuve\\\/wp-content\\\/uploads\\\/2023\\\/06\\\/logo2.jpg\",\"width\":655,\"height\":194,\"caption\":\"Viskas J\u016bs\u0173 \u0161uns, kat\u0117s prie\u017ei\u016brai\"},\"image\":{\"@id\":\"https:\\\/\\\/anivet.lt\\\/elparduotuve\\\/#\\\/schema\\\/logo\\\/image\\\/\"}}]}<\/script>\n<!-- \/ Yoast SEO Premium plugin. -->","yoast_head_json":{"title":"Eukanuba Daily Care Monoprotein sausas maistas \u0161unims su antiena - anivet.lt","description":"Sausas maistas suaugusiems \u0161unims su vienu gyv\u016bnin\u0117s kilm\u0117s baltymo \u0161altiniu \u2013 \u0161vie\u017eiai \u0161aldyta antiena \u2013 sukurtas siekiant suma\u017einti nepageidaujam\u0173 reakcij\u0173 \u012f pa\u0161ar\u0105 rizik\u0105. Maisto sud\u0117tis praturtinta sveik\u0105 vir\u0161kinim\u0105 palaikan\u010diais prebiotikais ir nat\u016braliais ingredientais, skirtais palaikyti stiprius kaulus ir sveik\u0105 imunin\u0119 sistem\u0105.","robots":{"index":"index","follow":"follow","max-snippet":"max-snippet:-1","max-image-preview":"max-image-preview:large","max-video-preview":"max-video-preview:-1"},"canonical":"https:\/\/anivet.lt\/elparduotuve\/produktas\/eukanuba-daily-care-monoprotein-sausas-maistas-sunims-su-antiena\/","og_locale":"lt_LT","og_type":"article","og_title":"Eukanuba Daily Care Monoprotein sausas maistas \u0161unims su antiena","og_description":"Sausas maistas suaugusiems \u0161unims su vienu gyv\u016bnin\u0117s kilm\u0117s baltymo \u0161altiniu \u2013 \u0161vie\u017eiai \u0161aldyta antiena \u2013 sukurtas siekiant suma\u017einti nepageidaujam\u0173 reakcij\u0173 \u012f pa\u0161ar\u0105 rizik\u0105. Maisto sud\u0117tis praturtinta sveik\u0105 vir\u0161kinim\u0105 palaikan\u010diais prebiotikais ir nat\u016braliais ingredientais, skirtais palaikyti stiprius kaulus ir sveik\u0105 imunin\u0119 sistem\u0105.","og_url":"https:\/\/anivet.lt\/elparduotuve\/produktas\/eukanuba-daily-care-monoprotein-sausas-maistas-sunims-su-antiena\/","og_site_name":"anivet.lt","article_modified_time":"2025-08-18T19:47:17+00:00","og_image":[{"width":400,"height":400,"url":"https:\/\/anivet.lt\/elparduotuve\/wp-content\/uploads\/2024\/12\/daily.jpg","type":"image\/jpeg"}],"twitter_card":"summary_large_image","twitter_misc":{"Est. reading time":"1 minut\u0117"},"schema":{"@context":"https:\/\/schema.org","@graph":[{"@type":"WebPage","@id":"https:\/\/anivet.lt\/elparduotuve\/produktas\/eukanuba-daily-care-monoprotein-sausas-maistas-sunims-su-antiena\/","url":"https:\/\/anivet.lt\/elparduotuve\/produktas\/eukanuba-daily-care-monoprotein-sausas-maistas-sunims-su-antiena\/","name":"Eukanuba Daily Care Monoprotein sausas maistas \u0161unims su antiena - anivet.lt","isPartOf":{"@id":"https:\/\/anivet.lt\/elparduotuve\/#website"},"primaryImageOfPage":{"@id":"https:\/\/anivet.lt\/elparduotuve\/produktas\/eukanuba-daily-care-monoprotein-sausas-maistas-sunims-su-antiena\/#primaryimage"},"image":{"@id":"https:\/\/anivet.lt\/elparduotuve\/produktas\/eukanuba-daily-care-monoprotein-sausas-maistas-sunims-su-antiena\/#primaryimage"},"thumbnailUrl":"https:\/\/anivet.lt\/elparduotuve\/wp-content\/uploads\/2024\/12\/daily.jpg","datePublished":"2024-12-19T07:29:49+00:00","dateModified":"2025-08-18T19:47:17+00:00","description":"Sausas maistas suaugusiems \u0161unims su vienu gyv\u016bnin\u0117s kilm\u0117s baltymo \u0161altiniu \u2013 \u0161vie\u017eiai \u0161aldyta antiena \u2013 sukurtas siekiant suma\u017einti nepageidaujam\u0173 reakcij\u0173 \u012f pa\u0161ar\u0105 rizik\u0105. Maisto sud\u0117tis praturtinta sveik\u0105 vir\u0161kinim\u0105 palaikan\u010diais prebiotikais ir nat\u016braliais ingredientais, skirtais palaikyti stiprius kaulus ir sveik\u0105 imunin\u0119 sistem\u0105.","breadcrumb":{"@id":"https:\/\/anivet.lt\/elparduotuve\/produktas\/eukanuba-daily-care-monoprotein-sausas-maistas-sunims-su-antiena\/#breadcrumb"},"inLanguage":"lt-LT","potentialAction":[{"@type":"ReadAction","target":["https:\/\/anivet.lt\/elparduotuve\/produktas\/eukanuba-daily-care-monoprotein-sausas-maistas-sunims-su-antiena\/"]}]},{"@type":"ImageObject","inLanguage":"lt-LT","@id":"https:\/\/anivet.lt\/elparduotuve\/produktas\/eukanuba-daily-care-monoprotein-sausas-maistas-sunims-su-antiena\/#primaryimage","url":"https:\/\/anivet.lt\/elparduotuve\/wp-content\/uploads\/2024\/12\/daily.jpg","contentUrl":"https:\/\/anivet.lt\/elparduotuve\/wp-content\/uploads\/2024\/12\/daily.jpg","width":400,"height":400,"caption":"Eukanuba Daily Care Monoprotein sausas maistas \u0161unims su antiena"},{"@type":"BreadcrumbList","@id":"https:\/\/anivet.lt\/elparduotuve\/produktas\/eukanuba-daily-care-monoprotein-sausas-maistas-sunims-su-antiena\/#breadcrumb","itemListElement":[{"@type":"ListItem","position":1,"name":"Home","item":"https:\/\/anivet.lt\/elparduotuve\/"},{"@type":"ListItem","position":2,"name":"Produktai","item":"https:\/\/anivet.lt\/elparduotuve\/produktai\/"},{"@type":"ListItem","position":3,"name":"Eukanuba Daily Care Monoprotein sausas maistas \u0161unims su antiena"}]},{"@type":"WebSite","@id":"https:\/\/anivet.lt\/elparduotuve\/#website","url":"https:\/\/anivet.lt\/elparduotuve\/","name":"anivet.lt","description":"Viskas J\u016bs\u0173 \u0161uns, kat\u0117s prie\u017ei\u016brai","publisher":{"@id":"https:\/\/anivet.lt\/elparduotuve\/#organization"},"alternateName":"Viskas J\u016bs\u0173 \u0161uns, kat\u0117s prie\u017ei\u016brai","potentialAction":[{"@type":"SearchAction","target":{"@type":"EntryPoint","urlTemplate":"https:\/\/anivet.lt\/elparduotuve\/?s={search_term_string}"},"query-input":{"@type":"PropertyValueSpecification","valueRequired":true,"valueName":"search_term_string"}}],"inLanguage":"lt-LT"},{"@type":"Organization","@id":"https:\/\/anivet.lt\/elparduotuve\/#organization","name":"Viskas J\u016bs\u0173 \u0161uns, kat\u0117s prie\u017ei\u016brai","url":"https:\/\/anivet.lt\/elparduotuve\/","logo":{"@type":"ImageObject","inLanguage":"lt-LT","@id":"https:\/\/anivet.lt\/elparduotuve\/#\/schema\/logo\/image\/","url":"https:\/\/anivet.lt\/elparduotuve\/wp-content\/uploads\/2023\/06\/logo2.jpg","contentUrl":"https:\/\/anivet.lt\/elparduotuve\/wp-content\/uploads\/2023\/06\/logo2.jpg","width":655,"height":194,"caption":"Viskas J\u016bs\u0173 \u0161uns, kat\u0117s prie\u017ei\u016brai"},"image":{"@id":"https:\/\/anivet.lt\/elparduotuve\/#\/schema\/logo\/image\/"}}]}},"_links":{"self":[{"href":"https:\/\/anivet.lt\/elparduotuve\/wp-json\/wp\/v2\/product\/15659","targetHints":{"allow":["GET"]}}],"collection":[{"href":"https:\/\/anivet.lt\/elparduotuve\/wp-json\/wp\/v2\/product"}],"about":[{"href":"https:\/\/anivet.lt\/elparduotuve\/wp-json\/wp\/v2\/types\/product"}],"wp:featuredmedia":[{"embeddable":true,"href":"https:\/\/anivet.lt\/elparduotuve\/wp-json\/wp\/v2\/media\/15662"}],"wp:attachment":[{"href":"https:\/\/anivet.lt\/elparduotuve\/wp-json\/wp\/v2\/media?parent=15659"}],"wp:term":[{"taxonomy":"product_brand","embeddable":true,"href":"https:\/\/anivet.lt\/elparduotuve\/wp-json\/wp\/v2\/product_brand?post=15659"},{"taxonomy":"product_cat","embeddable":true,"href":"https:\/\/anivet.lt\/elparduotuve\/wp-json\/wp\/v2\/product_cat?post=15659"},{"taxonomy":"product_tag","embeddable":true,"href":"https:\/\/anivet.lt\/elparduotuve\/wp-json\/wp\/v2\/product_tag?post=15659"}],"curies":[{"name":"wp","href":"https:\/\/api.w.org\/{rel}","templated":true}]}}