{"id":15668,"date":"2024-12-19T07:51:34","date_gmt":"2024-12-19T07:51:34","guid":{"rendered":"https:\/\/anivet.lt\/elparduotuve\/?post_type=product&#038;p=15668"},"modified":"2025-05-27T13:32:31","modified_gmt":"2025-05-27T13:32:31","slug":"eukanuba-daily-care-weight-control-sausas-maistas-dideliu-veisliu-sunims-su-vistiena-15kg","status":"publish","type":"product","link":"https:\/\/anivet.lt\/elparduotuve\/produktas\/eukanuba-daily-care-weight-control-sausas-maistas-dideliu-veisliu-sunims-su-vistiena-15kg\/","title":{"rendered":"Eukanuba Daily Care Weight Control sausas maistas dideli\u0173 veisli\u0173 \u0161unims su vi\u0161tiena 15kg"},"content":{"rendered":"<p><span style=\"font-weight: 400;\">Subalansuotas pasirinkimas \u0161unims, turintiems polink\u012f priaugti svorio. Sukurtas siekiant pad\u0117ti i\u0161laikyti optimal\u0173 k\u016bno svor\u012f, kartu palaikant sveikat\u0105 ir energij\u0105.<\/span><\/p>\n<ul>\n<li style=\"font-weight: 400;\" aria-level=\"1\"><span style=\"font-weight: 400;\">30% ma\u017eiau riebal\u0173: Suma\u017eintas riebal\u0173 kiekis padeda kontroliuoti svor\u012f.<\/span><\/li>\n<li style=\"font-weight: 400;\" aria-level=\"1\"><span style=\"font-weight: 400;\">L-karnitinas: Skatina nat\u016bral\u0173 riebal\u0173 deginim\u0105 ir palaiko tinkam\u0105 med\u017eiag\u0173 apykait\u0105.<\/span><\/li>\n<li style=\"font-weight: 400;\" aria-level=\"1\"><span style=\"font-weight: 400;\">Runkeli\u0173 mink\u0161timas: Gerina vir\u0161kinim\u0105 ir padeda efektyviai \u012fsisavinti maistines med\u017eiagas.<\/span><\/li>\n<li style=\"font-weight: 400;\" aria-level=\"1\"><span style=\"font-weight: 400;\">Gliukozaminas ir chondroitinas: U\u017etikrina s\u0105nari\u0173 sveikat\u0105, stiprina kremzles ir palaiko judrum\u0105.<\/span><\/li>\n<li style=\"font-weight: 400;\" aria-level=\"1\"><span style=\"font-weight: 400;\">Omega-6 ir Omega-3 riebal\u0173 r\u016bg\u0161tys: Palaiko sveik\u0105 od\u0105 ir kail\u012f, kartu ma\u017einant u\u017edegimus.<\/span><\/li>\n<\/ul>\n<p><span style=\"font-weight: 400;\">\u0160is pa\u0161aras ne tik padeda reguliuoti \u0161uns svor\u012f, bet ir suteikia visavert\u0119 mityb\u0105 su lengvai vir\u0161kinamomis med\u017eiagomis. Idealus pasirinkimas aktyviems dideli\u0173 veisli\u0173 \u0161unims, kuriems svarbu i\u0161laikyti ger\u0105 form\u0105 ir sveik\u0105 gyvenimo b\u016bd\u0105.<\/span><\/p>\n","protected":false},"excerpt":{"rendered":"<p>Subalansuotas pasirinkimas \u0161unims, turintiems polink\u012f priaugti svorio. Sukurtas siekiant pad\u0117ti i\u0161laikyti optimal\u0173 k\u016bno svor\u012f, kartu palaikant sveikat\u0105 ir energij\u0105. 30%<\/p>\n","protected":false},"featured_media":15669,"template":"","meta":[],"product_brand":[],"product_cat":[101,103,104,322],"product_tag":[],"class_list":{"0":"post-15668","1":"product","2":"type-product","3":"status-publish","4":"has-post-thumbnail","6":"product_cat-sunims","7":"product_cat-sunu-maistas","8":"product_cat-sausas-maistas","9":"product_cat-eukanuba-sunu-maistas","10":"pa_prekinis-zenklas-eukanuba","12":"first","13":"instock","14":"taxable","15":"shipping-taxable","16":"purchasable","17":"product-type-simple"},"yoast_head":"<!-- This site is optimized with the Yoast SEO Premium plugin v27.1 (Yoast SEO v27.5) - https:\/\/yoast.com\/product\/yoast-seo-premium-wordpress\/ -->\n<title>Eukanuba Daily Care Weight Control sausas maistas dideli\u0173 veisli\u0173 \u0161unims su vi\u0161tiena 15kg - anivet.lt<\/title>\n<meta name=\"description\" content=\"Subalansuotas pasirinkimas \u0161unims, turintiems polink\u012f priaugti svorio. Sukurtas siekiant pad\u0117ti i\u0161laikyti optimal\u0173 k\u016bno svor\u012f, kartu palaikant sveikat\u0105 ir\" \/>\n<meta name=\"robots\" content=\"index, follow, max-snippet:-1, max-image-preview:large, max-video-preview:-1\" \/>\n<link rel=\"canonical\" href=\"https:\/\/anivet.lt\/elparduotuve\/produktas\/eukanuba-daily-care-weight-control-sausas-maistas-dideliu-veisliu-sunims-su-vistiena-15kg\/\" \/>\n<meta property=\"og:locale\" content=\"lt_LT\" \/>\n<meta property=\"og:type\" content=\"article\" \/>\n<meta property=\"og:title\" content=\"Eukanuba Daily Care Weight Control sausas maistas dideli\u0173 veisli\u0173 \u0161unims su vi\u0161tiena 15kg\" \/>\n<meta property=\"og:description\" content=\"Subalansuotas pasirinkimas \u0161unims, turintiems polink\u012f priaugti svorio. Sukurtas siekiant pad\u0117ti i\u0161laikyti optimal\u0173 k\u016bno svor\u012f, kartu palaikant sveikat\u0105 ir\" \/>\n<meta property=\"og:url\" content=\"https:\/\/anivet.lt\/elparduotuve\/produktas\/eukanuba-daily-care-weight-control-sausas-maistas-dideliu-veisliu-sunims-su-vistiena-15kg\/\" \/>\n<meta property=\"og:site_name\" content=\"anivet.lt\" \/>\n<meta property=\"article:modified_time\" content=\"2025-05-27T13:32:31+00:00\" \/>\n<meta property=\"og:image\" content=\"https:\/\/anivet.lt\/elparduotuve\/wp-content\/uploads\/2024\/12\/weight.jpg\" \/>\n\t<meta property=\"og:image:width\" content=\"400\" \/>\n\t<meta property=\"og:image:height\" content=\"400\" \/>\n\t<meta property=\"og:image:type\" content=\"image\/jpeg\" \/>\n<meta name=\"twitter:card\" content=\"summary_large_image\" \/>\n<meta name=\"twitter:label1\" content=\"Est. reading time\" \/>\n\t<meta name=\"twitter:data1\" content=\"1 minut\u0117\" \/>\n<script type=\"application\/ld+json\" class=\"yoast-schema-graph\">{\"@context\":\"https:\\\/\\\/schema.org\",\"@graph\":[{\"@type\":\"WebPage\",\"@id\":\"https:\\\/\\\/anivet.lt\\\/elparduotuve\\\/produktas\\\/eukanuba-daily-care-weight-control-sausas-maistas-dideliu-veisliu-sunims-su-vistiena-15kg\\\/\",\"url\":\"https:\\\/\\\/anivet.lt\\\/elparduotuve\\\/produktas\\\/eukanuba-daily-care-weight-control-sausas-maistas-dideliu-veisliu-sunims-su-vistiena-15kg\\\/\",\"name\":\"Eukanuba Daily Care Weight Control sausas maistas dideli\u0173 veisli\u0173 \u0161unims su vi\u0161tiena 15kg - anivet.lt\",\"isPartOf\":{\"@id\":\"https:\\\/\\\/anivet.lt\\\/elparduotuve\\\/#website\"},\"primaryImageOfPage\":{\"@id\":\"https:\\\/\\\/anivet.lt\\\/elparduotuve\\\/produktas\\\/eukanuba-daily-care-weight-control-sausas-maistas-dideliu-veisliu-sunims-su-vistiena-15kg\\\/#primaryimage\"},\"image\":{\"@id\":\"https:\\\/\\\/anivet.lt\\\/elparduotuve\\\/produktas\\\/eukanuba-daily-care-weight-control-sausas-maistas-dideliu-veisliu-sunims-su-vistiena-15kg\\\/#primaryimage\"},\"thumbnailUrl\":\"https:\\\/\\\/anivet.lt\\\/elparduotuve\\\/wp-content\\\/uploads\\\/2024\\\/12\\\/weight.jpg\",\"datePublished\":\"2024-12-19T07:51:34+00:00\",\"dateModified\":\"2025-05-27T13:32:31+00:00\",\"description\":\"Subalansuotas pasirinkimas \u0161unims, turintiems polink\u012f priaugti svorio. Sukurtas siekiant pad\u0117ti i\u0161laikyti optimal\u0173 k\u016bno svor\u012f, kartu palaikant sveikat\u0105 ir\",\"breadcrumb\":{\"@id\":\"https:\\\/\\\/anivet.lt\\\/elparduotuve\\\/produktas\\\/eukanuba-daily-care-weight-control-sausas-maistas-dideliu-veisliu-sunims-su-vistiena-15kg\\\/#breadcrumb\"},\"inLanguage\":\"lt-LT\",\"potentialAction\":[{\"@type\":\"ReadAction\",\"target\":[\"https:\\\/\\\/anivet.lt\\\/elparduotuve\\\/produktas\\\/eukanuba-daily-care-weight-control-sausas-maistas-dideliu-veisliu-sunims-su-vistiena-15kg\\\/\"]}]},{\"@type\":\"ImageObject\",\"inLanguage\":\"lt-LT\",\"@id\":\"https:\\\/\\\/anivet.lt\\\/elparduotuve\\\/produktas\\\/eukanuba-daily-care-weight-control-sausas-maistas-dideliu-veisliu-sunims-su-vistiena-15kg\\\/#primaryimage\",\"url\":\"https:\\\/\\\/anivet.lt\\\/elparduotuve\\\/wp-content\\\/uploads\\\/2024\\\/12\\\/weight.jpg\",\"contentUrl\":\"https:\\\/\\\/anivet.lt\\\/elparduotuve\\\/wp-content\\\/uploads\\\/2024\\\/12\\\/weight.jpg\",\"width\":400,\"height\":400,\"caption\":\"Eukanuba Daily Care Weight Control sausas maistas dideli\u0173 veisli\u0173 \u0161unims su vi\u0161tiena 15kg\"},{\"@type\":\"BreadcrumbList\",\"@id\":\"https:\\\/\\\/anivet.lt\\\/elparduotuve\\\/produktas\\\/eukanuba-daily-care-weight-control-sausas-maistas-dideliu-veisliu-sunims-su-vistiena-15kg\\\/#breadcrumb\",\"itemListElement\":[{\"@type\":\"ListItem\",\"position\":1,\"name\":\"Home\",\"item\":\"https:\\\/\\\/anivet.lt\\\/elparduotuve\\\/\"},{\"@type\":\"ListItem\",\"position\":2,\"name\":\"Produktai\",\"item\":\"https:\\\/\\\/anivet.lt\\\/elparduotuve\\\/produktai\\\/\"},{\"@type\":\"ListItem\",\"position\":3,\"name\":\"Eukanuba Daily Care Weight Control sausas maistas dideli\u0173 veisli\u0173 \u0161unims su vi\u0161tiena 15kg\"}]},{\"@type\":\"WebSite\",\"@id\":\"https:\\\/\\\/anivet.lt\\\/elparduotuve\\\/#website\",\"url\":\"https:\\\/\\\/anivet.lt\\\/elparduotuve\\\/\",\"name\":\"anivet.lt\",\"description\":\"Viskas J\u016bs\u0173 \u0161uns, kat\u0117s prie\u017ei\u016brai\",\"publisher\":{\"@id\":\"https:\\\/\\\/anivet.lt\\\/elparduotuve\\\/#organization\"},\"alternateName\":\"Viskas J\u016bs\u0173 \u0161uns, kat\u0117s prie\u017ei\u016brai\",\"potentialAction\":[{\"@type\":\"SearchAction\",\"target\":{\"@type\":\"EntryPoint\",\"urlTemplate\":\"https:\\\/\\\/anivet.lt\\\/elparduotuve\\\/?s={search_term_string}\"},\"query-input\":{\"@type\":\"PropertyValueSpecification\",\"valueRequired\":true,\"valueName\":\"search_term_string\"}}],\"inLanguage\":\"lt-LT\"},{\"@type\":\"Organization\",\"@id\":\"https:\\\/\\\/anivet.lt\\\/elparduotuve\\\/#organization\",\"name\":\"Viskas J\u016bs\u0173 \u0161uns, kat\u0117s prie\u017ei\u016brai\",\"url\":\"https:\\\/\\\/anivet.lt\\\/elparduotuve\\\/\",\"logo\":{\"@type\":\"ImageObject\",\"inLanguage\":\"lt-LT\",\"@id\":\"https:\\\/\\\/anivet.lt\\\/elparduotuve\\\/#\\\/schema\\\/logo\\\/image\\\/\",\"url\":\"https:\\\/\\\/anivet.lt\\\/elparduotuve\\\/wp-content\\\/uploads\\\/2023\\\/06\\\/logo2.jpg\",\"contentUrl\":\"https:\\\/\\\/anivet.lt\\\/elparduotuve\\\/wp-content\\\/uploads\\\/2023\\\/06\\\/logo2.jpg\",\"width\":655,\"height\":194,\"caption\":\"Viskas J\u016bs\u0173 \u0161uns, kat\u0117s prie\u017ei\u016brai\"},\"image\":{\"@id\":\"https:\\\/\\\/anivet.lt\\\/elparduotuve\\\/#\\\/schema\\\/logo\\\/image\\\/\"}}]}<\/script>\n<!-- \/ Yoast SEO Premium plugin. -->","yoast_head_json":{"title":"Eukanuba Daily Care Weight Control sausas maistas dideli\u0173 veisli\u0173 \u0161unims su vi\u0161tiena 15kg - anivet.lt","description":"Subalansuotas pasirinkimas \u0161unims, turintiems polink\u012f priaugti svorio. Sukurtas siekiant pad\u0117ti i\u0161laikyti optimal\u0173 k\u016bno svor\u012f, kartu palaikant sveikat\u0105 ir","robots":{"index":"index","follow":"follow","max-snippet":"max-snippet:-1","max-image-preview":"max-image-preview:large","max-video-preview":"max-video-preview:-1"},"canonical":"https:\/\/anivet.lt\/elparduotuve\/produktas\/eukanuba-daily-care-weight-control-sausas-maistas-dideliu-veisliu-sunims-su-vistiena-15kg\/","og_locale":"lt_LT","og_type":"article","og_title":"Eukanuba Daily Care Weight Control sausas maistas dideli\u0173 veisli\u0173 \u0161unims su vi\u0161tiena 15kg","og_description":"Subalansuotas pasirinkimas \u0161unims, turintiems polink\u012f priaugti svorio. Sukurtas siekiant pad\u0117ti i\u0161laikyti optimal\u0173 k\u016bno svor\u012f, kartu palaikant sveikat\u0105 ir","og_url":"https:\/\/anivet.lt\/elparduotuve\/produktas\/eukanuba-daily-care-weight-control-sausas-maistas-dideliu-veisliu-sunims-su-vistiena-15kg\/","og_site_name":"anivet.lt","article_modified_time":"2025-05-27T13:32:31+00:00","og_image":[{"width":400,"height":400,"url":"https:\/\/anivet.lt\/elparduotuve\/wp-content\/uploads\/2024\/12\/weight.jpg","type":"image\/jpeg"}],"twitter_card":"summary_large_image","twitter_misc":{"Est. reading time":"1 minut\u0117"},"schema":{"@context":"https:\/\/schema.org","@graph":[{"@type":"WebPage","@id":"https:\/\/anivet.lt\/elparduotuve\/produktas\/eukanuba-daily-care-weight-control-sausas-maistas-dideliu-veisliu-sunims-su-vistiena-15kg\/","url":"https:\/\/anivet.lt\/elparduotuve\/produktas\/eukanuba-daily-care-weight-control-sausas-maistas-dideliu-veisliu-sunims-su-vistiena-15kg\/","name":"Eukanuba Daily Care Weight Control sausas maistas dideli\u0173 veisli\u0173 \u0161unims su vi\u0161tiena 15kg - anivet.lt","isPartOf":{"@id":"https:\/\/anivet.lt\/elparduotuve\/#website"},"primaryImageOfPage":{"@id":"https:\/\/anivet.lt\/elparduotuve\/produktas\/eukanuba-daily-care-weight-control-sausas-maistas-dideliu-veisliu-sunims-su-vistiena-15kg\/#primaryimage"},"image":{"@id":"https:\/\/anivet.lt\/elparduotuve\/produktas\/eukanuba-daily-care-weight-control-sausas-maistas-dideliu-veisliu-sunims-su-vistiena-15kg\/#primaryimage"},"thumbnailUrl":"https:\/\/anivet.lt\/elparduotuve\/wp-content\/uploads\/2024\/12\/weight.jpg","datePublished":"2024-12-19T07:51:34+00:00","dateModified":"2025-05-27T13:32:31+00:00","description":"Subalansuotas pasirinkimas \u0161unims, turintiems polink\u012f priaugti svorio. Sukurtas siekiant pad\u0117ti i\u0161laikyti optimal\u0173 k\u016bno svor\u012f, kartu palaikant sveikat\u0105 ir","breadcrumb":{"@id":"https:\/\/anivet.lt\/elparduotuve\/produktas\/eukanuba-daily-care-weight-control-sausas-maistas-dideliu-veisliu-sunims-su-vistiena-15kg\/#breadcrumb"},"inLanguage":"lt-LT","potentialAction":[{"@type":"ReadAction","target":["https:\/\/anivet.lt\/elparduotuve\/produktas\/eukanuba-daily-care-weight-control-sausas-maistas-dideliu-veisliu-sunims-su-vistiena-15kg\/"]}]},{"@type":"ImageObject","inLanguage":"lt-LT","@id":"https:\/\/anivet.lt\/elparduotuve\/produktas\/eukanuba-daily-care-weight-control-sausas-maistas-dideliu-veisliu-sunims-su-vistiena-15kg\/#primaryimage","url":"https:\/\/anivet.lt\/elparduotuve\/wp-content\/uploads\/2024\/12\/weight.jpg","contentUrl":"https:\/\/anivet.lt\/elparduotuve\/wp-content\/uploads\/2024\/12\/weight.jpg","width":400,"height":400,"caption":"Eukanuba Daily Care Weight Control sausas maistas dideli\u0173 veisli\u0173 \u0161unims su vi\u0161tiena 15kg"},{"@type":"BreadcrumbList","@id":"https:\/\/anivet.lt\/elparduotuve\/produktas\/eukanuba-daily-care-weight-control-sausas-maistas-dideliu-veisliu-sunims-su-vistiena-15kg\/#breadcrumb","itemListElement":[{"@type":"ListItem","position":1,"name":"Home","item":"https:\/\/anivet.lt\/elparduotuve\/"},{"@type":"ListItem","position":2,"name":"Produktai","item":"https:\/\/anivet.lt\/elparduotuve\/produktai\/"},{"@type":"ListItem","position":3,"name":"Eukanuba Daily Care Weight Control sausas maistas dideli\u0173 veisli\u0173 \u0161unims su vi\u0161tiena 15kg"}]},{"@type":"WebSite","@id":"https:\/\/anivet.lt\/elparduotuve\/#website","url":"https:\/\/anivet.lt\/elparduotuve\/","name":"anivet.lt","description":"Viskas J\u016bs\u0173 \u0161uns, kat\u0117s prie\u017ei\u016brai","publisher":{"@id":"https:\/\/anivet.lt\/elparduotuve\/#organization"},"alternateName":"Viskas J\u016bs\u0173 \u0161uns, kat\u0117s prie\u017ei\u016brai","potentialAction":[{"@type":"SearchAction","target":{"@type":"EntryPoint","urlTemplate":"https:\/\/anivet.lt\/elparduotuve\/?s={search_term_string}"},"query-input":{"@type":"PropertyValueSpecification","valueRequired":true,"valueName":"search_term_string"}}],"inLanguage":"lt-LT"},{"@type":"Organization","@id":"https:\/\/anivet.lt\/elparduotuve\/#organization","name":"Viskas J\u016bs\u0173 \u0161uns, kat\u0117s prie\u017ei\u016brai","url":"https:\/\/anivet.lt\/elparduotuve\/","logo":{"@type":"ImageObject","inLanguage":"lt-LT","@id":"https:\/\/anivet.lt\/elparduotuve\/#\/schema\/logo\/image\/","url":"https:\/\/anivet.lt\/elparduotuve\/wp-content\/uploads\/2023\/06\/logo2.jpg","contentUrl":"https:\/\/anivet.lt\/elparduotuve\/wp-content\/uploads\/2023\/06\/logo2.jpg","width":655,"height":194,"caption":"Viskas J\u016bs\u0173 \u0161uns, kat\u0117s prie\u017ei\u016brai"},"image":{"@id":"https:\/\/anivet.lt\/elparduotuve\/#\/schema\/logo\/image\/"}}]}},"_links":{"self":[{"href":"https:\/\/anivet.lt\/elparduotuve\/wp-json\/wp\/v2\/product\/15668","targetHints":{"allow":["GET"]}}],"collection":[{"href":"https:\/\/anivet.lt\/elparduotuve\/wp-json\/wp\/v2\/product"}],"about":[{"href":"https:\/\/anivet.lt\/elparduotuve\/wp-json\/wp\/v2\/types\/product"}],"wp:featuredmedia":[{"embeddable":true,"href":"https:\/\/anivet.lt\/elparduotuve\/wp-json\/wp\/v2\/media\/15669"}],"wp:attachment":[{"href":"https:\/\/anivet.lt\/elparduotuve\/wp-json\/wp\/v2\/media?parent=15668"}],"wp:term":[{"taxonomy":"product_brand","embeddable":true,"href":"https:\/\/anivet.lt\/elparduotuve\/wp-json\/wp\/v2\/product_brand?post=15668"},{"taxonomy":"product_cat","embeddable":true,"href":"https:\/\/anivet.lt\/elparduotuve\/wp-json\/wp\/v2\/product_cat?post=15668"},{"taxonomy":"product_tag","embeddable":true,"href":"https:\/\/anivet.lt\/elparduotuve\/wp-json\/wp\/v2\/product_tag?post=15668"}],"curies":[{"name":"wp","href":"https:\/\/api.w.org\/{rel}","templated":true}]}}